{"id":370883,"date":"2025-05-22T01:47:42","date_gmt":"2025-05-21T23:47:42","guid":{"rendered":"https:\/\/shopatoa.com\/ro\/goldwell-solutie-pentru-stabilizarea-vopselei-de-par-elumen-color-sealing-250-ml-2\/"},"modified":"2025-12-10T03:44:14","modified_gmt":"2025-12-10T02:44:14","slug":"goldwell-solutie-pentru-stabilizarea-vopselei-de-par-elumen-color-sealing-250-ml-2","status":"publish","type":"product","link":"https:\/\/shopatoa.com\/ro\/goldwell-solutie-pentru-stabilizarea-vopselei-de-par-elumen-color-sealing-250-ml-2\/","title":{"rendered":"Goldwell Solu\u021bie pentru stabilizarea vopselei de p\u0103r Elumen (Color Sealing) 250 ml"},"content":{"rendered":"<p>Solu\u021bie pentru stabilizarea vopselei pentru p\u0103r Elumen este special conceput\u0103 pentru p\u0103rul vopsit cu Goldwell Elumen. Ajut\u0103 la fixarea pigmen\u021bilor de culoare \u00een interiorul fibrei capilare, prevenind sp\u0103larea \u0219i decolorarea rapid\u0103 a culorii. Rezultatul este o nuan\u021b\u0103 de lung\u0103 durat\u0103, radiant\u0103 \u0219i intens\u0103.<\/p>\n","protected":false},"excerpt":{"rendered":"<p>Solu\u021bie pentru stabilizarea vopselei pentru p\u0103r Elumen este special conceput\u0103 pentru p\u0103rul vopsit cu Goldwell Elumen. Ajut\u0103 la fixarea pigmen\u021bilor de culoare \u00een interiorul fibrei capilare, prevenind sp\u0103larea \u0219i decolorarea rapid\u0103 a culorii. Rezultatul este o nuan\u021b\u0103 de lung\u0103 durat\u0103, radiant\u0103 \u0219i intens\u0103.<\/p>\n","protected":false},"featured_media":370884,"comment_status":"closed","ping_status":"open","template":"","meta":{"_acf_changed":false,"_kadence_starter_templates_imported_post":false,"_kad_post_transparent":"","_kad_post_title":"","_kad_post_layout":"","_kad_post_sidebar_id":"","_kad_post_content_style":"","_kad_post_vertical_padding":"","_kad_post_feature":"","_kad_post_feature_position":"","_kad_post_header":false,"_kad_post_footer":false,"_kad_post_classname":""},"product_brand":[359],"product_cat":[694,246,623,695],"product_tag":[],"class_list":{"0":"post-370883","1":"product","2":"type-product","3":"status-publish","4":"has-post-thumbnail","6":"product_brand-goldwell","7":"product_cat-cosmetica-pentru-colorarea-parului","8":"product_cat-cosmetice","9":"product_cat-produse-cosmetice-pentru-par","10":"product_cat-vopsire-decolorare-profesionala-a-parului","12":"first","13":"instock","14":"product-type-external","15":"entry","16":"content-bg","17":"loop-entry"},"acf":[],"yoast_head":"<!-- This site is optimized with the Yoast SEO plugin v27.4 - https:\/\/yoast.com\/product\/yoast-seo-wordpress\/ -->\n<title>Goldwell Solu\u021bie pentru stabilizarea vopselei de p\u0103r Elumen (Color Sealing) 250 ml - SHOPATOA.COM<\/title>\n<meta name=\"robots\" content=\"index, follow, max-snippet:-1, max-image-preview:large, max-video-preview:-1\" \/>\n<link rel=\"canonical\" href=\"https:\/\/shopatoa.com\/ro\/goldwell-solutie-pentru-stabilizarea-vopselei-de-par-elumen-color-sealing-250-ml-2\/\" \/>\n<meta property=\"og:locale\" content=\"ro_RO\" \/>\n<meta property=\"og:type\" content=\"article\" \/>\n<meta property=\"og:title\" content=\"Goldwell Solu\u021bie pentru stabilizarea vopselei de p\u0103r Elumen (Color Sealing) 250 ml - SHOPATOA.COM\" \/>\n<meta property=\"og:description\" content=\"Solu\u021bie pentru stabilizarea vopselei pentru p\u0103r Elumen este special conceput\u0103 pentru p\u0103rul vopsit cu Goldwell Elumen. Ajut\u0103 la fixarea pigmen\u021bilor de culoare \u00een interiorul fibrei capilare, prevenind sp\u0103larea \u0219i decolorarea rapid\u0103 a culorii. Rezultatul este o nuan\u021b\u0103 de lung\u0103 durat\u0103, radiant\u0103 \u0219i intens\u0103.\" \/>\n<meta property=\"og:url\" content=\"https:\/\/shopatoa.com\/ro\/goldwell-solutie-pentru-stabilizarea-vopselei-de-par-elumen-color-sealing-250-ml-2\/\" \/>\n<meta property=\"og:site_name\" content=\"SHOPATOA\" \/>\n<meta property=\"article:modified_time\" content=\"2025-12-10T02:44:14+00:00\" \/>\n<meta property=\"og:image\" content=\"https:\/\/storage.googleapis.com\/cz-shopatoa-img\/ro\/c2b50b51-unnamed-file.webp\" \/>\n\t<meta property=\"og:image:width\" content=\"800\" \/>\n\t<meta property=\"og:image:height\" content=\"800\" \/>\n\t<meta property=\"og:image:type\" content=\"image\/webp\" \/>\n<meta name=\"twitter:card\" content=\"summary_large_image\" \/>\n<script type=\"application\/ld+json\" class=\"yoast-schema-graph\">{\"@context\":\"https:\\\/\\\/schema.org\",\"@graph\":[{\"@type\":\"WebPage\",\"@id\":\"https:\\\/\\\/shopatoa.com\\\/ro\\\/goldwell-solutie-pentru-stabilizarea-vopselei-de-par-elumen-color-sealing-250-ml-2\\\/\",\"url\":\"https:\\\/\\\/shopatoa.com\\\/ro\\\/goldwell-solutie-pentru-stabilizarea-vopselei-de-par-elumen-color-sealing-250-ml-2\\\/\",\"name\":\"Goldwell Solu\u021bie pentru stabilizarea vopselei de p\u0103r Elumen (Color Sealing) 250 ml - SHOPATOA.COM\",\"isPartOf\":{\"@id\":\"https:\\\/\\\/shopatoa.com\\\/ro\\\/#website\"},\"primaryImageOfPage\":{\"@id\":\"https:\\\/\\\/shopatoa.com\\\/ro\\\/goldwell-solutie-pentru-stabilizarea-vopselei-de-par-elumen-color-sealing-250-ml-2\\\/#primaryimage\"},\"image\":{\"@id\":\"https:\\\/\\\/shopatoa.com\\\/ro\\\/goldwell-solutie-pentru-stabilizarea-vopselei-de-par-elumen-color-sealing-250-ml-2\\\/#primaryimage\"},\"thumbnailUrl\":\"https:\\\/\\\/storage.googleapis.com\\\/cz-shopatoa-img\\\/ro\\\/c2b50b51-unnamed-file.webp\",\"datePublished\":\"2025-05-21T23:47:42+00:00\",\"dateModified\":\"2025-12-10T02:44:14+00:00\",\"breadcrumb\":{\"@id\":\"https:\\\/\\\/shopatoa.com\\\/ro\\\/goldwell-solutie-pentru-stabilizarea-vopselei-de-par-elumen-color-sealing-250-ml-2\\\/#breadcrumb\"},\"inLanguage\":\"ro-RO\",\"potentialAction\":[{\"@type\":\"ReadAction\",\"target\":[\"https:\\\/\\\/shopatoa.com\\\/ro\\\/goldwell-solutie-pentru-stabilizarea-vopselei-de-par-elumen-color-sealing-250-ml-2\\\/\"]}]},{\"@type\":\"ImageObject\",\"inLanguage\":\"ro-RO\",\"@id\":\"https:\\\/\\\/shopatoa.com\\\/ro\\\/goldwell-solutie-pentru-stabilizarea-vopselei-de-par-elumen-color-sealing-250-ml-2\\\/#primaryimage\",\"url\":\"https:\\\/\\\/storage.googleapis.com\\\/cz-shopatoa-img\\\/ro\\\/c2b50b51-unnamed-file.webp\",\"contentUrl\":\"https:\\\/\\\/storage.googleapis.com\\\/cz-shopatoa-img\\\/ro\\\/c2b50b51-unnamed-file.webp\",\"width\":800,\"height\":800},{\"@type\":\"BreadcrumbList\",\"@id\":\"https:\\\/\\\/shopatoa.com\\\/ro\\\/goldwell-solutie-pentru-stabilizarea-vopselei-de-par-elumen-color-sealing-250-ml-2\\\/#breadcrumb\",\"itemListElement\":[{\"@type\":\"ListItem\",\"position\":1,\"name\":\"Dom\u016f\",\"item\":\"https:\\\/\\\/shopatoa.com\\\/ro\\\/\"},{\"@type\":\"ListItem\",\"position\":2,\"name\":\"Shop\",\"item\":\"https:\\\/\\\/shopatoa.com\\\/ro\\\/shop\\\/\"},{\"@type\":\"ListItem\",\"position\":3,\"name\":\"Cosmetice\",\"item\":\"https:\\\/\\\/shopatoa.com\\\/ro\\\/cosmetice\\\/\"},{\"@type\":\"ListItem\",\"position\":4,\"name\":\"Produse cosmetice pentru p\u0103r\",\"item\":\"https:\\\/\\\/shopatoa.com\\\/ro\\\/produse-cosmetice-pentru-par\\\/\"},{\"@type\":\"ListItem\",\"position\":5,\"name\":\"Cosmetica pentru colorarea parului\",\"item\":\"https:\\\/\\\/shopatoa.com\\\/ro\\\/cosmetica-pentru-colorarea-parului\\\/\"},{\"@type\":\"ListItem\",\"position\":6,\"name\":\"Vopsire\\\/decolorare profesional\u0103 a p\u0103rului\",\"item\":\"https:\\\/\\\/shopatoa.com\\\/ro\\\/vopsire-decolorare-profesionala-a-parului\\\/\"},{\"@type\":\"ListItem\",\"position\":7,\"name\":\"Goldwell Solu\u021bie pentru stabilizarea vopselei de p\u0103r Elumen (Color Sealing) 250 ml\"}]},{\"@type\":\"WebSite\",\"@id\":\"https:\\\/\\\/shopatoa.com\\\/ro\\\/#website\",\"url\":\"https:\\\/\\\/shopatoa.com\\\/ro\\\/\",\"name\":\"SHOPATOA\",\"description\":\"\",\"publisher\":{\"@id\":\"https:\\\/\\\/shopatoa.com\\\/ro\\\/#organization\"},\"potentialAction\":[{\"@type\":\"SearchAction\",\"target\":{\"@type\":\"EntryPoint\",\"urlTemplate\":\"https:\\\/\\\/shopatoa.com\\\/ro\\\/?s={search_term_string}\"},\"query-input\":{\"@type\":\"PropertyValueSpecification\",\"valueRequired\":true,\"valueName\":\"search_term_string\"}}],\"inLanguage\":\"ro-RO\"},{\"@type\":\"Organization\",\"@id\":\"https:\\\/\\\/shopatoa.com\\\/ro\\\/#organization\",\"name\":\"SHOPATOA\",\"url\":\"https:\\\/\\\/shopatoa.com\\\/ro\\\/\",\"logo\":{\"@type\":\"ImageObject\",\"inLanguage\":\"ro-RO\",\"@id\":\"https:\\\/\\\/shopatoa.com\\\/ro\\\/#\\\/schema\\\/logo\\\/image\\\/\",\"url\":\"https:\\\/\\\/storage.googleapis.com\\\/cz-shopatoa-img\\\/ro\\\/b4dac915-shopatoa_logo.png\",\"contentUrl\":\"https:\\\/\\\/storage.googleapis.com\\\/cz-shopatoa-img\\\/ro\\\/b4dac915-shopatoa_logo.png\",\"width\":416,\"height\":63,\"caption\":\"SHOPATOA\"},\"image\":{\"@id\":\"https:\\\/\\\/shopatoa.com\\\/ro\\\/#\\\/schema\\\/logo\\\/image\\\/\"}}]}<\/script>\n<!-- \/ Yoast SEO plugin. -->","yoast_head_json":{"title":"Goldwell Solu\u021bie pentru stabilizarea vopselei de p\u0103r Elumen (Color Sealing) 250 ml - SHOPATOA.COM","robots":{"index":"index","follow":"follow","max-snippet":"max-snippet:-1","max-image-preview":"max-image-preview:large","max-video-preview":"max-video-preview:-1"},"canonical":"https:\/\/shopatoa.com\/ro\/goldwell-solutie-pentru-stabilizarea-vopselei-de-par-elumen-color-sealing-250-ml-2\/","og_locale":"ro_RO","og_type":"article","og_title":"Goldwell Solu\u021bie pentru stabilizarea vopselei de p\u0103r Elumen (Color Sealing) 250 ml - SHOPATOA.COM","og_description":"Solu\u021bie pentru stabilizarea vopselei pentru p\u0103r Elumen este special conceput\u0103 pentru p\u0103rul vopsit cu Goldwell Elumen. Ajut\u0103 la fixarea pigmen\u021bilor de culoare \u00een interiorul fibrei capilare, prevenind sp\u0103larea \u0219i decolorarea rapid\u0103 a culorii. Rezultatul este o nuan\u021b\u0103 de lung\u0103 durat\u0103, radiant\u0103 \u0219i intens\u0103.","og_url":"https:\/\/shopatoa.com\/ro\/goldwell-solutie-pentru-stabilizarea-vopselei-de-par-elumen-color-sealing-250-ml-2\/","og_site_name":"SHOPATOA","article_modified_time":"2025-12-10T02:44:14+00:00","og_image":[{"width":800,"height":800,"url":"https:\/\/storage.googleapis.com\/cz-shopatoa-img\/ro\/c2b50b51-unnamed-file.webp","type":"image\/webp"}],"twitter_card":"summary_large_image","schema":{"@context":"https:\/\/schema.org","@graph":[{"@type":"WebPage","@id":"https:\/\/shopatoa.com\/ro\/goldwell-solutie-pentru-stabilizarea-vopselei-de-par-elumen-color-sealing-250-ml-2\/","url":"https:\/\/shopatoa.com\/ro\/goldwell-solutie-pentru-stabilizarea-vopselei-de-par-elumen-color-sealing-250-ml-2\/","name":"Goldwell Solu\u021bie pentru stabilizarea vopselei de p\u0103r Elumen (Color Sealing) 250 ml - SHOPATOA.COM","isPartOf":{"@id":"https:\/\/shopatoa.com\/ro\/#website"},"primaryImageOfPage":{"@id":"https:\/\/shopatoa.com\/ro\/goldwell-solutie-pentru-stabilizarea-vopselei-de-par-elumen-color-sealing-250-ml-2\/#primaryimage"},"image":{"@id":"https:\/\/shopatoa.com\/ro\/goldwell-solutie-pentru-stabilizarea-vopselei-de-par-elumen-color-sealing-250-ml-2\/#primaryimage"},"thumbnailUrl":"https:\/\/storage.googleapis.com\/cz-shopatoa-img\/ro\/c2b50b51-unnamed-file.webp","datePublished":"2025-05-21T23:47:42+00:00","dateModified":"2025-12-10T02:44:14+00:00","breadcrumb":{"@id":"https:\/\/shopatoa.com\/ro\/goldwell-solutie-pentru-stabilizarea-vopselei-de-par-elumen-color-sealing-250-ml-2\/#breadcrumb"},"inLanguage":"ro-RO","potentialAction":[{"@type":"ReadAction","target":["https:\/\/shopatoa.com\/ro\/goldwell-solutie-pentru-stabilizarea-vopselei-de-par-elumen-color-sealing-250-ml-2\/"]}]},{"@type":"ImageObject","inLanguage":"ro-RO","@id":"https:\/\/shopatoa.com\/ro\/goldwell-solutie-pentru-stabilizarea-vopselei-de-par-elumen-color-sealing-250-ml-2\/#primaryimage","url":"https:\/\/storage.googleapis.com\/cz-shopatoa-img\/ro\/c2b50b51-unnamed-file.webp","contentUrl":"https:\/\/storage.googleapis.com\/cz-shopatoa-img\/ro\/c2b50b51-unnamed-file.webp","width":800,"height":800},{"@type":"BreadcrumbList","@id":"https:\/\/shopatoa.com\/ro\/goldwell-solutie-pentru-stabilizarea-vopselei-de-par-elumen-color-sealing-250-ml-2\/#breadcrumb","itemListElement":[{"@type":"ListItem","position":1,"name":"Dom\u016f","item":"https:\/\/shopatoa.com\/ro\/"},{"@type":"ListItem","position":2,"name":"Shop","item":"https:\/\/shopatoa.com\/ro\/shop\/"},{"@type":"ListItem","position":3,"name":"Cosmetice","item":"https:\/\/shopatoa.com\/ro\/cosmetice\/"},{"@type":"ListItem","position":4,"name":"Produse cosmetice pentru p\u0103r","item":"https:\/\/shopatoa.com\/ro\/produse-cosmetice-pentru-par\/"},{"@type":"ListItem","position":5,"name":"Cosmetica pentru colorarea parului","item":"https:\/\/shopatoa.com\/ro\/cosmetica-pentru-colorarea-parului\/"},{"@type":"ListItem","position":6,"name":"Vopsire\/decolorare profesional\u0103 a p\u0103rului","item":"https:\/\/shopatoa.com\/ro\/vopsire-decolorare-profesionala-a-parului\/"},{"@type":"ListItem","position":7,"name":"Goldwell Solu\u021bie pentru stabilizarea vopselei de p\u0103r Elumen (Color Sealing) 250 ml"}]},{"@type":"WebSite","@id":"https:\/\/shopatoa.com\/ro\/#website","url":"https:\/\/shopatoa.com\/ro\/","name":"SHOPATOA","description":"","publisher":{"@id":"https:\/\/shopatoa.com\/ro\/#organization"},"potentialAction":[{"@type":"SearchAction","target":{"@type":"EntryPoint","urlTemplate":"https:\/\/shopatoa.com\/ro\/?s={search_term_string}"},"query-input":{"@type":"PropertyValueSpecification","valueRequired":true,"valueName":"search_term_string"}}],"inLanguage":"ro-RO"},{"@type":"Organization","@id":"https:\/\/shopatoa.com\/ro\/#organization","name":"SHOPATOA","url":"https:\/\/shopatoa.com\/ro\/","logo":{"@type":"ImageObject","inLanguage":"ro-RO","@id":"https:\/\/shopatoa.com\/ro\/#\/schema\/logo\/image\/","url":"https:\/\/storage.googleapis.com\/cz-shopatoa-img\/ro\/b4dac915-shopatoa_logo.png","contentUrl":"https:\/\/storage.googleapis.com\/cz-shopatoa-img\/ro\/b4dac915-shopatoa_logo.png","width":416,"height":63,"caption":"SHOPATOA"},"image":{"@id":"https:\/\/shopatoa.com\/ro\/#\/schema\/logo\/image\/"}}]}},"_links":{"self":[{"href":"https:\/\/shopatoa.com\/ro\/wp-json\/wp\/v2\/product\/370883","targetHints":{"allow":["GET"]}}],"collection":[{"href":"https:\/\/shopatoa.com\/ro\/wp-json\/wp\/v2\/product"}],"about":[{"href":"https:\/\/shopatoa.com\/ro\/wp-json\/wp\/v2\/types\/product"}],"replies":[{"embeddable":true,"href":"https:\/\/shopatoa.com\/ro\/wp-json\/wp\/v2\/comments?post=370883"}],"wp:featuredmedia":[{"embeddable":true,"href":"https:\/\/shopatoa.com\/ro\/wp-json\/wp\/v2\/media\/370884"}],"wp:attachment":[{"href":"https:\/\/shopatoa.com\/ro\/wp-json\/wp\/v2\/media?parent=370883"}],"wp:term":[{"taxonomy":"product_brand","embeddable":true,"href":"https:\/\/shopatoa.com\/ro\/wp-json\/wp\/v2\/product_brand?post=370883"},{"taxonomy":"product_cat","embeddable":true,"href":"https:\/\/shopatoa.com\/ro\/wp-json\/wp\/v2\/product_cat?post=370883"},{"taxonomy":"product_tag","embeddable":true,"href":"https:\/\/shopatoa.com\/ro\/wp-json\/wp\/v2\/product_tag?post=370883"}],"curies":[{"name":"wp","href":"https:\/\/api.w.org\/{rel}","templated":true}]}}