{"id":371075,"date":"2025-05-22T01:55:29","date_gmt":"2025-05-21T23:55:29","guid":{"rendered":"https:\/\/shopatoa.com\/ro\/naipo-cantar-personal-de-diagnosticare-inteligent-np-bs02-2\/"},"modified":"2025-12-10T01:22:25","modified_gmt":"2025-12-10T00:22:25","slug":"naipo-cantar-personal-de-diagnosticare-inteligent-np-bs02-2","status":"publish","type":"product","link":"https:\/\/shopatoa.com\/ro\/naipo-cantar-personal-de-diagnosticare-inteligent-np-bs02-2\/","title":{"rendered":"NAIPO C\u00e2ntar personal de diagnosticare inteligent NP-BS02"},"content":{"rendered":"<p>C\u00e2ntar inteligent de diagnosticare NP-BS02 \u0219i aplica\u021bia AiLink Afi\u0219area \u0219i salvarea parametrilor \u00een aplica\u021bia AiLink \u00een limba ceh\u0103. Aplica\u021bia este disponibil\u0103 gratuit \u00een Apple Store \u0219i Google Play. Manualul anexat \u00een limba ceh\u0103 descrie cum s\u0103 asocia\u021bi c\u00e2ntarul diagnostic NP-BS02 cu aplica\u021bia AiLink \u0219i cum s\u0103 o utiliza\u021bi. Parametrii \u00eenregistra\u021bi: Greutate: Con\u021binutul de ap\u0103 din organism Con\u021binutul de mu\u0219chi Con\u021binutul de gr\u0103sime BMI BMR Gr\u0103sime corporal\u0103 % Gr\u0103sime intern\u0103 (visceral\u0103) Proteine Greutatea oaselor Greutatea mu\u0219chilor Greutatea gr\u0103simii M\u0103surarea gr\u0103simii subcutanate Greutatea ideal\u0103 Gradul de obezitate Recomand\u0103ri privind reducerea greut\u0103\u021bii Procent de proteine Mas\u0103 corporal\u0103 pur\u0103 f\u0103r\u0103 gr\u0103sime<\/p>\n","protected":false},"excerpt":{"rendered":"<p>C\u00e2ntar inteligent de diagnosticare NP-BS02 \u0219i aplica\u021bia AiLink Afi\u0219area \u0219i salvarea parametrilor \u00een aplica\u021bia AiLink \u00een limba ceh\u0103. Aplica\u021bia este disponibil\u0103 gratuit \u00een Apple Store \u0219i Google Play. Manualul anexat \u00een limba ceh\u0103 descrie cum s\u0103 asocia\u021bi c\u00e2ntarul diagnostic NP-BS02 cu aplica\u021bia AiLink \u0219i cum s\u0103 o utiliza\u021bi. Parametrii \u00eenregistra\u021bi: Greutate: Con\u021binutul de ap\u0103 din&#8230;<\/p>\n","protected":false},"featured_media":371077,"comment_status":"closed","ping_status":"open","template":"","meta":{"_acf_changed":false,"_kadence_starter_templates_imported_post":false,"_kad_post_transparent":"","_kad_post_title":"","_kad_post_layout":"","_kad_post_sidebar_id":"","_kad_post_content_style":"","_kad_post_vertical_padding":"","_kad_post_feature":"","_kad_post_feature_position":"","_kad_post_header":false,"_kad_post_footer":false,"_kad_post_classname":""},"product_brand":[1015],"product_cat":[733,758,353],"product_tag":[],"class_list":{"0":"post-371075","1":"product","2":"type-product","3":"status-publish","4":"has-post-thumbnail","6":"product_brand-naipo","7":"product_cat-aparate-si-ajutoare-de-sanatate","8":"product_cat-cantare-si-analizoare-de-grasime","9":"product_cat-sanatate","11":"first","12":"instock","13":"product-type-external","14":"entry","15":"content-bg","16":"loop-entry"},"acf":[],"yoast_head":"<!-- This site is optimized with the Yoast SEO plugin v27.4 - https:\/\/yoast.com\/product\/yoast-seo-wordpress\/ -->\n<title>NAIPO C\u00e2ntar personal de diagnosticare inteligent NP-BS02 - SHOPATOA.COM<\/title>\n<meta name=\"robots\" content=\"index, follow, max-snippet:-1, max-image-preview:large, max-video-preview:-1\" \/>\n<link rel=\"canonical\" href=\"https:\/\/shopatoa.com\/ro\/naipo-cantar-personal-de-diagnosticare-inteligent-np-bs02-2\/\" \/>\n<meta property=\"og:locale\" content=\"ro_RO\" \/>\n<meta property=\"og:type\" content=\"article\" \/>\n<meta property=\"og:title\" content=\"NAIPO C\u00e2ntar personal de diagnosticare inteligent NP-BS02 - SHOPATOA.COM\" \/>\n<meta property=\"og:description\" content=\"C\u00e2ntar inteligent de diagnosticare NP-BS02 \u0219i aplica\u021bia AiLink Afi\u0219area \u0219i salvarea parametrilor \u00een aplica\u021bia AiLink \u00een limba ceh\u0103. Aplica\u021bia este disponibil\u0103 gratuit \u00een Apple Store \u0219i Google Play. Manualul anexat \u00een limba ceh\u0103 descrie cum s\u0103 asocia\u021bi c\u00e2ntarul diagnostic NP-BS02 cu aplica\u021bia AiLink \u0219i cum s\u0103 o utiliza\u021bi. Parametrii \u00eenregistra\u021bi: Greutate: Con\u021binutul de ap\u0103 din...\" \/>\n<meta property=\"og:url\" content=\"https:\/\/shopatoa.com\/ro\/naipo-cantar-personal-de-diagnosticare-inteligent-np-bs02-2\/\" \/>\n<meta property=\"og:site_name\" content=\"SHOPATOA\" \/>\n<meta property=\"article:modified_time\" content=\"2025-12-10T00:22:25+00:00\" \/>\n<meta property=\"og:image\" content=\"https:\/\/storage.googleapis.com\/cz-shopatoa-img\/ro\/b2f1610c-unnamed-file.webp\" \/>\n\t<meta property=\"og:image:width\" content=\"800\" \/>\n\t<meta property=\"og:image:height\" content=\"800\" \/>\n\t<meta property=\"og:image:type\" content=\"image\/webp\" \/>\n<meta name=\"twitter:card\" content=\"summary_large_image\" \/>\n<meta name=\"twitter:label1\" content=\"Timp estimat pentru citire\" \/>\n\t<meta name=\"twitter:data1\" content=\"1 minut\" \/>\n<script type=\"application\/ld+json\" class=\"yoast-schema-graph\">{\"@context\":\"https:\\\/\\\/schema.org\",\"@graph\":[{\"@type\":\"WebPage\",\"@id\":\"https:\\\/\\\/shopatoa.com\\\/ro\\\/naipo-cantar-personal-de-diagnosticare-inteligent-np-bs02-2\\\/\",\"url\":\"https:\\\/\\\/shopatoa.com\\\/ro\\\/naipo-cantar-personal-de-diagnosticare-inteligent-np-bs02-2\\\/\",\"name\":\"NAIPO C\u00e2ntar personal de diagnosticare inteligent NP-BS02 - SHOPATOA.COM\",\"isPartOf\":{\"@id\":\"https:\\\/\\\/shopatoa.com\\\/ro\\\/#website\"},\"primaryImageOfPage\":{\"@id\":\"https:\\\/\\\/shopatoa.com\\\/ro\\\/naipo-cantar-personal-de-diagnosticare-inteligent-np-bs02-2\\\/#primaryimage\"},\"image\":{\"@id\":\"https:\\\/\\\/shopatoa.com\\\/ro\\\/naipo-cantar-personal-de-diagnosticare-inteligent-np-bs02-2\\\/#primaryimage\"},\"thumbnailUrl\":\"https:\\\/\\\/storage.googleapis.com\\\/cz-shopatoa-img\\\/ro\\\/b2f1610c-unnamed-file.webp\",\"datePublished\":\"2025-05-21T23:55:29+00:00\",\"dateModified\":\"2025-12-10T00:22:25+00:00\",\"breadcrumb\":{\"@id\":\"https:\\\/\\\/shopatoa.com\\\/ro\\\/naipo-cantar-personal-de-diagnosticare-inteligent-np-bs02-2\\\/#breadcrumb\"},\"inLanguage\":\"ro-RO\",\"potentialAction\":[{\"@type\":\"ReadAction\",\"target\":[\"https:\\\/\\\/shopatoa.com\\\/ro\\\/naipo-cantar-personal-de-diagnosticare-inteligent-np-bs02-2\\\/\"]}]},{\"@type\":\"ImageObject\",\"inLanguage\":\"ro-RO\",\"@id\":\"https:\\\/\\\/shopatoa.com\\\/ro\\\/naipo-cantar-personal-de-diagnosticare-inteligent-np-bs02-2\\\/#primaryimage\",\"url\":\"https:\\\/\\\/storage.googleapis.com\\\/cz-shopatoa-img\\\/ro\\\/b2f1610c-unnamed-file.webp\",\"contentUrl\":\"https:\\\/\\\/storage.googleapis.com\\\/cz-shopatoa-img\\\/ro\\\/b2f1610c-unnamed-file.webp\",\"width\":800,\"height\":800},{\"@type\":\"BreadcrumbList\",\"@id\":\"https:\\\/\\\/shopatoa.com\\\/ro\\\/naipo-cantar-personal-de-diagnosticare-inteligent-np-bs02-2\\\/#breadcrumb\",\"itemListElement\":[{\"@type\":\"ListItem\",\"position\":1,\"name\":\"Dom\u016f\",\"item\":\"https:\\\/\\\/shopatoa.com\\\/ro\\\/\"},{\"@type\":\"ListItem\",\"position\":2,\"name\":\"Shop\",\"item\":\"https:\\\/\\\/shopatoa.com\\\/ro\\\/shop\\\/\"},{\"@type\":\"ListItem\",\"position\":3,\"name\":\"S\u0103n\u0103tate\",\"item\":\"https:\\\/\\\/shopatoa.com\\\/ro\\\/sanatate\\\/\"},{\"@type\":\"ListItem\",\"position\":4,\"name\":\"Aparate \u0219i ajutoare de s\u0103n\u0103tate\",\"item\":\"https:\\\/\\\/shopatoa.com\\\/ro\\\/aparate-si-ajutoare-de-sanatate\\\/\"},{\"@type\":\"ListItem\",\"position\":5,\"name\":\"C\u00e2ntare \u0219i analizoare de gr\u0103sime\",\"item\":\"https:\\\/\\\/shopatoa.com\\\/ro\\\/cantare-si-analizoare-de-grasime\\\/\"},{\"@type\":\"ListItem\",\"position\":6,\"name\":\"NAIPO C\u00e2ntar personal de diagnosticare inteligent NP-BS02\"}]},{\"@type\":\"WebSite\",\"@id\":\"https:\\\/\\\/shopatoa.com\\\/ro\\\/#website\",\"url\":\"https:\\\/\\\/shopatoa.com\\\/ro\\\/\",\"name\":\"SHOPATOA\",\"description\":\"\",\"publisher\":{\"@id\":\"https:\\\/\\\/shopatoa.com\\\/ro\\\/#organization\"},\"potentialAction\":[{\"@type\":\"SearchAction\",\"target\":{\"@type\":\"EntryPoint\",\"urlTemplate\":\"https:\\\/\\\/shopatoa.com\\\/ro\\\/?s={search_term_string}\"},\"query-input\":{\"@type\":\"PropertyValueSpecification\",\"valueRequired\":true,\"valueName\":\"search_term_string\"}}],\"inLanguage\":\"ro-RO\"},{\"@type\":\"Organization\",\"@id\":\"https:\\\/\\\/shopatoa.com\\\/ro\\\/#organization\",\"name\":\"SHOPATOA\",\"url\":\"https:\\\/\\\/shopatoa.com\\\/ro\\\/\",\"logo\":{\"@type\":\"ImageObject\",\"inLanguage\":\"ro-RO\",\"@id\":\"https:\\\/\\\/shopatoa.com\\\/ro\\\/#\\\/schema\\\/logo\\\/image\\\/\",\"url\":\"https:\\\/\\\/storage.googleapis.com\\\/cz-shopatoa-img\\\/ro\\\/b4dac915-shopatoa_logo.png\",\"contentUrl\":\"https:\\\/\\\/storage.googleapis.com\\\/cz-shopatoa-img\\\/ro\\\/b4dac915-shopatoa_logo.png\",\"width\":416,\"height\":63,\"caption\":\"SHOPATOA\"},\"image\":{\"@id\":\"https:\\\/\\\/shopatoa.com\\\/ro\\\/#\\\/schema\\\/logo\\\/image\\\/\"}}]}<\/script>\n<!-- \/ Yoast SEO plugin. -->","yoast_head_json":{"title":"NAIPO C\u00e2ntar personal de diagnosticare inteligent NP-BS02 - SHOPATOA.COM","robots":{"index":"index","follow":"follow","max-snippet":"max-snippet:-1","max-image-preview":"max-image-preview:large","max-video-preview":"max-video-preview:-1"},"canonical":"https:\/\/shopatoa.com\/ro\/naipo-cantar-personal-de-diagnosticare-inteligent-np-bs02-2\/","og_locale":"ro_RO","og_type":"article","og_title":"NAIPO C\u00e2ntar personal de diagnosticare inteligent NP-BS02 - SHOPATOA.COM","og_description":"C\u00e2ntar inteligent de diagnosticare NP-BS02 \u0219i aplica\u021bia AiLink Afi\u0219area \u0219i salvarea parametrilor \u00een aplica\u021bia AiLink \u00een limba ceh\u0103. Aplica\u021bia este disponibil\u0103 gratuit \u00een Apple Store \u0219i Google Play. Manualul anexat \u00een limba ceh\u0103 descrie cum s\u0103 asocia\u021bi c\u00e2ntarul diagnostic NP-BS02 cu aplica\u021bia AiLink \u0219i cum s\u0103 o utiliza\u021bi. Parametrii \u00eenregistra\u021bi: Greutate: Con\u021binutul de ap\u0103 din...","og_url":"https:\/\/shopatoa.com\/ro\/naipo-cantar-personal-de-diagnosticare-inteligent-np-bs02-2\/","og_site_name":"SHOPATOA","article_modified_time":"2025-12-10T00:22:25+00:00","og_image":[{"width":800,"height":800,"url":"https:\/\/storage.googleapis.com\/cz-shopatoa-img\/ro\/b2f1610c-unnamed-file.webp","type":"image\/webp"}],"twitter_card":"summary_large_image","twitter_misc":{"Timp estimat pentru citire":"1 minut"},"schema":{"@context":"https:\/\/schema.org","@graph":[{"@type":"WebPage","@id":"https:\/\/shopatoa.com\/ro\/naipo-cantar-personal-de-diagnosticare-inteligent-np-bs02-2\/","url":"https:\/\/shopatoa.com\/ro\/naipo-cantar-personal-de-diagnosticare-inteligent-np-bs02-2\/","name":"NAIPO C\u00e2ntar personal de diagnosticare inteligent NP-BS02 - SHOPATOA.COM","isPartOf":{"@id":"https:\/\/shopatoa.com\/ro\/#website"},"primaryImageOfPage":{"@id":"https:\/\/shopatoa.com\/ro\/naipo-cantar-personal-de-diagnosticare-inteligent-np-bs02-2\/#primaryimage"},"image":{"@id":"https:\/\/shopatoa.com\/ro\/naipo-cantar-personal-de-diagnosticare-inteligent-np-bs02-2\/#primaryimage"},"thumbnailUrl":"https:\/\/storage.googleapis.com\/cz-shopatoa-img\/ro\/b2f1610c-unnamed-file.webp","datePublished":"2025-05-21T23:55:29+00:00","dateModified":"2025-12-10T00:22:25+00:00","breadcrumb":{"@id":"https:\/\/shopatoa.com\/ro\/naipo-cantar-personal-de-diagnosticare-inteligent-np-bs02-2\/#breadcrumb"},"inLanguage":"ro-RO","potentialAction":[{"@type":"ReadAction","target":["https:\/\/shopatoa.com\/ro\/naipo-cantar-personal-de-diagnosticare-inteligent-np-bs02-2\/"]}]},{"@type":"ImageObject","inLanguage":"ro-RO","@id":"https:\/\/shopatoa.com\/ro\/naipo-cantar-personal-de-diagnosticare-inteligent-np-bs02-2\/#primaryimage","url":"https:\/\/storage.googleapis.com\/cz-shopatoa-img\/ro\/b2f1610c-unnamed-file.webp","contentUrl":"https:\/\/storage.googleapis.com\/cz-shopatoa-img\/ro\/b2f1610c-unnamed-file.webp","width":800,"height":800},{"@type":"BreadcrumbList","@id":"https:\/\/shopatoa.com\/ro\/naipo-cantar-personal-de-diagnosticare-inteligent-np-bs02-2\/#breadcrumb","itemListElement":[{"@type":"ListItem","position":1,"name":"Dom\u016f","item":"https:\/\/shopatoa.com\/ro\/"},{"@type":"ListItem","position":2,"name":"Shop","item":"https:\/\/shopatoa.com\/ro\/shop\/"},{"@type":"ListItem","position":3,"name":"S\u0103n\u0103tate","item":"https:\/\/shopatoa.com\/ro\/sanatate\/"},{"@type":"ListItem","position":4,"name":"Aparate \u0219i ajutoare de s\u0103n\u0103tate","item":"https:\/\/shopatoa.com\/ro\/aparate-si-ajutoare-de-sanatate\/"},{"@type":"ListItem","position":5,"name":"C\u00e2ntare \u0219i analizoare de gr\u0103sime","item":"https:\/\/shopatoa.com\/ro\/cantare-si-analizoare-de-grasime\/"},{"@type":"ListItem","position":6,"name":"NAIPO C\u00e2ntar personal de diagnosticare inteligent NP-BS02"}]},{"@type":"WebSite","@id":"https:\/\/shopatoa.com\/ro\/#website","url":"https:\/\/shopatoa.com\/ro\/","name":"SHOPATOA","description":"","publisher":{"@id":"https:\/\/shopatoa.com\/ro\/#organization"},"potentialAction":[{"@type":"SearchAction","target":{"@type":"EntryPoint","urlTemplate":"https:\/\/shopatoa.com\/ro\/?s={search_term_string}"},"query-input":{"@type":"PropertyValueSpecification","valueRequired":true,"valueName":"search_term_string"}}],"inLanguage":"ro-RO"},{"@type":"Organization","@id":"https:\/\/shopatoa.com\/ro\/#organization","name":"SHOPATOA","url":"https:\/\/shopatoa.com\/ro\/","logo":{"@type":"ImageObject","inLanguage":"ro-RO","@id":"https:\/\/shopatoa.com\/ro\/#\/schema\/logo\/image\/","url":"https:\/\/storage.googleapis.com\/cz-shopatoa-img\/ro\/b4dac915-shopatoa_logo.png","contentUrl":"https:\/\/storage.googleapis.com\/cz-shopatoa-img\/ro\/b4dac915-shopatoa_logo.png","width":416,"height":63,"caption":"SHOPATOA"},"image":{"@id":"https:\/\/shopatoa.com\/ro\/#\/schema\/logo\/image\/"}}]}},"_links":{"self":[{"href":"https:\/\/shopatoa.com\/ro\/wp-json\/wp\/v2\/product\/371075","targetHints":{"allow":["GET"]}}],"collection":[{"href":"https:\/\/shopatoa.com\/ro\/wp-json\/wp\/v2\/product"}],"about":[{"href":"https:\/\/shopatoa.com\/ro\/wp-json\/wp\/v2\/types\/product"}],"replies":[{"embeddable":true,"href":"https:\/\/shopatoa.com\/ro\/wp-json\/wp\/v2\/comments?post=371075"}],"wp:featuredmedia":[{"embeddable":true,"href":"https:\/\/shopatoa.com\/ro\/wp-json\/wp\/v2\/media\/371077"}],"wp:attachment":[{"href":"https:\/\/shopatoa.com\/ro\/wp-json\/wp\/v2\/media?parent=371075"}],"wp:term":[{"taxonomy":"product_brand","embeddable":true,"href":"https:\/\/shopatoa.com\/ro\/wp-json\/wp\/v2\/product_brand?post=371075"},{"taxonomy":"product_cat","embeddable":true,"href":"https:\/\/shopatoa.com\/ro\/wp-json\/wp\/v2\/product_cat?post=371075"},{"taxonomy":"product_tag","embeddable":true,"href":"https:\/\/shopatoa.com\/ro\/wp-json\/wp\/v2\/product_tag?post=371075"}],"curies":[{"name":"wp","href":"https:\/\/api.w.org\/{rel}","templated":true}]}}