{"id":371459,"date":"2025-05-22T02:22:59","date_gmt":"2025-05-22T00:22:59","guid":{"rendered":"https:\/\/shopatoa.com\/ro\/simplehuman-oglinda-cu-control-tactil-al-intensitatii-luminii-duallight-alba-din-otel-inoxidabil-2\/"},"modified":"2025-12-09T13:14:32","modified_gmt":"2025-12-09T12:14:32","slug":"simplehuman-oglinda-cu-control-tactil-al-intensitatii-luminii-duallight-alba-din-otel-inoxidabil-2","status":"publish","type":"product","link":"https:\/\/shopatoa.com\/ro\/simplehuman-oglinda-cu-control-tactil-al-intensitatii-luminii-duallight-alba-din-otel-inoxidabil-2\/","title":{"rendered":"Simplehuman Oglind\u0103 cu control tactil al intensit\u0103\u021bii luminii DualLight alb\u0103, din o\u021bel inoxidabil"},"content":{"rendered":"<p>Oglind\u0103 cosmetic\u0103 Dual Light pentru machiaj \u0219i ajust\u0103ri cosmetice precise. Ofer\u0103 comutarea \u00eentre lumina de zi \u0219i cea de noapte, iar iluminarea LED Tru-lux simuleaz\u0103 cu acurate\u021be lumina zilei, astfel \u00eenc\u00e2t machiajul t\u0103u s\u0103 fie f\u0103r\u0103 nicio gre\u0219eal\u0103, indiferent de condi\u021biile de lumin\u0103 ambiental\u0103. Lumina se aprinde automat c\u00e2nd \u00ee\u021bi apropii fa\u021ba de ea.<\/p>\n","protected":false},"excerpt":{"rendered":"<p>Oglind\u0103 cosmetic\u0103 Dual Light pentru machiaj \u0219i ajust\u0103ri cosmetice precise. Ofer\u0103 comutarea \u00eentre lumina de zi \u0219i cea de noapte, iar iluminarea LED Tru-lux simuleaz\u0103 cu acurate\u021be lumina zilei, astfel \u00eenc\u00e2t machiajul t\u0103u s\u0103 fie f\u0103r\u0103 nicio gre\u0219eal\u0103, indiferent de condi\u021biile de lumin\u0103 ambiental\u0103. Lumina se aprinde automat c\u00e2nd \u00ee\u021bi apropii fa\u021ba de ea.<\/p>\n","protected":false},"featured_media":371460,"comment_status":"closed","ping_status":"open","template":"","meta":{"_acf_changed":false,"_kadence_starter_templates_imported_post":false,"_kad_post_transparent":"","_kad_post_title":"","_kad_post_layout":"","_kad_post_sidebar_id":"","_kad_post_content_style":"","_kad_post_vertical_padding":"","_kad_post_feature":"","_kad_post_feature_position":"","_kad_post_header":false,"_kad_post_footer":false,"_kad_post_classname":""},"product_brand":[1002],"product_cat":[737,736,773],"product_tag":[],"class_list":{"0":"post-371459","1":"product","2":"type-product","3":"status-publish","4":"has-post-thumbnail","6":"product_brand-simplehuman","7":"product_cat-accesorii-de-moda","8":"product_cat-moda","9":"product_cat-oglinzi","11":"first","12":"instock","13":"sale","14":"product-type-external","15":"entry","16":"content-bg","17":"loop-entry"},"acf":[],"yoast_head":"<!-- This site is optimized with the Yoast SEO plugin v27.4 - https:\/\/yoast.com\/product\/yoast-seo-wordpress\/ -->\n<title>Simplehuman Oglind\u0103 cu control tactil al intensit\u0103\u021bii luminii DualLight alb\u0103, din o\u021bel inoxidabil - SHOPATOA.COM<\/title>\n<meta name=\"robots\" content=\"index, follow, max-snippet:-1, max-image-preview:large, max-video-preview:-1\" \/>\n<link rel=\"canonical\" href=\"https:\/\/shopatoa.com\/ro\/simplehuman-oglinda-cu-control-tactil-al-intensitatii-luminii-duallight-alba-din-otel-inoxidabil-2\/\" \/>\n<meta property=\"og:locale\" content=\"ro_RO\" \/>\n<meta property=\"og:type\" content=\"article\" \/>\n<meta property=\"og:title\" content=\"Simplehuman Oglind\u0103 cu control tactil al intensit\u0103\u021bii luminii DualLight alb\u0103, din o\u021bel inoxidabil - SHOPATOA.COM\" \/>\n<meta property=\"og:description\" content=\"Oglind\u0103 cosmetic\u0103 Dual Light pentru machiaj \u0219i ajust\u0103ri cosmetice precise. Ofer\u0103 comutarea \u00eentre lumina de zi \u0219i cea de noapte, iar iluminarea LED Tru-lux simuleaz\u0103 cu acurate\u021be lumina zilei, astfel \u00eenc\u00e2t machiajul t\u0103u s\u0103 fie f\u0103r\u0103 nicio gre\u0219eal\u0103, indiferent de condi\u021biile de lumin\u0103 ambiental\u0103. Lumina se aprinde automat c\u00e2nd \u00ee\u021bi apropii fa\u021ba de ea.\" \/>\n<meta property=\"og:url\" content=\"https:\/\/shopatoa.com\/ro\/simplehuman-oglinda-cu-control-tactil-al-intensitatii-luminii-duallight-alba-din-otel-inoxidabil-2\/\" \/>\n<meta property=\"og:site_name\" content=\"SHOPATOA\" \/>\n<meta property=\"article:modified_time\" content=\"2025-12-09T12:14:32+00:00\" \/>\n<meta property=\"og:image\" content=\"https:\/\/storage.googleapis.com\/cz-shopatoa-img\/ro\/fafc965e-unnamed-file.webp\" \/>\n\t<meta property=\"og:image:width\" content=\"800\" \/>\n\t<meta property=\"og:image:height\" content=\"800\" \/>\n\t<meta property=\"og:image:type\" content=\"image\/webp\" \/>\n<meta name=\"twitter:card\" content=\"summary_large_image\" \/>\n<script type=\"application\/ld+json\" class=\"yoast-schema-graph\">{\"@context\":\"https:\\\/\\\/schema.org\",\"@graph\":[{\"@type\":\"WebPage\",\"@id\":\"https:\\\/\\\/shopatoa.com\\\/ro\\\/simplehuman-oglinda-cu-control-tactil-al-intensitatii-luminii-duallight-alba-din-otel-inoxidabil-2\\\/\",\"url\":\"https:\\\/\\\/shopatoa.com\\\/ro\\\/simplehuman-oglinda-cu-control-tactil-al-intensitatii-luminii-duallight-alba-din-otel-inoxidabil-2\\\/\",\"name\":\"Simplehuman Oglind\u0103 cu control tactil al intensit\u0103\u021bii luminii DualLight alb\u0103, din o\u021bel inoxidabil - SHOPATOA.COM\",\"isPartOf\":{\"@id\":\"https:\\\/\\\/shopatoa.com\\\/ro\\\/#website\"},\"primaryImageOfPage\":{\"@id\":\"https:\\\/\\\/shopatoa.com\\\/ro\\\/simplehuman-oglinda-cu-control-tactil-al-intensitatii-luminii-duallight-alba-din-otel-inoxidabil-2\\\/#primaryimage\"},\"image\":{\"@id\":\"https:\\\/\\\/shopatoa.com\\\/ro\\\/simplehuman-oglinda-cu-control-tactil-al-intensitatii-luminii-duallight-alba-din-otel-inoxidabil-2\\\/#primaryimage\"},\"thumbnailUrl\":\"https:\\\/\\\/storage.googleapis.com\\\/cz-shopatoa-img\\\/ro\\\/fafc965e-unnamed-file.webp\",\"datePublished\":\"2025-05-22T00:22:59+00:00\",\"dateModified\":\"2025-12-09T12:14:32+00:00\",\"breadcrumb\":{\"@id\":\"https:\\\/\\\/shopatoa.com\\\/ro\\\/simplehuman-oglinda-cu-control-tactil-al-intensitatii-luminii-duallight-alba-din-otel-inoxidabil-2\\\/#breadcrumb\"},\"inLanguage\":\"ro-RO\",\"potentialAction\":[{\"@type\":\"ReadAction\",\"target\":[\"https:\\\/\\\/shopatoa.com\\\/ro\\\/simplehuman-oglinda-cu-control-tactil-al-intensitatii-luminii-duallight-alba-din-otel-inoxidabil-2\\\/\"]}]},{\"@type\":\"ImageObject\",\"inLanguage\":\"ro-RO\",\"@id\":\"https:\\\/\\\/shopatoa.com\\\/ro\\\/simplehuman-oglinda-cu-control-tactil-al-intensitatii-luminii-duallight-alba-din-otel-inoxidabil-2\\\/#primaryimage\",\"url\":\"https:\\\/\\\/storage.googleapis.com\\\/cz-shopatoa-img\\\/ro\\\/fafc965e-unnamed-file.webp\",\"contentUrl\":\"https:\\\/\\\/storage.googleapis.com\\\/cz-shopatoa-img\\\/ro\\\/fafc965e-unnamed-file.webp\",\"width\":800,\"height\":800},{\"@type\":\"BreadcrumbList\",\"@id\":\"https:\\\/\\\/shopatoa.com\\\/ro\\\/simplehuman-oglinda-cu-control-tactil-al-intensitatii-luminii-duallight-alba-din-otel-inoxidabil-2\\\/#breadcrumb\",\"itemListElement\":[{\"@type\":\"ListItem\",\"position\":1,\"name\":\"Dom\u016f\",\"item\":\"https:\\\/\\\/shopatoa.com\\\/ro\\\/\"},{\"@type\":\"ListItem\",\"position\":2,\"name\":\"Shop\",\"item\":\"https:\\\/\\\/shopatoa.com\\\/ro\\\/shop\\\/\"},{\"@type\":\"ListItem\",\"position\":3,\"name\":\"Mod\u0103\",\"item\":\"https:\\\/\\\/shopatoa.com\\\/ro\\\/moda\\\/\"},{\"@type\":\"ListItem\",\"position\":4,\"name\":\"Accesorii de moda\",\"item\":\"https:\\\/\\\/shopatoa.com\\\/ro\\\/accesorii-de-moda\\\/\"},{\"@type\":\"ListItem\",\"position\":5,\"name\":\"Oglinzi\",\"item\":\"https:\\\/\\\/shopatoa.com\\\/ro\\\/oglinzi\\\/\"},{\"@type\":\"ListItem\",\"position\":6,\"name\":\"Simplehuman Oglind\u0103 cu control tactil al intensit\u0103\u021bii luminii DualLight alb\u0103, din o\u021bel inoxidabil\"}]},{\"@type\":\"WebSite\",\"@id\":\"https:\\\/\\\/shopatoa.com\\\/ro\\\/#website\",\"url\":\"https:\\\/\\\/shopatoa.com\\\/ro\\\/\",\"name\":\"SHOPATOA\",\"description\":\"\",\"publisher\":{\"@id\":\"https:\\\/\\\/shopatoa.com\\\/ro\\\/#organization\"},\"potentialAction\":[{\"@type\":\"SearchAction\",\"target\":{\"@type\":\"EntryPoint\",\"urlTemplate\":\"https:\\\/\\\/shopatoa.com\\\/ro\\\/?s={search_term_string}\"},\"query-input\":{\"@type\":\"PropertyValueSpecification\",\"valueRequired\":true,\"valueName\":\"search_term_string\"}}],\"inLanguage\":\"ro-RO\"},{\"@type\":\"Organization\",\"@id\":\"https:\\\/\\\/shopatoa.com\\\/ro\\\/#organization\",\"name\":\"SHOPATOA\",\"url\":\"https:\\\/\\\/shopatoa.com\\\/ro\\\/\",\"logo\":{\"@type\":\"ImageObject\",\"inLanguage\":\"ro-RO\",\"@id\":\"https:\\\/\\\/shopatoa.com\\\/ro\\\/#\\\/schema\\\/logo\\\/image\\\/\",\"url\":\"https:\\\/\\\/storage.googleapis.com\\\/cz-shopatoa-img\\\/ro\\\/b4dac915-shopatoa_logo.png\",\"contentUrl\":\"https:\\\/\\\/storage.googleapis.com\\\/cz-shopatoa-img\\\/ro\\\/b4dac915-shopatoa_logo.png\",\"width\":416,\"height\":63,\"caption\":\"SHOPATOA\"},\"image\":{\"@id\":\"https:\\\/\\\/shopatoa.com\\\/ro\\\/#\\\/schema\\\/logo\\\/image\\\/\"}}]}<\/script>\n<!-- \/ Yoast SEO plugin. -->","yoast_head_json":{"title":"Simplehuman Oglind\u0103 cu control tactil al intensit\u0103\u021bii luminii DualLight alb\u0103, din o\u021bel inoxidabil - SHOPATOA.COM","robots":{"index":"index","follow":"follow","max-snippet":"max-snippet:-1","max-image-preview":"max-image-preview:large","max-video-preview":"max-video-preview:-1"},"canonical":"https:\/\/shopatoa.com\/ro\/simplehuman-oglinda-cu-control-tactil-al-intensitatii-luminii-duallight-alba-din-otel-inoxidabil-2\/","og_locale":"ro_RO","og_type":"article","og_title":"Simplehuman Oglind\u0103 cu control tactil al intensit\u0103\u021bii luminii DualLight alb\u0103, din o\u021bel inoxidabil - SHOPATOA.COM","og_description":"Oglind\u0103 cosmetic\u0103 Dual Light pentru machiaj \u0219i ajust\u0103ri cosmetice precise. Ofer\u0103 comutarea \u00eentre lumina de zi \u0219i cea de noapte, iar iluminarea LED Tru-lux simuleaz\u0103 cu acurate\u021be lumina zilei, astfel \u00eenc\u00e2t machiajul t\u0103u s\u0103 fie f\u0103r\u0103 nicio gre\u0219eal\u0103, indiferent de condi\u021biile de lumin\u0103 ambiental\u0103. Lumina se aprinde automat c\u00e2nd \u00ee\u021bi apropii fa\u021ba de ea.","og_url":"https:\/\/shopatoa.com\/ro\/simplehuman-oglinda-cu-control-tactil-al-intensitatii-luminii-duallight-alba-din-otel-inoxidabil-2\/","og_site_name":"SHOPATOA","article_modified_time":"2025-12-09T12:14:32+00:00","og_image":[{"width":800,"height":800,"url":"https:\/\/storage.googleapis.com\/cz-shopatoa-img\/ro\/fafc965e-unnamed-file.webp","type":"image\/webp"}],"twitter_card":"summary_large_image","schema":{"@context":"https:\/\/schema.org","@graph":[{"@type":"WebPage","@id":"https:\/\/shopatoa.com\/ro\/simplehuman-oglinda-cu-control-tactil-al-intensitatii-luminii-duallight-alba-din-otel-inoxidabil-2\/","url":"https:\/\/shopatoa.com\/ro\/simplehuman-oglinda-cu-control-tactil-al-intensitatii-luminii-duallight-alba-din-otel-inoxidabil-2\/","name":"Simplehuman Oglind\u0103 cu control tactil al intensit\u0103\u021bii luminii DualLight alb\u0103, din o\u021bel inoxidabil - SHOPATOA.COM","isPartOf":{"@id":"https:\/\/shopatoa.com\/ro\/#website"},"primaryImageOfPage":{"@id":"https:\/\/shopatoa.com\/ro\/simplehuman-oglinda-cu-control-tactil-al-intensitatii-luminii-duallight-alba-din-otel-inoxidabil-2\/#primaryimage"},"image":{"@id":"https:\/\/shopatoa.com\/ro\/simplehuman-oglinda-cu-control-tactil-al-intensitatii-luminii-duallight-alba-din-otel-inoxidabil-2\/#primaryimage"},"thumbnailUrl":"https:\/\/storage.googleapis.com\/cz-shopatoa-img\/ro\/fafc965e-unnamed-file.webp","datePublished":"2025-05-22T00:22:59+00:00","dateModified":"2025-12-09T12:14:32+00:00","breadcrumb":{"@id":"https:\/\/shopatoa.com\/ro\/simplehuman-oglinda-cu-control-tactil-al-intensitatii-luminii-duallight-alba-din-otel-inoxidabil-2\/#breadcrumb"},"inLanguage":"ro-RO","potentialAction":[{"@type":"ReadAction","target":["https:\/\/shopatoa.com\/ro\/simplehuman-oglinda-cu-control-tactil-al-intensitatii-luminii-duallight-alba-din-otel-inoxidabil-2\/"]}]},{"@type":"ImageObject","inLanguage":"ro-RO","@id":"https:\/\/shopatoa.com\/ro\/simplehuman-oglinda-cu-control-tactil-al-intensitatii-luminii-duallight-alba-din-otel-inoxidabil-2\/#primaryimage","url":"https:\/\/storage.googleapis.com\/cz-shopatoa-img\/ro\/fafc965e-unnamed-file.webp","contentUrl":"https:\/\/storage.googleapis.com\/cz-shopatoa-img\/ro\/fafc965e-unnamed-file.webp","width":800,"height":800},{"@type":"BreadcrumbList","@id":"https:\/\/shopatoa.com\/ro\/simplehuman-oglinda-cu-control-tactil-al-intensitatii-luminii-duallight-alba-din-otel-inoxidabil-2\/#breadcrumb","itemListElement":[{"@type":"ListItem","position":1,"name":"Dom\u016f","item":"https:\/\/shopatoa.com\/ro\/"},{"@type":"ListItem","position":2,"name":"Shop","item":"https:\/\/shopatoa.com\/ro\/shop\/"},{"@type":"ListItem","position":3,"name":"Mod\u0103","item":"https:\/\/shopatoa.com\/ro\/moda\/"},{"@type":"ListItem","position":4,"name":"Accesorii de moda","item":"https:\/\/shopatoa.com\/ro\/accesorii-de-moda\/"},{"@type":"ListItem","position":5,"name":"Oglinzi","item":"https:\/\/shopatoa.com\/ro\/oglinzi\/"},{"@type":"ListItem","position":6,"name":"Simplehuman Oglind\u0103 cu control tactil al intensit\u0103\u021bii luminii DualLight alb\u0103, din o\u021bel inoxidabil"}]},{"@type":"WebSite","@id":"https:\/\/shopatoa.com\/ro\/#website","url":"https:\/\/shopatoa.com\/ro\/","name":"SHOPATOA","description":"","publisher":{"@id":"https:\/\/shopatoa.com\/ro\/#organization"},"potentialAction":[{"@type":"SearchAction","target":{"@type":"EntryPoint","urlTemplate":"https:\/\/shopatoa.com\/ro\/?s={search_term_string}"},"query-input":{"@type":"PropertyValueSpecification","valueRequired":true,"valueName":"search_term_string"}}],"inLanguage":"ro-RO"},{"@type":"Organization","@id":"https:\/\/shopatoa.com\/ro\/#organization","name":"SHOPATOA","url":"https:\/\/shopatoa.com\/ro\/","logo":{"@type":"ImageObject","inLanguage":"ro-RO","@id":"https:\/\/shopatoa.com\/ro\/#\/schema\/logo\/image\/","url":"https:\/\/storage.googleapis.com\/cz-shopatoa-img\/ro\/b4dac915-shopatoa_logo.png","contentUrl":"https:\/\/storage.googleapis.com\/cz-shopatoa-img\/ro\/b4dac915-shopatoa_logo.png","width":416,"height":63,"caption":"SHOPATOA"},"image":{"@id":"https:\/\/shopatoa.com\/ro\/#\/schema\/logo\/image\/"}}]}},"_links":{"self":[{"href":"https:\/\/shopatoa.com\/ro\/wp-json\/wp\/v2\/product\/371459","targetHints":{"allow":["GET"]}}],"collection":[{"href":"https:\/\/shopatoa.com\/ro\/wp-json\/wp\/v2\/product"}],"about":[{"href":"https:\/\/shopatoa.com\/ro\/wp-json\/wp\/v2\/types\/product"}],"replies":[{"embeddable":true,"href":"https:\/\/shopatoa.com\/ro\/wp-json\/wp\/v2\/comments?post=371459"}],"wp:featuredmedia":[{"embeddable":true,"href":"https:\/\/shopatoa.com\/ro\/wp-json\/wp\/v2\/media\/371460"}],"wp:attachment":[{"href":"https:\/\/shopatoa.com\/ro\/wp-json\/wp\/v2\/media?parent=371459"}],"wp:term":[{"taxonomy":"product_brand","embeddable":true,"href":"https:\/\/shopatoa.com\/ro\/wp-json\/wp\/v2\/product_brand?post=371459"},{"taxonomy":"product_cat","embeddable":true,"href":"https:\/\/shopatoa.com\/ro\/wp-json\/wp\/v2\/product_cat?post=371459"},{"taxonomy":"product_tag","embeddable":true,"href":"https:\/\/shopatoa.com\/ro\/wp-json\/wp\/v2\/product_tag?post=371459"}],"curies":[{"name":"wp","href":"https:\/\/api.w.org\/{rel}","templated":true}]}}