{"id":371727,"date":"2025-05-22T02:43:08","date_gmt":"2025-05-22T00:43:08","guid":{"rendered":"https:\/\/shopatoa.com\/ro\/naif-spray-pentru-hranirea-si-pieptanarea-usoara-a-parului-baby-kids-easy-styling-hair-lotion-150-ml-2\/"},"modified":"2025-12-09T07:05:37","modified_gmt":"2025-12-09T06:05:37","slug":"naif-spray-pentru-hranirea-si-pieptanarea-usoara-a-parului-baby-kids-easy-styling-hair-lotion-150-ml-2","status":"publish","type":"product","link":"https:\/\/shopatoa.com\/ro\/naif-spray-pentru-hranirea-si-pieptanarea-usoara-a-parului-baby-kids-easy-styling-hair-lotion-150-ml-2\/","title":{"rendered":"NA\u00cfF Spray pentru hr\u0103nirea \u0219i piept\u0103narea u\u0219oar\u0103 a p\u0103rului Baby &amp; Kids (Easy Styling Hair Lotion) 150 ml"},"content":{"rendered":"<p>Spray natural pentru a hr\u0103ni \u0219i a facilita descurcarea p\u0103rului copiilor. Faciliteaz\u0103 descurcarea chiar \u0219i a celui mai \u00eencurcat p\u0103r \u0219i ofer\u0103 hran\u0103 \u0219i hidratare p\u0103rului umed dup\u0103 sp\u0103lare. Se poate folosi zilnic chiar \u0219i pe p\u0103rul uscat, se va descurca mai u\u0219or \u0219i coafura se va \u021bine mai bine. Toate tipurile de p\u0103r va fi moale, str\u0103lucitoare \u0219i frumos parfumat dup\u0103 utilizare. Spray-ul con\u021bine glicerin\u0103 vegetal\u0103 \u0219i extract de semin\u021be de bumbac, nu \u00eengreuneaz\u0103 \u0219i nu unge p\u0103rul delicat al copiilor, este testat dermatologic \u0219i are PH neutru. Aplicarea este foarte u\u0219oar\u0103 datorit\u0103 pompei practice de pulverizare.<\/p>\n","protected":false},"excerpt":{"rendered":"<p>Spray natural pentru a hr\u0103ni \u0219i a facilita descurcarea p\u0103rului copiilor. Faciliteaz\u0103 descurcarea chiar \u0219i a celui mai \u00eencurcat p\u0103r \u0219i ofer\u0103 hran\u0103 \u0219i hidratare p\u0103rului umed dup\u0103 sp\u0103lare. Se poate folosi zilnic chiar \u0219i pe p\u0103rul uscat, se va descurca mai u\u0219or \u0219i coafura se va \u021bine mai bine. Toate tipurile de p\u0103r va&#8230;<\/p>\n","protected":false},"featured_media":371728,"comment_status":"closed","ping_status":"open","template":"","meta":{"_acf_changed":false,"_kadence_starter_templates_imported_post":false,"_kad_post_transparent":"","_kad_post_title":"","_kad_post_layout":"","_kad_post_sidebar_id":"","_kad_post_content_style":"","_kad_post_vertical_padding":"","_kad_post_feature":"","_kad_post_feature_position":"","_kad_post_header":false,"_kad_post_footer":false,"_kad_post_classname":""},"product_brand":[543],"product_cat":[246,667,623],"product_tag":[],"class_list":{"0":"post-371727","1":"product","2":"type-product","3":"status-publish","4":"has-post-thumbnail","6":"product_brand-naif","7":"product_cat-cosmetice","8":"product_cat-produse-cosmetice-de-styling","9":"product_cat-produse-cosmetice-pentru-par","11":"first","12":"instock","13":"sale","14":"product-type-external","15":"entry","16":"content-bg","17":"loop-entry"},"acf":[],"yoast_head":"<!-- This site is optimized with the Yoast SEO plugin v27.4 - https:\/\/yoast.com\/product\/yoast-seo-wordpress\/ -->\n<title>NA\u00cfF Spray pentru hr\u0103nirea \u0219i piept\u0103narea u\u0219oar\u0103 a p\u0103rului Baby &amp; Kids (Easy Styling Hair Lotion) 150 ml - SHOPATOA.COM<\/title>\n<meta name=\"robots\" content=\"index, follow, max-snippet:-1, max-image-preview:large, max-video-preview:-1\" \/>\n<link rel=\"canonical\" href=\"https:\/\/shopatoa.com\/ro\/naif-spray-pentru-hranirea-si-pieptanarea-usoara-a-parului-baby-kids-easy-styling-hair-lotion-150-ml-2\/\" \/>\n<meta property=\"og:locale\" content=\"ro_RO\" \/>\n<meta property=\"og:type\" content=\"article\" \/>\n<meta property=\"og:title\" content=\"NA\u00cfF Spray pentru hr\u0103nirea \u0219i piept\u0103narea u\u0219oar\u0103 a p\u0103rului Baby &amp; Kids (Easy Styling Hair Lotion) 150 ml - SHOPATOA.COM\" \/>\n<meta property=\"og:description\" content=\"Spray natural pentru a hr\u0103ni \u0219i a facilita descurcarea p\u0103rului copiilor. Faciliteaz\u0103 descurcarea chiar \u0219i a celui mai \u00eencurcat p\u0103r \u0219i ofer\u0103 hran\u0103 \u0219i hidratare p\u0103rului umed dup\u0103 sp\u0103lare. Se poate folosi zilnic chiar \u0219i pe p\u0103rul uscat, se va descurca mai u\u0219or \u0219i coafura se va \u021bine mai bine. Toate tipurile de p\u0103r va...\" \/>\n<meta property=\"og:url\" content=\"https:\/\/shopatoa.com\/ro\/naif-spray-pentru-hranirea-si-pieptanarea-usoara-a-parului-baby-kids-easy-styling-hair-lotion-150-ml-2\/\" \/>\n<meta property=\"og:site_name\" content=\"SHOPATOA\" \/>\n<meta property=\"article:modified_time\" content=\"2025-12-09T06:05:37+00:00\" \/>\n<meta property=\"og:image\" content=\"https:\/\/storage.googleapis.com\/cz-shopatoa-img\/ro\/3f06cf9a-unnamed-file.webp\" \/>\n\t<meta property=\"og:image:width\" content=\"800\" \/>\n\t<meta property=\"og:image:height\" content=\"800\" \/>\n\t<meta property=\"og:image:type\" content=\"image\/webp\" \/>\n<meta name=\"twitter:card\" content=\"summary_large_image\" \/>\n<meta name=\"twitter:label1\" content=\"Timp estimat pentru citire\" \/>\n\t<meta name=\"twitter:data1\" content=\"1 minut\" \/>\n<script type=\"application\/ld+json\" class=\"yoast-schema-graph\">{\"@context\":\"https:\\\/\\\/schema.org\",\"@graph\":[{\"@type\":\"WebPage\",\"@id\":\"https:\\\/\\\/shopatoa.com\\\/ro\\\/naif-spray-pentru-hranirea-si-pieptanarea-usoara-a-parului-baby-kids-easy-styling-hair-lotion-150-ml-2\\\/\",\"url\":\"https:\\\/\\\/shopatoa.com\\\/ro\\\/naif-spray-pentru-hranirea-si-pieptanarea-usoara-a-parului-baby-kids-easy-styling-hair-lotion-150-ml-2\\\/\",\"name\":\"NA\u00cfF Spray pentru hr\u0103nirea \u0219i piept\u0103narea u\u0219oar\u0103 a p\u0103rului Baby & Kids (Easy Styling Hair Lotion) 150 ml - SHOPATOA.COM\",\"isPartOf\":{\"@id\":\"https:\\\/\\\/shopatoa.com\\\/ro\\\/#website\"},\"primaryImageOfPage\":{\"@id\":\"https:\\\/\\\/shopatoa.com\\\/ro\\\/naif-spray-pentru-hranirea-si-pieptanarea-usoara-a-parului-baby-kids-easy-styling-hair-lotion-150-ml-2\\\/#primaryimage\"},\"image\":{\"@id\":\"https:\\\/\\\/shopatoa.com\\\/ro\\\/naif-spray-pentru-hranirea-si-pieptanarea-usoara-a-parului-baby-kids-easy-styling-hair-lotion-150-ml-2\\\/#primaryimage\"},\"thumbnailUrl\":\"https:\\\/\\\/storage.googleapis.com\\\/cz-shopatoa-img\\\/ro\\\/3f06cf9a-unnamed-file.webp\",\"datePublished\":\"2025-05-22T00:43:08+00:00\",\"dateModified\":\"2025-12-09T06:05:37+00:00\",\"breadcrumb\":{\"@id\":\"https:\\\/\\\/shopatoa.com\\\/ro\\\/naif-spray-pentru-hranirea-si-pieptanarea-usoara-a-parului-baby-kids-easy-styling-hair-lotion-150-ml-2\\\/#breadcrumb\"},\"inLanguage\":\"ro-RO\",\"potentialAction\":[{\"@type\":\"ReadAction\",\"target\":[\"https:\\\/\\\/shopatoa.com\\\/ro\\\/naif-spray-pentru-hranirea-si-pieptanarea-usoara-a-parului-baby-kids-easy-styling-hair-lotion-150-ml-2\\\/\"]}]},{\"@type\":\"ImageObject\",\"inLanguage\":\"ro-RO\",\"@id\":\"https:\\\/\\\/shopatoa.com\\\/ro\\\/naif-spray-pentru-hranirea-si-pieptanarea-usoara-a-parului-baby-kids-easy-styling-hair-lotion-150-ml-2\\\/#primaryimage\",\"url\":\"https:\\\/\\\/storage.googleapis.com\\\/cz-shopatoa-img\\\/ro\\\/3f06cf9a-unnamed-file.webp\",\"contentUrl\":\"https:\\\/\\\/storage.googleapis.com\\\/cz-shopatoa-img\\\/ro\\\/3f06cf9a-unnamed-file.webp\",\"width\":800,\"height\":800},{\"@type\":\"BreadcrumbList\",\"@id\":\"https:\\\/\\\/shopatoa.com\\\/ro\\\/naif-spray-pentru-hranirea-si-pieptanarea-usoara-a-parului-baby-kids-easy-styling-hair-lotion-150-ml-2\\\/#breadcrumb\",\"itemListElement\":[{\"@type\":\"ListItem\",\"position\":1,\"name\":\"Dom\u016f\",\"item\":\"https:\\\/\\\/shopatoa.com\\\/ro\\\/\"},{\"@type\":\"ListItem\",\"position\":2,\"name\":\"Shop\",\"item\":\"https:\\\/\\\/shopatoa.com\\\/ro\\\/shop\\\/\"},{\"@type\":\"ListItem\",\"position\":3,\"name\":\"Cosmetice\",\"item\":\"https:\\\/\\\/shopatoa.com\\\/ro\\\/cosmetice\\\/\"},{\"@type\":\"ListItem\",\"position\":4,\"name\":\"Produse cosmetice pentru p\u0103r\",\"item\":\"https:\\\/\\\/shopatoa.com\\\/ro\\\/produse-cosmetice-pentru-par\\\/\"},{\"@type\":\"ListItem\",\"position\":5,\"name\":\"Produse cosmetice de styling\",\"item\":\"https:\\\/\\\/shopatoa.com\\\/ro\\\/produse-cosmetice-de-styling\\\/\"},{\"@type\":\"ListItem\",\"position\":6,\"name\":\"NA\u00cfF Spray pentru hr\u0103nirea \u0219i piept\u0103narea u\u0219oar\u0103 a p\u0103rului Baby &amp; Kids (Easy Styling Hair Lotion) 150 ml\"}]},{\"@type\":\"WebSite\",\"@id\":\"https:\\\/\\\/shopatoa.com\\\/ro\\\/#website\",\"url\":\"https:\\\/\\\/shopatoa.com\\\/ro\\\/\",\"name\":\"SHOPATOA\",\"description\":\"\",\"publisher\":{\"@id\":\"https:\\\/\\\/shopatoa.com\\\/ro\\\/#organization\"},\"potentialAction\":[{\"@type\":\"SearchAction\",\"target\":{\"@type\":\"EntryPoint\",\"urlTemplate\":\"https:\\\/\\\/shopatoa.com\\\/ro\\\/?s={search_term_string}\"},\"query-input\":{\"@type\":\"PropertyValueSpecification\",\"valueRequired\":true,\"valueName\":\"search_term_string\"}}],\"inLanguage\":\"ro-RO\"},{\"@type\":\"Organization\",\"@id\":\"https:\\\/\\\/shopatoa.com\\\/ro\\\/#organization\",\"name\":\"SHOPATOA\",\"url\":\"https:\\\/\\\/shopatoa.com\\\/ro\\\/\",\"logo\":{\"@type\":\"ImageObject\",\"inLanguage\":\"ro-RO\",\"@id\":\"https:\\\/\\\/shopatoa.com\\\/ro\\\/#\\\/schema\\\/logo\\\/image\\\/\",\"url\":\"https:\\\/\\\/storage.googleapis.com\\\/cz-shopatoa-img\\\/ro\\\/b4dac915-shopatoa_logo.png\",\"contentUrl\":\"https:\\\/\\\/storage.googleapis.com\\\/cz-shopatoa-img\\\/ro\\\/b4dac915-shopatoa_logo.png\",\"width\":416,\"height\":63,\"caption\":\"SHOPATOA\"},\"image\":{\"@id\":\"https:\\\/\\\/shopatoa.com\\\/ro\\\/#\\\/schema\\\/logo\\\/image\\\/\"}}]}<\/script>\n<!-- \/ Yoast SEO plugin. -->","yoast_head_json":{"title":"NA\u00cfF Spray pentru hr\u0103nirea \u0219i piept\u0103narea u\u0219oar\u0103 a p\u0103rului Baby & Kids (Easy Styling Hair Lotion) 150 ml - SHOPATOA.COM","robots":{"index":"index","follow":"follow","max-snippet":"max-snippet:-1","max-image-preview":"max-image-preview:large","max-video-preview":"max-video-preview:-1"},"canonical":"https:\/\/shopatoa.com\/ro\/naif-spray-pentru-hranirea-si-pieptanarea-usoara-a-parului-baby-kids-easy-styling-hair-lotion-150-ml-2\/","og_locale":"ro_RO","og_type":"article","og_title":"NA\u00cfF Spray pentru hr\u0103nirea \u0219i piept\u0103narea u\u0219oar\u0103 a p\u0103rului Baby & Kids (Easy Styling Hair Lotion) 150 ml - SHOPATOA.COM","og_description":"Spray natural pentru a hr\u0103ni \u0219i a facilita descurcarea p\u0103rului copiilor. Faciliteaz\u0103 descurcarea chiar \u0219i a celui mai \u00eencurcat p\u0103r \u0219i ofer\u0103 hran\u0103 \u0219i hidratare p\u0103rului umed dup\u0103 sp\u0103lare. Se poate folosi zilnic chiar \u0219i pe p\u0103rul uscat, se va descurca mai u\u0219or \u0219i coafura se va \u021bine mai bine. Toate tipurile de p\u0103r va...","og_url":"https:\/\/shopatoa.com\/ro\/naif-spray-pentru-hranirea-si-pieptanarea-usoara-a-parului-baby-kids-easy-styling-hair-lotion-150-ml-2\/","og_site_name":"SHOPATOA","article_modified_time":"2025-12-09T06:05:37+00:00","og_image":[{"width":800,"height":800,"url":"https:\/\/storage.googleapis.com\/cz-shopatoa-img\/ro\/3f06cf9a-unnamed-file.webp","type":"image\/webp"}],"twitter_card":"summary_large_image","twitter_misc":{"Timp estimat pentru citire":"1 minut"},"schema":{"@context":"https:\/\/schema.org","@graph":[{"@type":"WebPage","@id":"https:\/\/shopatoa.com\/ro\/naif-spray-pentru-hranirea-si-pieptanarea-usoara-a-parului-baby-kids-easy-styling-hair-lotion-150-ml-2\/","url":"https:\/\/shopatoa.com\/ro\/naif-spray-pentru-hranirea-si-pieptanarea-usoara-a-parului-baby-kids-easy-styling-hair-lotion-150-ml-2\/","name":"NA\u00cfF Spray pentru hr\u0103nirea \u0219i piept\u0103narea u\u0219oar\u0103 a p\u0103rului Baby & Kids (Easy Styling Hair Lotion) 150 ml - SHOPATOA.COM","isPartOf":{"@id":"https:\/\/shopatoa.com\/ro\/#website"},"primaryImageOfPage":{"@id":"https:\/\/shopatoa.com\/ro\/naif-spray-pentru-hranirea-si-pieptanarea-usoara-a-parului-baby-kids-easy-styling-hair-lotion-150-ml-2\/#primaryimage"},"image":{"@id":"https:\/\/shopatoa.com\/ro\/naif-spray-pentru-hranirea-si-pieptanarea-usoara-a-parului-baby-kids-easy-styling-hair-lotion-150-ml-2\/#primaryimage"},"thumbnailUrl":"https:\/\/storage.googleapis.com\/cz-shopatoa-img\/ro\/3f06cf9a-unnamed-file.webp","datePublished":"2025-05-22T00:43:08+00:00","dateModified":"2025-12-09T06:05:37+00:00","breadcrumb":{"@id":"https:\/\/shopatoa.com\/ro\/naif-spray-pentru-hranirea-si-pieptanarea-usoara-a-parului-baby-kids-easy-styling-hair-lotion-150-ml-2\/#breadcrumb"},"inLanguage":"ro-RO","potentialAction":[{"@type":"ReadAction","target":["https:\/\/shopatoa.com\/ro\/naif-spray-pentru-hranirea-si-pieptanarea-usoara-a-parului-baby-kids-easy-styling-hair-lotion-150-ml-2\/"]}]},{"@type":"ImageObject","inLanguage":"ro-RO","@id":"https:\/\/shopatoa.com\/ro\/naif-spray-pentru-hranirea-si-pieptanarea-usoara-a-parului-baby-kids-easy-styling-hair-lotion-150-ml-2\/#primaryimage","url":"https:\/\/storage.googleapis.com\/cz-shopatoa-img\/ro\/3f06cf9a-unnamed-file.webp","contentUrl":"https:\/\/storage.googleapis.com\/cz-shopatoa-img\/ro\/3f06cf9a-unnamed-file.webp","width":800,"height":800},{"@type":"BreadcrumbList","@id":"https:\/\/shopatoa.com\/ro\/naif-spray-pentru-hranirea-si-pieptanarea-usoara-a-parului-baby-kids-easy-styling-hair-lotion-150-ml-2\/#breadcrumb","itemListElement":[{"@type":"ListItem","position":1,"name":"Dom\u016f","item":"https:\/\/shopatoa.com\/ro\/"},{"@type":"ListItem","position":2,"name":"Shop","item":"https:\/\/shopatoa.com\/ro\/shop\/"},{"@type":"ListItem","position":3,"name":"Cosmetice","item":"https:\/\/shopatoa.com\/ro\/cosmetice\/"},{"@type":"ListItem","position":4,"name":"Produse cosmetice pentru p\u0103r","item":"https:\/\/shopatoa.com\/ro\/produse-cosmetice-pentru-par\/"},{"@type":"ListItem","position":5,"name":"Produse cosmetice de styling","item":"https:\/\/shopatoa.com\/ro\/produse-cosmetice-de-styling\/"},{"@type":"ListItem","position":6,"name":"NA\u00cfF Spray pentru hr\u0103nirea \u0219i piept\u0103narea u\u0219oar\u0103 a p\u0103rului Baby &amp; Kids (Easy Styling Hair Lotion) 150 ml"}]},{"@type":"WebSite","@id":"https:\/\/shopatoa.com\/ro\/#website","url":"https:\/\/shopatoa.com\/ro\/","name":"SHOPATOA","description":"","publisher":{"@id":"https:\/\/shopatoa.com\/ro\/#organization"},"potentialAction":[{"@type":"SearchAction","target":{"@type":"EntryPoint","urlTemplate":"https:\/\/shopatoa.com\/ro\/?s={search_term_string}"},"query-input":{"@type":"PropertyValueSpecification","valueRequired":true,"valueName":"search_term_string"}}],"inLanguage":"ro-RO"},{"@type":"Organization","@id":"https:\/\/shopatoa.com\/ro\/#organization","name":"SHOPATOA","url":"https:\/\/shopatoa.com\/ro\/","logo":{"@type":"ImageObject","inLanguage":"ro-RO","@id":"https:\/\/shopatoa.com\/ro\/#\/schema\/logo\/image\/","url":"https:\/\/storage.googleapis.com\/cz-shopatoa-img\/ro\/b4dac915-shopatoa_logo.png","contentUrl":"https:\/\/storage.googleapis.com\/cz-shopatoa-img\/ro\/b4dac915-shopatoa_logo.png","width":416,"height":63,"caption":"SHOPATOA"},"image":{"@id":"https:\/\/shopatoa.com\/ro\/#\/schema\/logo\/image\/"}}]}},"_links":{"self":[{"href":"https:\/\/shopatoa.com\/ro\/wp-json\/wp\/v2\/product\/371727","targetHints":{"allow":["GET"]}}],"collection":[{"href":"https:\/\/shopatoa.com\/ro\/wp-json\/wp\/v2\/product"}],"about":[{"href":"https:\/\/shopatoa.com\/ro\/wp-json\/wp\/v2\/types\/product"}],"replies":[{"embeddable":true,"href":"https:\/\/shopatoa.com\/ro\/wp-json\/wp\/v2\/comments?post=371727"}],"wp:featuredmedia":[{"embeddable":true,"href":"https:\/\/shopatoa.com\/ro\/wp-json\/wp\/v2\/media\/371728"}],"wp:attachment":[{"href":"https:\/\/shopatoa.com\/ro\/wp-json\/wp\/v2\/media?parent=371727"}],"wp:term":[{"taxonomy":"product_brand","embeddable":true,"href":"https:\/\/shopatoa.com\/ro\/wp-json\/wp\/v2\/product_brand?post=371727"},{"taxonomy":"product_cat","embeddable":true,"href":"https:\/\/shopatoa.com\/ro\/wp-json\/wp\/v2\/product_cat?post=371727"},{"taxonomy":"product_tag","embeddable":true,"href":"https:\/\/shopatoa.com\/ro\/wp-json\/wp\/v2\/product_tag?post=371727"}],"curies":[{"name":"wp","href":"https:\/\/api.w.org\/{rel}","templated":true}]}}