{"id":371825,"date":"2025-05-22T02:51:10","date_gmt":"2025-05-22T00:51:10","guid":{"rendered":"https:\/\/shopatoa.com\/ro\/tenga-masturbator-pentru-barbati-original-vacuum-cup-hard-2\/"},"modified":"2025-12-09T05:26:57","modified_gmt":"2025-12-09T04:26:57","slug":"tenga-masturbator-pentru-barbati-original-vacuum-cup-hard-2","status":"publish","type":"product","link":"https:\/\/shopatoa.com\/ro\/tenga-masturbator-pentru-barbati-original-vacuum-cup-hard-2\/","title":{"rendered":"Tenga Masturbator pentru b\u0103rba\u021bi Original Vacuum Cup Hard"},"content":{"rendered":"<p>Experien\u021b\u0103 mai dur\u0103 \u0219i mai intens\u0103 a sexului oral cu adev\u0103rat profund. V\u0103 va \u00eenconjura cu adev\u0103rat str\u00e2ns \u0219i va suge c\u00e2t de intens ve\u021bi dori. Material mai puternic pentru cei care prefer\u0103 stilul \u201emai dur\u201d. Supapa special\u0103 creeaz\u0103 un vid virtual \u00een interiorul masturbatorului \u0219i v\u0103 ofer\u0103 o senza\u021bie uimitoare de aspira\u021bie real\u0103. Sunetele masturbatorului fac acest sentiment \u0219i mai puternic \u0219i v\u0103 ve\u021bi sim\u021bi bine, ca \u0219i cum v\u0103 bucura\u021bi de sex oral real, dur \u0219i foarte ad\u00e2nc.<\/p>\n","protected":false},"excerpt":{"rendered":"<p>Experien\u021b\u0103 mai dur\u0103 \u0219i mai intens\u0103 a sexului oral cu adev\u0103rat profund. V\u0103 va \u00eenconjura cu adev\u0103rat str\u00e2ns \u0219i va suge c\u00e2t de intens ve\u021bi dori. Material mai puternic pentru cei care prefer\u0103 stilul \u201emai dur\u201d. Supapa special\u0103 creeaz\u0103 un vid virtual \u00een interiorul masturbatorului \u0219i v\u0103 ofer\u0103 o senza\u021bie uimitoare de aspira\u021bie real\u0103. Sunetele&#8230;<\/p>\n","protected":false},"featured_media":371826,"comment_status":"closed","ping_status":"open","template":"","meta":{"_acf_changed":false,"_kadence_starter_templates_imported_post":false,"_kad_post_transparent":"","_kad_post_title":"","_kad_post_layout":"","_kad_post_sidebar_id":"","_kad_post_content_style":"","_kad_post_vertical_padding":"","_kad_post_feature":"","_kad_post_feature_position":"","_kad_post_header":false,"_kad_post_footer":false,"_kad_post_classname":""},"product_brand":[793],"product_cat":[246,668,669,611],"product_tag":[],"class_list":{"0":"post-371825","1":"product","2":"type-product","3":"status-publish","4":"has-post-thumbnail","6":"product_brand-tenga","7":"product_cat-cosmetice","8":"product_cat-jucarii-sexy","9":"product_cat-jucarii-si-produse-erotice","10":"product_cat-produse-cosmetice-pentru-corp","12":"first","13":"instock","14":"product-type-external","15":"entry","16":"content-bg","17":"loop-entry"},"acf":[],"yoast_head":"<!-- This site is optimized with the Yoast SEO plugin v27.4 - https:\/\/yoast.com\/product\/yoast-seo-wordpress\/ -->\n<title>Tenga Masturbator pentru b\u0103rba\u021bi Original Vacuum Cup Hard - SHOPATOA.COM<\/title>\n<meta name=\"robots\" content=\"index, follow, max-snippet:-1, max-image-preview:large, max-video-preview:-1\" \/>\n<link rel=\"canonical\" href=\"https:\/\/shopatoa.com\/ro\/tenga-masturbator-pentru-barbati-original-vacuum-cup-hard-2\/\" \/>\n<meta property=\"og:locale\" content=\"ro_RO\" \/>\n<meta property=\"og:type\" content=\"article\" \/>\n<meta property=\"og:title\" content=\"Tenga Masturbator pentru b\u0103rba\u021bi Original Vacuum Cup Hard - SHOPATOA.COM\" \/>\n<meta property=\"og:description\" content=\"Experien\u021b\u0103 mai dur\u0103 \u0219i mai intens\u0103 a sexului oral cu adev\u0103rat profund. V\u0103 va \u00eenconjura cu adev\u0103rat str\u00e2ns \u0219i va suge c\u00e2t de intens ve\u021bi dori. Material mai puternic pentru cei care prefer\u0103 stilul \u201emai dur\u201d. Supapa special\u0103 creeaz\u0103 un vid virtual \u00een interiorul masturbatorului \u0219i v\u0103 ofer\u0103 o senza\u021bie uimitoare de aspira\u021bie real\u0103. Sunetele...\" \/>\n<meta property=\"og:url\" content=\"https:\/\/shopatoa.com\/ro\/tenga-masturbator-pentru-barbati-original-vacuum-cup-hard-2\/\" \/>\n<meta property=\"og:site_name\" content=\"SHOPATOA\" \/>\n<meta property=\"article:modified_time\" content=\"2025-12-09T04:26:57+00:00\" \/>\n<meta property=\"og:image\" content=\"https:\/\/storage.googleapis.com\/cz-shopatoa-img\/ro\/4c41917a-unnamed-file.webp\" \/>\n\t<meta property=\"og:image:width\" content=\"800\" \/>\n\t<meta property=\"og:image:height\" content=\"800\" \/>\n\t<meta property=\"og:image:type\" content=\"image\/webp\" \/>\n<meta name=\"twitter:card\" content=\"summary_large_image\" \/>\n<script type=\"application\/ld+json\" class=\"yoast-schema-graph\">{\"@context\":\"https:\\\/\\\/schema.org\",\"@graph\":[{\"@type\":\"WebPage\",\"@id\":\"https:\\\/\\\/shopatoa.com\\\/ro\\\/tenga-masturbator-pentru-barbati-original-vacuum-cup-hard-2\\\/\",\"url\":\"https:\\\/\\\/shopatoa.com\\\/ro\\\/tenga-masturbator-pentru-barbati-original-vacuum-cup-hard-2\\\/\",\"name\":\"Tenga Masturbator pentru b\u0103rba\u021bi Original Vacuum Cup Hard - SHOPATOA.COM\",\"isPartOf\":{\"@id\":\"https:\\\/\\\/shopatoa.com\\\/ro\\\/#website\"},\"primaryImageOfPage\":{\"@id\":\"https:\\\/\\\/shopatoa.com\\\/ro\\\/tenga-masturbator-pentru-barbati-original-vacuum-cup-hard-2\\\/#primaryimage\"},\"image\":{\"@id\":\"https:\\\/\\\/shopatoa.com\\\/ro\\\/tenga-masturbator-pentru-barbati-original-vacuum-cup-hard-2\\\/#primaryimage\"},\"thumbnailUrl\":\"https:\\\/\\\/storage.googleapis.com\\\/cz-shopatoa-img\\\/ro\\\/4c41917a-unnamed-file.webp\",\"datePublished\":\"2025-05-22T00:51:10+00:00\",\"dateModified\":\"2025-12-09T04:26:57+00:00\",\"breadcrumb\":{\"@id\":\"https:\\\/\\\/shopatoa.com\\\/ro\\\/tenga-masturbator-pentru-barbati-original-vacuum-cup-hard-2\\\/#breadcrumb\"},\"inLanguage\":\"ro-RO\",\"potentialAction\":[{\"@type\":\"ReadAction\",\"target\":[\"https:\\\/\\\/shopatoa.com\\\/ro\\\/tenga-masturbator-pentru-barbati-original-vacuum-cup-hard-2\\\/\"]}]},{\"@type\":\"ImageObject\",\"inLanguage\":\"ro-RO\",\"@id\":\"https:\\\/\\\/shopatoa.com\\\/ro\\\/tenga-masturbator-pentru-barbati-original-vacuum-cup-hard-2\\\/#primaryimage\",\"url\":\"https:\\\/\\\/storage.googleapis.com\\\/cz-shopatoa-img\\\/ro\\\/4c41917a-unnamed-file.webp\",\"contentUrl\":\"https:\\\/\\\/storage.googleapis.com\\\/cz-shopatoa-img\\\/ro\\\/4c41917a-unnamed-file.webp\",\"width\":800,\"height\":800},{\"@type\":\"BreadcrumbList\",\"@id\":\"https:\\\/\\\/shopatoa.com\\\/ro\\\/tenga-masturbator-pentru-barbati-original-vacuum-cup-hard-2\\\/#breadcrumb\",\"itemListElement\":[{\"@type\":\"ListItem\",\"position\":1,\"name\":\"Dom\u016f\",\"item\":\"https:\\\/\\\/shopatoa.com\\\/ro\\\/\"},{\"@type\":\"ListItem\",\"position\":2,\"name\":\"Shop\",\"item\":\"https:\\\/\\\/shopatoa.com\\\/ro\\\/shop\\\/\"},{\"@type\":\"ListItem\",\"position\":3,\"name\":\"Cosmetice\",\"item\":\"https:\\\/\\\/shopatoa.com\\\/ro\\\/cosmetice\\\/\"},{\"@type\":\"ListItem\",\"position\":4,\"name\":\"Produse cosmetice pentru corp\",\"item\":\"https:\\\/\\\/shopatoa.com\\\/ro\\\/produse-cosmetice-pentru-corp\\\/\"},{\"@type\":\"ListItem\",\"position\":5,\"name\":\"Juc\u0103rii sexy\",\"item\":\"https:\\\/\\\/shopatoa.com\\\/ro\\\/jucarii-sexy\\\/\"},{\"@type\":\"ListItem\",\"position\":6,\"name\":\"Juc\u0103rii si produse erotice\",\"item\":\"https:\\\/\\\/shopatoa.com\\\/ro\\\/jucarii-si-produse-erotice\\\/\"},{\"@type\":\"ListItem\",\"position\":7,\"name\":\"Tenga Masturbator pentru b\u0103rba\u021bi Original Vacuum Cup Hard\"}]},{\"@type\":\"WebSite\",\"@id\":\"https:\\\/\\\/shopatoa.com\\\/ro\\\/#website\",\"url\":\"https:\\\/\\\/shopatoa.com\\\/ro\\\/\",\"name\":\"SHOPATOA\",\"description\":\"\",\"publisher\":{\"@id\":\"https:\\\/\\\/shopatoa.com\\\/ro\\\/#organization\"},\"potentialAction\":[{\"@type\":\"SearchAction\",\"target\":{\"@type\":\"EntryPoint\",\"urlTemplate\":\"https:\\\/\\\/shopatoa.com\\\/ro\\\/?s={search_term_string}\"},\"query-input\":{\"@type\":\"PropertyValueSpecification\",\"valueRequired\":true,\"valueName\":\"search_term_string\"}}],\"inLanguage\":\"ro-RO\"},{\"@type\":\"Organization\",\"@id\":\"https:\\\/\\\/shopatoa.com\\\/ro\\\/#organization\",\"name\":\"SHOPATOA\",\"url\":\"https:\\\/\\\/shopatoa.com\\\/ro\\\/\",\"logo\":{\"@type\":\"ImageObject\",\"inLanguage\":\"ro-RO\",\"@id\":\"https:\\\/\\\/shopatoa.com\\\/ro\\\/#\\\/schema\\\/logo\\\/image\\\/\",\"url\":\"https:\\\/\\\/storage.googleapis.com\\\/cz-shopatoa-img\\\/ro\\\/b4dac915-shopatoa_logo.png\",\"contentUrl\":\"https:\\\/\\\/storage.googleapis.com\\\/cz-shopatoa-img\\\/ro\\\/b4dac915-shopatoa_logo.png\",\"width\":416,\"height\":63,\"caption\":\"SHOPATOA\"},\"image\":{\"@id\":\"https:\\\/\\\/shopatoa.com\\\/ro\\\/#\\\/schema\\\/logo\\\/image\\\/\"}}]}<\/script>\n<!-- \/ Yoast SEO plugin. -->","yoast_head_json":{"title":"Tenga Masturbator pentru b\u0103rba\u021bi Original Vacuum Cup Hard - SHOPATOA.COM","robots":{"index":"index","follow":"follow","max-snippet":"max-snippet:-1","max-image-preview":"max-image-preview:large","max-video-preview":"max-video-preview:-1"},"canonical":"https:\/\/shopatoa.com\/ro\/tenga-masturbator-pentru-barbati-original-vacuum-cup-hard-2\/","og_locale":"ro_RO","og_type":"article","og_title":"Tenga Masturbator pentru b\u0103rba\u021bi Original Vacuum Cup Hard - SHOPATOA.COM","og_description":"Experien\u021b\u0103 mai dur\u0103 \u0219i mai intens\u0103 a sexului oral cu adev\u0103rat profund. V\u0103 va \u00eenconjura cu adev\u0103rat str\u00e2ns \u0219i va suge c\u00e2t de intens ve\u021bi dori. Material mai puternic pentru cei care prefer\u0103 stilul \u201emai dur\u201d. Supapa special\u0103 creeaz\u0103 un vid virtual \u00een interiorul masturbatorului \u0219i v\u0103 ofer\u0103 o senza\u021bie uimitoare de aspira\u021bie real\u0103. Sunetele...","og_url":"https:\/\/shopatoa.com\/ro\/tenga-masturbator-pentru-barbati-original-vacuum-cup-hard-2\/","og_site_name":"SHOPATOA","article_modified_time":"2025-12-09T04:26:57+00:00","og_image":[{"width":800,"height":800,"url":"https:\/\/storage.googleapis.com\/cz-shopatoa-img\/ro\/4c41917a-unnamed-file.webp","type":"image\/webp"}],"twitter_card":"summary_large_image","schema":{"@context":"https:\/\/schema.org","@graph":[{"@type":"WebPage","@id":"https:\/\/shopatoa.com\/ro\/tenga-masturbator-pentru-barbati-original-vacuum-cup-hard-2\/","url":"https:\/\/shopatoa.com\/ro\/tenga-masturbator-pentru-barbati-original-vacuum-cup-hard-2\/","name":"Tenga Masturbator pentru b\u0103rba\u021bi Original Vacuum Cup Hard - SHOPATOA.COM","isPartOf":{"@id":"https:\/\/shopatoa.com\/ro\/#website"},"primaryImageOfPage":{"@id":"https:\/\/shopatoa.com\/ro\/tenga-masturbator-pentru-barbati-original-vacuum-cup-hard-2\/#primaryimage"},"image":{"@id":"https:\/\/shopatoa.com\/ro\/tenga-masturbator-pentru-barbati-original-vacuum-cup-hard-2\/#primaryimage"},"thumbnailUrl":"https:\/\/storage.googleapis.com\/cz-shopatoa-img\/ro\/4c41917a-unnamed-file.webp","datePublished":"2025-05-22T00:51:10+00:00","dateModified":"2025-12-09T04:26:57+00:00","breadcrumb":{"@id":"https:\/\/shopatoa.com\/ro\/tenga-masturbator-pentru-barbati-original-vacuum-cup-hard-2\/#breadcrumb"},"inLanguage":"ro-RO","potentialAction":[{"@type":"ReadAction","target":["https:\/\/shopatoa.com\/ro\/tenga-masturbator-pentru-barbati-original-vacuum-cup-hard-2\/"]}]},{"@type":"ImageObject","inLanguage":"ro-RO","@id":"https:\/\/shopatoa.com\/ro\/tenga-masturbator-pentru-barbati-original-vacuum-cup-hard-2\/#primaryimage","url":"https:\/\/storage.googleapis.com\/cz-shopatoa-img\/ro\/4c41917a-unnamed-file.webp","contentUrl":"https:\/\/storage.googleapis.com\/cz-shopatoa-img\/ro\/4c41917a-unnamed-file.webp","width":800,"height":800},{"@type":"BreadcrumbList","@id":"https:\/\/shopatoa.com\/ro\/tenga-masturbator-pentru-barbati-original-vacuum-cup-hard-2\/#breadcrumb","itemListElement":[{"@type":"ListItem","position":1,"name":"Dom\u016f","item":"https:\/\/shopatoa.com\/ro\/"},{"@type":"ListItem","position":2,"name":"Shop","item":"https:\/\/shopatoa.com\/ro\/shop\/"},{"@type":"ListItem","position":3,"name":"Cosmetice","item":"https:\/\/shopatoa.com\/ro\/cosmetice\/"},{"@type":"ListItem","position":4,"name":"Produse cosmetice pentru corp","item":"https:\/\/shopatoa.com\/ro\/produse-cosmetice-pentru-corp\/"},{"@type":"ListItem","position":5,"name":"Juc\u0103rii sexy","item":"https:\/\/shopatoa.com\/ro\/jucarii-sexy\/"},{"@type":"ListItem","position":6,"name":"Juc\u0103rii si produse erotice","item":"https:\/\/shopatoa.com\/ro\/jucarii-si-produse-erotice\/"},{"@type":"ListItem","position":7,"name":"Tenga Masturbator pentru b\u0103rba\u021bi Original Vacuum Cup Hard"}]},{"@type":"WebSite","@id":"https:\/\/shopatoa.com\/ro\/#website","url":"https:\/\/shopatoa.com\/ro\/","name":"SHOPATOA","description":"","publisher":{"@id":"https:\/\/shopatoa.com\/ro\/#organization"},"potentialAction":[{"@type":"SearchAction","target":{"@type":"EntryPoint","urlTemplate":"https:\/\/shopatoa.com\/ro\/?s={search_term_string}"},"query-input":{"@type":"PropertyValueSpecification","valueRequired":true,"valueName":"search_term_string"}}],"inLanguage":"ro-RO"},{"@type":"Organization","@id":"https:\/\/shopatoa.com\/ro\/#organization","name":"SHOPATOA","url":"https:\/\/shopatoa.com\/ro\/","logo":{"@type":"ImageObject","inLanguage":"ro-RO","@id":"https:\/\/shopatoa.com\/ro\/#\/schema\/logo\/image\/","url":"https:\/\/storage.googleapis.com\/cz-shopatoa-img\/ro\/b4dac915-shopatoa_logo.png","contentUrl":"https:\/\/storage.googleapis.com\/cz-shopatoa-img\/ro\/b4dac915-shopatoa_logo.png","width":416,"height":63,"caption":"SHOPATOA"},"image":{"@id":"https:\/\/shopatoa.com\/ro\/#\/schema\/logo\/image\/"}}]}},"_links":{"self":[{"href":"https:\/\/shopatoa.com\/ro\/wp-json\/wp\/v2\/product\/371825","targetHints":{"allow":["GET"]}}],"collection":[{"href":"https:\/\/shopatoa.com\/ro\/wp-json\/wp\/v2\/product"}],"about":[{"href":"https:\/\/shopatoa.com\/ro\/wp-json\/wp\/v2\/types\/product"}],"replies":[{"embeddable":true,"href":"https:\/\/shopatoa.com\/ro\/wp-json\/wp\/v2\/comments?post=371825"}],"wp:featuredmedia":[{"embeddable":true,"href":"https:\/\/shopatoa.com\/ro\/wp-json\/wp\/v2\/media\/371826"}],"wp:attachment":[{"href":"https:\/\/shopatoa.com\/ro\/wp-json\/wp\/v2\/media?parent=371825"}],"wp:term":[{"taxonomy":"product_brand","embeddable":true,"href":"https:\/\/shopatoa.com\/ro\/wp-json\/wp\/v2\/product_brand?post=371825"},{"taxonomy":"product_cat","embeddable":true,"href":"https:\/\/shopatoa.com\/ro\/wp-json\/wp\/v2\/product_cat?post=371825"},{"taxonomy":"product_tag","embeddable":true,"href":"https:\/\/shopatoa.com\/ro\/wp-json\/wp\/v2\/product_tag?post=371825"}],"curies":[{"name":"wp","href":"https:\/\/api.w.org\/{rel}","templated":true}]}}