{"id":372165,"date":"2025-05-22T03:16:39","date_gmt":"2025-05-22T01:16:39","guid":{"rendered":"https:\/\/shopatoa.com\/ro\/bellissima-styler-cu-aer-cald-coanda-11956-prodigy-2\/"},"modified":"2025-12-08T23:43:21","modified_gmt":"2025-12-08T22:43:21","slug":"bellissima-styler-cu-aer-cald-coanda-11956-prodigy-2","status":"publish","type":"product","link":"https:\/\/shopatoa.com\/ro\/bellissima-styler-cu-aer-cald-coanda-11956-prodigy-2\/","title":{"rendered":"Bellissima Styler cu aer cald Coanda 11956 Prodigy"},"content":{"rendered":"<p>Descoperi\u021bi un styler revolu\u021bionar cu aer cald, echipat cu tehnologia Coanda, care combin\u0103 suprafa\u021ba ceramic\u0103, ionizarea \u0219i radia\u021biile infraro\u0219ii pentru o \u00eengrijire delicat\u0103 \u0219i eficient\u0103 a p\u0103rului. Motorul digital de 1200 W genereaz\u0103 un flux de aer puternic, care accelereaz\u0103 procesul de uscare \u0219i v\u0103 permite s\u0103 ob\u021bine\u021bi coafuri perfecte rapid \u0219i eficient. Dispozitivul dispune de trei set\u0103ri de temperatur\u0103 \u0219i vitez\u0103, inclusiv op\u021biunea de aer rece, perfect\u0103 pentru fixarea coafurii. Setul include \u0219ase capete interschimbabile, oferind multiple op\u021biuni pentru diferite stiluri, de la bucle la un p\u0103r drept sau volum deosebit la r\u0103d\u0103cini. Husa practic\u0103 \u0219i cablul de 3 metri cu sistem elastic ofer\u0103 comoditate \u0219i posibilitatea de a-l transporta cu u\u0219urin\u021b\u0103.<\/p>\n","protected":false},"excerpt":{"rendered":"<p>Descoperi\u021bi un styler revolu\u021bionar cu aer cald, echipat cu tehnologia Coanda, care combin\u0103 suprafa\u021ba ceramic\u0103, ionizarea \u0219i radia\u021biile infraro\u0219ii pentru o \u00eengrijire delicat\u0103 \u0219i eficient\u0103 a p\u0103rului. Motorul digital de 1200 W genereaz\u0103 un flux de aer puternic, care accelereaz\u0103 procesul de uscare \u0219i v\u0103 permite s\u0103 ob\u021bine\u021bi coafuri perfecte rapid \u0219i eficient. Dispozitivul dispune&#8230;<\/p>\n","protected":false},"featured_media":372166,"comment_status":"closed","ping_status":"open","template":"","meta":{"_acf_changed":false,"_kadence_starter_templates_imported_post":false,"_kad_post_transparent":"","_kad_post_title":"","_kad_post_layout":"","_kad_post_sidebar_id":"","_kad_post_content_style":"","_kad_post_vertical_padding":"","_kad_post_feature":"","_kad_post_feature_position":"","_kad_post_header":false,"_kad_post_footer":false,"_kad_post_classname":""},"product_brand":[976],"product_cat":[246,781,623,624],"product_tag":[],"class_list":{"0":"post-372165","1":"product","2":"type-product","3":"status-publish","4":"has-post-thumbnail","6":"product_brand-bellissima","7":"product_cat-cosmetice","8":"product_cat-ondulatoare-pentru-par","9":"product_cat-produse-cosmetice-pentru-par","10":"product_cat-produse-aparate-si-accesorii-pentru-par","12":"first","13":"instock","14":"sale","15":"product-type-external","16":"entry","17":"content-bg","18":"loop-entry"},"acf":[],"yoast_head":"<!-- This site is optimized with the Yoast SEO plugin v27.4 - https:\/\/yoast.com\/product\/yoast-seo-wordpress\/ -->\n<title>Bellissima Styler cu aer cald Coanda 11956 Prodigy - SHOPATOA.COM<\/title>\n<meta name=\"robots\" content=\"index, follow, max-snippet:-1, max-image-preview:large, max-video-preview:-1\" \/>\n<link rel=\"canonical\" href=\"https:\/\/shopatoa.com\/ro\/bellissima-styler-cu-aer-cald-coanda-11956-prodigy-2\/\" \/>\n<meta property=\"og:locale\" content=\"ro_RO\" \/>\n<meta property=\"og:type\" content=\"article\" \/>\n<meta property=\"og:title\" content=\"Bellissima Styler cu aer cald Coanda 11956 Prodigy - SHOPATOA.COM\" \/>\n<meta property=\"og:description\" content=\"Descoperi\u021bi un styler revolu\u021bionar cu aer cald, echipat cu tehnologia Coanda, care combin\u0103 suprafa\u021ba ceramic\u0103, ionizarea \u0219i radia\u021biile infraro\u0219ii pentru o \u00eengrijire delicat\u0103 \u0219i eficient\u0103 a p\u0103rului. Motorul digital de 1200 W genereaz\u0103 un flux de aer puternic, care accelereaz\u0103 procesul de uscare \u0219i v\u0103 permite s\u0103 ob\u021bine\u021bi coafuri perfecte rapid \u0219i eficient. Dispozitivul dispune...\" \/>\n<meta property=\"og:url\" content=\"https:\/\/shopatoa.com\/ro\/bellissima-styler-cu-aer-cald-coanda-11956-prodigy-2\/\" \/>\n<meta property=\"og:site_name\" content=\"SHOPATOA\" \/>\n<meta property=\"article:modified_time\" content=\"2025-12-08T22:43:21+00:00\" \/>\n<meta property=\"og:image\" content=\"https:\/\/storage.googleapis.com\/cz-shopatoa-img\/ro\/415be4b6-unnamed-file.webp\" \/>\n\t<meta property=\"og:image:width\" content=\"800\" \/>\n\t<meta property=\"og:image:height\" content=\"800\" \/>\n\t<meta property=\"og:image:type\" content=\"image\/webp\" \/>\n<meta name=\"twitter:card\" content=\"summary_large_image\" \/>\n<meta name=\"twitter:label1\" content=\"Timp estimat pentru citire\" \/>\n\t<meta name=\"twitter:data1\" content=\"1 minut\" \/>\n<script type=\"application\/ld+json\" class=\"yoast-schema-graph\">{\"@context\":\"https:\\\/\\\/schema.org\",\"@graph\":[{\"@type\":\"WebPage\",\"@id\":\"https:\\\/\\\/shopatoa.com\\\/ro\\\/bellissima-styler-cu-aer-cald-coanda-11956-prodigy-2\\\/\",\"url\":\"https:\\\/\\\/shopatoa.com\\\/ro\\\/bellissima-styler-cu-aer-cald-coanda-11956-prodigy-2\\\/\",\"name\":\"Bellissima Styler cu aer cald Coanda 11956 Prodigy - SHOPATOA.COM\",\"isPartOf\":{\"@id\":\"https:\\\/\\\/shopatoa.com\\\/ro\\\/#website\"},\"primaryImageOfPage\":{\"@id\":\"https:\\\/\\\/shopatoa.com\\\/ro\\\/bellissima-styler-cu-aer-cald-coanda-11956-prodigy-2\\\/#primaryimage\"},\"image\":{\"@id\":\"https:\\\/\\\/shopatoa.com\\\/ro\\\/bellissima-styler-cu-aer-cald-coanda-11956-prodigy-2\\\/#primaryimage\"},\"thumbnailUrl\":\"https:\\\/\\\/storage.googleapis.com\\\/cz-shopatoa-img\\\/ro\\\/415be4b6-unnamed-file.webp\",\"datePublished\":\"2025-05-22T01:16:39+00:00\",\"dateModified\":\"2025-12-08T22:43:21+00:00\",\"breadcrumb\":{\"@id\":\"https:\\\/\\\/shopatoa.com\\\/ro\\\/bellissima-styler-cu-aer-cald-coanda-11956-prodigy-2\\\/#breadcrumb\"},\"inLanguage\":\"ro-RO\",\"potentialAction\":[{\"@type\":\"ReadAction\",\"target\":[\"https:\\\/\\\/shopatoa.com\\\/ro\\\/bellissima-styler-cu-aer-cald-coanda-11956-prodigy-2\\\/\"]}]},{\"@type\":\"ImageObject\",\"inLanguage\":\"ro-RO\",\"@id\":\"https:\\\/\\\/shopatoa.com\\\/ro\\\/bellissima-styler-cu-aer-cald-coanda-11956-prodigy-2\\\/#primaryimage\",\"url\":\"https:\\\/\\\/storage.googleapis.com\\\/cz-shopatoa-img\\\/ro\\\/415be4b6-unnamed-file.webp\",\"contentUrl\":\"https:\\\/\\\/storage.googleapis.com\\\/cz-shopatoa-img\\\/ro\\\/415be4b6-unnamed-file.webp\",\"width\":800,\"height\":800},{\"@type\":\"BreadcrumbList\",\"@id\":\"https:\\\/\\\/shopatoa.com\\\/ro\\\/bellissima-styler-cu-aer-cald-coanda-11956-prodigy-2\\\/#breadcrumb\",\"itemListElement\":[{\"@type\":\"ListItem\",\"position\":1,\"name\":\"Dom\u016f\",\"item\":\"https:\\\/\\\/shopatoa.com\\\/ro\\\/\"},{\"@type\":\"ListItem\",\"position\":2,\"name\":\"Shop\",\"item\":\"https:\\\/\\\/shopatoa.com\\\/ro\\\/shop\\\/\"},{\"@type\":\"ListItem\",\"position\":3,\"name\":\"Cosmetice\",\"item\":\"https:\\\/\\\/shopatoa.com\\\/ro\\\/cosmetice\\\/\"},{\"@type\":\"ListItem\",\"position\":4,\"name\":\"Produse cosmetice pentru p\u0103r\",\"item\":\"https:\\\/\\\/shopatoa.com\\\/ro\\\/produse-cosmetice-pentru-par\\\/\"},{\"@type\":\"ListItem\",\"position\":5,\"name\":\"Produse, aparate \u0219i accesorii pentru p\u0103r\",\"item\":\"https:\\\/\\\/shopatoa.com\\\/ro\\\/produse-aparate-si-accesorii-pentru-par\\\/\"},{\"@type\":\"ListItem\",\"position\":6,\"name\":\"Ondulatoare pentru p\u0103r\",\"item\":\"https:\\\/\\\/shopatoa.com\\\/ro\\\/ondulatoare-pentru-par\\\/\"},{\"@type\":\"ListItem\",\"position\":7,\"name\":\"Bellissima Styler cu aer cald Coanda 11956 Prodigy\"}]},{\"@type\":\"WebSite\",\"@id\":\"https:\\\/\\\/shopatoa.com\\\/ro\\\/#website\",\"url\":\"https:\\\/\\\/shopatoa.com\\\/ro\\\/\",\"name\":\"SHOPATOA\",\"description\":\"\",\"publisher\":{\"@id\":\"https:\\\/\\\/shopatoa.com\\\/ro\\\/#organization\"},\"potentialAction\":[{\"@type\":\"SearchAction\",\"target\":{\"@type\":\"EntryPoint\",\"urlTemplate\":\"https:\\\/\\\/shopatoa.com\\\/ro\\\/?s={search_term_string}\"},\"query-input\":{\"@type\":\"PropertyValueSpecification\",\"valueRequired\":true,\"valueName\":\"search_term_string\"}}],\"inLanguage\":\"ro-RO\"},{\"@type\":\"Organization\",\"@id\":\"https:\\\/\\\/shopatoa.com\\\/ro\\\/#organization\",\"name\":\"SHOPATOA\",\"url\":\"https:\\\/\\\/shopatoa.com\\\/ro\\\/\",\"logo\":{\"@type\":\"ImageObject\",\"inLanguage\":\"ro-RO\",\"@id\":\"https:\\\/\\\/shopatoa.com\\\/ro\\\/#\\\/schema\\\/logo\\\/image\\\/\",\"url\":\"https:\\\/\\\/storage.googleapis.com\\\/cz-shopatoa-img\\\/ro\\\/b4dac915-shopatoa_logo.png\",\"contentUrl\":\"https:\\\/\\\/storage.googleapis.com\\\/cz-shopatoa-img\\\/ro\\\/b4dac915-shopatoa_logo.png\",\"width\":416,\"height\":63,\"caption\":\"SHOPATOA\"},\"image\":{\"@id\":\"https:\\\/\\\/shopatoa.com\\\/ro\\\/#\\\/schema\\\/logo\\\/image\\\/\"}}]}<\/script>\n<!-- \/ Yoast SEO plugin. -->","yoast_head_json":{"title":"Bellissima Styler cu aer cald Coanda 11956 Prodigy - SHOPATOA.COM","robots":{"index":"index","follow":"follow","max-snippet":"max-snippet:-1","max-image-preview":"max-image-preview:large","max-video-preview":"max-video-preview:-1"},"canonical":"https:\/\/shopatoa.com\/ro\/bellissima-styler-cu-aer-cald-coanda-11956-prodigy-2\/","og_locale":"ro_RO","og_type":"article","og_title":"Bellissima Styler cu aer cald Coanda 11956 Prodigy - SHOPATOA.COM","og_description":"Descoperi\u021bi un styler revolu\u021bionar cu aer cald, echipat cu tehnologia Coanda, care combin\u0103 suprafa\u021ba ceramic\u0103, ionizarea \u0219i radia\u021biile infraro\u0219ii pentru o \u00eengrijire delicat\u0103 \u0219i eficient\u0103 a p\u0103rului. Motorul digital de 1200 W genereaz\u0103 un flux de aer puternic, care accelereaz\u0103 procesul de uscare \u0219i v\u0103 permite s\u0103 ob\u021bine\u021bi coafuri perfecte rapid \u0219i eficient. Dispozitivul dispune...","og_url":"https:\/\/shopatoa.com\/ro\/bellissima-styler-cu-aer-cald-coanda-11956-prodigy-2\/","og_site_name":"SHOPATOA","article_modified_time":"2025-12-08T22:43:21+00:00","og_image":[{"width":800,"height":800,"url":"https:\/\/storage.googleapis.com\/cz-shopatoa-img\/ro\/415be4b6-unnamed-file.webp","type":"image\/webp"}],"twitter_card":"summary_large_image","twitter_misc":{"Timp estimat pentru citire":"1 minut"},"schema":{"@context":"https:\/\/schema.org","@graph":[{"@type":"WebPage","@id":"https:\/\/shopatoa.com\/ro\/bellissima-styler-cu-aer-cald-coanda-11956-prodigy-2\/","url":"https:\/\/shopatoa.com\/ro\/bellissima-styler-cu-aer-cald-coanda-11956-prodigy-2\/","name":"Bellissima Styler cu aer cald Coanda 11956 Prodigy - SHOPATOA.COM","isPartOf":{"@id":"https:\/\/shopatoa.com\/ro\/#website"},"primaryImageOfPage":{"@id":"https:\/\/shopatoa.com\/ro\/bellissima-styler-cu-aer-cald-coanda-11956-prodigy-2\/#primaryimage"},"image":{"@id":"https:\/\/shopatoa.com\/ro\/bellissima-styler-cu-aer-cald-coanda-11956-prodigy-2\/#primaryimage"},"thumbnailUrl":"https:\/\/storage.googleapis.com\/cz-shopatoa-img\/ro\/415be4b6-unnamed-file.webp","datePublished":"2025-05-22T01:16:39+00:00","dateModified":"2025-12-08T22:43:21+00:00","breadcrumb":{"@id":"https:\/\/shopatoa.com\/ro\/bellissima-styler-cu-aer-cald-coanda-11956-prodigy-2\/#breadcrumb"},"inLanguage":"ro-RO","potentialAction":[{"@type":"ReadAction","target":["https:\/\/shopatoa.com\/ro\/bellissima-styler-cu-aer-cald-coanda-11956-prodigy-2\/"]}]},{"@type":"ImageObject","inLanguage":"ro-RO","@id":"https:\/\/shopatoa.com\/ro\/bellissima-styler-cu-aer-cald-coanda-11956-prodigy-2\/#primaryimage","url":"https:\/\/storage.googleapis.com\/cz-shopatoa-img\/ro\/415be4b6-unnamed-file.webp","contentUrl":"https:\/\/storage.googleapis.com\/cz-shopatoa-img\/ro\/415be4b6-unnamed-file.webp","width":800,"height":800},{"@type":"BreadcrumbList","@id":"https:\/\/shopatoa.com\/ro\/bellissima-styler-cu-aer-cald-coanda-11956-prodigy-2\/#breadcrumb","itemListElement":[{"@type":"ListItem","position":1,"name":"Dom\u016f","item":"https:\/\/shopatoa.com\/ro\/"},{"@type":"ListItem","position":2,"name":"Shop","item":"https:\/\/shopatoa.com\/ro\/shop\/"},{"@type":"ListItem","position":3,"name":"Cosmetice","item":"https:\/\/shopatoa.com\/ro\/cosmetice\/"},{"@type":"ListItem","position":4,"name":"Produse cosmetice pentru p\u0103r","item":"https:\/\/shopatoa.com\/ro\/produse-cosmetice-pentru-par\/"},{"@type":"ListItem","position":5,"name":"Produse, aparate \u0219i accesorii pentru p\u0103r","item":"https:\/\/shopatoa.com\/ro\/produse-aparate-si-accesorii-pentru-par\/"},{"@type":"ListItem","position":6,"name":"Ondulatoare pentru p\u0103r","item":"https:\/\/shopatoa.com\/ro\/ondulatoare-pentru-par\/"},{"@type":"ListItem","position":7,"name":"Bellissima Styler cu aer cald Coanda 11956 Prodigy"}]},{"@type":"WebSite","@id":"https:\/\/shopatoa.com\/ro\/#website","url":"https:\/\/shopatoa.com\/ro\/","name":"SHOPATOA","description":"","publisher":{"@id":"https:\/\/shopatoa.com\/ro\/#organization"},"potentialAction":[{"@type":"SearchAction","target":{"@type":"EntryPoint","urlTemplate":"https:\/\/shopatoa.com\/ro\/?s={search_term_string}"},"query-input":{"@type":"PropertyValueSpecification","valueRequired":true,"valueName":"search_term_string"}}],"inLanguage":"ro-RO"},{"@type":"Organization","@id":"https:\/\/shopatoa.com\/ro\/#organization","name":"SHOPATOA","url":"https:\/\/shopatoa.com\/ro\/","logo":{"@type":"ImageObject","inLanguage":"ro-RO","@id":"https:\/\/shopatoa.com\/ro\/#\/schema\/logo\/image\/","url":"https:\/\/storage.googleapis.com\/cz-shopatoa-img\/ro\/b4dac915-shopatoa_logo.png","contentUrl":"https:\/\/storage.googleapis.com\/cz-shopatoa-img\/ro\/b4dac915-shopatoa_logo.png","width":416,"height":63,"caption":"SHOPATOA"},"image":{"@id":"https:\/\/shopatoa.com\/ro\/#\/schema\/logo\/image\/"}}]}},"_links":{"self":[{"href":"https:\/\/shopatoa.com\/ro\/wp-json\/wp\/v2\/product\/372165","targetHints":{"allow":["GET"]}}],"collection":[{"href":"https:\/\/shopatoa.com\/ro\/wp-json\/wp\/v2\/product"}],"about":[{"href":"https:\/\/shopatoa.com\/ro\/wp-json\/wp\/v2\/types\/product"}],"replies":[{"embeddable":true,"href":"https:\/\/shopatoa.com\/ro\/wp-json\/wp\/v2\/comments?post=372165"}],"wp:featuredmedia":[{"embeddable":true,"href":"https:\/\/shopatoa.com\/ro\/wp-json\/wp\/v2\/media\/372166"}],"wp:attachment":[{"href":"https:\/\/shopatoa.com\/ro\/wp-json\/wp\/v2\/media?parent=372165"}],"wp:term":[{"taxonomy":"product_brand","embeddable":true,"href":"https:\/\/shopatoa.com\/ro\/wp-json\/wp\/v2\/product_brand?post=372165"},{"taxonomy":"product_cat","embeddable":true,"href":"https:\/\/shopatoa.com\/ro\/wp-json\/wp\/v2\/product_cat?post=372165"},{"taxonomy":"product_tag","embeddable":true,"href":"https:\/\/shopatoa.com\/ro\/wp-json\/wp\/v2\/product_tag?post=372165"}],"curies":[{"name":"wp","href":"https:\/\/api.w.org\/{rel}","templated":true}]}}