{"id":372167,"date":"2025-05-22T03:16:39","date_gmt":"2025-05-22T01:16:39","guid":{"rendered":"https:\/\/shopatoa.com\/ro\/bellissima-placa-de-par-cu-aer-cald-11967-airsleek-2\/"},"modified":"2025-12-08T23:43:14","modified_gmt":"2025-12-08T22:43:14","slug":"bellissima-placa-de-par-cu-aer-cald-11967-airsleek-2","status":"publish","type":"product","link":"https:\/\/shopatoa.com\/ro\/bellissima-placa-de-par-cu-aer-cald-11967-airsleek-2\/","title":{"rendered":"Bellissima Plac\u0103 de p\u0103r cu aer cald 11967 Airsleek"},"content":{"rendered":"<p>O plac\u0103 inovativ\u0103 pentru p\u0103r 2 \u00een 1, care usuc\u0103 \u0219i \u00eendreapt\u0103 p\u0103rul doar folosind un flux de aer, f\u0103r\u0103 a fi necesar s\u0103 folose\u0219ti c\u0103ldur\u0103 extrem\u0103. Datorit\u0103 tehnologiei exclusive, aparatul poate fi utilizat direct pe p\u0103rul umed, reduc\u00e2nd timpul de coafare \u0219i protej\u00e2nd p\u0103rul de deteriorare. Sistemul special Easy Brush, cu perii laterale, asigur\u0103 alunecarea lin\u0103 pe p\u0103r \u0219i un control maxim \u00een timpul coaf\u0103rii. Tehnologia ionizant\u0103 reduce efectul de p\u0103r electrizat, men\u021bine hidratarea natural\u0103 \u0219i las\u0103 p\u0103rul moale \u0219i str\u0103lucitor. Suprafa\u021ba ceramic\u0103 \u0219i cu keratin\u0103 ofer\u0103 protec\u021bie, sus\u021bine str\u0103lucirea \u0219i vitalitatea p\u0103rului la fiecare utilizare.<\/p>\n","protected":false},"excerpt":{"rendered":"<p>O plac\u0103 inovativ\u0103 pentru p\u0103r 2 \u00een 1, care usuc\u0103 \u0219i \u00eendreapt\u0103 p\u0103rul doar folosind un flux de aer, f\u0103r\u0103 a fi necesar s\u0103 folose\u0219ti c\u0103ldur\u0103 extrem\u0103. Datorit\u0103 tehnologiei exclusive, aparatul poate fi utilizat direct pe p\u0103rul umed, reduc\u00e2nd timpul de coafare \u0219i protej\u00e2nd p\u0103rul de deteriorare. Sistemul special Easy Brush, cu perii laterale, asigur\u0103&#8230;<\/p>\n","protected":false},"featured_media":372168,"comment_status":"closed","ping_status":"open","template":"","meta":{"_acf_changed":false,"_kadence_starter_templates_imported_post":false,"_kad_post_transparent":"","_kad_post_title":"","_kad_post_layout":"","_kad_post_sidebar_id":"","_kad_post_content_style":"","_kad_post_vertical_padding":"","_kad_post_feature":"","_kad_post_feature_position":"","_kad_post_header":false,"_kad_post_footer":false,"_kad_post_classname":""},"product_brand":[976],"product_cat":[246,727,623,624],"product_tag":[],"class_list":{"0":"post-372167","1":"product","2":"type-product","3":"status-publish","4":"has-post-thumbnail","6":"product_brand-bellissima","7":"product_cat-cosmetice","8":"product_cat-placa-pentru-par","9":"product_cat-produse-cosmetice-pentru-par","10":"product_cat-produse-aparate-si-accesorii-pentru-par","12":"first","13":"instock","14":"product-type-external","15":"entry","16":"content-bg","17":"loop-entry"},"acf":[],"yoast_head":"<!-- This site is optimized with the Yoast SEO plugin v27.4 - https:\/\/yoast.com\/product\/yoast-seo-wordpress\/ -->\n<title>Bellissima Plac\u0103 de p\u0103r cu aer cald 11967 Airsleek - SHOPATOA.COM<\/title>\n<meta name=\"robots\" content=\"index, follow, max-snippet:-1, max-image-preview:large, max-video-preview:-1\" \/>\n<link rel=\"canonical\" href=\"https:\/\/shopatoa.com\/ro\/bellissima-placa-de-par-cu-aer-cald-11967-airsleek-2\/\" \/>\n<meta property=\"og:locale\" content=\"ro_RO\" \/>\n<meta property=\"og:type\" content=\"article\" \/>\n<meta property=\"og:title\" content=\"Bellissima Plac\u0103 de p\u0103r cu aer cald 11967 Airsleek - SHOPATOA.COM\" \/>\n<meta property=\"og:description\" content=\"O plac\u0103 inovativ\u0103 pentru p\u0103r 2 \u00een 1, care usuc\u0103 \u0219i \u00eendreapt\u0103 p\u0103rul doar folosind un flux de aer, f\u0103r\u0103 a fi necesar s\u0103 folose\u0219ti c\u0103ldur\u0103 extrem\u0103. Datorit\u0103 tehnologiei exclusive, aparatul poate fi utilizat direct pe p\u0103rul umed, reduc\u00e2nd timpul de coafare \u0219i protej\u00e2nd p\u0103rul de deteriorare. Sistemul special Easy Brush, cu perii laterale, asigur\u0103...\" \/>\n<meta property=\"og:url\" content=\"https:\/\/shopatoa.com\/ro\/bellissima-placa-de-par-cu-aer-cald-11967-airsleek-2\/\" \/>\n<meta property=\"og:site_name\" content=\"SHOPATOA\" \/>\n<meta property=\"article:modified_time\" content=\"2025-12-08T22:43:14+00:00\" \/>\n<meta property=\"og:image\" content=\"https:\/\/storage.googleapis.com\/cz-shopatoa-img\/ro\/801cea62-unnamed-file.webp\" \/>\n\t<meta property=\"og:image:width\" content=\"800\" \/>\n\t<meta property=\"og:image:height\" content=\"800\" \/>\n\t<meta property=\"og:image:type\" content=\"image\/webp\" \/>\n<meta name=\"twitter:card\" content=\"summary_large_image\" \/>\n<meta name=\"twitter:label1\" content=\"Timp estimat pentru citire\" \/>\n\t<meta name=\"twitter:data1\" content=\"1 minut\" \/>\n<script type=\"application\/ld+json\" class=\"yoast-schema-graph\">{\"@context\":\"https:\\\/\\\/schema.org\",\"@graph\":[{\"@type\":\"WebPage\",\"@id\":\"https:\\\/\\\/shopatoa.com\\\/ro\\\/bellissima-placa-de-par-cu-aer-cald-11967-airsleek-2\\\/\",\"url\":\"https:\\\/\\\/shopatoa.com\\\/ro\\\/bellissima-placa-de-par-cu-aer-cald-11967-airsleek-2\\\/\",\"name\":\"Bellissima Plac\u0103 de p\u0103r cu aer cald 11967 Airsleek - SHOPATOA.COM\",\"isPartOf\":{\"@id\":\"https:\\\/\\\/shopatoa.com\\\/ro\\\/#website\"},\"primaryImageOfPage\":{\"@id\":\"https:\\\/\\\/shopatoa.com\\\/ro\\\/bellissima-placa-de-par-cu-aer-cald-11967-airsleek-2\\\/#primaryimage\"},\"image\":{\"@id\":\"https:\\\/\\\/shopatoa.com\\\/ro\\\/bellissima-placa-de-par-cu-aer-cald-11967-airsleek-2\\\/#primaryimage\"},\"thumbnailUrl\":\"https:\\\/\\\/storage.googleapis.com\\\/cz-shopatoa-img\\\/ro\\\/801cea62-unnamed-file.webp\",\"datePublished\":\"2025-05-22T01:16:39+00:00\",\"dateModified\":\"2025-12-08T22:43:14+00:00\",\"breadcrumb\":{\"@id\":\"https:\\\/\\\/shopatoa.com\\\/ro\\\/bellissima-placa-de-par-cu-aer-cald-11967-airsleek-2\\\/#breadcrumb\"},\"inLanguage\":\"ro-RO\",\"potentialAction\":[{\"@type\":\"ReadAction\",\"target\":[\"https:\\\/\\\/shopatoa.com\\\/ro\\\/bellissima-placa-de-par-cu-aer-cald-11967-airsleek-2\\\/\"]}]},{\"@type\":\"ImageObject\",\"inLanguage\":\"ro-RO\",\"@id\":\"https:\\\/\\\/shopatoa.com\\\/ro\\\/bellissima-placa-de-par-cu-aer-cald-11967-airsleek-2\\\/#primaryimage\",\"url\":\"https:\\\/\\\/storage.googleapis.com\\\/cz-shopatoa-img\\\/ro\\\/801cea62-unnamed-file.webp\",\"contentUrl\":\"https:\\\/\\\/storage.googleapis.com\\\/cz-shopatoa-img\\\/ro\\\/801cea62-unnamed-file.webp\",\"width\":800,\"height\":800},{\"@type\":\"BreadcrumbList\",\"@id\":\"https:\\\/\\\/shopatoa.com\\\/ro\\\/bellissima-placa-de-par-cu-aer-cald-11967-airsleek-2\\\/#breadcrumb\",\"itemListElement\":[{\"@type\":\"ListItem\",\"position\":1,\"name\":\"Dom\u016f\",\"item\":\"https:\\\/\\\/shopatoa.com\\\/ro\\\/\"},{\"@type\":\"ListItem\",\"position\":2,\"name\":\"Shop\",\"item\":\"https:\\\/\\\/shopatoa.com\\\/ro\\\/shop\\\/\"},{\"@type\":\"ListItem\",\"position\":3,\"name\":\"Cosmetice\",\"item\":\"https:\\\/\\\/shopatoa.com\\\/ro\\\/cosmetice\\\/\"},{\"@type\":\"ListItem\",\"position\":4,\"name\":\"Produse cosmetice pentru p\u0103r\",\"item\":\"https:\\\/\\\/shopatoa.com\\\/ro\\\/produse-cosmetice-pentru-par\\\/\"},{\"@type\":\"ListItem\",\"position\":5,\"name\":\"Produse, aparate \u0219i accesorii pentru p\u0103r\",\"item\":\"https:\\\/\\\/shopatoa.com\\\/ro\\\/produse-aparate-si-accesorii-pentru-par\\\/\"},{\"@type\":\"ListItem\",\"position\":6,\"name\":\"Plac\u0103 pentru p\u0103r\",\"item\":\"https:\\\/\\\/shopatoa.com\\\/ro\\\/placa-pentru-par\\\/\"},{\"@type\":\"ListItem\",\"position\":7,\"name\":\"Bellissima Plac\u0103 de p\u0103r cu aer cald 11967 Airsleek\"}]},{\"@type\":\"WebSite\",\"@id\":\"https:\\\/\\\/shopatoa.com\\\/ro\\\/#website\",\"url\":\"https:\\\/\\\/shopatoa.com\\\/ro\\\/\",\"name\":\"SHOPATOA\",\"description\":\"\",\"publisher\":{\"@id\":\"https:\\\/\\\/shopatoa.com\\\/ro\\\/#organization\"},\"potentialAction\":[{\"@type\":\"SearchAction\",\"target\":{\"@type\":\"EntryPoint\",\"urlTemplate\":\"https:\\\/\\\/shopatoa.com\\\/ro\\\/?s={search_term_string}\"},\"query-input\":{\"@type\":\"PropertyValueSpecification\",\"valueRequired\":true,\"valueName\":\"search_term_string\"}}],\"inLanguage\":\"ro-RO\"},{\"@type\":\"Organization\",\"@id\":\"https:\\\/\\\/shopatoa.com\\\/ro\\\/#organization\",\"name\":\"SHOPATOA\",\"url\":\"https:\\\/\\\/shopatoa.com\\\/ro\\\/\",\"logo\":{\"@type\":\"ImageObject\",\"inLanguage\":\"ro-RO\",\"@id\":\"https:\\\/\\\/shopatoa.com\\\/ro\\\/#\\\/schema\\\/logo\\\/image\\\/\",\"url\":\"https:\\\/\\\/storage.googleapis.com\\\/cz-shopatoa-img\\\/ro\\\/b4dac915-shopatoa_logo.png\",\"contentUrl\":\"https:\\\/\\\/storage.googleapis.com\\\/cz-shopatoa-img\\\/ro\\\/b4dac915-shopatoa_logo.png\",\"width\":416,\"height\":63,\"caption\":\"SHOPATOA\"},\"image\":{\"@id\":\"https:\\\/\\\/shopatoa.com\\\/ro\\\/#\\\/schema\\\/logo\\\/image\\\/\"}}]}<\/script>\n<!-- \/ Yoast SEO plugin. -->","yoast_head_json":{"title":"Bellissima Plac\u0103 de p\u0103r cu aer cald 11967 Airsleek - SHOPATOA.COM","robots":{"index":"index","follow":"follow","max-snippet":"max-snippet:-1","max-image-preview":"max-image-preview:large","max-video-preview":"max-video-preview:-1"},"canonical":"https:\/\/shopatoa.com\/ro\/bellissima-placa-de-par-cu-aer-cald-11967-airsleek-2\/","og_locale":"ro_RO","og_type":"article","og_title":"Bellissima Plac\u0103 de p\u0103r cu aer cald 11967 Airsleek - SHOPATOA.COM","og_description":"O plac\u0103 inovativ\u0103 pentru p\u0103r 2 \u00een 1, care usuc\u0103 \u0219i \u00eendreapt\u0103 p\u0103rul doar folosind un flux de aer, f\u0103r\u0103 a fi necesar s\u0103 folose\u0219ti c\u0103ldur\u0103 extrem\u0103. Datorit\u0103 tehnologiei exclusive, aparatul poate fi utilizat direct pe p\u0103rul umed, reduc\u00e2nd timpul de coafare \u0219i protej\u00e2nd p\u0103rul de deteriorare. Sistemul special Easy Brush, cu perii laterale, asigur\u0103...","og_url":"https:\/\/shopatoa.com\/ro\/bellissima-placa-de-par-cu-aer-cald-11967-airsleek-2\/","og_site_name":"SHOPATOA","article_modified_time":"2025-12-08T22:43:14+00:00","og_image":[{"width":800,"height":800,"url":"https:\/\/storage.googleapis.com\/cz-shopatoa-img\/ro\/801cea62-unnamed-file.webp","type":"image\/webp"}],"twitter_card":"summary_large_image","twitter_misc":{"Timp estimat pentru citire":"1 minut"},"schema":{"@context":"https:\/\/schema.org","@graph":[{"@type":"WebPage","@id":"https:\/\/shopatoa.com\/ro\/bellissima-placa-de-par-cu-aer-cald-11967-airsleek-2\/","url":"https:\/\/shopatoa.com\/ro\/bellissima-placa-de-par-cu-aer-cald-11967-airsleek-2\/","name":"Bellissima Plac\u0103 de p\u0103r cu aer cald 11967 Airsleek - SHOPATOA.COM","isPartOf":{"@id":"https:\/\/shopatoa.com\/ro\/#website"},"primaryImageOfPage":{"@id":"https:\/\/shopatoa.com\/ro\/bellissima-placa-de-par-cu-aer-cald-11967-airsleek-2\/#primaryimage"},"image":{"@id":"https:\/\/shopatoa.com\/ro\/bellissima-placa-de-par-cu-aer-cald-11967-airsleek-2\/#primaryimage"},"thumbnailUrl":"https:\/\/storage.googleapis.com\/cz-shopatoa-img\/ro\/801cea62-unnamed-file.webp","datePublished":"2025-05-22T01:16:39+00:00","dateModified":"2025-12-08T22:43:14+00:00","breadcrumb":{"@id":"https:\/\/shopatoa.com\/ro\/bellissima-placa-de-par-cu-aer-cald-11967-airsleek-2\/#breadcrumb"},"inLanguage":"ro-RO","potentialAction":[{"@type":"ReadAction","target":["https:\/\/shopatoa.com\/ro\/bellissima-placa-de-par-cu-aer-cald-11967-airsleek-2\/"]}]},{"@type":"ImageObject","inLanguage":"ro-RO","@id":"https:\/\/shopatoa.com\/ro\/bellissima-placa-de-par-cu-aer-cald-11967-airsleek-2\/#primaryimage","url":"https:\/\/storage.googleapis.com\/cz-shopatoa-img\/ro\/801cea62-unnamed-file.webp","contentUrl":"https:\/\/storage.googleapis.com\/cz-shopatoa-img\/ro\/801cea62-unnamed-file.webp","width":800,"height":800},{"@type":"BreadcrumbList","@id":"https:\/\/shopatoa.com\/ro\/bellissima-placa-de-par-cu-aer-cald-11967-airsleek-2\/#breadcrumb","itemListElement":[{"@type":"ListItem","position":1,"name":"Dom\u016f","item":"https:\/\/shopatoa.com\/ro\/"},{"@type":"ListItem","position":2,"name":"Shop","item":"https:\/\/shopatoa.com\/ro\/shop\/"},{"@type":"ListItem","position":3,"name":"Cosmetice","item":"https:\/\/shopatoa.com\/ro\/cosmetice\/"},{"@type":"ListItem","position":4,"name":"Produse cosmetice pentru p\u0103r","item":"https:\/\/shopatoa.com\/ro\/produse-cosmetice-pentru-par\/"},{"@type":"ListItem","position":5,"name":"Produse, aparate \u0219i accesorii pentru p\u0103r","item":"https:\/\/shopatoa.com\/ro\/produse-aparate-si-accesorii-pentru-par\/"},{"@type":"ListItem","position":6,"name":"Plac\u0103 pentru p\u0103r","item":"https:\/\/shopatoa.com\/ro\/placa-pentru-par\/"},{"@type":"ListItem","position":7,"name":"Bellissima Plac\u0103 de p\u0103r cu aer cald 11967 Airsleek"}]},{"@type":"WebSite","@id":"https:\/\/shopatoa.com\/ro\/#website","url":"https:\/\/shopatoa.com\/ro\/","name":"SHOPATOA","description":"","publisher":{"@id":"https:\/\/shopatoa.com\/ro\/#organization"},"potentialAction":[{"@type":"SearchAction","target":{"@type":"EntryPoint","urlTemplate":"https:\/\/shopatoa.com\/ro\/?s={search_term_string}"},"query-input":{"@type":"PropertyValueSpecification","valueRequired":true,"valueName":"search_term_string"}}],"inLanguage":"ro-RO"},{"@type":"Organization","@id":"https:\/\/shopatoa.com\/ro\/#organization","name":"SHOPATOA","url":"https:\/\/shopatoa.com\/ro\/","logo":{"@type":"ImageObject","inLanguage":"ro-RO","@id":"https:\/\/shopatoa.com\/ro\/#\/schema\/logo\/image\/","url":"https:\/\/storage.googleapis.com\/cz-shopatoa-img\/ro\/b4dac915-shopatoa_logo.png","contentUrl":"https:\/\/storage.googleapis.com\/cz-shopatoa-img\/ro\/b4dac915-shopatoa_logo.png","width":416,"height":63,"caption":"SHOPATOA"},"image":{"@id":"https:\/\/shopatoa.com\/ro\/#\/schema\/logo\/image\/"}}]}},"_links":{"self":[{"href":"https:\/\/shopatoa.com\/ro\/wp-json\/wp\/v2\/product\/372167","targetHints":{"allow":["GET"]}}],"collection":[{"href":"https:\/\/shopatoa.com\/ro\/wp-json\/wp\/v2\/product"}],"about":[{"href":"https:\/\/shopatoa.com\/ro\/wp-json\/wp\/v2\/types\/product"}],"replies":[{"embeddable":true,"href":"https:\/\/shopatoa.com\/ro\/wp-json\/wp\/v2\/comments?post=372167"}],"wp:featuredmedia":[{"embeddable":true,"href":"https:\/\/shopatoa.com\/ro\/wp-json\/wp\/v2\/media\/372168"}],"wp:attachment":[{"href":"https:\/\/shopatoa.com\/ro\/wp-json\/wp\/v2\/media?parent=372167"}],"wp:term":[{"taxonomy":"product_brand","embeddable":true,"href":"https:\/\/shopatoa.com\/ro\/wp-json\/wp\/v2\/product_brand?post=372167"},{"taxonomy":"product_cat","embeddable":true,"href":"https:\/\/shopatoa.com\/ro\/wp-json\/wp\/v2\/product_cat?post=372167"},{"taxonomy":"product_tag","embeddable":true,"href":"https:\/\/shopatoa.com\/ro\/wp-json\/wp\/v2\/product_tag?post=372167"}],"curies":[{"name":"wp","href":"https:\/\/api.w.org\/{rel}","templated":true}]}}