{"id":372455,"date":"2025-05-22T03:37:34","date_gmt":"2025-05-22T01:37:34","guid":{"rendered":"https:\/\/shopatoa.com\/ro\/valentino-valentino-donna-born-in-roma-edp-100-ml-2\/"},"modified":"2025-12-08T19:23:55","modified_gmt":"2025-12-08T18:23:55","slug":"valentino-valentino-donna-born-in-roma-edp-100-ml-2","status":"publish","type":"product","link":"https:\/\/shopatoa.com\/ro\/valentino-valentino-donna-born-in-roma-edp-100-ml-2\/","title":{"rendered":"Valentino Valentino Donna Born In Roma &#8211; EDP 100 ml"},"content":{"rendered":"<p>Stilul perfect \u0219i luxul acestei capodopere sunt deja evidente la prima vedere din designul exterior. Parfumul floral oriental luxos este \u00eembr\u0103cat \u00eentr-o sticl\u0103 masiv\u0103 decorat\u0103 cu un relief modern \u00een stilul clasic Valentino, iar elixirul a c\u0103p\u0103tat o culoare roz deschis care aminte\u0219te de romantismul \u0219i elegan\u021ba caracterului s\u0103u sofisticat. Compozi\u021bia este inspirat\u0103 din priveli\u0219tile str\u0103lucitoare ale celebrei arhitecturi romane, care au atras de mult\u0103 vreme milioane de turi\u0219ti \u00een acest ora\u0219. Imaginea floral\u0103 cald\u0103 este compus\u0103 din trei tipuri de parfum de iasomie, fiecare fiind frumos \u00een felul s\u0103u. Parfumul a fost lansat pe pia\u021b\u0103 \u00een anul 2019.<\/p>\n","protected":false},"excerpt":{"rendered":"<p>Stilul perfect \u0219i luxul acestei capodopere sunt deja evidente la prima vedere din designul exterior. Parfumul floral oriental luxos este \u00eembr\u0103cat \u00eentr-o sticl\u0103 masiv\u0103 decorat\u0103 cu un relief modern \u00een stilul clasic Valentino, iar elixirul a c\u0103p\u0103tat o culoare roz deschis care aminte\u0219te de romantismul \u0219i elegan\u021ba caracterului s\u0103u sofisticat. Compozi\u021bia este inspirat\u0103 din priveli\u0219tile&#8230;<\/p>\n","protected":false},"featured_media":372456,"comment_status":"closed","ping_status":"open","template":"","meta":{"_acf_changed":false,"_kadence_starter_templates_imported_post":false,"_kad_post_transparent":"","_kad_post_title":"","_kad_post_layout":"","_kad_post_sidebar_id":"","_kad_post_content_style":"","_kad_post_vertical_padding":"","_kad_post_feature":"","_kad_post_feature_position":"","_kad_post_header":false,"_kad_post_footer":false,"_kad_post_classname":""},"product_brand":[286],"product_cat":[619,614],"product_tag":[],"class_list":{"0":"post-372455","1":"product","2":"type-product","3":"status-publish","4":"has-post-thumbnail","6":"product_brand-valentino","7":"product_cat-ape-de-parfum-edp","8":"product_cat-parfumuri","10":"first","11":"instock","12":"product-type-external","13":"entry","14":"content-bg","15":"loop-entry"},"acf":[],"yoast_head":"<!-- This site is optimized with the Yoast SEO plugin v27.4 - https:\/\/yoast.com\/product\/yoast-seo-wordpress\/ -->\n<title>Valentino Valentino Donna Born In Roma - EDP 100 ml - SHOPATOA.COM<\/title>\n<meta name=\"robots\" content=\"index, follow, max-snippet:-1, max-image-preview:large, max-video-preview:-1\" \/>\n<link rel=\"canonical\" href=\"https:\/\/shopatoa.com\/ro\/valentino-valentino-donna-born-in-roma-edp-100-ml-2\/\" \/>\n<meta property=\"og:locale\" content=\"ro_RO\" \/>\n<meta property=\"og:type\" content=\"article\" \/>\n<meta property=\"og:title\" content=\"Valentino Valentino Donna Born In Roma - EDP 100 ml - SHOPATOA.COM\" \/>\n<meta property=\"og:description\" content=\"Stilul perfect \u0219i luxul acestei capodopere sunt deja evidente la prima vedere din designul exterior. Parfumul floral oriental luxos este \u00eembr\u0103cat \u00eentr-o sticl\u0103 masiv\u0103 decorat\u0103 cu un relief modern \u00een stilul clasic Valentino, iar elixirul a c\u0103p\u0103tat o culoare roz deschis care aminte\u0219te de romantismul \u0219i elegan\u021ba caracterului s\u0103u sofisticat. Compozi\u021bia este inspirat\u0103 din priveli\u0219tile...\" \/>\n<meta property=\"og:url\" content=\"https:\/\/shopatoa.com\/ro\/valentino-valentino-donna-born-in-roma-edp-100-ml-2\/\" \/>\n<meta property=\"og:site_name\" content=\"SHOPATOA\" \/>\n<meta property=\"article:modified_time\" content=\"2025-12-08T18:23:55+00:00\" \/>\n<meta property=\"og:image\" content=\"https:\/\/storage.googleapis.com\/cz-shopatoa-img\/ro\/497c3b81-unnamed-file.webp\" \/>\n\t<meta property=\"og:image:width\" content=\"800\" \/>\n\t<meta property=\"og:image:height\" content=\"800\" \/>\n\t<meta property=\"og:image:type\" content=\"image\/webp\" \/>\n<meta name=\"twitter:card\" content=\"summary_large_image\" \/>\n<meta name=\"twitter:label1\" content=\"Timp estimat pentru citire\" \/>\n\t<meta name=\"twitter:data1\" content=\"1 minut\" \/>\n<script type=\"application\/ld+json\" class=\"yoast-schema-graph\">{\"@context\":\"https:\\\/\\\/schema.org\",\"@graph\":[{\"@type\":\"WebPage\",\"@id\":\"https:\\\/\\\/shopatoa.com\\\/ro\\\/valentino-valentino-donna-born-in-roma-edp-100-ml-2\\\/\",\"url\":\"https:\\\/\\\/shopatoa.com\\\/ro\\\/valentino-valentino-donna-born-in-roma-edp-100-ml-2\\\/\",\"name\":\"Valentino Valentino Donna Born In Roma - EDP 100 ml - SHOPATOA.COM\",\"isPartOf\":{\"@id\":\"https:\\\/\\\/shopatoa.com\\\/ro\\\/#website\"},\"primaryImageOfPage\":{\"@id\":\"https:\\\/\\\/shopatoa.com\\\/ro\\\/valentino-valentino-donna-born-in-roma-edp-100-ml-2\\\/#primaryimage\"},\"image\":{\"@id\":\"https:\\\/\\\/shopatoa.com\\\/ro\\\/valentino-valentino-donna-born-in-roma-edp-100-ml-2\\\/#primaryimage\"},\"thumbnailUrl\":\"https:\\\/\\\/storage.googleapis.com\\\/cz-shopatoa-img\\\/ro\\\/497c3b81-unnamed-file.webp\",\"datePublished\":\"2025-05-22T01:37:34+00:00\",\"dateModified\":\"2025-12-08T18:23:55+00:00\",\"breadcrumb\":{\"@id\":\"https:\\\/\\\/shopatoa.com\\\/ro\\\/valentino-valentino-donna-born-in-roma-edp-100-ml-2\\\/#breadcrumb\"},\"inLanguage\":\"ro-RO\",\"potentialAction\":[{\"@type\":\"ReadAction\",\"target\":[\"https:\\\/\\\/shopatoa.com\\\/ro\\\/valentino-valentino-donna-born-in-roma-edp-100-ml-2\\\/\"]}]},{\"@type\":\"ImageObject\",\"inLanguage\":\"ro-RO\",\"@id\":\"https:\\\/\\\/shopatoa.com\\\/ro\\\/valentino-valentino-donna-born-in-roma-edp-100-ml-2\\\/#primaryimage\",\"url\":\"https:\\\/\\\/storage.googleapis.com\\\/cz-shopatoa-img\\\/ro\\\/497c3b81-unnamed-file.webp\",\"contentUrl\":\"https:\\\/\\\/storage.googleapis.com\\\/cz-shopatoa-img\\\/ro\\\/497c3b81-unnamed-file.webp\",\"width\":800,\"height\":800},{\"@type\":\"BreadcrumbList\",\"@id\":\"https:\\\/\\\/shopatoa.com\\\/ro\\\/valentino-valentino-donna-born-in-roma-edp-100-ml-2\\\/#breadcrumb\",\"itemListElement\":[{\"@type\":\"ListItem\",\"position\":1,\"name\":\"Dom\u016f\",\"item\":\"https:\\\/\\\/shopatoa.com\\\/ro\\\/\"},{\"@type\":\"ListItem\",\"position\":2,\"name\":\"Shop\",\"item\":\"https:\\\/\\\/shopatoa.com\\\/ro\\\/shop\\\/\"},{\"@type\":\"ListItem\",\"position\":3,\"name\":\"Parfumuri\",\"item\":\"https:\\\/\\\/shopatoa.com\\\/ro\\\/parfumuri\\\/\"},{\"@type\":\"ListItem\",\"position\":4,\"name\":\"Ape de parfum (EDP)\",\"item\":\"https:\\\/\\\/shopatoa.com\\\/ro\\\/ape-de-parfum-edp\\\/\"},{\"@type\":\"ListItem\",\"position\":5,\"name\":\"Valentino Valentino Donna Born In Roma &#8211; EDP 100 ml\"}]},{\"@type\":\"WebSite\",\"@id\":\"https:\\\/\\\/shopatoa.com\\\/ro\\\/#website\",\"url\":\"https:\\\/\\\/shopatoa.com\\\/ro\\\/\",\"name\":\"SHOPATOA\",\"description\":\"\",\"publisher\":{\"@id\":\"https:\\\/\\\/shopatoa.com\\\/ro\\\/#organization\"},\"potentialAction\":[{\"@type\":\"SearchAction\",\"target\":{\"@type\":\"EntryPoint\",\"urlTemplate\":\"https:\\\/\\\/shopatoa.com\\\/ro\\\/?s={search_term_string}\"},\"query-input\":{\"@type\":\"PropertyValueSpecification\",\"valueRequired\":true,\"valueName\":\"search_term_string\"}}],\"inLanguage\":\"ro-RO\"},{\"@type\":\"Organization\",\"@id\":\"https:\\\/\\\/shopatoa.com\\\/ro\\\/#organization\",\"name\":\"SHOPATOA\",\"url\":\"https:\\\/\\\/shopatoa.com\\\/ro\\\/\",\"logo\":{\"@type\":\"ImageObject\",\"inLanguage\":\"ro-RO\",\"@id\":\"https:\\\/\\\/shopatoa.com\\\/ro\\\/#\\\/schema\\\/logo\\\/image\\\/\",\"url\":\"https:\\\/\\\/storage.googleapis.com\\\/cz-shopatoa-img\\\/ro\\\/b4dac915-shopatoa_logo.png\",\"contentUrl\":\"https:\\\/\\\/storage.googleapis.com\\\/cz-shopatoa-img\\\/ro\\\/b4dac915-shopatoa_logo.png\",\"width\":416,\"height\":63,\"caption\":\"SHOPATOA\"},\"image\":{\"@id\":\"https:\\\/\\\/shopatoa.com\\\/ro\\\/#\\\/schema\\\/logo\\\/image\\\/\"}}]}<\/script>\n<!-- \/ Yoast SEO plugin. -->","yoast_head_json":{"title":"Valentino Valentino Donna Born In Roma - EDP 100 ml - SHOPATOA.COM","robots":{"index":"index","follow":"follow","max-snippet":"max-snippet:-1","max-image-preview":"max-image-preview:large","max-video-preview":"max-video-preview:-1"},"canonical":"https:\/\/shopatoa.com\/ro\/valentino-valentino-donna-born-in-roma-edp-100-ml-2\/","og_locale":"ro_RO","og_type":"article","og_title":"Valentino Valentino Donna Born In Roma - EDP 100 ml - SHOPATOA.COM","og_description":"Stilul perfect \u0219i luxul acestei capodopere sunt deja evidente la prima vedere din designul exterior. Parfumul floral oriental luxos este \u00eembr\u0103cat \u00eentr-o sticl\u0103 masiv\u0103 decorat\u0103 cu un relief modern \u00een stilul clasic Valentino, iar elixirul a c\u0103p\u0103tat o culoare roz deschis care aminte\u0219te de romantismul \u0219i elegan\u021ba caracterului s\u0103u sofisticat. Compozi\u021bia este inspirat\u0103 din priveli\u0219tile...","og_url":"https:\/\/shopatoa.com\/ro\/valentino-valentino-donna-born-in-roma-edp-100-ml-2\/","og_site_name":"SHOPATOA","article_modified_time":"2025-12-08T18:23:55+00:00","og_image":[{"width":800,"height":800,"url":"https:\/\/storage.googleapis.com\/cz-shopatoa-img\/ro\/497c3b81-unnamed-file.webp","type":"image\/webp"}],"twitter_card":"summary_large_image","twitter_misc":{"Timp estimat pentru citire":"1 minut"},"schema":{"@context":"https:\/\/schema.org","@graph":[{"@type":"WebPage","@id":"https:\/\/shopatoa.com\/ro\/valentino-valentino-donna-born-in-roma-edp-100-ml-2\/","url":"https:\/\/shopatoa.com\/ro\/valentino-valentino-donna-born-in-roma-edp-100-ml-2\/","name":"Valentino Valentino Donna Born In Roma - EDP 100 ml - SHOPATOA.COM","isPartOf":{"@id":"https:\/\/shopatoa.com\/ro\/#website"},"primaryImageOfPage":{"@id":"https:\/\/shopatoa.com\/ro\/valentino-valentino-donna-born-in-roma-edp-100-ml-2\/#primaryimage"},"image":{"@id":"https:\/\/shopatoa.com\/ro\/valentino-valentino-donna-born-in-roma-edp-100-ml-2\/#primaryimage"},"thumbnailUrl":"https:\/\/storage.googleapis.com\/cz-shopatoa-img\/ro\/497c3b81-unnamed-file.webp","datePublished":"2025-05-22T01:37:34+00:00","dateModified":"2025-12-08T18:23:55+00:00","breadcrumb":{"@id":"https:\/\/shopatoa.com\/ro\/valentino-valentino-donna-born-in-roma-edp-100-ml-2\/#breadcrumb"},"inLanguage":"ro-RO","potentialAction":[{"@type":"ReadAction","target":["https:\/\/shopatoa.com\/ro\/valentino-valentino-donna-born-in-roma-edp-100-ml-2\/"]}]},{"@type":"ImageObject","inLanguage":"ro-RO","@id":"https:\/\/shopatoa.com\/ro\/valentino-valentino-donna-born-in-roma-edp-100-ml-2\/#primaryimage","url":"https:\/\/storage.googleapis.com\/cz-shopatoa-img\/ro\/497c3b81-unnamed-file.webp","contentUrl":"https:\/\/storage.googleapis.com\/cz-shopatoa-img\/ro\/497c3b81-unnamed-file.webp","width":800,"height":800},{"@type":"BreadcrumbList","@id":"https:\/\/shopatoa.com\/ro\/valentino-valentino-donna-born-in-roma-edp-100-ml-2\/#breadcrumb","itemListElement":[{"@type":"ListItem","position":1,"name":"Dom\u016f","item":"https:\/\/shopatoa.com\/ro\/"},{"@type":"ListItem","position":2,"name":"Shop","item":"https:\/\/shopatoa.com\/ro\/shop\/"},{"@type":"ListItem","position":3,"name":"Parfumuri","item":"https:\/\/shopatoa.com\/ro\/parfumuri\/"},{"@type":"ListItem","position":4,"name":"Ape de parfum (EDP)","item":"https:\/\/shopatoa.com\/ro\/ape-de-parfum-edp\/"},{"@type":"ListItem","position":5,"name":"Valentino Valentino Donna Born In Roma &#8211; EDP 100 ml"}]},{"@type":"WebSite","@id":"https:\/\/shopatoa.com\/ro\/#website","url":"https:\/\/shopatoa.com\/ro\/","name":"SHOPATOA","description":"","publisher":{"@id":"https:\/\/shopatoa.com\/ro\/#organization"},"potentialAction":[{"@type":"SearchAction","target":{"@type":"EntryPoint","urlTemplate":"https:\/\/shopatoa.com\/ro\/?s={search_term_string}"},"query-input":{"@type":"PropertyValueSpecification","valueRequired":true,"valueName":"search_term_string"}}],"inLanguage":"ro-RO"},{"@type":"Organization","@id":"https:\/\/shopatoa.com\/ro\/#organization","name":"SHOPATOA","url":"https:\/\/shopatoa.com\/ro\/","logo":{"@type":"ImageObject","inLanguage":"ro-RO","@id":"https:\/\/shopatoa.com\/ro\/#\/schema\/logo\/image\/","url":"https:\/\/storage.googleapis.com\/cz-shopatoa-img\/ro\/b4dac915-shopatoa_logo.png","contentUrl":"https:\/\/storage.googleapis.com\/cz-shopatoa-img\/ro\/b4dac915-shopatoa_logo.png","width":416,"height":63,"caption":"SHOPATOA"},"image":{"@id":"https:\/\/shopatoa.com\/ro\/#\/schema\/logo\/image\/"}}]}},"_links":{"self":[{"href":"https:\/\/shopatoa.com\/ro\/wp-json\/wp\/v2\/product\/372455","targetHints":{"allow":["GET"]}}],"collection":[{"href":"https:\/\/shopatoa.com\/ro\/wp-json\/wp\/v2\/product"}],"about":[{"href":"https:\/\/shopatoa.com\/ro\/wp-json\/wp\/v2\/types\/product"}],"replies":[{"embeddable":true,"href":"https:\/\/shopatoa.com\/ro\/wp-json\/wp\/v2\/comments?post=372455"}],"wp:featuredmedia":[{"embeddable":true,"href":"https:\/\/shopatoa.com\/ro\/wp-json\/wp\/v2\/media\/372456"}],"wp:attachment":[{"href":"https:\/\/shopatoa.com\/ro\/wp-json\/wp\/v2\/media?parent=372455"}],"wp:term":[{"taxonomy":"product_brand","embeddable":true,"href":"https:\/\/shopatoa.com\/ro\/wp-json\/wp\/v2\/product_brand?post=372455"},{"taxonomy":"product_cat","embeddable":true,"href":"https:\/\/shopatoa.com\/ro\/wp-json\/wp\/v2\/product_cat?post=372455"},{"taxonomy":"product_tag","embeddable":true,"href":"https:\/\/shopatoa.com\/ro\/wp-json\/wp\/v2\/product_tag?post=372455"}],"curies":[{"name":"wp","href":"https:\/\/api.w.org\/{rel}","templated":true}]}}