{"id":372555,"date":"2025-05-22T03:45:24","date_gmt":"2025-05-22T01:45:24","guid":{"rendered":"https:\/\/shopatoa.com\/ro\/kenzo-flower-by-kenzo-labsolue-edp-100-ml-2\/"},"modified":"2025-12-08T18:14:05","modified_gmt":"2025-12-08T17:14:05","slug":"kenzo-flower-by-kenzo-labsolue-edp-100-ml-2","status":"publish","type":"product","link":"https:\/\/shopatoa.com\/ro\/kenzo-flower-by-kenzo-labsolue-edp-100-ml-2\/","title":{"rendered":"Kenzo Flower By Kenzo L\u00b4Absolue &#8211; EDP 100 ml"},"content":{"rendered":"<p>Flower By Kenzo L&#8217;Absolue este o ap\u0103 de parfum pentru femei, captivant\u0103 \u0219i floral\u0103, cu nuan\u021be de vanilie \u0219i subtonuri condimentate \u0219i musk, creat\u0103 de celebrul parfumier Alberto Morillas. A fost creat un nou parfum dedicat frumuse\u021bii macului, o floare tandr\u0103 \u0219i adorat\u0103 \u00eendr\u0103git\u0103 de Kenz\u00f3 Takada. Aroma sofisticat\u0103 \u0219i elegant\u0103, ascuns\u0103 \u00een iconica sa sticl\u0103, debuteaz\u0103 cu note pre\u021bioase de \u0219ofran, care sunt \u00eenso\u021bite \u00een inima aromei de trandafir damasc \u0219i floare de portocal. Baza ascunde o combina\u021bie irezistibil\u0103 \u0219i captivant\u0103 de vanilie \u0219i mosc alb, care \u00ee\u021bi va oferi o senzualitate de nedescris. Chipul parfumului carismatic Flower By Kenzo L&#8217;Absolue a fost Masami Charlotte Lavault, activist\u0103 \u0219i florist\u0103, care a \u00eenfiin\u021bat o ferm\u0103 de flori \u00een Paris cu accent pe ecologie \u0219i durabilitate. Parfumul a fost lansat pe pia\u021b\u0103 \u00een anul 2022.<\/p>\n","protected":false},"excerpt":{"rendered":"<p>Flower By Kenzo L&#8217;Absolue este o ap\u0103 de parfum pentru femei, captivant\u0103 \u0219i floral\u0103, cu nuan\u021be de vanilie \u0219i subtonuri condimentate \u0219i musk, creat\u0103 de celebrul parfumier Alberto Morillas. A fost creat un nou parfum dedicat frumuse\u021bii macului, o floare tandr\u0103 \u0219i adorat\u0103 \u00eendr\u0103git\u0103 de Kenz\u00f3 Takada. Aroma sofisticat\u0103 \u0219i elegant\u0103, ascuns\u0103 \u00een iconica sa&#8230;<\/p>\n","protected":false},"featured_media":372556,"comment_status":"closed","ping_status":"open","template":"","meta":{"_acf_changed":false,"_kadence_starter_templates_imported_post":false,"_kad_post_transparent":"","_kad_post_title":"","_kad_post_layout":"","_kad_post_sidebar_id":"","_kad_post_content_style":"","_kad_post_vertical_padding":"","_kad_post_feature":"","_kad_post_feature_position":"","_kad_post_header":false,"_kad_post_footer":false,"_kad_post_classname":""},"product_brand":[401],"product_cat":[619,614],"product_tag":[],"class_list":{"0":"post-372555","1":"product","2":"type-product","3":"status-publish","4":"has-post-thumbnail","6":"product_brand-kenzo","7":"product_cat-ape-de-parfum-edp","8":"product_cat-parfumuri","10":"first","11":"instock","12":"sale","13":"product-type-external","14":"entry","15":"content-bg","16":"loop-entry"},"acf":[],"yoast_head":"<!-- This site is optimized with the Yoast SEO plugin v27.4 - https:\/\/yoast.com\/product\/yoast-seo-wordpress\/ -->\n<title>Kenzo Flower By Kenzo L\u00b4Absolue - EDP 100 ml - SHOPATOA.COM<\/title>\n<meta name=\"robots\" content=\"index, follow, max-snippet:-1, max-image-preview:large, max-video-preview:-1\" \/>\n<link rel=\"canonical\" href=\"https:\/\/shopatoa.com\/ro\/kenzo-flower-by-kenzo-labsolue-edp-100-ml-2\/\" \/>\n<meta property=\"og:locale\" content=\"ro_RO\" \/>\n<meta property=\"og:type\" content=\"article\" \/>\n<meta property=\"og:title\" content=\"Kenzo Flower By Kenzo L\u00b4Absolue - EDP 100 ml - SHOPATOA.COM\" \/>\n<meta property=\"og:description\" content=\"Flower By Kenzo L&#8217;Absolue este o ap\u0103 de parfum pentru femei, captivant\u0103 \u0219i floral\u0103, cu nuan\u021be de vanilie \u0219i subtonuri condimentate \u0219i musk, creat\u0103 de celebrul parfumier Alberto Morillas. A fost creat un nou parfum dedicat frumuse\u021bii macului, o floare tandr\u0103 \u0219i adorat\u0103 \u00eendr\u0103git\u0103 de Kenz\u00f3 Takada. Aroma sofisticat\u0103 \u0219i elegant\u0103, ascuns\u0103 \u00een iconica sa...\" \/>\n<meta property=\"og:url\" content=\"https:\/\/shopatoa.com\/ro\/kenzo-flower-by-kenzo-labsolue-edp-100-ml-2\/\" \/>\n<meta property=\"og:site_name\" content=\"SHOPATOA\" \/>\n<meta property=\"article:modified_time\" content=\"2025-12-08T17:14:05+00:00\" \/>\n<meta property=\"og:image\" content=\"https:\/\/storage.googleapis.com\/cz-shopatoa-img\/ro\/e5e7b898-unnamed-file.webp\" \/>\n\t<meta property=\"og:image:width\" content=\"800\" \/>\n\t<meta property=\"og:image:height\" content=\"800\" \/>\n\t<meta property=\"og:image:type\" content=\"image\/webp\" \/>\n<meta name=\"twitter:card\" content=\"summary_large_image\" \/>\n<meta name=\"twitter:label1\" content=\"Timp estimat pentru citire\" \/>\n\t<meta name=\"twitter:data1\" content=\"1 minut\" \/>\n<script type=\"application\/ld+json\" class=\"yoast-schema-graph\">{\"@context\":\"https:\\\/\\\/schema.org\",\"@graph\":[{\"@type\":\"WebPage\",\"@id\":\"https:\\\/\\\/shopatoa.com\\\/ro\\\/kenzo-flower-by-kenzo-labsolue-edp-100-ml-2\\\/\",\"url\":\"https:\\\/\\\/shopatoa.com\\\/ro\\\/kenzo-flower-by-kenzo-labsolue-edp-100-ml-2\\\/\",\"name\":\"Kenzo Flower By Kenzo L\u00b4Absolue - EDP 100 ml - SHOPATOA.COM\",\"isPartOf\":{\"@id\":\"https:\\\/\\\/shopatoa.com\\\/ro\\\/#website\"},\"primaryImageOfPage\":{\"@id\":\"https:\\\/\\\/shopatoa.com\\\/ro\\\/kenzo-flower-by-kenzo-labsolue-edp-100-ml-2\\\/#primaryimage\"},\"image\":{\"@id\":\"https:\\\/\\\/shopatoa.com\\\/ro\\\/kenzo-flower-by-kenzo-labsolue-edp-100-ml-2\\\/#primaryimage\"},\"thumbnailUrl\":\"https:\\\/\\\/storage.googleapis.com\\\/cz-shopatoa-img\\\/ro\\\/e5e7b898-unnamed-file.webp\",\"datePublished\":\"2025-05-22T01:45:24+00:00\",\"dateModified\":\"2025-12-08T17:14:05+00:00\",\"breadcrumb\":{\"@id\":\"https:\\\/\\\/shopatoa.com\\\/ro\\\/kenzo-flower-by-kenzo-labsolue-edp-100-ml-2\\\/#breadcrumb\"},\"inLanguage\":\"ro-RO\",\"potentialAction\":[{\"@type\":\"ReadAction\",\"target\":[\"https:\\\/\\\/shopatoa.com\\\/ro\\\/kenzo-flower-by-kenzo-labsolue-edp-100-ml-2\\\/\"]}]},{\"@type\":\"ImageObject\",\"inLanguage\":\"ro-RO\",\"@id\":\"https:\\\/\\\/shopatoa.com\\\/ro\\\/kenzo-flower-by-kenzo-labsolue-edp-100-ml-2\\\/#primaryimage\",\"url\":\"https:\\\/\\\/storage.googleapis.com\\\/cz-shopatoa-img\\\/ro\\\/e5e7b898-unnamed-file.webp\",\"contentUrl\":\"https:\\\/\\\/storage.googleapis.com\\\/cz-shopatoa-img\\\/ro\\\/e5e7b898-unnamed-file.webp\",\"width\":800,\"height\":800},{\"@type\":\"BreadcrumbList\",\"@id\":\"https:\\\/\\\/shopatoa.com\\\/ro\\\/kenzo-flower-by-kenzo-labsolue-edp-100-ml-2\\\/#breadcrumb\",\"itemListElement\":[{\"@type\":\"ListItem\",\"position\":1,\"name\":\"Dom\u016f\",\"item\":\"https:\\\/\\\/shopatoa.com\\\/ro\\\/\"},{\"@type\":\"ListItem\",\"position\":2,\"name\":\"Shop\",\"item\":\"https:\\\/\\\/shopatoa.com\\\/ro\\\/shop\\\/\"},{\"@type\":\"ListItem\",\"position\":3,\"name\":\"Parfumuri\",\"item\":\"https:\\\/\\\/shopatoa.com\\\/ro\\\/parfumuri\\\/\"},{\"@type\":\"ListItem\",\"position\":4,\"name\":\"Ape de parfum (EDP)\",\"item\":\"https:\\\/\\\/shopatoa.com\\\/ro\\\/ape-de-parfum-edp\\\/\"},{\"@type\":\"ListItem\",\"position\":5,\"name\":\"Kenzo Flower By Kenzo L\u00b4Absolue &#8211; EDP 100 ml\"}]},{\"@type\":\"WebSite\",\"@id\":\"https:\\\/\\\/shopatoa.com\\\/ro\\\/#website\",\"url\":\"https:\\\/\\\/shopatoa.com\\\/ro\\\/\",\"name\":\"SHOPATOA\",\"description\":\"\",\"publisher\":{\"@id\":\"https:\\\/\\\/shopatoa.com\\\/ro\\\/#organization\"},\"potentialAction\":[{\"@type\":\"SearchAction\",\"target\":{\"@type\":\"EntryPoint\",\"urlTemplate\":\"https:\\\/\\\/shopatoa.com\\\/ro\\\/?s={search_term_string}\"},\"query-input\":{\"@type\":\"PropertyValueSpecification\",\"valueRequired\":true,\"valueName\":\"search_term_string\"}}],\"inLanguage\":\"ro-RO\"},{\"@type\":\"Organization\",\"@id\":\"https:\\\/\\\/shopatoa.com\\\/ro\\\/#organization\",\"name\":\"SHOPATOA\",\"url\":\"https:\\\/\\\/shopatoa.com\\\/ro\\\/\",\"logo\":{\"@type\":\"ImageObject\",\"inLanguage\":\"ro-RO\",\"@id\":\"https:\\\/\\\/shopatoa.com\\\/ro\\\/#\\\/schema\\\/logo\\\/image\\\/\",\"url\":\"https:\\\/\\\/storage.googleapis.com\\\/cz-shopatoa-img\\\/ro\\\/b4dac915-shopatoa_logo.png\",\"contentUrl\":\"https:\\\/\\\/storage.googleapis.com\\\/cz-shopatoa-img\\\/ro\\\/b4dac915-shopatoa_logo.png\",\"width\":416,\"height\":63,\"caption\":\"SHOPATOA\"},\"image\":{\"@id\":\"https:\\\/\\\/shopatoa.com\\\/ro\\\/#\\\/schema\\\/logo\\\/image\\\/\"}}]}<\/script>\n<!-- \/ Yoast SEO plugin. -->","yoast_head_json":{"title":"Kenzo Flower By Kenzo L\u00b4Absolue - EDP 100 ml - SHOPATOA.COM","robots":{"index":"index","follow":"follow","max-snippet":"max-snippet:-1","max-image-preview":"max-image-preview:large","max-video-preview":"max-video-preview:-1"},"canonical":"https:\/\/shopatoa.com\/ro\/kenzo-flower-by-kenzo-labsolue-edp-100-ml-2\/","og_locale":"ro_RO","og_type":"article","og_title":"Kenzo Flower By Kenzo L\u00b4Absolue - EDP 100 ml - SHOPATOA.COM","og_description":"Flower By Kenzo L&#8217;Absolue este o ap\u0103 de parfum pentru femei, captivant\u0103 \u0219i floral\u0103, cu nuan\u021be de vanilie \u0219i subtonuri condimentate \u0219i musk, creat\u0103 de celebrul parfumier Alberto Morillas. A fost creat un nou parfum dedicat frumuse\u021bii macului, o floare tandr\u0103 \u0219i adorat\u0103 \u00eendr\u0103git\u0103 de Kenz\u00f3 Takada. Aroma sofisticat\u0103 \u0219i elegant\u0103, ascuns\u0103 \u00een iconica sa...","og_url":"https:\/\/shopatoa.com\/ro\/kenzo-flower-by-kenzo-labsolue-edp-100-ml-2\/","og_site_name":"SHOPATOA","article_modified_time":"2025-12-08T17:14:05+00:00","og_image":[{"width":800,"height":800,"url":"https:\/\/storage.googleapis.com\/cz-shopatoa-img\/ro\/e5e7b898-unnamed-file.webp","type":"image\/webp"}],"twitter_card":"summary_large_image","twitter_misc":{"Timp estimat pentru citire":"1 minut"},"schema":{"@context":"https:\/\/schema.org","@graph":[{"@type":"WebPage","@id":"https:\/\/shopatoa.com\/ro\/kenzo-flower-by-kenzo-labsolue-edp-100-ml-2\/","url":"https:\/\/shopatoa.com\/ro\/kenzo-flower-by-kenzo-labsolue-edp-100-ml-2\/","name":"Kenzo Flower By Kenzo L\u00b4Absolue - EDP 100 ml - SHOPATOA.COM","isPartOf":{"@id":"https:\/\/shopatoa.com\/ro\/#website"},"primaryImageOfPage":{"@id":"https:\/\/shopatoa.com\/ro\/kenzo-flower-by-kenzo-labsolue-edp-100-ml-2\/#primaryimage"},"image":{"@id":"https:\/\/shopatoa.com\/ro\/kenzo-flower-by-kenzo-labsolue-edp-100-ml-2\/#primaryimage"},"thumbnailUrl":"https:\/\/storage.googleapis.com\/cz-shopatoa-img\/ro\/e5e7b898-unnamed-file.webp","datePublished":"2025-05-22T01:45:24+00:00","dateModified":"2025-12-08T17:14:05+00:00","breadcrumb":{"@id":"https:\/\/shopatoa.com\/ro\/kenzo-flower-by-kenzo-labsolue-edp-100-ml-2\/#breadcrumb"},"inLanguage":"ro-RO","potentialAction":[{"@type":"ReadAction","target":["https:\/\/shopatoa.com\/ro\/kenzo-flower-by-kenzo-labsolue-edp-100-ml-2\/"]}]},{"@type":"ImageObject","inLanguage":"ro-RO","@id":"https:\/\/shopatoa.com\/ro\/kenzo-flower-by-kenzo-labsolue-edp-100-ml-2\/#primaryimage","url":"https:\/\/storage.googleapis.com\/cz-shopatoa-img\/ro\/e5e7b898-unnamed-file.webp","contentUrl":"https:\/\/storage.googleapis.com\/cz-shopatoa-img\/ro\/e5e7b898-unnamed-file.webp","width":800,"height":800},{"@type":"BreadcrumbList","@id":"https:\/\/shopatoa.com\/ro\/kenzo-flower-by-kenzo-labsolue-edp-100-ml-2\/#breadcrumb","itemListElement":[{"@type":"ListItem","position":1,"name":"Dom\u016f","item":"https:\/\/shopatoa.com\/ro\/"},{"@type":"ListItem","position":2,"name":"Shop","item":"https:\/\/shopatoa.com\/ro\/shop\/"},{"@type":"ListItem","position":3,"name":"Parfumuri","item":"https:\/\/shopatoa.com\/ro\/parfumuri\/"},{"@type":"ListItem","position":4,"name":"Ape de parfum (EDP)","item":"https:\/\/shopatoa.com\/ro\/ape-de-parfum-edp\/"},{"@type":"ListItem","position":5,"name":"Kenzo Flower By Kenzo L\u00b4Absolue &#8211; EDP 100 ml"}]},{"@type":"WebSite","@id":"https:\/\/shopatoa.com\/ro\/#website","url":"https:\/\/shopatoa.com\/ro\/","name":"SHOPATOA","description":"","publisher":{"@id":"https:\/\/shopatoa.com\/ro\/#organization"},"potentialAction":[{"@type":"SearchAction","target":{"@type":"EntryPoint","urlTemplate":"https:\/\/shopatoa.com\/ro\/?s={search_term_string}"},"query-input":{"@type":"PropertyValueSpecification","valueRequired":true,"valueName":"search_term_string"}}],"inLanguage":"ro-RO"},{"@type":"Organization","@id":"https:\/\/shopatoa.com\/ro\/#organization","name":"SHOPATOA","url":"https:\/\/shopatoa.com\/ro\/","logo":{"@type":"ImageObject","inLanguage":"ro-RO","@id":"https:\/\/shopatoa.com\/ro\/#\/schema\/logo\/image\/","url":"https:\/\/storage.googleapis.com\/cz-shopatoa-img\/ro\/b4dac915-shopatoa_logo.png","contentUrl":"https:\/\/storage.googleapis.com\/cz-shopatoa-img\/ro\/b4dac915-shopatoa_logo.png","width":416,"height":63,"caption":"SHOPATOA"},"image":{"@id":"https:\/\/shopatoa.com\/ro\/#\/schema\/logo\/image\/"}}]}},"_links":{"self":[{"href":"https:\/\/shopatoa.com\/ro\/wp-json\/wp\/v2\/product\/372555","targetHints":{"allow":["GET"]}}],"collection":[{"href":"https:\/\/shopatoa.com\/ro\/wp-json\/wp\/v2\/product"}],"about":[{"href":"https:\/\/shopatoa.com\/ro\/wp-json\/wp\/v2\/types\/product"}],"replies":[{"embeddable":true,"href":"https:\/\/shopatoa.com\/ro\/wp-json\/wp\/v2\/comments?post=372555"}],"wp:featuredmedia":[{"embeddable":true,"href":"https:\/\/shopatoa.com\/ro\/wp-json\/wp\/v2\/media\/372556"}],"wp:attachment":[{"href":"https:\/\/shopatoa.com\/ro\/wp-json\/wp\/v2\/media?parent=372555"}],"wp:term":[{"taxonomy":"product_brand","embeddable":true,"href":"https:\/\/shopatoa.com\/ro\/wp-json\/wp\/v2\/product_brand?post=372555"},{"taxonomy":"product_cat","embeddable":true,"href":"https:\/\/shopatoa.com\/ro\/wp-json\/wp\/v2\/product_cat?post=372555"},{"taxonomy":"product_tag","embeddable":true,"href":"https:\/\/shopatoa.com\/ro\/wp-json\/wp\/v2\/product_tag?post=372555"}],"curies":[{"name":"wp","href":"https:\/\/api.w.org\/{rel}","templated":true}]}}