{"id":372769,"date":"2025-05-22T04:02:46","date_gmt":"2025-05-22T02:02:46","guid":{"rendered":"https:\/\/shopatoa.com\/ro\/bareminerals-pudra-de-machiaj-skin-perfecting-16-hr-powder-foundation-8-g-fair-10-warm\/"},"modified":"2025-11-24T20:22:41","modified_gmt":"2025-11-24T19:22:41","slug":"bareminerals-pudra-de-machiaj-skin-perfecting-16-hr-powder-foundation-8-g-fair-10-warm","status":"publish","type":"product","link":"https:\/\/shopatoa.com\/ro\/bareminerals-pudra-de-machiaj-skin-perfecting-16-hr-powder-foundation-8-g-fair-10-warm\/","title":{"rendered":"bareMinerals Pudr\u0103 de machiaj Skin-Perfecting 16 HR (Powder Foundation) 8 g Fair 10 Warm"},"content":{"rendered":"<p>Machiajul pudrat cu acoperire complet\u0103, cu un finisaj mat natural, ofer\u0103 o rezisten\u021b\u0103 de 16 ore \u0219i control al str\u0103lucirii pe tot parcursul zilei. Este rezistent la transpira\u021bie \u0219i umiditate, reduc\u00e2nd \u00een acela\u0219i timp porii vizibili \u0219i textura pielii \u00een termen de 4 s\u0103pt\u0103m\u00e2ni de utilizare. Este non-comedogenic \u0219i potrivit\u0103 pentru toate tipurile de piele.<\/p>\n","protected":false},"excerpt":{"rendered":"<p>Machiajul pudrat cu acoperire complet\u0103, cu un finisaj mat natural, ofer\u0103 o rezisten\u021b\u0103 de 16 ore \u0219i control al str\u0103lucirii pe tot parcursul zilei. Este rezistent la transpira\u021bie \u0219i umiditate, reduc\u00e2nd \u00een acela\u0219i timp porii vizibili \u0219i textura pielii \u00een termen de 4 s\u0103pt\u0103m\u00e2ni de utilizare. Este non-comedogenic \u0219i potrivit\u0103 pentru toate tipurile de piele.<\/p>\n","protected":false},"featured_media":372770,"comment_status":"closed","ping_status":"open","template":"","meta":{"_acf_changed":false,"_kadence_starter_templates_imported_post":false,"_kad_post_transparent":"","_kad_post_title":"","_kad_post_layout":"","_kad_post_sidebar_id":"","_kad_post_content_style":"","_kad_post_vertical_padding":"","_kad_post_feature":"","_kad_post_feature_position":"","_kad_post_header":false,"_kad_post_footer":false,"_kad_post_classname":""},"product_brand":[599],"product_cat":[246,609,616,705],"product_tag":[],"class_list":{"0":"post-372769","1":"product","2":"type-product","3":"status-publish","4":"has-post-thumbnail","6":"product_brand-bareminerals","7":"product_cat-cosmetice","8":"product_cat-cosmetice-decorative","9":"product_cat-machiaj-pentru-fata","10":"product_cat-make-ups","12":"first","13":"instock","14":"product-type-external","15":"entry","16":"content-bg","17":"loop-entry"},"acf":[],"yoast_head":"<!-- This site is optimized with the Yoast SEO plugin v27.3 - https:\/\/yoast.com\/product\/yoast-seo-wordpress\/ -->\n<title>bareMinerals Pudr\u0103 de machiaj Skin-Perfecting 16 HR (Powder Foundation) 8 g Fair 10 Warm - SHOPATOA.COM<\/title>\n<meta name=\"robots\" content=\"index, follow, max-snippet:-1, max-image-preview:large, max-video-preview:-1\" \/>\n<link rel=\"canonical\" href=\"https:\/\/shopatoa.com\/ro\/bareminerals-pudra-de-machiaj-skin-perfecting-16-hr-powder-foundation-8-g-fair-10-warm\/\" \/>\n<meta property=\"og:locale\" content=\"ro_RO\" \/>\n<meta property=\"og:type\" content=\"article\" \/>\n<meta property=\"og:title\" content=\"bareMinerals Pudr\u0103 de machiaj Skin-Perfecting 16 HR (Powder Foundation) 8 g Fair 10 Warm - SHOPATOA.COM\" \/>\n<meta property=\"og:description\" content=\"Machiajul pudrat cu acoperire complet\u0103, cu un finisaj mat natural, ofer\u0103 o rezisten\u021b\u0103 de 16 ore \u0219i control al str\u0103lucirii pe tot parcursul zilei. Este rezistent la transpira\u021bie \u0219i umiditate, reduc\u00e2nd \u00een acela\u0219i timp porii vizibili \u0219i textura pielii \u00een termen de 4 s\u0103pt\u0103m\u00e2ni de utilizare. Este non-comedogenic \u0219i potrivit\u0103 pentru toate tipurile de piele.\" \/>\n<meta property=\"og:url\" content=\"https:\/\/shopatoa.com\/ro\/bareminerals-pudra-de-machiaj-skin-perfecting-16-hr-powder-foundation-8-g-fair-10-warm\/\" \/>\n<meta property=\"og:site_name\" content=\"SHOPATOA\" \/>\n<meta property=\"article:modified_time\" content=\"2025-11-24T19:22:41+00:00\" \/>\n<meta property=\"og:image\" content=\"https:\/\/storage.googleapis.com\/cz-shopatoa-img\/ro\/9166937d-unnamed-file.webp\" \/>\n\t<meta property=\"og:image:width\" content=\"800\" \/>\n\t<meta property=\"og:image:height\" content=\"800\" \/>\n\t<meta property=\"og:image:type\" content=\"image\/webp\" \/>\n<meta name=\"twitter:card\" content=\"summary_large_image\" \/>\n<script type=\"application\/ld+json\" class=\"yoast-schema-graph\">{\"@context\":\"https:\\\/\\\/schema.org\",\"@graph\":[{\"@type\":\"WebPage\",\"@id\":\"https:\\\/\\\/shopatoa.com\\\/ro\\\/bareminerals-pudra-de-machiaj-skin-perfecting-16-hr-powder-foundation-8-g-fair-10-warm\\\/\",\"url\":\"https:\\\/\\\/shopatoa.com\\\/ro\\\/bareminerals-pudra-de-machiaj-skin-perfecting-16-hr-powder-foundation-8-g-fair-10-warm\\\/\",\"name\":\"bareMinerals Pudr\u0103 de machiaj Skin-Perfecting 16 HR (Powder Foundation) 8 g Fair 10 Warm - SHOPATOA.COM\",\"isPartOf\":{\"@id\":\"https:\\\/\\\/shopatoa.com\\\/ro\\\/#website\"},\"primaryImageOfPage\":{\"@id\":\"https:\\\/\\\/shopatoa.com\\\/ro\\\/bareminerals-pudra-de-machiaj-skin-perfecting-16-hr-powder-foundation-8-g-fair-10-warm\\\/#primaryimage\"},\"image\":{\"@id\":\"https:\\\/\\\/shopatoa.com\\\/ro\\\/bareminerals-pudra-de-machiaj-skin-perfecting-16-hr-powder-foundation-8-g-fair-10-warm\\\/#primaryimage\"},\"thumbnailUrl\":\"https:\\\/\\\/storage.googleapis.com\\\/cz-shopatoa-img\\\/ro\\\/9166937d-unnamed-file.webp\",\"datePublished\":\"2025-05-22T02:02:46+00:00\",\"dateModified\":\"2025-11-24T19:22:41+00:00\",\"breadcrumb\":{\"@id\":\"https:\\\/\\\/shopatoa.com\\\/ro\\\/bareminerals-pudra-de-machiaj-skin-perfecting-16-hr-powder-foundation-8-g-fair-10-warm\\\/#breadcrumb\"},\"inLanguage\":\"ro-RO\",\"potentialAction\":[{\"@type\":\"ReadAction\",\"target\":[\"https:\\\/\\\/shopatoa.com\\\/ro\\\/bareminerals-pudra-de-machiaj-skin-perfecting-16-hr-powder-foundation-8-g-fair-10-warm\\\/\"]}]},{\"@type\":\"ImageObject\",\"inLanguage\":\"ro-RO\",\"@id\":\"https:\\\/\\\/shopatoa.com\\\/ro\\\/bareminerals-pudra-de-machiaj-skin-perfecting-16-hr-powder-foundation-8-g-fair-10-warm\\\/#primaryimage\",\"url\":\"https:\\\/\\\/storage.googleapis.com\\\/cz-shopatoa-img\\\/ro\\\/9166937d-unnamed-file.webp\",\"contentUrl\":\"https:\\\/\\\/storage.googleapis.com\\\/cz-shopatoa-img\\\/ro\\\/9166937d-unnamed-file.webp\",\"width\":800,\"height\":800},{\"@type\":\"BreadcrumbList\",\"@id\":\"https:\\\/\\\/shopatoa.com\\\/ro\\\/bareminerals-pudra-de-machiaj-skin-perfecting-16-hr-powder-foundation-8-g-fair-10-warm\\\/#breadcrumb\",\"itemListElement\":[{\"@type\":\"ListItem\",\"position\":1,\"name\":\"Dom\u016f\",\"item\":\"https:\\\/\\\/shopatoa.com\\\/ro\\\/\"},{\"@type\":\"ListItem\",\"position\":2,\"name\":\"Shop\",\"item\":\"https:\\\/\\\/shopatoa.com\\\/ro\\\/shop\\\/\"},{\"@type\":\"ListItem\",\"position\":3,\"name\":\"Cosmetice\",\"item\":\"https:\\\/\\\/shopatoa.com\\\/ro\\\/cosmetice\\\/\"},{\"@type\":\"ListItem\",\"position\":4,\"name\":\"Cosmetice decorative\",\"item\":\"https:\\\/\\\/shopatoa.com\\\/ro\\\/cosmetice-decorative\\\/\"},{\"@type\":\"ListItem\",\"position\":5,\"name\":\"Machiaj pentru fa\u021ba\",\"item\":\"https:\\\/\\\/shopatoa.com\\\/ro\\\/machiaj-pentru-fata\\\/\"},{\"@type\":\"ListItem\",\"position\":6,\"name\":\"Make-ups\",\"item\":\"https:\\\/\\\/shopatoa.com\\\/ro\\\/make-ups\\\/\"},{\"@type\":\"ListItem\",\"position\":7,\"name\":\"bareMinerals Pudr\u0103 de machiaj Skin-Perfecting 16 HR (Powder Foundation) 8 g Fair 10 Warm\"}]},{\"@type\":\"WebSite\",\"@id\":\"https:\\\/\\\/shopatoa.com\\\/ro\\\/#website\",\"url\":\"https:\\\/\\\/shopatoa.com\\\/ro\\\/\",\"name\":\"SHOPATOA\",\"description\":\"\",\"publisher\":{\"@id\":\"https:\\\/\\\/shopatoa.com\\\/ro\\\/#organization\"},\"potentialAction\":[{\"@type\":\"SearchAction\",\"target\":{\"@type\":\"EntryPoint\",\"urlTemplate\":\"https:\\\/\\\/shopatoa.com\\\/ro\\\/?s={search_term_string}\"},\"query-input\":{\"@type\":\"PropertyValueSpecification\",\"valueRequired\":true,\"valueName\":\"search_term_string\"}}],\"inLanguage\":\"ro-RO\"},{\"@type\":\"Organization\",\"@id\":\"https:\\\/\\\/shopatoa.com\\\/ro\\\/#organization\",\"name\":\"SHOPATOA\",\"url\":\"https:\\\/\\\/shopatoa.com\\\/ro\\\/\",\"logo\":{\"@type\":\"ImageObject\",\"inLanguage\":\"ro-RO\",\"@id\":\"https:\\\/\\\/shopatoa.com\\\/ro\\\/#\\\/schema\\\/logo\\\/image\\\/\",\"url\":\"https:\\\/\\\/storage.googleapis.com\\\/cz-shopatoa-img\\\/ro\\\/b4dac915-shopatoa_logo.png\",\"contentUrl\":\"https:\\\/\\\/storage.googleapis.com\\\/cz-shopatoa-img\\\/ro\\\/b4dac915-shopatoa_logo.png\",\"width\":416,\"height\":63,\"caption\":\"SHOPATOA\"},\"image\":{\"@id\":\"https:\\\/\\\/shopatoa.com\\\/ro\\\/#\\\/schema\\\/logo\\\/image\\\/\"}}]}<\/script>\n<!-- \/ Yoast SEO plugin. -->","yoast_head_json":{"title":"bareMinerals Pudr\u0103 de machiaj Skin-Perfecting 16 HR (Powder Foundation) 8 g Fair 10 Warm - SHOPATOA.COM","robots":{"index":"index","follow":"follow","max-snippet":"max-snippet:-1","max-image-preview":"max-image-preview:large","max-video-preview":"max-video-preview:-1"},"canonical":"https:\/\/shopatoa.com\/ro\/bareminerals-pudra-de-machiaj-skin-perfecting-16-hr-powder-foundation-8-g-fair-10-warm\/","og_locale":"ro_RO","og_type":"article","og_title":"bareMinerals Pudr\u0103 de machiaj Skin-Perfecting 16 HR (Powder Foundation) 8 g Fair 10 Warm - SHOPATOA.COM","og_description":"Machiajul pudrat cu acoperire complet\u0103, cu un finisaj mat natural, ofer\u0103 o rezisten\u021b\u0103 de 16 ore \u0219i control al str\u0103lucirii pe tot parcursul zilei. Este rezistent la transpira\u021bie \u0219i umiditate, reduc\u00e2nd \u00een acela\u0219i timp porii vizibili \u0219i textura pielii \u00een termen de 4 s\u0103pt\u0103m\u00e2ni de utilizare. Este non-comedogenic \u0219i potrivit\u0103 pentru toate tipurile de piele.","og_url":"https:\/\/shopatoa.com\/ro\/bareminerals-pudra-de-machiaj-skin-perfecting-16-hr-powder-foundation-8-g-fair-10-warm\/","og_site_name":"SHOPATOA","article_modified_time":"2025-11-24T19:22:41+00:00","og_image":[{"width":800,"height":800,"url":"https:\/\/storage.googleapis.com\/cz-shopatoa-img\/ro\/9166937d-unnamed-file.webp","type":"image\/webp"}],"twitter_card":"summary_large_image","schema":{"@context":"https:\/\/schema.org","@graph":[{"@type":"WebPage","@id":"https:\/\/shopatoa.com\/ro\/bareminerals-pudra-de-machiaj-skin-perfecting-16-hr-powder-foundation-8-g-fair-10-warm\/","url":"https:\/\/shopatoa.com\/ro\/bareminerals-pudra-de-machiaj-skin-perfecting-16-hr-powder-foundation-8-g-fair-10-warm\/","name":"bareMinerals Pudr\u0103 de machiaj Skin-Perfecting 16 HR (Powder Foundation) 8 g Fair 10 Warm - SHOPATOA.COM","isPartOf":{"@id":"https:\/\/shopatoa.com\/ro\/#website"},"primaryImageOfPage":{"@id":"https:\/\/shopatoa.com\/ro\/bareminerals-pudra-de-machiaj-skin-perfecting-16-hr-powder-foundation-8-g-fair-10-warm\/#primaryimage"},"image":{"@id":"https:\/\/shopatoa.com\/ro\/bareminerals-pudra-de-machiaj-skin-perfecting-16-hr-powder-foundation-8-g-fair-10-warm\/#primaryimage"},"thumbnailUrl":"https:\/\/storage.googleapis.com\/cz-shopatoa-img\/ro\/9166937d-unnamed-file.webp","datePublished":"2025-05-22T02:02:46+00:00","dateModified":"2025-11-24T19:22:41+00:00","breadcrumb":{"@id":"https:\/\/shopatoa.com\/ro\/bareminerals-pudra-de-machiaj-skin-perfecting-16-hr-powder-foundation-8-g-fair-10-warm\/#breadcrumb"},"inLanguage":"ro-RO","potentialAction":[{"@type":"ReadAction","target":["https:\/\/shopatoa.com\/ro\/bareminerals-pudra-de-machiaj-skin-perfecting-16-hr-powder-foundation-8-g-fair-10-warm\/"]}]},{"@type":"ImageObject","inLanguage":"ro-RO","@id":"https:\/\/shopatoa.com\/ro\/bareminerals-pudra-de-machiaj-skin-perfecting-16-hr-powder-foundation-8-g-fair-10-warm\/#primaryimage","url":"https:\/\/storage.googleapis.com\/cz-shopatoa-img\/ro\/9166937d-unnamed-file.webp","contentUrl":"https:\/\/storage.googleapis.com\/cz-shopatoa-img\/ro\/9166937d-unnamed-file.webp","width":800,"height":800},{"@type":"BreadcrumbList","@id":"https:\/\/shopatoa.com\/ro\/bareminerals-pudra-de-machiaj-skin-perfecting-16-hr-powder-foundation-8-g-fair-10-warm\/#breadcrumb","itemListElement":[{"@type":"ListItem","position":1,"name":"Dom\u016f","item":"https:\/\/shopatoa.com\/ro\/"},{"@type":"ListItem","position":2,"name":"Shop","item":"https:\/\/shopatoa.com\/ro\/shop\/"},{"@type":"ListItem","position":3,"name":"Cosmetice","item":"https:\/\/shopatoa.com\/ro\/cosmetice\/"},{"@type":"ListItem","position":4,"name":"Cosmetice decorative","item":"https:\/\/shopatoa.com\/ro\/cosmetice-decorative\/"},{"@type":"ListItem","position":5,"name":"Machiaj pentru fa\u021ba","item":"https:\/\/shopatoa.com\/ro\/machiaj-pentru-fata\/"},{"@type":"ListItem","position":6,"name":"Make-ups","item":"https:\/\/shopatoa.com\/ro\/make-ups\/"},{"@type":"ListItem","position":7,"name":"bareMinerals Pudr\u0103 de machiaj Skin-Perfecting 16 HR (Powder Foundation) 8 g Fair 10 Warm"}]},{"@type":"WebSite","@id":"https:\/\/shopatoa.com\/ro\/#website","url":"https:\/\/shopatoa.com\/ro\/","name":"SHOPATOA","description":"","publisher":{"@id":"https:\/\/shopatoa.com\/ro\/#organization"},"potentialAction":[{"@type":"SearchAction","target":{"@type":"EntryPoint","urlTemplate":"https:\/\/shopatoa.com\/ro\/?s={search_term_string}"},"query-input":{"@type":"PropertyValueSpecification","valueRequired":true,"valueName":"search_term_string"}}],"inLanguage":"ro-RO"},{"@type":"Organization","@id":"https:\/\/shopatoa.com\/ro\/#organization","name":"SHOPATOA","url":"https:\/\/shopatoa.com\/ro\/","logo":{"@type":"ImageObject","inLanguage":"ro-RO","@id":"https:\/\/shopatoa.com\/ro\/#\/schema\/logo\/image\/","url":"https:\/\/storage.googleapis.com\/cz-shopatoa-img\/ro\/b4dac915-shopatoa_logo.png","contentUrl":"https:\/\/storage.googleapis.com\/cz-shopatoa-img\/ro\/b4dac915-shopatoa_logo.png","width":416,"height":63,"caption":"SHOPATOA"},"image":{"@id":"https:\/\/shopatoa.com\/ro\/#\/schema\/logo\/image\/"}}]}},"_links":{"self":[{"href":"https:\/\/shopatoa.com\/ro\/wp-json\/wp\/v2\/product\/372769","targetHints":{"allow":["GET"]}}],"collection":[{"href":"https:\/\/shopatoa.com\/ro\/wp-json\/wp\/v2\/product"}],"about":[{"href":"https:\/\/shopatoa.com\/ro\/wp-json\/wp\/v2\/types\/product"}],"replies":[{"embeddable":true,"href":"https:\/\/shopatoa.com\/ro\/wp-json\/wp\/v2\/comments?post=372769"}],"wp:featuredmedia":[{"embeddable":true,"href":"https:\/\/shopatoa.com\/ro\/wp-json\/wp\/v2\/media\/372770"}],"wp:attachment":[{"href":"https:\/\/shopatoa.com\/ro\/wp-json\/wp\/v2\/media?parent=372769"}],"wp:term":[{"taxonomy":"product_brand","embeddable":true,"href":"https:\/\/shopatoa.com\/ro\/wp-json\/wp\/v2\/product_brand?post=372769"},{"taxonomy":"product_cat","embeddable":true,"href":"https:\/\/shopatoa.com\/ro\/wp-json\/wp\/v2\/product_cat?post=372769"},{"taxonomy":"product_tag","embeddable":true,"href":"https:\/\/shopatoa.com\/ro\/wp-json\/wp\/v2\/product_tag?post=372769"}],"curies":[{"name":"wp","href":"https:\/\/api.w.org\/{rel}","templated":true}]}}