{"id":372777,"date":"2025-05-22T04:02:46","date_gmt":"2025-05-22T02:02:46","guid":{"rendered":"https:\/\/shopatoa.com\/ro\/parfums-de-marly-godolphin-edp-125-ml-2\/"},"modified":"2025-12-08T15:34:27","modified_gmt":"2025-12-08T14:34:27","slug":"parfums-de-marly-godolphin-edp-125-ml-2","status":"publish","type":"product","link":"https:\/\/shopatoa.com\/ro\/parfums-de-marly-godolphin-edp-125-ml-2\/","title":{"rendered":"Parfums De Marly Godolphin &#8211; EDP 125 ml"},"content":{"rendered":"<p>Godolphin de la brandul Parfums De Marly este o ap\u0103 de parfum cu note de piele, destinat\u0103 b\u0103rba\u021bilor. Numit dup\u0103 celebrul arm\u0103sar arab de ras\u0103 pur\u0103, str\u0103mo\u0219ul celebrilor c\u00e2\u0219tig\u0103tori de curse de cai, parfumul nobil eman\u0103 o aur\u0103 unic\u0103 \u0219i energic\u0103. Parfumul rafinat \u0219i complex se deschide cu note condimentate de cimbru \u0219i \u0219ofran, ale c\u0103ror tonuri captivante sunt \u00eenso\u021bite de aroma r\u0103coritoare a chiparosului. Diversitatea compozi\u021biei din inim\u0103 va fi sporit\u0103 de combina\u021bia de trandafir cu iris \u0219i iasomie. Baza este un amestec sofisticat de chihlimbar, vanilie, vetiver \u0219i lemn de cedru alb cu mosc. Parfum b\u0103rb\u0103tesc luxos care v\u0103 va mul\u021bumi mai ales \u00een lunile mai reci \u0219i care radiaz\u0103 o carism\u0103 imens\u0103. Brandul Parfums De Marly a fost \u00eenfiin\u021bat \u00een anul 2009 \u0219i este inspirat de perioada domniei lui Ludovic al XV-lea, monarh francez cunoscut pentru pasiunea sa pentru parfumuri. Inspirat de perioada clasic\u0103 a istoriei, fondatorul m\u0103rcii, Julien Sprecher, aduce parfumurilor tradi\u021bionale tendin\u021be moderne \u0219i o not\u0103 de tupeu. Flacoanele parfumurilor \u00eendr\u0103zne\u021be, luxoase \u0219i exclusive Parfums De Marly sunt decorate cu o stem\u0103 a c\u0103rei simbolistic\u0103 dateaz\u0103 din secolul al XVIII-lea. Parfumul a fost lansat \u00een anul 2010 \u0219i a fost creat de Mich\u00e8le Saramito.<\/p>\n","protected":false},"excerpt":{"rendered":"<p>Godolphin de la brandul Parfums De Marly este o ap\u0103 de parfum cu note de piele, destinat\u0103 b\u0103rba\u021bilor. Numit dup\u0103 celebrul arm\u0103sar arab de ras\u0103 pur\u0103, str\u0103mo\u0219ul celebrilor c\u00e2\u0219tig\u0103tori de curse de cai, parfumul nobil eman\u0103 o aur\u0103 unic\u0103 \u0219i energic\u0103. Parfumul rafinat \u0219i complex se deschide cu note condimentate de cimbru \u0219i \u0219ofran, ale&#8230;<\/p>\n","protected":false},"featured_media":372778,"comment_status":"closed","ping_status":"open","template":"","meta":{"_acf_changed":false,"_kadence_starter_templates_imported_post":false,"_kad_post_transparent":"","_kad_post_title":"","_kad_post_layout":"","_kad_post_sidebar_id":"","_kad_post_content_style":"","_kad_post_vertical_padding":"","_kad_post_feature":"","_kad_post_feature_position":"","_kad_post_header":false,"_kad_post_footer":false,"_kad_post_classname":""},"product_brand":[1386],"product_cat":[619,614],"product_tag":[],"class_list":{"0":"post-372777","1":"product","2":"type-product","3":"status-publish","4":"has-post-thumbnail","6":"product_brand-parfums-de-marly","7":"product_cat-ape-de-parfum-edp","8":"product_cat-parfumuri","10":"first","11":"instock","12":"product-type-external","13":"entry","14":"content-bg","15":"loop-entry"},"acf":[],"yoast_head":"<!-- This site is optimized with the Yoast SEO plugin v27.3 - https:\/\/yoast.com\/product\/yoast-seo-wordpress\/ -->\n<title>Parfums De Marly Godolphin - EDP 125 ml - SHOPATOA.COM<\/title>\n<meta name=\"robots\" content=\"index, follow, max-snippet:-1, max-image-preview:large, max-video-preview:-1\" \/>\n<link rel=\"canonical\" href=\"https:\/\/shopatoa.com\/ro\/parfums-de-marly-godolphin-edp-125-ml-2\/\" \/>\n<meta property=\"og:locale\" content=\"ro_RO\" \/>\n<meta property=\"og:type\" content=\"article\" \/>\n<meta property=\"og:title\" content=\"Parfums De Marly Godolphin - EDP 125 ml - SHOPATOA.COM\" \/>\n<meta property=\"og:description\" content=\"Godolphin de la brandul Parfums De Marly este o ap\u0103 de parfum cu note de piele, destinat\u0103 b\u0103rba\u021bilor. Numit dup\u0103 celebrul arm\u0103sar arab de ras\u0103 pur\u0103, str\u0103mo\u0219ul celebrilor c\u00e2\u0219tig\u0103tori de curse de cai, parfumul nobil eman\u0103 o aur\u0103 unic\u0103 \u0219i energic\u0103. Parfumul rafinat \u0219i complex se deschide cu note condimentate de cimbru \u0219i \u0219ofran, ale...\" \/>\n<meta property=\"og:url\" content=\"https:\/\/shopatoa.com\/ro\/parfums-de-marly-godolphin-edp-125-ml-2\/\" \/>\n<meta property=\"og:site_name\" content=\"SHOPATOA\" \/>\n<meta property=\"article:modified_time\" content=\"2025-12-08T14:34:27+00:00\" \/>\n<meta property=\"og:image\" content=\"https:\/\/storage.googleapis.com\/cz-shopatoa-img\/ro\/67b85137-unnamed-file.webp\" \/>\n\t<meta property=\"og:image:width\" content=\"800\" \/>\n\t<meta property=\"og:image:height\" content=\"800\" \/>\n\t<meta property=\"og:image:type\" content=\"image\/webp\" \/>\n<meta name=\"twitter:card\" content=\"summary_large_image\" \/>\n<meta name=\"twitter:label1\" content=\"Timp estimat pentru citire\" \/>\n\t<meta name=\"twitter:data1\" content=\"1 minut\" \/>\n<script type=\"application\/ld+json\" class=\"yoast-schema-graph\">{\"@context\":\"https:\\\/\\\/schema.org\",\"@graph\":[{\"@type\":\"WebPage\",\"@id\":\"https:\\\/\\\/shopatoa.com\\\/ro\\\/parfums-de-marly-godolphin-edp-125-ml-2\\\/\",\"url\":\"https:\\\/\\\/shopatoa.com\\\/ro\\\/parfums-de-marly-godolphin-edp-125-ml-2\\\/\",\"name\":\"Parfums De Marly Godolphin - EDP 125 ml - SHOPATOA.COM\",\"isPartOf\":{\"@id\":\"https:\\\/\\\/shopatoa.com\\\/ro\\\/#website\"},\"primaryImageOfPage\":{\"@id\":\"https:\\\/\\\/shopatoa.com\\\/ro\\\/parfums-de-marly-godolphin-edp-125-ml-2\\\/#primaryimage\"},\"image\":{\"@id\":\"https:\\\/\\\/shopatoa.com\\\/ro\\\/parfums-de-marly-godolphin-edp-125-ml-2\\\/#primaryimage\"},\"thumbnailUrl\":\"https:\\\/\\\/storage.googleapis.com\\\/cz-shopatoa-img\\\/ro\\\/67b85137-unnamed-file.webp\",\"datePublished\":\"2025-05-22T02:02:46+00:00\",\"dateModified\":\"2025-12-08T14:34:27+00:00\",\"breadcrumb\":{\"@id\":\"https:\\\/\\\/shopatoa.com\\\/ro\\\/parfums-de-marly-godolphin-edp-125-ml-2\\\/#breadcrumb\"},\"inLanguage\":\"ro-RO\",\"potentialAction\":[{\"@type\":\"ReadAction\",\"target\":[\"https:\\\/\\\/shopatoa.com\\\/ro\\\/parfums-de-marly-godolphin-edp-125-ml-2\\\/\"]}]},{\"@type\":\"ImageObject\",\"inLanguage\":\"ro-RO\",\"@id\":\"https:\\\/\\\/shopatoa.com\\\/ro\\\/parfums-de-marly-godolphin-edp-125-ml-2\\\/#primaryimage\",\"url\":\"https:\\\/\\\/storage.googleapis.com\\\/cz-shopatoa-img\\\/ro\\\/67b85137-unnamed-file.webp\",\"contentUrl\":\"https:\\\/\\\/storage.googleapis.com\\\/cz-shopatoa-img\\\/ro\\\/67b85137-unnamed-file.webp\",\"width\":800,\"height\":800},{\"@type\":\"BreadcrumbList\",\"@id\":\"https:\\\/\\\/shopatoa.com\\\/ro\\\/parfums-de-marly-godolphin-edp-125-ml-2\\\/#breadcrumb\",\"itemListElement\":[{\"@type\":\"ListItem\",\"position\":1,\"name\":\"Dom\u016f\",\"item\":\"https:\\\/\\\/shopatoa.com\\\/ro\\\/\"},{\"@type\":\"ListItem\",\"position\":2,\"name\":\"Shop\",\"item\":\"https:\\\/\\\/shopatoa.com\\\/ro\\\/shop\\\/\"},{\"@type\":\"ListItem\",\"position\":3,\"name\":\"Parfumuri\",\"item\":\"https:\\\/\\\/shopatoa.com\\\/ro\\\/parfumuri\\\/\"},{\"@type\":\"ListItem\",\"position\":4,\"name\":\"Ape de parfum (EDP)\",\"item\":\"https:\\\/\\\/shopatoa.com\\\/ro\\\/ape-de-parfum-edp\\\/\"},{\"@type\":\"ListItem\",\"position\":5,\"name\":\"Parfums De Marly Godolphin &#8211; EDP 125 ml\"}]},{\"@type\":\"WebSite\",\"@id\":\"https:\\\/\\\/shopatoa.com\\\/ro\\\/#website\",\"url\":\"https:\\\/\\\/shopatoa.com\\\/ro\\\/\",\"name\":\"SHOPATOA\",\"description\":\"\",\"publisher\":{\"@id\":\"https:\\\/\\\/shopatoa.com\\\/ro\\\/#organization\"},\"potentialAction\":[{\"@type\":\"SearchAction\",\"target\":{\"@type\":\"EntryPoint\",\"urlTemplate\":\"https:\\\/\\\/shopatoa.com\\\/ro\\\/?s={search_term_string}\"},\"query-input\":{\"@type\":\"PropertyValueSpecification\",\"valueRequired\":true,\"valueName\":\"search_term_string\"}}],\"inLanguage\":\"ro-RO\"},{\"@type\":\"Organization\",\"@id\":\"https:\\\/\\\/shopatoa.com\\\/ro\\\/#organization\",\"name\":\"SHOPATOA\",\"url\":\"https:\\\/\\\/shopatoa.com\\\/ro\\\/\",\"logo\":{\"@type\":\"ImageObject\",\"inLanguage\":\"ro-RO\",\"@id\":\"https:\\\/\\\/shopatoa.com\\\/ro\\\/#\\\/schema\\\/logo\\\/image\\\/\",\"url\":\"https:\\\/\\\/storage.googleapis.com\\\/cz-shopatoa-img\\\/ro\\\/b4dac915-shopatoa_logo.png\",\"contentUrl\":\"https:\\\/\\\/storage.googleapis.com\\\/cz-shopatoa-img\\\/ro\\\/b4dac915-shopatoa_logo.png\",\"width\":416,\"height\":63,\"caption\":\"SHOPATOA\"},\"image\":{\"@id\":\"https:\\\/\\\/shopatoa.com\\\/ro\\\/#\\\/schema\\\/logo\\\/image\\\/\"}}]}<\/script>\n<!-- \/ Yoast SEO plugin. -->","yoast_head_json":{"title":"Parfums De Marly Godolphin - EDP 125 ml - SHOPATOA.COM","robots":{"index":"index","follow":"follow","max-snippet":"max-snippet:-1","max-image-preview":"max-image-preview:large","max-video-preview":"max-video-preview:-1"},"canonical":"https:\/\/shopatoa.com\/ro\/parfums-de-marly-godolphin-edp-125-ml-2\/","og_locale":"ro_RO","og_type":"article","og_title":"Parfums De Marly Godolphin - EDP 125 ml - SHOPATOA.COM","og_description":"Godolphin de la brandul Parfums De Marly este o ap\u0103 de parfum cu note de piele, destinat\u0103 b\u0103rba\u021bilor. Numit dup\u0103 celebrul arm\u0103sar arab de ras\u0103 pur\u0103, str\u0103mo\u0219ul celebrilor c\u00e2\u0219tig\u0103tori de curse de cai, parfumul nobil eman\u0103 o aur\u0103 unic\u0103 \u0219i energic\u0103. Parfumul rafinat \u0219i complex se deschide cu note condimentate de cimbru \u0219i \u0219ofran, ale...","og_url":"https:\/\/shopatoa.com\/ro\/parfums-de-marly-godolphin-edp-125-ml-2\/","og_site_name":"SHOPATOA","article_modified_time":"2025-12-08T14:34:27+00:00","og_image":[{"width":800,"height":800,"url":"https:\/\/storage.googleapis.com\/cz-shopatoa-img\/ro\/67b85137-unnamed-file.webp","type":"image\/webp"}],"twitter_card":"summary_large_image","twitter_misc":{"Timp estimat pentru citire":"1 minut"},"schema":{"@context":"https:\/\/schema.org","@graph":[{"@type":"WebPage","@id":"https:\/\/shopatoa.com\/ro\/parfums-de-marly-godolphin-edp-125-ml-2\/","url":"https:\/\/shopatoa.com\/ro\/parfums-de-marly-godolphin-edp-125-ml-2\/","name":"Parfums De Marly Godolphin - EDP 125 ml - SHOPATOA.COM","isPartOf":{"@id":"https:\/\/shopatoa.com\/ro\/#website"},"primaryImageOfPage":{"@id":"https:\/\/shopatoa.com\/ro\/parfums-de-marly-godolphin-edp-125-ml-2\/#primaryimage"},"image":{"@id":"https:\/\/shopatoa.com\/ro\/parfums-de-marly-godolphin-edp-125-ml-2\/#primaryimage"},"thumbnailUrl":"https:\/\/storage.googleapis.com\/cz-shopatoa-img\/ro\/67b85137-unnamed-file.webp","datePublished":"2025-05-22T02:02:46+00:00","dateModified":"2025-12-08T14:34:27+00:00","breadcrumb":{"@id":"https:\/\/shopatoa.com\/ro\/parfums-de-marly-godolphin-edp-125-ml-2\/#breadcrumb"},"inLanguage":"ro-RO","potentialAction":[{"@type":"ReadAction","target":["https:\/\/shopatoa.com\/ro\/parfums-de-marly-godolphin-edp-125-ml-2\/"]}]},{"@type":"ImageObject","inLanguage":"ro-RO","@id":"https:\/\/shopatoa.com\/ro\/parfums-de-marly-godolphin-edp-125-ml-2\/#primaryimage","url":"https:\/\/storage.googleapis.com\/cz-shopatoa-img\/ro\/67b85137-unnamed-file.webp","contentUrl":"https:\/\/storage.googleapis.com\/cz-shopatoa-img\/ro\/67b85137-unnamed-file.webp","width":800,"height":800},{"@type":"BreadcrumbList","@id":"https:\/\/shopatoa.com\/ro\/parfums-de-marly-godolphin-edp-125-ml-2\/#breadcrumb","itemListElement":[{"@type":"ListItem","position":1,"name":"Dom\u016f","item":"https:\/\/shopatoa.com\/ro\/"},{"@type":"ListItem","position":2,"name":"Shop","item":"https:\/\/shopatoa.com\/ro\/shop\/"},{"@type":"ListItem","position":3,"name":"Parfumuri","item":"https:\/\/shopatoa.com\/ro\/parfumuri\/"},{"@type":"ListItem","position":4,"name":"Ape de parfum (EDP)","item":"https:\/\/shopatoa.com\/ro\/ape-de-parfum-edp\/"},{"@type":"ListItem","position":5,"name":"Parfums De Marly Godolphin &#8211; EDP 125 ml"}]},{"@type":"WebSite","@id":"https:\/\/shopatoa.com\/ro\/#website","url":"https:\/\/shopatoa.com\/ro\/","name":"SHOPATOA","description":"","publisher":{"@id":"https:\/\/shopatoa.com\/ro\/#organization"},"potentialAction":[{"@type":"SearchAction","target":{"@type":"EntryPoint","urlTemplate":"https:\/\/shopatoa.com\/ro\/?s={search_term_string}"},"query-input":{"@type":"PropertyValueSpecification","valueRequired":true,"valueName":"search_term_string"}}],"inLanguage":"ro-RO"},{"@type":"Organization","@id":"https:\/\/shopatoa.com\/ro\/#organization","name":"SHOPATOA","url":"https:\/\/shopatoa.com\/ro\/","logo":{"@type":"ImageObject","inLanguage":"ro-RO","@id":"https:\/\/shopatoa.com\/ro\/#\/schema\/logo\/image\/","url":"https:\/\/storage.googleapis.com\/cz-shopatoa-img\/ro\/b4dac915-shopatoa_logo.png","contentUrl":"https:\/\/storage.googleapis.com\/cz-shopatoa-img\/ro\/b4dac915-shopatoa_logo.png","width":416,"height":63,"caption":"SHOPATOA"},"image":{"@id":"https:\/\/shopatoa.com\/ro\/#\/schema\/logo\/image\/"}}]}},"_links":{"self":[{"href":"https:\/\/shopatoa.com\/ro\/wp-json\/wp\/v2\/product\/372777","targetHints":{"allow":["GET"]}}],"collection":[{"href":"https:\/\/shopatoa.com\/ro\/wp-json\/wp\/v2\/product"}],"about":[{"href":"https:\/\/shopatoa.com\/ro\/wp-json\/wp\/v2\/types\/product"}],"replies":[{"embeddable":true,"href":"https:\/\/shopatoa.com\/ro\/wp-json\/wp\/v2\/comments?post=372777"}],"wp:featuredmedia":[{"embeddable":true,"href":"https:\/\/shopatoa.com\/ro\/wp-json\/wp\/v2\/media\/372778"}],"wp:attachment":[{"href":"https:\/\/shopatoa.com\/ro\/wp-json\/wp\/v2\/media?parent=372777"}],"wp:term":[{"taxonomy":"product_brand","embeddable":true,"href":"https:\/\/shopatoa.com\/ro\/wp-json\/wp\/v2\/product_brand?post=372777"},{"taxonomy":"product_cat","embeddable":true,"href":"https:\/\/shopatoa.com\/ro\/wp-json\/wp\/v2\/product_cat?post=372777"},{"taxonomy":"product_tag","embeddable":true,"href":"https:\/\/shopatoa.com\/ro\/wp-json\/wp\/v2\/product_tag?post=372777"}],"curies":[{"name":"wp","href":"https:\/\/api.w.org\/{rel}","templated":true}]}}