{"id":372837,"date":"2025-05-22T04:07:45","date_gmt":"2025-05-22T02:07:45","guid":{"rendered":"https:\/\/shopatoa.com\/ro\/yankee-candle-difuzor-electric-pentru-priza-organic-kit-pink-sands-185-ml-3\/"},"modified":"2025-09-25T05:20:59","modified_gmt":"2025-09-25T03:20:59","slug":"yankee-candle-difuzor-electric-pentru-priza-organic-kit-pink-sands-185-ml-3","status":"publish","type":"product","link":"https:\/\/shopatoa.com\/ro\/yankee-candle-difuzor-electric-pentru-priza-organic-kit-pink-sands-185-ml-3\/","title":{"rendered":"Yankee Candle Difuzor electric pentru priz\u0103 Organic Kit Pink Sands 18,5 ml"},"content":{"rendered":"<p>Odorizantul electric Organic Kit Pink Sands aduce mirosul de citrice proaspete, tonuri florale dulci \u0219i vanilie, care v\u0103 vor parfuma perfect casa. Pute\u021bi regla intensitatea parfumului direct pe unitatea de baz\u0103 \u00een 3 etape. O singur\u0103 reumplere v\u0103 va l\u0103sa casa parfumat\u0103 p\u00e2n\u0103 la 30 de zile. Mai t\u00e2rziu, pute\u021bi cump\u0103ra o rezerv\u0103 cu acela\u0219i parfum sau cu parfum diferit.<\/p>\n","protected":false},"excerpt":{"rendered":"<p>Odorizantul electric Organic Kit Pink Sands aduce mirosul de citrice proaspete, tonuri florale dulci \u0219i vanilie, care v\u0103 vor parfuma perfect casa. Pute\u021bi regla intensitatea parfumului direct pe unitatea de baz\u0103 \u00een 3 etape. O singur\u0103 reumplere v\u0103 va l\u0103sa casa parfumat\u0103 p\u00e2n\u0103 la 30 de zile. Mai t\u00e2rziu, pute\u021bi cump\u0103ra o rezerv\u0103 cu acela\u0219i&#8230;<\/p>\n","protected":false},"featured_media":372838,"comment_status":"closed","ping_status":"open","template":"","meta":{"_acf_changed":false,"_kadence_starter_templates_imported_post":false,"_kad_post_transparent":"","_kad_post_title":"","_kad_post_layout":"","_kad_post_sidebar_id":"","_kad_post_content_style":"","_kad_post_vertical_padding":"","_kad_post_feature":"","_kad_post_feature_position":"","_kad_post_header":false,"_kad_post_footer":false,"_kad_post_classname":""},"product_brand":[149],"product_cat":[246,759,692,654],"product_tag":[],"class_list":{"0":"post-372837","1":"product","2":"type-product","3":"status-publish","4":"has-post-thumbnail","6":"product_brand-yankee-candle","7":"product_cat-cosmetice","8":"product_cat-difuzoare-de-aroma-electrice","9":"product_cat-difuzoare-de-parfum","10":"product_cat-lumanari-parfumate-si-arome","12":"first","13":"instock","14":"product-type-external","15":"entry","16":"content-bg","17":"loop-entry"},"acf":[],"yoast_head":"<!-- This site is optimized with the Yoast SEO plugin v27.4 - https:\/\/yoast.com\/product\/yoast-seo-wordpress\/ -->\n<title>Yankee Candle Difuzor electric pentru priz\u0103 Organic Kit Pink Sands 18,5 ml - SHOPATOA.COM<\/title>\n<meta name=\"robots\" content=\"index, follow, max-snippet:-1, max-image-preview:large, max-video-preview:-1\" \/>\n<link rel=\"canonical\" href=\"https:\/\/shopatoa.com\/ro\/yankee-candle-difuzor-electric-pentru-priza-organic-kit-pink-sands-185-ml-3\/\" \/>\n<meta property=\"og:locale\" content=\"ro_RO\" \/>\n<meta property=\"og:type\" content=\"article\" \/>\n<meta property=\"og:title\" content=\"Yankee Candle Difuzor electric pentru priz\u0103 Organic Kit Pink Sands 18,5 ml - SHOPATOA.COM\" \/>\n<meta property=\"og:description\" content=\"Odorizantul electric Organic Kit Pink Sands aduce mirosul de citrice proaspete, tonuri florale dulci \u0219i vanilie, care v\u0103 vor parfuma perfect casa. Pute\u021bi regla intensitatea parfumului direct pe unitatea de baz\u0103 \u00een 3 etape. O singur\u0103 reumplere v\u0103 va l\u0103sa casa parfumat\u0103 p\u00e2n\u0103 la 30 de zile. Mai t\u00e2rziu, pute\u021bi cump\u0103ra o rezerv\u0103 cu acela\u0219i...\" \/>\n<meta property=\"og:url\" content=\"https:\/\/shopatoa.com\/ro\/yankee-candle-difuzor-electric-pentru-priza-organic-kit-pink-sands-185-ml-3\/\" \/>\n<meta property=\"og:site_name\" content=\"SHOPATOA\" \/>\n<meta property=\"article:modified_time\" content=\"2025-09-25T03:20:59+00:00\" \/>\n<meta property=\"og:image\" content=\"https:\/\/storage.googleapis.com\/cz-shopatoa-img\/ro\/b5c061b2-unnamed-file.webp\" \/>\n\t<meta property=\"og:image:width\" content=\"800\" \/>\n\t<meta property=\"og:image:height\" content=\"800\" \/>\n\t<meta property=\"og:image:type\" content=\"image\/webp\" \/>\n<meta name=\"twitter:card\" content=\"summary_large_image\" \/>\n<script type=\"application\/ld+json\" class=\"yoast-schema-graph\">{\"@context\":\"https:\\\/\\\/schema.org\",\"@graph\":[{\"@type\":\"WebPage\",\"@id\":\"https:\\\/\\\/shopatoa.com\\\/ro\\\/yankee-candle-difuzor-electric-pentru-priza-organic-kit-pink-sands-185-ml-3\\\/\",\"url\":\"https:\\\/\\\/shopatoa.com\\\/ro\\\/yankee-candle-difuzor-electric-pentru-priza-organic-kit-pink-sands-185-ml-3\\\/\",\"name\":\"Yankee Candle Difuzor electric pentru priz\u0103 Organic Kit Pink Sands 18,5 ml - SHOPATOA.COM\",\"isPartOf\":{\"@id\":\"https:\\\/\\\/shopatoa.com\\\/ro\\\/#website\"},\"primaryImageOfPage\":{\"@id\":\"https:\\\/\\\/shopatoa.com\\\/ro\\\/yankee-candle-difuzor-electric-pentru-priza-organic-kit-pink-sands-185-ml-3\\\/#primaryimage\"},\"image\":{\"@id\":\"https:\\\/\\\/shopatoa.com\\\/ro\\\/yankee-candle-difuzor-electric-pentru-priza-organic-kit-pink-sands-185-ml-3\\\/#primaryimage\"},\"thumbnailUrl\":\"https:\\\/\\\/storage.googleapis.com\\\/cz-shopatoa-img\\\/ro\\\/b5c061b2-unnamed-file.webp\",\"datePublished\":\"2025-05-22T02:07:45+00:00\",\"dateModified\":\"2025-09-25T03:20:59+00:00\",\"breadcrumb\":{\"@id\":\"https:\\\/\\\/shopatoa.com\\\/ro\\\/yankee-candle-difuzor-electric-pentru-priza-organic-kit-pink-sands-185-ml-3\\\/#breadcrumb\"},\"inLanguage\":\"ro-RO\",\"potentialAction\":[{\"@type\":\"ReadAction\",\"target\":[\"https:\\\/\\\/shopatoa.com\\\/ro\\\/yankee-candle-difuzor-electric-pentru-priza-organic-kit-pink-sands-185-ml-3\\\/\"]}]},{\"@type\":\"ImageObject\",\"inLanguage\":\"ro-RO\",\"@id\":\"https:\\\/\\\/shopatoa.com\\\/ro\\\/yankee-candle-difuzor-electric-pentru-priza-organic-kit-pink-sands-185-ml-3\\\/#primaryimage\",\"url\":\"https:\\\/\\\/storage.googleapis.com\\\/cz-shopatoa-img\\\/ro\\\/b5c061b2-unnamed-file.webp\",\"contentUrl\":\"https:\\\/\\\/storage.googleapis.com\\\/cz-shopatoa-img\\\/ro\\\/b5c061b2-unnamed-file.webp\",\"width\":800,\"height\":800},{\"@type\":\"BreadcrumbList\",\"@id\":\"https:\\\/\\\/shopatoa.com\\\/ro\\\/yankee-candle-difuzor-electric-pentru-priza-organic-kit-pink-sands-185-ml-3\\\/#breadcrumb\",\"itemListElement\":[{\"@type\":\"ListItem\",\"position\":1,\"name\":\"Dom\u016f\",\"item\":\"https:\\\/\\\/shopatoa.com\\\/ro\\\/\"},{\"@type\":\"ListItem\",\"position\":2,\"name\":\"Shop\",\"item\":\"https:\\\/\\\/shopatoa.com\\\/ro\\\/shop\\\/\"},{\"@type\":\"ListItem\",\"position\":3,\"name\":\"Cosmetice\",\"item\":\"https:\\\/\\\/shopatoa.com\\\/ro\\\/cosmetice\\\/\"},{\"@type\":\"ListItem\",\"position\":4,\"name\":\"Lum\u00e2n\u0103ri parfumate \u0219i arome\",\"item\":\"https:\\\/\\\/shopatoa.com\\\/ro\\\/lumanari-parfumate-si-arome\\\/\"},{\"@type\":\"ListItem\",\"position\":5,\"name\":\"Difuzoare de parfum\",\"item\":\"https:\\\/\\\/shopatoa.com\\\/ro\\\/difuzoare-de-parfum\\\/\"},{\"@type\":\"ListItem\",\"position\":6,\"name\":\"Difuzoare de aroma electrice\",\"item\":\"https:\\\/\\\/shopatoa.com\\\/ro\\\/difuzoare-de-aroma-electrice\\\/\"},{\"@type\":\"ListItem\",\"position\":7,\"name\":\"Yankee Candle Difuzor electric pentru priz\u0103 Organic Kit Pink Sands 18,5 ml\"}]},{\"@type\":\"WebSite\",\"@id\":\"https:\\\/\\\/shopatoa.com\\\/ro\\\/#website\",\"url\":\"https:\\\/\\\/shopatoa.com\\\/ro\\\/\",\"name\":\"SHOPATOA\",\"description\":\"\",\"publisher\":{\"@id\":\"https:\\\/\\\/shopatoa.com\\\/ro\\\/#organization\"},\"potentialAction\":[{\"@type\":\"SearchAction\",\"target\":{\"@type\":\"EntryPoint\",\"urlTemplate\":\"https:\\\/\\\/shopatoa.com\\\/ro\\\/?s={search_term_string}\"},\"query-input\":{\"@type\":\"PropertyValueSpecification\",\"valueRequired\":true,\"valueName\":\"search_term_string\"}}],\"inLanguage\":\"ro-RO\"},{\"@type\":\"Organization\",\"@id\":\"https:\\\/\\\/shopatoa.com\\\/ro\\\/#organization\",\"name\":\"SHOPATOA\",\"url\":\"https:\\\/\\\/shopatoa.com\\\/ro\\\/\",\"logo\":{\"@type\":\"ImageObject\",\"inLanguage\":\"ro-RO\",\"@id\":\"https:\\\/\\\/shopatoa.com\\\/ro\\\/#\\\/schema\\\/logo\\\/image\\\/\",\"url\":\"https:\\\/\\\/storage.googleapis.com\\\/cz-shopatoa-img\\\/ro\\\/b4dac915-shopatoa_logo.png\",\"contentUrl\":\"https:\\\/\\\/storage.googleapis.com\\\/cz-shopatoa-img\\\/ro\\\/b4dac915-shopatoa_logo.png\",\"width\":416,\"height\":63,\"caption\":\"SHOPATOA\"},\"image\":{\"@id\":\"https:\\\/\\\/shopatoa.com\\\/ro\\\/#\\\/schema\\\/logo\\\/image\\\/\"}}]}<\/script>\n<!-- \/ Yoast SEO plugin. -->","yoast_head_json":{"title":"Yankee Candle Difuzor electric pentru priz\u0103 Organic Kit Pink Sands 18,5 ml - SHOPATOA.COM","robots":{"index":"index","follow":"follow","max-snippet":"max-snippet:-1","max-image-preview":"max-image-preview:large","max-video-preview":"max-video-preview:-1"},"canonical":"https:\/\/shopatoa.com\/ro\/yankee-candle-difuzor-electric-pentru-priza-organic-kit-pink-sands-185-ml-3\/","og_locale":"ro_RO","og_type":"article","og_title":"Yankee Candle Difuzor electric pentru priz\u0103 Organic Kit Pink Sands 18,5 ml - SHOPATOA.COM","og_description":"Odorizantul electric Organic Kit Pink Sands aduce mirosul de citrice proaspete, tonuri florale dulci \u0219i vanilie, care v\u0103 vor parfuma perfect casa. Pute\u021bi regla intensitatea parfumului direct pe unitatea de baz\u0103 \u00een 3 etape. O singur\u0103 reumplere v\u0103 va l\u0103sa casa parfumat\u0103 p\u00e2n\u0103 la 30 de zile. Mai t\u00e2rziu, pute\u021bi cump\u0103ra o rezerv\u0103 cu acela\u0219i...","og_url":"https:\/\/shopatoa.com\/ro\/yankee-candle-difuzor-electric-pentru-priza-organic-kit-pink-sands-185-ml-3\/","og_site_name":"SHOPATOA","article_modified_time":"2025-09-25T03:20:59+00:00","og_image":[{"width":800,"height":800,"url":"https:\/\/storage.googleapis.com\/cz-shopatoa-img\/ro\/b5c061b2-unnamed-file.webp","type":"image\/webp"}],"twitter_card":"summary_large_image","schema":{"@context":"https:\/\/schema.org","@graph":[{"@type":"WebPage","@id":"https:\/\/shopatoa.com\/ro\/yankee-candle-difuzor-electric-pentru-priza-organic-kit-pink-sands-185-ml-3\/","url":"https:\/\/shopatoa.com\/ro\/yankee-candle-difuzor-electric-pentru-priza-organic-kit-pink-sands-185-ml-3\/","name":"Yankee Candle Difuzor electric pentru priz\u0103 Organic Kit Pink Sands 18,5 ml - SHOPATOA.COM","isPartOf":{"@id":"https:\/\/shopatoa.com\/ro\/#website"},"primaryImageOfPage":{"@id":"https:\/\/shopatoa.com\/ro\/yankee-candle-difuzor-electric-pentru-priza-organic-kit-pink-sands-185-ml-3\/#primaryimage"},"image":{"@id":"https:\/\/shopatoa.com\/ro\/yankee-candle-difuzor-electric-pentru-priza-organic-kit-pink-sands-185-ml-3\/#primaryimage"},"thumbnailUrl":"https:\/\/storage.googleapis.com\/cz-shopatoa-img\/ro\/b5c061b2-unnamed-file.webp","datePublished":"2025-05-22T02:07:45+00:00","dateModified":"2025-09-25T03:20:59+00:00","breadcrumb":{"@id":"https:\/\/shopatoa.com\/ro\/yankee-candle-difuzor-electric-pentru-priza-organic-kit-pink-sands-185-ml-3\/#breadcrumb"},"inLanguage":"ro-RO","potentialAction":[{"@type":"ReadAction","target":["https:\/\/shopatoa.com\/ro\/yankee-candle-difuzor-electric-pentru-priza-organic-kit-pink-sands-185-ml-3\/"]}]},{"@type":"ImageObject","inLanguage":"ro-RO","@id":"https:\/\/shopatoa.com\/ro\/yankee-candle-difuzor-electric-pentru-priza-organic-kit-pink-sands-185-ml-3\/#primaryimage","url":"https:\/\/storage.googleapis.com\/cz-shopatoa-img\/ro\/b5c061b2-unnamed-file.webp","contentUrl":"https:\/\/storage.googleapis.com\/cz-shopatoa-img\/ro\/b5c061b2-unnamed-file.webp","width":800,"height":800},{"@type":"BreadcrumbList","@id":"https:\/\/shopatoa.com\/ro\/yankee-candle-difuzor-electric-pentru-priza-organic-kit-pink-sands-185-ml-3\/#breadcrumb","itemListElement":[{"@type":"ListItem","position":1,"name":"Dom\u016f","item":"https:\/\/shopatoa.com\/ro\/"},{"@type":"ListItem","position":2,"name":"Shop","item":"https:\/\/shopatoa.com\/ro\/shop\/"},{"@type":"ListItem","position":3,"name":"Cosmetice","item":"https:\/\/shopatoa.com\/ro\/cosmetice\/"},{"@type":"ListItem","position":4,"name":"Lum\u00e2n\u0103ri parfumate \u0219i arome","item":"https:\/\/shopatoa.com\/ro\/lumanari-parfumate-si-arome\/"},{"@type":"ListItem","position":5,"name":"Difuzoare de parfum","item":"https:\/\/shopatoa.com\/ro\/difuzoare-de-parfum\/"},{"@type":"ListItem","position":6,"name":"Difuzoare de aroma electrice","item":"https:\/\/shopatoa.com\/ro\/difuzoare-de-aroma-electrice\/"},{"@type":"ListItem","position":7,"name":"Yankee Candle Difuzor electric pentru priz\u0103 Organic Kit Pink Sands 18,5 ml"}]},{"@type":"WebSite","@id":"https:\/\/shopatoa.com\/ro\/#website","url":"https:\/\/shopatoa.com\/ro\/","name":"SHOPATOA","description":"","publisher":{"@id":"https:\/\/shopatoa.com\/ro\/#organization"},"potentialAction":[{"@type":"SearchAction","target":{"@type":"EntryPoint","urlTemplate":"https:\/\/shopatoa.com\/ro\/?s={search_term_string}"},"query-input":{"@type":"PropertyValueSpecification","valueRequired":true,"valueName":"search_term_string"}}],"inLanguage":"ro-RO"},{"@type":"Organization","@id":"https:\/\/shopatoa.com\/ro\/#organization","name":"SHOPATOA","url":"https:\/\/shopatoa.com\/ro\/","logo":{"@type":"ImageObject","inLanguage":"ro-RO","@id":"https:\/\/shopatoa.com\/ro\/#\/schema\/logo\/image\/","url":"https:\/\/storage.googleapis.com\/cz-shopatoa-img\/ro\/b4dac915-shopatoa_logo.png","contentUrl":"https:\/\/storage.googleapis.com\/cz-shopatoa-img\/ro\/b4dac915-shopatoa_logo.png","width":416,"height":63,"caption":"SHOPATOA"},"image":{"@id":"https:\/\/shopatoa.com\/ro\/#\/schema\/logo\/image\/"}}]}},"_links":{"self":[{"href":"https:\/\/shopatoa.com\/ro\/wp-json\/wp\/v2\/product\/372837","targetHints":{"allow":["GET"]}}],"collection":[{"href":"https:\/\/shopatoa.com\/ro\/wp-json\/wp\/v2\/product"}],"about":[{"href":"https:\/\/shopatoa.com\/ro\/wp-json\/wp\/v2\/types\/product"}],"replies":[{"embeddable":true,"href":"https:\/\/shopatoa.com\/ro\/wp-json\/wp\/v2\/comments?post=372837"}],"wp:featuredmedia":[{"embeddable":true,"href":"https:\/\/shopatoa.com\/ro\/wp-json\/wp\/v2\/media\/372838"}],"wp:attachment":[{"href":"https:\/\/shopatoa.com\/ro\/wp-json\/wp\/v2\/media?parent=372837"}],"wp:term":[{"taxonomy":"product_brand","embeddable":true,"href":"https:\/\/shopatoa.com\/ro\/wp-json\/wp\/v2\/product_brand?post=372837"},{"taxonomy":"product_cat","embeddable":true,"href":"https:\/\/shopatoa.com\/ro\/wp-json\/wp\/v2\/product_cat?post=372837"},{"taxonomy":"product_tag","embeddable":true,"href":"https:\/\/shopatoa.com\/ro\/wp-json\/wp\/v2\/product_tag?post=372837"}],"curies":[{"name":"wp","href":"https:\/\/api.w.org\/{rel}","templated":true}]}}