{"id":372877,"date":"2025-05-22T04:10:46","date_gmt":"2025-05-22T02:10:46","guid":{"rendered":"https:\/\/shopatoa.com\/ro\/kenzo-kenzo-homme-intense-edt-110-ml-2\/"},"modified":"2025-12-08T14:06:16","modified_gmt":"2025-12-08T13:06:16","slug":"kenzo-kenzo-homme-intense-edt-110-ml-2","status":"publish","type":"product","link":"https:\/\/shopatoa.com\/ro\/kenzo-kenzo-homme-intense-edt-110-ml-2\/","title":{"rendered":"Kenzo Kenzo Homme Intense &#8211; EDT 110 ml"},"content":{"rendered":"<p>Kenzo Homme Intense, o ap\u0103 de toalet\u0103 inspirat\u0103 din intensitatea m\u0103rii \u0219i lini\u0219tea brizei m\u0103rii. Prospe\u021bimea piperului roz \u0219i a notelor picante combinate cu briza m\u0103rii contrasteaz\u0103 cu c\u0103ldura smochinului, a vetiverului \u0219i a acordului lemnului de santal \u0219i a lemnului acvigal, ca o piele s\u0103rat\u0103 \u00eenc\u0103lzit\u0103 de soare. Angajat s\u0103 contribuie la o lume mai frumoas\u0103, Kenzo Parfums \u0219i-a reproiectat capacul pentru a economisi 34% plastic \u0219i a \u00eencorporat 10% sticl\u0103 reciclat\u0103 \u00een sticle. Acest parfum este predecesorul parfumului de succes Kenzo Pour Homme din 1991, dar \u00eel dep\u0103\u0219e\u0219te \u00een multe privin\u021be. \u00cenc\u00e2nt\u0103-\u021bi sim\u021burile cu un parfum sclipitor \u0219i unic care \u00ee\u021bi treze\u0219te dorin\u021ba de libertate \u0219i independen\u021b\u0103. Parfumul inspirat de calmul puternic al m\u0103rii te va transporta \u00eentr-o alt\u0103 dimensiune &#8211; oceanul nesf\u00e2r\u0219it, apusul \u0219i briza s\u0103rat\u0103 a m\u0103rii \u00ee\u021bi vor oferi sentimentul dorit de ne\u00eengr\u0103dit \u0219i libertate. Parfumul a fost lansat pe pia\u021b\u0103 \u00een anul 2021.<\/p>\n","protected":false},"excerpt":{"rendered":"<p>Kenzo Homme Intense, o ap\u0103 de toalet\u0103 inspirat\u0103 din intensitatea m\u0103rii \u0219i lini\u0219tea brizei m\u0103rii. Prospe\u021bimea piperului roz \u0219i a notelor picante combinate cu briza m\u0103rii contrasteaz\u0103 cu c\u0103ldura smochinului, a vetiverului \u0219i a acordului lemnului de santal \u0219i a lemnului acvigal, ca o piele s\u0103rat\u0103 \u00eenc\u0103lzit\u0103 de soare. Angajat s\u0103 contribuie la o lume&#8230;<\/p>\n","protected":false},"featured_media":372878,"comment_status":"closed","ping_status":"open","template":"","meta":{"_acf_changed":false,"_kadence_starter_templates_imported_post":false,"_kad_post_transparent":"","_kad_post_title":"","_kad_post_layout":"","_kad_post_sidebar_id":"","_kad_post_content_style":"","_kad_post_vertical_padding":"","_kad_post_feature":"","_kad_post_feature_position":"","_kad_post_header":false,"_kad_post_footer":false,"_kad_post_classname":""},"product_brand":[401],"product_cat":[615,614],"product_tag":[],"class_list":{"0":"post-372877","1":"product","2":"type-product","3":"status-publish","4":"has-post-thumbnail","6":"product_brand-kenzo","7":"product_cat-ape-de-toaleta-edt","8":"product_cat-parfumuri","10":"first","11":"instock","12":"product-type-external","13":"entry","14":"content-bg","15":"loop-entry"},"acf":[],"yoast_head":"<!-- This site is optimized with the Yoast SEO plugin v27.4 - https:\/\/yoast.com\/product\/yoast-seo-wordpress\/ -->\n<title>Kenzo Kenzo Homme Intense - EDT 110 ml - SHOPATOA.COM<\/title>\n<meta name=\"robots\" content=\"index, follow, max-snippet:-1, max-image-preview:large, max-video-preview:-1\" \/>\n<link rel=\"canonical\" href=\"https:\/\/shopatoa.com\/ro\/kenzo-kenzo-homme-intense-edt-110-ml-2\/\" \/>\n<meta property=\"og:locale\" content=\"ro_RO\" \/>\n<meta property=\"og:type\" content=\"article\" \/>\n<meta property=\"og:title\" content=\"Kenzo Kenzo Homme Intense - EDT 110 ml - SHOPATOA.COM\" \/>\n<meta property=\"og:description\" content=\"Kenzo Homme Intense, o ap\u0103 de toalet\u0103 inspirat\u0103 din intensitatea m\u0103rii \u0219i lini\u0219tea brizei m\u0103rii. Prospe\u021bimea piperului roz \u0219i a notelor picante combinate cu briza m\u0103rii contrasteaz\u0103 cu c\u0103ldura smochinului, a vetiverului \u0219i a acordului lemnului de santal \u0219i a lemnului acvigal, ca o piele s\u0103rat\u0103 \u00eenc\u0103lzit\u0103 de soare. Angajat s\u0103 contribuie la o lume...\" \/>\n<meta property=\"og:url\" content=\"https:\/\/shopatoa.com\/ro\/kenzo-kenzo-homme-intense-edt-110-ml-2\/\" \/>\n<meta property=\"og:site_name\" content=\"SHOPATOA\" \/>\n<meta property=\"article:modified_time\" content=\"2025-12-08T13:06:16+00:00\" \/>\n<meta property=\"og:image\" content=\"https:\/\/storage.googleapis.com\/cz-shopatoa-img\/ro\/e09038b4-unnamed-file.webp\" \/>\n\t<meta property=\"og:image:width\" content=\"800\" \/>\n\t<meta property=\"og:image:height\" content=\"800\" \/>\n\t<meta property=\"og:image:type\" content=\"image\/webp\" \/>\n<meta name=\"twitter:card\" content=\"summary_large_image\" \/>\n<meta name=\"twitter:label1\" content=\"Timp estimat pentru citire\" \/>\n\t<meta name=\"twitter:data1\" content=\"1 minut\" \/>\n<script type=\"application\/ld+json\" class=\"yoast-schema-graph\">{\"@context\":\"https:\\\/\\\/schema.org\",\"@graph\":[{\"@type\":\"WebPage\",\"@id\":\"https:\\\/\\\/shopatoa.com\\\/ro\\\/kenzo-kenzo-homme-intense-edt-110-ml-2\\\/\",\"url\":\"https:\\\/\\\/shopatoa.com\\\/ro\\\/kenzo-kenzo-homme-intense-edt-110-ml-2\\\/\",\"name\":\"Kenzo Kenzo Homme Intense - EDT 110 ml - SHOPATOA.COM\",\"isPartOf\":{\"@id\":\"https:\\\/\\\/shopatoa.com\\\/ro\\\/#website\"},\"primaryImageOfPage\":{\"@id\":\"https:\\\/\\\/shopatoa.com\\\/ro\\\/kenzo-kenzo-homme-intense-edt-110-ml-2\\\/#primaryimage\"},\"image\":{\"@id\":\"https:\\\/\\\/shopatoa.com\\\/ro\\\/kenzo-kenzo-homme-intense-edt-110-ml-2\\\/#primaryimage\"},\"thumbnailUrl\":\"https:\\\/\\\/storage.googleapis.com\\\/cz-shopatoa-img\\\/ro\\\/e09038b4-unnamed-file.webp\",\"datePublished\":\"2025-05-22T02:10:46+00:00\",\"dateModified\":\"2025-12-08T13:06:16+00:00\",\"breadcrumb\":{\"@id\":\"https:\\\/\\\/shopatoa.com\\\/ro\\\/kenzo-kenzo-homme-intense-edt-110-ml-2\\\/#breadcrumb\"},\"inLanguage\":\"ro-RO\",\"potentialAction\":[{\"@type\":\"ReadAction\",\"target\":[\"https:\\\/\\\/shopatoa.com\\\/ro\\\/kenzo-kenzo-homme-intense-edt-110-ml-2\\\/\"]}]},{\"@type\":\"ImageObject\",\"inLanguage\":\"ro-RO\",\"@id\":\"https:\\\/\\\/shopatoa.com\\\/ro\\\/kenzo-kenzo-homme-intense-edt-110-ml-2\\\/#primaryimage\",\"url\":\"https:\\\/\\\/storage.googleapis.com\\\/cz-shopatoa-img\\\/ro\\\/e09038b4-unnamed-file.webp\",\"contentUrl\":\"https:\\\/\\\/storage.googleapis.com\\\/cz-shopatoa-img\\\/ro\\\/e09038b4-unnamed-file.webp\",\"width\":800,\"height\":800},{\"@type\":\"BreadcrumbList\",\"@id\":\"https:\\\/\\\/shopatoa.com\\\/ro\\\/kenzo-kenzo-homme-intense-edt-110-ml-2\\\/#breadcrumb\",\"itemListElement\":[{\"@type\":\"ListItem\",\"position\":1,\"name\":\"Dom\u016f\",\"item\":\"https:\\\/\\\/shopatoa.com\\\/ro\\\/\"},{\"@type\":\"ListItem\",\"position\":2,\"name\":\"Shop\",\"item\":\"https:\\\/\\\/shopatoa.com\\\/ro\\\/shop\\\/\"},{\"@type\":\"ListItem\",\"position\":3,\"name\":\"Parfumuri\",\"item\":\"https:\\\/\\\/shopatoa.com\\\/ro\\\/parfumuri\\\/\"},{\"@type\":\"ListItem\",\"position\":4,\"name\":\"Ape de toalet\u0103 (EDT)\",\"item\":\"https:\\\/\\\/shopatoa.com\\\/ro\\\/ape-de-toaleta-edt\\\/\"},{\"@type\":\"ListItem\",\"position\":5,\"name\":\"Kenzo Kenzo Homme Intense &#8211; EDT 110 ml\"}]},{\"@type\":\"WebSite\",\"@id\":\"https:\\\/\\\/shopatoa.com\\\/ro\\\/#website\",\"url\":\"https:\\\/\\\/shopatoa.com\\\/ro\\\/\",\"name\":\"SHOPATOA\",\"description\":\"\",\"publisher\":{\"@id\":\"https:\\\/\\\/shopatoa.com\\\/ro\\\/#organization\"},\"potentialAction\":[{\"@type\":\"SearchAction\",\"target\":{\"@type\":\"EntryPoint\",\"urlTemplate\":\"https:\\\/\\\/shopatoa.com\\\/ro\\\/?s={search_term_string}\"},\"query-input\":{\"@type\":\"PropertyValueSpecification\",\"valueRequired\":true,\"valueName\":\"search_term_string\"}}],\"inLanguage\":\"ro-RO\"},{\"@type\":\"Organization\",\"@id\":\"https:\\\/\\\/shopatoa.com\\\/ro\\\/#organization\",\"name\":\"SHOPATOA\",\"url\":\"https:\\\/\\\/shopatoa.com\\\/ro\\\/\",\"logo\":{\"@type\":\"ImageObject\",\"inLanguage\":\"ro-RO\",\"@id\":\"https:\\\/\\\/shopatoa.com\\\/ro\\\/#\\\/schema\\\/logo\\\/image\\\/\",\"url\":\"https:\\\/\\\/storage.googleapis.com\\\/cz-shopatoa-img\\\/ro\\\/b4dac915-shopatoa_logo.png\",\"contentUrl\":\"https:\\\/\\\/storage.googleapis.com\\\/cz-shopatoa-img\\\/ro\\\/b4dac915-shopatoa_logo.png\",\"width\":416,\"height\":63,\"caption\":\"SHOPATOA\"},\"image\":{\"@id\":\"https:\\\/\\\/shopatoa.com\\\/ro\\\/#\\\/schema\\\/logo\\\/image\\\/\"}}]}<\/script>\n<!-- \/ Yoast SEO plugin. -->","yoast_head_json":{"title":"Kenzo Kenzo Homme Intense - EDT 110 ml - SHOPATOA.COM","robots":{"index":"index","follow":"follow","max-snippet":"max-snippet:-1","max-image-preview":"max-image-preview:large","max-video-preview":"max-video-preview:-1"},"canonical":"https:\/\/shopatoa.com\/ro\/kenzo-kenzo-homme-intense-edt-110-ml-2\/","og_locale":"ro_RO","og_type":"article","og_title":"Kenzo Kenzo Homme Intense - EDT 110 ml - SHOPATOA.COM","og_description":"Kenzo Homme Intense, o ap\u0103 de toalet\u0103 inspirat\u0103 din intensitatea m\u0103rii \u0219i lini\u0219tea brizei m\u0103rii. Prospe\u021bimea piperului roz \u0219i a notelor picante combinate cu briza m\u0103rii contrasteaz\u0103 cu c\u0103ldura smochinului, a vetiverului \u0219i a acordului lemnului de santal \u0219i a lemnului acvigal, ca o piele s\u0103rat\u0103 \u00eenc\u0103lzit\u0103 de soare. Angajat s\u0103 contribuie la o lume...","og_url":"https:\/\/shopatoa.com\/ro\/kenzo-kenzo-homme-intense-edt-110-ml-2\/","og_site_name":"SHOPATOA","article_modified_time":"2025-12-08T13:06:16+00:00","og_image":[{"width":800,"height":800,"url":"https:\/\/storage.googleapis.com\/cz-shopatoa-img\/ro\/e09038b4-unnamed-file.webp","type":"image\/webp"}],"twitter_card":"summary_large_image","twitter_misc":{"Timp estimat pentru citire":"1 minut"},"schema":{"@context":"https:\/\/schema.org","@graph":[{"@type":"WebPage","@id":"https:\/\/shopatoa.com\/ro\/kenzo-kenzo-homme-intense-edt-110-ml-2\/","url":"https:\/\/shopatoa.com\/ro\/kenzo-kenzo-homme-intense-edt-110-ml-2\/","name":"Kenzo Kenzo Homme Intense - EDT 110 ml - SHOPATOA.COM","isPartOf":{"@id":"https:\/\/shopatoa.com\/ro\/#website"},"primaryImageOfPage":{"@id":"https:\/\/shopatoa.com\/ro\/kenzo-kenzo-homme-intense-edt-110-ml-2\/#primaryimage"},"image":{"@id":"https:\/\/shopatoa.com\/ro\/kenzo-kenzo-homme-intense-edt-110-ml-2\/#primaryimage"},"thumbnailUrl":"https:\/\/storage.googleapis.com\/cz-shopatoa-img\/ro\/e09038b4-unnamed-file.webp","datePublished":"2025-05-22T02:10:46+00:00","dateModified":"2025-12-08T13:06:16+00:00","breadcrumb":{"@id":"https:\/\/shopatoa.com\/ro\/kenzo-kenzo-homme-intense-edt-110-ml-2\/#breadcrumb"},"inLanguage":"ro-RO","potentialAction":[{"@type":"ReadAction","target":["https:\/\/shopatoa.com\/ro\/kenzo-kenzo-homme-intense-edt-110-ml-2\/"]}]},{"@type":"ImageObject","inLanguage":"ro-RO","@id":"https:\/\/shopatoa.com\/ro\/kenzo-kenzo-homme-intense-edt-110-ml-2\/#primaryimage","url":"https:\/\/storage.googleapis.com\/cz-shopatoa-img\/ro\/e09038b4-unnamed-file.webp","contentUrl":"https:\/\/storage.googleapis.com\/cz-shopatoa-img\/ro\/e09038b4-unnamed-file.webp","width":800,"height":800},{"@type":"BreadcrumbList","@id":"https:\/\/shopatoa.com\/ro\/kenzo-kenzo-homme-intense-edt-110-ml-2\/#breadcrumb","itemListElement":[{"@type":"ListItem","position":1,"name":"Dom\u016f","item":"https:\/\/shopatoa.com\/ro\/"},{"@type":"ListItem","position":2,"name":"Shop","item":"https:\/\/shopatoa.com\/ro\/shop\/"},{"@type":"ListItem","position":3,"name":"Parfumuri","item":"https:\/\/shopatoa.com\/ro\/parfumuri\/"},{"@type":"ListItem","position":4,"name":"Ape de toalet\u0103 (EDT)","item":"https:\/\/shopatoa.com\/ro\/ape-de-toaleta-edt\/"},{"@type":"ListItem","position":5,"name":"Kenzo Kenzo Homme Intense &#8211; EDT 110 ml"}]},{"@type":"WebSite","@id":"https:\/\/shopatoa.com\/ro\/#website","url":"https:\/\/shopatoa.com\/ro\/","name":"SHOPATOA","description":"","publisher":{"@id":"https:\/\/shopatoa.com\/ro\/#organization"},"potentialAction":[{"@type":"SearchAction","target":{"@type":"EntryPoint","urlTemplate":"https:\/\/shopatoa.com\/ro\/?s={search_term_string}"},"query-input":{"@type":"PropertyValueSpecification","valueRequired":true,"valueName":"search_term_string"}}],"inLanguage":"ro-RO"},{"@type":"Organization","@id":"https:\/\/shopatoa.com\/ro\/#organization","name":"SHOPATOA","url":"https:\/\/shopatoa.com\/ro\/","logo":{"@type":"ImageObject","inLanguage":"ro-RO","@id":"https:\/\/shopatoa.com\/ro\/#\/schema\/logo\/image\/","url":"https:\/\/storage.googleapis.com\/cz-shopatoa-img\/ro\/b4dac915-shopatoa_logo.png","contentUrl":"https:\/\/storage.googleapis.com\/cz-shopatoa-img\/ro\/b4dac915-shopatoa_logo.png","width":416,"height":63,"caption":"SHOPATOA"},"image":{"@id":"https:\/\/shopatoa.com\/ro\/#\/schema\/logo\/image\/"}}]}},"_links":{"self":[{"href":"https:\/\/shopatoa.com\/ro\/wp-json\/wp\/v2\/product\/372877","targetHints":{"allow":["GET"]}}],"collection":[{"href":"https:\/\/shopatoa.com\/ro\/wp-json\/wp\/v2\/product"}],"about":[{"href":"https:\/\/shopatoa.com\/ro\/wp-json\/wp\/v2\/types\/product"}],"replies":[{"embeddable":true,"href":"https:\/\/shopatoa.com\/ro\/wp-json\/wp\/v2\/comments?post=372877"}],"wp:featuredmedia":[{"embeddable":true,"href":"https:\/\/shopatoa.com\/ro\/wp-json\/wp\/v2\/media\/372878"}],"wp:attachment":[{"href":"https:\/\/shopatoa.com\/ro\/wp-json\/wp\/v2\/media?parent=372877"}],"wp:term":[{"taxonomy":"product_brand","embeddable":true,"href":"https:\/\/shopatoa.com\/ro\/wp-json\/wp\/v2\/product_brand?post=372877"},{"taxonomy":"product_cat","embeddable":true,"href":"https:\/\/shopatoa.com\/ro\/wp-json\/wp\/v2\/product_cat?post=372877"},{"taxonomy":"product_tag","embeddable":true,"href":"https:\/\/shopatoa.com\/ro\/wp-json\/wp\/v2\/product_tag?post=372877"}],"curies":[{"name":"wp","href":"https:\/\/api.w.org\/{rel}","templated":true}]}}