{"id":372953,"date":"2025-05-22T04:16:36","date_gmt":"2025-05-22T02:16:36","guid":{"rendered":"https:\/\/shopatoa.com\/ro\/shiseido-crema-de-zi-hidratanta-essential-energy-spf-20-hydrating-day-cream-50-ml-2\/"},"modified":"2025-12-08T13:15:39","modified_gmt":"2025-12-08T12:15:39","slug":"shiseido-crema-de-zi-hidratanta-essential-energy-spf-20-hydrating-day-cream-50-ml-2","status":"publish","type":"product","link":"https:\/\/shopatoa.com\/ro\/shiseido-crema-de-zi-hidratanta-essential-energy-spf-20-hydrating-day-cream-50-ml-2\/","title":{"rendered":"Shiseido Crem\u0103 de zi hidratant\u0103 Essential Energy SPF 20 (Hydrating Day Cream) 50 ml"},"content":{"rendered":"<p>Crema de piele Essential Energy cu un parfum proasp\u0103t \u0219i floral ofer\u0103 pielii o hidratare intens\u0103 timp de 24 de ore \u0219i ac\u021bioneaz\u0103 p\u00e2n\u0103 \u00een straturile mai profunde. Crema de zi cu SPF 20 protejeaz\u0103 \u00eempotriva razelor UV in timpul zilei si las\u0103 pielea supl\u0103 \u0219i moale.<\/p>\n","protected":false},"excerpt":{"rendered":"<p>Crema de piele Essential Energy cu un parfum proasp\u0103t \u0219i floral ofer\u0103 pielii o hidratare intens\u0103 timp de 24 de ore \u0219i ac\u021bioneaz\u0103 p\u00e2n\u0103 \u00een straturile mai profunde. Crema de zi cu SPF 20 protejeaz\u0103 \u00eempotriva razelor UV in timpul zilei si las\u0103 pielea supl\u0103 \u0219i moale.<\/p>\n","protected":false},"featured_media":372954,"comment_status":"closed","ping_status":"open","template":"","meta":{"_acf_changed":false,"_kadence_starter_templates_imported_post":false,"_kad_post_transparent":"","_kad_post_title":"","_kad_post_layout":"","_kad_post_sidebar_id":"","_kad_post_content_style":"","_kad_post_vertical_padding":"","_kad_post_feature":"","_kad_post_feature_position":"","_kad_post_header":false,"_kad_post_footer":false,"_kad_post_classname":""},"product_brand":[134],"product_cat":[246,635,634,633],"product_tag":[],"class_list":{"0":"post-372953","1":"product","2":"type-product","3":"status-publish","4":"has-post-thumbnail","6":"product_brand-shiseido","7":"product_cat-cosmetice","8":"product_cat-hidratarea-si-nutritia-pielii","9":"product_cat-produse-cosmetice-de-ingrijire-a-pielii","10":"product_cat-produse-cosmetice-pentru-piele","12":"first","13":"instock","14":"sale","15":"product-type-external","16":"entry","17":"content-bg","18":"loop-entry"},"acf":[],"yoast_head":"<!-- This site is optimized with the Yoast SEO plugin v27.3 - https:\/\/yoast.com\/product\/yoast-seo-wordpress\/ -->\n<title>Shiseido Crem\u0103 de zi hidratant\u0103 Essential Energy SPF 20 (Hydrating Day Cream) 50 ml - SHOPATOA.COM<\/title>\n<meta name=\"robots\" content=\"index, follow, max-snippet:-1, max-image-preview:large, max-video-preview:-1\" \/>\n<link rel=\"canonical\" href=\"https:\/\/shopatoa.com\/ro\/shiseido-crema-de-zi-hidratanta-essential-energy-spf-20-hydrating-day-cream-50-ml-2\/\" \/>\n<meta property=\"og:locale\" content=\"ro_RO\" \/>\n<meta property=\"og:type\" content=\"article\" \/>\n<meta property=\"og:title\" content=\"Shiseido Crem\u0103 de zi hidratant\u0103 Essential Energy SPF 20 (Hydrating Day Cream) 50 ml - SHOPATOA.COM\" \/>\n<meta property=\"og:description\" content=\"Crema de piele Essential Energy cu un parfum proasp\u0103t \u0219i floral ofer\u0103 pielii o hidratare intens\u0103 timp de 24 de ore \u0219i ac\u021bioneaz\u0103 p\u00e2n\u0103 \u00een straturile mai profunde. Crema de zi cu SPF 20 protejeaz\u0103 \u00eempotriva razelor UV in timpul zilei si las\u0103 pielea supl\u0103 \u0219i moale.\" \/>\n<meta property=\"og:url\" content=\"https:\/\/shopatoa.com\/ro\/shiseido-crema-de-zi-hidratanta-essential-energy-spf-20-hydrating-day-cream-50-ml-2\/\" \/>\n<meta property=\"og:site_name\" content=\"SHOPATOA\" \/>\n<meta property=\"article:modified_time\" content=\"2025-12-08T12:15:39+00:00\" \/>\n<meta property=\"og:image\" content=\"https:\/\/storage.googleapis.com\/cz-shopatoa-img\/ro\/be150938-unnamed-file.webp\" \/>\n\t<meta property=\"og:image:width\" content=\"800\" \/>\n\t<meta property=\"og:image:height\" content=\"800\" \/>\n\t<meta property=\"og:image:type\" content=\"image\/webp\" \/>\n<meta name=\"twitter:card\" content=\"summary_large_image\" \/>\n<script type=\"application\/ld+json\" class=\"yoast-schema-graph\">{\"@context\":\"https:\\\/\\\/schema.org\",\"@graph\":[{\"@type\":\"WebPage\",\"@id\":\"https:\\\/\\\/shopatoa.com\\\/ro\\\/shiseido-crema-de-zi-hidratanta-essential-energy-spf-20-hydrating-day-cream-50-ml-2\\\/\",\"url\":\"https:\\\/\\\/shopatoa.com\\\/ro\\\/shiseido-crema-de-zi-hidratanta-essential-energy-spf-20-hydrating-day-cream-50-ml-2\\\/\",\"name\":\"Shiseido Crem\u0103 de zi hidratant\u0103 Essential Energy SPF 20 (Hydrating Day Cream) 50 ml - SHOPATOA.COM\",\"isPartOf\":{\"@id\":\"https:\\\/\\\/shopatoa.com\\\/ro\\\/#website\"},\"primaryImageOfPage\":{\"@id\":\"https:\\\/\\\/shopatoa.com\\\/ro\\\/shiseido-crema-de-zi-hidratanta-essential-energy-spf-20-hydrating-day-cream-50-ml-2\\\/#primaryimage\"},\"image\":{\"@id\":\"https:\\\/\\\/shopatoa.com\\\/ro\\\/shiseido-crema-de-zi-hidratanta-essential-energy-spf-20-hydrating-day-cream-50-ml-2\\\/#primaryimage\"},\"thumbnailUrl\":\"https:\\\/\\\/storage.googleapis.com\\\/cz-shopatoa-img\\\/ro\\\/be150938-unnamed-file.webp\",\"datePublished\":\"2025-05-22T02:16:36+00:00\",\"dateModified\":\"2025-12-08T12:15:39+00:00\",\"breadcrumb\":{\"@id\":\"https:\\\/\\\/shopatoa.com\\\/ro\\\/shiseido-crema-de-zi-hidratanta-essential-energy-spf-20-hydrating-day-cream-50-ml-2\\\/#breadcrumb\"},\"inLanguage\":\"ro-RO\",\"potentialAction\":[{\"@type\":\"ReadAction\",\"target\":[\"https:\\\/\\\/shopatoa.com\\\/ro\\\/shiseido-crema-de-zi-hidratanta-essential-energy-spf-20-hydrating-day-cream-50-ml-2\\\/\"]}]},{\"@type\":\"ImageObject\",\"inLanguage\":\"ro-RO\",\"@id\":\"https:\\\/\\\/shopatoa.com\\\/ro\\\/shiseido-crema-de-zi-hidratanta-essential-energy-spf-20-hydrating-day-cream-50-ml-2\\\/#primaryimage\",\"url\":\"https:\\\/\\\/storage.googleapis.com\\\/cz-shopatoa-img\\\/ro\\\/be150938-unnamed-file.webp\",\"contentUrl\":\"https:\\\/\\\/storage.googleapis.com\\\/cz-shopatoa-img\\\/ro\\\/be150938-unnamed-file.webp\",\"width\":800,\"height\":800},{\"@type\":\"BreadcrumbList\",\"@id\":\"https:\\\/\\\/shopatoa.com\\\/ro\\\/shiseido-crema-de-zi-hidratanta-essential-energy-spf-20-hydrating-day-cream-50-ml-2\\\/#breadcrumb\",\"itemListElement\":[{\"@type\":\"ListItem\",\"position\":1,\"name\":\"Dom\u016f\",\"item\":\"https:\\\/\\\/shopatoa.com\\\/ro\\\/\"},{\"@type\":\"ListItem\",\"position\":2,\"name\":\"Shop\",\"item\":\"https:\\\/\\\/shopatoa.com\\\/ro\\\/shop\\\/\"},{\"@type\":\"ListItem\",\"position\":3,\"name\":\"Cosmetice\",\"item\":\"https:\\\/\\\/shopatoa.com\\\/ro\\\/cosmetice\\\/\"},{\"@type\":\"ListItem\",\"position\":4,\"name\":\"Produse cosmetice pentru piele\",\"item\":\"https:\\\/\\\/shopatoa.com\\\/ro\\\/produse-cosmetice-pentru-piele\\\/\"},{\"@type\":\"ListItem\",\"position\":5,\"name\":\"Produse cosmetice de \u00eengrijire a pielii\",\"item\":\"https:\\\/\\\/shopatoa.com\\\/ro\\\/produse-cosmetice-de-ingrijire-a-pielii\\\/\"},{\"@type\":\"ListItem\",\"position\":6,\"name\":\"Hidratarea \u0219i nutri\u021bia pielii\",\"item\":\"https:\\\/\\\/shopatoa.com\\\/ro\\\/hidratarea-si-nutritia-pielii\\\/\"},{\"@type\":\"ListItem\",\"position\":7,\"name\":\"Shiseido Crem\u0103 de zi hidratant\u0103 Essential Energy SPF 20 (Hydrating Day Cream) 50 ml\"}]},{\"@type\":\"WebSite\",\"@id\":\"https:\\\/\\\/shopatoa.com\\\/ro\\\/#website\",\"url\":\"https:\\\/\\\/shopatoa.com\\\/ro\\\/\",\"name\":\"SHOPATOA\",\"description\":\"\",\"publisher\":{\"@id\":\"https:\\\/\\\/shopatoa.com\\\/ro\\\/#organization\"},\"potentialAction\":[{\"@type\":\"SearchAction\",\"target\":{\"@type\":\"EntryPoint\",\"urlTemplate\":\"https:\\\/\\\/shopatoa.com\\\/ro\\\/?s={search_term_string}\"},\"query-input\":{\"@type\":\"PropertyValueSpecification\",\"valueRequired\":true,\"valueName\":\"search_term_string\"}}],\"inLanguage\":\"ro-RO\"},{\"@type\":\"Organization\",\"@id\":\"https:\\\/\\\/shopatoa.com\\\/ro\\\/#organization\",\"name\":\"SHOPATOA\",\"url\":\"https:\\\/\\\/shopatoa.com\\\/ro\\\/\",\"logo\":{\"@type\":\"ImageObject\",\"inLanguage\":\"ro-RO\",\"@id\":\"https:\\\/\\\/shopatoa.com\\\/ro\\\/#\\\/schema\\\/logo\\\/image\\\/\",\"url\":\"https:\\\/\\\/storage.googleapis.com\\\/cz-shopatoa-img\\\/ro\\\/b4dac915-shopatoa_logo.png\",\"contentUrl\":\"https:\\\/\\\/storage.googleapis.com\\\/cz-shopatoa-img\\\/ro\\\/b4dac915-shopatoa_logo.png\",\"width\":416,\"height\":63,\"caption\":\"SHOPATOA\"},\"image\":{\"@id\":\"https:\\\/\\\/shopatoa.com\\\/ro\\\/#\\\/schema\\\/logo\\\/image\\\/\"}}]}<\/script>\n<!-- \/ Yoast SEO plugin. -->","yoast_head_json":{"title":"Shiseido Crem\u0103 de zi hidratant\u0103 Essential Energy SPF 20 (Hydrating Day Cream) 50 ml - SHOPATOA.COM","robots":{"index":"index","follow":"follow","max-snippet":"max-snippet:-1","max-image-preview":"max-image-preview:large","max-video-preview":"max-video-preview:-1"},"canonical":"https:\/\/shopatoa.com\/ro\/shiseido-crema-de-zi-hidratanta-essential-energy-spf-20-hydrating-day-cream-50-ml-2\/","og_locale":"ro_RO","og_type":"article","og_title":"Shiseido Crem\u0103 de zi hidratant\u0103 Essential Energy SPF 20 (Hydrating Day Cream) 50 ml - SHOPATOA.COM","og_description":"Crema de piele Essential Energy cu un parfum proasp\u0103t \u0219i floral ofer\u0103 pielii o hidratare intens\u0103 timp de 24 de ore \u0219i ac\u021bioneaz\u0103 p\u00e2n\u0103 \u00een straturile mai profunde. Crema de zi cu SPF 20 protejeaz\u0103 \u00eempotriva razelor UV in timpul zilei si las\u0103 pielea supl\u0103 \u0219i moale.","og_url":"https:\/\/shopatoa.com\/ro\/shiseido-crema-de-zi-hidratanta-essential-energy-spf-20-hydrating-day-cream-50-ml-2\/","og_site_name":"SHOPATOA","article_modified_time":"2025-12-08T12:15:39+00:00","og_image":[{"width":800,"height":800,"url":"https:\/\/storage.googleapis.com\/cz-shopatoa-img\/ro\/be150938-unnamed-file.webp","type":"image\/webp"}],"twitter_card":"summary_large_image","schema":{"@context":"https:\/\/schema.org","@graph":[{"@type":"WebPage","@id":"https:\/\/shopatoa.com\/ro\/shiseido-crema-de-zi-hidratanta-essential-energy-spf-20-hydrating-day-cream-50-ml-2\/","url":"https:\/\/shopatoa.com\/ro\/shiseido-crema-de-zi-hidratanta-essential-energy-spf-20-hydrating-day-cream-50-ml-2\/","name":"Shiseido Crem\u0103 de zi hidratant\u0103 Essential Energy SPF 20 (Hydrating Day Cream) 50 ml - SHOPATOA.COM","isPartOf":{"@id":"https:\/\/shopatoa.com\/ro\/#website"},"primaryImageOfPage":{"@id":"https:\/\/shopatoa.com\/ro\/shiseido-crema-de-zi-hidratanta-essential-energy-spf-20-hydrating-day-cream-50-ml-2\/#primaryimage"},"image":{"@id":"https:\/\/shopatoa.com\/ro\/shiseido-crema-de-zi-hidratanta-essential-energy-spf-20-hydrating-day-cream-50-ml-2\/#primaryimage"},"thumbnailUrl":"https:\/\/storage.googleapis.com\/cz-shopatoa-img\/ro\/be150938-unnamed-file.webp","datePublished":"2025-05-22T02:16:36+00:00","dateModified":"2025-12-08T12:15:39+00:00","breadcrumb":{"@id":"https:\/\/shopatoa.com\/ro\/shiseido-crema-de-zi-hidratanta-essential-energy-spf-20-hydrating-day-cream-50-ml-2\/#breadcrumb"},"inLanguage":"ro-RO","potentialAction":[{"@type":"ReadAction","target":["https:\/\/shopatoa.com\/ro\/shiseido-crema-de-zi-hidratanta-essential-energy-spf-20-hydrating-day-cream-50-ml-2\/"]}]},{"@type":"ImageObject","inLanguage":"ro-RO","@id":"https:\/\/shopatoa.com\/ro\/shiseido-crema-de-zi-hidratanta-essential-energy-spf-20-hydrating-day-cream-50-ml-2\/#primaryimage","url":"https:\/\/storage.googleapis.com\/cz-shopatoa-img\/ro\/be150938-unnamed-file.webp","contentUrl":"https:\/\/storage.googleapis.com\/cz-shopatoa-img\/ro\/be150938-unnamed-file.webp","width":800,"height":800},{"@type":"BreadcrumbList","@id":"https:\/\/shopatoa.com\/ro\/shiseido-crema-de-zi-hidratanta-essential-energy-spf-20-hydrating-day-cream-50-ml-2\/#breadcrumb","itemListElement":[{"@type":"ListItem","position":1,"name":"Dom\u016f","item":"https:\/\/shopatoa.com\/ro\/"},{"@type":"ListItem","position":2,"name":"Shop","item":"https:\/\/shopatoa.com\/ro\/shop\/"},{"@type":"ListItem","position":3,"name":"Cosmetice","item":"https:\/\/shopatoa.com\/ro\/cosmetice\/"},{"@type":"ListItem","position":4,"name":"Produse cosmetice pentru piele","item":"https:\/\/shopatoa.com\/ro\/produse-cosmetice-pentru-piele\/"},{"@type":"ListItem","position":5,"name":"Produse cosmetice de \u00eengrijire a pielii","item":"https:\/\/shopatoa.com\/ro\/produse-cosmetice-de-ingrijire-a-pielii\/"},{"@type":"ListItem","position":6,"name":"Hidratarea \u0219i nutri\u021bia pielii","item":"https:\/\/shopatoa.com\/ro\/hidratarea-si-nutritia-pielii\/"},{"@type":"ListItem","position":7,"name":"Shiseido Crem\u0103 de zi hidratant\u0103 Essential Energy SPF 20 (Hydrating Day Cream) 50 ml"}]},{"@type":"WebSite","@id":"https:\/\/shopatoa.com\/ro\/#website","url":"https:\/\/shopatoa.com\/ro\/","name":"SHOPATOA","description":"","publisher":{"@id":"https:\/\/shopatoa.com\/ro\/#organization"},"potentialAction":[{"@type":"SearchAction","target":{"@type":"EntryPoint","urlTemplate":"https:\/\/shopatoa.com\/ro\/?s={search_term_string}"},"query-input":{"@type":"PropertyValueSpecification","valueRequired":true,"valueName":"search_term_string"}}],"inLanguage":"ro-RO"},{"@type":"Organization","@id":"https:\/\/shopatoa.com\/ro\/#organization","name":"SHOPATOA","url":"https:\/\/shopatoa.com\/ro\/","logo":{"@type":"ImageObject","inLanguage":"ro-RO","@id":"https:\/\/shopatoa.com\/ro\/#\/schema\/logo\/image\/","url":"https:\/\/storage.googleapis.com\/cz-shopatoa-img\/ro\/b4dac915-shopatoa_logo.png","contentUrl":"https:\/\/storage.googleapis.com\/cz-shopatoa-img\/ro\/b4dac915-shopatoa_logo.png","width":416,"height":63,"caption":"SHOPATOA"},"image":{"@id":"https:\/\/shopatoa.com\/ro\/#\/schema\/logo\/image\/"}}]}},"_links":{"self":[{"href":"https:\/\/shopatoa.com\/ro\/wp-json\/wp\/v2\/product\/372953","targetHints":{"allow":["GET"]}}],"collection":[{"href":"https:\/\/shopatoa.com\/ro\/wp-json\/wp\/v2\/product"}],"about":[{"href":"https:\/\/shopatoa.com\/ro\/wp-json\/wp\/v2\/types\/product"}],"replies":[{"embeddable":true,"href":"https:\/\/shopatoa.com\/ro\/wp-json\/wp\/v2\/comments?post=372953"}],"wp:featuredmedia":[{"embeddable":true,"href":"https:\/\/shopatoa.com\/ro\/wp-json\/wp\/v2\/media\/372954"}],"wp:attachment":[{"href":"https:\/\/shopatoa.com\/ro\/wp-json\/wp\/v2\/media?parent=372953"}],"wp:term":[{"taxonomy":"product_brand","embeddable":true,"href":"https:\/\/shopatoa.com\/ro\/wp-json\/wp\/v2\/product_brand?post=372953"},{"taxonomy":"product_cat","embeddable":true,"href":"https:\/\/shopatoa.com\/ro\/wp-json\/wp\/v2\/product_cat?post=372953"},{"taxonomy":"product_tag","embeddable":true,"href":"https:\/\/shopatoa.com\/ro\/wp-json\/wp\/v2\/product_tag?post=372953"}],"curies":[{"name":"wp","href":"https:\/\/api.w.org\/{rel}","templated":true}]}}