{"id":373025,"date":"2025-05-22T04:22:56","date_gmt":"2025-05-22T02:22:56","guid":{"rendered":"https:\/\/shopatoa.com\/ro\/dolce-gabbana-devotion-pour-homme-edp-50-ml-2\/"},"modified":"2025-12-08T11:54:29","modified_gmt":"2025-12-08T10:54:29","slug":"dolce-gabbana-devotion-pour-homme-edp-50-ml-2","status":"publish","type":"product","link":"https:\/\/shopatoa.com\/ro\/dolce-gabbana-devotion-pour-homme-edp-50-ml-2\/","title":{"rendered":"Dolce &amp; Gabbana Devotion Pour Homme &#8211; EDP 50 ml"},"content":{"rendered":"<p>Devotion Pour Homme de la marca Dolce &amp; Gabbana este o ap\u0103 de parfum care personific\u0103 dragostea, determinarea \u0219i bucuria de a tr\u0103i. Aceast\u0103 esen\u021b\u0103 de parfum magistral\u0103 a fost creat\u0103 \u00een 2025 de c\u0103tre parfumierul de renume mondial Oliviera Cresp. Devotion Pour Homme este un amestec armonios de prospe\u021bime \u0219i gurmandism pentru b\u0103rbatul modern care se las\u0103 ghidat de instinctele \u0219i pasiunea sa intens\u0103. Parfumul \u00eencepe cu o explozie proasp\u0103t\u0103 de l\u0103m\u00e2ie care \u00eenc\u00e2nt\u0103 cu energia \u0219i vitalitatea sa. Notele de mijloc dezv\u0103luie un acord de cafea unic, gurmand, care este picant \u0219i revigorant, aduc\u00e2nd intensitate luxuriant\u0103 \u0219i carism\u0103 electrizant\u0103. O urm\u0103 profund\u0103, p\u0103m\u00e2ntie \u0219i dulce de patchouli \u00een baz\u0103 confer\u0103 parfumului o for\u021b\u0103 masculin\u0103. Inspirat de versiunea feminin\u0103 a parfumului, flaconul elegant este ref\u0103cut \u00eentr-o form\u0103 masculin\u0103 cu o u\u0219oar\u0103 nuan\u021b\u0103 aurie. Detaliile argintii, inclusiv motivul iconic Sacred Heart, \u00eempodobesc sticla, cre\u00e2nd un sentiment de lux \u0219i elegan\u021b\u0103 atemporal\u0103. Dolce &amp; Gabbana Devotion Pour Homme este o celebrare a devotamentului neclintit \u0219i a curajului. Alegerea ideal\u0103 pentru b\u0103rba\u021bii care trec prin via\u021b\u0103 cu o determinare de nezdruncinat \u0219i o inim\u0103 plin\u0103 de pasiune.<\/p>\n","protected":false},"excerpt":{"rendered":"<p>Devotion Pour Homme de la marca Dolce &amp; Gabbana este o ap\u0103 de parfum care personific\u0103 dragostea, determinarea \u0219i bucuria de a tr\u0103i. Aceast\u0103 esen\u021b\u0103 de parfum magistral\u0103 a fost creat\u0103 \u00een 2025 de c\u0103tre parfumierul de renume mondial Oliviera Cresp. Devotion Pour Homme este un amestec armonios de prospe\u021bime \u0219i gurmandism pentru b\u0103rbatul modern&#8230;<\/p>\n","protected":false},"featured_media":373026,"comment_status":"closed","ping_status":"open","template":"","meta":{"_acf_changed":false,"_kadence_starter_templates_imported_post":false,"_kad_post_transparent":"","_kad_post_title":"","_kad_post_layout":"","_kad_post_sidebar_id":"","_kad_post_content_style":"","_kad_post_vertical_padding":"","_kad_post_feature":"","_kad_post_feature_position":"","_kad_post_header":false,"_kad_post_footer":false,"_kad_post_classname":""},"product_brand":[84],"product_cat":[619,614],"product_tag":[],"class_list":{"0":"post-373025","1":"product","2":"type-product","3":"status-publish","4":"has-post-thumbnail","6":"product_brand-dolce-gabbana","7":"product_cat-ape-de-parfum-edp","8":"product_cat-parfumuri","10":"first","11":"instock","12":"product-type-external","13":"entry","14":"content-bg","15":"loop-entry"},"acf":[],"yoast_head":"<!-- This site is optimized with the Yoast SEO plugin v27.3 - https:\/\/yoast.com\/product\/yoast-seo-wordpress\/ -->\n<title>Dolce &amp; Gabbana Devotion Pour Homme - EDP 50 ml - SHOPATOA.COM<\/title>\n<meta name=\"robots\" content=\"index, follow, max-snippet:-1, max-image-preview:large, max-video-preview:-1\" \/>\n<link rel=\"canonical\" href=\"https:\/\/shopatoa.com\/ro\/dolce-gabbana-devotion-pour-homme-edp-50-ml-2\/\" \/>\n<meta property=\"og:locale\" content=\"ro_RO\" \/>\n<meta property=\"og:type\" content=\"article\" \/>\n<meta property=\"og:title\" content=\"Dolce &amp; Gabbana Devotion Pour Homme - EDP 50 ml - SHOPATOA.COM\" \/>\n<meta property=\"og:description\" content=\"Devotion Pour Homme de la marca Dolce &amp; Gabbana este o ap\u0103 de parfum care personific\u0103 dragostea, determinarea \u0219i bucuria de a tr\u0103i. Aceast\u0103 esen\u021b\u0103 de parfum magistral\u0103 a fost creat\u0103 \u00een 2025 de c\u0103tre parfumierul de renume mondial Oliviera Cresp. Devotion Pour Homme este un amestec armonios de prospe\u021bime \u0219i gurmandism pentru b\u0103rbatul modern...\" \/>\n<meta property=\"og:url\" content=\"https:\/\/shopatoa.com\/ro\/dolce-gabbana-devotion-pour-homme-edp-50-ml-2\/\" \/>\n<meta property=\"og:site_name\" content=\"SHOPATOA\" \/>\n<meta property=\"article:modified_time\" content=\"2025-12-08T10:54:29+00:00\" \/>\n<meta property=\"og:image\" content=\"https:\/\/storage.googleapis.com\/cz-shopatoa-img\/ro\/64f7b2c1-unnamed-file.webp\" \/>\n\t<meta property=\"og:image:width\" content=\"800\" \/>\n\t<meta property=\"og:image:height\" content=\"800\" \/>\n\t<meta property=\"og:image:type\" content=\"image\/webp\" \/>\n<meta name=\"twitter:card\" content=\"summary_large_image\" \/>\n<meta name=\"twitter:label1\" content=\"Timp estimat pentru citire\" \/>\n\t<meta name=\"twitter:data1\" content=\"1 minut\" \/>\n<script type=\"application\/ld+json\" class=\"yoast-schema-graph\">{\"@context\":\"https:\\\/\\\/schema.org\",\"@graph\":[{\"@type\":\"WebPage\",\"@id\":\"https:\\\/\\\/shopatoa.com\\\/ro\\\/dolce-gabbana-devotion-pour-homme-edp-50-ml-2\\\/\",\"url\":\"https:\\\/\\\/shopatoa.com\\\/ro\\\/dolce-gabbana-devotion-pour-homme-edp-50-ml-2\\\/\",\"name\":\"Dolce & Gabbana Devotion Pour Homme - EDP 50 ml - SHOPATOA.COM\",\"isPartOf\":{\"@id\":\"https:\\\/\\\/shopatoa.com\\\/ro\\\/#website\"},\"primaryImageOfPage\":{\"@id\":\"https:\\\/\\\/shopatoa.com\\\/ro\\\/dolce-gabbana-devotion-pour-homme-edp-50-ml-2\\\/#primaryimage\"},\"image\":{\"@id\":\"https:\\\/\\\/shopatoa.com\\\/ro\\\/dolce-gabbana-devotion-pour-homme-edp-50-ml-2\\\/#primaryimage\"},\"thumbnailUrl\":\"https:\\\/\\\/storage.googleapis.com\\\/cz-shopatoa-img\\\/ro\\\/64f7b2c1-unnamed-file.webp\",\"datePublished\":\"2025-05-22T02:22:56+00:00\",\"dateModified\":\"2025-12-08T10:54:29+00:00\",\"breadcrumb\":{\"@id\":\"https:\\\/\\\/shopatoa.com\\\/ro\\\/dolce-gabbana-devotion-pour-homme-edp-50-ml-2\\\/#breadcrumb\"},\"inLanguage\":\"ro-RO\",\"potentialAction\":[{\"@type\":\"ReadAction\",\"target\":[\"https:\\\/\\\/shopatoa.com\\\/ro\\\/dolce-gabbana-devotion-pour-homme-edp-50-ml-2\\\/\"]}]},{\"@type\":\"ImageObject\",\"inLanguage\":\"ro-RO\",\"@id\":\"https:\\\/\\\/shopatoa.com\\\/ro\\\/dolce-gabbana-devotion-pour-homme-edp-50-ml-2\\\/#primaryimage\",\"url\":\"https:\\\/\\\/storage.googleapis.com\\\/cz-shopatoa-img\\\/ro\\\/64f7b2c1-unnamed-file.webp\",\"contentUrl\":\"https:\\\/\\\/storage.googleapis.com\\\/cz-shopatoa-img\\\/ro\\\/64f7b2c1-unnamed-file.webp\",\"width\":800,\"height\":800},{\"@type\":\"BreadcrumbList\",\"@id\":\"https:\\\/\\\/shopatoa.com\\\/ro\\\/dolce-gabbana-devotion-pour-homme-edp-50-ml-2\\\/#breadcrumb\",\"itemListElement\":[{\"@type\":\"ListItem\",\"position\":1,\"name\":\"Dom\u016f\",\"item\":\"https:\\\/\\\/shopatoa.com\\\/ro\\\/\"},{\"@type\":\"ListItem\",\"position\":2,\"name\":\"Shop\",\"item\":\"https:\\\/\\\/shopatoa.com\\\/ro\\\/shop\\\/\"},{\"@type\":\"ListItem\",\"position\":3,\"name\":\"Parfumuri\",\"item\":\"https:\\\/\\\/shopatoa.com\\\/ro\\\/parfumuri\\\/\"},{\"@type\":\"ListItem\",\"position\":4,\"name\":\"Ape de parfum (EDP)\",\"item\":\"https:\\\/\\\/shopatoa.com\\\/ro\\\/ape-de-parfum-edp\\\/\"},{\"@type\":\"ListItem\",\"position\":5,\"name\":\"Dolce &amp; Gabbana Devotion Pour Homme &#8211; EDP 50 ml\"}]},{\"@type\":\"WebSite\",\"@id\":\"https:\\\/\\\/shopatoa.com\\\/ro\\\/#website\",\"url\":\"https:\\\/\\\/shopatoa.com\\\/ro\\\/\",\"name\":\"SHOPATOA\",\"description\":\"\",\"publisher\":{\"@id\":\"https:\\\/\\\/shopatoa.com\\\/ro\\\/#organization\"},\"potentialAction\":[{\"@type\":\"SearchAction\",\"target\":{\"@type\":\"EntryPoint\",\"urlTemplate\":\"https:\\\/\\\/shopatoa.com\\\/ro\\\/?s={search_term_string}\"},\"query-input\":{\"@type\":\"PropertyValueSpecification\",\"valueRequired\":true,\"valueName\":\"search_term_string\"}}],\"inLanguage\":\"ro-RO\"},{\"@type\":\"Organization\",\"@id\":\"https:\\\/\\\/shopatoa.com\\\/ro\\\/#organization\",\"name\":\"SHOPATOA\",\"url\":\"https:\\\/\\\/shopatoa.com\\\/ro\\\/\",\"logo\":{\"@type\":\"ImageObject\",\"inLanguage\":\"ro-RO\",\"@id\":\"https:\\\/\\\/shopatoa.com\\\/ro\\\/#\\\/schema\\\/logo\\\/image\\\/\",\"url\":\"https:\\\/\\\/storage.googleapis.com\\\/cz-shopatoa-img\\\/ro\\\/b4dac915-shopatoa_logo.png\",\"contentUrl\":\"https:\\\/\\\/storage.googleapis.com\\\/cz-shopatoa-img\\\/ro\\\/b4dac915-shopatoa_logo.png\",\"width\":416,\"height\":63,\"caption\":\"SHOPATOA\"},\"image\":{\"@id\":\"https:\\\/\\\/shopatoa.com\\\/ro\\\/#\\\/schema\\\/logo\\\/image\\\/\"}}]}<\/script>\n<!-- \/ Yoast SEO plugin. -->","yoast_head_json":{"title":"Dolce & Gabbana Devotion Pour Homme - EDP 50 ml - SHOPATOA.COM","robots":{"index":"index","follow":"follow","max-snippet":"max-snippet:-1","max-image-preview":"max-image-preview:large","max-video-preview":"max-video-preview:-1"},"canonical":"https:\/\/shopatoa.com\/ro\/dolce-gabbana-devotion-pour-homme-edp-50-ml-2\/","og_locale":"ro_RO","og_type":"article","og_title":"Dolce & Gabbana Devotion Pour Homme - EDP 50 ml - SHOPATOA.COM","og_description":"Devotion Pour Homme de la marca Dolce &amp; Gabbana este o ap\u0103 de parfum care personific\u0103 dragostea, determinarea \u0219i bucuria de a tr\u0103i. Aceast\u0103 esen\u021b\u0103 de parfum magistral\u0103 a fost creat\u0103 \u00een 2025 de c\u0103tre parfumierul de renume mondial Oliviera Cresp. Devotion Pour Homme este un amestec armonios de prospe\u021bime \u0219i gurmandism pentru b\u0103rbatul modern...","og_url":"https:\/\/shopatoa.com\/ro\/dolce-gabbana-devotion-pour-homme-edp-50-ml-2\/","og_site_name":"SHOPATOA","article_modified_time":"2025-12-08T10:54:29+00:00","og_image":[{"width":800,"height":800,"url":"https:\/\/storage.googleapis.com\/cz-shopatoa-img\/ro\/64f7b2c1-unnamed-file.webp","type":"image\/webp"}],"twitter_card":"summary_large_image","twitter_misc":{"Timp estimat pentru citire":"1 minut"},"schema":{"@context":"https:\/\/schema.org","@graph":[{"@type":"WebPage","@id":"https:\/\/shopatoa.com\/ro\/dolce-gabbana-devotion-pour-homme-edp-50-ml-2\/","url":"https:\/\/shopatoa.com\/ro\/dolce-gabbana-devotion-pour-homme-edp-50-ml-2\/","name":"Dolce & Gabbana Devotion Pour Homme - EDP 50 ml - SHOPATOA.COM","isPartOf":{"@id":"https:\/\/shopatoa.com\/ro\/#website"},"primaryImageOfPage":{"@id":"https:\/\/shopatoa.com\/ro\/dolce-gabbana-devotion-pour-homme-edp-50-ml-2\/#primaryimage"},"image":{"@id":"https:\/\/shopatoa.com\/ro\/dolce-gabbana-devotion-pour-homme-edp-50-ml-2\/#primaryimage"},"thumbnailUrl":"https:\/\/storage.googleapis.com\/cz-shopatoa-img\/ro\/64f7b2c1-unnamed-file.webp","datePublished":"2025-05-22T02:22:56+00:00","dateModified":"2025-12-08T10:54:29+00:00","breadcrumb":{"@id":"https:\/\/shopatoa.com\/ro\/dolce-gabbana-devotion-pour-homme-edp-50-ml-2\/#breadcrumb"},"inLanguage":"ro-RO","potentialAction":[{"@type":"ReadAction","target":["https:\/\/shopatoa.com\/ro\/dolce-gabbana-devotion-pour-homme-edp-50-ml-2\/"]}]},{"@type":"ImageObject","inLanguage":"ro-RO","@id":"https:\/\/shopatoa.com\/ro\/dolce-gabbana-devotion-pour-homme-edp-50-ml-2\/#primaryimage","url":"https:\/\/storage.googleapis.com\/cz-shopatoa-img\/ro\/64f7b2c1-unnamed-file.webp","contentUrl":"https:\/\/storage.googleapis.com\/cz-shopatoa-img\/ro\/64f7b2c1-unnamed-file.webp","width":800,"height":800},{"@type":"BreadcrumbList","@id":"https:\/\/shopatoa.com\/ro\/dolce-gabbana-devotion-pour-homme-edp-50-ml-2\/#breadcrumb","itemListElement":[{"@type":"ListItem","position":1,"name":"Dom\u016f","item":"https:\/\/shopatoa.com\/ro\/"},{"@type":"ListItem","position":2,"name":"Shop","item":"https:\/\/shopatoa.com\/ro\/shop\/"},{"@type":"ListItem","position":3,"name":"Parfumuri","item":"https:\/\/shopatoa.com\/ro\/parfumuri\/"},{"@type":"ListItem","position":4,"name":"Ape de parfum (EDP)","item":"https:\/\/shopatoa.com\/ro\/ape-de-parfum-edp\/"},{"@type":"ListItem","position":5,"name":"Dolce &amp; Gabbana Devotion Pour Homme &#8211; EDP 50 ml"}]},{"@type":"WebSite","@id":"https:\/\/shopatoa.com\/ro\/#website","url":"https:\/\/shopatoa.com\/ro\/","name":"SHOPATOA","description":"","publisher":{"@id":"https:\/\/shopatoa.com\/ro\/#organization"},"potentialAction":[{"@type":"SearchAction","target":{"@type":"EntryPoint","urlTemplate":"https:\/\/shopatoa.com\/ro\/?s={search_term_string}"},"query-input":{"@type":"PropertyValueSpecification","valueRequired":true,"valueName":"search_term_string"}}],"inLanguage":"ro-RO"},{"@type":"Organization","@id":"https:\/\/shopatoa.com\/ro\/#organization","name":"SHOPATOA","url":"https:\/\/shopatoa.com\/ro\/","logo":{"@type":"ImageObject","inLanguage":"ro-RO","@id":"https:\/\/shopatoa.com\/ro\/#\/schema\/logo\/image\/","url":"https:\/\/storage.googleapis.com\/cz-shopatoa-img\/ro\/b4dac915-shopatoa_logo.png","contentUrl":"https:\/\/storage.googleapis.com\/cz-shopatoa-img\/ro\/b4dac915-shopatoa_logo.png","width":416,"height":63,"caption":"SHOPATOA"},"image":{"@id":"https:\/\/shopatoa.com\/ro\/#\/schema\/logo\/image\/"}}]}},"_links":{"self":[{"href":"https:\/\/shopatoa.com\/ro\/wp-json\/wp\/v2\/product\/373025","targetHints":{"allow":["GET"]}}],"collection":[{"href":"https:\/\/shopatoa.com\/ro\/wp-json\/wp\/v2\/product"}],"about":[{"href":"https:\/\/shopatoa.com\/ro\/wp-json\/wp\/v2\/types\/product"}],"replies":[{"embeddable":true,"href":"https:\/\/shopatoa.com\/ro\/wp-json\/wp\/v2\/comments?post=373025"}],"wp:featuredmedia":[{"embeddable":true,"href":"https:\/\/shopatoa.com\/ro\/wp-json\/wp\/v2\/media\/373026"}],"wp:attachment":[{"href":"https:\/\/shopatoa.com\/ro\/wp-json\/wp\/v2\/media?parent=373025"}],"wp:term":[{"taxonomy":"product_brand","embeddable":true,"href":"https:\/\/shopatoa.com\/ro\/wp-json\/wp\/v2\/product_brand?post=373025"},{"taxonomy":"product_cat","embeddable":true,"href":"https:\/\/shopatoa.com\/ro\/wp-json\/wp\/v2\/product_cat?post=373025"},{"taxonomy":"product_tag","embeddable":true,"href":"https:\/\/shopatoa.com\/ro\/wp-json\/wp\/v2\/product_tag?post=373025"}],"curies":[{"name":"wp","href":"https:\/\/api.w.org\/{rel}","templated":true}]}}