{"id":373059,"date":"2025-05-22T04:25:46","date_gmt":"2025-05-22T02:25:46","guid":{"rendered":"https:\/\/shopatoa.com\/ro\/woodwick-lumanare-parfumata-white-teak-4536-g-2\/"},"modified":"2025-12-15T11:23:51","modified_gmt":"2025-12-15T10:23:51","slug":"woodwick-lumanare-parfumata-white-teak-4536-g-2","status":"publish","type":"product","link":"https:\/\/shopatoa.com\/ro\/woodwick-lumanare-parfumata-white-teak-4536-g-2\/","title":{"rendered":"WoodWick Lum\u00e2nare parfumat\u0103 White Teak 453,6 g"},"content":{"rendered":"<p>Lum\u00e2narea White Teak v\u0103 va parfuma casa perfect. Ramurile proaspete de brad balsamic \u00een combina\u021bie cu lemn de santal, stejar, mu\u0219chi \u0219i lemn de cedru v\u0103 vor duce imaginar \u00eentr-o p\u0103dure \u0219i vor crea o atmosfer\u0103 relaxat\u0103. Datorit\u0103 fitilului HEARTHWICK\u00ae FLAME unic, acest tip de lum\u00e2nare aduce experien\u021ba confortului perfect de l\u00e2ng\u0103 un \u0219emineu arz\u0103tor. Sunetul delicat de ardere si flac\u0103ra lung\u0103 care danseaz\u0103, creeaz\u0103 o atmosfer\u0103 unic\u0103. Arde p\u00e2n\u0103 la 50 de ore, Amestecul de parafin\u0103 premium \u0219i cear\u0103 de soia cu arome foarte concentrate asigur\u0103 o ardere curat\u0103, f\u0103r\u0103 reziduuri nepl\u0103cute. Esen\u021bele au fost atent selectate pentru a umple camera cu un parfum de lung\u0103 durat\u0103. Forma deschis\u0103 a lum\u00e2n\u0103rii cre\u0219te suprafa\u021ba de evaporare a esen\u021bei aromatice \u0219i asigur\u0103 o experien\u021b\u0103 parfumat\u0103 uniform\u0103. Capacul din lemn poate servi ca suport pentru lum\u00e2narea aprins\u0103 \u0219i protejeaz\u0103 mobilierul.<\/p>\n","protected":false},"excerpt":{"rendered":"<p>Lum\u00e2narea White Teak v\u0103 va parfuma casa perfect. Ramurile proaspete de brad balsamic \u00een combina\u021bie cu lemn de santal, stejar, mu\u0219chi \u0219i lemn de cedru v\u0103 vor duce imaginar \u00eentr-o p\u0103dure \u0219i vor crea o atmosfer\u0103 relaxat\u0103. Datorit\u0103 fitilului HEARTHWICK\u00ae FLAME unic, acest tip de lum\u00e2nare aduce experien\u021ba confortului perfect de l\u00e2ng\u0103 un \u0219emineu arz\u0103tor&#8230;.<\/p>\n","protected":false},"featured_media":373060,"comment_status":"closed","ping_status":"open","template":"","meta":{"_acf_changed":false,"_kadence_starter_templates_imported_post":false,"_kad_post_transparent":"","_kad_post_title":"","_kad_post_layout":"","_kad_post_sidebar_id":"","_kad_post_content_style":"","_kad_post_vertical_padding":"","_kad_post_feature":"","_kad_post_feature_position":"","_kad_post_header":false,"_kad_post_footer":false,"_kad_post_classname":""},"product_brand":[124],"product_cat":[246,656,655,654],"product_tag":[],"class_list":{"0":"post-373059","1":"product","2":"type-product","3":"status-publish","4":"has-post-thumbnail","6":"product_brand-woodwick","7":"product_cat-cosmetice","8":"product_cat-lumanari-decorative-si-in-sticla","9":"product_cat-lumanari-parfumate","10":"product_cat-lumanari-parfumate-si-arome","12":"first","13":"instock","14":"sale","15":"product-type-external","16":"entry","17":"content-bg","18":"loop-entry"},"acf":[],"yoast_head":"<!-- This site is optimized with the Yoast SEO plugin v27.4 - https:\/\/yoast.com\/product\/yoast-seo-wordpress\/ -->\n<title>WoodWick Lum\u00e2nare parfumat\u0103 White Teak 453,6 g - SHOPATOA.COM<\/title>\n<meta name=\"robots\" content=\"index, follow, max-snippet:-1, max-image-preview:large, max-video-preview:-1\" \/>\n<link rel=\"canonical\" href=\"https:\/\/shopatoa.com\/ro\/woodwick-lumanare-parfumata-white-teak-4536-g-2\/\" \/>\n<meta property=\"og:locale\" content=\"ro_RO\" \/>\n<meta property=\"og:type\" content=\"article\" \/>\n<meta property=\"og:title\" content=\"WoodWick Lum\u00e2nare parfumat\u0103 White Teak 453,6 g - SHOPATOA.COM\" \/>\n<meta property=\"og:description\" content=\"Lum\u00e2narea White Teak v\u0103 va parfuma casa perfect. Ramurile proaspete de brad balsamic \u00een combina\u021bie cu lemn de santal, stejar, mu\u0219chi \u0219i lemn de cedru v\u0103 vor duce imaginar \u00eentr-o p\u0103dure \u0219i vor crea o atmosfer\u0103 relaxat\u0103. Datorit\u0103 fitilului HEARTHWICK\u00ae FLAME unic, acest tip de lum\u00e2nare aduce experien\u021ba confortului perfect de l\u00e2ng\u0103 un \u0219emineu arz\u0103tor....\" \/>\n<meta property=\"og:url\" content=\"https:\/\/shopatoa.com\/ro\/woodwick-lumanare-parfumata-white-teak-4536-g-2\/\" \/>\n<meta property=\"og:site_name\" content=\"SHOPATOA\" \/>\n<meta property=\"article:modified_time\" content=\"2025-12-15T10:23:51+00:00\" \/>\n<meta property=\"og:image\" content=\"https:\/\/storage.googleapis.com\/cz-shopatoa-img\/ro\/ddc4f246-unnamed-file.webp\" \/>\n\t<meta property=\"og:image:width\" content=\"800\" \/>\n\t<meta property=\"og:image:height\" content=\"800\" \/>\n\t<meta property=\"og:image:type\" content=\"image\/webp\" \/>\n<meta name=\"twitter:card\" content=\"summary_large_image\" \/>\n<meta name=\"twitter:label1\" content=\"Timp estimat pentru citire\" \/>\n\t<meta name=\"twitter:data1\" content=\"1 minut\" \/>\n<script type=\"application\/ld+json\" class=\"yoast-schema-graph\">{\"@context\":\"https:\\\/\\\/schema.org\",\"@graph\":[{\"@type\":\"WebPage\",\"@id\":\"https:\\\/\\\/shopatoa.com\\\/ro\\\/woodwick-lumanare-parfumata-white-teak-4536-g-2\\\/\",\"url\":\"https:\\\/\\\/shopatoa.com\\\/ro\\\/woodwick-lumanare-parfumata-white-teak-4536-g-2\\\/\",\"name\":\"WoodWick Lum\u00e2nare parfumat\u0103 White Teak 453,6 g - SHOPATOA.COM\",\"isPartOf\":{\"@id\":\"https:\\\/\\\/shopatoa.com\\\/ro\\\/#website\"},\"primaryImageOfPage\":{\"@id\":\"https:\\\/\\\/shopatoa.com\\\/ro\\\/woodwick-lumanare-parfumata-white-teak-4536-g-2\\\/#primaryimage\"},\"image\":{\"@id\":\"https:\\\/\\\/shopatoa.com\\\/ro\\\/woodwick-lumanare-parfumata-white-teak-4536-g-2\\\/#primaryimage\"},\"thumbnailUrl\":\"https:\\\/\\\/storage.googleapis.com\\\/cz-shopatoa-img\\\/ro\\\/ddc4f246-unnamed-file.webp\",\"datePublished\":\"2025-05-22T02:25:46+00:00\",\"dateModified\":\"2025-12-15T10:23:51+00:00\",\"breadcrumb\":{\"@id\":\"https:\\\/\\\/shopatoa.com\\\/ro\\\/woodwick-lumanare-parfumata-white-teak-4536-g-2\\\/#breadcrumb\"},\"inLanguage\":\"ro-RO\",\"potentialAction\":[{\"@type\":\"ReadAction\",\"target\":[\"https:\\\/\\\/shopatoa.com\\\/ro\\\/woodwick-lumanare-parfumata-white-teak-4536-g-2\\\/\"]}]},{\"@type\":\"ImageObject\",\"inLanguage\":\"ro-RO\",\"@id\":\"https:\\\/\\\/shopatoa.com\\\/ro\\\/woodwick-lumanare-parfumata-white-teak-4536-g-2\\\/#primaryimage\",\"url\":\"https:\\\/\\\/storage.googleapis.com\\\/cz-shopatoa-img\\\/ro\\\/ddc4f246-unnamed-file.webp\",\"contentUrl\":\"https:\\\/\\\/storage.googleapis.com\\\/cz-shopatoa-img\\\/ro\\\/ddc4f246-unnamed-file.webp\",\"width\":800,\"height\":800},{\"@type\":\"BreadcrumbList\",\"@id\":\"https:\\\/\\\/shopatoa.com\\\/ro\\\/woodwick-lumanare-parfumata-white-teak-4536-g-2\\\/#breadcrumb\",\"itemListElement\":[{\"@type\":\"ListItem\",\"position\":1,\"name\":\"Dom\u016f\",\"item\":\"https:\\\/\\\/shopatoa.com\\\/ro\\\/\"},{\"@type\":\"ListItem\",\"position\":2,\"name\":\"Shop\",\"item\":\"https:\\\/\\\/shopatoa.com\\\/ro\\\/shop\\\/\"},{\"@type\":\"ListItem\",\"position\":3,\"name\":\"Cosmetice\",\"item\":\"https:\\\/\\\/shopatoa.com\\\/ro\\\/cosmetice\\\/\"},{\"@type\":\"ListItem\",\"position\":4,\"name\":\"Lum\u00e2n\u0103ri parfumate \u0219i arome\",\"item\":\"https:\\\/\\\/shopatoa.com\\\/ro\\\/lumanari-parfumate-si-arome\\\/\"},{\"@type\":\"ListItem\",\"position\":5,\"name\":\"Lum\u00e2n\u0103ri parfumate\",\"item\":\"https:\\\/\\\/shopatoa.com\\\/ro\\\/lumanari-parfumate\\\/\"},{\"@type\":\"ListItem\",\"position\":6,\"name\":\"Lum\u00e2n\u0103ri decorative \u0219i \u00een sticl\u0103\",\"item\":\"https:\\\/\\\/shopatoa.com\\\/ro\\\/lumanari-decorative-si-in-sticla\\\/\"},{\"@type\":\"ListItem\",\"position\":7,\"name\":\"WoodWick Lum\u00e2nare parfumat\u0103 White Teak 453,6 g\"}]},{\"@type\":\"WebSite\",\"@id\":\"https:\\\/\\\/shopatoa.com\\\/ro\\\/#website\",\"url\":\"https:\\\/\\\/shopatoa.com\\\/ro\\\/\",\"name\":\"SHOPATOA\",\"description\":\"\",\"publisher\":{\"@id\":\"https:\\\/\\\/shopatoa.com\\\/ro\\\/#organization\"},\"potentialAction\":[{\"@type\":\"SearchAction\",\"target\":{\"@type\":\"EntryPoint\",\"urlTemplate\":\"https:\\\/\\\/shopatoa.com\\\/ro\\\/?s={search_term_string}\"},\"query-input\":{\"@type\":\"PropertyValueSpecification\",\"valueRequired\":true,\"valueName\":\"search_term_string\"}}],\"inLanguage\":\"ro-RO\"},{\"@type\":\"Organization\",\"@id\":\"https:\\\/\\\/shopatoa.com\\\/ro\\\/#organization\",\"name\":\"SHOPATOA\",\"url\":\"https:\\\/\\\/shopatoa.com\\\/ro\\\/\",\"logo\":{\"@type\":\"ImageObject\",\"inLanguage\":\"ro-RO\",\"@id\":\"https:\\\/\\\/shopatoa.com\\\/ro\\\/#\\\/schema\\\/logo\\\/image\\\/\",\"url\":\"https:\\\/\\\/storage.googleapis.com\\\/cz-shopatoa-img\\\/ro\\\/b4dac915-shopatoa_logo.png\",\"contentUrl\":\"https:\\\/\\\/storage.googleapis.com\\\/cz-shopatoa-img\\\/ro\\\/b4dac915-shopatoa_logo.png\",\"width\":416,\"height\":63,\"caption\":\"SHOPATOA\"},\"image\":{\"@id\":\"https:\\\/\\\/shopatoa.com\\\/ro\\\/#\\\/schema\\\/logo\\\/image\\\/\"}}]}<\/script>\n<!-- \/ Yoast SEO plugin. -->","yoast_head_json":{"title":"WoodWick Lum\u00e2nare parfumat\u0103 White Teak 453,6 g - SHOPATOA.COM","robots":{"index":"index","follow":"follow","max-snippet":"max-snippet:-1","max-image-preview":"max-image-preview:large","max-video-preview":"max-video-preview:-1"},"canonical":"https:\/\/shopatoa.com\/ro\/woodwick-lumanare-parfumata-white-teak-4536-g-2\/","og_locale":"ro_RO","og_type":"article","og_title":"WoodWick Lum\u00e2nare parfumat\u0103 White Teak 453,6 g - SHOPATOA.COM","og_description":"Lum\u00e2narea White Teak v\u0103 va parfuma casa perfect. Ramurile proaspete de brad balsamic \u00een combina\u021bie cu lemn de santal, stejar, mu\u0219chi \u0219i lemn de cedru v\u0103 vor duce imaginar \u00eentr-o p\u0103dure \u0219i vor crea o atmosfer\u0103 relaxat\u0103. Datorit\u0103 fitilului HEARTHWICK\u00ae FLAME unic, acest tip de lum\u00e2nare aduce experien\u021ba confortului perfect de l\u00e2ng\u0103 un \u0219emineu arz\u0103tor....","og_url":"https:\/\/shopatoa.com\/ro\/woodwick-lumanare-parfumata-white-teak-4536-g-2\/","og_site_name":"SHOPATOA","article_modified_time":"2025-12-15T10:23:51+00:00","og_image":[{"width":800,"height":800,"url":"https:\/\/storage.googleapis.com\/cz-shopatoa-img\/ro\/ddc4f246-unnamed-file.webp","type":"image\/webp"}],"twitter_card":"summary_large_image","twitter_misc":{"Timp estimat pentru citire":"1 minut"},"schema":{"@context":"https:\/\/schema.org","@graph":[{"@type":"WebPage","@id":"https:\/\/shopatoa.com\/ro\/woodwick-lumanare-parfumata-white-teak-4536-g-2\/","url":"https:\/\/shopatoa.com\/ro\/woodwick-lumanare-parfumata-white-teak-4536-g-2\/","name":"WoodWick Lum\u00e2nare parfumat\u0103 White Teak 453,6 g - SHOPATOA.COM","isPartOf":{"@id":"https:\/\/shopatoa.com\/ro\/#website"},"primaryImageOfPage":{"@id":"https:\/\/shopatoa.com\/ro\/woodwick-lumanare-parfumata-white-teak-4536-g-2\/#primaryimage"},"image":{"@id":"https:\/\/shopatoa.com\/ro\/woodwick-lumanare-parfumata-white-teak-4536-g-2\/#primaryimage"},"thumbnailUrl":"https:\/\/storage.googleapis.com\/cz-shopatoa-img\/ro\/ddc4f246-unnamed-file.webp","datePublished":"2025-05-22T02:25:46+00:00","dateModified":"2025-12-15T10:23:51+00:00","breadcrumb":{"@id":"https:\/\/shopatoa.com\/ro\/woodwick-lumanare-parfumata-white-teak-4536-g-2\/#breadcrumb"},"inLanguage":"ro-RO","potentialAction":[{"@type":"ReadAction","target":["https:\/\/shopatoa.com\/ro\/woodwick-lumanare-parfumata-white-teak-4536-g-2\/"]}]},{"@type":"ImageObject","inLanguage":"ro-RO","@id":"https:\/\/shopatoa.com\/ro\/woodwick-lumanare-parfumata-white-teak-4536-g-2\/#primaryimage","url":"https:\/\/storage.googleapis.com\/cz-shopatoa-img\/ro\/ddc4f246-unnamed-file.webp","contentUrl":"https:\/\/storage.googleapis.com\/cz-shopatoa-img\/ro\/ddc4f246-unnamed-file.webp","width":800,"height":800},{"@type":"BreadcrumbList","@id":"https:\/\/shopatoa.com\/ro\/woodwick-lumanare-parfumata-white-teak-4536-g-2\/#breadcrumb","itemListElement":[{"@type":"ListItem","position":1,"name":"Dom\u016f","item":"https:\/\/shopatoa.com\/ro\/"},{"@type":"ListItem","position":2,"name":"Shop","item":"https:\/\/shopatoa.com\/ro\/shop\/"},{"@type":"ListItem","position":3,"name":"Cosmetice","item":"https:\/\/shopatoa.com\/ro\/cosmetice\/"},{"@type":"ListItem","position":4,"name":"Lum\u00e2n\u0103ri parfumate \u0219i arome","item":"https:\/\/shopatoa.com\/ro\/lumanari-parfumate-si-arome\/"},{"@type":"ListItem","position":5,"name":"Lum\u00e2n\u0103ri parfumate","item":"https:\/\/shopatoa.com\/ro\/lumanari-parfumate\/"},{"@type":"ListItem","position":6,"name":"Lum\u00e2n\u0103ri decorative \u0219i \u00een sticl\u0103","item":"https:\/\/shopatoa.com\/ro\/lumanari-decorative-si-in-sticla\/"},{"@type":"ListItem","position":7,"name":"WoodWick Lum\u00e2nare parfumat\u0103 White Teak 453,6 g"}]},{"@type":"WebSite","@id":"https:\/\/shopatoa.com\/ro\/#website","url":"https:\/\/shopatoa.com\/ro\/","name":"SHOPATOA","description":"","publisher":{"@id":"https:\/\/shopatoa.com\/ro\/#organization"},"potentialAction":[{"@type":"SearchAction","target":{"@type":"EntryPoint","urlTemplate":"https:\/\/shopatoa.com\/ro\/?s={search_term_string}"},"query-input":{"@type":"PropertyValueSpecification","valueRequired":true,"valueName":"search_term_string"}}],"inLanguage":"ro-RO"},{"@type":"Organization","@id":"https:\/\/shopatoa.com\/ro\/#organization","name":"SHOPATOA","url":"https:\/\/shopatoa.com\/ro\/","logo":{"@type":"ImageObject","inLanguage":"ro-RO","@id":"https:\/\/shopatoa.com\/ro\/#\/schema\/logo\/image\/","url":"https:\/\/storage.googleapis.com\/cz-shopatoa-img\/ro\/b4dac915-shopatoa_logo.png","contentUrl":"https:\/\/storage.googleapis.com\/cz-shopatoa-img\/ro\/b4dac915-shopatoa_logo.png","width":416,"height":63,"caption":"SHOPATOA"},"image":{"@id":"https:\/\/shopatoa.com\/ro\/#\/schema\/logo\/image\/"}}]}},"_links":{"self":[{"href":"https:\/\/shopatoa.com\/ro\/wp-json\/wp\/v2\/product\/373059","targetHints":{"allow":["GET"]}}],"collection":[{"href":"https:\/\/shopatoa.com\/ro\/wp-json\/wp\/v2\/product"}],"about":[{"href":"https:\/\/shopatoa.com\/ro\/wp-json\/wp\/v2\/types\/product"}],"replies":[{"embeddable":true,"href":"https:\/\/shopatoa.com\/ro\/wp-json\/wp\/v2\/comments?post=373059"}],"wp:featuredmedia":[{"embeddable":true,"href":"https:\/\/shopatoa.com\/ro\/wp-json\/wp\/v2\/media\/373060"}],"wp:attachment":[{"href":"https:\/\/shopatoa.com\/ro\/wp-json\/wp\/v2\/media?parent=373059"}],"wp:term":[{"taxonomy":"product_brand","embeddable":true,"href":"https:\/\/shopatoa.com\/ro\/wp-json\/wp\/v2\/product_brand?post=373059"},{"taxonomy":"product_cat","embeddable":true,"href":"https:\/\/shopatoa.com\/ro\/wp-json\/wp\/v2\/product_cat?post=373059"},{"taxonomy":"product_tag","embeddable":true,"href":"https:\/\/shopatoa.com\/ro\/wp-json\/wp\/v2\/product_tag?post=373059"}],"curies":[{"name":"wp","href":"https:\/\/api.w.org\/{rel}","templated":true}]}}