{"id":373081,"date":"2025-05-22T04:27:12","date_gmt":"2025-05-22T02:27:12","guid":{"rendered":"https:\/\/shopatoa.com\/ro\/erborian-crema-de-iluminare-cc-high-definition-radiance-face-cream-15-ml-clair-2\/"},"modified":"2025-12-15T11:03:47","modified_gmt":"2025-12-15T10:03:47","slug":"erborian-crema-de-iluminare-cc-high-definition-radiance-face-cream-15-ml-clair-2","status":"publish","type":"product","link":"https:\/\/shopatoa.com\/ro\/erborian-crema-de-iluminare-cc-high-definition-radiance-face-cream-15-ml-clair-2\/","title":{"rendered":"Erborian Crem\u0103 de iluminare CC (High Definition Radiance Face Cream) 15 ml Clair"},"content":{"rendered":"<p>Un produs multifunc\u021bional pentru piele care \u00eembun\u0103t\u0103\u021be\u0219te aspectul, \u00eenmoaie, radiaz\u0103 \u0219i reduce aspectul petelor. Iluminatorul con\u021bine pigmen\u021bi \u00eencapsula\u021bi care, dup\u0103 aplicare, se adapteaz\u0103 la nuan\u021ba pielii \u0219i astfel \u00eel unific\u0103 \u0219i \u00eenfrumuse\u021beaz\u0103 \u00een mod natural. Ofer\u0103 hidratare intens\u0103, iluminare, \u00eentindere \u0219i protec\u021bie de razele UV. Pe termen lung, hidrateaz\u0103 profund, reduce liniile fine \u0219i ridurile \u0219i ac\u021bioneaz\u0103 ca o prevenire \u00eempotriva \u00eemb\u0103tr\u00e2nirii pielii. Ingrediente active: Centella Asiatica &#8211; un puternic antioxidant care stimuleaz\u0103 regenerarea celular\u0103 \u0219i \u00eent\u0103re\u0219te pielea.<\/p>\n","protected":false},"excerpt":{"rendered":"<p>Un produs multifunc\u021bional pentru piele care \u00eembun\u0103t\u0103\u021be\u0219te aspectul, \u00eenmoaie, radiaz\u0103 \u0219i reduce aspectul petelor. Iluminatorul con\u021bine pigmen\u021bi \u00eencapsula\u021bi care, dup\u0103 aplicare, se adapteaz\u0103 la nuan\u021ba pielii \u0219i astfel \u00eel unific\u0103 \u0219i \u00eenfrumuse\u021beaz\u0103 \u00een mod natural. Ofer\u0103 hidratare intens\u0103, iluminare, \u00eentindere \u0219i protec\u021bie de razele UV. Pe termen lung, hidrateaz\u0103 profund, reduce liniile fine \u0219i ridurile&#8230;<\/p>\n","protected":false},"featured_media":373082,"comment_status":"closed","ping_status":"open","template":"","meta":{"_acf_changed":false,"_kadence_starter_templates_imported_post":false,"_kad_post_transparent":"","_kad_post_title":"","_kad_post_layout":"","_kad_post_sidebar_id":"","_kad_post_content_style":"","_kad_post_vertical_padding":"","_kad_post_feature":"","_kad_post_feature_position":"","_kad_post_header":false,"_kad_post_footer":false,"_kad_post_classname":""},"product_brand":[441],"product_cat":[650,246,609,616],"product_tag":[],"class_list":{"0":"post-373081","1":"product","2":"type-product","3":"status-publish","4":"has-post-thumbnail","6":"product_brand-erborian","7":"product_cat-bb-cc-dd-creme","8":"product_cat-cosmetice","9":"product_cat-cosmetice-decorative","10":"product_cat-machiaj-pentru-fata","12":"first","13":"instock","14":"sale","15":"product-type-external","16":"entry","17":"content-bg","18":"loop-entry"},"acf":[],"yoast_head":"<!-- This site is optimized with the Yoast SEO plugin v27.3 - https:\/\/yoast.com\/product\/yoast-seo-wordpress\/ -->\n<title>Erborian Crem\u0103 de iluminare CC (High Definition Radiance Face Cream) 15 ml Clair - SHOPATOA.COM<\/title>\n<meta name=\"robots\" content=\"index, follow, max-snippet:-1, max-image-preview:large, max-video-preview:-1\" \/>\n<link rel=\"canonical\" href=\"https:\/\/shopatoa.com\/ro\/erborian-crema-de-iluminare-cc-high-definition-radiance-face-cream-15-ml-clair-2\/\" \/>\n<meta property=\"og:locale\" content=\"ro_RO\" \/>\n<meta property=\"og:type\" content=\"article\" \/>\n<meta property=\"og:title\" content=\"Erborian Crem\u0103 de iluminare CC (High Definition Radiance Face Cream) 15 ml Clair - SHOPATOA.COM\" \/>\n<meta property=\"og:description\" content=\"Un produs multifunc\u021bional pentru piele care \u00eembun\u0103t\u0103\u021be\u0219te aspectul, \u00eenmoaie, radiaz\u0103 \u0219i reduce aspectul petelor. Iluminatorul con\u021bine pigmen\u021bi \u00eencapsula\u021bi care, dup\u0103 aplicare, se adapteaz\u0103 la nuan\u021ba pielii \u0219i astfel \u00eel unific\u0103 \u0219i \u00eenfrumuse\u021beaz\u0103 \u00een mod natural. Ofer\u0103 hidratare intens\u0103, iluminare, \u00eentindere \u0219i protec\u021bie de razele UV. Pe termen lung, hidrateaz\u0103 profund, reduce liniile fine \u0219i ridurile...\" \/>\n<meta property=\"og:url\" content=\"https:\/\/shopatoa.com\/ro\/erborian-crema-de-iluminare-cc-high-definition-radiance-face-cream-15-ml-clair-2\/\" \/>\n<meta property=\"og:site_name\" content=\"SHOPATOA\" \/>\n<meta property=\"article:modified_time\" content=\"2025-12-15T10:03:47+00:00\" \/>\n<meta property=\"og:image\" content=\"https:\/\/storage.googleapis.com\/cz-shopatoa-img\/ro\/fb36af86-unnamed-file.webp\" \/>\n\t<meta property=\"og:image:width\" content=\"800\" \/>\n\t<meta property=\"og:image:height\" content=\"800\" \/>\n\t<meta property=\"og:image:type\" content=\"image\/webp\" \/>\n<meta name=\"twitter:card\" content=\"summary_large_image\" \/>\n<script type=\"application\/ld+json\" class=\"yoast-schema-graph\">{\"@context\":\"https:\\\/\\\/schema.org\",\"@graph\":[{\"@type\":\"WebPage\",\"@id\":\"https:\\\/\\\/shopatoa.com\\\/ro\\\/erborian-crema-de-iluminare-cc-high-definition-radiance-face-cream-15-ml-clair-2\\\/\",\"url\":\"https:\\\/\\\/shopatoa.com\\\/ro\\\/erborian-crema-de-iluminare-cc-high-definition-radiance-face-cream-15-ml-clair-2\\\/\",\"name\":\"Erborian Crem\u0103 de iluminare CC (High Definition Radiance Face Cream) 15 ml Clair - SHOPATOA.COM\",\"isPartOf\":{\"@id\":\"https:\\\/\\\/shopatoa.com\\\/ro\\\/#website\"},\"primaryImageOfPage\":{\"@id\":\"https:\\\/\\\/shopatoa.com\\\/ro\\\/erborian-crema-de-iluminare-cc-high-definition-radiance-face-cream-15-ml-clair-2\\\/#primaryimage\"},\"image\":{\"@id\":\"https:\\\/\\\/shopatoa.com\\\/ro\\\/erborian-crema-de-iluminare-cc-high-definition-radiance-face-cream-15-ml-clair-2\\\/#primaryimage\"},\"thumbnailUrl\":\"https:\\\/\\\/storage.googleapis.com\\\/cz-shopatoa-img\\\/ro\\\/fb36af86-unnamed-file.webp\",\"datePublished\":\"2025-05-22T02:27:12+00:00\",\"dateModified\":\"2025-12-15T10:03:47+00:00\",\"breadcrumb\":{\"@id\":\"https:\\\/\\\/shopatoa.com\\\/ro\\\/erborian-crema-de-iluminare-cc-high-definition-radiance-face-cream-15-ml-clair-2\\\/#breadcrumb\"},\"inLanguage\":\"ro-RO\",\"potentialAction\":[{\"@type\":\"ReadAction\",\"target\":[\"https:\\\/\\\/shopatoa.com\\\/ro\\\/erborian-crema-de-iluminare-cc-high-definition-radiance-face-cream-15-ml-clair-2\\\/\"]}]},{\"@type\":\"ImageObject\",\"inLanguage\":\"ro-RO\",\"@id\":\"https:\\\/\\\/shopatoa.com\\\/ro\\\/erborian-crema-de-iluminare-cc-high-definition-radiance-face-cream-15-ml-clair-2\\\/#primaryimage\",\"url\":\"https:\\\/\\\/storage.googleapis.com\\\/cz-shopatoa-img\\\/ro\\\/fb36af86-unnamed-file.webp\",\"contentUrl\":\"https:\\\/\\\/storage.googleapis.com\\\/cz-shopatoa-img\\\/ro\\\/fb36af86-unnamed-file.webp\",\"width\":800,\"height\":800},{\"@type\":\"BreadcrumbList\",\"@id\":\"https:\\\/\\\/shopatoa.com\\\/ro\\\/erborian-crema-de-iluminare-cc-high-definition-radiance-face-cream-15-ml-clair-2\\\/#breadcrumb\",\"itemListElement\":[{\"@type\":\"ListItem\",\"position\":1,\"name\":\"Dom\u016f\",\"item\":\"https:\\\/\\\/shopatoa.com\\\/ro\\\/\"},{\"@type\":\"ListItem\",\"position\":2,\"name\":\"Shop\",\"item\":\"https:\\\/\\\/shopatoa.com\\\/ro\\\/shop\\\/\"},{\"@type\":\"ListItem\",\"position\":3,\"name\":\"Cosmetice\",\"item\":\"https:\\\/\\\/shopatoa.com\\\/ro\\\/cosmetice\\\/\"},{\"@type\":\"ListItem\",\"position\":4,\"name\":\"Cosmetice decorative\",\"item\":\"https:\\\/\\\/shopatoa.com\\\/ro\\\/cosmetice-decorative\\\/\"},{\"@type\":\"ListItem\",\"position\":5,\"name\":\"Machiaj pentru fa\u021ba\",\"item\":\"https:\\\/\\\/shopatoa.com\\\/ro\\\/machiaj-pentru-fata\\\/\"},{\"@type\":\"ListItem\",\"position\":6,\"name\":\"BB &amp; CC &amp; DD creme\",\"item\":\"https:\\\/\\\/shopatoa.com\\\/ro\\\/bb-cc-dd-creme\\\/\"},{\"@type\":\"ListItem\",\"position\":7,\"name\":\"Erborian Crem\u0103 de iluminare CC (High Definition Radiance Face Cream) 15 ml Clair\"}]},{\"@type\":\"WebSite\",\"@id\":\"https:\\\/\\\/shopatoa.com\\\/ro\\\/#website\",\"url\":\"https:\\\/\\\/shopatoa.com\\\/ro\\\/\",\"name\":\"SHOPATOA\",\"description\":\"\",\"publisher\":{\"@id\":\"https:\\\/\\\/shopatoa.com\\\/ro\\\/#organization\"},\"potentialAction\":[{\"@type\":\"SearchAction\",\"target\":{\"@type\":\"EntryPoint\",\"urlTemplate\":\"https:\\\/\\\/shopatoa.com\\\/ro\\\/?s={search_term_string}\"},\"query-input\":{\"@type\":\"PropertyValueSpecification\",\"valueRequired\":true,\"valueName\":\"search_term_string\"}}],\"inLanguage\":\"ro-RO\"},{\"@type\":\"Organization\",\"@id\":\"https:\\\/\\\/shopatoa.com\\\/ro\\\/#organization\",\"name\":\"SHOPATOA\",\"url\":\"https:\\\/\\\/shopatoa.com\\\/ro\\\/\",\"logo\":{\"@type\":\"ImageObject\",\"inLanguage\":\"ro-RO\",\"@id\":\"https:\\\/\\\/shopatoa.com\\\/ro\\\/#\\\/schema\\\/logo\\\/image\\\/\",\"url\":\"https:\\\/\\\/storage.googleapis.com\\\/cz-shopatoa-img\\\/ro\\\/b4dac915-shopatoa_logo.png\",\"contentUrl\":\"https:\\\/\\\/storage.googleapis.com\\\/cz-shopatoa-img\\\/ro\\\/b4dac915-shopatoa_logo.png\",\"width\":416,\"height\":63,\"caption\":\"SHOPATOA\"},\"image\":{\"@id\":\"https:\\\/\\\/shopatoa.com\\\/ro\\\/#\\\/schema\\\/logo\\\/image\\\/\"}}]}<\/script>\n<!-- \/ Yoast SEO plugin. -->","yoast_head_json":{"title":"Erborian Crem\u0103 de iluminare CC (High Definition Radiance Face Cream) 15 ml Clair - SHOPATOA.COM","robots":{"index":"index","follow":"follow","max-snippet":"max-snippet:-1","max-image-preview":"max-image-preview:large","max-video-preview":"max-video-preview:-1"},"canonical":"https:\/\/shopatoa.com\/ro\/erborian-crema-de-iluminare-cc-high-definition-radiance-face-cream-15-ml-clair-2\/","og_locale":"ro_RO","og_type":"article","og_title":"Erborian Crem\u0103 de iluminare CC (High Definition Radiance Face Cream) 15 ml Clair - SHOPATOA.COM","og_description":"Un produs multifunc\u021bional pentru piele care \u00eembun\u0103t\u0103\u021be\u0219te aspectul, \u00eenmoaie, radiaz\u0103 \u0219i reduce aspectul petelor. Iluminatorul con\u021bine pigmen\u021bi \u00eencapsula\u021bi care, dup\u0103 aplicare, se adapteaz\u0103 la nuan\u021ba pielii \u0219i astfel \u00eel unific\u0103 \u0219i \u00eenfrumuse\u021beaz\u0103 \u00een mod natural. Ofer\u0103 hidratare intens\u0103, iluminare, \u00eentindere \u0219i protec\u021bie de razele UV. Pe termen lung, hidrateaz\u0103 profund, reduce liniile fine \u0219i ridurile...","og_url":"https:\/\/shopatoa.com\/ro\/erborian-crema-de-iluminare-cc-high-definition-radiance-face-cream-15-ml-clair-2\/","og_site_name":"SHOPATOA","article_modified_time":"2025-12-15T10:03:47+00:00","og_image":[{"width":800,"height":800,"url":"https:\/\/storage.googleapis.com\/cz-shopatoa-img\/ro\/fb36af86-unnamed-file.webp","type":"image\/webp"}],"twitter_card":"summary_large_image","schema":{"@context":"https:\/\/schema.org","@graph":[{"@type":"WebPage","@id":"https:\/\/shopatoa.com\/ro\/erborian-crema-de-iluminare-cc-high-definition-radiance-face-cream-15-ml-clair-2\/","url":"https:\/\/shopatoa.com\/ro\/erborian-crema-de-iluminare-cc-high-definition-radiance-face-cream-15-ml-clair-2\/","name":"Erborian Crem\u0103 de iluminare CC (High Definition Radiance Face Cream) 15 ml Clair - SHOPATOA.COM","isPartOf":{"@id":"https:\/\/shopatoa.com\/ro\/#website"},"primaryImageOfPage":{"@id":"https:\/\/shopatoa.com\/ro\/erborian-crema-de-iluminare-cc-high-definition-radiance-face-cream-15-ml-clair-2\/#primaryimage"},"image":{"@id":"https:\/\/shopatoa.com\/ro\/erborian-crema-de-iluminare-cc-high-definition-radiance-face-cream-15-ml-clair-2\/#primaryimage"},"thumbnailUrl":"https:\/\/storage.googleapis.com\/cz-shopatoa-img\/ro\/fb36af86-unnamed-file.webp","datePublished":"2025-05-22T02:27:12+00:00","dateModified":"2025-12-15T10:03:47+00:00","breadcrumb":{"@id":"https:\/\/shopatoa.com\/ro\/erborian-crema-de-iluminare-cc-high-definition-radiance-face-cream-15-ml-clair-2\/#breadcrumb"},"inLanguage":"ro-RO","potentialAction":[{"@type":"ReadAction","target":["https:\/\/shopatoa.com\/ro\/erborian-crema-de-iluminare-cc-high-definition-radiance-face-cream-15-ml-clair-2\/"]}]},{"@type":"ImageObject","inLanguage":"ro-RO","@id":"https:\/\/shopatoa.com\/ro\/erborian-crema-de-iluminare-cc-high-definition-radiance-face-cream-15-ml-clair-2\/#primaryimage","url":"https:\/\/storage.googleapis.com\/cz-shopatoa-img\/ro\/fb36af86-unnamed-file.webp","contentUrl":"https:\/\/storage.googleapis.com\/cz-shopatoa-img\/ro\/fb36af86-unnamed-file.webp","width":800,"height":800},{"@type":"BreadcrumbList","@id":"https:\/\/shopatoa.com\/ro\/erborian-crema-de-iluminare-cc-high-definition-radiance-face-cream-15-ml-clair-2\/#breadcrumb","itemListElement":[{"@type":"ListItem","position":1,"name":"Dom\u016f","item":"https:\/\/shopatoa.com\/ro\/"},{"@type":"ListItem","position":2,"name":"Shop","item":"https:\/\/shopatoa.com\/ro\/shop\/"},{"@type":"ListItem","position":3,"name":"Cosmetice","item":"https:\/\/shopatoa.com\/ro\/cosmetice\/"},{"@type":"ListItem","position":4,"name":"Cosmetice decorative","item":"https:\/\/shopatoa.com\/ro\/cosmetice-decorative\/"},{"@type":"ListItem","position":5,"name":"Machiaj pentru fa\u021ba","item":"https:\/\/shopatoa.com\/ro\/machiaj-pentru-fata\/"},{"@type":"ListItem","position":6,"name":"BB &amp; CC &amp; DD creme","item":"https:\/\/shopatoa.com\/ro\/bb-cc-dd-creme\/"},{"@type":"ListItem","position":7,"name":"Erborian Crem\u0103 de iluminare CC (High Definition Radiance Face Cream) 15 ml Clair"}]},{"@type":"WebSite","@id":"https:\/\/shopatoa.com\/ro\/#website","url":"https:\/\/shopatoa.com\/ro\/","name":"SHOPATOA","description":"","publisher":{"@id":"https:\/\/shopatoa.com\/ro\/#organization"},"potentialAction":[{"@type":"SearchAction","target":{"@type":"EntryPoint","urlTemplate":"https:\/\/shopatoa.com\/ro\/?s={search_term_string}"},"query-input":{"@type":"PropertyValueSpecification","valueRequired":true,"valueName":"search_term_string"}}],"inLanguage":"ro-RO"},{"@type":"Organization","@id":"https:\/\/shopatoa.com\/ro\/#organization","name":"SHOPATOA","url":"https:\/\/shopatoa.com\/ro\/","logo":{"@type":"ImageObject","inLanguage":"ro-RO","@id":"https:\/\/shopatoa.com\/ro\/#\/schema\/logo\/image\/","url":"https:\/\/storage.googleapis.com\/cz-shopatoa-img\/ro\/b4dac915-shopatoa_logo.png","contentUrl":"https:\/\/storage.googleapis.com\/cz-shopatoa-img\/ro\/b4dac915-shopatoa_logo.png","width":416,"height":63,"caption":"SHOPATOA"},"image":{"@id":"https:\/\/shopatoa.com\/ro\/#\/schema\/logo\/image\/"}}]}},"_links":{"self":[{"href":"https:\/\/shopatoa.com\/ro\/wp-json\/wp\/v2\/product\/373081","targetHints":{"allow":["GET"]}}],"collection":[{"href":"https:\/\/shopatoa.com\/ro\/wp-json\/wp\/v2\/product"}],"about":[{"href":"https:\/\/shopatoa.com\/ro\/wp-json\/wp\/v2\/types\/product"}],"replies":[{"embeddable":true,"href":"https:\/\/shopatoa.com\/ro\/wp-json\/wp\/v2\/comments?post=373081"}],"wp:featuredmedia":[{"embeddable":true,"href":"https:\/\/shopatoa.com\/ro\/wp-json\/wp\/v2\/media\/373082"}],"wp:attachment":[{"href":"https:\/\/shopatoa.com\/ro\/wp-json\/wp\/v2\/media?parent=373081"}],"wp:term":[{"taxonomy":"product_brand","embeddable":true,"href":"https:\/\/shopatoa.com\/ro\/wp-json\/wp\/v2\/product_brand?post=373081"},{"taxonomy":"product_cat","embeddable":true,"href":"https:\/\/shopatoa.com\/ro\/wp-json\/wp\/v2\/product_cat?post=373081"},{"taxonomy":"product_tag","embeddable":true,"href":"https:\/\/shopatoa.com\/ro\/wp-json\/wp\/v2\/product_tag?post=373081"}],"curies":[{"name":"wp","href":"https:\/\/api.w.org\/{rel}","templated":true}]}}