{"id":373177,"date":"2025-05-22T04:32:55","date_gmt":"2025-05-22T02:32:55","guid":{"rendered":"https:\/\/shopatoa.com\/ro\/grace-cole-set-cadou-pentru-ingrijirea-corpului-in-geanta-cosmetica-vanilie-migdale-3-buc-2\/"},"modified":"2025-12-15T09:42:13","modified_gmt":"2025-12-15T08:42:13","slug":"grace-cole-set-cadou-pentru-ingrijirea-corpului-in-geanta-cosmetica-vanilie-migdale-3-buc-2","status":"publish","type":"product","link":"https:\/\/shopatoa.com\/ro\/grace-cole-set-cadou-pentru-ingrijirea-corpului-in-geanta-cosmetica-vanilie-migdale-3-buc-2\/","title":{"rendered":"Grace Cole Set cadou pentru \u00eengrijirea corpului \u00een geant\u0103 cosmetic\u0103 Vanilie &amp; Migdale 3 buc"},"content":{"rendered":"<p>Setul con\u021bine: Gel de du\u0219 250 ml Crem\u0103 de corp 150 ml Burete de baie 1 buc Geant\u0103 cosmetic\u0103 1 buc Gel de du\u0219 Cur\u0103\u021b\u0103 delicat pielea, l\u0103s\u00e2nd-o catifelat\u0103 \u0219i gener\u00e2nd o spum\u0103 bogat\u0103, \u00een timp ce eman\u0103 un parfum de lung\u0103 durat\u0103. Utilizare: Aplica\u021bi pe pielea umed\u0103, spuma\u021bi \u0219i cl\u0103ti\u021bi bine. Crem\u0103 de corp Asigur\u0103 pielii hidratarea necesar\u0103 \u0219i diminueaz\u0103 senza\u021bia de usc\u0103ciune, l\u0103s\u00e2nd-o catifelat\u0103, supl\u0103 \u0219i u\u0219or parfumat\u0103. Utilizare: Aplica\u021bi pe pielea uscat\u0103 \u0219i curat\u0103 \u0219i masa\u021bi p\u00e2n\u0103 la absorb\u021bie. Burete de baie Cur\u0103\u021b\u0103 temeinic pielea, \u00eendep\u0103rt\u00e2nd toate impurit\u0103\u021bile. \u00cen plus, exfoliaz\u0103 delicat, maseaz\u0103 \u0219i ajut\u0103 la stimularea circula\u021biei sanguine. Vanilie &amp; Migdale Setul cadou de lux pentru \u00eengrijirea \u00eentregului corp, cu un parfum dulce de vanilie, fructe \u0219i glazur\u0103 de migdale, ofer\u0103 o experien\u021b\u0103 de relaxare \u0219i r\u0103sf\u0103\u021b. Parfumeaz\u0103 pielea corpului \u0219i o las\u0103 moale \u0219i neted\u0103 la atingere. Doar pentru uz extern. Evita\u021bi contactul cu ochii \u0219i zona din jurul acestora. \u00cen cazul \u00een care observa\u021bi orice semne de iritare, \u00eenceta\u021bi utilizarea produsului. Vegan &amp; Cruelty-Free.<\/p>\n","protected":false},"excerpt":{"rendered":"<p>Setul con\u021bine: Gel de du\u0219 250 ml Crem\u0103 de corp 150 ml Burete de baie 1 buc Geant\u0103 cosmetic\u0103 1 buc Gel de du\u0219 Cur\u0103\u021b\u0103 delicat pielea, l\u0103s\u00e2nd-o catifelat\u0103 \u0219i gener\u00e2nd o spum\u0103 bogat\u0103, \u00een timp ce eman\u0103 un parfum de lung\u0103 durat\u0103. Utilizare: Aplica\u021bi pe pielea umed\u0103, spuma\u021bi \u0219i cl\u0103ti\u021bi bine. Crem\u0103 de corp&#8230;<\/p>\n","protected":false},"featured_media":373178,"comment_status":"closed","ping_status":"open","template":"","meta":{"_acf_changed":false,"_kadence_starter_templates_imported_post":false,"_kad_post_transparent":"","_kad_post_title":"","_kad_post_layout":"","_kad_post_sidebar_id":"","_kad_post_content_style":"","_kad_post_vertical_padding":"","_kad_post_feature":"","_kad_post_feature_position":"","_kad_post_header":false,"_kad_post_footer":false,"_kad_post_classname":""},"product_brand":[984],"product_cat":[246,641,611],"product_tag":[],"class_list":{"0":"post-373177","1":"product","2":"type-product","3":"status-publish","4":"has-post-thumbnail","6":"product_brand-grace-cole","7":"product_cat-cosmetice","8":"product_cat-cosmetice-pentru-dus-si-baie","9":"product_cat-produse-cosmetice-pentru-corp","11":"first","12":"instock","13":"sale","14":"product-type-external","15":"entry","16":"content-bg","17":"loop-entry"},"acf":[],"yoast_head":"<!-- This site is optimized with the Yoast SEO plugin v27.4 - https:\/\/yoast.com\/product\/yoast-seo-wordpress\/ -->\n<title>Grace Cole Set cadou pentru \u00eengrijirea corpului \u00een geant\u0103 cosmetic\u0103 Vanilie &amp; Migdale 3 buc - SHOPATOA.COM<\/title>\n<meta name=\"robots\" content=\"index, follow, max-snippet:-1, max-image-preview:large, max-video-preview:-1\" \/>\n<link rel=\"canonical\" href=\"https:\/\/shopatoa.com\/ro\/grace-cole-set-cadou-pentru-ingrijirea-corpului-in-geanta-cosmetica-vanilie-migdale-3-buc-2\/\" \/>\n<meta property=\"og:locale\" content=\"ro_RO\" \/>\n<meta property=\"og:type\" content=\"article\" \/>\n<meta property=\"og:title\" content=\"Grace Cole Set cadou pentru \u00eengrijirea corpului \u00een geant\u0103 cosmetic\u0103 Vanilie &amp; Migdale 3 buc - SHOPATOA.COM\" \/>\n<meta property=\"og:description\" content=\"Setul con\u021bine: Gel de du\u0219 250 ml Crem\u0103 de corp 150 ml Burete de baie 1 buc Geant\u0103 cosmetic\u0103 1 buc Gel de du\u0219 Cur\u0103\u021b\u0103 delicat pielea, l\u0103s\u00e2nd-o catifelat\u0103 \u0219i gener\u00e2nd o spum\u0103 bogat\u0103, \u00een timp ce eman\u0103 un parfum de lung\u0103 durat\u0103. Utilizare: Aplica\u021bi pe pielea umed\u0103, spuma\u021bi \u0219i cl\u0103ti\u021bi bine. Crem\u0103 de corp...\" \/>\n<meta property=\"og:url\" content=\"https:\/\/shopatoa.com\/ro\/grace-cole-set-cadou-pentru-ingrijirea-corpului-in-geanta-cosmetica-vanilie-migdale-3-buc-2\/\" \/>\n<meta property=\"og:site_name\" content=\"SHOPATOA\" \/>\n<meta property=\"article:modified_time\" content=\"2025-12-15T08:42:13+00:00\" \/>\n<meta property=\"og:image\" content=\"https:\/\/storage.googleapis.com\/cz-shopatoa-img\/ro\/505f6126-unnamed-file.webp\" \/>\n\t<meta property=\"og:image:width\" content=\"800\" \/>\n\t<meta property=\"og:image:height\" content=\"800\" \/>\n\t<meta property=\"og:image:type\" content=\"image\/webp\" \/>\n<meta name=\"twitter:card\" content=\"summary_large_image\" \/>\n<meta name=\"twitter:label1\" content=\"Timp estimat pentru citire\" \/>\n\t<meta name=\"twitter:data1\" content=\"1 minut\" \/>\n<script type=\"application\/ld+json\" class=\"yoast-schema-graph\">{\"@context\":\"https:\\\/\\\/schema.org\",\"@graph\":[{\"@type\":\"WebPage\",\"@id\":\"https:\\\/\\\/shopatoa.com\\\/ro\\\/grace-cole-set-cadou-pentru-ingrijirea-corpului-in-geanta-cosmetica-vanilie-migdale-3-buc-2\\\/\",\"url\":\"https:\\\/\\\/shopatoa.com\\\/ro\\\/grace-cole-set-cadou-pentru-ingrijirea-corpului-in-geanta-cosmetica-vanilie-migdale-3-buc-2\\\/\",\"name\":\"Grace Cole Set cadou pentru \u00eengrijirea corpului \u00een geant\u0103 cosmetic\u0103 Vanilie & Migdale 3 buc - SHOPATOA.COM\",\"isPartOf\":{\"@id\":\"https:\\\/\\\/shopatoa.com\\\/ro\\\/#website\"},\"primaryImageOfPage\":{\"@id\":\"https:\\\/\\\/shopatoa.com\\\/ro\\\/grace-cole-set-cadou-pentru-ingrijirea-corpului-in-geanta-cosmetica-vanilie-migdale-3-buc-2\\\/#primaryimage\"},\"image\":{\"@id\":\"https:\\\/\\\/shopatoa.com\\\/ro\\\/grace-cole-set-cadou-pentru-ingrijirea-corpului-in-geanta-cosmetica-vanilie-migdale-3-buc-2\\\/#primaryimage\"},\"thumbnailUrl\":\"https:\\\/\\\/storage.googleapis.com\\\/cz-shopatoa-img\\\/ro\\\/505f6126-unnamed-file.webp\",\"datePublished\":\"2025-05-22T02:32:55+00:00\",\"dateModified\":\"2025-12-15T08:42:13+00:00\",\"breadcrumb\":{\"@id\":\"https:\\\/\\\/shopatoa.com\\\/ro\\\/grace-cole-set-cadou-pentru-ingrijirea-corpului-in-geanta-cosmetica-vanilie-migdale-3-buc-2\\\/#breadcrumb\"},\"inLanguage\":\"ro-RO\",\"potentialAction\":[{\"@type\":\"ReadAction\",\"target\":[\"https:\\\/\\\/shopatoa.com\\\/ro\\\/grace-cole-set-cadou-pentru-ingrijirea-corpului-in-geanta-cosmetica-vanilie-migdale-3-buc-2\\\/\"]}]},{\"@type\":\"ImageObject\",\"inLanguage\":\"ro-RO\",\"@id\":\"https:\\\/\\\/shopatoa.com\\\/ro\\\/grace-cole-set-cadou-pentru-ingrijirea-corpului-in-geanta-cosmetica-vanilie-migdale-3-buc-2\\\/#primaryimage\",\"url\":\"https:\\\/\\\/storage.googleapis.com\\\/cz-shopatoa-img\\\/ro\\\/505f6126-unnamed-file.webp\",\"contentUrl\":\"https:\\\/\\\/storage.googleapis.com\\\/cz-shopatoa-img\\\/ro\\\/505f6126-unnamed-file.webp\",\"width\":800,\"height\":800},{\"@type\":\"BreadcrumbList\",\"@id\":\"https:\\\/\\\/shopatoa.com\\\/ro\\\/grace-cole-set-cadou-pentru-ingrijirea-corpului-in-geanta-cosmetica-vanilie-migdale-3-buc-2\\\/#breadcrumb\",\"itemListElement\":[{\"@type\":\"ListItem\",\"position\":1,\"name\":\"Dom\u016f\",\"item\":\"https:\\\/\\\/shopatoa.com\\\/ro\\\/\"},{\"@type\":\"ListItem\",\"position\":2,\"name\":\"Shop\",\"item\":\"https:\\\/\\\/shopatoa.com\\\/ro\\\/shop\\\/\"},{\"@type\":\"ListItem\",\"position\":3,\"name\":\"Cosmetice\",\"item\":\"https:\\\/\\\/shopatoa.com\\\/ro\\\/cosmetice\\\/\"},{\"@type\":\"ListItem\",\"position\":4,\"name\":\"Produse cosmetice pentru corp\",\"item\":\"https:\\\/\\\/shopatoa.com\\\/ro\\\/produse-cosmetice-pentru-corp\\\/\"},{\"@type\":\"ListItem\",\"position\":5,\"name\":\"Cosmetice pentru du\u0219 \u0219i baie\",\"item\":\"https:\\\/\\\/shopatoa.com\\\/ro\\\/cosmetice-pentru-dus-si-baie\\\/\"},{\"@type\":\"ListItem\",\"position\":6,\"name\":\"Grace Cole Set cadou pentru \u00eengrijirea corpului \u00een geant\u0103 cosmetic\u0103 Vanilie &amp; Migdale 3 buc\"}]},{\"@type\":\"WebSite\",\"@id\":\"https:\\\/\\\/shopatoa.com\\\/ro\\\/#website\",\"url\":\"https:\\\/\\\/shopatoa.com\\\/ro\\\/\",\"name\":\"SHOPATOA\",\"description\":\"\",\"publisher\":{\"@id\":\"https:\\\/\\\/shopatoa.com\\\/ro\\\/#organization\"},\"potentialAction\":[{\"@type\":\"SearchAction\",\"target\":{\"@type\":\"EntryPoint\",\"urlTemplate\":\"https:\\\/\\\/shopatoa.com\\\/ro\\\/?s={search_term_string}\"},\"query-input\":{\"@type\":\"PropertyValueSpecification\",\"valueRequired\":true,\"valueName\":\"search_term_string\"}}],\"inLanguage\":\"ro-RO\"},{\"@type\":\"Organization\",\"@id\":\"https:\\\/\\\/shopatoa.com\\\/ro\\\/#organization\",\"name\":\"SHOPATOA\",\"url\":\"https:\\\/\\\/shopatoa.com\\\/ro\\\/\",\"logo\":{\"@type\":\"ImageObject\",\"inLanguage\":\"ro-RO\",\"@id\":\"https:\\\/\\\/shopatoa.com\\\/ro\\\/#\\\/schema\\\/logo\\\/image\\\/\",\"url\":\"https:\\\/\\\/storage.googleapis.com\\\/cz-shopatoa-img\\\/ro\\\/b4dac915-shopatoa_logo.png\",\"contentUrl\":\"https:\\\/\\\/storage.googleapis.com\\\/cz-shopatoa-img\\\/ro\\\/b4dac915-shopatoa_logo.png\",\"width\":416,\"height\":63,\"caption\":\"SHOPATOA\"},\"image\":{\"@id\":\"https:\\\/\\\/shopatoa.com\\\/ro\\\/#\\\/schema\\\/logo\\\/image\\\/\"}}]}<\/script>\n<!-- \/ Yoast SEO plugin. -->","yoast_head_json":{"title":"Grace Cole Set cadou pentru \u00eengrijirea corpului \u00een geant\u0103 cosmetic\u0103 Vanilie & Migdale 3 buc - SHOPATOA.COM","robots":{"index":"index","follow":"follow","max-snippet":"max-snippet:-1","max-image-preview":"max-image-preview:large","max-video-preview":"max-video-preview:-1"},"canonical":"https:\/\/shopatoa.com\/ro\/grace-cole-set-cadou-pentru-ingrijirea-corpului-in-geanta-cosmetica-vanilie-migdale-3-buc-2\/","og_locale":"ro_RO","og_type":"article","og_title":"Grace Cole Set cadou pentru \u00eengrijirea corpului \u00een geant\u0103 cosmetic\u0103 Vanilie & Migdale 3 buc - SHOPATOA.COM","og_description":"Setul con\u021bine: Gel de du\u0219 250 ml Crem\u0103 de corp 150 ml Burete de baie 1 buc Geant\u0103 cosmetic\u0103 1 buc Gel de du\u0219 Cur\u0103\u021b\u0103 delicat pielea, l\u0103s\u00e2nd-o catifelat\u0103 \u0219i gener\u00e2nd o spum\u0103 bogat\u0103, \u00een timp ce eman\u0103 un parfum de lung\u0103 durat\u0103. Utilizare: Aplica\u021bi pe pielea umed\u0103, spuma\u021bi \u0219i cl\u0103ti\u021bi bine. Crem\u0103 de corp...","og_url":"https:\/\/shopatoa.com\/ro\/grace-cole-set-cadou-pentru-ingrijirea-corpului-in-geanta-cosmetica-vanilie-migdale-3-buc-2\/","og_site_name":"SHOPATOA","article_modified_time":"2025-12-15T08:42:13+00:00","og_image":[{"width":800,"height":800,"url":"https:\/\/storage.googleapis.com\/cz-shopatoa-img\/ro\/505f6126-unnamed-file.webp","type":"image\/webp"}],"twitter_card":"summary_large_image","twitter_misc":{"Timp estimat pentru citire":"1 minut"},"schema":{"@context":"https:\/\/schema.org","@graph":[{"@type":"WebPage","@id":"https:\/\/shopatoa.com\/ro\/grace-cole-set-cadou-pentru-ingrijirea-corpului-in-geanta-cosmetica-vanilie-migdale-3-buc-2\/","url":"https:\/\/shopatoa.com\/ro\/grace-cole-set-cadou-pentru-ingrijirea-corpului-in-geanta-cosmetica-vanilie-migdale-3-buc-2\/","name":"Grace Cole Set cadou pentru \u00eengrijirea corpului \u00een geant\u0103 cosmetic\u0103 Vanilie & Migdale 3 buc - SHOPATOA.COM","isPartOf":{"@id":"https:\/\/shopatoa.com\/ro\/#website"},"primaryImageOfPage":{"@id":"https:\/\/shopatoa.com\/ro\/grace-cole-set-cadou-pentru-ingrijirea-corpului-in-geanta-cosmetica-vanilie-migdale-3-buc-2\/#primaryimage"},"image":{"@id":"https:\/\/shopatoa.com\/ro\/grace-cole-set-cadou-pentru-ingrijirea-corpului-in-geanta-cosmetica-vanilie-migdale-3-buc-2\/#primaryimage"},"thumbnailUrl":"https:\/\/storage.googleapis.com\/cz-shopatoa-img\/ro\/505f6126-unnamed-file.webp","datePublished":"2025-05-22T02:32:55+00:00","dateModified":"2025-12-15T08:42:13+00:00","breadcrumb":{"@id":"https:\/\/shopatoa.com\/ro\/grace-cole-set-cadou-pentru-ingrijirea-corpului-in-geanta-cosmetica-vanilie-migdale-3-buc-2\/#breadcrumb"},"inLanguage":"ro-RO","potentialAction":[{"@type":"ReadAction","target":["https:\/\/shopatoa.com\/ro\/grace-cole-set-cadou-pentru-ingrijirea-corpului-in-geanta-cosmetica-vanilie-migdale-3-buc-2\/"]}]},{"@type":"ImageObject","inLanguage":"ro-RO","@id":"https:\/\/shopatoa.com\/ro\/grace-cole-set-cadou-pentru-ingrijirea-corpului-in-geanta-cosmetica-vanilie-migdale-3-buc-2\/#primaryimage","url":"https:\/\/storage.googleapis.com\/cz-shopatoa-img\/ro\/505f6126-unnamed-file.webp","contentUrl":"https:\/\/storage.googleapis.com\/cz-shopatoa-img\/ro\/505f6126-unnamed-file.webp","width":800,"height":800},{"@type":"BreadcrumbList","@id":"https:\/\/shopatoa.com\/ro\/grace-cole-set-cadou-pentru-ingrijirea-corpului-in-geanta-cosmetica-vanilie-migdale-3-buc-2\/#breadcrumb","itemListElement":[{"@type":"ListItem","position":1,"name":"Dom\u016f","item":"https:\/\/shopatoa.com\/ro\/"},{"@type":"ListItem","position":2,"name":"Shop","item":"https:\/\/shopatoa.com\/ro\/shop\/"},{"@type":"ListItem","position":3,"name":"Cosmetice","item":"https:\/\/shopatoa.com\/ro\/cosmetice\/"},{"@type":"ListItem","position":4,"name":"Produse cosmetice pentru corp","item":"https:\/\/shopatoa.com\/ro\/produse-cosmetice-pentru-corp\/"},{"@type":"ListItem","position":5,"name":"Cosmetice pentru du\u0219 \u0219i baie","item":"https:\/\/shopatoa.com\/ro\/cosmetice-pentru-dus-si-baie\/"},{"@type":"ListItem","position":6,"name":"Grace Cole Set cadou pentru \u00eengrijirea corpului \u00een geant\u0103 cosmetic\u0103 Vanilie &amp; Migdale 3 buc"}]},{"@type":"WebSite","@id":"https:\/\/shopatoa.com\/ro\/#website","url":"https:\/\/shopatoa.com\/ro\/","name":"SHOPATOA","description":"","publisher":{"@id":"https:\/\/shopatoa.com\/ro\/#organization"},"potentialAction":[{"@type":"SearchAction","target":{"@type":"EntryPoint","urlTemplate":"https:\/\/shopatoa.com\/ro\/?s={search_term_string}"},"query-input":{"@type":"PropertyValueSpecification","valueRequired":true,"valueName":"search_term_string"}}],"inLanguage":"ro-RO"},{"@type":"Organization","@id":"https:\/\/shopatoa.com\/ro\/#organization","name":"SHOPATOA","url":"https:\/\/shopatoa.com\/ro\/","logo":{"@type":"ImageObject","inLanguage":"ro-RO","@id":"https:\/\/shopatoa.com\/ro\/#\/schema\/logo\/image\/","url":"https:\/\/storage.googleapis.com\/cz-shopatoa-img\/ro\/b4dac915-shopatoa_logo.png","contentUrl":"https:\/\/storage.googleapis.com\/cz-shopatoa-img\/ro\/b4dac915-shopatoa_logo.png","width":416,"height":63,"caption":"SHOPATOA"},"image":{"@id":"https:\/\/shopatoa.com\/ro\/#\/schema\/logo\/image\/"}}]}},"_links":{"self":[{"href":"https:\/\/shopatoa.com\/ro\/wp-json\/wp\/v2\/product\/373177","targetHints":{"allow":["GET"]}}],"collection":[{"href":"https:\/\/shopatoa.com\/ro\/wp-json\/wp\/v2\/product"}],"about":[{"href":"https:\/\/shopatoa.com\/ro\/wp-json\/wp\/v2\/types\/product"}],"replies":[{"embeddable":true,"href":"https:\/\/shopatoa.com\/ro\/wp-json\/wp\/v2\/comments?post=373177"}],"wp:featuredmedia":[{"embeddable":true,"href":"https:\/\/shopatoa.com\/ro\/wp-json\/wp\/v2\/media\/373178"}],"wp:attachment":[{"href":"https:\/\/shopatoa.com\/ro\/wp-json\/wp\/v2\/media?parent=373177"}],"wp:term":[{"taxonomy":"product_brand","embeddable":true,"href":"https:\/\/shopatoa.com\/ro\/wp-json\/wp\/v2\/product_brand?post=373177"},{"taxonomy":"product_cat","embeddable":true,"href":"https:\/\/shopatoa.com\/ro\/wp-json\/wp\/v2\/product_cat?post=373177"},{"taxonomy":"product_tag","embeddable":true,"href":"https:\/\/shopatoa.com\/ro\/wp-json\/wp\/v2\/product_tag?post=373177"}],"curies":[{"name":"wp","href":"https:\/\/api.w.org\/{rel}","templated":true}]}}