{"id":373361,"date":"2025-05-22T04:47:53","date_gmt":"2025-05-22T02:47:53","guid":{"rendered":"https:\/\/shopatoa.com\/ro\/make-up-for-ever-bronzer-artist-face-powders-bronzer-10-g-035-lively-almond-2\/"},"modified":"2025-12-15T07:24:30","modified_gmt":"2025-12-15T06:24:30","slug":"make-up-for-ever-bronzer-artist-face-powders-bronzer-10-g-035-lively-almond-2","status":"publish","type":"product","link":"https:\/\/shopatoa.com\/ro\/make-up-for-ever-bronzer-artist-face-powders-bronzer-10-g-035-lively-almond-2\/","title":{"rendered":"Make Up For Ever Bronzer Artist Face (Powders Bronzer) 10 g 035 Lively Almond"},"content":{"rendered":"<p>Bronzerul se amestec\u0103 cu u\u0219urin\u021b\u0103 \u00een piele pentru un aspect catifelat \u0219i natural, care dureaz\u0103 toat\u0103 ziua. Datorit\u0103 particulelor fine, pudra se adapteaz\u0103 cu u\u0219urin\u021b\u0103 pielii, ofer\u0103 un efect perfect de conturare \u0219i pigmentare ridicat\u0103.<\/p>\n","protected":false},"excerpt":{"rendered":"<p>Bronzerul se amestec\u0103 cu u\u0219urin\u021b\u0103 \u00een piele pentru un aspect catifelat \u0219i natural, care dureaz\u0103 toat\u0103 ziua. Datorit\u0103 particulelor fine, pudra se adapteaz\u0103 cu u\u0219urin\u021b\u0103 pielii, ofer\u0103 un efect perfect de conturare \u0219i pigmentare ridicat\u0103.<\/p>\n","protected":false},"featured_media":373362,"comment_status":"closed","ping_status":"open","template":"","meta":{"_acf_changed":false,"_kadence_starter_templates_imported_post":false,"_kad_post_transparent":"","_kad_post_title":"","_kad_post_layout":"","_kad_post_sidebar_id":"","_kad_post_content_style":"","_kad_post_vertical_padding":"","_kad_post_feature":"","_kad_post_feature_position":"","_kad_post_header":false,"_kad_post_footer":false,"_kad_post_classname":""},"product_brand":[807],"product_cat":[617,246,609,616],"product_tag":[],"class_list":{"0":"post-373361","1":"product","2":"type-product","3":"status-publish","4":"has-post-thumbnail","6":"product_brand-make-up-for-ever","7":"product_cat-bronzers","8":"product_cat-cosmetice","9":"product_cat-cosmetice-decorative","10":"product_cat-machiaj-pentru-fata","12":"first","13":"instock","14":"product-type-external","15":"entry","16":"content-bg","17":"loop-entry"},"acf":[],"yoast_head":"<!-- This site is optimized with the Yoast SEO plugin v27.3 - https:\/\/yoast.com\/product\/yoast-seo-wordpress\/ -->\n<title>Make Up For Ever Bronzer Artist Face (Powders Bronzer) 10 g 035 Lively Almond - SHOPATOA.COM<\/title>\n<meta name=\"robots\" content=\"index, follow, max-snippet:-1, max-image-preview:large, max-video-preview:-1\" \/>\n<link rel=\"canonical\" href=\"https:\/\/shopatoa.com\/ro\/make-up-for-ever-bronzer-artist-face-powders-bronzer-10-g-035-lively-almond-2\/\" \/>\n<meta property=\"og:locale\" content=\"ro_RO\" \/>\n<meta property=\"og:type\" content=\"article\" \/>\n<meta property=\"og:title\" content=\"Make Up For Ever Bronzer Artist Face (Powders Bronzer) 10 g 035 Lively Almond - SHOPATOA.COM\" \/>\n<meta property=\"og:description\" content=\"Bronzerul se amestec\u0103 cu u\u0219urin\u021b\u0103 \u00een piele pentru un aspect catifelat \u0219i natural, care dureaz\u0103 toat\u0103 ziua. Datorit\u0103 particulelor fine, pudra se adapteaz\u0103 cu u\u0219urin\u021b\u0103 pielii, ofer\u0103 un efect perfect de conturare \u0219i pigmentare ridicat\u0103.\" \/>\n<meta property=\"og:url\" content=\"https:\/\/shopatoa.com\/ro\/make-up-for-ever-bronzer-artist-face-powders-bronzer-10-g-035-lively-almond-2\/\" \/>\n<meta property=\"og:site_name\" content=\"SHOPATOA\" \/>\n<meta property=\"article:modified_time\" content=\"2025-12-15T06:24:30+00:00\" \/>\n<meta property=\"og:image\" content=\"https:\/\/storage.googleapis.com\/cz-shopatoa-img\/ro\/dfcf44fc-unnamed-file.webp\" \/>\n\t<meta property=\"og:image:width\" content=\"800\" \/>\n\t<meta property=\"og:image:height\" content=\"800\" \/>\n\t<meta property=\"og:image:type\" content=\"image\/webp\" \/>\n<meta name=\"twitter:card\" content=\"summary_large_image\" \/>\n<script type=\"application\/ld+json\" class=\"yoast-schema-graph\">{\"@context\":\"https:\\\/\\\/schema.org\",\"@graph\":[{\"@type\":\"WebPage\",\"@id\":\"https:\\\/\\\/shopatoa.com\\\/ro\\\/make-up-for-ever-bronzer-artist-face-powders-bronzer-10-g-035-lively-almond-2\\\/\",\"url\":\"https:\\\/\\\/shopatoa.com\\\/ro\\\/make-up-for-ever-bronzer-artist-face-powders-bronzer-10-g-035-lively-almond-2\\\/\",\"name\":\"Make Up For Ever Bronzer Artist Face (Powders Bronzer) 10 g 035 Lively Almond - SHOPATOA.COM\",\"isPartOf\":{\"@id\":\"https:\\\/\\\/shopatoa.com\\\/ro\\\/#website\"},\"primaryImageOfPage\":{\"@id\":\"https:\\\/\\\/shopatoa.com\\\/ro\\\/make-up-for-ever-bronzer-artist-face-powders-bronzer-10-g-035-lively-almond-2\\\/#primaryimage\"},\"image\":{\"@id\":\"https:\\\/\\\/shopatoa.com\\\/ro\\\/make-up-for-ever-bronzer-artist-face-powders-bronzer-10-g-035-lively-almond-2\\\/#primaryimage\"},\"thumbnailUrl\":\"https:\\\/\\\/storage.googleapis.com\\\/cz-shopatoa-img\\\/ro\\\/dfcf44fc-unnamed-file.webp\",\"datePublished\":\"2025-05-22T02:47:53+00:00\",\"dateModified\":\"2025-12-15T06:24:30+00:00\",\"breadcrumb\":{\"@id\":\"https:\\\/\\\/shopatoa.com\\\/ro\\\/make-up-for-ever-bronzer-artist-face-powders-bronzer-10-g-035-lively-almond-2\\\/#breadcrumb\"},\"inLanguage\":\"ro-RO\",\"potentialAction\":[{\"@type\":\"ReadAction\",\"target\":[\"https:\\\/\\\/shopatoa.com\\\/ro\\\/make-up-for-ever-bronzer-artist-face-powders-bronzer-10-g-035-lively-almond-2\\\/\"]}]},{\"@type\":\"ImageObject\",\"inLanguage\":\"ro-RO\",\"@id\":\"https:\\\/\\\/shopatoa.com\\\/ro\\\/make-up-for-ever-bronzer-artist-face-powders-bronzer-10-g-035-lively-almond-2\\\/#primaryimage\",\"url\":\"https:\\\/\\\/storage.googleapis.com\\\/cz-shopatoa-img\\\/ro\\\/dfcf44fc-unnamed-file.webp\",\"contentUrl\":\"https:\\\/\\\/storage.googleapis.com\\\/cz-shopatoa-img\\\/ro\\\/dfcf44fc-unnamed-file.webp\",\"width\":800,\"height\":800},{\"@type\":\"BreadcrumbList\",\"@id\":\"https:\\\/\\\/shopatoa.com\\\/ro\\\/make-up-for-ever-bronzer-artist-face-powders-bronzer-10-g-035-lively-almond-2\\\/#breadcrumb\",\"itemListElement\":[{\"@type\":\"ListItem\",\"position\":1,\"name\":\"Dom\u016f\",\"item\":\"https:\\\/\\\/shopatoa.com\\\/ro\\\/\"},{\"@type\":\"ListItem\",\"position\":2,\"name\":\"Shop\",\"item\":\"https:\\\/\\\/shopatoa.com\\\/ro\\\/shop\\\/\"},{\"@type\":\"ListItem\",\"position\":3,\"name\":\"Cosmetice\",\"item\":\"https:\\\/\\\/shopatoa.com\\\/ro\\\/cosmetice\\\/\"},{\"@type\":\"ListItem\",\"position\":4,\"name\":\"Cosmetice decorative\",\"item\":\"https:\\\/\\\/shopatoa.com\\\/ro\\\/cosmetice-decorative\\\/\"},{\"@type\":\"ListItem\",\"position\":5,\"name\":\"Machiaj pentru fa\u021ba\",\"item\":\"https:\\\/\\\/shopatoa.com\\\/ro\\\/machiaj-pentru-fata\\\/\"},{\"@type\":\"ListItem\",\"position\":6,\"name\":\"Bronzers\",\"item\":\"https:\\\/\\\/shopatoa.com\\\/ro\\\/bronzers\\\/\"},{\"@type\":\"ListItem\",\"position\":7,\"name\":\"Make Up For Ever Bronzer Artist Face (Powders Bronzer) 10 g 035 Lively Almond\"}]},{\"@type\":\"WebSite\",\"@id\":\"https:\\\/\\\/shopatoa.com\\\/ro\\\/#website\",\"url\":\"https:\\\/\\\/shopatoa.com\\\/ro\\\/\",\"name\":\"SHOPATOA\",\"description\":\"\",\"publisher\":{\"@id\":\"https:\\\/\\\/shopatoa.com\\\/ro\\\/#organization\"},\"potentialAction\":[{\"@type\":\"SearchAction\",\"target\":{\"@type\":\"EntryPoint\",\"urlTemplate\":\"https:\\\/\\\/shopatoa.com\\\/ro\\\/?s={search_term_string}\"},\"query-input\":{\"@type\":\"PropertyValueSpecification\",\"valueRequired\":true,\"valueName\":\"search_term_string\"}}],\"inLanguage\":\"ro-RO\"},{\"@type\":\"Organization\",\"@id\":\"https:\\\/\\\/shopatoa.com\\\/ro\\\/#organization\",\"name\":\"SHOPATOA\",\"url\":\"https:\\\/\\\/shopatoa.com\\\/ro\\\/\",\"logo\":{\"@type\":\"ImageObject\",\"inLanguage\":\"ro-RO\",\"@id\":\"https:\\\/\\\/shopatoa.com\\\/ro\\\/#\\\/schema\\\/logo\\\/image\\\/\",\"url\":\"https:\\\/\\\/storage.googleapis.com\\\/cz-shopatoa-img\\\/ro\\\/b4dac915-shopatoa_logo.png\",\"contentUrl\":\"https:\\\/\\\/storage.googleapis.com\\\/cz-shopatoa-img\\\/ro\\\/b4dac915-shopatoa_logo.png\",\"width\":416,\"height\":63,\"caption\":\"SHOPATOA\"},\"image\":{\"@id\":\"https:\\\/\\\/shopatoa.com\\\/ro\\\/#\\\/schema\\\/logo\\\/image\\\/\"}}]}<\/script>\n<!-- \/ Yoast SEO plugin. -->","yoast_head_json":{"title":"Make Up For Ever Bronzer Artist Face (Powders Bronzer) 10 g 035 Lively Almond - SHOPATOA.COM","robots":{"index":"index","follow":"follow","max-snippet":"max-snippet:-1","max-image-preview":"max-image-preview:large","max-video-preview":"max-video-preview:-1"},"canonical":"https:\/\/shopatoa.com\/ro\/make-up-for-ever-bronzer-artist-face-powders-bronzer-10-g-035-lively-almond-2\/","og_locale":"ro_RO","og_type":"article","og_title":"Make Up For Ever Bronzer Artist Face (Powders Bronzer) 10 g 035 Lively Almond - SHOPATOA.COM","og_description":"Bronzerul se amestec\u0103 cu u\u0219urin\u021b\u0103 \u00een piele pentru un aspect catifelat \u0219i natural, care dureaz\u0103 toat\u0103 ziua. Datorit\u0103 particulelor fine, pudra se adapteaz\u0103 cu u\u0219urin\u021b\u0103 pielii, ofer\u0103 un efect perfect de conturare \u0219i pigmentare ridicat\u0103.","og_url":"https:\/\/shopatoa.com\/ro\/make-up-for-ever-bronzer-artist-face-powders-bronzer-10-g-035-lively-almond-2\/","og_site_name":"SHOPATOA","article_modified_time":"2025-12-15T06:24:30+00:00","og_image":[{"width":800,"height":800,"url":"https:\/\/storage.googleapis.com\/cz-shopatoa-img\/ro\/dfcf44fc-unnamed-file.webp","type":"image\/webp"}],"twitter_card":"summary_large_image","schema":{"@context":"https:\/\/schema.org","@graph":[{"@type":"WebPage","@id":"https:\/\/shopatoa.com\/ro\/make-up-for-ever-bronzer-artist-face-powders-bronzer-10-g-035-lively-almond-2\/","url":"https:\/\/shopatoa.com\/ro\/make-up-for-ever-bronzer-artist-face-powders-bronzer-10-g-035-lively-almond-2\/","name":"Make Up For Ever Bronzer Artist Face (Powders Bronzer) 10 g 035 Lively Almond - SHOPATOA.COM","isPartOf":{"@id":"https:\/\/shopatoa.com\/ro\/#website"},"primaryImageOfPage":{"@id":"https:\/\/shopatoa.com\/ro\/make-up-for-ever-bronzer-artist-face-powders-bronzer-10-g-035-lively-almond-2\/#primaryimage"},"image":{"@id":"https:\/\/shopatoa.com\/ro\/make-up-for-ever-bronzer-artist-face-powders-bronzer-10-g-035-lively-almond-2\/#primaryimage"},"thumbnailUrl":"https:\/\/storage.googleapis.com\/cz-shopatoa-img\/ro\/dfcf44fc-unnamed-file.webp","datePublished":"2025-05-22T02:47:53+00:00","dateModified":"2025-12-15T06:24:30+00:00","breadcrumb":{"@id":"https:\/\/shopatoa.com\/ro\/make-up-for-ever-bronzer-artist-face-powders-bronzer-10-g-035-lively-almond-2\/#breadcrumb"},"inLanguage":"ro-RO","potentialAction":[{"@type":"ReadAction","target":["https:\/\/shopatoa.com\/ro\/make-up-for-ever-bronzer-artist-face-powders-bronzer-10-g-035-lively-almond-2\/"]}]},{"@type":"ImageObject","inLanguage":"ro-RO","@id":"https:\/\/shopatoa.com\/ro\/make-up-for-ever-bronzer-artist-face-powders-bronzer-10-g-035-lively-almond-2\/#primaryimage","url":"https:\/\/storage.googleapis.com\/cz-shopatoa-img\/ro\/dfcf44fc-unnamed-file.webp","contentUrl":"https:\/\/storage.googleapis.com\/cz-shopatoa-img\/ro\/dfcf44fc-unnamed-file.webp","width":800,"height":800},{"@type":"BreadcrumbList","@id":"https:\/\/shopatoa.com\/ro\/make-up-for-ever-bronzer-artist-face-powders-bronzer-10-g-035-lively-almond-2\/#breadcrumb","itemListElement":[{"@type":"ListItem","position":1,"name":"Dom\u016f","item":"https:\/\/shopatoa.com\/ro\/"},{"@type":"ListItem","position":2,"name":"Shop","item":"https:\/\/shopatoa.com\/ro\/shop\/"},{"@type":"ListItem","position":3,"name":"Cosmetice","item":"https:\/\/shopatoa.com\/ro\/cosmetice\/"},{"@type":"ListItem","position":4,"name":"Cosmetice decorative","item":"https:\/\/shopatoa.com\/ro\/cosmetice-decorative\/"},{"@type":"ListItem","position":5,"name":"Machiaj pentru fa\u021ba","item":"https:\/\/shopatoa.com\/ro\/machiaj-pentru-fata\/"},{"@type":"ListItem","position":6,"name":"Bronzers","item":"https:\/\/shopatoa.com\/ro\/bronzers\/"},{"@type":"ListItem","position":7,"name":"Make Up For Ever Bronzer Artist Face (Powders Bronzer) 10 g 035 Lively Almond"}]},{"@type":"WebSite","@id":"https:\/\/shopatoa.com\/ro\/#website","url":"https:\/\/shopatoa.com\/ro\/","name":"SHOPATOA","description":"","publisher":{"@id":"https:\/\/shopatoa.com\/ro\/#organization"},"potentialAction":[{"@type":"SearchAction","target":{"@type":"EntryPoint","urlTemplate":"https:\/\/shopatoa.com\/ro\/?s={search_term_string}"},"query-input":{"@type":"PropertyValueSpecification","valueRequired":true,"valueName":"search_term_string"}}],"inLanguage":"ro-RO"},{"@type":"Organization","@id":"https:\/\/shopatoa.com\/ro\/#organization","name":"SHOPATOA","url":"https:\/\/shopatoa.com\/ro\/","logo":{"@type":"ImageObject","inLanguage":"ro-RO","@id":"https:\/\/shopatoa.com\/ro\/#\/schema\/logo\/image\/","url":"https:\/\/storage.googleapis.com\/cz-shopatoa-img\/ro\/b4dac915-shopatoa_logo.png","contentUrl":"https:\/\/storage.googleapis.com\/cz-shopatoa-img\/ro\/b4dac915-shopatoa_logo.png","width":416,"height":63,"caption":"SHOPATOA"},"image":{"@id":"https:\/\/shopatoa.com\/ro\/#\/schema\/logo\/image\/"}}]}},"_links":{"self":[{"href":"https:\/\/shopatoa.com\/ro\/wp-json\/wp\/v2\/product\/373361","targetHints":{"allow":["GET"]}}],"collection":[{"href":"https:\/\/shopatoa.com\/ro\/wp-json\/wp\/v2\/product"}],"about":[{"href":"https:\/\/shopatoa.com\/ro\/wp-json\/wp\/v2\/types\/product"}],"replies":[{"embeddable":true,"href":"https:\/\/shopatoa.com\/ro\/wp-json\/wp\/v2\/comments?post=373361"}],"wp:featuredmedia":[{"embeddable":true,"href":"https:\/\/shopatoa.com\/ro\/wp-json\/wp\/v2\/media\/373362"}],"wp:attachment":[{"href":"https:\/\/shopatoa.com\/ro\/wp-json\/wp\/v2\/media?parent=373361"}],"wp:term":[{"taxonomy":"product_brand","embeddable":true,"href":"https:\/\/shopatoa.com\/ro\/wp-json\/wp\/v2\/product_brand?post=373361"},{"taxonomy":"product_cat","embeddable":true,"href":"https:\/\/shopatoa.com\/ro\/wp-json\/wp\/v2\/product_cat?post=373361"},{"taxonomy":"product_tag","embeddable":true,"href":"https:\/\/shopatoa.com\/ro\/wp-json\/wp\/v2\/product_tag?post=373361"}],"curies":[{"name":"wp","href":"https:\/\/api.w.org\/{rel}","templated":true}]}}