{"id":373433,"date":"2025-05-22T04:52:27","date_gmt":"2025-05-22T02:52:27","guid":{"rendered":"https:\/\/shopatoa.com\/ro\/hawaiian-tropic-lotiune-de-bronzat-spf-50-satin-protection-sun-lotion-180-ml-2\/"},"modified":"2025-12-15T06:33:13","modified_gmt":"2025-12-15T05:33:13","slug":"hawaiian-tropic-lotiune-de-bronzat-spf-50-satin-protection-sun-lotion-180-ml-2","status":"publish","type":"product","link":"https:\/\/shopatoa.com\/ro\/hawaiian-tropic-lotiune-de-bronzat-spf-50-satin-protection-sun-lotion-180-ml-2\/","title":{"rendered":"Hawaiian Tropic Lo\u021biune de bronzat SPF 50+ Satin Protection (Sun Lotion) 180 ml"},"content":{"rendered":"<p>Hawaiian Tropic Satin Protection ofer\u0103 protec\u021bie UVA cu spectru larg \u0219i de protec\u021bie UVB. Amestecat cu vitaminele C \u0219i E protejeaz\u0103 crema de piele si hidrateaz\u0103. Pielea ta va fi moale si hidratata cu un dram de frumos parfum tropical. Bucura\u021bi-v\u0103 de p\u00e2n\u0103 la 80 de minute pe plaj\u0103 sau v\u0103 destinde\u021bi la piscin\u0103, f\u0103r\u0103 griji, datorit\u0103 unei formul\u0103ri impermeabil de aceast\u0103 crem\u0103. Evita\u021bi soarele intens de amiaz\u0103. Nici un produs de protec\u021bie solar\u0103 poate oferi o protec\u021bie de 100%. Expunerea excesiva la soare este o amenin\u021bare grav\u0103 de s\u0103n\u0103tate. O cantitate mai mic\u0103 de produs poate reduce \u00een mod semnificativ nivelul de protec\u021bie a pielii dumneavoastr\u0103.<\/p>\n","protected":false},"excerpt":{"rendered":"<p>Hawaiian Tropic Satin Protection ofer\u0103 protec\u021bie UVA cu spectru larg \u0219i de protec\u021bie UVB. Amestecat cu vitaminele C \u0219i E protejeaz\u0103 crema de piele si hidrateaz\u0103. Pielea ta va fi moale si hidratata cu un dram de frumos parfum tropical. Bucura\u021bi-v\u0103 de p\u00e2n\u0103 la 80 de minute pe plaj\u0103 sau v\u0103 destinde\u021bi la piscin\u0103, f\u0103r\u0103&#8230;<\/p>\n","protected":false},"featured_media":373434,"comment_status":"closed","ping_status":"open","template":"","meta":{"_acf_changed":false,"_kadence_starter_templates_imported_post":false,"_kad_post_transparent":"","_kad_post_title":"","_kad_post_layout":"","_kad_post_sidebar_id":"","_kad_post_content_style":"","_kad_post_vertical_padding":"","_kad_post_feature":"","_kad_post_feature_position":"","_kad_post_header":false,"_kad_post_footer":false,"_kad_post_classname":""},"product_brand":[824],"product_cat":[246,642,643],"product_tag":[],"class_list":{"0":"post-373433","1":"product","2":"type-product","3":"status-publish","4":"has-post-thumbnail","6":"product_brand-hawaiian-tropic","7":"product_cat-cosmetice","8":"product_cat-cosmetice-de-protectie-solara","9":"product_cat-produse-pentru-bronzare","11":"first","12":"instock","13":"sale","14":"product-type-external","15":"entry","16":"content-bg","17":"loop-entry"},"acf":[],"yoast_head":"<!-- This site is optimized with the Yoast SEO plugin v27.3 - https:\/\/yoast.com\/product\/yoast-seo-wordpress\/ -->\n<title>Hawaiian Tropic Lo\u021biune de bronzat SPF 50+ Satin Protection (Sun Lotion) 180 ml - SHOPATOA.COM<\/title>\n<meta name=\"robots\" content=\"index, follow, max-snippet:-1, max-image-preview:large, max-video-preview:-1\" \/>\n<link rel=\"canonical\" href=\"https:\/\/shopatoa.com\/ro\/hawaiian-tropic-lotiune-de-bronzat-spf-50-satin-protection-sun-lotion-180-ml-2\/\" \/>\n<meta property=\"og:locale\" content=\"ro_RO\" \/>\n<meta property=\"og:type\" content=\"article\" \/>\n<meta property=\"og:title\" content=\"Hawaiian Tropic Lo\u021biune de bronzat SPF 50+ Satin Protection (Sun Lotion) 180 ml - SHOPATOA.COM\" \/>\n<meta property=\"og:description\" content=\"Hawaiian Tropic Satin Protection ofer\u0103 protec\u021bie UVA cu spectru larg \u0219i de protec\u021bie UVB. Amestecat cu vitaminele C \u0219i E protejeaz\u0103 crema de piele si hidrateaz\u0103. Pielea ta va fi moale si hidratata cu un dram de frumos parfum tropical. Bucura\u021bi-v\u0103 de p\u00e2n\u0103 la 80 de minute pe plaj\u0103 sau v\u0103 destinde\u021bi la piscin\u0103, f\u0103r\u0103...\" \/>\n<meta property=\"og:url\" content=\"https:\/\/shopatoa.com\/ro\/hawaiian-tropic-lotiune-de-bronzat-spf-50-satin-protection-sun-lotion-180-ml-2\/\" \/>\n<meta property=\"og:site_name\" content=\"SHOPATOA\" \/>\n<meta property=\"article:modified_time\" content=\"2025-12-15T05:33:13+00:00\" \/>\n<meta property=\"og:image\" content=\"https:\/\/storage.googleapis.com\/cz-shopatoa-img\/ro\/0616e4e1-unnamed-file.webp\" \/>\n\t<meta property=\"og:image:width\" content=\"800\" \/>\n\t<meta property=\"og:image:height\" content=\"800\" \/>\n\t<meta property=\"og:image:type\" content=\"image\/webp\" \/>\n<meta name=\"twitter:card\" content=\"summary_large_image\" \/>\n<meta name=\"twitter:label1\" content=\"Timp estimat pentru citire\" \/>\n\t<meta name=\"twitter:data1\" content=\"1 minut\" \/>\n<script type=\"application\/ld+json\" class=\"yoast-schema-graph\">{\"@context\":\"https:\\\/\\\/schema.org\",\"@graph\":[{\"@type\":\"WebPage\",\"@id\":\"https:\\\/\\\/shopatoa.com\\\/ro\\\/hawaiian-tropic-lotiune-de-bronzat-spf-50-satin-protection-sun-lotion-180-ml-2\\\/\",\"url\":\"https:\\\/\\\/shopatoa.com\\\/ro\\\/hawaiian-tropic-lotiune-de-bronzat-spf-50-satin-protection-sun-lotion-180-ml-2\\\/\",\"name\":\"Hawaiian Tropic Lo\u021biune de bronzat SPF 50+ Satin Protection (Sun Lotion) 180 ml - SHOPATOA.COM\",\"isPartOf\":{\"@id\":\"https:\\\/\\\/shopatoa.com\\\/ro\\\/#website\"},\"primaryImageOfPage\":{\"@id\":\"https:\\\/\\\/shopatoa.com\\\/ro\\\/hawaiian-tropic-lotiune-de-bronzat-spf-50-satin-protection-sun-lotion-180-ml-2\\\/#primaryimage\"},\"image\":{\"@id\":\"https:\\\/\\\/shopatoa.com\\\/ro\\\/hawaiian-tropic-lotiune-de-bronzat-spf-50-satin-protection-sun-lotion-180-ml-2\\\/#primaryimage\"},\"thumbnailUrl\":\"https:\\\/\\\/storage.googleapis.com\\\/cz-shopatoa-img\\\/ro\\\/0616e4e1-unnamed-file.webp\",\"datePublished\":\"2025-05-22T02:52:27+00:00\",\"dateModified\":\"2025-12-15T05:33:13+00:00\",\"breadcrumb\":{\"@id\":\"https:\\\/\\\/shopatoa.com\\\/ro\\\/hawaiian-tropic-lotiune-de-bronzat-spf-50-satin-protection-sun-lotion-180-ml-2\\\/#breadcrumb\"},\"inLanguage\":\"ro-RO\",\"potentialAction\":[{\"@type\":\"ReadAction\",\"target\":[\"https:\\\/\\\/shopatoa.com\\\/ro\\\/hawaiian-tropic-lotiune-de-bronzat-spf-50-satin-protection-sun-lotion-180-ml-2\\\/\"]}]},{\"@type\":\"ImageObject\",\"inLanguage\":\"ro-RO\",\"@id\":\"https:\\\/\\\/shopatoa.com\\\/ro\\\/hawaiian-tropic-lotiune-de-bronzat-spf-50-satin-protection-sun-lotion-180-ml-2\\\/#primaryimage\",\"url\":\"https:\\\/\\\/storage.googleapis.com\\\/cz-shopatoa-img\\\/ro\\\/0616e4e1-unnamed-file.webp\",\"contentUrl\":\"https:\\\/\\\/storage.googleapis.com\\\/cz-shopatoa-img\\\/ro\\\/0616e4e1-unnamed-file.webp\",\"width\":800,\"height\":800},{\"@type\":\"BreadcrumbList\",\"@id\":\"https:\\\/\\\/shopatoa.com\\\/ro\\\/hawaiian-tropic-lotiune-de-bronzat-spf-50-satin-protection-sun-lotion-180-ml-2\\\/#breadcrumb\",\"itemListElement\":[{\"@type\":\"ListItem\",\"position\":1,\"name\":\"Dom\u016f\",\"item\":\"https:\\\/\\\/shopatoa.com\\\/ro\\\/\"},{\"@type\":\"ListItem\",\"position\":2,\"name\":\"Shop\",\"item\":\"https:\\\/\\\/shopatoa.com\\\/ro\\\/shop\\\/\"},{\"@type\":\"ListItem\",\"position\":3,\"name\":\"Cosmetice\",\"item\":\"https:\\\/\\\/shopatoa.com\\\/ro\\\/cosmetice\\\/\"},{\"@type\":\"ListItem\",\"position\":4,\"name\":\"Cosmetice de protec\u021bie solar\u0103\",\"item\":\"https:\\\/\\\/shopatoa.com\\\/ro\\\/cosmetice-de-protectie-solara\\\/\"},{\"@type\":\"ListItem\",\"position\":5,\"name\":\"Produse pentru bronzare\",\"item\":\"https:\\\/\\\/shopatoa.com\\\/ro\\\/produse-pentru-bronzare\\\/\"},{\"@type\":\"ListItem\",\"position\":6,\"name\":\"Hawaiian Tropic Lo\u021biune de bronzat SPF 50+ Satin Protection (Sun Lotion) 180 ml\"}]},{\"@type\":\"WebSite\",\"@id\":\"https:\\\/\\\/shopatoa.com\\\/ro\\\/#website\",\"url\":\"https:\\\/\\\/shopatoa.com\\\/ro\\\/\",\"name\":\"SHOPATOA\",\"description\":\"\",\"publisher\":{\"@id\":\"https:\\\/\\\/shopatoa.com\\\/ro\\\/#organization\"},\"potentialAction\":[{\"@type\":\"SearchAction\",\"target\":{\"@type\":\"EntryPoint\",\"urlTemplate\":\"https:\\\/\\\/shopatoa.com\\\/ro\\\/?s={search_term_string}\"},\"query-input\":{\"@type\":\"PropertyValueSpecification\",\"valueRequired\":true,\"valueName\":\"search_term_string\"}}],\"inLanguage\":\"ro-RO\"},{\"@type\":\"Organization\",\"@id\":\"https:\\\/\\\/shopatoa.com\\\/ro\\\/#organization\",\"name\":\"SHOPATOA\",\"url\":\"https:\\\/\\\/shopatoa.com\\\/ro\\\/\",\"logo\":{\"@type\":\"ImageObject\",\"inLanguage\":\"ro-RO\",\"@id\":\"https:\\\/\\\/shopatoa.com\\\/ro\\\/#\\\/schema\\\/logo\\\/image\\\/\",\"url\":\"https:\\\/\\\/storage.googleapis.com\\\/cz-shopatoa-img\\\/ro\\\/b4dac915-shopatoa_logo.png\",\"contentUrl\":\"https:\\\/\\\/storage.googleapis.com\\\/cz-shopatoa-img\\\/ro\\\/b4dac915-shopatoa_logo.png\",\"width\":416,\"height\":63,\"caption\":\"SHOPATOA\"},\"image\":{\"@id\":\"https:\\\/\\\/shopatoa.com\\\/ro\\\/#\\\/schema\\\/logo\\\/image\\\/\"}}]}<\/script>\n<!-- \/ Yoast SEO plugin. -->","yoast_head_json":{"title":"Hawaiian Tropic Lo\u021biune de bronzat SPF 50+ Satin Protection (Sun Lotion) 180 ml - SHOPATOA.COM","robots":{"index":"index","follow":"follow","max-snippet":"max-snippet:-1","max-image-preview":"max-image-preview:large","max-video-preview":"max-video-preview:-1"},"canonical":"https:\/\/shopatoa.com\/ro\/hawaiian-tropic-lotiune-de-bronzat-spf-50-satin-protection-sun-lotion-180-ml-2\/","og_locale":"ro_RO","og_type":"article","og_title":"Hawaiian Tropic Lo\u021biune de bronzat SPF 50+ Satin Protection (Sun Lotion) 180 ml - SHOPATOA.COM","og_description":"Hawaiian Tropic Satin Protection ofer\u0103 protec\u021bie UVA cu spectru larg \u0219i de protec\u021bie UVB. Amestecat cu vitaminele C \u0219i E protejeaz\u0103 crema de piele si hidrateaz\u0103. Pielea ta va fi moale si hidratata cu un dram de frumos parfum tropical. Bucura\u021bi-v\u0103 de p\u00e2n\u0103 la 80 de minute pe plaj\u0103 sau v\u0103 destinde\u021bi la piscin\u0103, f\u0103r\u0103...","og_url":"https:\/\/shopatoa.com\/ro\/hawaiian-tropic-lotiune-de-bronzat-spf-50-satin-protection-sun-lotion-180-ml-2\/","og_site_name":"SHOPATOA","article_modified_time":"2025-12-15T05:33:13+00:00","og_image":[{"width":800,"height":800,"url":"https:\/\/storage.googleapis.com\/cz-shopatoa-img\/ro\/0616e4e1-unnamed-file.webp","type":"image\/webp"}],"twitter_card":"summary_large_image","twitter_misc":{"Timp estimat pentru citire":"1 minut"},"schema":{"@context":"https:\/\/schema.org","@graph":[{"@type":"WebPage","@id":"https:\/\/shopatoa.com\/ro\/hawaiian-tropic-lotiune-de-bronzat-spf-50-satin-protection-sun-lotion-180-ml-2\/","url":"https:\/\/shopatoa.com\/ro\/hawaiian-tropic-lotiune-de-bronzat-spf-50-satin-protection-sun-lotion-180-ml-2\/","name":"Hawaiian Tropic Lo\u021biune de bronzat SPF 50+ Satin Protection (Sun Lotion) 180 ml - SHOPATOA.COM","isPartOf":{"@id":"https:\/\/shopatoa.com\/ro\/#website"},"primaryImageOfPage":{"@id":"https:\/\/shopatoa.com\/ro\/hawaiian-tropic-lotiune-de-bronzat-spf-50-satin-protection-sun-lotion-180-ml-2\/#primaryimage"},"image":{"@id":"https:\/\/shopatoa.com\/ro\/hawaiian-tropic-lotiune-de-bronzat-spf-50-satin-protection-sun-lotion-180-ml-2\/#primaryimage"},"thumbnailUrl":"https:\/\/storage.googleapis.com\/cz-shopatoa-img\/ro\/0616e4e1-unnamed-file.webp","datePublished":"2025-05-22T02:52:27+00:00","dateModified":"2025-12-15T05:33:13+00:00","breadcrumb":{"@id":"https:\/\/shopatoa.com\/ro\/hawaiian-tropic-lotiune-de-bronzat-spf-50-satin-protection-sun-lotion-180-ml-2\/#breadcrumb"},"inLanguage":"ro-RO","potentialAction":[{"@type":"ReadAction","target":["https:\/\/shopatoa.com\/ro\/hawaiian-tropic-lotiune-de-bronzat-spf-50-satin-protection-sun-lotion-180-ml-2\/"]}]},{"@type":"ImageObject","inLanguage":"ro-RO","@id":"https:\/\/shopatoa.com\/ro\/hawaiian-tropic-lotiune-de-bronzat-spf-50-satin-protection-sun-lotion-180-ml-2\/#primaryimage","url":"https:\/\/storage.googleapis.com\/cz-shopatoa-img\/ro\/0616e4e1-unnamed-file.webp","contentUrl":"https:\/\/storage.googleapis.com\/cz-shopatoa-img\/ro\/0616e4e1-unnamed-file.webp","width":800,"height":800},{"@type":"BreadcrumbList","@id":"https:\/\/shopatoa.com\/ro\/hawaiian-tropic-lotiune-de-bronzat-spf-50-satin-protection-sun-lotion-180-ml-2\/#breadcrumb","itemListElement":[{"@type":"ListItem","position":1,"name":"Dom\u016f","item":"https:\/\/shopatoa.com\/ro\/"},{"@type":"ListItem","position":2,"name":"Shop","item":"https:\/\/shopatoa.com\/ro\/shop\/"},{"@type":"ListItem","position":3,"name":"Cosmetice","item":"https:\/\/shopatoa.com\/ro\/cosmetice\/"},{"@type":"ListItem","position":4,"name":"Cosmetice de protec\u021bie solar\u0103","item":"https:\/\/shopatoa.com\/ro\/cosmetice-de-protectie-solara\/"},{"@type":"ListItem","position":5,"name":"Produse pentru bronzare","item":"https:\/\/shopatoa.com\/ro\/produse-pentru-bronzare\/"},{"@type":"ListItem","position":6,"name":"Hawaiian Tropic Lo\u021biune de bronzat SPF 50+ Satin Protection (Sun Lotion) 180 ml"}]},{"@type":"WebSite","@id":"https:\/\/shopatoa.com\/ro\/#website","url":"https:\/\/shopatoa.com\/ro\/","name":"SHOPATOA","description":"","publisher":{"@id":"https:\/\/shopatoa.com\/ro\/#organization"},"potentialAction":[{"@type":"SearchAction","target":{"@type":"EntryPoint","urlTemplate":"https:\/\/shopatoa.com\/ro\/?s={search_term_string}"},"query-input":{"@type":"PropertyValueSpecification","valueRequired":true,"valueName":"search_term_string"}}],"inLanguage":"ro-RO"},{"@type":"Organization","@id":"https:\/\/shopatoa.com\/ro\/#organization","name":"SHOPATOA","url":"https:\/\/shopatoa.com\/ro\/","logo":{"@type":"ImageObject","inLanguage":"ro-RO","@id":"https:\/\/shopatoa.com\/ro\/#\/schema\/logo\/image\/","url":"https:\/\/storage.googleapis.com\/cz-shopatoa-img\/ro\/b4dac915-shopatoa_logo.png","contentUrl":"https:\/\/storage.googleapis.com\/cz-shopatoa-img\/ro\/b4dac915-shopatoa_logo.png","width":416,"height":63,"caption":"SHOPATOA"},"image":{"@id":"https:\/\/shopatoa.com\/ro\/#\/schema\/logo\/image\/"}}]}},"_links":{"self":[{"href":"https:\/\/shopatoa.com\/ro\/wp-json\/wp\/v2\/product\/373433","targetHints":{"allow":["GET"]}}],"collection":[{"href":"https:\/\/shopatoa.com\/ro\/wp-json\/wp\/v2\/product"}],"about":[{"href":"https:\/\/shopatoa.com\/ro\/wp-json\/wp\/v2\/types\/product"}],"replies":[{"embeddable":true,"href":"https:\/\/shopatoa.com\/ro\/wp-json\/wp\/v2\/comments?post=373433"}],"wp:featuredmedia":[{"embeddable":true,"href":"https:\/\/shopatoa.com\/ro\/wp-json\/wp\/v2\/media\/373434"}],"wp:attachment":[{"href":"https:\/\/shopatoa.com\/ro\/wp-json\/wp\/v2\/media?parent=373433"}],"wp:term":[{"taxonomy":"product_brand","embeddable":true,"href":"https:\/\/shopatoa.com\/ro\/wp-json\/wp\/v2\/product_brand?post=373433"},{"taxonomy":"product_cat","embeddable":true,"href":"https:\/\/shopatoa.com\/ro\/wp-json\/wp\/v2\/product_cat?post=373433"},{"taxonomy":"product_tag","embeddable":true,"href":"https:\/\/shopatoa.com\/ro\/wp-json\/wp\/v2\/product_tag?post=373433"}],"curies":[{"name":"wp","href":"https:\/\/api.w.org\/{rel}","templated":true}]}}