{"id":373799,"date":"2025-05-22T05:21:57","date_gmt":"2025-05-22T03:21:57","guid":{"rendered":"https:\/\/shopatoa.com\/ro\/jean-p-gaultier-le-beau-paradise-garden-edp-125-ml-2\/"},"modified":"2025-12-14T22:44:01","modified_gmt":"2025-12-14T21:44:01","slug":"jean-p-gaultier-le-beau-paradise-garden-edp-125-ml-2","status":"publish","type":"product","link":"https:\/\/shopatoa.com\/ro\/jean-p-gaultier-le-beau-paradise-garden-edp-125-ml-2\/","title":{"rendered":"Jean P. Gaultier Le Beau Paradise Garden &#8211; EDP 125 ml"},"content":{"rendered":"<p>Le Beau Paradise Garden de la marca Jean Paul Gaultier este o nou\u0103 interpretare a popularului parfum pentru b\u0103rba\u021bi Le Beau. Apa de parfum neobi\u0219nuit\u0103 pentru b\u0103rba\u021bi este inspirat\u0103 de frumuse\u021bea gr\u0103dinilor paradisului \u0219i este \u00eentruchiparea exotismului \u0219i prospe\u021bimii. Parfum lemnos, acvatic, cu nuan\u021be verzi, este o capodopera care surprinde esen\u021ba divin\u0103 a unui paradis tropical. Sticla seduc\u0103toare, de un verde smarald, decorat\u0103 cu o frunz\u0103 de vi\u021b\u0103 de vie, v\u0103 invit\u0103 \u00een lumea fermec\u0103toare a unei arome masculine hipnotizante \u0219i senzuale. Simfonia perfect echilibrat\u0103 de note verzi \u0219i apoase completeaz\u0103 aroma intens\u0103 a ghimbirului \u0219i a frunzelor de ment\u0103 proasp\u0103t\u0103. Un acord delicios de nuc\u0103 de cocos se combin\u0103 cu smochine suculente, \u00eenvelite \u00een cristale de sare. C\u0103ldura lini\u0219titoare a lemnului de santal \u0219i a boabelor de tonka dulce las\u0103 pe piele o arom\u0103 de lung\u0103 durat\u0103 care te face visul oric\u0103rei femei. Parfumul a fost lansat \u00een anul 2024 \u0219i a fost creat de Quentin Bisch.<\/p>\n","protected":false},"excerpt":{"rendered":"<p>Le Beau Paradise Garden de la marca Jean Paul Gaultier este o nou\u0103 interpretare a popularului parfum pentru b\u0103rba\u021bi Le Beau. Apa de parfum neobi\u0219nuit\u0103 pentru b\u0103rba\u021bi este inspirat\u0103 de frumuse\u021bea gr\u0103dinilor paradisului \u0219i este \u00eentruchiparea exotismului \u0219i prospe\u021bimii. Parfum lemnos, acvatic, cu nuan\u021be verzi, este o capodopera care surprinde esen\u021ba divin\u0103 a unui paradis&#8230;<\/p>\n","protected":false},"featured_media":373800,"comment_status":"closed","ping_status":"open","template":"","meta":{"_acf_changed":false,"_kadence_starter_templates_imported_post":false,"_kad_post_transparent":"","_kad_post_title":"","_kad_post_layout":"","_kad_post_sidebar_id":"","_kad_post_content_style":"","_kad_post_vertical_padding":"","_kad_post_feature":"","_kad_post_feature_position":"","_kad_post_header":false,"_kad_post_footer":false,"_kad_post_classname":""},"product_brand":[357],"product_cat":[619,614],"product_tag":[],"class_list":{"0":"post-373799","1":"product","2":"type-product","3":"status-publish","4":"has-post-thumbnail","6":"product_brand-jean-p-gaultier","7":"product_cat-ape-de-parfum-edp","8":"product_cat-parfumuri","10":"first","11":"instock","12":"sale","13":"product-type-external","14":"entry","15":"content-bg","16":"loop-entry"},"acf":[],"yoast_head":"<!-- This site is optimized with the Yoast SEO plugin v27.3 - https:\/\/yoast.com\/product\/yoast-seo-wordpress\/ -->\n<title>Jean P. Gaultier Le Beau Paradise Garden - EDP 125 ml - SHOPATOA.COM<\/title>\n<meta name=\"robots\" content=\"index, follow, max-snippet:-1, max-image-preview:large, max-video-preview:-1\" \/>\n<link rel=\"canonical\" href=\"https:\/\/shopatoa.com\/ro\/jean-p-gaultier-le-beau-paradise-garden-edp-125-ml-2\/\" \/>\n<meta property=\"og:locale\" content=\"ro_RO\" \/>\n<meta property=\"og:type\" content=\"article\" \/>\n<meta property=\"og:title\" content=\"Jean P. Gaultier Le Beau Paradise Garden - EDP 125 ml - SHOPATOA.COM\" \/>\n<meta property=\"og:description\" content=\"Le Beau Paradise Garden de la marca Jean Paul Gaultier este o nou\u0103 interpretare a popularului parfum pentru b\u0103rba\u021bi Le Beau. Apa de parfum neobi\u0219nuit\u0103 pentru b\u0103rba\u021bi este inspirat\u0103 de frumuse\u021bea gr\u0103dinilor paradisului \u0219i este \u00eentruchiparea exotismului \u0219i prospe\u021bimii. Parfum lemnos, acvatic, cu nuan\u021be verzi, este o capodopera care surprinde esen\u021ba divin\u0103 a unui paradis...\" \/>\n<meta property=\"og:url\" content=\"https:\/\/shopatoa.com\/ro\/jean-p-gaultier-le-beau-paradise-garden-edp-125-ml-2\/\" \/>\n<meta property=\"og:site_name\" content=\"SHOPATOA\" \/>\n<meta property=\"article:modified_time\" content=\"2025-12-14T21:44:01+00:00\" \/>\n<meta property=\"og:image\" content=\"https:\/\/storage.googleapis.com\/cz-shopatoa-img\/ro\/96d736eb-unnamed-file.webp\" \/>\n\t<meta property=\"og:image:width\" content=\"800\" \/>\n\t<meta property=\"og:image:height\" content=\"800\" \/>\n\t<meta property=\"og:image:type\" content=\"image\/webp\" \/>\n<meta name=\"twitter:card\" content=\"summary_large_image\" \/>\n<meta name=\"twitter:label1\" content=\"Timp estimat pentru citire\" \/>\n\t<meta name=\"twitter:data1\" content=\"1 minut\" \/>\n<script type=\"application\/ld+json\" class=\"yoast-schema-graph\">{\"@context\":\"https:\\\/\\\/schema.org\",\"@graph\":[{\"@type\":\"WebPage\",\"@id\":\"https:\\\/\\\/shopatoa.com\\\/ro\\\/jean-p-gaultier-le-beau-paradise-garden-edp-125-ml-2\\\/\",\"url\":\"https:\\\/\\\/shopatoa.com\\\/ro\\\/jean-p-gaultier-le-beau-paradise-garden-edp-125-ml-2\\\/\",\"name\":\"Jean P. Gaultier Le Beau Paradise Garden - EDP 125 ml - SHOPATOA.COM\",\"isPartOf\":{\"@id\":\"https:\\\/\\\/shopatoa.com\\\/ro\\\/#website\"},\"primaryImageOfPage\":{\"@id\":\"https:\\\/\\\/shopatoa.com\\\/ro\\\/jean-p-gaultier-le-beau-paradise-garden-edp-125-ml-2\\\/#primaryimage\"},\"image\":{\"@id\":\"https:\\\/\\\/shopatoa.com\\\/ro\\\/jean-p-gaultier-le-beau-paradise-garden-edp-125-ml-2\\\/#primaryimage\"},\"thumbnailUrl\":\"https:\\\/\\\/storage.googleapis.com\\\/cz-shopatoa-img\\\/ro\\\/96d736eb-unnamed-file.webp\",\"datePublished\":\"2025-05-22T03:21:57+00:00\",\"dateModified\":\"2025-12-14T21:44:01+00:00\",\"breadcrumb\":{\"@id\":\"https:\\\/\\\/shopatoa.com\\\/ro\\\/jean-p-gaultier-le-beau-paradise-garden-edp-125-ml-2\\\/#breadcrumb\"},\"inLanguage\":\"ro-RO\",\"potentialAction\":[{\"@type\":\"ReadAction\",\"target\":[\"https:\\\/\\\/shopatoa.com\\\/ro\\\/jean-p-gaultier-le-beau-paradise-garden-edp-125-ml-2\\\/\"]}]},{\"@type\":\"ImageObject\",\"inLanguage\":\"ro-RO\",\"@id\":\"https:\\\/\\\/shopatoa.com\\\/ro\\\/jean-p-gaultier-le-beau-paradise-garden-edp-125-ml-2\\\/#primaryimage\",\"url\":\"https:\\\/\\\/storage.googleapis.com\\\/cz-shopatoa-img\\\/ro\\\/96d736eb-unnamed-file.webp\",\"contentUrl\":\"https:\\\/\\\/storage.googleapis.com\\\/cz-shopatoa-img\\\/ro\\\/96d736eb-unnamed-file.webp\",\"width\":800,\"height\":800},{\"@type\":\"BreadcrumbList\",\"@id\":\"https:\\\/\\\/shopatoa.com\\\/ro\\\/jean-p-gaultier-le-beau-paradise-garden-edp-125-ml-2\\\/#breadcrumb\",\"itemListElement\":[{\"@type\":\"ListItem\",\"position\":1,\"name\":\"Dom\u016f\",\"item\":\"https:\\\/\\\/shopatoa.com\\\/ro\\\/\"},{\"@type\":\"ListItem\",\"position\":2,\"name\":\"Shop\",\"item\":\"https:\\\/\\\/shopatoa.com\\\/ro\\\/shop\\\/\"},{\"@type\":\"ListItem\",\"position\":3,\"name\":\"Parfumuri\",\"item\":\"https:\\\/\\\/shopatoa.com\\\/ro\\\/parfumuri\\\/\"},{\"@type\":\"ListItem\",\"position\":4,\"name\":\"Ape de parfum (EDP)\",\"item\":\"https:\\\/\\\/shopatoa.com\\\/ro\\\/ape-de-parfum-edp\\\/\"},{\"@type\":\"ListItem\",\"position\":5,\"name\":\"Jean P. Gaultier Le Beau Paradise Garden &#8211; EDP 125 ml\"}]},{\"@type\":\"WebSite\",\"@id\":\"https:\\\/\\\/shopatoa.com\\\/ro\\\/#website\",\"url\":\"https:\\\/\\\/shopatoa.com\\\/ro\\\/\",\"name\":\"SHOPATOA\",\"description\":\"\",\"publisher\":{\"@id\":\"https:\\\/\\\/shopatoa.com\\\/ro\\\/#organization\"},\"potentialAction\":[{\"@type\":\"SearchAction\",\"target\":{\"@type\":\"EntryPoint\",\"urlTemplate\":\"https:\\\/\\\/shopatoa.com\\\/ro\\\/?s={search_term_string}\"},\"query-input\":{\"@type\":\"PropertyValueSpecification\",\"valueRequired\":true,\"valueName\":\"search_term_string\"}}],\"inLanguage\":\"ro-RO\"},{\"@type\":\"Organization\",\"@id\":\"https:\\\/\\\/shopatoa.com\\\/ro\\\/#organization\",\"name\":\"SHOPATOA\",\"url\":\"https:\\\/\\\/shopatoa.com\\\/ro\\\/\",\"logo\":{\"@type\":\"ImageObject\",\"inLanguage\":\"ro-RO\",\"@id\":\"https:\\\/\\\/shopatoa.com\\\/ro\\\/#\\\/schema\\\/logo\\\/image\\\/\",\"url\":\"https:\\\/\\\/storage.googleapis.com\\\/cz-shopatoa-img\\\/ro\\\/b4dac915-shopatoa_logo.png\",\"contentUrl\":\"https:\\\/\\\/storage.googleapis.com\\\/cz-shopatoa-img\\\/ro\\\/b4dac915-shopatoa_logo.png\",\"width\":416,\"height\":63,\"caption\":\"SHOPATOA\"},\"image\":{\"@id\":\"https:\\\/\\\/shopatoa.com\\\/ro\\\/#\\\/schema\\\/logo\\\/image\\\/\"}}]}<\/script>\n<!-- \/ Yoast SEO plugin. -->","yoast_head_json":{"title":"Jean P. Gaultier Le Beau Paradise Garden - EDP 125 ml - SHOPATOA.COM","robots":{"index":"index","follow":"follow","max-snippet":"max-snippet:-1","max-image-preview":"max-image-preview:large","max-video-preview":"max-video-preview:-1"},"canonical":"https:\/\/shopatoa.com\/ro\/jean-p-gaultier-le-beau-paradise-garden-edp-125-ml-2\/","og_locale":"ro_RO","og_type":"article","og_title":"Jean P. Gaultier Le Beau Paradise Garden - EDP 125 ml - SHOPATOA.COM","og_description":"Le Beau Paradise Garden de la marca Jean Paul Gaultier este o nou\u0103 interpretare a popularului parfum pentru b\u0103rba\u021bi Le Beau. Apa de parfum neobi\u0219nuit\u0103 pentru b\u0103rba\u021bi este inspirat\u0103 de frumuse\u021bea gr\u0103dinilor paradisului \u0219i este \u00eentruchiparea exotismului \u0219i prospe\u021bimii. Parfum lemnos, acvatic, cu nuan\u021be verzi, este o capodopera care surprinde esen\u021ba divin\u0103 a unui paradis...","og_url":"https:\/\/shopatoa.com\/ro\/jean-p-gaultier-le-beau-paradise-garden-edp-125-ml-2\/","og_site_name":"SHOPATOA","article_modified_time":"2025-12-14T21:44:01+00:00","og_image":[{"width":800,"height":800,"url":"https:\/\/storage.googleapis.com\/cz-shopatoa-img\/ro\/96d736eb-unnamed-file.webp","type":"image\/webp"}],"twitter_card":"summary_large_image","twitter_misc":{"Timp estimat pentru citire":"1 minut"},"schema":{"@context":"https:\/\/schema.org","@graph":[{"@type":"WebPage","@id":"https:\/\/shopatoa.com\/ro\/jean-p-gaultier-le-beau-paradise-garden-edp-125-ml-2\/","url":"https:\/\/shopatoa.com\/ro\/jean-p-gaultier-le-beau-paradise-garden-edp-125-ml-2\/","name":"Jean P. Gaultier Le Beau Paradise Garden - EDP 125 ml - SHOPATOA.COM","isPartOf":{"@id":"https:\/\/shopatoa.com\/ro\/#website"},"primaryImageOfPage":{"@id":"https:\/\/shopatoa.com\/ro\/jean-p-gaultier-le-beau-paradise-garden-edp-125-ml-2\/#primaryimage"},"image":{"@id":"https:\/\/shopatoa.com\/ro\/jean-p-gaultier-le-beau-paradise-garden-edp-125-ml-2\/#primaryimage"},"thumbnailUrl":"https:\/\/storage.googleapis.com\/cz-shopatoa-img\/ro\/96d736eb-unnamed-file.webp","datePublished":"2025-05-22T03:21:57+00:00","dateModified":"2025-12-14T21:44:01+00:00","breadcrumb":{"@id":"https:\/\/shopatoa.com\/ro\/jean-p-gaultier-le-beau-paradise-garden-edp-125-ml-2\/#breadcrumb"},"inLanguage":"ro-RO","potentialAction":[{"@type":"ReadAction","target":["https:\/\/shopatoa.com\/ro\/jean-p-gaultier-le-beau-paradise-garden-edp-125-ml-2\/"]}]},{"@type":"ImageObject","inLanguage":"ro-RO","@id":"https:\/\/shopatoa.com\/ro\/jean-p-gaultier-le-beau-paradise-garden-edp-125-ml-2\/#primaryimage","url":"https:\/\/storage.googleapis.com\/cz-shopatoa-img\/ro\/96d736eb-unnamed-file.webp","contentUrl":"https:\/\/storage.googleapis.com\/cz-shopatoa-img\/ro\/96d736eb-unnamed-file.webp","width":800,"height":800},{"@type":"BreadcrumbList","@id":"https:\/\/shopatoa.com\/ro\/jean-p-gaultier-le-beau-paradise-garden-edp-125-ml-2\/#breadcrumb","itemListElement":[{"@type":"ListItem","position":1,"name":"Dom\u016f","item":"https:\/\/shopatoa.com\/ro\/"},{"@type":"ListItem","position":2,"name":"Shop","item":"https:\/\/shopatoa.com\/ro\/shop\/"},{"@type":"ListItem","position":3,"name":"Parfumuri","item":"https:\/\/shopatoa.com\/ro\/parfumuri\/"},{"@type":"ListItem","position":4,"name":"Ape de parfum (EDP)","item":"https:\/\/shopatoa.com\/ro\/ape-de-parfum-edp\/"},{"@type":"ListItem","position":5,"name":"Jean P. Gaultier Le Beau Paradise Garden &#8211; EDP 125 ml"}]},{"@type":"WebSite","@id":"https:\/\/shopatoa.com\/ro\/#website","url":"https:\/\/shopatoa.com\/ro\/","name":"SHOPATOA","description":"","publisher":{"@id":"https:\/\/shopatoa.com\/ro\/#organization"},"potentialAction":[{"@type":"SearchAction","target":{"@type":"EntryPoint","urlTemplate":"https:\/\/shopatoa.com\/ro\/?s={search_term_string}"},"query-input":{"@type":"PropertyValueSpecification","valueRequired":true,"valueName":"search_term_string"}}],"inLanguage":"ro-RO"},{"@type":"Organization","@id":"https:\/\/shopatoa.com\/ro\/#organization","name":"SHOPATOA","url":"https:\/\/shopatoa.com\/ro\/","logo":{"@type":"ImageObject","inLanguage":"ro-RO","@id":"https:\/\/shopatoa.com\/ro\/#\/schema\/logo\/image\/","url":"https:\/\/storage.googleapis.com\/cz-shopatoa-img\/ro\/b4dac915-shopatoa_logo.png","contentUrl":"https:\/\/storage.googleapis.com\/cz-shopatoa-img\/ro\/b4dac915-shopatoa_logo.png","width":416,"height":63,"caption":"SHOPATOA"},"image":{"@id":"https:\/\/shopatoa.com\/ro\/#\/schema\/logo\/image\/"}}]}},"_links":{"self":[{"href":"https:\/\/shopatoa.com\/ro\/wp-json\/wp\/v2\/product\/373799","targetHints":{"allow":["GET"]}}],"collection":[{"href":"https:\/\/shopatoa.com\/ro\/wp-json\/wp\/v2\/product"}],"about":[{"href":"https:\/\/shopatoa.com\/ro\/wp-json\/wp\/v2\/types\/product"}],"replies":[{"embeddable":true,"href":"https:\/\/shopatoa.com\/ro\/wp-json\/wp\/v2\/comments?post=373799"}],"wp:featuredmedia":[{"embeddable":true,"href":"https:\/\/shopatoa.com\/ro\/wp-json\/wp\/v2\/media\/373800"}],"wp:attachment":[{"href":"https:\/\/shopatoa.com\/ro\/wp-json\/wp\/v2\/media?parent=373799"}],"wp:term":[{"taxonomy":"product_brand","embeddable":true,"href":"https:\/\/shopatoa.com\/ro\/wp-json\/wp\/v2\/product_brand?post=373799"},{"taxonomy":"product_cat","embeddable":true,"href":"https:\/\/shopatoa.com\/ro\/wp-json\/wp\/v2\/product_cat?post=373799"},{"taxonomy":"product_tag","embeddable":true,"href":"https:\/\/shopatoa.com\/ro\/wp-json\/wp\/v2\/product_tag?post=373799"}],"curies":[{"name":"wp","href":"https:\/\/api.w.org\/{rel}","templated":true}]}}