{"id":373899,"date":"2025-05-22T05:29:41","date_gmt":"2025-05-22T03:29:41","guid":{"rendered":"https:\/\/shopatoa.com\/ro\/foreo-bear-2-body-dispozitiv-de-tonifiere-pentru-corp-evergreen-2\/"},"modified":"2025-12-14T18:24:02","modified_gmt":"2025-12-14T17:24:02","slug":"foreo-bear-2-body-dispozitiv-de-tonifiere-pentru-corp-evergreen-2","status":"publish","type":"product","link":"https:\/\/shopatoa.com\/ro\/foreo-bear-2-body-dispozitiv-de-tonifiere-pentru-corp-evergreen-2\/","title":{"rendered":"Foreo BEAR\u2122 2 Body Dispozitiv de tonifiere pentru corp Evergreen"},"content":{"rendered":"<p>Dispozitiv, care amelioreaz\u0103 celulita \u0219i neteze\u0219te suprafa\u021ba pielii. Este cel mai puternic dispozitiv de tonifiere corporal\u0103 din lume, cu un microcurent de p\u00e2n\u0103 la 960 uA pentru a tonifia mu\u0219chii corpului \u0219i a \u00eembun\u0103t\u0103\u021bi aspectul pielii de deasupra mu\u0219chilor. Ofer\u0103 Advanced Microcurrent\u2122 \u0219i Shaping Microcurrent\u2122 prin intermediul a 4 sfere mari care acoper\u0103 suprafe\u021be mari de piele \u0219i ajut\u0103 la netezirea aspectului gropi\u021belor de pe coapse, fese, bra\u021be \u0219i mu\u0219chii abdominali. Microcurentul se combin\u0103 cu masajul T-Sonic\u2122 Deep Tissue Massage pentru a combina puterea celor dou\u0103 tehnologii pentru a combate depunerile \u00eenc\u0103p\u0103\u021b\u00e2nate de celulit\u0103, stimul\u00e2nd drenajul limfatic \u0219i ajut\u00e2nd la tratarea fluidului care se acumuleaz\u0103 \u00een buzunarele de colagen, \u00een timp ce distribuie depozitele de gr\u0103sime pentru a netezi suprafa\u021ba. De asemenea, microcurentul \u00eencarc\u0103 \u00een mod optim celulele pielii \u0219i stimuleaz\u0103 produc\u021bia de colagen \u0219i elastin\u0103, \u00eent\u0103rind eficient pielea \u0219i lupt\u00e2nd \u00eempotriva ridurilor. Cre\u0219terea microcircula\u021biei alimenteaz\u0103 celulele cu mai mult oxigen \u0219i nutrien\u021bi esen\u021biali, acceler\u00e2nd astfel procesul de re\u00eennoire a pielii, reduc\u00e2nd pigmentarea \u0219i cresc\u00e2nd str\u0103lucirea.<\/p>\n","protected":false},"excerpt":{"rendered":"<p>Dispozitiv, care amelioreaz\u0103 celulita \u0219i neteze\u0219te suprafa\u021ba pielii. Este cel mai puternic dispozitiv de tonifiere corporal\u0103 din lume, cu un microcurent de p\u00e2n\u0103 la 960 uA pentru a tonifia mu\u0219chii corpului \u0219i a \u00eembun\u0103t\u0103\u021bi aspectul pielii de deasupra mu\u0219chilor. Ofer\u0103 Advanced Microcurrent\u2122 \u0219i Shaping Microcurrent\u2122 prin intermediul a 4 sfere mari care acoper\u0103 suprafe\u021be mari&#8230;<\/p>\n","protected":false},"featured_media":373900,"comment_status":"closed","ping_status":"open","template":"","meta":{"_acf_changed":false,"_kadence_starter_templates_imported_post":false,"_kad_post_transparent":"","_kad_post_title":"","_kad_post_layout":"","_kad_post_sidebar_id":"","_kad_post_content_style":"","_kad_post_vertical_padding":"","_kad_post_feature":"","_kad_post_feature_position":"","_kad_post_header":false,"_kad_post_footer":false,"_kad_post_classname":""},"product_brand":[289],"product_cat":[246,757,611],"product_tag":[],"class_list":{"0":"post-373899","1":"product","2":"type-product","3":"status-publish","4":"has-post-thumbnail","6":"product_brand-foreo","7":"product_cat-cosmetice","8":"product_cat-dispozitive-cosmetice-corpul","9":"product_cat-produse-cosmetice-pentru-corp","11":"first","12":"instock","13":"sale","14":"product-type-external","15":"entry","16":"content-bg","17":"loop-entry"},"acf":[],"yoast_head":"<!-- This site is optimized with the Yoast SEO plugin v27.4 - https:\/\/yoast.com\/product\/yoast-seo-wordpress\/ -->\n<title>Foreo BEAR\u2122 2 Body Dispozitiv de tonifiere pentru corp Evergreen - SHOPATOA.COM<\/title>\n<meta name=\"robots\" content=\"index, follow, max-snippet:-1, max-image-preview:large, max-video-preview:-1\" \/>\n<link rel=\"canonical\" href=\"https:\/\/shopatoa.com\/ro\/foreo-bear-2-body-dispozitiv-de-tonifiere-pentru-corp-evergreen-2\/\" \/>\n<meta property=\"og:locale\" content=\"ro_RO\" \/>\n<meta property=\"og:type\" content=\"article\" \/>\n<meta property=\"og:title\" content=\"Foreo BEAR\u2122 2 Body Dispozitiv de tonifiere pentru corp Evergreen - SHOPATOA.COM\" \/>\n<meta property=\"og:description\" content=\"Dispozitiv, care amelioreaz\u0103 celulita \u0219i neteze\u0219te suprafa\u021ba pielii. Este cel mai puternic dispozitiv de tonifiere corporal\u0103 din lume, cu un microcurent de p\u00e2n\u0103 la 960 uA pentru a tonifia mu\u0219chii corpului \u0219i a \u00eembun\u0103t\u0103\u021bi aspectul pielii de deasupra mu\u0219chilor. Ofer\u0103 Advanced Microcurrent\u2122 \u0219i Shaping Microcurrent\u2122 prin intermediul a 4 sfere mari care acoper\u0103 suprafe\u021be mari...\" \/>\n<meta property=\"og:url\" content=\"https:\/\/shopatoa.com\/ro\/foreo-bear-2-body-dispozitiv-de-tonifiere-pentru-corp-evergreen-2\/\" \/>\n<meta property=\"og:site_name\" content=\"SHOPATOA\" \/>\n<meta property=\"article:modified_time\" content=\"2025-12-14T17:24:02+00:00\" \/>\n<meta property=\"og:image\" content=\"https:\/\/storage.googleapis.com\/cz-shopatoa-img\/ro\/cfd63100-unnamed-file.webp\" \/>\n\t<meta property=\"og:image:width\" content=\"800\" \/>\n\t<meta property=\"og:image:height\" content=\"800\" \/>\n\t<meta property=\"og:image:type\" content=\"image\/webp\" \/>\n<meta name=\"twitter:card\" content=\"summary_large_image\" \/>\n<meta name=\"twitter:label1\" content=\"Timp estimat pentru citire\" \/>\n\t<meta name=\"twitter:data1\" content=\"1 minut\" \/>\n<script type=\"application\/ld+json\" class=\"yoast-schema-graph\">{\"@context\":\"https:\\\/\\\/schema.org\",\"@graph\":[{\"@type\":\"WebPage\",\"@id\":\"https:\\\/\\\/shopatoa.com\\\/ro\\\/foreo-bear-2-body-dispozitiv-de-tonifiere-pentru-corp-evergreen-2\\\/\",\"url\":\"https:\\\/\\\/shopatoa.com\\\/ro\\\/foreo-bear-2-body-dispozitiv-de-tonifiere-pentru-corp-evergreen-2\\\/\",\"name\":\"Foreo BEAR\u2122 2 Body Dispozitiv de tonifiere pentru corp Evergreen - SHOPATOA.COM\",\"isPartOf\":{\"@id\":\"https:\\\/\\\/shopatoa.com\\\/ro\\\/#website\"},\"primaryImageOfPage\":{\"@id\":\"https:\\\/\\\/shopatoa.com\\\/ro\\\/foreo-bear-2-body-dispozitiv-de-tonifiere-pentru-corp-evergreen-2\\\/#primaryimage\"},\"image\":{\"@id\":\"https:\\\/\\\/shopatoa.com\\\/ro\\\/foreo-bear-2-body-dispozitiv-de-tonifiere-pentru-corp-evergreen-2\\\/#primaryimage\"},\"thumbnailUrl\":\"https:\\\/\\\/storage.googleapis.com\\\/cz-shopatoa-img\\\/ro\\\/cfd63100-unnamed-file.webp\",\"datePublished\":\"2025-05-22T03:29:41+00:00\",\"dateModified\":\"2025-12-14T17:24:02+00:00\",\"breadcrumb\":{\"@id\":\"https:\\\/\\\/shopatoa.com\\\/ro\\\/foreo-bear-2-body-dispozitiv-de-tonifiere-pentru-corp-evergreen-2\\\/#breadcrumb\"},\"inLanguage\":\"ro-RO\",\"potentialAction\":[{\"@type\":\"ReadAction\",\"target\":[\"https:\\\/\\\/shopatoa.com\\\/ro\\\/foreo-bear-2-body-dispozitiv-de-tonifiere-pentru-corp-evergreen-2\\\/\"]}]},{\"@type\":\"ImageObject\",\"inLanguage\":\"ro-RO\",\"@id\":\"https:\\\/\\\/shopatoa.com\\\/ro\\\/foreo-bear-2-body-dispozitiv-de-tonifiere-pentru-corp-evergreen-2\\\/#primaryimage\",\"url\":\"https:\\\/\\\/storage.googleapis.com\\\/cz-shopatoa-img\\\/ro\\\/cfd63100-unnamed-file.webp\",\"contentUrl\":\"https:\\\/\\\/storage.googleapis.com\\\/cz-shopatoa-img\\\/ro\\\/cfd63100-unnamed-file.webp\",\"width\":800,\"height\":800},{\"@type\":\"BreadcrumbList\",\"@id\":\"https:\\\/\\\/shopatoa.com\\\/ro\\\/foreo-bear-2-body-dispozitiv-de-tonifiere-pentru-corp-evergreen-2\\\/#breadcrumb\",\"itemListElement\":[{\"@type\":\"ListItem\",\"position\":1,\"name\":\"Dom\u016f\",\"item\":\"https:\\\/\\\/shopatoa.com\\\/ro\\\/\"},{\"@type\":\"ListItem\",\"position\":2,\"name\":\"Shop\",\"item\":\"https:\\\/\\\/shopatoa.com\\\/ro\\\/shop\\\/\"},{\"@type\":\"ListItem\",\"position\":3,\"name\":\"Cosmetice\",\"item\":\"https:\\\/\\\/shopatoa.com\\\/ro\\\/cosmetice\\\/\"},{\"@type\":\"ListItem\",\"position\":4,\"name\":\"Produse cosmetice pentru corp\",\"item\":\"https:\\\/\\\/shopatoa.com\\\/ro\\\/produse-cosmetice-pentru-corp\\\/\"},{\"@type\":\"ListItem\",\"position\":5,\"name\":\"Dispozitive cosmetice corpul\",\"item\":\"https:\\\/\\\/shopatoa.com\\\/ro\\\/dispozitive-cosmetice-corpul\\\/\"},{\"@type\":\"ListItem\",\"position\":6,\"name\":\"Foreo BEAR\u2122 2 Body Dispozitiv de tonifiere pentru corp Evergreen\"}]},{\"@type\":\"WebSite\",\"@id\":\"https:\\\/\\\/shopatoa.com\\\/ro\\\/#website\",\"url\":\"https:\\\/\\\/shopatoa.com\\\/ro\\\/\",\"name\":\"SHOPATOA\",\"description\":\"\",\"publisher\":{\"@id\":\"https:\\\/\\\/shopatoa.com\\\/ro\\\/#organization\"},\"potentialAction\":[{\"@type\":\"SearchAction\",\"target\":{\"@type\":\"EntryPoint\",\"urlTemplate\":\"https:\\\/\\\/shopatoa.com\\\/ro\\\/?s={search_term_string}\"},\"query-input\":{\"@type\":\"PropertyValueSpecification\",\"valueRequired\":true,\"valueName\":\"search_term_string\"}}],\"inLanguage\":\"ro-RO\"},{\"@type\":\"Organization\",\"@id\":\"https:\\\/\\\/shopatoa.com\\\/ro\\\/#organization\",\"name\":\"SHOPATOA\",\"url\":\"https:\\\/\\\/shopatoa.com\\\/ro\\\/\",\"logo\":{\"@type\":\"ImageObject\",\"inLanguage\":\"ro-RO\",\"@id\":\"https:\\\/\\\/shopatoa.com\\\/ro\\\/#\\\/schema\\\/logo\\\/image\\\/\",\"url\":\"https:\\\/\\\/storage.googleapis.com\\\/cz-shopatoa-img\\\/ro\\\/b4dac915-shopatoa_logo.png\",\"contentUrl\":\"https:\\\/\\\/storage.googleapis.com\\\/cz-shopatoa-img\\\/ro\\\/b4dac915-shopatoa_logo.png\",\"width\":416,\"height\":63,\"caption\":\"SHOPATOA\"},\"image\":{\"@id\":\"https:\\\/\\\/shopatoa.com\\\/ro\\\/#\\\/schema\\\/logo\\\/image\\\/\"}}]}<\/script>\n<!-- \/ Yoast SEO plugin. -->","yoast_head_json":{"title":"Foreo BEAR\u2122 2 Body Dispozitiv de tonifiere pentru corp Evergreen - SHOPATOA.COM","robots":{"index":"index","follow":"follow","max-snippet":"max-snippet:-1","max-image-preview":"max-image-preview:large","max-video-preview":"max-video-preview:-1"},"canonical":"https:\/\/shopatoa.com\/ro\/foreo-bear-2-body-dispozitiv-de-tonifiere-pentru-corp-evergreen-2\/","og_locale":"ro_RO","og_type":"article","og_title":"Foreo BEAR\u2122 2 Body Dispozitiv de tonifiere pentru corp Evergreen - SHOPATOA.COM","og_description":"Dispozitiv, care amelioreaz\u0103 celulita \u0219i neteze\u0219te suprafa\u021ba pielii. Este cel mai puternic dispozitiv de tonifiere corporal\u0103 din lume, cu un microcurent de p\u00e2n\u0103 la 960 uA pentru a tonifia mu\u0219chii corpului \u0219i a \u00eembun\u0103t\u0103\u021bi aspectul pielii de deasupra mu\u0219chilor. Ofer\u0103 Advanced Microcurrent\u2122 \u0219i Shaping Microcurrent\u2122 prin intermediul a 4 sfere mari care acoper\u0103 suprafe\u021be mari...","og_url":"https:\/\/shopatoa.com\/ro\/foreo-bear-2-body-dispozitiv-de-tonifiere-pentru-corp-evergreen-2\/","og_site_name":"SHOPATOA","article_modified_time":"2025-12-14T17:24:02+00:00","og_image":[{"width":800,"height":800,"url":"https:\/\/storage.googleapis.com\/cz-shopatoa-img\/ro\/cfd63100-unnamed-file.webp","type":"image\/webp"}],"twitter_card":"summary_large_image","twitter_misc":{"Timp estimat pentru citire":"1 minut"},"schema":{"@context":"https:\/\/schema.org","@graph":[{"@type":"WebPage","@id":"https:\/\/shopatoa.com\/ro\/foreo-bear-2-body-dispozitiv-de-tonifiere-pentru-corp-evergreen-2\/","url":"https:\/\/shopatoa.com\/ro\/foreo-bear-2-body-dispozitiv-de-tonifiere-pentru-corp-evergreen-2\/","name":"Foreo BEAR\u2122 2 Body Dispozitiv de tonifiere pentru corp Evergreen - SHOPATOA.COM","isPartOf":{"@id":"https:\/\/shopatoa.com\/ro\/#website"},"primaryImageOfPage":{"@id":"https:\/\/shopatoa.com\/ro\/foreo-bear-2-body-dispozitiv-de-tonifiere-pentru-corp-evergreen-2\/#primaryimage"},"image":{"@id":"https:\/\/shopatoa.com\/ro\/foreo-bear-2-body-dispozitiv-de-tonifiere-pentru-corp-evergreen-2\/#primaryimage"},"thumbnailUrl":"https:\/\/storage.googleapis.com\/cz-shopatoa-img\/ro\/cfd63100-unnamed-file.webp","datePublished":"2025-05-22T03:29:41+00:00","dateModified":"2025-12-14T17:24:02+00:00","breadcrumb":{"@id":"https:\/\/shopatoa.com\/ro\/foreo-bear-2-body-dispozitiv-de-tonifiere-pentru-corp-evergreen-2\/#breadcrumb"},"inLanguage":"ro-RO","potentialAction":[{"@type":"ReadAction","target":["https:\/\/shopatoa.com\/ro\/foreo-bear-2-body-dispozitiv-de-tonifiere-pentru-corp-evergreen-2\/"]}]},{"@type":"ImageObject","inLanguage":"ro-RO","@id":"https:\/\/shopatoa.com\/ro\/foreo-bear-2-body-dispozitiv-de-tonifiere-pentru-corp-evergreen-2\/#primaryimage","url":"https:\/\/storage.googleapis.com\/cz-shopatoa-img\/ro\/cfd63100-unnamed-file.webp","contentUrl":"https:\/\/storage.googleapis.com\/cz-shopatoa-img\/ro\/cfd63100-unnamed-file.webp","width":800,"height":800},{"@type":"BreadcrumbList","@id":"https:\/\/shopatoa.com\/ro\/foreo-bear-2-body-dispozitiv-de-tonifiere-pentru-corp-evergreen-2\/#breadcrumb","itemListElement":[{"@type":"ListItem","position":1,"name":"Dom\u016f","item":"https:\/\/shopatoa.com\/ro\/"},{"@type":"ListItem","position":2,"name":"Shop","item":"https:\/\/shopatoa.com\/ro\/shop\/"},{"@type":"ListItem","position":3,"name":"Cosmetice","item":"https:\/\/shopatoa.com\/ro\/cosmetice\/"},{"@type":"ListItem","position":4,"name":"Produse cosmetice pentru corp","item":"https:\/\/shopatoa.com\/ro\/produse-cosmetice-pentru-corp\/"},{"@type":"ListItem","position":5,"name":"Dispozitive cosmetice corpul","item":"https:\/\/shopatoa.com\/ro\/dispozitive-cosmetice-corpul\/"},{"@type":"ListItem","position":6,"name":"Foreo BEAR\u2122 2 Body Dispozitiv de tonifiere pentru corp Evergreen"}]},{"@type":"WebSite","@id":"https:\/\/shopatoa.com\/ro\/#website","url":"https:\/\/shopatoa.com\/ro\/","name":"SHOPATOA","description":"","publisher":{"@id":"https:\/\/shopatoa.com\/ro\/#organization"},"potentialAction":[{"@type":"SearchAction","target":{"@type":"EntryPoint","urlTemplate":"https:\/\/shopatoa.com\/ro\/?s={search_term_string}"},"query-input":{"@type":"PropertyValueSpecification","valueRequired":true,"valueName":"search_term_string"}}],"inLanguage":"ro-RO"},{"@type":"Organization","@id":"https:\/\/shopatoa.com\/ro\/#organization","name":"SHOPATOA","url":"https:\/\/shopatoa.com\/ro\/","logo":{"@type":"ImageObject","inLanguage":"ro-RO","@id":"https:\/\/shopatoa.com\/ro\/#\/schema\/logo\/image\/","url":"https:\/\/storage.googleapis.com\/cz-shopatoa-img\/ro\/b4dac915-shopatoa_logo.png","contentUrl":"https:\/\/storage.googleapis.com\/cz-shopatoa-img\/ro\/b4dac915-shopatoa_logo.png","width":416,"height":63,"caption":"SHOPATOA"},"image":{"@id":"https:\/\/shopatoa.com\/ro\/#\/schema\/logo\/image\/"}}]}},"_links":{"self":[{"href":"https:\/\/shopatoa.com\/ro\/wp-json\/wp\/v2\/product\/373899","targetHints":{"allow":["GET"]}}],"collection":[{"href":"https:\/\/shopatoa.com\/ro\/wp-json\/wp\/v2\/product"}],"about":[{"href":"https:\/\/shopatoa.com\/ro\/wp-json\/wp\/v2\/types\/product"}],"replies":[{"embeddable":true,"href":"https:\/\/shopatoa.com\/ro\/wp-json\/wp\/v2\/comments?post=373899"}],"wp:featuredmedia":[{"embeddable":true,"href":"https:\/\/shopatoa.com\/ro\/wp-json\/wp\/v2\/media\/373900"}],"wp:attachment":[{"href":"https:\/\/shopatoa.com\/ro\/wp-json\/wp\/v2\/media?parent=373899"}],"wp:term":[{"taxonomy":"product_brand","embeddable":true,"href":"https:\/\/shopatoa.com\/ro\/wp-json\/wp\/v2\/product_brand?post=373899"},{"taxonomy":"product_cat","embeddable":true,"href":"https:\/\/shopatoa.com\/ro\/wp-json\/wp\/v2\/product_cat?post=373899"},{"taxonomy":"product_tag","embeddable":true,"href":"https:\/\/shopatoa.com\/ro\/wp-json\/wp\/v2\/product_tag?post=373899"}],"curies":[{"name":"wp","href":"https:\/\/api.w.org\/{rel}","templated":true}]}}