{"id":373927,"date":"2025-05-22T05:31:08","date_gmt":"2025-05-22T03:31:08","guid":{"rendered":"https:\/\/shopatoa.com\/ro\/kenzo-flower-by-kenzo-la-recolte-parisienne-edp-75-ml-2\/"},"modified":"2025-12-14T17:52:32","modified_gmt":"2025-12-14T16:52:32","slug":"kenzo-flower-by-kenzo-la-recolte-parisienne-edp-75-ml-2","status":"publish","type":"product","link":"https:\/\/shopatoa.com\/ro\/kenzo-flower-by-kenzo-la-recolte-parisienne-edp-75-ml-2\/","title":{"rendered":"Kenzo Flower By Kenzo La R\u00e9colte Parisienne &#8211; EDP 75 ml"},"content":{"rendered":"<p>Flower By Kenzo La R\u00e9colte Parisienne este o ap\u0103 de parfum floral-mosc pentru femei. Descoperi\u021bi magia Parisului cu Flower By Kenzo La R\u00e9colte Parisienne &#8211; un parfum care surprinde romantismul \u0219i elegan\u021ba capitalei modei. Fiecare respira\u021bie v\u0103 transport\u0103 \u00een inima Parisului \u0219i fiecare strat al compozi\u021biei surprinde esen\u021ba unic\u0103 a vie\u021bii pariziene. O not\u0103 str\u0103lucitoare de piper roz \u0219i mandarin\u0103 galben\u0103 trece la o inim\u0103 elegant\u0103 compus\u0103 din trandafir de Damasc cu farmecul excep\u021bional al unei flori de dalie. Senzualitatea compozi\u021biei rezid\u0103 \u00een baz\u0103, \u00een care acordurile misterioase de boabe de tonka dulce se combin\u0103 cu moscul alb \u0219i vanilie delicioas\u0103. Apa de parfuma con\u021bine 93% ingrediente de origine natural\u0103. Parfumul a fost lansat pe pia\u021b\u0103 \u00een anul 2024.<\/p>\n","protected":false},"excerpt":{"rendered":"<p>Flower By Kenzo La R\u00e9colte Parisienne este o ap\u0103 de parfum floral-mosc pentru femei. Descoperi\u021bi magia Parisului cu Flower By Kenzo La R\u00e9colte Parisienne &#8211; un parfum care surprinde romantismul \u0219i elegan\u021ba capitalei modei. Fiecare respira\u021bie v\u0103 transport\u0103 \u00een inima Parisului \u0219i fiecare strat al compozi\u021biei surprinde esen\u021ba unic\u0103 a vie\u021bii pariziene. O not\u0103 str\u0103lucitoare&#8230;<\/p>\n","protected":false},"featured_media":373928,"comment_status":"closed","ping_status":"open","template":"","meta":{"_acf_changed":false,"_kadence_starter_templates_imported_post":false,"_kad_post_transparent":"","_kad_post_title":"","_kad_post_layout":"","_kad_post_sidebar_id":"","_kad_post_content_style":"","_kad_post_vertical_padding":"","_kad_post_feature":"","_kad_post_feature_position":"","_kad_post_header":false,"_kad_post_footer":false,"_kad_post_classname":""},"product_brand":[401],"product_cat":[619,614],"product_tag":[],"class_list":{"0":"post-373927","1":"product","2":"type-product","3":"status-publish","4":"has-post-thumbnail","6":"product_brand-kenzo","7":"product_cat-ape-de-parfum-edp","8":"product_cat-parfumuri","10":"first","11":"instock","12":"product-type-external","13":"entry","14":"content-bg","15":"loop-entry"},"acf":[],"yoast_head":"<!-- This site is optimized with the Yoast SEO plugin v27.4 - https:\/\/yoast.com\/product\/yoast-seo-wordpress\/ -->\n<title>Kenzo Flower By Kenzo La R\u00e9colte Parisienne - EDP 75 ml - SHOPATOA.COM<\/title>\n<meta name=\"robots\" content=\"index, follow, max-snippet:-1, max-image-preview:large, max-video-preview:-1\" \/>\n<link rel=\"canonical\" href=\"https:\/\/shopatoa.com\/ro\/kenzo-flower-by-kenzo-la-recolte-parisienne-edp-75-ml-2\/\" \/>\n<meta property=\"og:locale\" content=\"ro_RO\" \/>\n<meta property=\"og:type\" content=\"article\" \/>\n<meta property=\"og:title\" content=\"Kenzo Flower By Kenzo La R\u00e9colte Parisienne - EDP 75 ml - SHOPATOA.COM\" \/>\n<meta property=\"og:description\" content=\"Flower By Kenzo La R\u00e9colte Parisienne este o ap\u0103 de parfum floral-mosc pentru femei. Descoperi\u021bi magia Parisului cu Flower By Kenzo La R\u00e9colte Parisienne &#8211; un parfum care surprinde romantismul \u0219i elegan\u021ba capitalei modei. Fiecare respira\u021bie v\u0103 transport\u0103 \u00een inima Parisului \u0219i fiecare strat al compozi\u021biei surprinde esen\u021ba unic\u0103 a vie\u021bii pariziene. O not\u0103 str\u0103lucitoare...\" \/>\n<meta property=\"og:url\" content=\"https:\/\/shopatoa.com\/ro\/kenzo-flower-by-kenzo-la-recolte-parisienne-edp-75-ml-2\/\" \/>\n<meta property=\"og:site_name\" content=\"SHOPATOA\" \/>\n<meta property=\"article:modified_time\" content=\"2025-12-14T16:52:32+00:00\" \/>\n<meta property=\"og:image\" content=\"https:\/\/storage.googleapis.com\/cz-shopatoa-img\/ro\/4a39a3b1-unnamed-file.webp\" \/>\n\t<meta property=\"og:image:width\" content=\"800\" \/>\n\t<meta property=\"og:image:height\" content=\"800\" \/>\n\t<meta property=\"og:image:type\" content=\"image\/webp\" \/>\n<meta name=\"twitter:card\" content=\"summary_large_image\" \/>\n<meta name=\"twitter:label1\" content=\"Timp estimat pentru citire\" \/>\n\t<meta name=\"twitter:data1\" content=\"1 minut\" \/>\n<script type=\"application\/ld+json\" class=\"yoast-schema-graph\">{\"@context\":\"https:\\\/\\\/schema.org\",\"@graph\":[{\"@type\":\"WebPage\",\"@id\":\"https:\\\/\\\/shopatoa.com\\\/ro\\\/kenzo-flower-by-kenzo-la-recolte-parisienne-edp-75-ml-2\\\/\",\"url\":\"https:\\\/\\\/shopatoa.com\\\/ro\\\/kenzo-flower-by-kenzo-la-recolte-parisienne-edp-75-ml-2\\\/\",\"name\":\"Kenzo Flower By Kenzo La R\u00e9colte Parisienne - EDP 75 ml - SHOPATOA.COM\",\"isPartOf\":{\"@id\":\"https:\\\/\\\/shopatoa.com\\\/ro\\\/#website\"},\"primaryImageOfPage\":{\"@id\":\"https:\\\/\\\/shopatoa.com\\\/ro\\\/kenzo-flower-by-kenzo-la-recolte-parisienne-edp-75-ml-2\\\/#primaryimage\"},\"image\":{\"@id\":\"https:\\\/\\\/shopatoa.com\\\/ro\\\/kenzo-flower-by-kenzo-la-recolte-parisienne-edp-75-ml-2\\\/#primaryimage\"},\"thumbnailUrl\":\"https:\\\/\\\/storage.googleapis.com\\\/cz-shopatoa-img\\\/ro\\\/4a39a3b1-unnamed-file.webp\",\"datePublished\":\"2025-05-22T03:31:08+00:00\",\"dateModified\":\"2025-12-14T16:52:32+00:00\",\"breadcrumb\":{\"@id\":\"https:\\\/\\\/shopatoa.com\\\/ro\\\/kenzo-flower-by-kenzo-la-recolte-parisienne-edp-75-ml-2\\\/#breadcrumb\"},\"inLanguage\":\"ro-RO\",\"potentialAction\":[{\"@type\":\"ReadAction\",\"target\":[\"https:\\\/\\\/shopatoa.com\\\/ro\\\/kenzo-flower-by-kenzo-la-recolte-parisienne-edp-75-ml-2\\\/\"]}]},{\"@type\":\"ImageObject\",\"inLanguage\":\"ro-RO\",\"@id\":\"https:\\\/\\\/shopatoa.com\\\/ro\\\/kenzo-flower-by-kenzo-la-recolte-parisienne-edp-75-ml-2\\\/#primaryimage\",\"url\":\"https:\\\/\\\/storage.googleapis.com\\\/cz-shopatoa-img\\\/ro\\\/4a39a3b1-unnamed-file.webp\",\"contentUrl\":\"https:\\\/\\\/storage.googleapis.com\\\/cz-shopatoa-img\\\/ro\\\/4a39a3b1-unnamed-file.webp\",\"width\":800,\"height\":800},{\"@type\":\"BreadcrumbList\",\"@id\":\"https:\\\/\\\/shopatoa.com\\\/ro\\\/kenzo-flower-by-kenzo-la-recolte-parisienne-edp-75-ml-2\\\/#breadcrumb\",\"itemListElement\":[{\"@type\":\"ListItem\",\"position\":1,\"name\":\"Dom\u016f\",\"item\":\"https:\\\/\\\/shopatoa.com\\\/ro\\\/\"},{\"@type\":\"ListItem\",\"position\":2,\"name\":\"Shop\",\"item\":\"https:\\\/\\\/shopatoa.com\\\/ro\\\/shop\\\/\"},{\"@type\":\"ListItem\",\"position\":3,\"name\":\"Parfumuri\",\"item\":\"https:\\\/\\\/shopatoa.com\\\/ro\\\/parfumuri\\\/\"},{\"@type\":\"ListItem\",\"position\":4,\"name\":\"Ape de parfum (EDP)\",\"item\":\"https:\\\/\\\/shopatoa.com\\\/ro\\\/ape-de-parfum-edp\\\/\"},{\"@type\":\"ListItem\",\"position\":5,\"name\":\"Kenzo Flower By Kenzo La R\u00e9colte Parisienne &#8211; EDP 75 ml\"}]},{\"@type\":\"WebSite\",\"@id\":\"https:\\\/\\\/shopatoa.com\\\/ro\\\/#website\",\"url\":\"https:\\\/\\\/shopatoa.com\\\/ro\\\/\",\"name\":\"SHOPATOA\",\"description\":\"\",\"publisher\":{\"@id\":\"https:\\\/\\\/shopatoa.com\\\/ro\\\/#organization\"},\"potentialAction\":[{\"@type\":\"SearchAction\",\"target\":{\"@type\":\"EntryPoint\",\"urlTemplate\":\"https:\\\/\\\/shopatoa.com\\\/ro\\\/?s={search_term_string}\"},\"query-input\":{\"@type\":\"PropertyValueSpecification\",\"valueRequired\":true,\"valueName\":\"search_term_string\"}}],\"inLanguage\":\"ro-RO\"},{\"@type\":\"Organization\",\"@id\":\"https:\\\/\\\/shopatoa.com\\\/ro\\\/#organization\",\"name\":\"SHOPATOA\",\"url\":\"https:\\\/\\\/shopatoa.com\\\/ro\\\/\",\"logo\":{\"@type\":\"ImageObject\",\"inLanguage\":\"ro-RO\",\"@id\":\"https:\\\/\\\/shopatoa.com\\\/ro\\\/#\\\/schema\\\/logo\\\/image\\\/\",\"url\":\"https:\\\/\\\/storage.googleapis.com\\\/cz-shopatoa-img\\\/ro\\\/b4dac915-shopatoa_logo.png\",\"contentUrl\":\"https:\\\/\\\/storage.googleapis.com\\\/cz-shopatoa-img\\\/ro\\\/b4dac915-shopatoa_logo.png\",\"width\":416,\"height\":63,\"caption\":\"SHOPATOA\"},\"image\":{\"@id\":\"https:\\\/\\\/shopatoa.com\\\/ro\\\/#\\\/schema\\\/logo\\\/image\\\/\"}}]}<\/script>\n<!-- \/ Yoast SEO plugin. -->","yoast_head_json":{"title":"Kenzo Flower By Kenzo La R\u00e9colte Parisienne - EDP 75 ml - SHOPATOA.COM","robots":{"index":"index","follow":"follow","max-snippet":"max-snippet:-1","max-image-preview":"max-image-preview:large","max-video-preview":"max-video-preview:-1"},"canonical":"https:\/\/shopatoa.com\/ro\/kenzo-flower-by-kenzo-la-recolte-parisienne-edp-75-ml-2\/","og_locale":"ro_RO","og_type":"article","og_title":"Kenzo Flower By Kenzo La R\u00e9colte Parisienne - EDP 75 ml - SHOPATOA.COM","og_description":"Flower By Kenzo La R\u00e9colte Parisienne este o ap\u0103 de parfum floral-mosc pentru femei. Descoperi\u021bi magia Parisului cu Flower By Kenzo La R\u00e9colte Parisienne &#8211; un parfum care surprinde romantismul \u0219i elegan\u021ba capitalei modei. Fiecare respira\u021bie v\u0103 transport\u0103 \u00een inima Parisului \u0219i fiecare strat al compozi\u021biei surprinde esen\u021ba unic\u0103 a vie\u021bii pariziene. O not\u0103 str\u0103lucitoare...","og_url":"https:\/\/shopatoa.com\/ro\/kenzo-flower-by-kenzo-la-recolte-parisienne-edp-75-ml-2\/","og_site_name":"SHOPATOA","article_modified_time":"2025-12-14T16:52:32+00:00","og_image":[{"width":800,"height":800,"url":"https:\/\/storage.googleapis.com\/cz-shopatoa-img\/ro\/4a39a3b1-unnamed-file.webp","type":"image\/webp"}],"twitter_card":"summary_large_image","twitter_misc":{"Timp estimat pentru citire":"1 minut"},"schema":{"@context":"https:\/\/schema.org","@graph":[{"@type":"WebPage","@id":"https:\/\/shopatoa.com\/ro\/kenzo-flower-by-kenzo-la-recolte-parisienne-edp-75-ml-2\/","url":"https:\/\/shopatoa.com\/ro\/kenzo-flower-by-kenzo-la-recolte-parisienne-edp-75-ml-2\/","name":"Kenzo Flower By Kenzo La R\u00e9colte Parisienne - EDP 75 ml - SHOPATOA.COM","isPartOf":{"@id":"https:\/\/shopatoa.com\/ro\/#website"},"primaryImageOfPage":{"@id":"https:\/\/shopatoa.com\/ro\/kenzo-flower-by-kenzo-la-recolte-parisienne-edp-75-ml-2\/#primaryimage"},"image":{"@id":"https:\/\/shopatoa.com\/ro\/kenzo-flower-by-kenzo-la-recolte-parisienne-edp-75-ml-2\/#primaryimage"},"thumbnailUrl":"https:\/\/storage.googleapis.com\/cz-shopatoa-img\/ro\/4a39a3b1-unnamed-file.webp","datePublished":"2025-05-22T03:31:08+00:00","dateModified":"2025-12-14T16:52:32+00:00","breadcrumb":{"@id":"https:\/\/shopatoa.com\/ro\/kenzo-flower-by-kenzo-la-recolte-parisienne-edp-75-ml-2\/#breadcrumb"},"inLanguage":"ro-RO","potentialAction":[{"@type":"ReadAction","target":["https:\/\/shopatoa.com\/ro\/kenzo-flower-by-kenzo-la-recolte-parisienne-edp-75-ml-2\/"]}]},{"@type":"ImageObject","inLanguage":"ro-RO","@id":"https:\/\/shopatoa.com\/ro\/kenzo-flower-by-kenzo-la-recolte-parisienne-edp-75-ml-2\/#primaryimage","url":"https:\/\/storage.googleapis.com\/cz-shopatoa-img\/ro\/4a39a3b1-unnamed-file.webp","contentUrl":"https:\/\/storage.googleapis.com\/cz-shopatoa-img\/ro\/4a39a3b1-unnamed-file.webp","width":800,"height":800},{"@type":"BreadcrumbList","@id":"https:\/\/shopatoa.com\/ro\/kenzo-flower-by-kenzo-la-recolte-parisienne-edp-75-ml-2\/#breadcrumb","itemListElement":[{"@type":"ListItem","position":1,"name":"Dom\u016f","item":"https:\/\/shopatoa.com\/ro\/"},{"@type":"ListItem","position":2,"name":"Shop","item":"https:\/\/shopatoa.com\/ro\/shop\/"},{"@type":"ListItem","position":3,"name":"Parfumuri","item":"https:\/\/shopatoa.com\/ro\/parfumuri\/"},{"@type":"ListItem","position":4,"name":"Ape de parfum (EDP)","item":"https:\/\/shopatoa.com\/ro\/ape-de-parfum-edp\/"},{"@type":"ListItem","position":5,"name":"Kenzo Flower By Kenzo La R\u00e9colte Parisienne &#8211; EDP 75 ml"}]},{"@type":"WebSite","@id":"https:\/\/shopatoa.com\/ro\/#website","url":"https:\/\/shopatoa.com\/ro\/","name":"SHOPATOA","description":"","publisher":{"@id":"https:\/\/shopatoa.com\/ro\/#organization"},"potentialAction":[{"@type":"SearchAction","target":{"@type":"EntryPoint","urlTemplate":"https:\/\/shopatoa.com\/ro\/?s={search_term_string}"},"query-input":{"@type":"PropertyValueSpecification","valueRequired":true,"valueName":"search_term_string"}}],"inLanguage":"ro-RO"},{"@type":"Organization","@id":"https:\/\/shopatoa.com\/ro\/#organization","name":"SHOPATOA","url":"https:\/\/shopatoa.com\/ro\/","logo":{"@type":"ImageObject","inLanguage":"ro-RO","@id":"https:\/\/shopatoa.com\/ro\/#\/schema\/logo\/image\/","url":"https:\/\/storage.googleapis.com\/cz-shopatoa-img\/ro\/b4dac915-shopatoa_logo.png","contentUrl":"https:\/\/storage.googleapis.com\/cz-shopatoa-img\/ro\/b4dac915-shopatoa_logo.png","width":416,"height":63,"caption":"SHOPATOA"},"image":{"@id":"https:\/\/shopatoa.com\/ro\/#\/schema\/logo\/image\/"}}]}},"_links":{"self":[{"href":"https:\/\/shopatoa.com\/ro\/wp-json\/wp\/v2\/product\/373927","targetHints":{"allow":["GET"]}}],"collection":[{"href":"https:\/\/shopatoa.com\/ro\/wp-json\/wp\/v2\/product"}],"about":[{"href":"https:\/\/shopatoa.com\/ro\/wp-json\/wp\/v2\/types\/product"}],"replies":[{"embeddable":true,"href":"https:\/\/shopatoa.com\/ro\/wp-json\/wp\/v2\/comments?post=373927"}],"wp:featuredmedia":[{"embeddable":true,"href":"https:\/\/shopatoa.com\/ro\/wp-json\/wp\/v2\/media\/373928"}],"wp:attachment":[{"href":"https:\/\/shopatoa.com\/ro\/wp-json\/wp\/v2\/media?parent=373927"}],"wp:term":[{"taxonomy":"product_brand","embeddable":true,"href":"https:\/\/shopatoa.com\/ro\/wp-json\/wp\/v2\/product_brand?post=373927"},{"taxonomy":"product_cat","embeddable":true,"href":"https:\/\/shopatoa.com\/ro\/wp-json\/wp\/v2\/product_cat?post=373927"},{"taxonomy":"product_tag","embeddable":true,"href":"https:\/\/shopatoa.com\/ro\/wp-json\/wp\/v2\/product_tag?post=373927"}],"curies":[{"name":"wp","href":"https:\/\/api.w.org\/{rel}","templated":true}]}}