{"id":374011,"date":"2025-05-22T05:37:12","date_gmt":"2025-05-22T03:37:12","guid":{"rendered":"https:\/\/shopatoa.com\/ro\/sensai-balsam-de-ingrijire-pentru-buze-total-lip-treatment-stick-52-g-2\/"},"modified":"2025-12-14T16:24:02","modified_gmt":"2025-12-14T15:24:02","slug":"sensai-balsam-de-ingrijire-pentru-buze-total-lip-treatment-stick-52-g-2","status":"publish","type":"product","link":"https:\/\/shopatoa.com\/ro\/sensai-balsam-de-ingrijire-pentru-buze-total-lip-treatment-stick-52-g-2\/","title":{"rendered":"Sensai Balsam de \u00eengrijire pentru buze (Total Lip Treatment Stick) 5,2 g"},"content":{"rendered":"<p>Acest balsam de buze ofer\u0103 hr\u0103nirea intens\u0103 a unui ulei \u0219i protec\u021bia cerii, p\u0103str\u00e2nd umezeala \u0219i prelungind rezisten\u021ba rujului. Textura m\u0103t\u0103soas\u0103 ajut\u0103 la reducerea aspectului liniilor verticale pe buze. Cu utilizarea regulat\u0103, buzele devin mai moi, mai netede \u0219i \u00ee\u0219i recap\u0103t\u0103 plenitudinea natural\u0103.<\/p>\n","protected":false},"excerpt":{"rendered":"<p>Acest balsam de buze ofer\u0103 hr\u0103nirea intens\u0103 a unui ulei \u0219i protec\u021bia cerii, p\u0103str\u00e2nd umezeala \u0219i prelungind rezisten\u021ba rujului. Textura m\u0103t\u0103soas\u0103 ajut\u0103 la reducerea aspectului liniilor verticale pe buze. Cu utilizarea regulat\u0103, buzele devin mai moi, mai netede \u0219i \u00ee\u0219i recap\u0103t\u0103 plenitudinea natural\u0103.<\/p>\n","protected":false},"featured_media":374012,"comment_status":"closed","ping_status":"open","template":"","meta":{"_acf_changed":false,"_kadence_starter_templates_imported_post":false,"_kad_post_transparent":"","_kad_post_title":"","_kad_post_layout":"","_kad_post_sidebar_id":"","_kad_post_content_style":"","_kad_post_vertical_padding":"","_kad_post_feature":"","_kad_post_feature_position":"","_kad_post_header":false,"_kad_post_footer":false,"_kad_post_classname":""},"product_brand":[200],"product_cat":[246,673,633],"product_tag":[],"class_list":{"0":"post-374011","1":"product","2":"type-product","3":"status-publish","4":"has-post-thumbnail","6":"product_brand-sensai","7":"product_cat-cosmetice","8":"product_cat-lip-cosmetica","9":"product_cat-produse-cosmetice-pentru-piele","11":"first","12":"instock","13":"sale","14":"product-type-external","15":"entry","16":"content-bg","17":"loop-entry"},"acf":[],"yoast_head":"<!-- This site is optimized with the Yoast SEO plugin v27.3 - https:\/\/yoast.com\/product\/yoast-seo-wordpress\/ -->\n<title>Sensai Balsam de \u00eengrijire pentru buze (Total Lip Treatment Stick) 5,2 g - SHOPATOA.COM<\/title>\n<meta name=\"robots\" content=\"index, follow, max-snippet:-1, max-image-preview:large, max-video-preview:-1\" \/>\n<link rel=\"canonical\" href=\"https:\/\/shopatoa.com\/ro\/sensai-balsam-de-ingrijire-pentru-buze-total-lip-treatment-stick-52-g-2\/\" \/>\n<meta property=\"og:locale\" content=\"ro_RO\" \/>\n<meta property=\"og:type\" content=\"article\" \/>\n<meta property=\"og:title\" content=\"Sensai Balsam de \u00eengrijire pentru buze (Total Lip Treatment Stick) 5,2 g - SHOPATOA.COM\" \/>\n<meta property=\"og:description\" content=\"Acest balsam de buze ofer\u0103 hr\u0103nirea intens\u0103 a unui ulei \u0219i protec\u021bia cerii, p\u0103str\u00e2nd umezeala \u0219i prelungind rezisten\u021ba rujului. Textura m\u0103t\u0103soas\u0103 ajut\u0103 la reducerea aspectului liniilor verticale pe buze. Cu utilizarea regulat\u0103, buzele devin mai moi, mai netede \u0219i \u00ee\u0219i recap\u0103t\u0103 plenitudinea natural\u0103.\" \/>\n<meta property=\"og:url\" content=\"https:\/\/shopatoa.com\/ro\/sensai-balsam-de-ingrijire-pentru-buze-total-lip-treatment-stick-52-g-2\/\" \/>\n<meta property=\"og:site_name\" content=\"SHOPATOA\" \/>\n<meta property=\"article:modified_time\" content=\"2025-12-14T15:24:02+00:00\" \/>\n<meta property=\"og:image\" content=\"https:\/\/storage.googleapis.com\/cz-shopatoa-img\/ro\/a0165965-unnamed-file.webp\" \/>\n\t<meta property=\"og:image:width\" content=\"800\" \/>\n\t<meta property=\"og:image:height\" content=\"800\" \/>\n\t<meta property=\"og:image:type\" content=\"image\/webp\" \/>\n<meta name=\"twitter:card\" content=\"summary_large_image\" \/>\n<script type=\"application\/ld+json\" class=\"yoast-schema-graph\">{\"@context\":\"https:\\\/\\\/schema.org\",\"@graph\":[{\"@type\":\"WebPage\",\"@id\":\"https:\\\/\\\/shopatoa.com\\\/ro\\\/sensai-balsam-de-ingrijire-pentru-buze-total-lip-treatment-stick-52-g-2\\\/\",\"url\":\"https:\\\/\\\/shopatoa.com\\\/ro\\\/sensai-balsam-de-ingrijire-pentru-buze-total-lip-treatment-stick-52-g-2\\\/\",\"name\":\"Sensai Balsam de \u00eengrijire pentru buze (Total Lip Treatment Stick) 5,2 g - SHOPATOA.COM\",\"isPartOf\":{\"@id\":\"https:\\\/\\\/shopatoa.com\\\/ro\\\/#website\"},\"primaryImageOfPage\":{\"@id\":\"https:\\\/\\\/shopatoa.com\\\/ro\\\/sensai-balsam-de-ingrijire-pentru-buze-total-lip-treatment-stick-52-g-2\\\/#primaryimage\"},\"image\":{\"@id\":\"https:\\\/\\\/shopatoa.com\\\/ro\\\/sensai-balsam-de-ingrijire-pentru-buze-total-lip-treatment-stick-52-g-2\\\/#primaryimage\"},\"thumbnailUrl\":\"https:\\\/\\\/storage.googleapis.com\\\/cz-shopatoa-img\\\/ro\\\/a0165965-unnamed-file.webp\",\"datePublished\":\"2025-05-22T03:37:12+00:00\",\"dateModified\":\"2025-12-14T15:24:02+00:00\",\"breadcrumb\":{\"@id\":\"https:\\\/\\\/shopatoa.com\\\/ro\\\/sensai-balsam-de-ingrijire-pentru-buze-total-lip-treatment-stick-52-g-2\\\/#breadcrumb\"},\"inLanguage\":\"ro-RO\",\"potentialAction\":[{\"@type\":\"ReadAction\",\"target\":[\"https:\\\/\\\/shopatoa.com\\\/ro\\\/sensai-balsam-de-ingrijire-pentru-buze-total-lip-treatment-stick-52-g-2\\\/\"]}]},{\"@type\":\"ImageObject\",\"inLanguage\":\"ro-RO\",\"@id\":\"https:\\\/\\\/shopatoa.com\\\/ro\\\/sensai-balsam-de-ingrijire-pentru-buze-total-lip-treatment-stick-52-g-2\\\/#primaryimage\",\"url\":\"https:\\\/\\\/storage.googleapis.com\\\/cz-shopatoa-img\\\/ro\\\/a0165965-unnamed-file.webp\",\"contentUrl\":\"https:\\\/\\\/storage.googleapis.com\\\/cz-shopatoa-img\\\/ro\\\/a0165965-unnamed-file.webp\",\"width\":800,\"height\":800},{\"@type\":\"BreadcrumbList\",\"@id\":\"https:\\\/\\\/shopatoa.com\\\/ro\\\/sensai-balsam-de-ingrijire-pentru-buze-total-lip-treatment-stick-52-g-2\\\/#breadcrumb\",\"itemListElement\":[{\"@type\":\"ListItem\",\"position\":1,\"name\":\"Dom\u016f\",\"item\":\"https:\\\/\\\/shopatoa.com\\\/ro\\\/\"},{\"@type\":\"ListItem\",\"position\":2,\"name\":\"Shop\",\"item\":\"https:\\\/\\\/shopatoa.com\\\/ro\\\/shop\\\/\"},{\"@type\":\"ListItem\",\"position\":3,\"name\":\"Cosmetice\",\"item\":\"https:\\\/\\\/shopatoa.com\\\/ro\\\/cosmetice\\\/\"},{\"@type\":\"ListItem\",\"position\":4,\"name\":\"Produse cosmetice pentru piele\",\"item\":\"https:\\\/\\\/shopatoa.com\\\/ro\\\/produse-cosmetice-pentru-piele\\\/\"},{\"@type\":\"ListItem\",\"position\":5,\"name\":\"Lip Cosmetica\",\"item\":\"https:\\\/\\\/shopatoa.com\\\/ro\\\/lip-cosmetica\\\/\"},{\"@type\":\"ListItem\",\"position\":6,\"name\":\"Sensai Balsam de \u00eengrijire pentru buze (Total Lip Treatment Stick) 5,2 g\"}]},{\"@type\":\"WebSite\",\"@id\":\"https:\\\/\\\/shopatoa.com\\\/ro\\\/#website\",\"url\":\"https:\\\/\\\/shopatoa.com\\\/ro\\\/\",\"name\":\"SHOPATOA\",\"description\":\"\",\"publisher\":{\"@id\":\"https:\\\/\\\/shopatoa.com\\\/ro\\\/#organization\"},\"potentialAction\":[{\"@type\":\"SearchAction\",\"target\":{\"@type\":\"EntryPoint\",\"urlTemplate\":\"https:\\\/\\\/shopatoa.com\\\/ro\\\/?s={search_term_string}\"},\"query-input\":{\"@type\":\"PropertyValueSpecification\",\"valueRequired\":true,\"valueName\":\"search_term_string\"}}],\"inLanguage\":\"ro-RO\"},{\"@type\":\"Organization\",\"@id\":\"https:\\\/\\\/shopatoa.com\\\/ro\\\/#organization\",\"name\":\"SHOPATOA\",\"url\":\"https:\\\/\\\/shopatoa.com\\\/ro\\\/\",\"logo\":{\"@type\":\"ImageObject\",\"inLanguage\":\"ro-RO\",\"@id\":\"https:\\\/\\\/shopatoa.com\\\/ro\\\/#\\\/schema\\\/logo\\\/image\\\/\",\"url\":\"https:\\\/\\\/storage.googleapis.com\\\/cz-shopatoa-img\\\/ro\\\/b4dac915-shopatoa_logo.png\",\"contentUrl\":\"https:\\\/\\\/storage.googleapis.com\\\/cz-shopatoa-img\\\/ro\\\/b4dac915-shopatoa_logo.png\",\"width\":416,\"height\":63,\"caption\":\"SHOPATOA\"},\"image\":{\"@id\":\"https:\\\/\\\/shopatoa.com\\\/ro\\\/#\\\/schema\\\/logo\\\/image\\\/\"}}]}<\/script>\n<!-- \/ Yoast SEO plugin. -->","yoast_head_json":{"title":"Sensai Balsam de \u00eengrijire pentru buze (Total Lip Treatment Stick) 5,2 g - SHOPATOA.COM","robots":{"index":"index","follow":"follow","max-snippet":"max-snippet:-1","max-image-preview":"max-image-preview:large","max-video-preview":"max-video-preview:-1"},"canonical":"https:\/\/shopatoa.com\/ro\/sensai-balsam-de-ingrijire-pentru-buze-total-lip-treatment-stick-52-g-2\/","og_locale":"ro_RO","og_type":"article","og_title":"Sensai Balsam de \u00eengrijire pentru buze (Total Lip Treatment Stick) 5,2 g - SHOPATOA.COM","og_description":"Acest balsam de buze ofer\u0103 hr\u0103nirea intens\u0103 a unui ulei \u0219i protec\u021bia cerii, p\u0103str\u00e2nd umezeala \u0219i prelungind rezisten\u021ba rujului. Textura m\u0103t\u0103soas\u0103 ajut\u0103 la reducerea aspectului liniilor verticale pe buze. Cu utilizarea regulat\u0103, buzele devin mai moi, mai netede \u0219i \u00ee\u0219i recap\u0103t\u0103 plenitudinea natural\u0103.","og_url":"https:\/\/shopatoa.com\/ro\/sensai-balsam-de-ingrijire-pentru-buze-total-lip-treatment-stick-52-g-2\/","og_site_name":"SHOPATOA","article_modified_time":"2025-12-14T15:24:02+00:00","og_image":[{"width":800,"height":800,"url":"https:\/\/storage.googleapis.com\/cz-shopatoa-img\/ro\/a0165965-unnamed-file.webp","type":"image\/webp"}],"twitter_card":"summary_large_image","schema":{"@context":"https:\/\/schema.org","@graph":[{"@type":"WebPage","@id":"https:\/\/shopatoa.com\/ro\/sensai-balsam-de-ingrijire-pentru-buze-total-lip-treatment-stick-52-g-2\/","url":"https:\/\/shopatoa.com\/ro\/sensai-balsam-de-ingrijire-pentru-buze-total-lip-treatment-stick-52-g-2\/","name":"Sensai Balsam de \u00eengrijire pentru buze (Total Lip Treatment Stick) 5,2 g - SHOPATOA.COM","isPartOf":{"@id":"https:\/\/shopatoa.com\/ro\/#website"},"primaryImageOfPage":{"@id":"https:\/\/shopatoa.com\/ro\/sensai-balsam-de-ingrijire-pentru-buze-total-lip-treatment-stick-52-g-2\/#primaryimage"},"image":{"@id":"https:\/\/shopatoa.com\/ro\/sensai-balsam-de-ingrijire-pentru-buze-total-lip-treatment-stick-52-g-2\/#primaryimage"},"thumbnailUrl":"https:\/\/storage.googleapis.com\/cz-shopatoa-img\/ro\/a0165965-unnamed-file.webp","datePublished":"2025-05-22T03:37:12+00:00","dateModified":"2025-12-14T15:24:02+00:00","breadcrumb":{"@id":"https:\/\/shopatoa.com\/ro\/sensai-balsam-de-ingrijire-pentru-buze-total-lip-treatment-stick-52-g-2\/#breadcrumb"},"inLanguage":"ro-RO","potentialAction":[{"@type":"ReadAction","target":["https:\/\/shopatoa.com\/ro\/sensai-balsam-de-ingrijire-pentru-buze-total-lip-treatment-stick-52-g-2\/"]}]},{"@type":"ImageObject","inLanguage":"ro-RO","@id":"https:\/\/shopatoa.com\/ro\/sensai-balsam-de-ingrijire-pentru-buze-total-lip-treatment-stick-52-g-2\/#primaryimage","url":"https:\/\/storage.googleapis.com\/cz-shopatoa-img\/ro\/a0165965-unnamed-file.webp","contentUrl":"https:\/\/storage.googleapis.com\/cz-shopatoa-img\/ro\/a0165965-unnamed-file.webp","width":800,"height":800},{"@type":"BreadcrumbList","@id":"https:\/\/shopatoa.com\/ro\/sensai-balsam-de-ingrijire-pentru-buze-total-lip-treatment-stick-52-g-2\/#breadcrumb","itemListElement":[{"@type":"ListItem","position":1,"name":"Dom\u016f","item":"https:\/\/shopatoa.com\/ro\/"},{"@type":"ListItem","position":2,"name":"Shop","item":"https:\/\/shopatoa.com\/ro\/shop\/"},{"@type":"ListItem","position":3,"name":"Cosmetice","item":"https:\/\/shopatoa.com\/ro\/cosmetice\/"},{"@type":"ListItem","position":4,"name":"Produse cosmetice pentru piele","item":"https:\/\/shopatoa.com\/ro\/produse-cosmetice-pentru-piele\/"},{"@type":"ListItem","position":5,"name":"Lip Cosmetica","item":"https:\/\/shopatoa.com\/ro\/lip-cosmetica\/"},{"@type":"ListItem","position":6,"name":"Sensai Balsam de \u00eengrijire pentru buze (Total Lip Treatment Stick) 5,2 g"}]},{"@type":"WebSite","@id":"https:\/\/shopatoa.com\/ro\/#website","url":"https:\/\/shopatoa.com\/ro\/","name":"SHOPATOA","description":"","publisher":{"@id":"https:\/\/shopatoa.com\/ro\/#organization"},"potentialAction":[{"@type":"SearchAction","target":{"@type":"EntryPoint","urlTemplate":"https:\/\/shopatoa.com\/ro\/?s={search_term_string}"},"query-input":{"@type":"PropertyValueSpecification","valueRequired":true,"valueName":"search_term_string"}}],"inLanguage":"ro-RO"},{"@type":"Organization","@id":"https:\/\/shopatoa.com\/ro\/#organization","name":"SHOPATOA","url":"https:\/\/shopatoa.com\/ro\/","logo":{"@type":"ImageObject","inLanguage":"ro-RO","@id":"https:\/\/shopatoa.com\/ro\/#\/schema\/logo\/image\/","url":"https:\/\/storage.googleapis.com\/cz-shopatoa-img\/ro\/b4dac915-shopatoa_logo.png","contentUrl":"https:\/\/storage.googleapis.com\/cz-shopatoa-img\/ro\/b4dac915-shopatoa_logo.png","width":416,"height":63,"caption":"SHOPATOA"},"image":{"@id":"https:\/\/shopatoa.com\/ro\/#\/schema\/logo\/image\/"}}]}},"_links":{"self":[{"href":"https:\/\/shopatoa.com\/ro\/wp-json\/wp\/v2\/product\/374011","targetHints":{"allow":["GET"]}}],"collection":[{"href":"https:\/\/shopatoa.com\/ro\/wp-json\/wp\/v2\/product"}],"about":[{"href":"https:\/\/shopatoa.com\/ro\/wp-json\/wp\/v2\/types\/product"}],"replies":[{"embeddable":true,"href":"https:\/\/shopatoa.com\/ro\/wp-json\/wp\/v2\/comments?post=374011"}],"wp:featuredmedia":[{"embeddable":true,"href":"https:\/\/shopatoa.com\/ro\/wp-json\/wp\/v2\/media\/374012"}],"wp:attachment":[{"href":"https:\/\/shopatoa.com\/ro\/wp-json\/wp\/v2\/media?parent=374011"}],"wp:term":[{"taxonomy":"product_brand","embeddable":true,"href":"https:\/\/shopatoa.com\/ro\/wp-json\/wp\/v2\/product_brand?post=374011"},{"taxonomy":"product_cat","embeddable":true,"href":"https:\/\/shopatoa.com\/ro\/wp-json\/wp\/v2\/product_cat?post=374011"},{"taxonomy":"product_tag","embeddable":true,"href":"https:\/\/shopatoa.com\/ro\/wp-json\/wp\/v2\/product_tag?post=374011"}],"curies":[{"name":"wp","href":"https:\/\/api.w.org\/{rel}","templated":true}]}}