{"id":374063,"date":"2025-05-22T05:41:52","date_gmt":"2025-05-22T03:41:52","guid":{"rendered":"https:\/\/shopatoa.com\/ro\/kerastase-ser-regenerant-de-noapte-pentru-par-blond-blond-absolu-night-serum-90-ml-2\/"},"modified":"2025-12-14T15:55:12","modified_gmt":"2025-12-14T14:55:12","slug":"kerastase-ser-regenerant-de-noapte-pentru-par-blond-blond-absolu-night-serum-90-ml-2","status":"publish","type":"product","link":"https:\/\/shopatoa.com\/ro\/kerastase-ser-regenerant-de-noapte-pentru-par-blond-blond-absolu-night-serum-90-ml-2\/","title":{"rendered":"K\u00e9rastase Ser regenerant de noapte pentru p\u0103r blond Blond Absolu (Night Serum) 90 ml"},"content":{"rendered":"<p>Serul de noapte pentru p\u0103rul blond cu o textur\u0103 u\u0219oar\u0103 de gel ofer\u0103 o regenerare maxim\u0103 a p\u0103rului luminat chimic, elimin\u0103 v\u00e2rfurile despicate \u0219i reduce ruperea p\u0103rului. Hidrateaz\u0103 intens \u0219i formeaz\u0103 un scut protector \u00eempotriva frec\u0103rii p\u0103rului de pern\u0103. \u00ce\u021bi parfumeaz\u0103 p\u0103rul cu un parfum delicat care induce o senza\u021bie pl\u0103cut\u0103 de relaxare \u0219i somn.<\/p>\n","protected":false},"excerpt":{"rendered":"<p>Serul de noapte pentru p\u0103rul blond cu o textur\u0103 u\u0219oar\u0103 de gel ofer\u0103 o regenerare maxim\u0103 a p\u0103rului luminat chimic, elimin\u0103 v\u00e2rfurile despicate \u0219i reduce ruperea p\u0103rului. Hidrateaz\u0103 intens \u0219i formeaz\u0103 un scut protector \u00eempotriva frec\u0103rii p\u0103rului de pern\u0103. \u00ce\u021bi parfumeaz\u0103 p\u0103rul cu un parfum delicat care induce o senza\u021bie pl\u0103cut\u0103 de relaxare \u0219i somn.<\/p>\n","protected":false},"featured_media":374064,"comment_status":"closed","ping_status":"open","template":"","meta":{"_acf_changed":false,"_kadence_starter_templates_imported_post":false,"_kad_post_transparent":"","_kad_post_title":"","_kad_post_layout":"","_kad_post_sidebar_id":"","_kad_post_content_style":"","_kad_post_vertical_padding":"","_kad_post_feature":"","_kad_post_feature_position":"","_kad_post_header":false,"_kad_post_footer":false,"_kad_post_classname":""},"product_brand":[539],"product_cat":[246,696,623],"product_tag":[],"class_list":{"0":"post-374063","1":"product","2":"type-product","3":"status-publish","4":"has-post-thumbnail","6":"product_brand-kerastase","7":"product_cat-cosmetice","8":"product_cat-ingrijirea-parului-fara-clatire","9":"product_cat-produse-cosmetice-pentru-par","11":"first","12":"instock","13":"product-type-external","14":"entry","15":"content-bg","16":"loop-entry"},"acf":[],"yoast_head":"<!-- This site is optimized with the Yoast SEO plugin v27.4 - https:\/\/yoast.com\/product\/yoast-seo-wordpress\/ -->\n<title>K\u00e9rastase Ser regenerant de noapte pentru p\u0103r blond Blond Absolu (Night Serum) 90 ml - SHOPATOA.COM<\/title>\n<meta name=\"robots\" content=\"index, follow, max-snippet:-1, max-image-preview:large, max-video-preview:-1\" \/>\n<link rel=\"canonical\" href=\"https:\/\/shopatoa.com\/ro\/kerastase-ser-regenerant-de-noapte-pentru-par-blond-blond-absolu-night-serum-90-ml-2\/\" \/>\n<meta property=\"og:locale\" content=\"ro_RO\" \/>\n<meta property=\"og:type\" content=\"article\" \/>\n<meta property=\"og:title\" content=\"K\u00e9rastase Ser regenerant de noapte pentru p\u0103r blond Blond Absolu (Night Serum) 90 ml - SHOPATOA.COM\" \/>\n<meta property=\"og:description\" content=\"Serul de noapte pentru p\u0103rul blond cu o textur\u0103 u\u0219oar\u0103 de gel ofer\u0103 o regenerare maxim\u0103 a p\u0103rului luminat chimic, elimin\u0103 v\u00e2rfurile despicate \u0219i reduce ruperea p\u0103rului. Hidrateaz\u0103 intens \u0219i formeaz\u0103 un scut protector \u00eempotriva frec\u0103rii p\u0103rului de pern\u0103. \u00ce\u021bi parfumeaz\u0103 p\u0103rul cu un parfum delicat care induce o senza\u021bie pl\u0103cut\u0103 de relaxare \u0219i somn.\" \/>\n<meta property=\"og:url\" content=\"https:\/\/shopatoa.com\/ro\/kerastase-ser-regenerant-de-noapte-pentru-par-blond-blond-absolu-night-serum-90-ml-2\/\" \/>\n<meta property=\"og:site_name\" content=\"SHOPATOA\" \/>\n<meta property=\"article:modified_time\" content=\"2025-12-14T14:55:12+00:00\" \/>\n<meta property=\"og:image\" content=\"https:\/\/storage.googleapis.com\/cz-shopatoa-img\/ro\/509a8a1d-unnamed-file.webp\" \/>\n\t<meta property=\"og:image:width\" content=\"800\" \/>\n\t<meta property=\"og:image:height\" content=\"800\" \/>\n\t<meta property=\"og:image:type\" content=\"image\/webp\" \/>\n<meta name=\"twitter:card\" content=\"summary_large_image\" \/>\n<script type=\"application\/ld+json\" class=\"yoast-schema-graph\">{\"@context\":\"https:\\\/\\\/schema.org\",\"@graph\":[{\"@type\":\"WebPage\",\"@id\":\"https:\\\/\\\/shopatoa.com\\\/ro\\\/kerastase-ser-regenerant-de-noapte-pentru-par-blond-blond-absolu-night-serum-90-ml-2\\\/\",\"url\":\"https:\\\/\\\/shopatoa.com\\\/ro\\\/kerastase-ser-regenerant-de-noapte-pentru-par-blond-blond-absolu-night-serum-90-ml-2\\\/\",\"name\":\"K\u00e9rastase Ser regenerant de noapte pentru p\u0103r blond Blond Absolu (Night Serum) 90 ml - SHOPATOA.COM\",\"isPartOf\":{\"@id\":\"https:\\\/\\\/shopatoa.com\\\/ro\\\/#website\"},\"primaryImageOfPage\":{\"@id\":\"https:\\\/\\\/shopatoa.com\\\/ro\\\/kerastase-ser-regenerant-de-noapte-pentru-par-blond-blond-absolu-night-serum-90-ml-2\\\/#primaryimage\"},\"image\":{\"@id\":\"https:\\\/\\\/shopatoa.com\\\/ro\\\/kerastase-ser-regenerant-de-noapte-pentru-par-blond-blond-absolu-night-serum-90-ml-2\\\/#primaryimage\"},\"thumbnailUrl\":\"https:\\\/\\\/storage.googleapis.com\\\/cz-shopatoa-img\\\/ro\\\/509a8a1d-unnamed-file.webp\",\"datePublished\":\"2025-05-22T03:41:52+00:00\",\"dateModified\":\"2025-12-14T14:55:12+00:00\",\"breadcrumb\":{\"@id\":\"https:\\\/\\\/shopatoa.com\\\/ro\\\/kerastase-ser-regenerant-de-noapte-pentru-par-blond-blond-absolu-night-serum-90-ml-2\\\/#breadcrumb\"},\"inLanguage\":\"ro-RO\",\"potentialAction\":[{\"@type\":\"ReadAction\",\"target\":[\"https:\\\/\\\/shopatoa.com\\\/ro\\\/kerastase-ser-regenerant-de-noapte-pentru-par-blond-blond-absolu-night-serum-90-ml-2\\\/\"]}]},{\"@type\":\"ImageObject\",\"inLanguage\":\"ro-RO\",\"@id\":\"https:\\\/\\\/shopatoa.com\\\/ro\\\/kerastase-ser-regenerant-de-noapte-pentru-par-blond-blond-absolu-night-serum-90-ml-2\\\/#primaryimage\",\"url\":\"https:\\\/\\\/storage.googleapis.com\\\/cz-shopatoa-img\\\/ro\\\/509a8a1d-unnamed-file.webp\",\"contentUrl\":\"https:\\\/\\\/storage.googleapis.com\\\/cz-shopatoa-img\\\/ro\\\/509a8a1d-unnamed-file.webp\",\"width\":800,\"height\":800},{\"@type\":\"BreadcrumbList\",\"@id\":\"https:\\\/\\\/shopatoa.com\\\/ro\\\/kerastase-ser-regenerant-de-noapte-pentru-par-blond-blond-absolu-night-serum-90-ml-2\\\/#breadcrumb\",\"itemListElement\":[{\"@type\":\"ListItem\",\"position\":1,\"name\":\"Dom\u016f\",\"item\":\"https:\\\/\\\/shopatoa.com\\\/ro\\\/\"},{\"@type\":\"ListItem\",\"position\":2,\"name\":\"Shop\",\"item\":\"https:\\\/\\\/shopatoa.com\\\/ro\\\/shop\\\/\"},{\"@type\":\"ListItem\",\"position\":3,\"name\":\"Cosmetice\",\"item\":\"https:\\\/\\\/shopatoa.com\\\/ro\\\/cosmetice\\\/\"},{\"@type\":\"ListItem\",\"position\":4,\"name\":\"Produse cosmetice pentru p\u0103r\",\"item\":\"https:\\\/\\\/shopatoa.com\\\/ro\\\/produse-cosmetice-pentru-par\\\/\"},{\"@type\":\"ListItem\",\"position\":5,\"name\":\"\u00cengrijirea p\u0103rului f\u0103r\u0103 cl\u0103tire\",\"item\":\"https:\\\/\\\/shopatoa.com\\\/ro\\\/ingrijirea-parului-fara-clatire\\\/\"},{\"@type\":\"ListItem\",\"position\":6,\"name\":\"K\u00e9rastase Ser regenerant de noapte pentru p\u0103r blond Blond Absolu (Night Serum) 90 ml\"}]},{\"@type\":\"WebSite\",\"@id\":\"https:\\\/\\\/shopatoa.com\\\/ro\\\/#website\",\"url\":\"https:\\\/\\\/shopatoa.com\\\/ro\\\/\",\"name\":\"SHOPATOA\",\"description\":\"\",\"publisher\":{\"@id\":\"https:\\\/\\\/shopatoa.com\\\/ro\\\/#organization\"},\"potentialAction\":[{\"@type\":\"SearchAction\",\"target\":{\"@type\":\"EntryPoint\",\"urlTemplate\":\"https:\\\/\\\/shopatoa.com\\\/ro\\\/?s={search_term_string}\"},\"query-input\":{\"@type\":\"PropertyValueSpecification\",\"valueRequired\":true,\"valueName\":\"search_term_string\"}}],\"inLanguage\":\"ro-RO\"},{\"@type\":\"Organization\",\"@id\":\"https:\\\/\\\/shopatoa.com\\\/ro\\\/#organization\",\"name\":\"SHOPATOA\",\"url\":\"https:\\\/\\\/shopatoa.com\\\/ro\\\/\",\"logo\":{\"@type\":\"ImageObject\",\"inLanguage\":\"ro-RO\",\"@id\":\"https:\\\/\\\/shopatoa.com\\\/ro\\\/#\\\/schema\\\/logo\\\/image\\\/\",\"url\":\"https:\\\/\\\/storage.googleapis.com\\\/cz-shopatoa-img\\\/ro\\\/b4dac915-shopatoa_logo.png\",\"contentUrl\":\"https:\\\/\\\/storage.googleapis.com\\\/cz-shopatoa-img\\\/ro\\\/b4dac915-shopatoa_logo.png\",\"width\":416,\"height\":63,\"caption\":\"SHOPATOA\"},\"image\":{\"@id\":\"https:\\\/\\\/shopatoa.com\\\/ro\\\/#\\\/schema\\\/logo\\\/image\\\/\"}}]}<\/script>\n<!-- \/ Yoast SEO plugin. -->","yoast_head_json":{"title":"K\u00e9rastase Ser regenerant de noapte pentru p\u0103r blond Blond Absolu (Night Serum) 90 ml - SHOPATOA.COM","robots":{"index":"index","follow":"follow","max-snippet":"max-snippet:-1","max-image-preview":"max-image-preview:large","max-video-preview":"max-video-preview:-1"},"canonical":"https:\/\/shopatoa.com\/ro\/kerastase-ser-regenerant-de-noapte-pentru-par-blond-blond-absolu-night-serum-90-ml-2\/","og_locale":"ro_RO","og_type":"article","og_title":"K\u00e9rastase Ser regenerant de noapte pentru p\u0103r blond Blond Absolu (Night Serum) 90 ml - SHOPATOA.COM","og_description":"Serul de noapte pentru p\u0103rul blond cu o textur\u0103 u\u0219oar\u0103 de gel ofer\u0103 o regenerare maxim\u0103 a p\u0103rului luminat chimic, elimin\u0103 v\u00e2rfurile despicate \u0219i reduce ruperea p\u0103rului. Hidrateaz\u0103 intens \u0219i formeaz\u0103 un scut protector \u00eempotriva frec\u0103rii p\u0103rului de pern\u0103. \u00ce\u021bi parfumeaz\u0103 p\u0103rul cu un parfum delicat care induce o senza\u021bie pl\u0103cut\u0103 de relaxare \u0219i somn.","og_url":"https:\/\/shopatoa.com\/ro\/kerastase-ser-regenerant-de-noapte-pentru-par-blond-blond-absolu-night-serum-90-ml-2\/","og_site_name":"SHOPATOA","article_modified_time":"2025-12-14T14:55:12+00:00","og_image":[{"width":800,"height":800,"url":"https:\/\/storage.googleapis.com\/cz-shopatoa-img\/ro\/509a8a1d-unnamed-file.webp","type":"image\/webp"}],"twitter_card":"summary_large_image","schema":{"@context":"https:\/\/schema.org","@graph":[{"@type":"WebPage","@id":"https:\/\/shopatoa.com\/ro\/kerastase-ser-regenerant-de-noapte-pentru-par-blond-blond-absolu-night-serum-90-ml-2\/","url":"https:\/\/shopatoa.com\/ro\/kerastase-ser-regenerant-de-noapte-pentru-par-blond-blond-absolu-night-serum-90-ml-2\/","name":"K\u00e9rastase Ser regenerant de noapte pentru p\u0103r blond Blond Absolu (Night Serum) 90 ml - SHOPATOA.COM","isPartOf":{"@id":"https:\/\/shopatoa.com\/ro\/#website"},"primaryImageOfPage":{"@id":"https:\/\/shopatoa.com\/ro\/kerastase-ser-regenerant-de-noapte-pentru-par-blond-blond-absolu-night-serum-90-ml-2\/#primaryimage"},"image":{"@id":"https:\/\/shopatoa.com\/ro\/kerastase-ser-regenerant-de-noapte-pentru-par-blond-blond-absolu-night-serum-90-ml-2\/#primaryimage"},"thumbnailUrl":"https:\/\/storage.googleapis.com\/cz-shopatoa-img\/ro\/509a8a1d-unnamed-file.webp","datePublished":"2025-05-22T03:41:52+00:00","dateModified":"2025-12-14T14:55:12+00:00","breadcrumb":{"@id":"https:\/\/shopatoa.com\/ro\/kerastase-ser-regenerant-de-noapte-pentru-par-blond-blond-absolu-night-serum-90-ml-2\/#breadcrumb"},"inLanguage":"ro-RO","potentialAction":[{"@type":"ReadAction","target":["https:\/\/shopatoa.com\/ro\/kerastase-ser-regenerant-de-noapte-pentru-par-blond-blond-absolu-night-serum-90-ml-2\/"]}]},{"@type":"ImageObject","inLanguage":"ro-RO","@id":"https:\/\/shopatoa.com\/ro\/kerastase-ser-regenerant-de-noapte-pentru-par-blond-blond-absolu-night-serum-90-ml-2\/#primaryimage","url":"https:\/\/storage.googleapis.com\/cz-shopatoa-img\/ro\/509a8a1d-unnamed-file.webp","contentUrl":"https:\/\/storage.googleapis.com\/cz-shopatoa-img\/ro\/509a8a1d-unnamed-file.webp","width":800,"height":800},{"@type":"BreadcrumbList","@id":"https:\/\/shopatoa.com\/ro\/kerastase-ser-regenerant-de-noapte-pentru-par-blond-blond-absolu-night-serum-90-ml-2\/#breadcrumb","itemListElement":[{"@type":"ListItem","position":1,"name":"Dom\u016f","item":"https:\/\/shopatoa.com\/ro\/"},{"@type":"ListItem","position":2,"name":"Shop","item":"https:\/\/shopatoa.com\/ro\/shop\/"},{"@type":"ListItem","position":3,"name":"Cosmetice","item":"https:\/\/shopatoa.com\/ro\/cosmetice\/"},{"@type":"ListItem","position":4,"name":"Produse cosmetice pentru p\u0103r","item":"https:\/\/shopatoa.com\/ro\/produse-cosmetice-pentru-par\/"},{"@type":"ListItem","position":5,"name":"\u00cengrijirea p\u0103rului f\u0103r\u0103 cl\u0103tire","item":"https:\/\/shopatoa.com\/ro\/ingrijirea-parului-fara-clatire\/"},{"@type":"ListItem","position":6,"name":"K\u00e9rastase Ser regenerant de noapte pentru p\u0103r blond Blond Absolu (Night Serum) 90 ml"}]},{"@type":"WebSite","@id":"https:\/\/shopatoa.com\/ro\/#website","url":"https:\/\/shopatoa.com\/ro\/","name":"SHOPATOA","description":"","publisher":{"@id":"https:\/\/shopatoa.com\/ro\/#organization"},"potentialAction":[{"@type":"SearchAction","target":{"@type":"EntryPoint","urlTemplate":"https:\/\/shopatoa.com\/ro\/?s={search_term_string}"},"query-input":{"@type":"PropertyValueSpecification","valueRequired":true,"valueName":"search_term_string"}}],"inLanguage":"ro-RO"},{"@type":"Organization","@id":"https:\/\/shopatoa.com\/ro\/#organization","name":"SHOPATOA","url":"https:\/\/shopatoa.com\/ro\/","logo":{"@type":"ImageObject","inLanguage":"ro-RO","@id":"https:\/\/shopatoa.com\/ro\/#\/schema\/logo\/image\/","url":"https:\/\/storage.googleapis.com\/cz-shopatoa-img\/ro\/b4dac915-shopatoa_logo.png","contentUrl":"https:\/\/storage.googleapis.com\/cz-shopatoa-img\/ro\/b4dac915-shopatoa_logo.png","width":416,"height":63,"caption":"SHOPATOA"},"image":{"@id":"https:\/\/shopatoa.com\/ro\/#\/schema\/logo\/image\/"}}]}},"_links":{"self":[{"href":"https:\/\/shopatoa.com\/ro\/wp-json\/wp\/v2\/product\/374063","targetHints":{"allow":["GET"]}}],"collection":[{"href":"https:\/\/shopatoa.com\/ro\/wp-json\/wp\/v2\/product"}],"about":[{"href":"https:\/\/shopatoa.com\/ro\/wp-json\/wp\/v2\/types\/product"}],"replies":[{"embeddable":true,"href":"https:\/\/shopatoa.com\/ro\/wp-json\/wp\/v2\/comments?post=374063"}],"wp:featuredmedia":[{"embeddable":true,"href":"https:\/\/shopatoa.com\/ro\/wp-json\/wp\/v2\/media\/374064"}],"wp:attachment":[{"href":"https:\/\/shopatoa.com\/ro\/wp-json\/wp\/v2\/media?parent=374063"}],"wp:term":[{"taxonomy":"product_brand","embeddable":true,"href":"https:\/\/shopatoa.com\/ro\/wp-json\/wp\/v2\/product_brand?post=374063"},{"taxonomy":"product_cat","embeddable":true,"href":"https:\/\/shopatoa.com\/ro\/wp-json\/wp\/v2\/product_cat?post=374063"},{"taxonomy":"product_tag","embeddable":true,"href":"https:\/\/shopatoa.com\/ro\/wp-json\/wp\/v2\/product_tag?post=374063"}],"curies":[{"name":"wp","href":"https:\/\/api.w.org\/{rel}","templated":true}]}}