{"id":374125,"date":"2025-05-22T05:46:25","date_gmt":"2025-05-22T03:46:25","guid":{"rendered":"https:\/\/shopatoa.com\/ro\/loreal-paris-ingrijire-de-zi-hidratanta-pentru-pielea-normala-chiar-mixta-hydra-genius-liquid-care-daily-moisturiser-70-ml-2\/"},"modified":"2025-12-14T15:25:08","modified_gmt":"2025-12-14T14:25:08","slug":"loreal-paris-ingrijire-de-zi-hidratanta-pentru-pielea-normala-chiar-mixta-hydra-genius-liquid-care-daily-moisturiser-70-ml-2","status":"publish","type":"product","link":"https:\/\/shopatoa.com\/ro\/loreal-paris-ingrijire-de-zi-hidratanta-pentru-pielea-normala-chiar-mixta-hydra-genius-liquid-care-daily-moisturiser-70-ml-2\/","title":{"rendered":"L&#8217;Or\u00e9al Paris \u00cengrijire de zi hidratant\u0103 pentru pielea normal\u0103 chiar mixt\u0103 Hydra Genius (Liquid Care Daily Moisturiser) 70 ml"},"content":{"rendered":"<p>O nou\u0103 tendin\u021b\u0103 \u00een \u00eengrijirea pielii este cremele u\u0219oare cu o textura gel de lumin\u0103 r\u0103coritoare. De aceea, L\u00b4Or\u00e9al Paris vine cu o piele hidratant\u0103 Hydra Genius, care con\u021bine extract de aloe vera \u0219i acid hialuronic. Aloe vera con\u021bine minerale importante pentru hidratare. Acidul hialuronic este un ingredient natural cu o capacitate excep\u021bional\u0103 de a lega o cantitate mare de ap\u0103 pe sine \u0219i de a \u00eent\u0103ri pielea. Hydra Genius este absorbit\u0103 rapid, nu se lipeste, astfel \u00eenc\u00e2t pielea dvs. este imediat gata s\u0103 aplice machiajul. Pielea este proasp\u0103t\u0103 \u0219i str\u0103lucitoare p\u00e2n\u0103 la 72 de ore. Utiliza\u021bi-l \u00een fiecare diminea\u021b\u0103 \u0219i sear\u0103 pentru fa\u021b\u0103 \u0219i g\u00e2t. Extractul de Aloe Vera con\u021bine minerale importante pentru hidratare, acidul hialuronic hidrateaz\u0103 \u0219i umple pielea. A\u021bi testat: recomand\u0103 100% dintre testeri Rezultatele testelor<\/p>\n","protected":false},"excerpt":{"rendered":"<p>O nou\u0103 tendin\u021b\u0103 \u00een \u00eengrijirea pielii este cremele u\u0219oare cu o textura gel de lumin\u0103 r\u0103coritoare. De aceea, L\u00b4Or\u00e9al Paris vine cu o piele hidratant\u0103 Hydra Genius, care con\u021bine extract de aloe vera \u0219i acid hialuronic. Aloe vera con\u021bine minerale importante pentru hidratare. Acidul hialuronic este un ingredient natural cu o capacitate excep\u021bional\u0103 de a&#8230;<\/p>\n","protected":false},"featured_media":374126,"comment_status":"closed","ping_status":"open","template":"","meta":{"_acf_changed":false,"_kadence_starter_templates_imported_post":false,"_kad_post_transparent":"","_kad_post_title":"","_kad_post_layout":"","_kad_post_sidebar_id":"","_kad_post_content_style":"","_kad_post_vertical_padding":"","_kad_post_feature":"","_kad_post_feature_position":"","_kad_post_header":false,"_kad_post_footer":false,"_kad_post_classname":""},"product_brand":[384],"product_cat":[246,635,634,633],"product_tag":[],"class_list":{"0":"post-374125","1":"product","2":"type-product","3":"status-publish","4":"has-post-thumbnail","6":"product_brand-loreal-paris","7":"product_cat-cosmetice","8":"product_cat-hidratarea-si-nutritia-pielii","9":"product_cat-produse-cosmetice-de-ingrijire-a-pielii","10":"product_cat-produse-cosmetice-pentru-piele","12":"first","13":"instock","14":"sale","15":"product-type-external","16":"entry","17":"content-bg","18":"loop-entry"},"acf":[],"yoast_head":"<!-- This site is optimized with the Yoast SEO plugin v27.3 - https:\/\/yoast.com\/product\/yoast-seo-wordpress\/ -->\n<title>L&#039;Or\u00e9al Paris \u00cengrijire de zi hidratant\u0103 pentru pielea normal\u0103 chiar mixt\u0103 Hydra Genius (Liquid Care Daily Moisturiser) 70 ml - SHOPATOA.COM<\/title>\n<meta name=\"robots\" content=\"index, follow, max-snippet:-1, max-image-preview:large, max-video-preview:-1\" \/>\n<link rel=\"canonical\" href=\"https:\/\/shopatoa.com\/ro\/loreal-paris-ingrijire-de-zi-hidratanta-pentru-pielea-normala-chiar-mixta-hydra-genius-liquid-care-daily-moisturiser-70-ml-2\/\" \/>\n<meta property=\"og:locale\" content=\"ro_RO\" \/>\n<meta property=\"og:type\" content=\"article\" \/>\n<meta property=\"og:title\" content=\"L&#039;Or\u00e9al Paris \u00cengrijire de zi hidratant\u0103 pentru pielea normal\u0103 chiar mixt\u0103 Hydra Genius (Liquid Care Daily Moisturiser) 70 ml - SHOPATOA.COM\" \/>\n<meta property=\"og:description\" content=\"O nou\u0103 tendin\u021b\u0103 \u00een \u00eengrijirea pielii este cremele u\u0219oare cu o textura gel de lumin\u0103 r\u0103coritoare. De aceea, L\u00b4Or\u00e9al Paris vine cu o piele hidratant\u0103 Hydra Genius, care con\u021bine extract de aloe vera \u0219i acid hialuronic. Aloe vera con\u021bine minerale importante pentru hidratare. Acidul hialuronic este un ingredient natural cu o capacitate excep\u021bional\u0103 de a...\" \/>\n<meta property=\"og:url\" content=\"https:\/\/shopatoa.com\/ro\/loreal-paris-ingrijire-de-zi-hidratanta-pentru-pielea-normala-chiar-mixta-hydra-genius-liquid-care-daily-moisturiser-70-ml-2\/\" \/>\n<meta property=\"og:site_name\" content=\"SHOPATOA\" \/>\n<meta property=\"article:modified_time\" content=\"2025-12-14T14:25:08+00:00\" \/>\n<meta property=\"og:image\" content=\"https:\/\/storage.googleapis.com\/cz-shopatoa-img\/ro\/c30504eb-unnamed-file.webp\" \/>\n\t<meta property=\"og:image:width\" content=\"800\" \/>\n\t<meta property=\"og:image:height\" content=\"800\" \/>\n\t<meta property=\"og:image:type\" content=\"image\/webp\" \/>\n<meta name=\"twitter:card\" content=\"summary_large_image\" \/>\n<meta name=\"twitter:label1\" content=\"Timp estimat pentru citire\" \/>\n\t<meta name=\"twitter:data1\" content=\"1 minut\" \/>\n<script type=\"application\/ld+json\" class=\"yoast-schema-graph\">{\"@context\":\"https:\\\/\\\/schema.org\",\"@graph\":[{\"@type\":\"WebPage\",\"@id\":\"https:\\\/\\\/shopatoa.com\\\/ro\\\/loreal-paris-ingrijire-de-zi-hidratanta-pentru-pielea-normala-chiar-mixta-hydra-genius-liquid-care-daily-moisturiser-70-ml-2\\\/\",\"url\":\"https:\\\/\\\/shopatoa.com\\\/ro\\\/loreal-paris-ingrijire-de-zi-hidratanta-pentru-pielea-normala-chiar-mixta-hydra-genius-liquid-care-daily-moisturiser-70-ml-2\\\/\",\"name\":\"L'Or\u00e9al Paris \u00cengrijire de zi hidratant\u0103 pentru pielea normal\u0103 chiar mixt\u0103 Hydra Genius (Liquid Care Daily Moisturiser) 70 ml - SHOPATOA.COM\",\"isPartOf\":{\"@id\":\"https:\\\/\\\/shopatoa.com\\\/ro\\\/#website\"},\"primaryImageOfPage\":{\"@id\":\"https:\\\/\\\/shopatoa.com\\\/ro\\\/loreal-paris-ingrijire-de-zi-hidratanta-pentru-pielea-normala-chiar-mixta-hydra-genius-liquid-care-daily-moisturiser-70-ml-2\\\/#primaryimage\"},\"image\":{\"@id\":\"https:\\\/\\\/shopatoa.com\\\/ro\\\/loreal-paris-ingrijire-de-zi-hidratanta-pentru-pielea-normala-chiar-mixta-hydra-genius-liquid-care-daily-moisturiser-70-ml-2\\\/#primaryimage\"},\"thumbnailUrl\":\"https:\\\/\\\/storage.googleapis.com\\\/cz-shopatoa-img\\\/ro\\\/c30504eb-unnamed-file.webp\",\"datePublished\":\"2025-05-22T03:46:25+00:00\",\"dateModified\":\"2025-12-14T14:25:08+00:00\",\"breadcrumb\":{\"@id\":\"https:\\\/\\\/shopatoa.com\\\/ro\\\/loreal-paris-ingrijire-de-zi-hidratanta-pentru-pielea-normala-chiar-mixta-hydra-genius-liquid-care-daily-moisturiser-70-ml-2\\\/#breadcrumb\"},\"inLanguage\":\"ro-RO\",\"potentialAction\":[{\"@type\":\"ReadAction\",\"target\":[\"https:\\\/\\\/shopatoa.com\\\/ro\\\/loreal-paris-ingrijire-de-zi-hidratanta-pentru-pielea-normala-chiar-mixta-hydra-genius-liquid-care-daily-moisturiser-70-ml-2\\\/\"]}]},{\"@type\":\"ImageObject\",\"inLanguage\":\"ro-RO\",\"@id\":\"https:\\\/\\\/shopatoa.com\\\/ro\\\/loreal-paris-ingrijire-de-zi-hidratanta-pentru-pielea-normala-chiar-mixta-hydra-genius-liquid-care-daily-moisturiser-70-ml-2\\\/#primaryimage\",\"url\":\"https:\\\/\\\/storage.googleapis.com\\\/cz-shopatoa-img\\\/ro\\\/c30504eb-unnamed-file.webp\",\"contentUrl\":\"https:\\\/\\\/storage.googleapis.com\\\/cz-shopatoa-img\\\/ro\\\/c30504eb-unnamed-file.webp\",\"width\":800,\"height\":800},{\"@type\":\"BreadcrumbList\",\"@id\":\"https:\\\/\\\/shopatoa.com\\\/ro\\\/loreal-paris-ingrijire-de-zi-hidratanta-pentru-pielea-normala-chiar-mixta-hydra-genius-liquid-care-daily-moisturiser-70-ml-2\\\/#breadcrumb\",\"itemListElement\":[{\"@type\":\"ListItem\",\"position\":1,\"name\":\"Dom\u016f\",\"item\":\"https:\\\/\\\/shopatoa.com\\\/ro\\\/\"},{\"@type\":\"ListItem\",\"position\":2,\"name\":\"Shop\",\"item\":\"https:\\\/\\\/shopatoa.com\\\/ro\\\/shop\\\/\"},{\"@type\":\"ListItem\",\"position\":3,\"name\":\"Cosmetice\",\"item\":\"https:\\\/\\\/shopatoa.com\\\/ro\\\/cosmetice\\\/\"},{\"@type\":\"ListItem\",\"position\":4,\"name\":\"Produse cosmetice pentru piele\",\"item\":\"https:\\\/\\\/shopatoa.com\\\/ro\\\/produse-cosmetice-pentru-piele\\\/\"},{\"@type\":\"ListItem\",\"position\":5,\"name\":\"Produse cosmetice de \u00eengrijire a pielii\",\"item\":\"https:\\\/\\\/shopatoa.com\\\/ro\\\/produse-cosmetice-de-ingrijire-a-pielii\\\/\"},{\"@type\":\"ListItem\",\"position\":6,\"name\":\"Hidratarea \u0219i nutri\u021bia pielii\",\"item\":\"https:\\\/\\\/shopatoa.com\\\/ro\\\/hidratarea-si-nutritia-pielii\\\/\"},{\"@type\":\"ListItem\",\"position\":7,\"name\":\"L&#8217;Or\u00e9al Paris \u00cengrijire de zi hidratant\u0103 pentru pielea normal\u0103 chiar mixt\u0103 Hydra Genius (Liquid Care Daily Moisturiser) 70 ml\"}]},{\"@type\":\"WebSite\",\"@id\":\"https:\\\/\\\/shopatoa.com\\\/ro\\\/#website\",\"url\":\"https:\\\/\\\/shopatoa.com\\\/ro\\\/\",\"name\":\"SHOPATOA\",\"description\":\"\",\"publisher\":{\"@id\":\"https:\\\/\\\/shopatoa.com\\\/ro\\\/#organization\"},\"potentialAction\":[{\"@type\":\"SearchAction\",\"target\":{\"@type\":\"EntryPoint\",\"urlTemplate\":\"https:\\\/\\\/shopatoa.com\\\/ro\\\/?s={search_term_string}\"},\"query-input\":{\"@type\":\"PropertyValueSpecification\",\"valueRequired\":true,\"valueName\":\"search_term_string\"}}],\"inLanguage\":\"ro-RO\"},{\"@type\":\"Organization\",\"@id\":\"https:\\\/\\\/shopatoa.com\\\/ro\\\/#organization\",\"name\":\"SHOPATOA\",\"url\":\"https:\\\/\\\/shopatoa.com\\\/ro\\\/\",\"logo\":{\"@type\":\"ImageObject\",\"inLanguage\":\"ro-RO\",\"@id\":\"https:\\\/\\\/shopatoa.com\\\/ro\\\/#\\\/schema\\\/logo\\\/image\\\/\",\"url\":\"https:\\\/\\\/storage.googleapis.com\\\/cz-shopatoa-img\\\/ro\\\/b4dac915-shopatoa_logo.png\",\"contentUrl\":\"https:\\\/\\\/storage.googleapis.com\\\/cz-shopatoa-img\\\/ro\\\/b4dac915-shopatoa_logo.png\",\"width\":416,\"height\":63,\"caption\":\"SHOPATOA\"},\"image\":{\"@id\":\"https:\\\/\\\/shopatoa.com\\\/ro\\\/#\\\/schema\\\/logo\\\/image\\\/\"}}]}<\/script>\n<!-- \/ Yoast SEO plugin. -->","yoast_head_json":{"title":"L'Or\u00e9al Paris \u00cengrijire de zi hidratant\u0103 pentru pielea normal\u0103 chiar mixt\u0103 Hydra Genius (Liquid Care Daily Moisturiser) 70 ml - SHOPATOA.COM","robots":{"index":"index","follow":"follow","max-snippet":"max-snippet:-1","max-image-preview":"max-image-preview:large","max-video-preview":"max-video-preview:-1"},"canonical":"https:\/\/shopatoa.com\/ro\/loreal-paris-ingrijire-de-zi-hidratanta-pentru-pielea-normala-chiar-mixta-hydra-genius-liquid-care-daily-moisturiser-70-ml-2\/","og_locale":"ro_RO","og_type":"article","og_title":"L'Or\u00e9al Paris \u00cengrijire de zi hidratant\u0103 pentru pielea normal\u0103 chiar mixt\u0103 Hydra Genius (Liquid Care Daily Moisturiser) 70 ml - SHOPATOA.COM","og_description":"O nou\u0103 tendin\u021b\u0103 \u00een \u00eengrijirea pielii este cremele u\u0219oare cu o textura gel de lumin\u0103 r\u0103coritoare. De aceea, L\u00b4Or\u00e9al Paris vine cu o piele hidratant\u0103 Hydra Genius, care con\u021bine extract de aloe vera \u0219i acid hialuronic. Aloe vera con\u021bine minerale importante pentru hidratare. Acidul hialuronic este un ingredient natural cu o capacitate excep\u021bional\u0103 de a...","og_url":"https:\/\/shopatoa.com\/ro\/loreal-paris-ingrijire-de-zi-hidratanta-pentru-pielea-normala-chiar-mixta-hydra-genius-liquid-care-daily-moisturiser-70-ml-2\/","og_site_name":"SHOPATOA","article_modified_time":"2025-12-14T14:25:08+00:00","og_image":[{"width":800,"height":800,"url":"https:\/\/storage.googleapis.com\/cz-shopatoa-img\/ro\/c30504eb-unnamed-file.webp","type":"image\/webp"}],"twitter_card":"summary_large_image","twitter_misc":{"Timp estimat pentru citire":"1 minut"},"schema":{"@context":"https:\/\/schema.org","@graph":[{"@type":"WebPage","@id":"https:\/\/shopatoa.com\/ro\/loreal-paris-ingrijire-de-zi-hidratanta-pentru-pielea-normala-chiar-mixta-hydra-genius-liquid-care-daily-moisturiser-70-ml-2\/","url":"https:\/\/shopatoa.com\/ro\/loreal-paris-ingrijire-de-zi-hidratanta-pentru-pielea-normala-chiar-mixta-hydra-genius-liquid-care-daily-moisturiser-70-ml-2\/","name":"L'Or\u00e9al Paris \u00cengrijire de zi hidratant\u0103 pentru pielea normal\u0103 chiar mixt\u0103 Hydra Genius (Liquid Care Daily Moisturiser) 70 ml - SHOPATOA.COM","isPartOf":{"@id":"https:\/\/shopatoa.com\/ro\/#website"},"primaryImageOfPage":{"@id":"https:\/\/shopatoa.com\/ro\/loreal-paris-ingrijire-de-zi-hidratanta-pentru-pielea-normala-chiar-mixta-hydra-genius-liquid-care-daily-moisturiser-70-ml-2\/#primaryimage"},"image":{"@id":"https:\/\/shopatoa.com\/ro\/loreal-paris-ingrijire-de-zi-hidratanta-pentru-pielea-normala-chiar-mixta-hydra-genius-liquid-care-daily-moisturiser-70-ml-2\/#primaryimage"},"thumbnailUrl":"https:\/\/storage.googleapis.com\/cz-shopatoa-img\/ro\/c30504eb-unnamed-file.webp","datePublished":"2025-05-22T03:46:25+00:00","dateModified":"2025-12-14T14:25:08+00:00","breadcrumb":{"@id":"https:\/\/shopatoa.com\/ro\/loreal-paris-ingrijire-de-zi-hidratanta-pentru-pielea-normala-chiar-mixta-hydra-genius-liquid-care-daily-moisturiser-70-ml-2\/#breadcrumb"},"inLanguage":"ro-RO","potentialAction":[{"@type":"ReadAction","target":["https:\/\/shopatoa.com\/ro\/loreal-paris-ingrijire-de-zi-hidratanta-pentru-pielea-normala-chiar-mixta-hydra-genius-liquid-care-daily-moisturiser-70-ml-2\/"]}]},{"@type":"ImageObject","inLanguage":"ro-RO","@id":"https:\/\/shopatoa.com\/ro\/loreal-paris-ingrijire-de-zi-hidratanta-pentru-pielea-normala-chiar-mixta-hydra-genius-liquid-care-daily-moisturiser-70-ml-2\/#primaryimage","url":"https:\/\/storage.googleapis.com\/cz-shopatoa-img\/ro\/c30504eb-unnamed-file.webp","contentUrl":"https:\/\/storage.googleapis.com\/cz-shopatoa-img\/ro\/c30504eb-unnamed-file.webp","width":800,"height":800},{"@type":"BreadcrumbList","@id":"https:\/\/shopatoa.com\/ro\/loreal-paris-ingrijire-de-zi-hidratanta-pentru-pielea-normala-chiar-mixta-hydra-genius-liquid-care-daily-moisturiser-70-ml-2\/#breadcrumb","itemListElement":[{"@type":"ListItem","position":1,"name":"Dom\u016f","item":"https:\/\/shopatoa.com\/ro\/"},{"@type":"ListItem","position":2,"name":"Shop","item":"https:\/\/shopatoa.com\/ro\/shop\/"},{"@type":"ListItem","position":3,"name":"Cosmetice","item":"https:\/\/shopatoa.com\/ro\/cosmetice\/"},{"@type":"ListItem","position":4,"name":"Produse cosmetice pentru piele","item":"https:\/\/shopatoa.com\/ro\/produse-cosmetice-pentru-piele\/"},{"@type":"ListItem","position":5,"name":"Produse cosmetice de \u00eengrijire a pielii","item":"https:\/\/shopatoa.com\/ro\/produse-cosmetice-de-ingrijire-a-pielii\/"},{"@type":"ListItem","position":6,"name":"Hidratarea \u0219i nutri\u021bia pielii","item":"https:\/\/shopatoa.com\/ro\/hidratarea-si-nutritia-pielii\/"},{"@type":"ListItem","position":7,"name":"L&#8217;Or\u00e9al Paris \u00cengrijire de zi hidratant\u0103 pentru pielea normal\u0103 chiar mixt\u0103 Hydra Genius (Liquid Care Daily Moisturiser) 70 ml"}]},{"@type":"WebSite","@id":"https:\/\/shopatoa.com\/ro\/#website","url":"https:\/\/shopatoa.com\/ro\/","name":"SHOPATOA","description":"","publisher":{"@id":"https:\/\/shopatoa.com\/ro\/#organization"},"potentialAction":[{"@type":"SearchAction","target":{"@type":"EntryPoint","urlTemplate":"https:\/\/shopatoa.com\/ro\/?s={search_term_string}"},"query-input":{"@type":"PropertyValueSpecification","valueRequired":true,"valueName":"search_term_string"}}],"inLanguage":"ro-RO"},{"@type":"Organization","@id":"https:\/\/shopatoa.com\/ro\/#organization","name":"SHOPATOA","url":"https:\/\/shopatoa.com\/ro\/","logo":{"@type":"ImageObject","inLanguage":"ro-RO","@id":"https:\/\/shopatoa.com\/ro\/#\/schema\/logo\/image\/","url":"https:\/\/storage.googleapis.com\/cz-shopatoa-img\/ro\/b4dac915-shopatoa_logo.png","contentUrl":"https:\/\/storage.googleapis.com\/cz-shopatoa-img\/ro\/b4dac915-shopatoa_logo.png","width":416,"height":63,"caption":"SHOPATOA"},"image":{"@id":"https:\/\/shopatoa.com\/ro\/#\/schema\/logo\/image\/"}}]}},"_links":{"self":[{"href":"https:\/\/shopatoa.com\/ro\/wp-json\/wp\/v2\/product\/374125","targetHints":{"allow":["GET"]}}],"collection":[{"href":"https:\/\/shopatoa.com\/ro\/wp-json\/wp\/v2\/product"}],"about":[{"href":"https:\/\/shopatoa.com\/ro\/wp-json\/wp\/v2\/types\/product"}],"replies":[{"embeddable":true,"href":"https:\/\/shopatoa.com\/ro\/wp-json\/wp\/v2\/comments?post=374125"}],"wp:featuredmedia":[{"embeddable":true,"href":"https:\/\/shopatoa.com\/ro\/wp-json\/wp\/v2\/media\/374126"}],"wp:attachment":[{"href":"https:\/\/shopatoa.com\/ro\/wp-json\/wp\/v2\/media?parent=374125"}],"wp:term":[{"taxonomy":"product_brand","embeddable":true,"href":"https:\/\/shopatoa.com\/ro\/wp-json\/wp\/v2\/product_brand?post=374125"},{"taxonomy":"product_cat","embeddable":true,"href":"https:\/\/shopatoa.com\/ro\/wp-json\/wp\/v2\/product_cat?post=374125"},{"taxonomy":"product_tag","embeddable":true,"href":"https:\/\/shopatoa.com\/ro\/wp-json\/wp\/v2\/product_tag?post=374125"}],"curies":[{"name":"wp","href":"https:\/\/api.w.org\/{rel}","templated":true}]}}