{"id":374129,"date":"2025-05-22T05:46:25","date_gmt":"2025-05-22T03:46:25","guid":{"rendered":"https:\/\/shopatoa.com\/ro\/shiseido-emulsie-pentru-curatarea-pielii-future-solution-lx-concentrate-d-balancing-softener-170-ml-2\/"},"modified":"2025-12-13T20:42:16","modified_gmt":"2025-12-13T19:42:16","slug":"shiseido-emulsie-pentru-curatarea-pielii-future-solution-lx-concentrate-d-balancing-softener-170-ml-2","status":"publish","type":"product","link":"https:\/\/shopatoa.com\/ro\/shiseido-emulsie-pentru-curatarea-pielii-future-solution-lx-concentrate-d-balancing-softener-170-ml-2\/","title":{"rendered":"Shiseido Emulsie pentru cur\u0103\u021barea pielii Future Solution LX ( Concentrate d Balancing Softener) 170 ml"},"content":{"rendered":"<p>Emulsie pentru cur\u0103\u021barea pielii Future Solution LX confer\u0103 pielii umiditate imediat\u0103 \u0219i lupt\u0103 cu semnele vizibile ale \u00eemb\u0103tr\u00e2nirii. Intoarce pielea la aspectul tan\u0103r. Intensiv restabile\u0219te textura pielii \u0219i minimalizeaz\u0103 aspectul porilor.Intoarce luminozitatea pielii \u0219i o hr\u0103ne\u0219te ad\u00e2nc.<\/p>\n","protected":false},"excerpt":{"rendered":"<p>Emulsie pentru cur\u0103\u021barea pielii Future Solution LX confer\u0103 pielii umiditate imediat\u0103 \u0219i lupt\u0103 cu semnele vizibile ale \u00eemb\u0103tr\u00e2nirii. Intoarce pielea la aspectul tan\u0103r. Intensiv restabile\u0219te textura pielii \u0219i minimalizeaz\u0103 aspectul porilor.Intoarce luminozitatea pielii \u0219i o hr\u0103ne\u0219te ad\u00e2nc.<\/p>\n","protected":false},"featured_media":374130,"comment_status":"closed","ping_status":"open","template":"","meta":{"_acf_changed":false,"_kadence_starter_templates_imported_post":false,"_kad_post_transparent":"","_kad_post_title":"","_kad_post_layout":"","_kad_post_sidebar_id":"","_kad_post_content_style":"","_kad_post_vertical_padding":"","_kad_post_feature":"","_kad_post_feature_position":"","_kad_post_header":false,"_kad_post_footer":false,"_kad_post_classname":""},"product_brand":[134],"product_cat":[246,660,634,633],"product_tag":[],"class_list":{"0":"post-374129","1":"product","2":"type-product","3":"status-publish","4":"has-post-thumbnail","6":"product_brand-shiseido","7":"product_cat-cosmetice","8":"product_cat-curatarea-demachierea-fetei","9":"product_cat-produse-cosmetice-de-ingrijire-a-pielii","10":"product_cat-produse-cosmetice-pentru-piele","12":"first","13":"instock","14":"product-type-external","15":"entry","16":"content-bg","17":"loop-entry"},"acf":[],"yoast_head":"<!-- This site is optimized with the Yoast SEO plugin v27.3 - https:\/\/yoast.com\/product\/yoast-seo-wordpress\/ -->\n<title>Shiseido Emulsie pentru cur\u0103\u021barea pielii Future Solution LX ( Concentrate d Balancing Softener) 170 ml - SHOPATOA.COM<\/title>\n<meta name=\"robots\" content=\"index, follow, max-snippet:-1, max-image-preview:large, max-video-preview:-1\" \/>\n<link rel=\"canonical\" href=\"https:\/\/shopatoa.com\/ro\/shiseido-emulsie-pentru-curatarea-pielii-future-solution-lx-concentrate-d-balancing-softener-170-ml-2\/\" \/>\n<meta property=\"og:locale\" content=\"ro_RO\" \/>\n<meta property=\"og:type\" content=\"article\" \/>\n<meta property=\"og:title\" content=\"Shiseido Emulsie pentru cur\u0103\u021barea pielii Future Solution LX ( Concentrate d Balancing Softener) 170 ml - SHOPATOA.COM\" \/>\n<meta property=\"og:description\" content=\"Emulsie pentru cur\u0103\u021barea pielii Future Solution LX confer\u0103 pielii umiditate imediat\u0103 \u0219i lupt\u0103 cu semnele vizibile ale \u00eemb\u0103tr\u00e2nirii. Intoarce pielea la aspectul tan\u0103r. Intensiv restabile\u0219te textura pielii \u0219i minimalizeaz\u0103 aspectul porilor.Intoarce luminozitatea pielii \u0219i o hr\u0103ne\u0219te ad\u00e2nc.\" \/>\n<meta property=\"og:url\" content=\"https:\/\/shopatoa.com\/ro\/shiseido-emulsie-pentru-curatarea-pielii-future-solution-lx-concentrate-d-balancing-softener-170-ml-2\/\" \/>\n<meta property=\"og:site_name\" content=\"SHOPATOA\" \/>\n<meta property=\"article:modified_time\" content=\"2025-12-13T19:42:16+00:00\" \/>\n<meta property=\"og:image\" content=\"https:\/\/storage.googleapis.com\/cz-shopatoa-img\/ro\/55f677c7-unnamed-file.webp\" \/>\n\t<meta property=\"og:image:width\" content=\"800\" \/>\n\t<meta property=\"og:image:height\" content=\"800\" \/>\n\t<meta property=\"og:image:type\" content=\"image\/webp\" \/>\n<meta name=\"twitter:card\" content=\"summary_large_image\" \/>\n<script type=\"application\/ld+json\" class=\"yoast-schema-graph\">{\"@context\":\"https:\\\/\\\/schema.org\",\"@graph\":[{\"@type\":\"WebPage\",\"@id\":\"https:\\\/\\\/shopatoa.com\\\/ro\\\/shiseido-emulsie-pentru-curatarea-pielii-future-solution-lx-concentrate-d-balancing-softener-170-ml-2\\\/\",\"url\":\"https:\\\/\\\/shopatoa.com\\\/ro\\\/shiseido-emulsie-pentru-curatarea-pielii-future-solution-lx-concentrate-d-balancing-softener-170-ml-2\\\/\",\"name\":\"Shiseido Emulsie pentru cur\u0103\u021barea pielii Future Solution LX ( Concentrate d Balancing Softener) 170 ml - SHOPATOA.COM\",\"isPartOf\":{\"@id\":\"https:\\\/\\\/shopatoa.com\\\/ro\\\/#website\"},\"primaryImageOfPage\":{\"@id\":\"https:\\\/\\\/shopatoa.com\\\/ro\\\/shiseido-emulsie-pentru-curatarea-pielii-future-solution-lx-concentrate-d-balancing-softener-170-ml-2\\\/#primaryimage\"},\"image\":{\"@id\":\"https:\\\/\\\/shopatoa.com\\\/ro\\\/shiseido-emulsie-pentru-curatarea-pielii-future-solution-lx-concentrate-d-balancing-softener-170-ml-2\\\/#primaryimage\"},\"thumbnailUrl\":\"https:\\\/\\\/storage.googleapis.com\\\/cz-shopatoa-img\\\/ro\\\/55f677c7-unnamed-file.webp\",\"datePublished\":\"2025-05-22T03:46:25+00:00\",\"dateModified\":\"2025-12-13T19:42:16+00:00\",\"breadcrumb\":{\"@id\":\"https:\\\/\\\/shopatoa.com\\\/ro\\\/shiseido-emulsie-pentru-curatarea-pielii-future-solution-lx-concentrate-d-balancing-softener-170-ml-2\\\/#breadcrumb\"},\"inLanguage\":\"ro-RO\",\"potentialAction\":[{\"@type\":\"ReadAction\",\"target\":[\"https:\\\/\\\/shopatoa.com\\\/ro\\\/shiseido-emulsie-pentru-curatarea-pielii-future-solution-lx-concentrate-d-balancing-softener-170-ml-2\\\/\"]}]},{\"@type\":\"ImageObject\",\"inLanguage\":\"ro-RO\",\"@id\":\"https:\\\/\\\/shopatoa.com\\\/ro\\\/shiseido-emulsie-pentru-curatarea-pielii-future-solution-lx-concentrate-d-balancing-softener-170-ml-2\\\/#primaryimage\",\"url\":\"https:\\\/\\\/storage.googleapis.com\\\/cz-shopatoa-img\\\/ro\\\/55f677c7-unnamed-file.webp\",\"contentUrl\":\"https:\\\/\\\/storage.googleapis.com\\\/cz-shopatoa-img\\\/ro\\\/55f677c7-unnamed-file.webp\",\"width\":800,\"height\":800},{\"@type\":\"BreadcrumbList\",\"@id\":\"https:\\\/\\\/shopatoa.com\\\/ro\\\/shiseido-emulsie-pentru-curatarea-pielii-future-solution-lx-concentrate-d-balancing-softener-170-ml-2\\\/#breadcrumb\",\"itemListElement\":[{\"@type\":\"ListItem\",\"position\":1,\"name\":\"Dom\u016f\",\"item\":\"https:\\\/\\\/shopatoa.com\\\/ro\\\/\"},{\"@type\":\"ListItem\",\"position\":2,\"name\":\"Shop\",\"item\":\"https:\\\/\\\/shopatoa.com\\\/ro\\\/shop\\\/\"},{\"@type\":\"ListItem\",\"position\":3,\"name\":\"Cosmetice\",\"item\":\"https:\\\/\\\/shopatoa.com\\\/ro\\\/cosmetice\\\/\"},{\"@type\":\"ListItem\",\"position\":4,\"name\":\"Produse cosmetice pentru piele\",\"item\":\"https:\\\/\\\/shopatoa.com\\\/ro\\\/produse-cosmetice-pentru-piele\\\/\"},{\"@type\":\"ListItem\",\"position\":5,\"name\":\"Produse cosmetice de \u00eengrijire a pielii\",\"item\":\"https:\\\/\\\/shopatoa.com\\\/ro\\\/produse-cosmetice-de-ingrijire-a-pielii\\\/\"},{\"@type\":\"ListItem\",\"position\":6,\"name\":\"Cur\u0103\u021barea, demachierea fe\u021bei\",\"item\":\"https:\\\/\\\/shopatoa.com\\\/ro\\\/curatarea-demachierea-fetei\\\/\"},{\"@type\":\"ListItem\",\"position\":7,\"name\":\"Shiseido Emulsie pentru cur\u0103\u021barea pielii Future Solution LX ( Concentrate d Balancing Softener) 170 ml\"}]},{\"@type\":\"WebSite\",\"@id\":\"https:\\\/\\\/shopatoa.com\\\/ro\\\/#website\",\"url\":\"https:\\\/\\\/shopatoa.com\\\/ro\\\/\",\"name\":\"SHOPATOA\",\"description\":\"\",\"publisher\":{\"@id\":\"https:\\\/\\\/shopatoa.com\\\/ro\\\/#organization\"},\"potentialAction\":[{\"@type\":\"SearchAction\",\"target\":{\"@type\":\"EntryPoint\",\"urlTemplate\":\"https:\\\/\\\/shopatoa.com\\\/ro\\\/?s={search_term_string}\"},\"query-input\":{\"@type\":\"PropertyValueSpecification\",\"valueRequired\":true,\"valueName\":\"search_term_string\"}}],\"inLanguage\":\"ro-RO\"},{\"@type\":\"Organization\",\"@id\":\"https:\\\/\\\/shopatoa.com\\\/ro\\\/#organization\",\"name\":\"SHOPATOA\",\"url\":\"https:\\\/\\\/shopatoa.com\\\/ro\\\/\",\"logo\":{\"@type\":\"ImageObject\",\"inLanguage\":\"ro-RO\",\"@id\":\"https:\\\/\\\/shopatoa.com\\\/ro\\\/#\\\/schema\\\/logo\\\/image\\\/\",\"url\":\"https:\\\/\\\/storage.googleapis.com\\\/cz-shopatoa-img\\\/ro\\\/b4dac915-shopatoa_logo.png\",\"contentUrl\":\"https:\\\/\\\/storage.googleapis.com\\\/cz-shopatoa-img\\\/ro\\\/b4dac915-shopatoa_logo.png\",\"width\":416,\"height\":63,\"caption\":\"SHOPATOA\"},\"image\":{\"@id\":\"https:\\\/\\\/shopatoa.com\\\/ro\\\/#\\\/schema\\\/logo\\\/image\\\/\"}}]}<\/script>\n<!-- \/ Yoast SEO plugin. -->","yoast_head_json":{"title":"Shiseido Emulsie pentru cur\u0103\u021barea pielii Future Solution LX ( Concentrate d Balancing Softener) 170 ml - SHOPATOA.COM","robots":{"index":"index","follow":"follow","max-snippet":"max-snippet:-1","max-image-preview":"max-image-preview:large","max-video-preview":"max-video-preview:-1"},"canonical":"https:\/\/shopatoa.com\/ro\/shiseido-emulsie-pentru-curatarea-pielii-future-solution-lx-concentrate-d-balancing-softener-170-ml-2\/","og_locale":"ro_RO","og_type":"article","og_title":"Shiseido Emulsie pentru cur\u0103\u021barea pielii Future Solution LX ( Concentrate d Balancing Softener) 170 ml - SHOPATOA.COM","og_description":"Emulsie pentru cur\u0103\u021barea pielii Future Solution LX confer\u0103 pielii umiditate imediat\u0103 \u0219i lupt\u0103 cu semnele vizibile ale \u00eemb\u0103tr\u00e2nirii. Intoarce pielea la aspectul tan\u0103r. Intensiv restabile\u0219te textura pielii \u0219i minimalizeaz\u0103 aspectul porilor.Intoarce luminozitatea pielii \u0219i o hr\u0103ne\u0219te ad\u00e2nc.","og_url":"https:\/\/shopatoa.com\/ro\/shiseido-emulsie-pentru-curatarea-pielii-future-solution-lx-concentrate-d-balancing-softener-170-ml-2\/","og_site_name":"SHOPATOA","article_modified_time":"2025-12-13T19:42:16+00:00","og_image":[{"width":800,"height":800,"url":"https:\/\/storage.googleapis.com\/cz-shopatoa-img\/ro\/55f677c7-unnamed-file.webp","type":"image\/webp"}],"twitter_card":"summary_large_image","schema":{"@context":"https:\/\/schema.org","@graph":[{"@type":"WebPage","@id":"https:\/\/shopatoa.com\/ro\/shiseido-emulsie-pentru-curatarea-pielii-future-solution-lx-concentrate-d-balancing-softener-170-ml-2\/","url":"https:\/\/shopatoa.com\/ro\/shiseido-emulsie-pentru-curatarea-pielii-future-solution-lx-concentrate-d-balancing-softener-170-ml-2\/","name":"Shiseido Emulsie pentru cur\u0103\u021barea pielii Future Solution LX ( Concentrate d Balancing Softener) 170 ml - SHOPATOA.COM","isPartOf":{"@id":"https:\/\/shopatoa.com\/ro\/#website"},"primaryImageOfPage":{"@id":"https:\/\/shopatoa.com\/ro\/shiseido-emulsie-pentru-curatarea-pielii-future-solution-lx-concentrate-d-balancing-softener-170-ml-2\/#primaryimage"},"image":{"@id":"https:\/\/shopatoa.com\/ro\/shiseido-emulsie-pentru-curatarea-pielii-future-solution-lx-concentrate-d-balancing-softener-170-ml-2\/#primaryimage"},"thumbnailUrl":"https:\/\/storage.googleapis.com\/cz-shopatoa-img\/ro\/55f677c7-unnamed-file.webp","datePublished":"2025-05-22T03:46:25+00:00","dateModified":"2025-12-13T19:42:16+00:00","breadcrumb":{"@id":"https:\/\/shopatoa.com\/ro\/shiseido-emulsie-pentru-curatarea-pielii-future-solution-lx-concentrate-d-balancing-softener-170-ml-2\/#breadcrumb"},"inLanguage":"ro-RO","potentialAction":[{"@type":"ReadAction","target":["https:\/\/shopatoa.com\/ro\/shiseido-emulsie-pentru-curatarea-pielii-future-solution-lx-concentrate-d-balancing-softener-170-ml-2\/"]}]},{"@type":"ImageObject","inLanguage":"ro-RO","@id":"https:\/\/shopatoa.com\/ro\/shiseido-emulsie-pentru-curatarea-pielii-future-solution-lx-concentrate-d-balancing-softener-170-ml-2\/#primaryimage","url":"https:\/\/storage.googleapis.com\/cz-shopatoa-img\/ro\/55f677c7-unnamed-file.webp","contentUrl":"https:\/\/storage.googleapis.com\/cz-shopatoa-img\/ro\/55f677c7-unnamed-file.webp","width":800,"height":800},{"@type":"BreadcrumbList","@id":"https:\/\/shopatoa.com\/ro\/shiseido-emulsie-pentru-curatarea-pielii-future-solution-lx-concentrate-d-balancing-softener-170-ml-2\/#breadcrumb","itemListElement":[{"@type":"ListItem","position":1,"name":"Dom\u016f","item":"https:\/\/shopatoa.com\/ro\/"},{"@type":"ListItem","position":2,"name":"Shop","item":"https:\/\/shopatoa.com\/ro\/shop\/"},{"@type":"ListItem","position":3,"name":"Cosmetice","item":"https:\/\/shopatoa.com\/ro\/cosmetice\/"},{"@type":"ListItem","position":4,"name":"Produse cosmetice pentru piele","item":"https:\/\/shopatoa.com\/ro\/produse-cosmetice-pentru-piele\/"},{"@type":"ListItem","position":5,"name":"Produse cosmetice de \u00eengrijire a pielii","item":"https:\/\/shopatoa.com\/ro\/produse-cosmetice-de-ingrijire-a-pielii\/"},{"@type":"ListItem","position":6,"name":"Cur\u0103\u021barea, demachierea fe\u021bei","item":"https:\/\/shopatoa.com\/ro\/curatarea-demachierea-fetei\/"},{"@type":"ListItem","position":7,"name":"Shiseido Emulsie pentru cur\u0103\u021barea pielii Future Solution LX ( Concentrate d Balancing Softener) 170 ml"}]},{"@type":"WebSite","@id":"https:\/\/shopatoa.com\/ro\/#website","url":"https:\/\/shopatoa.com\/ro\/","name":"SHOPATOA","description":"","publisher":{"@id":"https:\/\/shopatoa.com\/ro\/#organization"},"potentialAction":[{"@type":"SearchAction","target":{"@type":"EntryPoint","urlTemplate":"https:\/\/shopatoa.com\/ro\/?s={search_term_string}"},"query-input":{"@type":"PropertyValueSpecification","valueRequired":true,"valueName":"search_term_string"}}],"inLanguage":"ro-RO"},{"@type":"Organization","@id":"https:\/\/shopatoa.com\/ro\/#organization","name":"SHOPATOA","url":"https:\/\/shopatoa.com\/ro\/","logo":{"@type":"ImageObject","inLanguage":"ro-RO","@id":"https:\/\/shopatoa.com\/ro\/#\/schema\/logo\/image\/","url":"https:\/\/storage.googleapis.com\/cz-shopatoa-img\/ro\/b4dac915-shopatoa_logo.png","contentUrl":"https:\/\/storage.googleapis.com\/cz-shopatoa-img\/ro\/b4dac915-shopatoa_logo.png","width":416,"height":63,"caption":"SHOPATOA"},"image":{"@id":"https:\/\/shopatoa.com\/ro\/#\/schema\/logo\/image\/"}}]}},"_links":{"self":[{"href":"https:\/\/shopatoa.com\/ro\/wp-json\/wp\/v2\/product\/374129","targetHints":{"allow":["GET"]}}],"collection":[{"href":"https:\/\/shopatoa.com\/ro\/wp-json\/wp\/v2\/product"}],"about":[{"href":"https:\/\/shopatoa.com\/ro\/wp-json\/wp\/v2\/types\/product"}],"replies":[{"embeddable":true,"href":"https:\/\/shopatoa.com\/ro\/wp-json\/wp\/v2\/comments?post=374129"}],"wp:featuredmedia":[{"embeddable":true,"href":"https:\/\/shopatoa.com\/ro\/wp-json\/wp\/v2\/media\/374130"}],"wp:attachment":[{"href":"https:\/\/shopatoa.com\/ro\/wp-json\/wp\/v2\/media?parent=374129"}],"wp:term":[{"taxonomy":"product_brand","embeddable":true,"href":"https:\/\/shopatoa.com\/ro\/wp-json\/wp\/v2\/product_brand?post=374129"},{"taxonomy":"product_cat","embeddable":true,"href":"https:\/\/shopatoa.com\/ro\/wp-json\/wp\/v2\/product_cat?post=374129"},{"taxonomy":"product_tag","embeddable":true,"href":"https:\/\/shopatoa.com\/ro\/wp-json\/wp\/v2\/product_tag?post=374129"}],"curies":[{"name":"wp","href":"https:\/\/api.w.org\/{rel}","templated":true}]}}