{"id":374201,"date":"2025-05-22T05:52:32","date_gmt":"2025-05-22T03:52:32","guid":{"rendered":"https:\/\/shopatoa.com\/ro\/valera-uscator-de-par-vanity-hi-power-rc-pretty-purple-va-8605-rc-pp-2\/"},"modified":"2025-12-14T14:35:39","modified_gmt":"2025-12-14T13:35:39","slug":"valera-uscator-de-par-vanity-hi-power-rc-pretty-purple-va-8605-rc-pp-2","status":"publish","type":"product","link":"https:\/\/shopatoa.com\/ro\/valera-uscator-de-par-vanity-hi-power-rc-pretty-purple-va-8605-rc-pp-2\/","title":{"rendered":"Valera Usc\u0103tor de p\u0103r Vanity Hi-Power RC Pretty Purple VA 8605 RC PP"},"content":{"rendered":"<p>Spune-o cu culoare! Usc\u0103torul de p\u0103r Valera Vanity Hi-Power impresioneaz\u0103 prin culoare, surprinde prin zgomot redus \u0219i performan\u021b\u0103 ridicat\u0103. Datorit\u0103 designului elegant, formei ergonomice \u0219i comutatoarelor convenabile, coafarea p\u0103rului va fi o bucurie oriunde v\u0103 ve\u021bi afla, \u00een salon sau acas\u0103. Usc\u0103tor de p\u0103r profesional de 2400 W cu un motor puternic ENDURO BLDC f\u0103r\u0103 carbon &#8211; \u00cen interiorul fiec\u0103rui motor clasic exist\u0103 carboni care provoac\u0103 frecare \u0219i uzur\u0103 \u00een timp \u00een timpul utiliz\u0103rii. Odat\u0103 ce ace\u0219ti carboni se uzeaz\u0103, motorul se va defecta. La motorul ENDURO, ace\u0219ti carboni au fost \u00eenlocui\u021bi cu patru magne\u021bi puternici din p\u0103m\u00e2nturi rare, ceea ce a f\u0103cut posibil ca motorul s\u0103 fie mai u\u0219or \u0219i s\u0103 aib\u0103 o via\u021b\u0103 de 5 ori mai mare dec\u00e2t un motor AC &#8211; p\u00e2n\u0103 la 10.000 de ore. Cablu profesional de 3m cu sistem Rotocord. Rotocord este o inova\u021bie revolu\u021bionar\u0103 brevetat\u0103 care permite rotirea cablului la 360\u00b0, ceea ce previne \u00eencurcarea \u0219i deteriorarea cablului \u0219i faciliteaz\u0103 manevrarea usc\u0103torului de p\u0103r. Rotocord este o noutate mondial\u0103 care a fost dezvoltat\u0103 \u0219i fabricat\u0103 sub marca Valera. COLORCARE &#8211; p\u0103rul vopsit tinde s\u0103 se usuce sub aer cald \u0219i s\u0103-\u0219i piard\u0103 str\u0103lucirea, usc\u0103torul de p\u0103r cu marca COLORCARE protejeaz\u0103 p\u0103rul de pierderea culorii, str\u0103lucirii, usc\u0103rii \u0219i \u00eel men\u021bin vital pentru o lung\u0103 perioad\u0103 de timp datorit\u0103 a trei propriet\u0103\u021bi &#8211; 1. crearea de ioni negativi pentru hidratarea p\u0103rului, 2. uscare mai bun\u0103 la o temperatur\u0103 mai sc\u0103zut\u0103, \u00een principal datorit\u0103 fluxului rapid de aer, care accelereaz\u0103 uscarea chiar \u0219i la o temperatur\u0103 mai sc\u0103zut\u0103 \u0219i 3. setare precis\u0103 a temperaturii Tehnologia Smart Airflow \u2013 Utiliz\u00e2nd un software avansat de stimulare a dinamicii fluidelor, Valera a dezvoltat tehnologia Smart Airflow. Aceast\u0103 tehnologie optimizeaz\u0103 fluxul de aer prin usc\u0103torul de p\u0103r de la filtrul din spate, de unde este aspirat aerul, p\u00e2n\u0103 la deschiderea frontal\u0103, de unde iese aerul. Tehnologia Smart Airflow permite usc\u0103toarelor de p\u0103r s\u0103 ating\u0103 caracteristici de performan\u021b\u0103 excelente &#8211; conversia energiei (W), debitul de aer (m3\/h), presiunea aerului (Pa), viteza aerului (km\/h) \u0219i zgomot redus (dB(A)). Combina\u021bia acestor caracteristici este unic\u0103 pentru pia\u021ba actual\u0103. Touch me cool &#8211; o duz\u0103 de aer ultra-\u00eengust\u0103 care, datorit\u0103 unui sistem special cu dou\u0103 straturi, r\u0103m\u00e2ne rece chiar \u0219i \u00een timpul utiliz\u0103rii usc\u0103torului de p\u0103r \u0219i poate fi manipulat\u0103 cu u\u0219urin\u021b\u0103.<\/p>\n","protected":false},"excerpt":{"rendered":"<p>Spune-o cu culoare! Usc\u0103torul de p\u0103r Valera Vanity Hi-Power impresioneaz\u0103 prin culoare, surprinde prin zgomot redus \u0219i performan\u021b\u0103 ridicat\u0103. Datorit\u0103 designului elegant, formei ergonomice \u0219i comutatoarelor convenabile, coafarea p\u0103rului va fi o bucurie oriunde v\u0103 ve\u021bi afla, \u00een salon sau acas\u0103. Usc\u0103tor de p\u0103r profesional de 2400 W cu un motor puternic ENDURO BLDC f\u0103r\u0103&#8230;<\/p>\n","protected":false},"featured_media":374202,"comment_status":"closed","ping_status":"open","template":"","meta":{"_acf_changed":false,"_kadence_starter_templates_imported_post":false,"_kad_post_transparent":"","_kad_post_title":"","_kad_post_layout":"","_kad_post_sidebar_id":"","_kad_post_content_style":"","_kad_post_vertical_padding":"","_kad_post_feature":"","_kad_post_feature_position":"","_kad_post_header":false,"_kad_post_footer":false,"_kad_post_classname":""},"product_brand":[355],"product_cat":[246,623,624,762],"product_tag":[],"class_list":{"0":"post-374201","1":"product","2":"type-product","3":"status-publish","4":"has-post-thumbnail","6":"product_brand-valera","7":"product_cat-cosmetice","8":"product_cat-produse-cosmetice-pentru-par","9":"product_cat-produse-aparate-si-accesorii-pentru-par","10":"product_cat-uscatoare-de-par-fenuri","12":"first","13":"instock","14":"product-type-external","15":"entry","16":"content-bg","17":"loop-entry"},"acf":[],"yoast_head":"<!-- This site is optimized with the Yoast SEO plugin v27.4 - https:\/\/yoast.com\/product\/yoast-seo-wordpress\/ -->\n<title>Valera Usc\u0103tor de p\u0103r Vanity Hi-Power RC Pretty Purple VA 8605 RC PP - SHOPATOA.COM<\/title>\n<meta name=\"robots\" content=\"index, follow, max-snippet:-1, max-image-preview:large, max-video-preview:-1\" \/>\n<link rel=\"canonical\" href=\"https:\/\/shopatoa.com\/ro\/valera-uscator-de-par-vanity-hi-power-rc-pretty-purple-va-8605-rc-pp-2\/\" \/>\n<meta property=\"og:locale\" content=\"ro_RO\" \/>\n<meta property=\"og:type\" content=\"article\" \/>\n<meta property=\"og:title\" content=\"Valera Usc\u0103tor de p\u0103r Vanity Hi-Power RC Pretty Purple VA 8605 RC PP - SHOPATOA.COM\" \/>\n<meta property=\"og:description\" content=\"Spune-o cu culoare! Usc\u0103torul de p\u0103r Valera Vanity Hi-Power impresioneaz\u0103 prin culoare, surprinde prin zgomot redus \u0219i performan\u021b\u0103 ridicat\u0103. Datorit\u0103 designului elegant, formei ergonomice \u0219i comutatoarelor convenabile, coafarea p\u0103rului va fi o bucurie oriunde v\u0103 ve\u021bi afla, \u00een salon sau acas\u0103. Usc\u0103tor de p\u0103r profesional de 2400 W cu un motor puternic ENDURO BLDC f\u0103r\u0103...\" \/>\n<meta property=\"og:url\" content=\"https:\/\/shopatoa.com\/ro\/valera-uscator-de-par-vanity-hi-power-rc-pretty-purple-va-8605-rc-pp-2\/\" \/>\n<meta property=\"og:site_name\" content=\"SHOPATOA\" \/>\n<meta property=\"article:modified_time\" content=\"2025-12-14T13:35:39+00:00\" \/>\n<meta property=\"og:image\" content=\"https:\/\/storage.googleapis.com\/cz-shopatoa-img\/ro\/9a04767c-unnamed-file.webp\" \/>\n\t<meta property=\"og:image:width\" content=\"800\" \/>\n\t<meta property=\"og:image:height\" content=\"800\" \/>\n\t<meta property=\"og:image:type\" content=\"image\/webp\" \/>\n<meta name=\"twitter:card\" content=\"summary_large_image\" \/>\n<meta name=\"twitter:label1\" content=\"Timp estimat pentru citire\" \/>\n\t<meta name=\"twitter:data1\" content=\"2 minute\" \/>\n<script type=\"application\/ld+json\" class=\"yoast-schema-graph\">{\"@context\":\"https:\\\/\\\/schema.org\",\"@graph\":[{\"@type\":\"WebPage\",\"@id\":\"https:\\\/\\\/shopatoa.com\\\/ro\\\/valera-uscator-de-par-vanity-hi-power-rc-pretty-purple-va-8605-rc-pp-2\\\/\",\"url\":\"https:\\\/\\\/shopatoa.com\\\/ro\\\/valera-uscator-de-par-vanity-hi-power-rc-pretty-purple-va-8605-rc-pp-2\\\/\",\"name\":\"Valera Usc\u0103tor de p\u0103r Vanity Hi-Power RC Pretty Purple VA 8605 RC PP - SHOPATOA.COM\",\"isPartOf\":{\"@id\":\"https:\\\/\\\/shopatoa.com\\\/ro\\\/#website\"},\"primaryImageOfPage\":{\"@id\":\"https:\\\/\\\/shopatoa.com\\\/ro\\\/valera-uscator-de-par-vanity-hi-power-rc-pretty-purple-va-8605-rc-pp-2\\\/#primaryimage\"},\"image\":{\"@id\":\"https:\\\/\\\/shopatoa.com\\\/ro\\\/valera-uscator-de-par-vanity-hi-power-rc-pretty-purple-va-8605-rc-pp-2\\\/#primaryimage\"},\"thumbnailUrl\":\"https:\\\/\\\/storage.googleapis.com\\\/cz-shopatoa-img\\\/ro\\\/9a04767c-unnamed-file.webp\",\"datePublished\":\"2025-05-22T03:52:32+00:00\",\"dateModified\":\"2025-12-14T13:35:39+00:00\",\"breadcrumb\":{\"@id\":\"https:\\\/\\\/shopatoa.com\\\/ro\\\/valera-uscator-de-par-vanity-hi-power-rc-pretty-purple-va-8605-rc-pp-2\\\/#breadcrumb\"},\"inLanguage\":\"ro-RO\",\"potentialAction\":[{\"@type\":\"ReadAction\",\"target\":[\"https:\\\/\\\/shopatoa.com\\\/ro\\\/valera-uscator-de-par-vanity-hi-power-rc-pretty-purple-va-8605-rc-pp-2\\\/\"]}]},{\"@type\":\"ImageObject\",\"inLanguage\":\"ro-RO\",\"@id\":\"https:\\\/\\\/shopatoa.com\\\/ro\\\/valera-uscator-de-par-vanity-hi-power-rc-pretty-purple-va-8605-rc-pp-2\\\/#primaryimage\",\"url\":\"https:\\\/\\\/storage.googleapis.com\\\/cz-shopatoa-img\\\/ro\\\/9a04767c-unnamed-file.webp\",\"contentUrl\":\"https:\\\/\\\/storage.googleapis.com\\\/cz-shopatoa-img\\\/ro\\\/9a04767c-unnamed-file.webp\",\"width\":800,\"height\":800},{\"@type\":\"BreadcrumbList\",\"@id\":\"https:\\\/\\\/shopatoa.com\\\/ro\\\/valera-uscator-de-par-vanity-hi-power-rc-pretty-purple-va-8605-rc-pp-2\\\/#breadcrumb\",\"itemListElement\":[{\"@type\":\"ListItem\",\"position\":1,\"name\":\"Dom\u016f\",\"item\":\"https:\\\/\\\/shopatoa.com\\\/ro\\\/\"},{\"@type\":\"ListItem\",\"position\":2,\"name\":\"Shop\",\"item\":\"https:\\\/\\\/shopatoa.com\\\/ro\\\/shop\\\/\"},{\"@type\":\"ListItem\",\"position\":3,\"name\":\"Cosmetice\",\"item\":\"https:\\\/\\\/shopatoa.com\\\/ro\\\/cosmetice\\\/\"},{\"@type\":\"ListItem\",\"position\":4,\"name\":\"Produse cosmetice pentru p\u0103r\",\"item\":\"https:\\\/\\\/shopatoa.com\\\/ro\\\/produse-cosmetice-pentru-par\\\/\"},{\"@type\":\"ListItem\",\"position\":5,\"name\":\"Produse, aparate \u0219i accesorii pentru p\u0103r\",\"item\":\"https:\\\/\\\/shopatoa.com\\\/ro\\\/produse-aparate-si-accesorii-pentru-par\\\/\"},{\"@type\":\"ListItem\",\"position\":6,\"name\":\"Usc\u0103toare de p\u0103r, fenuri\",\"item\":\"https:\\\/\\\/shopatoa.com\\\/ro\\\/uscatoare-de-par-fenuri\\\/\"},{\"@type\":\"ListItem\",\"position\":7,\"name\":\"Valera Usc\u0103tor de p\u0103r Vanity Hi-Power RC Pretty Purple VA 8605 RC PP\"}]},{\"@type\":\"WebSite\",\"@id\":\"https:\\\/\\\/shopatoa.com\\\/ro\\\/#website\",\"url\":\"https:\\\/\\\/shopatoa.com\\\/ro\\\/\",\"name\":\"SHOPATOA\",\"description\":\"\",\"publisher\":{\"@id\":\"https:\\\/\\\/shopatoa.com\\\/ro\\\/#organization\"},\"potentialAction\":[{\"@type\":\"SearchAction\",\"target\":{\"@type\":\"EntryPoint\",\"urlTemplate\":\"https:\\\/\\\/shopatoa.com\\\/ro\\\/?s={search_term_string}\"},\"query-input\":{\"@type\":\"PropertyValueSpecification\",\"valueRequired\":true,\"valueName\":\"search_term_string\"}}],\"inLanguage\":\"ro-RO\"},{\"@type\":\"Organization\",\"@id\":\"https:\\\/\\\/shopatoa.com\\\/ro\\\/#organization\",\"name\":\"SHOPATOA\",\"url\":\"https:\\\/\\\/shopatoa.com\\\/ro\\\/\",\"logo\":{\"@type\":\"ImageObject\",\"inLanguage\":\"ro-RO\",\"@id\":\"https:\\\/\\\/shopatoa.com\\\/ro\\\/#\\\/schema\\\/logo\\\/image\\\/\",\"url\":\"https:\\\/\\\/storage.googleapis.com\\\/cz-shopatoa-img\\\/ro\\\/b4dac915-shopatoa_logo.png\",\"contentUrl\":\"https:\\\/\\\/storage.googleapis.com\\\/cz-shopatoa-img\\\/ro\\\/b4dac915-shopatoa_logo.png\",\"width\":416,\"height\":63,\"caption\":\"SHOPATOA\"},\"image\":{\"@id\":\"https:\\\/\\\/shopatoa.com\\\/ro\\\/#\\\/schema\\\/logo\\\/image\\\/\"}}]}<\/script>\n<!-- \/ Yoast SEO plugin. -->","yoast_head_json":{"title":"Valera Usc\u0103tor de p\u0103r Vanity Hi-Power RC Pretty Purple VA 8605 RC PP - SHOPATOA.COM","robots":{"index":"index","follow":"follow","max-snippet":"max-snippet:-1","max-image-preview":"max-image-preview:large","max-video-preview":"max-video-preview:-1"},"canonical":"https:\/\/shopatoa.com\/ro\/valera-uscator-de-par-vanity-hi-power-rc-pretty-purple-va-8605-rc-pp-2\/","og_locale":"ro_RO","og_type":"article","og_title":"Valera Usc\u0103tor de p\u0103r Vanity Hi-Power RC Pretty Purple VA 8605 RC PP - SHOPATOA.COM","og_description":"Spune-o cu culoare! Usc\u0103torul de p\u0103r Valera Vanity Hi-Power impresioneaz\u0103 prin culoare, surprinde prin zgomot redus \u0219i performan\u021b\u0103 ridicat\u0103. Datorit\u0103 designului elegant, formei ergonomice \u0219i comutatoarelor convenabile, coafarea p\u0103rului va fi o bucurie oriunde v\u0103 ve\u021bi afla, \u00een salon sau acas\u0103. Usc\u0103tor de p\u0103r profesional de 2400 W cu un motor puternic ENDURO BLDC f\u0103r\u0103...","og_url":"https:\/\/shopatoa.com\/ro\/valera-uscator-de-par-vanity-hi-power-rc-pretty-purple-va-8605-rc-pp-2\/","og_site_name":"SHOPATOA","article_modified_time":"2025-12-14T13:35:39+00:00","og_image":[{"width":800,"height":800,"url":"https:\/\/storage.googleapis.com\/cz-shopatoa-img\/ro\/9a04767c-unnamed-file.webp","type":"image\/webp"}],"twitter_card":"summary_large_image","twitter_misc":{"Timp estimat pentru citire":"2 minute"},"schema":{"@context":"https:\/\/schema.org","@graph":[{"@type":"WebPage","@id":"https:\/\/shopatoa.com\/ro\/valera-uscator-de-par-vanity-hi-power-rc-pretty-purple-va-8605-rc-pp-2\/","url":"https:\/\/shopatoa.com\/ro\/valera-uscator-de-par-vanity-hi-power-rc-pretty-purple-va-8605-rc-pp-2\/","name":"Valera Usc\u0103tor de p\u0103r Vanity Hi-Power RC Pretty Purple VA 8605 RC PP - SHOPATOA.COM","isPartOf":{"@id":"https:\/\/shopatoa.com\/ro\/#website"},"primaryImageOfPage":{"@id":"https:\/\/shopatoa.com\/ro\/valera-uscator-de-par-vanity-hi-power-rc-pretty-purple-va-8605-rc-pp-2\/#primaryimage"},"image":{"@id":"https:\/\/shopatoa.com\/ro\/valera-uscator-de-par-vanity-hi-power-rc-pretty-purple-va-8605-rc-pp-2\/#primaryimage"},"thumbnailUrl":"https:\/\/storage.googleapis.com\/cz-shopatoa-img\/ro\/9a04767c-unnamed-file.webp","datePublished":"2025-05-22T03:52:32+00:00","dateModified":"2025-12-14T13:35:39+00:00","breadcrumb":{"@id":"https:\/\/shopatoa.com\/ro\/valera-uscator-de-par-vanity-hi-power-rc-pretty-purple-va-8605-rc-pp-2\/#breadcrumb"},"inLanguage":"ro-RO","potentialAction":[{"@type":"ReadAction","target":["https:\/\/shopatoa.com\/ro\/valera-uscator-de-par-vanity-hi-power-rc-pretty-purple-va-8605-rc-pp-2\/"]}]},{"@type":"ImageObject","inLanguage":"ro-RO","@id":"https:\/\/shopatoa.com\/ro\/valera-uscator-de-par-vanity-hi-power-rc-pretty-purple-va-8605-rc-pp-2\/#primaryimage","url":"https:\/\/storage.googleapis.com\/cz-shopatoa-img\/ro\/9a04767c-unnamed-file.webp","contentUrl":"https:\/\/storage.googleapis.com\/cz-shopatoa-img\/ro\/9a04767c-unnamed-file.webp","width":800,"height":800},{"@type":"BreadcrumbList","@id":"https:\/\/shopatoa.com\/ro\/valera-uscator-de-par-vanity-hi-power-rc-pretty-purple-va-8605-rc-pp-2\/#breadcrumb","itemListElement":[{"@type":"ListItem","position":1,"name":"Dom\u016f","item":"https:\/\/shopatoa.com\/ro\/"},{"@type":"ListItem","position":2,"name":"Shop","item":"https:\/\/shopatoa.com\/ro\/shop\/"},{"@type":"ListItem","position":3,"name":"Cosmetice","item":"https:\/\/shopatoa.com\/ro\/cosmetice\/"},{"@type":"ListItem","position":4,"name":"Produse cosmetice pentru p\u0103r","item":"https:\/\/shopatoa.com\/ro\/produse-cosmetice-pentru-par\/"},{"@type":"ListItem","position":5,"name":"Produse, aparate \u0219i accesorii pentru p\u0103r","item":"https:\/\/shopatoa.com\/ro\/produse-aparate-si-accesorii-pentru-par\/"},{"@type":"ListItem","position":6,"name":"Usc\u0103toare de p\u0103r, fenuri","item":"https:\/\/shopatoa.com\/ro\/uscatoare-de-par-fenuri\/"},{"@type":"ListItem","position":7,"name":"Valera Usc\u0103tor de p\u0103r Vanity Hi-Power RC Pretty Purple VA 8605 RC PP"}]},{"@type":"WebSite","@id":"https:\/\/shopatoa.com\/ro\/#website","url":"https:\/\/shopatoa.com\/ro\/","name":"SHOPATOA","description":"","publisher":{"@id":"https:\/\/shopatoa.com\/ro\/#organization"},"potentialAction":[{"@type":"SearchAction","target":{"@type":"EntryPoint","urlTemplate":"https:\/\/shopatoa.com\/ro\/?s={search_term_string}"},"query-input":{"@type":"PropertyValueSpecification","valueRequired":true,"valueName":"search_term_string"}}],"inLanguage":"ro-RO"},{"@type":"Organization","@id":"https:\/\/shopatoa.com\/ro\/#organization","name":"SHOPATOA","url":"https:\/\/shopatoa.com\/ro\/","logo":{"@type":"ImageObject","inLanguage":"ro-RO","@id":"https:\/\/shopatoa.com\/ro\/#\/schema\/logo\/image\/","url":"https:\/\/storage.googleapis.com\/cz-shopatoa-img\/ro\/b4dac915-shopatoa_logo.png","contentUrl":"https:\/\/storage.googleapis.com\/cz-shopatoa-img\/ro\/b4dac915-shopatoa_logo.png","width":416,"height":63,"caption":"SHOPATOA"},"image":{"@id":"https:\/\/shopatoa.com\/ro\/#\/schema\/logo\/image\/"}}]}},"_links":{"self":[{"href":"https:\/\/shopatoa.com\/ro\/wp-json\/wp\/v2\/product\/374201","targetHints":{"allow":["GET"]}}],"collection":[{"href":"https:\/\/shopatoa.com\/ro\/wp-json\/wp\/v2\/product"}],"about":[{"href":"https:\/\/shopatoa.com\/ro\/wp-json\/wp\/v2\/types\/product"}],"replies":[{"embeddable":true,"href":"https:\/\/shopatoa.com\/ro\/wp-json\/wp\/v2\/comments?post=374201"}],"wp:featuredmedia":[{"embeddable":true,"href":"https:\/\/shopatoa.com\/ro\/wp-json\/wp\/v2\/media\/374202"}],"wp:attachment":[{"href":"https:\/\/shopatoa.com\/ro\/wp-json\/wp\/v2\/media?parent=374201"}],"wp:term":[{"taxonomy":"product_brand","embeddable":true,"href":"https:\/\/shopatoa.com\/ro\/wp-json\/wp\/v2\/product_brand?post=374201"},{"taxonomy":"product_cat","embeddable":true,"href":"https:\/\/shopatoa.com\/ro\/wp-json\/wp\/v2\/product_cat?post=374201"},{"taxonomy":"product_tag","embeddable":true,"href":"https:\/\/shopatoa.com\/ro\/wp-json\/wp\/v2\/product_tag?post=374201"}],"curies":[{"name":"wp","href":"https:\/\/api.w.org\/{rel}","templated":true}]}}