{"id":374369,"date":"2025-05-22T06:05:10","date_gmt":"2025-05-22T04:05:10","guid":{"rendered":"https:\/\/shopatoa.com\/ro\/parfums-de-marly-althair-edp-75-ml-2\/"},"modified":"2025-12-14T13:35:27","modified_gmt":"2025-12-14T12:35:27","slug":"parfums-de-marly-althair-edp-75-ml-2","status":"publish","type":"product","link":"https:\/\/shopatoa.com\/ro\/parfums-de-marly-althair-edp-75-ml-2\/","title":{"rendered":"Parfums De Marly Altha\u00efr &#8211; EDP 75 ml"},"content":{"rendered":"<p>Altha\u00efr de la marca Parfums De Marly este o ap\u0103 de parfum de vanilie pentru b\u0103rba\u021bi, cu nuan\u021be puternice picante \u0219i dulci. Aceast\u0103 compozi\u021bie de parfum extrem de modern\u0103 v\u0103 va surprinde cu o urm\u0103 sclipitoare de bergamot\u0103, care este \u00eenv\u0103luit\u0103 \u00een acorduri picante de scor\u021bi\u0219oar\u0103 \u0219i cardamom. Prezen\u021ba nobil\u0103 a bourbonului de vanilie este sporit\u0103 de acordul r\u0103\u0219inos al elemi, \u00eenvelit \u00een acorduri de lemn de guaiac, mosc senzual, ambroxan cald \u0219i pralin\u0103 dulce \u0219i delicioas\u0103. Brandul Parfums De Marly a fost \u00eenfiin\u021bat \u00een anul 2009 \u0219i este inspirat de perioada domniei lui Ludovic al XV-lea, monarh francez cunoscut pentru pasiunea sa pentru parfumuri. Fondatorul brandului, Julien Sprecher, care s-a inspirat din perioada clasicist\u0103 a istoriei, aduce tendin\u021be moderne \u0219i o not\u0103 de \u00eendr\u0103zneal\u0103 \u00een parfumurile tradi\u021bionale. Flacoanele parfumurilor \u00eendr\u0103zne\u021be, luxoase \u0219i exclusive Parfums De Marly sunt decorate cu o stem\u0103 a c\u0103rei simbolistic\u0103 dateaz\u0103 din secolul al XVIII-lea. Parfumul a fost lansat \u00een anul 2023 \u0219i a fost creat de Merati-Kashani \u0219i Ilias Ermenidis.<\/p>\n","protected":false},"excerpt":{"rendered":"<p>Altha\u00efr de la marca Parfums De Marly este o ap\u0103 de parfum de vanilie pentru b\u0103rba\u021bi, cu nuan\u021be puternice picante \u0219i dulci. Aceast\u0103 compozi\u021bie de parfum extrem de modern\u0103 v\u0103 va surprinde cu o urm\u0103 sclipitoare de bergamot\u0103, care este \u00eenv\u0103luit\u0103 \u00een acorduri picante de scor\u021bi\u0219oar\u0103 \u0219i cardamom. Prezen\u021ba nobil\u0103 a bourbonului de vanilie este&#8230;<\/p>\n","protected":false},"featured_media":374370,"comment_status":"closed","ping_status":"open","template":"","meta":{"_acf_changed":false,"_kadence_starter_templates_imported_post":false,"_kad_post_transparent":"","_kad_post_title":"","_kad_post_layout":"","_kad_post_sidebar_id":"","_kad_post_content_style":"","_kad_post_vertical_padding":"","_kad_post_feature":"","_kad_post_feature_position":"","_kad_post_header":false,"_kad_post_footer":false,"_kad_post_classname":""},"product_brand":[1386],"product_cat":[619,614],"product_tag":[],"class_list":{"0":"post-374369","1":"product","2":"type-product","3":"status-publish","4":"has-post-thumbnail","6":"product_brand-parfums-de-marly","7":"product_cat-ape-de-parfum-edp","8":"product_cat-parfumuri","10":"first","11":"instock","12":"product-type-external","13":"entry","14":"content-bg","15":"loop-entry"},"acf":[],"yoast_head":"<!-- This site is optimized with the Yoast SEO plugin v27.3 - https:\/\/yoast.com\/product\/yoast-seo-wordpress\/ -->\n<title>Parfums De Marly Altha\u00efr - EDP 75 ml - SHOPATOA.COM<\/title>\n<meta name=\"robots\" content=\"index, follow, max-snippet:-1, max-image-preview:large, max-video-preview:-1\" \/>\n<link rel=\"canonical\" href=\"https:\/\/shopatoa.com\/ro\/parfums-de-marly-althair-edp-75-ml-2\/\" \/>\n<meta property=\"og:locale\" content=\"ro_RO\" \/>\n<meta property=\"og:type\" content=\"article\" \/>\n<meta property=\"og:title\" content=\"Parfums De Marly Altha\u00efr - EDP 75 ml - SHOPATOA.COM\" \/>\n<meta property=\"og:description\" content=\"Altha\u00efr de la marca Parfums De Marly este o ap\u0103 de parfum de vanilie pentru b\u0103rba\u021bi, cu nuan\u021be puternice picante \u0219i dulci. Aceast\u0103 compozi\u021bie de parfum extrem de modern\u0103 v\u0103 va surprinde cu o urm\u0103 sclipitoare de bergamot\u0103, care este \u00eenv\u0103luit\u0103 \u00een acorduri picante de scor\u021bi\u0219oar\u0103 \u0219i cardamom. Prezen\u021ba nobil\u0103 a bourbonului de vanilie este...\" \/>\n<meta property=\"og:url\" content=\"https:\/\/shopatoa.com\/ro\/parfums-de-marly-althair-edp-75-ml-2\/\" \/>\n<meta property=\"og:site_name\" content=\"SHOPATOA\" \/>\n<meta property=\"article:modified_time\" content=\"2025-12-14T12:35:27+00:00\" \/>\n<meta property=\"og:image\" content=\"https:\/\/storage.googleapis.com\/cz-shopatoa-img\/ro\/f615bbbc-unnamed-file.webp\" \/>\n\t<meta property=\"og:image:width\" content=\"800\" \/>\n\t<meta property=\"og:image:height\" content=\"800\" \/>\n\t<meta property=\"og:image:type\" content=\"image\/webp\" \/>\n<meta name=\"twitter:card\" content=\"summary_large_image\" \/>\n<meta name=\"twitter:label1\" content=\"Timp estimat pentru citire\" \/>\n\t<meta name=\"twitter:data1\" content=\"1 minut\" \/>\n<script type=\"application\/ld+json\" class=\"yoast-schema-graph\">{\"@context\":\"https:\\\/\\\/schema.org\",\"@graph\":[{\"@type\":\"WebPage\",\"@id\":\"https:\\\/\\\/shopatoa.com\\\/ro\\\/parfums-de-marly-althair-edp-75-ml-2\\\/\",\"url\":\"https:\\\/\\\/shopatoa.com\\\/ro\\\/parfums-de-marly-althair-edp-75-ml-2\\\/\",\"name\":\"Parfums De Marly Altha\u00efr - EDP 75 ml - SHOPATOA.COM\",\"isPartOf\":{\"@id\":\"https:\\\/\\\/shopatoa.com\\\/ro\\\/#website\"},\"primaryImageOfPage\":{\"@id\":\"https:\\\/\\\/shopatoa.com\\\/ro\\\/parfums-de-marly-althair-edp-75-ml-2\\\/#primaryimage\"},\"image\":{\"@id\":\"https:\\\/\\\/shopatoa.com\\\/ro\\\/parfums-de-marly-althair-edp-75-ml-2\\\/#primaryimage\"},\"thumbnailUrl\":\"https:\\\/\\\/storage.googleapis.com\\\/cz-shopatoa-img\\\/ro\\\/f615bbbc-unnamed-file.webp\",\"datePublished\":\"2025-05-22T04:05:10+00:00\",\"dateModified\":\"2025-12-14T12:35:27+00:00\",\"breadcrumb\":{\"@id\":\"https:\\\/\\\/shopatoa.com\\\/ro\\\/parfums-de-marly-althair-edp-75-ml-2\\\/#breadcrumb\"},\"inLanguage\":\"ro-RO\",\"potentialAction\":[{\"@type\":\"ReadAction\",\"target\":[\"https:\\\/\\\/shopatoa.com\\\/ro\\\/parfums-de-marly-althair-edp-75-ml-2\\\/\"]}]},{\"@type\":\"ImageObject\",\"inLanguage\":\"ro-RO\",\"@id\":\"https:\\\/\\\/shopatoa.com\\\/ro\\\/parfums-de-marly-althair-edp-75-ml-2\\\/#primaryimage\",\"url\":\"https:\\\/\\\/storage.googleapis.com\\\/cz-shopatoa-img\\\/ro\\\/f615bbbc-unnamed-file.webp\",\"contentUrl\":\"https:\\\/\\\/storage.googleapis.com\\\/cz-shopatoa-img\\\/ro\\\/f615bbbc-unnamed-file.webp\",\"width\":800,\"height\":800},{\"@type\":\"BreadcrumbList\",\"@id\":\"https:\\\/\\\/shopatoa.com\\\/ro\\\/parfums-de-marly-althair-edp-75-ml-2\\\/#breadcrumb\",\"itemListElement\":[{\"@type\":\"ListItem\",\"position\":1,\"name\":\"Dom\u016f\",\"item\":\"https:\\\/\\\/shopatoa.com\\\/ro\\\/\"},{\"@type\":\"ListItem\",\"position\":2,\"name\":\"Shop\",\"item\":\"https:\\\/\\\/shopatoa.com\\\/ro\\\/shop\\\/\"},{\"@type\":\"ListItem\",\"position\":3,\"name\":\"Parfumuri\",\"item\":\"https:\\\/\\\/shopatoa.com\\\/ro\\\/parfumuri\\\/\"},{\"@type\":\"ListItem\",\"position\":4,\"name\":\"Ape de parfum (EDP)\",\"item\":\"https:\\\/\\\/shopatoa.com\\\/ro\\\/ape-de-parfum-edp\\\/\"},{\"@type\":\"ListItem\",\"position\":5,\"name\":\"Parfums De Marly Altha\u00efr &#8211; EDP 75 ml\"}]},{\"@type\":\"WebSite\",\"@id\":\"https:\\\/\\\/shopatoa.com\\\/ro\\\/#website\",\"url\":\"https:\\\/\\\/shopatoa.com\\\/ro\\\/\",\"name\":\"SHOPATOA\",\"description\":\"\",\"publisher\":{\"@id\":\"https:\\\/\\\/shopatoa.com\\\/ro\\\/#organization\"},\"potentialAction\":[{\"@type\":\"SearchAction\",\"target\":{\"@type\":\"EntryPoint\",\"urlTemplate\":\"https:\\\/\\\/shopatoa.com\\\/ro\\\/?s={search_term_string}\"},\"query-input\":{\"@type\":\"PropertyValueSpecification\",\"valueRequired\":true,\"valueName\":\"search_term_string\"}}],\"inLanguage\":\"ro-RO\"},{\"@type\":\"Organization\",\"@id\":\"https:\\\/\\\/shopatoa.com\\\/ro\\\/#organization\",\"name\":\"SHOPATOA\",\"url\":\"https:\\\/\\\/shopatoa.com\\\/ro\\\/\",\"logo\":{\"@type\":\"ImageObject\",\"inLanguage\":\"ro-RO\",\"@id\":\"https:\\\/\\\/shopatoa.com\\\/ro\\\/#\\\/schema\\\/logo\\\/image\\\/\",\"url\":\"https:\\\/\\\/storage.googleapis.com\\\/cz-shopatoa-img\\\/ro\\\/b4dac915-shopatoa_logo.png\",\"contentUrl\":\"https:\\\/\\\/storage.googleapis.com\\\/cz-shopatoa-img\\\/ro\\\/b4dac915-shopatoa_logo.png\",\"width\":416,\"height\":63,\"caption\":\"SHOPATOA\"},\"image\":{\"@id\":\"https:\\\/\\\/shopatoa.com\\\/ro\\\/#\\\/schema\\\/logo\\\/image\\\/\"}}]}<\/script>\n<!-- \/ Yoast SEO plugin. -->","yoast_head_json":{"title":"Parfums De Marly Altha\u00efr - EDP 75 ml - SHOPATOA.COM","robots":{"index":"index","follow":"follow","max-snippet":"max-snippet:-1","max-image-preview":"max-image-preview:large","max-video-preview":"max-video-preview:-1"},"canonical":"https:\/\/shopatoa.com\/ro\/parfums-de-marly-althair-edp-75-ml-2\/","og_locale":"ro_RO","og_type":"article","og_title":"Parfums De Marly Altha\u00efr - EDP 75 ml - SHOPATOA.COM","og_description":"Altha\u00efr de la marca Parfums De Marly este o ap\u0103 de parfum de vanilie pentru b\u0103rba\u021bi, cu nuan\u021be puternice picante \u0219i dulci. Aceast\u0103 compozi\u021bie de parfum extrem de modern\u0103 v\u0103 va surprinde cu o urm\u0103 sclipitoare de bergamot\u0103, care este \u00eenv\u0103luit\u0103 \u00een acorduri picante de scor\u021bi\u0219oar\u0103 \u0219i cardamom. Prezen\u021ba nobil\u0103 a bourbonului de vanilie este...","og_url":"https:\/\/shopatoa.com\/ro\/parfums-de-marly-althair-edp-75-ml-2\/","og_site_name":"SHOPATOA","article_modified_time":"2025-12-14T12:35:27+00:00","og_image":[{"width":800,"height":800,"url":"https:\/\/storage.googleapis.com\/cz-shopatoa-img\/ro\/f615bbbc-unnamed-file.webp","type":"image\/webp"}],"twitter_card":"summary_large_image","twitter_misc":{"Timp estimat pentru citire":"1 minut"},"schema":{"@context":"https:\/\/schema.org","@graph":[{"@type":"WebPage","@id":"https:\/\/shopatoa.com\/ro\/parfums-de-marly-althair-edp-75-ml-2\/","url":"https:\/\/shopatoa.com\/ro\/parfums-de-marly-althair-edp-75-ml-2\/","name":"Parfums De Marly Altha\u00efr - EDP 75 ml - SHOPATOA.COM","isPartOf":{"@id":"https:\/\/shopatoa.com\/ro\/#website"},"primaryImageOfPage":{"@id":"https:\/\/shopatoa.com\/ro\/parfums-de-marly-althair-edp-75-ml-2\/#primaryimage"},"image":{"@id":"https:\/\/shopatoa.com\/ro\/parfums-de-marly-althair-edp-75-ml-2\/#primaryimage"},"thumbnailUrl":"https:\/\/storage.googleapis.com\/cz-shopatoa-img\/ro\/f615bbbc-unnamed-file.webp","datePublished":"2025-05-22T04:05:10+00:00","dateModified":"2025-12-14T12:35:27+00:00","breadcrumb":{"@id":"https:\/\/shopatoa.com\/ro\/parfums-de-marly-althair-edp-75-ml-2\/#breadcrumb"},"inLanguage":"ro-RO","potentialAction":[{"@type":"ReadAction","target":["https:\/\/shopatoa.com\/ro\/parfums-de-marly-althair-edp-75-ml-2\/"]}]},{"@type":"ImageObject","inLanguage":"ro-RO","@id":"https:\/\/shopatoa.com\/ro\/parfums-de-marly-althair-edp-75-ml-2\/#primaryimage","url":"https:\/\/storage.googleapis.com\/cz-shopatoa-img\/ro\/f615bbbc-unnamed-file.webp","contentUrl":"https:\/\/storage.googleapis.com\/cz-shopatoa-img\/ro\/f615bbbc-unnamed-file.webp","width":800,"height":800},{"@type":"BreadcrumbList","@id":"https:\/\/shopatoa.com\/ro\/parfums-de-marly-althair-edp-75-ml-2\/#breadcrumb","itemListElement":[{"@type":"ListItem","position":1,"name":"Dom\u016f","item":"https:\/\/shopatoa.com\/ro\/"},{"@type":"ListItem","position":2,"name":"Shop","item":"https:\/\/shopatoa.com\/ro\/shop\/"},{"@type":"ListItem","position":3,"name":"Parfumuri","item":"https:\/\/shopatoa.com\/ro\/parfumuri\/"},{"@type":"ListItem","position":4,"name":"Ape de parfum (EDP)","item":"https:\/\/shopatoa.com\/ro\/ape-de-parfum-edp\/"},{"@type":"ListItem","position":5,"name":"Parfums De Marly Altha\u00efr &#8211; EDP 75 ml"}]},{"@type":"WebSite","@id":"https:\/\/shopatoa.com\/ro\/#website","url":"https:\/\/shopatoa.com\/ro\/","name":"SHOPATOA","description":"","publisher":{"@id":"https:\/\/shopatoa.com\/ro\/#organization"},"potentialAction":[{"@type":"SearchAction","target":{"@type":"EntryPoint","urlTemplate":"https:\/\/shopatoa.com\/ro\/?s={search_term_string}"},"query-input":{"@type":"PropertyValueSpecification","valueRequired":true,"valueName":"search_term_string"}}],"inLanguage":"ro-RO"},{"@type":"Organization","@id":"https:\/\/shopatoa.com\/ro\/#organization","name":"SHOPATOA","url":"https:\/\/shopatoa.com\/ro\/","logo":{"@type":"ImageObject","inLanguage":"ro-RO","@id":"https:\/\/shopatoa.com\/ro\/#\/schema\/logo\/image\/","url":"https:\/\/storage.googleapis.com\/cz-shopatoa-img\/ro\/b4dac915-shopatoa_logo.png","contentUrl":"https:\/\/storage.googleapis.com\/cz-shopatoa-img\/ro\/b4dac915-shopatoa_logo.png","width":416,"height":63,"caption":"SHOPATOA"},"image":{"@id":"https:\/\/shopatoa.com\/ro\/#\/schema\/logo\/image\/"}}]}},"_links":{"self":[{"href":"https:\/\/shopatoa.com\/ro\/wp-json\/wp\/v2\/product\/374369","targetHints":{"allow":["GET"]}}],"collection":[{"href":"https:\/\/shopatoa.com\/ro\/wp-json\/wp\/v2\/product"}],"about":[{"href":"https:\/\/shopatoa.com\/ro\/wp-json\/wp\/v2\/types\/product"}],"replies":[{"embeddable":true,"href":"https:\/\/shopatoa.com\/ro\/wp-json\/wp\/v2\/comments?post=374369"}],"wp:featuredmedia":[{"embeddable":true,"href":"https:\/\/shopatoa.com\/ro\/wp-json\/wp\/v2\/media\/374370"}],"wp:attachment":[{"href":"https:\/\/shopatoa.com\/ro\/wp-json\/wp\/v2\/media?parent=374369"}],"wp:term":[{"taxonomy":"product_brand","embeddable":true,"href":"https:\/\/shopatoa.com\/ro\/wp-json\/wp\/v2\/product_brand?post=374369"},{"taxonomy":"product_cat","embeddable":true,"href":"https:\/\/shopatoa.com\/ro\/wp-json\/wp\/v2\/product_cat?post=374369"},{"taxonomy":"product_tag","embeddable":true,"href":"https:\/\/shopatoa.com\/ro\/wp-json\/wp\/v2\/product_tag?post=374369"}],"curies":[{"name":"wp","href":"https:\/\/api.w.org\/{rel}","templated":true}]}}