{"id":374445,"date":"2025-05-22T06:11:35","date_gmt":"2025-05-22T04:11:35","guid":{"rendered":"https:\/\/shopatoa.com\/ro\/jean-p-gaultier-scandal-le-parfum-for-him-edp-miniatura-10-ml-2\/"},"modified":"2025-09-14T06:19:34","modified_gmt":"2025-09-14T04:19:34","slug":"jean-p-gaultier-scandal-le-parfum-for-him-edp-miniatura-10-ml-2","status":"publish","type":"product","link":"https:\/\/shopatoa.com\/ro\/jean-p-gaultier-scandal-le-parfum-for-him-edp-miniatura-10-ml-2\/","title":{"rendered":"Jean P. Gaultier Scandal Le Parfum For Him &#8211; EDP &#8211; miniatur\u0103 10 ml"},"content":{"rendered":"<p>Scandal Le Parfum Le Parfum For Him de la Jean Paul Gaultier este o ap\u0103 de parfum lemnoas\u0103 \u0219i picant\u0103 pentru b\u0103rba\u021bi. Un parfum care eman\u0103 \u00eencredere, m\u00e2ndrie masculin\u0103 \u0219i sex-appeal. Notele de deschidere sunt asigurate de geraniumul seduc\u0103tor, urmat de notele boabelor tonka \u00een inim\u0103, care amintesc de un amestec de vanilie, migdale \u0219i scor\u021bi\u0219oar\u0103. Acordurile cremoase de lemn de santal de la baz\u0103 completeaz\u0103 aceast\u0103 esen\u021b\u0103 \u00eendr\u0103znea\u021b\u0103 de parfum. Nimic nu v\u0103 va surprinde cu acest parfum care v\u0103 va \u021bine cu mai multe triumfuri \u00een m\u00e2nec\u0103. Parfumul captivant este ascuns \u00eentr-un flacon care se m\u00e2ndre\u0219te cu o coroan\u0103 de aur. Ar\u0103ta\u021bi lumii puterea, talentul \u0219i ne\u00eenfricarea dvs. cu Scandal Le Parfum For Him! Parfumul a fost lansat \u00een 2022 \u0219i formeaz\u0103 un duo perfect cu Scandal Le Parfum For Her.<\/p>\n","protected":false},"excerpt":{"rendered":"<p>Scandal Le Parfum Le Parfum For Him de la Jean Paul Gaultier este o ap\u0103 de parfum lemnoas\u0103 \u0219i picant\u0103 pentru b\u0103rba\u021bi. Un parfum care eman\u0103 \u00eencredere, m\u00e2ndrie masculin\u0103 \u0219i sex-appeal. Notele de deschidere sunt asigurate de geraniumul seduc\u0103tor, urmat de notele boabelor tonka \u00een inim\u0103, care amintesc de un amestec de vanilie, migdale \u0219i&#8230;<\/p>\n","protected":false},"featured_media":374446,"comment_status":"closed","ping_status":"open","template":"","meta":{"_acf_changed":false,"_kadence_starter_templates_imported_post":false,"_kad_post_transparent":"","_kad_post_title":"","_kad_post_layout":"","_kad_post_sidebar_id":"","_kad_post_content_style":"","_kad_post_vertical_padding":"","_kad_post_feature":"","_kad_post_feature_position":"","_kad_post_header":false,"_kad_post_footer":false,"_kad_post_classname":""},"product_brand":[357],"product_cat":[895,614],"product_tag":[],"class_list":{"0":"post-374445","1":"product","2":"type-product","3":"status-publish","4":"has-post-thumbnail","6":"product_brand-jean-p-gaultier","7":"product_cat-miniaturi-de-parfumuri","8":"product_cat-parfumuri","10":"first","11":"instock","12":"sale","13":"product-type-external","14":"entry","15":"content-bg","16":"loop-entry"},"acf":[],"yoast_head":"<!-- This site is optimized with the Yoast SEO plugin v27.3 - https:\/\/yoast.com\/product\/yoast-seo-wordpress\/ -->\n<title>Jean P. Gaultier Scandal Le Parfum For Him - EDP - miniatur\u0103 10 ml - SHOPATOA.COM<\/title>\n<meta name=\"robots\" content=\"index, follow, max-snippet:-1, max-image-preview:large, max-video-preview:-1\" \/>\n<link rel=\"canonical\" href=\"https:\/\/shopatoa.com\/ro\/jean-p-gaultier-scandal-le-parfum-for-him-edp-miniatura-10-ml-2\/\" \/>\n<meta property=\"og:locale\" content=\"ro_RO\" \/>\n<meta property=\"og:type\" content=\"article\" \/>\n<meta property=\"og:title\" content=\"Jean P. Gaultier Scandal Le Parfum For Him - EDP - miniatur\u0103 10 ml - SHOPATOA.COM\" \/>\n<meta property=\"og:description\" content=\"Scandal Le Parfum Le Parfum For Him de la Jean Paul Gaultier este o ap\u0103 de parfum lemnoas\u0103 \u0219i picant\u0103 pentru b\u0103rba\u021bi. Un parfum care eman\u0103 \u00eencredere, m\u00e2ndrie masculin\u0103 \u0219i sex-appeal. Notele de deschidere sunt asigurate de geraniumul seduc\u0103tor, urmat de notele boabelor tonka \u00een inim\u0103, care amintesc de un amestec de vanilie, migdale \u0219i...\" \/>\n<meta property=\"og:url\" content=\"https:\/\/shopatoa.com\/ro\/jean-p-gaultier-scandal-le-parfum-for-him-edp-miniatura-10-ml-2\/\" \/>\n<meta property=\"og:site_name\" content=\"SHOPATOA\" \/>\n<meta property=\"article:modified_time\" content=\"2025-09-14T04:19:34+00:00\" \/>\n<meta property=\"og:image\" content=\"https:\/\/storage.googleapis.com\/cz-shopatoa-img\/ro\/0a9d2416-unnamed-file.webp\" \/>\n\t<meta property=\"og:image:width\" content=\"800\" \/>\n\t<meta property=\"og:image:height\" content=\"800\" \/>\n\t<meta property=\"og:image:type\" content=\"image\/webp\" \/>\n<meta name=\"twitter:card\" content=\"summary_large_image\" \/>\n<meta name=\"twitter:label1\" content=\"Timp estimat pentru citire\" \/>\n\t<meta name=\"twitter:data1\" content=\"1 minut\" \/>\n<script type=\"application\/ld+json\" class=\"yoast-schema-graph\">{\"@context\":\"https:\\\/\\\/schema.org\",\"@graph\":[{\"@type\":\"WebPage\",\"@id\":\"https:\\\/\\\/shopatoa.com\\\/ro\\\/jean-p-gaultier-scandal-le-parfum-for-him-edp-miniatura-10-ml-2\\\/\",\"url\":\"https:\\\/\\\/shopatoa.com\\\/ro\\\/jean-p-gaultier-scandal-le-parfum-for-him-edp-miniatura-10-ml-2\\\/\",\"name\":\"Jean P. Gaultier Scandal Le Parfum For Him - EDP - miniatur\u0103 10 ml - SHOPATOA.COM\",\"isPartOf\":{\"@id\":\"https:\\\/\\\/shopatoa.com\\\/ro\\\/#website\"},\"primaryImageOfPage\":{\"@id\":\"https:\\\/\\\/shopatoa.com\\\/ro\\\/jean-p-gaultier-scandal-le-parfum-for-him-edp-miniatura-10-ml-2\\\/#primaryimage\"},\"image\":{\"@id\":\"https:\\\/\\\/shopatoa.com\\\/ro\\\/jean-p-gaultier-scandal-le-parfum-for-him-edp-miniatura-10-ml-2\\\/#primaryimage\"},\"thumbnailUrl\":\"https:\\\/\\\/storage.googleapis.com\\\/cz-shopatoa-img\\\/ro\\\/0a9d2416-unnamed-file.webp\",\"datePublished\":\"2025-05-22T04:11:35+00:00\",\"dateModified\":\"2025-09-14T04:19:34+00:00\",\"breadcrumb\":{\"@id\":\"https:\\\/\\\/shopatoa.com\\\/ro\\\/jean-p-gaultier-scandal-le-parfum-for-him-edp-miniatura-10-ml-2\\\/#breadcrumb\"},\"inLanguage\":\"ro-RO\",\"potentialAction\":[{\"@type\":\"ReadAction\",\"target\":[\"https:\\\/\\\/shopatoa.com\\\/ro\\\/jean-p-gaultier-scandal-le-parfum-for-him-edp-miniatura-10-ml-2\\\/\"]}]},{\"@type\":\"ImageObject\",\"inLanguage\":\"ro-RO\",\"@id\":\"https:\\\/\\\/shopatoa.com\\\/ro\\\/jean-p-gaultier-scandal-le-parfum-for-him-edp-miniatura-10-ml-2\\\/#primaryimage\",\"url\":\"https:\\\/\\\/storage.googleapis.com\\\/cz-shopatoa-img\\\/ro\\\/0a9d2416-unnamed-file.webp\",\"contentUrl\":\"https:\\\/\\\/storage.googleapis.com\\\/cz-shopatoa-img\\\/ro\\\/0a9d2416-unnamed-file.webp\",\"width\":800,\"height\":800},{\"@type\":\"BreadcrumbList\",\"@id\":\"https:\\\/\\\/shopatoa.com\\\/ro\\\/jean-p-gaultier-scandal-le-parfum-for-him-edp-miniatura-10-ml-2\\\/#breadcrumb\",\"itemListElement\":[{\"@type\":\"ListItem\",\"position\":1,\"name\":\"Dom\u016f\",\"item\":\"https:\\\/\\\/shopatoa.com\\\/ro\\\/\"},{\"@type\":\"ListItem\",\"position\":2,\"name\":\"Shop\",\"item\":\"https:\\\/\\\/shopatoa.com\\\/ro\\\/shop\\\/\"},{\"@type\":\"ListItem\",\"position\":3,\"name\":\"Parfumuri\",\"item\":\"https:\\\/\\\/shopatoa.com\\\/ro\\\/parfumuri\\\/\"},{\"@type\":\"ListItem\",\"position\":4,\"name\":\"Miniaturi de parfumuri\",\"item\":\"https:\\\/\\\/shopatoa.com\\\/ro\\\/miniaturi-de-parfumuri\\\/\"},{\"@type\":\"ListItem\",\"position\":5,\"name\":\"Jean P. Gaultier Scandal Le Parfum For Him &#8211; EDP &#8211; miniatur\u0103 10 ml\"}]},{\"@type\":\"WebSite\",\"@id\":\"https:\\\/\\\/shopatoa.com\\\/ro\\\/#website\",\"url\":\"https:\\\/\\\/shopatoa.com\\\/ro\\\/\",\"name\":\"SHOPATOA\",\"description\":\"\",\"publisher\":{\"@id\":\"https:\\\/\\\/shopatoa.com\\\/ro\\\/#organization\"},\"potentialAction\":[{\"@type\":\"SearchAction\",\"target\":{\"@type\":\"EntryPoint\",\"urlTemplate\":\"https:\\\/\\\/shopatoa.com\\\/ro\\\/?s={search_term_string}\"},\"query-input\":{\"@type\":\"PropertyValueSpecification\",\"valueRequired\":true,\"valueName\":\"search_term_string\"}}],\"inLanguage\":\"ro-RO\"},{\"@type\":\"Organization\",\"@id\":\"https:\\\/\\\/shopatoa.com\\\/ro\\\/#organization\",\"name\":\"SHOPATOA\",\"url\":\"https:\\\/\\\/shopatoa.com\\\/ro\\\/\",\"logo\":{\"@type\":\"ImageObject\",\"inLanguage\":\"ro-RO\",\"@id\":\"https:\\\/\\\/shopatoa.com\\\/ro\\\/#\\\/schema\\\/logo\\\/image\\\/\",\"url\":\"https:\\\/\\\/storage.googleapis.com\\\/cz-shopatoa-img\\\/ro\\\/b4dac915-shopatoa_logo.png\",\"contentUrl\":\"https:\\\/\\\/storage.googleapis.com\\\/cz-shopatoa-img\\\/ro\\\/b4dac915-shopatoa_logo.png\",\"width\":416,\"height\":63,\"caption\":\"SHOPATOA\"},\"image\":{\"@id\":\"https:\\\/\\\/shopatoa.com\\\/ro\\\/#\\\/schema\\\/logo\\\/image\\\/\"}}]}<\/script>\n<!-- \/ Yoast SEO plugin. -->","yoast_head_json":{"title":"Jean P. Gaultier Scandal Le Parfum For Him - EDP - miniatur\u0103 10 ml - SHOPATOA.COM","robots":{"index":"index","follow":"follow","max-snippet":"max-snippet:-1","max-image-preview":"max-image-preview:large","max-video-preview":"max-video-preview:-1"},"canonical":"https:\/\/shopatoa.com\/ro\/jean-p-gaultier-scandal-le-parfum-for-him-edp-miniatura-10-ml-2\/","og_locale":"ro_RO","og_type":"article","og_title":"Jean P. Gaultier Scandal Le Parfum For Him - EDP - miniatur\u0103 10 ml - SHOPATOA.COM","og_description":"Scandal Le Parfum Le Parfum For Him de la Jean Paul Gaultier este o ap\u0103 de parfum lemnoas\u0103 \u0219i picant\u0103 pentru b\u0103rba\u021bi. Un parfum care eman\u0103 \u00eencredere, m\u00e2ndrie masculin\u0103 \u0219i sex-appeal. Notele de deschidere sunt asigurate de geraniumul seduc\u0103tor, urmat de notele boabelor tonka \u00een inim\u0103, care amintesc de un amestec de vanilie, migdale \u0219i...","og_url":"https:\/\/shopatoa.com\/ro\/jean-p-gaultier-scandal-le-parfum-for-him-edp-miniatura-10-ml-2\/","og_site_name":"SHOPATOA","article_modified_time":"2025-09-14T04:19:34+00:00","og_image":[{"width":800,"height":800,"url":"https:\/\/storage.googleapis.com\/cz-shopatoa-img\/ro\/0a9d2416-unnamed-file.webp","type":"image\/webp"}],"twitter_card":"summary_large_image","twitter_misc":{"Timp estimat pentru citire":"1 minut"},"schema":{"@context":"https:\/\/schema.org","@graph":[{"@type":"WebPage","@id":"https:\/\/shopatoa.com\/ro\/jean-p-gaultier-scandal-le-parfum-for-him-edp-miniatura-10-ml-2\/","url":"https:\/\/shopatoa.com\/ro\/jean-p-gaultier-scandal-le-parfum-for-him-edp-miniatura-10-ml-2\/","name":"Jean P. Gaultier Scandal Le Parfum For Him - EDP - miniatur\u0103 10 ml - SHOPATOA.COM","isPartOf":{"@id":"https:\/\/shopatoa.com\/ro\/#website"},"primaryImageOfPage":{"@id":"https:\/\/shopatoa.com\/ro\/jean-p-gaultier-scandal-le-parfum-for-him-edp-miniatura-10-ml-2\/#primaryimage"},"image":{"@id":"https:\/\/shopatoa.com\/ro\/jean-p-gaultier-scandal-le-parfum-for-him-edp-miniatura-10-ml-2\/#primaryimage"},"thumbnailUrl":"https:\/\/storage.googleapis.com\/cz-shopatoa-img\/ro\/0a9d2416-unnamed-file.webp","datePublished":"2025-05-22T04:11:35+00:00","dateModified":"2025-09-14T04:19:34+00:00","breadcrumb":{"@id":"https:\/\/shopatoa.com\/ro\/jean-p-gaultier-scandal-le-parfum-for-him-edp-miniatura-10-ml-2\/#breadcrumb"},"inLanguage":"ro-RO","potentialAction":[{"@type":"ReadAction","target":["https:\/\/shopatoa.com\/ro\/jean-p-gaultier-scandal-le-parfum-for-him-edp-miniatura-10-ml-2\/"]}]},{"@type":"ImageObject","inLanguage":"ro-RO","@id":"https:\/\/shopatoa.com\/ro\/jean-p-gaultier-scandal-le-parfum-for-him-edp-miniatura-10-ml-2\/#primaryimage","url":"https:\/\/storage.googleapis.com\/cz-shopatoa-img\/ro\/0a9d2416-unnamed-file.webp","contentUrl":"https:\/\/storage.googleapis.com\/cz-shopatoa-img\/ro\/0a9d2416-unnamed-file.webp","width":800,"height":800},{"@type":"BreadcrumbList","@id":"https:\/\/shopatoa.com\/ro\/jean-p-gaultier-scandal-le-parfum-for-him-edp-miniatura-10-ml-2\/#breadcrumb","itemListElement":[{"@type":"ListItem","position":1,"name":"Dom\u016f","item":"https:\/\/shopatoa.com\/ro\/"},{"@type":"ListItem","position":2,"name":"Shop","item":"https:\/\/shopatoa.com\/ro\/shop\/"},{"@type":"ListItem","position":3,"name":"Parfumuri","item":"https:\/\/shopatoa.com\/ro\/parfumuri\/"},{"@type":"ListItem","position":4,"name":"Miniaturi de parfumuri","item":"https:\/\/shopatoa.com\/ro\/miniaturi-de-parfumuri\/"},{"@type":"ListItem","position":5,"name":"Jean P. Gaultier Scandal Le Parfum For Him &#8211; EDP &#8211; miniatur\u0103 10 ml"}]},{"@type":"WebSite","@id":"https:\/\/shopatoa.com\/ro\/#website","url":"https:\/\/shopatoa.com\/ro\/","name":"SHOPATOA","description":"","publisher":{"@id":"https:\/\/shopatoa.com\/ro\/#organization"},"potentialAction":[{"@type":"SearchAction","target":{"@type":"EntryPoint","urlTemplate":"https:\/\/shopatoa.com\/ro\/?s={search_term_string}"},"query-input":{"@type":"PropertyValueSpecification","valueRequired":true,"valueName":"search_term_string"}}],"inLanguage":"ro-RO"},{"@type":"Organization","@id":"https:\/\/shopatoa.com\/ro\/#organization","name":"SHOPATOA","url":"https:\/\/shopatoa.com\/ro\/","logo":{"@type":"ImageObject","inLanguage":"ro-RO","@id":"https:\/\/shopatoa.com\/ro\/#\/schema\/logo\/image\/","url":"https:\/\/storage.googleapis.com\/cz-shopatoa-img\/ro\/b4dac915-shopatoa_logo.png","contentUrl":"https:\/\/storage.googleapis.com\/cz-shopatoa-img\/ro\/b4dac915-shopatoa_logo.png","width":416,"height":63,"caption":"SHOPATOA"},"image":{"@id":"https:\/\/shopatoa.com\/ro\/#\/schema\/logo\/image\/"}}]}},"_links":{"self":[{"href":"https:\/\/shopatoa.com\/ro\/wp-json\/wp\/v2\/product\/374445","targetHints":{"allow":["GET"]}}],"collection":[{"href":"https:\/\/shopatoa.com\/ro\/wp-json\/wp\/v2\/product"}],"about":[{"href":"https:\/\/shopatoa.com\/ro\/wp-json\/wp\/v2\/types\/product"}],"replies":[{"embeddable":true,"href":"https:\/\/shopatoa.com\/ro\/wp-json\/wp\/v2\/comments?post=374445"}],"wp:featuredmedia":[{"embeddable":true,"href":"https:\/\/shopatoa.com\/ro\/wp-json\/wp\/v2\/media\/374446"}],"wp:attachment":[{"href":"https:\/\/shopatoa.com\/ro\/wp-json\/wp\/v2\/media?parent=374445"}],"wp:term":[{"taxonomy":"product_brand","embeddable":true,"href":"https:\/\/shopatoa.com\/ro\/wp-json\/wp\/v2\/product_brand?post=374445"},{"taxonomy":"product_cat","embeddable":true,"href":"https:\/\/shopatoa.com\/ro\/wp-json\/wp\/v2\/product_cat?post=374445"},{"taxonomy":"product_tag","embeddable":true,"href":"https:\/\/shopatoa.com\/ro\/wp-json\/wp\/v2\/product_tag?post=374445"}],"curies":[{"name":"wp","href":"https:\/\/api.w.org\/{rel}","templated":true}]}}