{"id":374835,"date":"2025-05-22T06:40:13","date_gmt":"2025-05-22T04:40:13","guid":{"rendered":"https:\/\/shopatoa.com\/ro\/valera-uscator-de-par-profesional-epower-2030-eq-rc-d-black-2\/"},"modified":"2025-12-14T12:54:02","modified_gmt":"2025-12-14T11:54:02","slug":"valera-uscator-de-par-profesional-epower-2030-eq-rc-d-black-2","status":"publish","type":"product","link":"https:\/\/shopatoa.com\/ro\/valera-uscator-de-par-profesional-epower-2030-eq-rc-d-black-2\/","title":{"rendered":"Valera Usc\u0103tor de p\u0103r profesional ePower 2030 eQ RC D Black"},"content":{"rendered":"<p>Usc\u0103tor de p\u0103r profesional cu performan\u021b\u0103 durabil\u0103 \u0219i senzor inteligent de control al aerului. Aerul ionizat \u00eengrije\u0219te p\u0103rul \u0219i distruge bacteriile. Utilizarea necorespunz\u0103toare, \u00eenfundarea par\u021bial\u0103 a filtrului, precum \u0219i murd\u0103ria blocat\u0103 \u00een usc\u0103torul de p\u0103r, toate acestea pot duce la o reducerea performan\u021belor usc\u0103torului de p\u0103r \u0219i a duratei sale de via\u021b\u0103. Valera prezint\u0103 eQ-AIRcontroller \u2013 o solu\u021bie inteligent\u0103 pentru fluxul adecvat de aer \u0219i controlul func\u021bionalit\u0103\u021bii maxime. Un microprocesor inteligent monitorizeaz\u0103 continuu mai mul\u021bi parametri pentru fluxul de aer adecvat. Atunci c\u00e2nd eQ-AIRcontroller detecteaz\u0103 orice valoare sub prag definit\u0103, acesta indic\u0103 o problem\u0103 la nivelul fluxului de aer sau o defec\u021biune a usc\u0103torului de p\u0103r prin intermediul unui indicator luminos. Noul usc\u0103tor de p\u0103r ePower ofer\u0103 performan\u021be profesionale cu un impact minim asupra mediului. Contribuie la durabilitate prin consumul redus de energie \u0219i prin calitatea superioar\u0103 a motorului s\u0103u digital evolutiv f\u0103r\u0103 carbon , care nu produce praf de carbon \u0219i are o durat\u0103 de via\u021b\u0103 extrem de lung\u0103, de p\u00e2n\u0103 la 10.000 de ore. Sistemul SANIFY \u00eembun\u0103t\u0103\u021be\u0219te calitatea fluxului de aer \u0219i are efecte antibacteriene. Cu sistemul SANIFY v\u0103 pute\u021bi sim\u021bi \u00een siguran\u021b\u0103 \u0219i v\u0103 pute\u021bi bucura de beneficii considerabile. Stylingul \u00eentr-o camer\u0103 \u00eenchis\u0103 este comparabil cu aerul proasp\u0103t din natur\u0103. Fluxul puternic de aer garanteaz\u0103 o vitez\u0103 excelent\u0103 de uscare, pute\u021bi ob\u021bine cu u\u0219urin\u021b\u0103 rezultate mai bune \u00een mai pu\u021bin timp.<\/p>\n","protected":false},"excerpt":{"rendered":"<p>Usc\u0103tor de p\u0103r profesional cu performan\u021b\u0103 durabil\u0103 \u0219i senzor inteligent de control al aerului. Aerul ionizat \u00eengrije\u0219te p\u0103rul \u0219i distruge bacteriile. Utilizarea necorespunz\u0103toare, \u00eenfundarea par\u021bial\u0103 a filtrului, precum \u0219i murd\u0103ria blocat\u0103 \u00een usc\u0103torul de p\u0103r, toate acestea pot duce la o reducerea performan\u021belor usc\u0103torului de p\u0103r \u0219i a duratei sale de via\u021b\u0103. Valera prezint\u0103 eQ-AIRcontroller&#8230;<\/p>\n","protected":false},"featured_media":374836,"comment_status":"closed","ping_status":"open","template":"","meta":{"_acf_changed":false,"_kadence_starter_templates_imported_post":false,"_kad_post_transparent":"","_kad_post_title":"","_kad_post_layout":"","_kad_post_sidebar_id":"","_kad_post_content_style":"","_kad_post_vertical_padding":"","_kad_post_feature":"","_kad_post_feature_position":"","_kad_post_header":false,"_kad_post_footer":false,"_kad_post_classname":""},"product_brand":[355],"product_cat":[246,623,624,762],"product_tag":[],"class_list":{"0":"post-374835","1":"product","2":"type-product","3":"status-publish","4":"has-post-thumbnail","6":"product_brand-valera","7":"product_cat-cosmetice","8":"product_cat-produse-cosmetice-pentru-par","9":"product_cat-produse-aparate-si-accesorii-pentru-par","10":"product_cat-uscatoare-de-par-fenuri","12":"first","13":"instock","14":"sale","15":"product-type-external","16":"entry","17":"content-bg","18":"loop-entry"},"acf":[],"yoast_head":"<!-- This site is optimized with the Yoast SEO plugin v27.4 - https:\/\/yoast.com\/product\/yoast-seo-wordpress\/ -->\n<title>Valera Usc\u0103tor de p\u0103r profesional ePower 2030 eQ RC D Black - SHOPATOA.COM<\/title>\n<meta name=\"robots\" content=\"index, follow, max-snippet:-1, max-image-preview:large, max-video-preview:-1\" \/>\n<link rel=\"canonical\" href=\"https:\/\/shopatoa.com\/ro\/valera-uscator-de-par-profesional-epower-2030-eq-rc-d-black-2\/\" \/>\n<meta property=\"og:locale\" content=\"ro_RO\" \/>\n<meta property=\"og:type\" content=\"article\" \/>\n<meta property=\"og:title\" content=\"Valera Usc\u0103tor de p\u0103r profesional ePower 2030 eQ RC D Black - SHOPATOA.COM\" \/>\n<meta property=\"og:description\" content=\"Usc\u0103tor de p\u0103r profesional cu performan\u021b\u0103 durabil\u0103 \u0219i senzor inteligent de control al aerului. Aerul ionizat \u00eengrije\u0219te p\u0103rul \u0219i distruge bacteriile. Utilizarea necorespunz\u0103toare, \u00eenfundarea par\u021bial\u0103 a filtrului, precum \u0219i murd\u0103ria blocat\u0103 \u00een usc\u0103torul de p\u0103r, toate acestea pot duce la o reducerea performan\u021belor usc\u0103torului de p\u0103r \u0219i a duratei sale de via\u021b\u0103. Valera prezint\u0103 eQ-AIRcontroller...\" \/>\n<meta property=\"og:url\" content=\"https:\/\/shopatoa.com\/ro\/valera-uscator-de-par-profesional-epower-2030-eq-rc-d-black-2\/\" \/>\n<meta property=\"og:site_name\" content=\"SHOPATOA\" \/>\n<meta property=\"article:modified_time\" content=\"2025-12-14T11:54:02+00:00\" \/>\n<meta property=\"og:image\" content=\"https:\/\/storage.googleapis.com\/cz-shopatoa-img\/ro\/ce6af61f-unnamed-file.webp\" \/>\n\t<meta property=\"og:image:width\" content=\"800\" \/>\n\t<meta property=\"og:image:height\" content=\"800\" \/>\n\t<meta property=\"og:image:type\" content=\"image\/webp\" \/>\n<meta name=\"twitter:card\" content=\"summary_large_image\" \/>\n<meta name=\"twitter:label1\" content=\"Timp estimat pentru citire\" \/>\n\t<meta name=\"twitter:data1\" content=\"1 minut\" \/>\n<script type=\"application\/ld+json\" class=\"yoast-schema-graph\">{\"@context\":\"https:\\\/\\\/schema.org\",\"@graph\":[{\"@type\":\"WebPage\",\"@id\":\"https:\\\/\\\/shopatoa.com\\\/ro\\\/valera-uscator-de-par-profesional-epower-2030-eq-rc-d-black-2\\\/\",\"url\":\"https:\\\/\\\/shopatoa.com\\\/ro\\\/valera-uscator-de-par-profesional-epower-2030-eq-rc-d-black-2\\\/\",\"name\":\"Valera Usc\u0103tor de p\u0103r profesional ePower 2030 eQ RC D Black - SHOPATOA.COM\",\"isPartOf\":{\"@id\":\"https:\\\/\\\/shopatoa.com\\\/ro\\\/#website\"},\"primaryImageOfPage\":{\"@id\":\"https:\\\/\\\/shopatoa.com\\\/ro\\\/valera-uscator-de-par-profesional-epower-2030-eq-rc-d-black-2\\\/#primaryimage\"},\"image\":{\"@id\":\"https:\\\/\\\/shopatoa.com\\\/ro\\\/valera-uscator-de-par-profesional-epower-2030-eq-rc-d-black-2\\\/#primaryimage\"},\"thumbnailUrl\":\"https:\\\/\\\/storage.googleapis.com\\\/cz-shopatoa-img\\\/ro\\\/ce6af61f-unnamed-file.webp\",\"datePublished\":\"2025-05-22T04:40:13+00:00\",\"dateModified\":\"2025-12-14T11:54:02+00:00\",\"breadcrumb\":{\"@id\":\"https:\\\/\\\/shopatoa.com\\\/ro\\\/valera-uscator-de-par-profesional-epower-2030-eq-rc-d-black-2\\\/#breadcrumb\"},\"inLanguage\":\"ro-RO\",\"potentialAction\":[{\"@type\":\"ReadAction\",\"target\":[\"https:\\\/\\\/shopatoa.com\\\/ro\\\/valera-uscator-de-par-profesional-epower-2030-eq-rc-d-black-2\\\/\"]}]},{\"@type\":\"ImageObject\",\"inLanguage\":\"ro-RO\",\"@id\":\"https:\\\/\\\/shopatoa.com\\\/ro\\\/valera-uscator-de-par-profesional-epower-2030-eq-rc-d-black-2\\\/#primaryimage\",\"url\":\"https:\\\/\\\/storage.googleapis.com\\\/cz-shopatoa-img\\\/ro\\\/ce6af61f-unnamed-file.webp\",\"contentUrl\":\"https:\\\/\\\/storage.googleapis.com\\\/cz-shopatoa-img\\\/ro\\\/ce6af61f-unnamed-file.webp\",\"width\":800,\"height\":800},{\"@type\":\"BreadcrumbList\",\"@id\":\"https:\\\/\\\/shopatoa.com\\\/ro\\\/valera-uscator-de-par-profesional-epower-2030-eq-rc-d-black-2\\\/#breadcrumb\",\"itemListElement\":[{\"@type\":\"ListItem\",\"position\":1,\"name\":\"Dom\u016f\",\"item\":\"https:\\\/\\\/shopatoa.com\\\/ro\\\/\"},{\"@type\":\"ListItem\",\"position\":2,\"name\":\"Shop\",\"item\":\"https:\\\/\\\/shopatoa.com\\\/ro\\\/shop\\\/\"},{\"@type\":\"ListItem\",\"position\":3,\"name\":\"Cosmetice\",\"item\":\"https:\\\/\\\/shopatoa.com\\\/ro\\\/cosmetice\\\/\"},{\"@type\":\"ListItem\",\"position\":4,\"name\":\"Produse cosmetice pentru p\u0103r\",\"item\":\"https:\\\/\\\/shopatoa.com\\\/ro\\\/produse-cosmetice-pentru-par\\\/\"},{\"@type\":\"ListItem\",\"position\":5,\"name\":\"Produse, aparate \u0219i accesorii pentru p\u0103r\",\"item\":\"https:\\\/\\\/shopatoa.com\\\/ro\\\/produse-aparate-si-accesorii-pentru-par\\\/\"},{\"@type\":\"ListItem\",\"position\":6,\"name\":\"Usc\u0103toare de p\u0103r, fenuri\",\"item\":\"https:\\\/\\\/shopatoa.com\\\/ro\\\/uscatoare-de-par-fenuri\\\/\"},{\"@type\":\"ListItem\",\"position\":7,\"name\":\"Valera Usc\u0103tor de p\u0103r profesional ePower 2030 eQ RC D Black\"}]},{\"@type\":\"WebSite\",\"@id\":\"https:\\\/\\\/shopatoa.com\\\/ro\\\/#website\",\"url\":\"https:\\\/\\\/shopatoa.com\\\/ro\\\/\",\"name\":\"SHOPATOA\",\"description\":\"\",\"publisher\":{\"@id\":\"https:\\\/\\\/shopatoa.com\\\/ro\\\/#organization\"},\"potentialAction\":[{\"@type\":\"SearchAction\",\"target\":{\"@type\":\"EntryPoint\",\"urlTemplate\":\"https:\\\/\\\/shopatoa.com\\\/ro\\\/?s={search_term_string}\"},\"query-input\":{\"@type\":\"PropertyValueSpecification\",\"valueRequired\":true,\"valueName\":\"search_term_string\"}}],\"inLanguage\":\"ro-RO\"},{\"@type\":\"Organization\",\"@id\":\"https:\\\/\\\/shopatoa.com\\\/ro\\\/#organization\",\"name\":\"SHOPATOA\",\"url\":\"https:\\\/\\\/shopatoa.com\\\/ro\\\/\",\"logo\":{\"@type\":\"ImageObject\",\"inLanguage\":\"ro-RO\",\"@id\":\"https:\\\/\\\/shopatoa.com\\\/ro\\\/#\\\/schema\\\/logo\\\/image\\\/\",\"url\":\"https:\\\/\\\/storage.googleapis.com\\\/cz-shopatoa-img\\\/ro\\\/b4dac915-shopatoa_logo.png\",\"contentUrl\":\"https:\\\/\\\/storage.googleapis.com\\\/cz-shopatoa-img\\\/ro\\\/b4dac915-shopatoa_logo.png\",\"width\":416,\"height\":63,\"caption\":\"SHOPATOA\"},\"image\":{\"@id\":\"https:\\\/\\\/shopatoa.com\\\/ro\\\/#\\\/schema\\\/logo\\\/image\\\/\"}}]}<\/script>\n<!-- \/ Yoast SEO plugin. -->","yoast_head_json":{"title":"Valera Usc\u0103tor de p\u0103r profesional ePower 2030 eQ RC D Black - SHOPATOA.COM","robots":{"index":"index","follow":"follow","max-snippet":"max-snippet:-1","max-image-preview":"max-image-preview:large","max-video-preview":"max-video-preview:-1"},"canonical":"https:\/\/shopatoa.com\/ro\/valera-uscator-de-par-profesional-epower-2030-eq-rc-d-black-2\/","og_locale":"ro_RO","og_type":"article","og_title":"Valera Usc\u0103tor de p\u0103r profesional ePower 2030 eQ RC D Black - SHOPATOA.COM","og_description":"Usc\u0103tor de p\u0103r profesional cu performan\u021b\u0103 durabil\u0103 \u0219i senzor inteligent de control al aerului. Aerul ionizat \u00eengrije\u0219te p\u0103rul \u0219i distruge bacteriile. Utilizarea necorespunz\u0103toare, \u00eenfundarea par\u021bial\u0103 a filtrului, precum \u0219i murd\u0103ria blocat\u0103 \u00een usc\u0103torul de p\u0103r, toate acestea pot duce la o reducerea performan\u021belor usc\u0103torului de p\u0103r \u0219i a duratei sale de via\u021b\u0103. Valera prezint\u0103 eQ-AIRcontroller...","og_url":"https:\/\/shopatoa.com\/ro\/valera-uscator-de-par-profesional-epower-2030-eq-rc-d-black-2\/","og_site_name":"SHOPATOA","article_modified_time":"2025-12-14T11:54:02+00:00","og_image":[{"width":800,"height":800,"url":"https:\/\/storage.googleapis.com\/cz-shopatoa-img\/ro\/ce6af61f-unnamed-file.webp","type":"image\/webp"}],"twitter_card":"summary_large_image","twitter_misc":{"Timp estimat pentru citire":"1 minut"},"schema":{"@context":"https:\/\/schema.org","@graph":[{"@type":"WebPage","@id":"https:\/\/shopatoa.com\/ro\/valera-uscator-de-par-profesional-epower-2030-eq-rc-d-black-2\/","url":"https:\/\/shopatoa.com\/ro\/valera-uscator-de-par-profesional-epower-2030-eq-rc-d-black-2\/","name":"Valera Usc\u0103tor de p\u0103r profesional ePower 2030 eQ RC D Black - SHOPATOA.COM","isPartOf":{"@id":"https:\/\/shopatoa.com\/ro\/#website"},"primaryImageOfPage":{"@id":"https:\/\/shopatoa.com\/ro\/valera-uscator-de-par-profesional-epower-2030-eq-rc-d-black-2\/#primaryimage"},"image":{"@id":"https:\/\/shopatoa.com\/ro\/valera-uscator-de-par-profesional-epower-2030-eq-rc-d-black-2\/#primaryimage"},"thumbnailUrl":"https:\/\/storage.googleapis.com\/cz-shopatoa-img\/ro\/ce6af61f-unnamed-file.webp","datePublished":"2025-05-22T04:40:13+00:00","dateModified":"2025-12-14T11:54:02+00:00","breadcrumb":{"@id":"https:\/\/shopatoa.com\/ro\/valera-uscator-de-par-profesional-epower-2030-eq-rc-d-black-2\/#breadcrumb"},"inLanguage":"ro-RO","potentialAction":[{"@type":"ReadAction","target":["https:\/\/shopatoa.com\/ro\/valera-uscator-de-par-profesional-epower-2030-eq-rc-d-black-2\/"]}]},{"@type":"ImageObject","inLanguage":"ro-RO","@id":"https:\/\/shopatoa.com\/ro\/valera-uscator-de-par-profesional-epower-2030-eq-rc-d-black-2\/#primaryimage","url":"https:\/\/storage.googleapis.com\/cz-shopatoa-img\/ro\/ce6af61f-unnamed-file.webp","contentUrl":"https:\/\/storage.googleapis.com\/cz-shopatoa-img\/ro\/ce6af61f-unnamed-file.webp","width":800,"height":800},{"@type":"BreadcrumbList","@id":"https:\/\/shopatoa.com\/ro\/valera-uscator-de-par-profesional-epower-2030-eq-rc-d-black-2\/#breadcrumb","itemListElement":[{"@type":"ListItem","position":1,"name":"Dom\u016f","item":"https:\/\/shopatoa.com\/ro\/"},{"@type":"ListItem","position":2,"name":"Shop","item":"https:\/\/shopatoa.com\/ro\/shop\/"},{"@type":"ListItem","position":3,"name":"Cosmetice","item":"https:\/\/shopatoa.com\/ro\/cosmetice\/"},{"@type":"ListItem","position":4,"name":"Produse cosmetice pentru p\u0103r","item":"https:\/\/shopatoa.com\/ro\/produse-cosmetice-pentru-par\/"},{"@type":"ListItem","position":5,"name":"Produse, aparate \u0219i accesorii pentru p\u0103r","item":"https:\/\/shopatoa.com\/ro\/produse-aparate-si-accesorii-pentru-par\/"},{"@type":"ListItem","position":6,"name":"Usc\u0103toare de p\u0103r, fenuri","item":"https:\/\/shopatoa.com\/ro\/uscatoare-de-par-fenuri\/"},{"@type":"ListItem","position":7,"name":"Valera Usc\u0103tor de p\u0103r profesional ePower 2030 eQ RC D Black"}]},{"@type":"WebSite","@id":"https:\/\/shopatoa.com\/ro\/#website","url":"https:\/\/shopatoa.com\/ro\/","name":"SHOPATOA","description":"","publisher":{"@id":"https:\/\/shopatoa.com\/ro\/#organization"},"potentialAction":[{"@type":"SearchAction","target":{"@type":"EntryPoint","urlTemplate":"https:\/\/shopatoa.com\/ro\/?s={search_term_string}"},"query-input":{"@type":"PropertyValueSpecification","valueRequired":true,"valueName":"search_term_string"}}],"inLanguage":"ro-RO"},{"@type":"Organization","@id":"https:\/\/shopatoa.com\/ro\/#organization","name":"SHOPATOA","url":"https:\/\/shopatoa.com\/ro\/","logo":{"@type":"ImageObject","inLanguage":"ro-RO","@id":"https:\/\/shopatoa.com\/ro\/#\/schema\/logo\/image\/","url":"https:\/\/storage.googleapis.com\/cz-shopatoa-img\/ro\/b4dac915-shopatoa_logo.png","contentUrl":"https:\/\/storage.googleapis.com\/cz-shopatoa-img\/ro\/b4dac915-shopatoa_logo.png","width":416,"height":63,"caption":"SHOPATOA"},"image":{"@id":"https:\/\/shopatoa.com\/ro\/#\/schema\/logo\/image\/"}}]}},"_links":{"self":[{"href":"https:\/\/shopatoa.com\/ro\/wp-json\/wp\/v2\/product\/374835","targetHints":{"allow":["GET"]}}],"collection":[{"href":"https:\/\/shopatoa.com\/ro\/wp-json\/wp\/v2\/product"}],"about":[{"href":"https:\/\/shopatoa.com\/ro\/wp-json\/wp\/v2\/types\/product"}],"replies":[{"embeddable":true,"href":"https:\/\/shopatoa.com\/ro\/wp-json\/wp\/v2\/comments?post=374835"}],"wp:featuredmedia":[{"embeddable":true,"href":"https:\/\/shopatoa.com\/ro\/wp-json\/wp\/v2\/media\/374836"}],"wp:attachment":[{"href":"https:\/\/shopatoa.com\/ro\/wp-json\/wp\/v2\/media?parent=374835"}],"wp:term":[{"taxonomy":"product_brand","embeddable":true,"href":"https:\/\/shopatoa.com\/ro\/wp-json\/wp\/v2\/product_brand?post=374835"},{"taxonomy":"product_cat","embeddable":true,"href":"https:\/\/shopatoa.com\/ro\/wp-json\/wp\/v2\/product_cat?post=374835"},{"taxonomy":"product_tag","embeddable":true,"href":"https:\/\/shopatoa.com\/ro\/wp-json\/wp\/v2\/product_tag?post=374835"}],"curies":[{"name":"wp","href":"https:\/\/api.w.org\/{rel}","templated":true}]}}