{"id":374979,"date":"2025-05-22T06:52:14","date_gmt":"2025-05-22T04:52:14","guid":{"rendered":"https:\/\/shopatoa.com\/ro\/beurer-set-de-manichiura-si-pedichiura-beu-mp84-2\/"},"modified":"2025-12-14T12:43:18","modified_gmt":"2025-12-14T11:43:18","slug":"beurer-set-de-manichiura-si-pedichiura-beu-mp84-2","status":"publish","type":"product","link":"https:\/\/shopatoa.com\/ro\/beurer-set-de-manichiura-si-pedichiura-beu-mp84-2\/","title":{"rendered":"Beurer Set de manichiur\u0103 \u0219i pedichiur\u0103 BEU-MP84"},"content":{"rendered":"<p>Set pentru manichiur\u0103 \u0219i pedichiur\u0103 cu o carcas\u0103 practic\u0103 care serve\u0219te \u0219i ca sta\u021bie de \u00eenc\u0103rcare. Produsul include 10 ata\u0219amente \u00eenlocuibile de \u00eenalt\u0103 calitate. Ata\u0219amente: disc fin de safir, disc de safir grosier, con de p\u00e2sl\u0103, rola de cristal pentru piele \u00eent\u0103rit\u0103, rola rotunda de safir, pil\u0103 de unghii, t\u0103ietor \u00een form\u0103 de flac\u0103r\u0103, in forma cilindric\u0103, con de safir, rola de safir pentru piele \u00eent\u0103rit\u0103.<\/p>\n","protected":false},"excerpt":{"rendered":"<p>Set pentru manichiur\u0103 \u0219i pedichiur\u0103 cu o carcas\u0103 practic\u0103 care serve\u0219te \u0219i ca sta\u021bie de \u00eenc\u0103rcare. Produsul include 10 ata\u0219amente \u00eenlocuibile de \u00eenalt\u0103 calitate. Ata\u0219amente: disc fin de safir, disc de safir grosier, con de p\u00e2sl\u0103, rola de cristal pentru piele \u00eent\u0103rit\u0103, rola rotunda de safir, pil\u0103 de unghii, t\u0103ietor \u00een form\u0103 de flac\u0103r\u0103, in&#8230;<\/p>\n","protected":false},"featured_media":374980,"comment_status":"closed","ping_status":"open","template":"","meta":{"_acf_changed":false,"_kadence_starter_templates_imported_post":false,"_kad_post_transparent":"","_kad_post_title":"","_kad_post_layout":"","_kad_post_sidebar_id":"","_kad_post_content_style":"","_kad_post_vertical_padding":"","_kad_post_feature":"","_kad_post_feature_position":"","_kad_post_header":false,"_kad_post_footer":false,"_kad_post_classname":""},"product_brand":[352],"product_cat":[246,697,698,611],"product_tag":[],"class_list":{"0":"post-374979","1":"product","2":"type-product","3":"status-publish","4":"has-post-thumbnail","6":"product_brand-beurer","7":"product_cat-cosmetice","8":"product_cat-manichiura-si-pedichiura","9":"product_cat-manichiuri","10":"product_cat-produse-cosmetice-pentru-corp","12":"first","13":"instock","14":"sale","15":"product-type-external","16":"entry","17":"content-bg","18":"loop-entry"},"acf":[],"yoast_head":"<!-- This site is optimized with the Yoast SEO plugin v27.4 - https:\/\/yoast.com\/product\/yoast-seo-wordpress\/ -->\n<title>Beurer Set de manichiur\u0103 \u0219i pedichiur\u0103 BEU-MP84 - SHOPATOA.COM<\/title>\n<meta name=\"robots\" content=\"index, follow, max-snippet:-1, max-image-preview:large, max-video-preview:-1\" \/>\n<link rel=\"canonical\" href=\"https:\/\/shopatoa.com\/ro\/beurer-set-de-manichiura-si-pedichiura-beu-mp84-2\/\" \/>\n<meta property=\"og:locale\" content=\"ro_RO\" \/>\n<meta property=\"og:type\" content=\"article\" \/>\n<meta property=\"og:title\" content=\"Beurer Set de manichiur\u0103 \u0219i pedichiur\u0103 BEU-MP84 - SHOPATOA.COM\" \/>\n<meta property=\"og:description\" content=\"Set pentru manichiur\u0103 \u0219i pedichiur\u0103 cu o carcas\u0103 practic\u0103 care serve\u0219te \u0219i ca sta\u021bie de \u00eenc\u0103rcare. Produsul include 10 ata\u0219amente \u00eenlocuibile de \u00eenalt\u0103 calitate. Ata\u0219amente: disc fin de safir, disc de safir grosier, con de p\u00e2sl\u0103, rola de cristal pentru piele \u00eent\u0103rit\u0103, rola rotunda de safir, pil\u0103 de unghii, t\u0103ietor \u00een form\u0103 de flac\u0103r\u0103, in...\" \/>\n<meta property=\"og:url\" content=\"https:\/\/shopatoa.com\/ro\/beurer-set-de-manichiura-si-pedichiura-beu-mp84-2\/\" \/>\n<meta property=\"og:site_name\" content=\"SHOPATOA\" \/>\n<meta property=\"article:modified_time\" content=\"2025-12-14T11:43:18+00:00\" \/>\n<meta property=\"og:image\" content=\"https:\/\/storage.googleapis.com\/cz-shopatoa-img\/ro\/cee7a77a-unnamed-file.webp\" \/>\n\t<meta property=\"og:image:width\" content=\"800\" \/>\n\t<meta property=\"og:image:height\" content=\"800\" \/>\n\t<meta property=\"og:image:type\" content=\"image\/webp\" \/>\n<meta name=\"twitter:card\" content=\"summary_large_image\" \/>\n<script type=\"application\/ld+json\" class=\"yoast-schema-graph\">{\"@context\":\"https:\\\/\\\/schema.org\",\"@graph\":[{\"@type\":\"WebPage\",\"@id\":\"https:\\\/\\\/shopatoa.com\\\/ro\\\/beurer-set-de-manichiura-si-pedichiura-beu-mp84-2\\\/\",\"url\":\"https:\\\/\\\/shopatoa.com\\\/ro\\\/beurer-set-de-manichiura-si-pedichiura-beu-mp84-2\\\/\",\"name\":\"Beurer Set de manichiur\u0103 \u0219i pedichiur\u0103 BEU-MP84 - SHOPATOA.COM\",\"isPartOf\":{\"@id\":\"https:\\\/\\\/shopatoa.com\\\/ro\\\/#website\"},\"primaryImageOfPage\":{\"@id\":\"https:\\\/\\\/shopatoa.com\\\/ro\\\/beurer-set-de-manichiura-si-pedichiura-beu-mp84-2\\\/#primaryimage\"},\"image\":{\"@id\":\"https:\\\/\\\/shopatoa.com\\\/ro\\\/beurer-set-de-manichiura-si-pedichiura-beu-mp84-2\\\/#primaryimage\"},\"thumbnailUrl\":\"https:\\\/\\\/storage.googleapis.com\\\/cz-shopatoa-img\\\/ro\\\/cee7a77a-unnamed-file.webp\",\"datePublished\":\"2025-05-22T04:52:14+00:00\",\"dateModified\":\"2025-12-14T11:43:18+00:00\",\"breadcrumb\":{\"@id\":\"https:\\\/\\\/shopatoa.com\\\/ro\\\/beurer-set-de-manichiura-si-pedichiura-beu-mp84-2\\\/#breadcrumb\"},\"inLanguage\":\"ro-RO\",\"potentialAction\":[{\"@type\":\"ReadAction\",\"target\":[\"https:\\\/\\\/shopatoa.com\\\/ro\\\/beurer-set-de-manichiura-si-pedichiura-beu-mp84-2\\\/\"]}]},{\"@type\":\"ImageObject\",\"inLanguage\":\"ro-RO\",\"@id\":\"https:\\\/\\\/shopatoa.com\\\/ro\\\/beurer-set-de-manichiura-si-pedichiura-beu-mp84-2\\\/#primaryimage\",\"url\":\"https:\\\/\\\/storage.googleapis.com\\\/cz-shopatoa-img\\\/ro\\\/cee7a77a-unnamed-file.webp\",\"contentUrl\":\"https:\\\/\\\/storage.googleapis.com\\\/cz-shopatoa-img\\\/ro\\\/cee7a77a-unnamed-file.webp\",\"width\":800,\"height\":800},{\"@type\":\"BreadcrumbList\",\"@id\":\"https:\\\/\\\/shopatoa.com\\\/ro\\\/beurer-set-de-manichiura-si-pedichiura-beu-mp84-2\\\/#breadcrumb\",\"itemListElement\":[{\"@type\":\"ListItem\",\"position\":1,\"name\":\"Dom\u016f\",\"item\":\"https:\\\/\\\/shopatoa.com\\\/ro\\\/\"},{\"@type\":\"ListItem\",\"position\":2,\"name\":\"Shop\",\"item\":\"https:\\\/\\\/shopatoa.com\\\/ro\\\/shop\\\/\"},{\"@type\":\"ListItem\",\"position\":3,\"name\":\"Cosmetice\",\"item\":\"https:\\\/\\\/shopatoa.com\\\/ro\\\/cosmetice\\\/\"},{\"@type\":\"ListItem\",\"position\":4,\"name\":\"Produse cosmetice pentru corp\",\"item\":\"https:\\\/\\\/shopatoa.com\\\/ro\\\/produse-cosmetice-pentru-corp\\\/\"},{\"@type\":\"ListItem\",\"position\":5,\"name\":\"Manichiura si pedichiura\",\"item\":\"https:\\\/\\\/shopatoa.com\\\/ro\\\/manichiura-si-pedichiura\\\/\"},{\"@type\":\"ListItem\",\"position\":6,\"name\":\"Manichiuri\",\"item\":\"https:\\\/\\\/shopatoa.com\\\/ro\\\/manichiuri\\\/\"},{\"@type\":\"ListItem\",\"position\":7,\"name\":\"Beurer Set de manichiur\u0103 \u0219i pedichiur\u0103 BEU-MP84\"}]},{\"@type\":\"WebSite\",\"@id\":\"https:\\\/\\\/shopatoa.com\\\/ro\\\/#website\",\"url\":\"https:\\\/\\\/shopatoa.com\\\/ro\\\/\",\"name\":\"SHOPATOA\",\"description\":\"\",\"publisher\":{\"@id\":\"https:\\\/\\\/shopatoa.com\\\/ro\\\/#organization\"},\"potentialAction\":[{\"@type\":\"SearchAction\",\"target\":{\"@type\":\"EntryPoint\",\"urlTemplate\":\"https:\\\/\\\/shopatoa.com\\\/ro\\\/?s={search_term_string}\"},\"query-input\":{\"@type\":\"PropertyValueSpecification\",\"valueRequired\":true,\"valueName\":\"search_term_string\"}}],\"inLanguage\":\"ro-RO\"},{\"@type\":\"Organization\",\"@id\":\"https:\\\/\\\/shopatoa.com\\\/ro\\\/#organization\",\"name\":\"SHOPATOA\",\"url\":\"https:\\\/\\\/shopatoa.com\\\/ro\\\/\",\"logo\":{\"@type\":\"ImageObject\",\"inLanguage\":\"ro-RO\",\"@id\":\"https:\\\/\\\/shopatoa.com\\\/ro\\\/#\\\/schema\\\/logo\\\/image\\\/\",\"url\":\"https:\\\/\\\/storage.googleapis.com\\\/cz-shopatoa-img\\\/ro\\\/b4dac915-shopatoa_logo.png\",\"contentUrl\":\"https:\\\/\\\/storage.googleapis.com\\\/cz-shopatoa-img\\\/ro\\\/b4dac915-shopatoa_logo.png\",\"width\":416,\"height\":63,\"caption\":\"SHOPATOA\"},\"image\":{\"@id\":\"https:\\\/\\\/shopatoa.com\\\/ro\\\/#\\\/schema\\\/logo\\\/image\\\/\"}}]}<\/script>\n<!-- \/ Yoast SEO plugin. -->","yoast_head_json":{"title":"Beurer Set de manichiur\u0103 \u0219i pedichiur\u0103 BEU-MP84 - SHOPATOA.COM","robots":{"index":"index","follow":"follow","max-snippet":"max-snippet:-1","max-image-preview":"max-image-preview:large","max-video-preview":"max-video-preview:-1"},"canonical":"https:\/\/shopatoa.com\/ro\/beurer-set-de-manichiura-si-pedichiura-beu-mp84-2\/","og_locale":"ro_RO","og_type":"article","og_title":"Beurer Set de manichiur\u0103 \u0219i pedichiur\u0103 BEU-MP84 - SHOPATOA.COM","og_description":"Set pentru manichiur\u0103 \u0219i pedichiur\u0103 cu o carcas\u0103 practic\u0103 care serve\u0219te \u0219i ca sta\u021bie de \u00eenc\u0103rcare. Produsul include 10 ata\u0219amente \u00eenlocuibile de \u00eenalt\u0103 calitate. Ata\u0219amente: disc fin de safir, disc de safir grosier, con de p\u00e2sl\u0103, rola de cristal pentru piele \u00eent\u0103rit\u0103, rola rotunda de safir, pil\u0103 de unghii, t\u0103ietor \u00een form\u0103 de flac\u0103r\u0103, in...","og_url":"https:\/\/shopatoa.com\/ro\/beurer-set-de-manichiura-si-pedichiura-beu-mp84-2\/","og_site_name":"SHOPATOA","article_modified_time":"2025-12-14T11:43:18+00:00","og_image":[{"width":800,"height":800,"url":"https:\/\/storage.googleapis.com\/cz-shopatoa-img\/ro\/cee7a77a-unnamed-file.webp","type":"image\/webp"}],"twitter_card":"summary_large_image","schema":{"@context":"https:\/\/schema.org","@graph":[{"@type":"WebPage","@id":"https:\/\/shopatoa.com\/ro\/beurer-set-de-manichiura-si-pedichiura-beu-mp84-2\/","url":"https:\/\/shopatoa.com\/ro\/beurer-set-de-manichiura-si-pedichiura-beu-mp84-2\/","name":"Beurer Set de manichiur\u0103 \u0219i pedichiur\u0103 BEU-MP84 - SHOPATOA.COM","isPartOf":{"@id":"https:\/\/shopatoa.com\/ro\/#website"},"primaryImageOfPage":{"@id":"https:\/\/shopatoa.com\/ro\/beurer-set-de-manichiura-si-pedichiura-beu-mp84-2\/#primaryimage"},"image":{"@id":"https:\/\/shopatoa.com\/ro\/beurer-set-de-manichiura-si-pedichiura-beu-mp84-2\/#primaryimage"},"thumbnailUrl":"https:\/\/storage.googleapis.com\/cz-shopatoa-img\/ro\/cee7a77a-unnamed-file.webp","datePublished":"2025-05-22T04:52:14+00:00","dateModified":"2025-12-14T11:43:18+00:00","breadcrumb":{"@id":"https:\/\/shopatoa.com\/ro\/beurer-set-de-manichiura-si-pedichiura-beu-mp84-2\/#breadcrumb"},"inLanguage":"ro-RO","potentialAction":[{"@type":"ReadAction","target":["https:\/\/shopatoa.com\/ro\/beurer-set-de-manichiura-si-pedichiura-beu-mp84-2\/"]}]},{"@type":"ImageObject","inLanguage":"ro-RO","@id":"https:\/\/shopatoa.com\/ro\/beurer-set-de-manichiura-si-pedichiura-beu-mp84-2\/#primaryimage","url":"https:\/\/storage.googleapis.com\/cz-shopatoa-img\/ro\/cee7a77a-unnamed-file.webp","contentUrl":"https:\/\/storage.googleapis.com\/cz-shopatoa-img\/ro\/cee7a77a-unnamed-file.webp","width":800,"height":800},{"@type":"BreadcrumbList","@id":"https:\/\/shopatoa.com\/ro\/beurer-set-de-manichiura-si-pedichiura-beu-mp84-2\/#breadcrumb","itemListElement":[{"@type":"ListItem","position":1,"name":"Dom\u016f","item":"https:\/\/shopatoa.com\/ro\/"},{"@type":"ListItem","position":2,"name":"Shop","item":"https:\/\/shopatoa.com\/ro\/shop\/"},{"@type":"ListItem","position":3,"name":"Cosmetice","item":"https:\/\/shopatoa.com\/ro\/cosmetice\/"},{"@type":"ListItem","position":4,"name":"Produse cosmetice pentru corp","item":"https:\/\/shopatoa.com\/ro\/produse-cosmetice-pentru-corp\/"},{"@type":"ListItem","position":5,"name":"Manichiura si pedichiura","item":"https:\/\/shopatoa.com\/ro\/manichiura-si-pedichiura\/"},{"@type":"ListItem","position":6,"name":"Manichiuri","item":"https:\/\/shopatoa.com\/ro\/manichiuri\/"},{"@type":"ListItem","position":7,"name":"Beurer Set de manichiur\u0103 \u0219i pedichiur\u0103 BEU-MP84"}]},{"@type":"WebSite","@id":"https:\/\/shopatoa.com\/ro\/#website","url":"https:\/\/shopatoa.com\/ro\/","name":"SHOPATOA","description":"","publisher":{"@id":"https:\/\/shopatoa.com\/ro\/#organization"},"potentialAction":[{"@type":"SearchAction","target":{"@type":"EntryPoint","urlTemplate":"https:\/\/shopatoa.com\/ro\/?s={search_term_string}"},"query-input":{"@type":"PropertyValueSpecification","valueRequired":true,"valueName":"search_term_string"}}],"inLanguage":"ro-RO"},{"@type":"Organization","@id":"https:\/\/shopatoa.com\/ro\/#organization","name":"SHOPATOA","url":"https:\/\/shopatoa.com\/ro\/","logo":{"@type":"ImageObject","inLanguage":"ro-RO","@id":"https:\/\/shopatoa.com\/ro\/#\/schema\/logo\/image\/","url":"https:\/\/storage.googleapis.com\/cz-shopatoa-img\/ro\/b4dac915-shopatoa_logo.png","contentUrl":"https:\/\/storage.googleapis.com\/cz-shopatoa-img\/ro\/b4dac915-shopatoa_logo.png","width":416,"height":63,"caption":"SHOPATOA"},"image":{"@id":"https:\/\/shopatoa.com\/ro\/#\/schema\/logo\/image\/"}}]}},"_links":{"self":[{"href":"https:\/\/shopatoa.com\/ro\/wp-json\/wp\/v2\/product\/374979","targetHints":{"allow":["GET"]}}],"collection":[{"href":"https:\/\/shopatoa.com\/ro\/wp-json\/wp\/v2\/product"}],"about":[{"href":"https:\/\/shopatoa.com\/ro\/wp-json\/wp\/v2\/types\/product"}],"replies":[{"embeddable":true,"href":"https:\/\/shopatoa.com\/ro\/wp-json\/wp\/v2\/comments?post=374979"}],"wp:featuredmedia":[{"embeddable":true,"href":"https:\/\/shopatoa.com\/ro\/wp-json\/wp\/v2\/media\/374980"}],"wp:attachment":[{"href":"https:\/\/shopatoa.com\/ro\/wp-json\/wp\/v2\/media?parent=374979"}],"wp:term":[{"taxonomy":"product_brand","embeddable":true,"href":"https:\/\/shopatoa.com\/ro\/wp-json\/wp\/v2\/product_brand?post=374979"},{"taxonomy":"product_cat","embeddable":true,"href":"https:\/\/shopatoa.com\/ro\/wp-json\/wp\/v2\/product_cat?post=374979"},{"taxonomy":"product_tag","embeddable":true,"href":"https:\/\/shopatoa.com\/ro\/wp-json\/wp\/v2\/product_tag?post=374979"}],"curies":[{"name":"wp","href":"https:\/\/api.w.org\/{rel}","templated":true}]}}