{"id":375013,"date":"2025-05-22T06:53:39","date_gmt":"2025-05-22T04:53:39","guid":{"rendered":"https:\/\/shopatoa.com\/ro\/beviro-pieptene-pentru-barba-din-lemn-de-pere-beard-comb-2\/"},"modified":"2025-12-14T12:35:54","modified_gmt":"2025-12-14T11:35:54","slug":"beviro-pieptene-pentru-barba-din-lemn-de-pere-beard-comb-2","status":"publish","type":"product","link":"https:\/\/shopatoa.com\/ro\/beviro-pieptene-pentru-barba-din-lemn-de-pere-beard-comb-2\/","title":{"rendered":"beviro Pieptene pentru barb\u0103 din lemn de pere (Beard Comb)"},"content":{"rendered":"<p>Pieptenele nostru din lemn de pere \u00ee\u0219i macin\u0103 din\u021bii \u00een principal pe barba mai lung\u0103. Este similar cu p\u0103rul &#8211; atunci c\u00e2nd \u00eencepe s\u0103 dep\u0103\u0219easc\u0103 10 cm, ave\u021bi nevoie de un pieptene. Datorit\u0103 celor dou\u0103 l\u0103\u021bimi ale din\u021bilor, \u00eel pute\u021bi piept\u0103na mai \u00eent\u00e2i \u0219i apoi pute\u021bi regla fin. V\u0103 recomand\u0103m piept\u0103narea dup\u0103 aplicarea uleiului sau a balsamului &#8211; r\u0103sp\u00e2ndi\u021bi frumos cu pieptenele pe toat\u0103 lungimea b\u0103rbii. \u0218i va fi mai pl\u0103cut.<\/p>\n","protected":false},"excerpt":{"rendered":"<p>Pieptenele nostru din lemn de pere \u00ee\u0219i macin\u0103 din\u021bii \u00een principal pe barba mai lung\u0103. Este similar cu p\u0103rul &#8211; atunci c\u00e2nd \u00eencepe s\u0103 dep\u0103\u0219easc\u0103 10 cm, ave\u021bi nevoie de un pieptene. Datorit\u0103 celor dou\u0103 l\u0103\u021bimi ale din\u021bilor, \u00eel pute\u021bi piept\u0103na mai \u00eent\u00e2i \u0219i apoi pute\u021bi regla fin. V\u0103 recomand\u0103m piept\u0103narea dup\u0103 aplicarea uleiului sau&#8230;<\/p>\n","protected":false},"featured_media":375014,"comment_status":"closed","ping_status":"open","template":"","meta":{"_acf_changed":false,"_kadence_starter_templates_imported_post":false,"_kad_post_transparent":"","_kad_post_title":"","_kad_post_layout":"","_kad_post_sidebar_id":"","_kad_post_content_style":"","_kad_post_vertical_padding":"","_kad_post_feature":"","_kad_post_feature_position":"","_kad_post_header":false,"_kad_post_footer":false,"_kad_post_classname":""},"product_brand":[486],"product_cat":[670,721,246],"product_tag":[],"class_list":{"0":"post-375013","1":"product","2":"type-product","3":"status-publish","4":"has-post-thumbnail","6":"product_brand-beviro","7":"product_cat-barber-shop","8":"product_cat-barber-shop-ingrijirea-barbilor","9":"product_cat-cosmetice","11":"first","12":"instock","13":"product-type-external","14":"entry","15":"content-bg","16":"loop-entry"},"acf":[],"yoast_head":"<!-- This site is optimized with the Yoast SEO plugin v27.4 - https:\/\/yoast.com\/product\/yoast-seo-wordpress\/ -->\n<title>beviro Pieptene pentru barb\u0103 din lemn de pere (Beard Comb) - SHOPATOA.COM<\/title>\n<meta name=\"robots\" content=\"index, follow, max-snippet:-1, max-image-preview:large, max-video-preview:-1\" \/>\n<link rel=\"canonical\" href=\"https:\/\/shopatoa.com\/ro\/beviro-pieptene-pentru-barba-din-lemn-de-pere-beard-comb-2\/\" \/>\n<meta property=\"og:locale\" content=\"ro_RO\" \/>\n<meta property=\"og:type\" content=\"article\" \/>\n<meta property=\"og:title\" content=\"beviro Pieptene pentru barb\u0103 din lemn de pere (Beard Comb) - SHOPATOA.COM\" \/>\n<meta property=\"og:description\" content=\"Pieptenele nostru din lemn de pere \u00ee\u0219i macin\u0103 din\u021bii \u00een principal pe barba mai lung\u0103. Este similar cu p\u0103rul &#8211; atunci c\u00e2nd \u00eencepe s\u0103 dep\u0103\u0219easc\u0103 10 cm, ave\u021bi nevoie de un pieptene. Datorit\u0103 celor dou\u0103 l\u0103\u021bimi ale din\u021bilor, \u00eel pute\u021bi piept\u0103na mai \u00eent\u00e2i \u0219i apoi pute\u021bi regla fin. V\u0103 recomand\u0103m piept\u0103narea dup\u0103 aplicarea uleiului sau...\" \/>\n<meta property=\"og:url\" content=\"https:\/\/shopatoa.com\/ro\/beviro-pieptene-pentru-barba-din-lemn-de-pere-beard-comb-2\/\" \/>\n<meta property=\"og:site_name\" content=\"SHOPATOA\" \/>\n<meta property=\"article:modified_time\" content=\"2025-12-14T11:35:54+00:00\" \/>\n<meta property=\"og:image\" content=\"https:\/\/storage.googleapis.com\/cz-shopatoa-img\/ro\/b5c1b353-unnamed-file.webp\" \/>\n\t<meta property=\"og:image:width\" content=\"800\" \/>\n\t<meta property=\"og:image:height\" content=\"800\" \/>\n\t<meta property=\"og:image:type\" content=\"image\/webp\" \/>\n<meta name=\"twitter:card\" content=\"summary_large_image\" \/>\n<script type=\"application\/ld+json\" class=\"yoast-schema-graph\">{\"@context\":\"https:\\\/\\\/schema.org\",\"@graph\":[{\"@type\":\"WebPage\",\"@id\":\"https:\\\/\\\/shopatoa.com\\\/ro\\\/beviro-pieptene-pentru-barba-din-lemn-de-pere-beard-comb-2\\\/\",\"url\":\"https:\\\/\\\/shopatoa.com\\\/ro\\\/beviro-pieptene-pentru-barba-din-lemn-de-pere-beard-comb-2\\\/\",\"name\":\"beviro Pieptene pentru barb\u0103 din lemn de pere (Beard Comb) - SHOPATOA.COM\",\"isPartOf\":{\"@id\":\"https:\\\/\\\/shopatoa.com\\\/ro\\\/#website\"},\"primaryImageOfPage\":{\"@id\":\"https:\\\/\\\/shopatoa.com\\\/ro\\\/beviro-pieptene-pentru-barba-din-lemn-de-pere-beard-comb-2\\\/#primaryimage\"},\"image\":{\"@id\":\"https:\\\/\\\/shopatoa.com\\\/ro\\\/beviro-pieptene-pentru-barba-din-lemn-de-pere-beard-comb-2\\\/#primaryimage\"},\"thumbnailUrl\":\"https:\\\/\\\/storage.googleapis.com\\\/cz-shopatoa-img\\\/ro\\\/b5c1b353-unnamed-file.webp\",\"datePublished\":\"2025-05-22T04:53:39+00:00\",\"dateModified\":\"2025-12-14T11:35:54+00:00\",\"breadcrumb\":{\"@id\":\"https:\\\/\\\/shopatoa.com\\\/ro\\\/beviro-pieptene-pentru-barba-din-lemn-de-pere-beard-comb-2\\\/#breadcrumb\"},\"inLanguage\":\"ro-RO\",\"potentialAction\":[{\"@type\":\"ReadAction\",\"target\":[\"https:\\\/\\\/shopatoa.com\\\/ro\\\/beviro-pieptene-pentru-barba-din-lemn-de-pere-beard-comb-2\\\/\"]}]},{\"@type\":\"ImageObject\",\"inLanguage\":\"ro-RO\",\"@id\":\"https:\\\/\\\/shopatoa.com\\\/ro\\\/beviro-pieptene-pentru-barba-din-lemn-de-pere-beard-comb-2\\\/#primaryimage\",\"url\":\"https:\\\/\\\/storage.googleapis.com\\\/cz-shopatoa-img\\\/ro\\\/b5c1b353-unnamed-file.webp\",\"contentUrl\":\"https:\\\/\\\/storage.googleapis.com\\\/cz-shopatoa-img\\\/ro\\\/b5c1b353-unnamed-file.webp\",\"width\":800,\"height\":800},{\"@type\":\"BreadcrumbList\",\"@id\":\"https:\\\/\\\/shopatoa.com\\\/ro\\\/beviro-pieptene-pentru-barba-din-lemn-de-pere-beard-comb-2\\\/#breadcrumb\",\"itemListElement\":[{\"@type\":\"ListItem\",\"position\":1,\"name\":\"Dom\u016f\",\"item\":\"https:\\\/\\\/shopatoa.com\\\/ro\\\/\"},{\"@type\":\"ListItem\",\"position\":2,\"name\":\"Shop\",\"item\":\"https:\\\/\\\/shopatoa.com\\\/ro\\\/shop\\\/\"},{\"@type\":\"ListItem\",\"position\":3,\"name\":\"Cosmetice\",\"item\":\"https:\\\/\\\/shopatoa.com\\\/ro\\\/cosmetice\\\/\"},{\"@type\":\"ListItem\",\"position\":4,\"name\":\"Barber Shop\",\"item\":\"https:\\\/\\\/shopatoa.com\\\/ro\\\/barber-shop\\\/\"},{\"@type\":\"ListItem\",\"position\":5,\"name\":\"Barber Shop \u2013 ingrijirea barbilor\",\"item\":\"https:\\\/\\\/shopatoa.com\\\/ro\\\/barber-shop-ingrijirea-barbilor\\\/\"},{\"@type\":\"ListItem\",\"position\":6,\"name\":\"beviro Pieptene pentru barb\u0103 din lemn de pere (Beard Comb)\"}]},{\"@type\":\"WebSite\",\"@id\":\"https:\\\/\\\/shopatoa.com\\\/ro\\\/#website\",\"url\":\"https:\\\/\\\/shopatoa.com\\\/ro\\\/\",\"name\":\"SHOPATOA\",\"description\":\"\",\"publisher\":{\"@id\":\"https:\\\/\\\/shopatoa.com\\\/ro\\\/#organization\"},\"potentialAction\":[{\"@type\":\"SearchAction\",\"target\":{\"@type\":\"EntryPoint\",\"urlTemplate\":\"https:\\\/\\\/shopatoa.com\\\/ro\\\/?s={search_term_string}\"},\"query-input\":{\"@type\":\"PropertyValueSpecification\",\"valueRequired\":true,\"valueName\":\"search_term_string\"}}],\"inLanguage\":\"ro-RO\"},{\"@type\":\"Organization\",\"@id\":\"https:\\\/\\\/shopatoa.com\\\/ro\\\/#organization\",\"name\":\"SHOPATOA\",\"url\":\"https:\\\/\\\/shopatoa.com\\\/ro\\\/\",\"logo\":{\"@type\":\"ImageObject\",\"inLanguage\":\"ro-RO\",\"@id\":\"https:\\\/\\\/shopatoa.com\\\/ro\\\/#\\\/schema\\\/logo\\\/image\\\/\",\"url\":\"https:\\\/\\\/storage.googleapis.com\\\/cz-shopatoa-img\\\/ro\\\/b4dac915-shopatoa_logo.png\",\"contentUrl\":\"https:\\\/\\\/storage.googleapis.com\\\/cz-shopatoa-img\\\/ro\\\/b4dac915-shopatoa_logo.png\",\"width\":416,\"height\":63,\"caption\":\"SHOPATOA\"},\"image\":{\"@id\":\"https:\\\/\\\/shopatoa.com\\\/ro\\\/#\\\/schema\\\/logo\\\/image\\\/\"}}]}<\/script>\n<!-- \/ Yoast SEO plugin. -->","yoast_head_json":{"title":"beviro Pieptene pentru barb\u0103 din lemn de pere (Beard Comb) - SHOPATOA.COM","robots":{"index":"index","follow":"follow","max-snippet":"max-snippet:-1","max-image-preview":"max-image-preview:large","max-video-preview":"max-video-preview:-1"},"canonical":"https:\/\/shopatoa.com\/ro\/beviro-pieptene-pentru-barba-din-lemn-de-pere-beard-comb-2\/","og_locale":"ro_RO","og_type":"article","og_title":"beviro Pieptene pentru barb\u0103 din lemn de pere (Beard Comb) - SHOPATOA.COM","og_description":"Pieptenele nostru din lemn de pere \u00ee\u0219i macin\u0103 din\u021bii \u00een principal pe barba mai lung\u0103. Este similar cu p\u0103rul &#8211; atunci c\u00e2nd \u00eencepe s\u0103 dep\u0103\u0219easc\u0103 10 cm, ave\u021bi nevoie de un pieptene. Datorit\u0103 celor dou\u0103 l\u0103\u021bimi ale din\u021bilor, \u00eel pute\u021bi piept\u0103na mai \u00eent\u00e2i \u0219i apoi pute\u021bi regla fin. V\u0103 recomand\u0103m piept\u0103narea dup\u0103 aplicarea uleiului sau...","og_url":"https:\/\/shopatoa.com\/ro\/beviro-pieptene-pentru-barba-din-lemn-de-pere-beard-comb-2\/","og_site_name":"SHOPATOA","article_modified_time":"2025-12-14T11:35:54+00:00","og_image":[{"width":800,"height":800,"url":"https:\/\/storage.googleapis.com\/cz-shopatoa-img\/ro\/b5c1b353-unnamed-file.webp","type":"image\/webp"}],"twitter_card":"summary_large_image","schema":{"@context":"https:\/\/schema.org","@graph":[{"@type":"WebPage","@id":"https:\/\/shopatoa.com\/ro\/beviro-pieptene-pentru-barba-din-lemn-de-pere-beard-comb-2\/","url":"https:\/\/shopatoa.com\/ro\/beviro-pieptene-pentru-barba-din-lemn-de-pere-beard-comb-2\/","name":"beviro Pieptene pentru barb\u0103 din lemn de pere (Beard Comb) - SHOPATOA.COM","isPartOf":{"@id":"https:\/\/shopatoa.com\/ro\/#website"},"primaryImageOfPage":{"@id":"https:\/\/shopatoa.com\/ro\/beviro-pieptene-pentru-barba-din-lemn-de-pere-beard-comb-2\/#primaryimage"},"image":{"@id":"https:\/\/shopatoa.com\/ro\/beviro-pieptene-pentru-barba-din-lemn-de-pere-beard-comb-2\/#primaryimage"},"thumbnailUrl":"https:\/\/storage.googleapis.com\/cz-shopatoa-img\/ro\/b5c1b353-unnamed-file.webp","datePublished":"2025-05-22T04:53:39+00:00","dateModified":"2025-12-14T11:35:54+00:00","breadcrumb":{"@id":"https:\/\/shopatoa.com\/ro\/beviro-pieptene-pentru-barba-din-lemn-de-pere-beard-comb-2\/#breadcrumb"},"inLanguage":"ro-RO","potentialAction":[{"@type":"ReadAction","target":["https:\/\/shopatoa.com\/ro\/beviro-pieptene-pentru-barba-din-lemn-de-pere-beard-comb-2\/"]}]},{"@type":"ImageObject","inLanguage":"ro-RO","@id":"https:\/\/shopatoa.com\/ro\/beviro-pieptene-pentru-barba-din-lemn-de-pere-beard-comb-2\/#primaryimage","url":"https:\/\/storage.googleapis.com\/cz-shopatoa-img\/ro\/b5c1b353-unnamed-file.webp","contentUrl":"https:\/\/storage.googleapis.com\/cz-shopatoa-img\/ro\/b5c1b353-unnamed-file.webp","width":800,"height":800},{"@type":"BreadcrumbList","@id":"https:\/\/shopatoa.com\/ro\/beviro-pieptene-pentru-barba-din-lemn-de-pere-beard-comb-2\/#breadcrumb","itemListElement":[{"@type":"ListItem","position":1,"name":"Dom\u016f","item":"https:\/\/shopatoa.com\/ro\/"},{"@type":"ListItem","position":2,"name":"Shop","item":"https:\/\/shopatoa.com\/ro\/shop\/"},{"@type":"ListItem","position":3,"name":"Cosmetice","item":"https:\/\/shopatoa.com\/ro\/cosmetice\/"},{"@type":"ListItem","position":4,"name":"Barber Shop","item":"https:\/\/shopatoa.com\/ro\/barber-shop\/"},{"@type":"ListItem","position":5,"name":"Barber Shop \u2013 ingrijirea barbilor","item":"https:\/\/shopatoa.com\/ro\/barber-shop-ingrijirea-barbilor\/"},{"@type":"ListItem","position":6,"name":"beviro Pieptene pentru barb\u0103 din lemn de pere (Beard Comb)"}]},{"@type":"WebSite","@id":"https:\/\/shopatoa.com\/ro\/#website","url":"https:\/\/shopatoa.com\/ro\/","name":"SHOPATOA","description":"","publisher":{"@id":"https:\/\/shopatoa.com\/ro\/#organization"},"potentialAction":[{"@type":"SearchAction","target":{"@type":"EntryPoint","urlTemplate":"https:\/\/shopatoa.com\/ro\/?s={search_term_string}"},"query-input":{"@type":"PropertyValueSpecification","valueRequired":true,"valueName":"search_term_string"}}],"inLanguage":"ro-RO"},{"@type":"Organization","@id":"https:\/\/shopatoa.com\/ro\/#organization","name":"SHOPATOA","url":"https:\/\/shopatoa.com\/ro\/","logo":{"@type":"ImageObject","inLanguage":"ro-RO","@id":"https:\/\/shopatoa.com\/ro\/#\/schema\/logo\/image\/","url":"https:\/\/storage.googleapis.com\/cz-shopatoa-img\/ro\/b4dac915-shopatoa_logo.png","contentUrl":"https:\/\/storage.googleapis.com\/cz-shopatoa-img\/ro\/b4dac915-shopatoa_logo.png","width":416,"height":63,"caption":"SHOPATOA"},"image":{"@id":"https:\/\/shopatoa.com\/ro\/#\/schema\/logo\/image\/"}}]}},"_links":{"self":[{"href":"https:\/\/shopatoa.com\/ro\/wp-json\/wp\/v2\/product\/375013","targetHints":{"allow":["GET"]}}],"collection":[{"href":"https:\/\/shopatoa.com\/ro\/wp-json\/wp\/v2\/product"}],"about":[{"href":"https:\/\/shopatoa.com\/ro\/wp-json\/wp\/v2\/types\/product"}],"replies":[{"embeddable":true,"href":"https:\/\/shopatoa.com\/ro\/wp-json\/wp\/v2\/comments?post=375013"}],"wp:featuredmedia":[{"embeddable":true,"href":"https:\/\/shopatoa.com\/ro\/wp-json\/wp\/v2\/media\/375014"}],"wp:attachment":[{"href":"https:\/\/shopatoa.com\/ro\/wp-json\/wp\/v2\/media?parent=375013"}],"wp:term":[{"taxonomy":"product_brand","embeddable":true,"href":"https:\/\/shopatoa.com\/ro\/wp-json\/wp\/v2\/product_brand?post=375013"},{"taxonomy":"product_cat","embeddable":true,"href":"https:\/\/shopatoa.com\/ro\/wp-json\/wp\/v2\/product_cat?post=375013"},{"taxonomy":"product_tag","embeddable":true,"href":"https:\/\/shopatoa.com\/ro\/wp-json\/wp\/v2\/product_tag?post=375013"}],"curies":[{"name":"wp","href":"https:\/\/api.w.org\/{rel}","templated":true}]}}