{"id":375179,"date":"2025-05-22T07:08:04","date_gmt":"2025-05-22T05:08:04","guid":{"rendered":"https:\/\/shopatoa.com\/ro\/grace-cole-set-cadou-pentru-ingrijirea-corpului-in-cutie-metalica-bergamota-ghimbir-lemongrass-5-buc-2\/"},"modified":"2025-12-14T12:02:42","modified_gmt":"2025-12-14T11:02:42","slug":"grace-cole-set-cadou-pentru-ingrijirea-corpului-in-cutie-metalica-bergamota-ghimbir-lemongrass-5-buc-2","status":"publish","type":"product","link":"https:\/\/shopatoa.com\/ro\/grace-cole-set-cadou-pentru-ingrijirea-corpului-in-cutie-metalica-bergamota-ghimbir-lemongrass-5-buc-2\/","title":{"rendered":"Grace Cole Set cadou pentru \u00eengrijirea corpului in cutie metalic\u0103 Bergamot\u0103, Ghimbir &amp; Lemongrass 5 buc"},"content":{"rendered":"<p>Setul con\u021bine: Gel de du\u0219 250 ml Crem\u0103 de m\u00e2ini 50 ml Crem\u0103 de corp 50 ml Bil\u0103 efervescent\u0103 pentru baie 50 g Burete de baie 1 buc Gel de du\u0219 Cur\u0103\u021b\u0103 delicat pielea, l\u0103s\u00e2nd-o catifelat\u0103 la atingere \u0219i gener\u00e2nd o spum\u0103 bogat\u0103, \u00een timp ce elibereaz\u0103 un parfum de lung\u0103 durat\u0103. Utilizare: Aplica\u021bi pe pielea umed\u0103, crea\u021bi o spum\u0103 bogat\u0103, apoi cl\u0103ti\u021bi bine. Crem\u0103 de m\u00e2ini Crema de m\u00e2ini cu glicerin\u0103 \u0219i parafin\u0103 hidrateaz\u0103 intens \u0219i catifeleaz\u0103 pielea. Protejeaz\u0103 pielea de frig, v\u00e2nt \u0219i uscare. Utilizare: Aplica\u021bi pe m\u00e2inile uscate \u0219i curate. Masa\u021bi \u00een piele p\u00e2n\u0103 c\u00e2nd crema se absoarbe complet. Crem\u0103 de corp Asigur\u0103 pielii hidratarea de care are nevoie \u0219i amelioreaz\u0103 senza\u021bia de usc\u0103ciune. Las\u0103 pielea moale, supl\u0103 \u0219i pl\u0103cut parfumat\u0103. Utilizare: Aplica\u021bi pe pielea uscat\u0103, masa\u021bi u\u0219or p\u00e2n\u0103 c\u00e2nd se absoarbe. Bil\u0103 de baie efervescent\u0103 \u00cembog\u0103\u021be\u0219te apa \u0219i \u00eentreaga piele cu un parfum pl\u0103cut, induc\u00e2nd o senza\u021bie de confort \u0219i relaxare. Utilizare: Se adaug\u0103 \u00eentr-o baie cu ap\u0103 cald\u0103 \u0219i se las\u0103 s\u0103 se dizolve complet. Burete de baie \u00cendep\u0103rteaz\u0103 perfect impurit\u0103\u021bile de pe piele. \u00cen acela\u0219i timp, exfoliaz\u0103 u\u0219or, maseaz\u0103 \u0219i sus\u021bine circula\u021bia s\u00e2ngelui. Bergamot\u0103, Ghimbir &amp; Lemongrass O colec\u021bie exclusiv\u0103 cu parfum de bergamot\u0103 suculent\u0103, lemongrass \u0219i ghimbir cald, completat\u0103 de note florale \u0219i mosc, \u00eenv\u0103luie corpul cu o doz\u0103 de relaxare \u0219i odihn\u0103. Parfumeaz\u0103 pielea corpului l\u0103s\u00e2nd-o moale \u0219i neted\u0103 la atingere. Numai pentru uz extern. Evita\u021bi contactul cu ochii \u0219i zona ochilor. \u00centrerupe\u021bi utilizarea la orice semn de irita\u021bie. Vegan &amp; Cruelty Free.<\/p>\n","protected":false},"excerpt":{"rendered":"<p>Setul con\u021bine: Gel de du\u0219 250 ml Crem\u0103 de m\u00e2ini 50 ml Crem\u0103 de corp 50 ml Bil\u0103 efervescent\u0103 pentru baie 50 g Burete de baie 1 buc Gel de du\u0219 Cur\u0103\u021b\u0103 delicat pielea, l\u0103s\u00e2nd-o catifelat\u0103 la atingere \u0219i gener\u00e2nd o spum\u0103 bogat\u0103, \u00een timp ce elibereaz\u0103 un parfum de lung\u0103 durat\u0103. Utilizare: Aplica\u021bi pe&#8230;<\/p>\n","protected":false},"featured_media":375180,"comment_status":"closed","ping_status":"open","template":"","meta":{"_acf_changed":false,"_kadence_starter_templates_imported_post":false,"_kad_post_transparent":"","_kad_post_title":"","_kad_post_layout":"","_kad_post_sidebar_id":"","_kad_post_content_style":"","_kad_post_vertical_padding":"","_kad_post_feature":"","_kad_post_feature_position":"","_kad_post_header":false,"_kad_post_footer":false,"_kad_post_classname":""},"product_brand":[984],"product_cat":[246,641,611],"product_tag":[],"class_list":{"0":"post-375179","1":"product","2":"type-product","3":"status-publish","4":"has-post-thumbnail","6":"product_brand-grace-cole","7":"product_cat-cosmetice","8":"product_cat-cosmetice-pentru-dus-si-baie","9":"product_cat-produse-cosmetice-pentru-corp","11":"first","12":"instock","13":"sale","14":"product-type-external","15":"entry","16":"content-bg","17":"loop-entry"},"acf":[],"yoast_head":"<!-- This site is optimized with the Yoast SEO plugin v27.4 - https:\/\/yoast.com\/product\/yoast-seo-wordpress\/ -->\n<title>Grace Cole Set cadou pentru \u00eengrijirea corpului in cutie metalic\u0103 Bergamot\u0103, Ghimbir &amp; Lemongrass 5 buc - SHOPATOA.COM<\/title>\n<meta name=\"robots\" content=\"index, follow, max-snippet:-1, max-image-preview:large, max-video-preview:-1\" \/>\n<link rel=\"canonical\" href=\"https:\/\/shopatoa.com\/ro\/grace-cole-set-cadou-pentru-ingrijirea-corpului-in-cutie-metalica-bergamota-ghimbir-lemongrass-5-buc-2\/\" \/>\n<meta property=\"og:locale\" content=\"ro_RO\" \/>\n<meta property=\"og:type\" content=\"article\" \/>\n<meta property=\"og:title\" content=\"Grace Cole Set cadou pentru \u00eengrijirea corpului in cutie metalic\u0103 Bergamot\u0103, Ghimbir &amp; Lemongrass 5 buc - SHOPATOA.COM\" \/>\n<meta property=\"og:description\" content=\"Setul con\u021bine: Gel de du\u0219 250 ml Crem\u0103 de m\u00e2ini 50 ml Crem\u0103 de corp 50 ml Bil\u0103 efervescent\u0103 pentru baie 50 g Burete de baie 1 buc Gel de du\u0219 Cur\u0103\u021b\u0103 delicat pielea, l\u0103s\u00e2nd-o catifelat\u0103 la atingere \u0219i gener\u00e2nd o spum\u0103 bogat\u0103, \u00een timp ce elibereaz\u0103 un parfum de lung\u0103 durat\u0103. Utilizare: Aplica\u021bi pe...\" \/>\n<meta property=\"og:url\" content=\"https:\/\/shopatoa.com\/ro\/grace-cole-set-cadou-pentru-ingrijirea-corpului-in-cutie-metalica-bergamota-ghimbir-lemongrass-5-buc-2\/\" \/>\n<meta property=\"og:site_name\" content=\"SHOPATOA\" \/>\n<meta property=\"article:modified_time\" content=\"2025-12-14T11:02:42+00:00\" \/>\n<meta property=\"og:image\" content=\"https:\/\/storage.googleapis.com\/cz-shopatoa-img\/ro\/dc71e2d5-unnamed-file.webp\" \/>\n\t<meta property=\"og:image:width\" content=\"800\" \/>\n\t<meta property=\"og:image:height\" content=\"800\" \/>\n\t<meta property=\"og:image:type\" content=\"image\/webp\" \/>\n<meta name=\"twitter:card\" content=\"summary_large_image\" \/>\n<meta name=\"twitter:label1\" content=\"Timp estimat pentru citire\" \/>\n\t<meta name=\"twitter:data1\" content=\"1 minut\" \/>\n<script type=\"application\/ld+json\" class=\"yoast-schema-graph\">{\"@context\":\"https:\\\/\\\/schema.org\",\"@graph\":[{\"@type\":\"WebPage\",\"@id\":\"https:\\\/\\\/shopatoa.com\\\/ro\\\/grace-cole-set-cadou-pentru-ingrijirea-corpului-in-cutie-metalica-bergamota-ghimbir-lemongrass-5-buc-2\\\/\",\"url\":\"https:\\\/\\\/shopatoa.com\\\/ro\\\/grace-cole-set-cadou-pentru-ingrijirea-corpului-in-cutie-metalica-bergamota-ghimbir-lemongrass-5-buc-2\\\/\",\"name\":\"Grace Cole Set cadou pentru \u00eengrijirea corpului in cutie metalic\u0103 Bergamot\u0103, Ghimbir & Lemongrass 5 buc - SHOPATOA.COM\",\"isPartOf\":{\"@id\":\"https:\\\/\\\/shopatoa.com\\\/ro\\\/#website\"},\"primaryImageOfPage\":{\"@id\":\"https:\\\/\\\/shopatoa.com\\\/ro\\\/grace-cole-set-cadou-pentru-ingrijirea-corpului-in-cutie-metalica-bergamota-ghimbir-lemongrass-5-buc-2\\\/#primaryimage\"},\"image\":{\"@id\":\"https:\\\/\\\/shopatoa.com\\\/ro\\\/grace-cole-set-cadou-pentru-ingrijirea-corpului-in-cutie-metalica-bergamota-ghimbir-lemongrass-5-buc-2\\\/#primaryimage\"},\"thumbnailUrl\":\"https:\\\/\\\/storage.googleapis.com\\\/cz-shopatoa-img\\\/ro\\\/dc71e2d5-unnamed-file.webp\",\"datePublished\":\"2025-05-22T05:08:04+00:00\",\"dateModified\":\"2025-12-14T11:02:42+00:00\",\"breadcrumb\":{\"@id\":\"https:\\\/\\\/shopatoa.com\\\/ro\\\/grace-cole-set-cadou-pentru-ingrijirea-corpului-in-cutie-metalica-bergamota-ghimbir-lemongrass-5-buc-2\\\/#breadcrumb\"},\"inLanguage\":\"ro-RO\",\"potentialAction\":[{\"@type\":\"ReadAction\",\"target\":[\"https:\\\/\\\/shopatoa.com\\\/ro\\\/grace-cole-set-cadou-pentru-ingrijirea-corpului-in-cutie-metalica-bergamota-ghimbir-lemongrass-5-buc-2\\\/\"]}]},{\"@type\":\"ImageObject\",\"inLanguage\":\"ro-RO\",\"@id\":\"https:\\\/\\\/shopatoa.com\\\/ro\\\/grace-cole-set-cadou-pentru-ingrijirea-corpului-in-cutie-metalica-bergamota-ghimbir-lemongrass-5-buc-2\\\/#primaryimage\",\"url\":\"https:\\\/\\\/storage.googleapis.com\\\/cz-shopatoa-img\\\/ro\\\/dc71e2d5-unnamed-file.webp\",\"contentUrl\":\"https:\\\/\\\/storage.googleapis.com\\\/cz-shopatoa-img\\\/ro\\\/dc71e2d5-unnamed-file.webp\",\"width\":800,\"height\":800},{\"@type\":\"BreadcrumbList\",\"@id\":\"https:\\\/\\\/shopatoa.com\\\/ro\\\/grace-cole-set-cadou-pentru-ingrijirea-corpului-in-cutie-metalica-bergamota-ghimbir-lemongrass-5-buc-2\\\/#breadcrumb\",\"itemListElement\":[{\"@type\":\"ListItem\",\"position\":1,\"name\":\"Dom\u016f\",\"item\":\"https:\\\/\\\/shopatoa.com\\\/ro\\\/\"},{\"@type\":\"ListItem\",\"position\":2,\"name\":\"Shop\",\"item\":\"https:\\\/\\\/shopatoa.com\\\/ro\\\/shop\\\/\"},{\"@type\":\"ListItem\",\"position\":3,\"name\":\"Cosmetice\",\"item\":\"https:\\\/\\\/shopatoa.com\\\/ro\\\/cosmetice\\\/\"},{\"@type\":\"ListItem\",\"position\":4,\"name\":\"Produse cosmetice pentru corp\",\"item\":\"https:\\\/\\\/shopatoa.com\\\/ro\\\/produse-cosmetice-pentru-corp\\\/\"},{\"@type\":\"ListItem\",\"position\":5,\"name\":\"Cosmetice pentru du\u0219 \u0219i baie\",\"item\":\"https:\\\/\\\/shopatoa.com\\\/ro\\\/cosmetice-pentru-dus-si-baie\\\/\"},{\"@type\":\"ListItem\",\"position\":6,\"name\":\"Grace Cole Set cadou pentru \u00eengrijirea corpului in cutie metalic\u0103 Bergamot\u0103, Ghimbir &amp; Lemongrass 5 buc\"}]},{\"@type\":\"WebSite\",\"@id\":\"https:\\\/\\\/shopatoa.com\\\/ro\\\/#website\",\"url\":\"https:\\\/\\\/shopatoa.com\\\/ro\\\/\",\"name\":\"SHOPATOA\",\"description\":\"\",\"publisher\":{\"@id\":\"https:\\\/\\\/shopatoa.com\\\/ro\\\/#organization\"},\"potentialAction\":[{\"@type\":\"SearchAction\",\"target\":{\"@type\":\"EntryPoint\",\"urlTemplate\":\"https:\\\/\\\/shopatoa.com\\\/ro\\\/?s={search_term_string}\"},\"query-input\":{\"@type\":\"PropertyValueSpecification\",\"valueRequired\":true,\"valueName\":\"search_term_string\"}}],\"inLanguage\":\"ro-RO\"},{\"@type\":\"Organization\",\"@id\":\"https:\\\/\\\/shopatoa.com\\\/ro\\\/#organization\",\"name\":\"SHOPATOA\",\"url\":\"https:\\\/\\\/shopatoa.com\\\/ro\\\/\",\"logo\":{\"@type\":\"ImageObject\",\"inLanguage\":\"ro-RO\",\"@id\":\"https:\\\/\\\/shopatoa.com\\\/ro\\\/#\\\/schema\\\/logo\\\/image\\\/\",\"url\":\"https:\\\/\\\/storage.googleapis.com\\\/cz-shopatoa-img\\\/ro\\\/b4dac915-shopatoa_logo.png\",\"contentUrl\":\"https:\\\/\\\/storage.googleapis.com\\\/cz-shopatoa-img\\\/ro\\\/b4dac915-shopatoa_logo.png\",\"width\":416,\"height\":63,\"caption\":\"SHOPATOA\"},\"image\":{\"@id\":\"https:\\\/\\\/shopatoa.com\\\/ro\\\/#\\\/schema\\\/logo\\\/image\\\/\"}}]}<\/script>\n<!-- \/ Yoast SEO plugin. -->","yoast_head_json":{"title":"Grace Cole Set cadou pentru \u00eengrijirea corpului in cutie metalic\u0103 Bergamot\u0103, Ghimbir & Lemongrass 5 buc - SHOPATOA.COM","robots":{"index":"index","follow":"follow","max-snippet":"max-snippet:-1","max-image-preview":"max-image-preview:large","max-video-preview":"max-video-preview:-1"},"canonical":"https:\/\/shopatoa.com\/ro\/grace-cole-set-cadou-pentru-ingrijirea-corpului-in-cutie-metalica-bergamota-ghimbir-lemongrass-5-buc-2\/","og_locale":"ro_RO","og_type":"article","og_title":"Grace Cole Set cadou pentru \u00eengrijirea corpului in cutie metalic\u0103 Bergamot\u0103, Ghimbir & Lemongrass 5 buc - SHOPATOA.COM","og_description":"Setul con\u021bine: Gel de du\u0219 250 ml Crem\u0103 de m\u00e2ini 50 ml Crem\u0103 de corp 50 ml Bil\u0103 efervescent\u0103 pentru baie 50 g Burete de baie 1 buc Gel de du\u0219 Cur\u0103\u021b\u0103 delicat pielea, l\u0103s\u00e2nd-o catifelat\u0103 la atingere \u0219i gener\u00e2nd o spum\u0103 bogat\u0103, \u00een timp ce elibereaz\u0103 un parfum de lung\u0103 durat\u0103. Utilizare: Aplica\u021bi pe...","og_url":"https:\/\/shopatoa.com\/ro\/grace-cole-set-cadou-pentru-ingrijirea-corpului-in-cutie-metalica-bergamota-ghimbir-lemongrass-5-buc-2\/","og_site_name":"SHOPATOA","article_modified_time":"2025-12-14T11:02:42+00:00","og_image":[{"width":800,"height":800,"url":"https:\/\/storage.googleapis.com\/cz-shopatoa-img\/ro\/dc71e2d5-unnamed-file.webp","type":"image\/webp"}],"twitter_card":"summary_large_image","twitter_misc":{"Timp estimat pentru citire":"1 minut"},"schema":{"@context":"https:\/\/schema.org","@graph":[{"@type":"WebPage","@id":"https:\/\/shopatoa.com\/ro\/grace-cole-set-cadou-pentru-ingrijirea-corpului-in-cutie-metalica-bergamota-ghimbir-lemongrass-5-buc-2\/","url":"https:\/\/shopatoa.com\/ro\/grace-cole-set-cadou-pentru-ingrijirea-corpului-in-cutie-metalica-bergamota-ghimbir-lemongrass-5-buc-2\/","name":"Grace Cole Set cadou pentru \u00eengrijirea corpului in cutie metalic\u0103 Bergamot\u0103, Ghimbir & Lemongrass 5 buc - SHOPATOA.COM","isPartOf":{"@id":"https:\/\/shopatoa.com\/ro\/#website"},"primaryImageOfPage":{"@id":"https:\/\/shopatoa.com\/ro\/grace-cole-set-cadou-pentru-ingrijirea-corpului-in-cutie-metalica-bergamota-ghimbir-lemongrass-5-buc-2\/#primaryimage"},"image":{"@id":"https:\/\/shopatoa.com\/ro\/grace-cole-set-cadou-pentru-ingrijirea-corpului-in-cutie-metalica-bergamota-ghimbir-lemongrass-5-buc-2\/#primaryimage"},"thumbnailUrl":"https:\/\/storage.googleapis.com\/cz-shopatoa-img\/ro\/dc71e2d5-unnamed-file.webp","datePublished":"2025-05-22T05:08:04+00:00","dateModified":"2025-12-14T11:02:42+00:00","breadcrumb":{"@id":"https:\/\/shopatoa.com\/ro\/grace-cole-set-cadou-pentru-ingrijirea-corpului-in-cutie-metalica-bergamota-ghimbir-lemongrass-5-buc-2\/#breadcrumb"},"inLanguage":"ro-RO","potentialAction":[{"@type":"ReadAction","target":["https:\/\/shopatoa.com\/ro\/grace-cole-set-cadou-pentru-ingrijirea-corpului-in-cutie-metalica-bergamota-ghimbir-lemongrass-5-buc-2\/"]}]},{"@type":"ImageObject","inLanguage":"ro-RO","@id":"https:\/\/shopatoa.com\/ro\/grace-cole-set-cadou-pentru-ingrijirea-corpului-in-cutie-metalica-bergamota-ghimbir-lemongrass-5-buc-2\/#primaryimage","url":"https:\/\/storage.googleapis.com\/cz-shopatoa-img\/ro\/dc71e2d5-unnamed-file.webp","contentUrl":"https:\/\/storage.googleapis.com\/cz-shopatoa-img\/ro\/dc71e2d5-unnamed-file.webp","width":800,"height":800},{"@type":"BreadcrumbList","@id":"https:\/\/shopatoa.com\/ro\/grace-cole-set-cadou-pentru-ingrijirea-corpului-in-cutie-metalica-bergamota-ghimbir-lemongrass-5-buc-2\/#breadcrumb","itemListElement":[{"@type":"ListItem","position":1,"name":"Dom\u016f","item":"https:\/\/shopatoa.com\/ro\/"},{"@type":"ListItem","position":2,"name":"Shop","item":"https:\/\/shopatoa.com\/ro\/shop\/"},{"@type":"ListItem","position":3,"name":"Cosmetice","item":"https:\/\/shopatoa.com\/ro\/cosmetice\/"},{"@type":"ListItem","position":4,"name":"Produse cosmetice pentru corp","item":"https:\/\/shopatoa.com\/ro\/produse-cosmetice-pentru-corp\/"},{"@type":"ListItem","position":5,"name":"Cosmetice pentru du\u0219 \u0219i baie","item":"https:\/\/shopatoa.com\/ro\/cosmetice-pentru-dus-si-baie\/"},{"@type":"ListItem","position":6,"name":"Grace Cole Set cadou pentru \u00eengrijirea corpului in cutie metalic\u0103 Bergamot\u0103, Ghimbir &amp; Lemongrass 5 buc"}]},{"@type":"WebSite","@id":"https:\/\/shopatoa.com\/ro\/#website","url":"https:\/\/shopatoa.com\/ro\/","name":"SHOPATOA","description":"","publisher":{"@id":"https:\/\/shopatoa.com\/ro\/#organization"},"potentialAction":[{"@type":"SearchAction","target":{"@type":"EntryPoint","urlTemplate":"https:\/\/shopatoa.com\/ro\/?s={search_term_string}"},"query-input":{"@type":"PropertyValueSpecification","valueRequired":true,"valueName":"search_term_string"}}],"inLanguage":"ro-RO"},{"@type":"Organization","@id":"https:\/\/shopatoa.com\/ro\/#organization","name":"SHOPATOA","url":"https:\/\/shopatoa.com\/ro\/","logo":{"@type":"ImageObject","inLanguage":"ro-RO","@id":"https:\/\/shopatoa.com\/ro\/#\/schema\/logo\/image\/","url":"https:\/\/storage.googleapis.com\/cz-shopatoa-img\/ro\/b4dac915-shopatoa_logo.png","contentUrl":"https:\/\/storage.googleapis.com\/cz-shopatoa-img\/ro\/b4dac915-shopatoa_logo.png","width":416,"height":63,"caption":"SHOPATOA"},"image":{"@id":"https:\/\/shopatoa.com\/ro\/#\/schema\/logo\/image\/"}}]}},"_links":{"self":[{"href":"https:\/\/shopatoa.com\/ro\/wp-json\/wp\/v2\/product\/375179","targetHints":{"allow":["GET"]}}],"collection":[{"href":"https:\/\/shopatoa.com\/ro\/wp-json\/wp\/v2\/product"}],"about":[{"href":"https:\/\/shopatoa.com\/ro\/wp-json\/wp\/v2\/types\/product"}],"replies":[{"embeddable":true,"href":"https:\/\/shopatoa.com\/ro\/wp-json\/wp\/v2\/comments?post=375179"}],"wp:featuredmedia":[{"embeddable":true,"href":"https:\/\/shopatoa.com\/ro\/wp-json\/wp\/v2\/media\/375180"}],"wp:attachment":[{"href":"https:\/\/shopatoa.com\/ro\/wp-json\/wp\/v2\/media?parent=375179"}],"wp:term":[{"taxonomy":"product_brand","embeddable":true,"href":"https:\/\/shopatoa.com\/ro\/wp-json\/wp\/v2\/product_brand?post=375179"},{"taxonomy":"product_cat","embeddable":true,"href":"https:\/\/shopatoa.com\/ro\/wp-json\/wp\/v2\/product_cat?post=375179"},{"taxonomy":"product_tag","embeddable":true,"href":"https:\/\/shopatoa.com\/ro\/wp-json\/wp\/v2\/product_tag?post=375179"}],"curies":[{"name":"wp","href":"https:\/\/api.w.org\/{rel}","templated":true}]}}