{"id":375199,"date":"2025-05-22T07:09:34","date_gmt":"2025-05-22T05:09:34","guid":{"rendered":"https:\/\/shopatoa.com\/ro\/yesforlov-gel-de-stimulare-vibrant-vibrating-orgasmic-gel-20-ml-2\/"},"modified":"2025-12-14T11:53:46","modified_gmt":"2025-12-14T10:53:46","slug":"yesforlov-gel-de-stimulare-vibrant-vibrating-orgasmic-gel-20-ml-2","status":"publish","type":"product","link":"https:\/\/shopatoa.com\/ro\/yesforlov-gel-de-stimulare-vibrant-vibrating-orgasmic-gel-20-ml-2\/","title":{"rendered":"YESforLOV Gel de stimulare vibrant (Vibrating Orgasmic Gel) 20 ml"},"content":{"rendered":"<p>Experimenta\u021bi o pl\u0103cere intens\u0103 cu gelul vibrant revolu\u021bionar care ofer\u0103 vibra\u021bii incitante \u0219i pulsa\u021bii localizate pentru valuri de pl\u0103cere. Acest gel stimulant, realizat din extracte de plante amazoniene, cre\u0219te excita\u021bia sexual\u0103 \u0219i multiplic\u0103 senza\u021bia de pl\u0103cere datorit\u0103 valurilor de vibra\u021bii, furnic\u0103turi surprinz\u0103toare \u0219i efect pl\u0103cut de \u00eenc\u0103lzire.<\/p>\n","protected":false},"excerpt":{"rendered":"<p>Experimenta\u021bi o pl\u0103cere intens\u0103 cu gelul vibrant revolu\u021bionar care ofer\u0103 vibra\u021bii incitante \u0219i pulsa\u021bii localizate pentru valuri de pl\u0103cere. Acest gel stimulant, realizat din extracte de plante amazoniene, cre\u0219te excita\u021bia sexual\u0103 \u0219i multiplic\u0103 senza\u021bia de pl\u0103cere datorit\u0103 valurilor de vibra\u021bii, furnic\u0103turi surprinz\u0103toare \u0219i efect pl\u0103cut de \u00eenc\u0103lzire.<\/p>\n","protected":false},"featured_media":375200,"comment_status":"closed","ping_status":"open","template":"","meta":{"_acf_changed":false,"_kadence_starter_templates_imported_post":false,"_kad_post_transparent":"","_kad_post_title":"","_kad_post_layout":"","_kad_post_sidebar_id":"","_kad_post_content_style":"","_kad_post_vertical_padding":"","_kad_post_feature":"","_kad_post_feature_position":"","_kad_post_header":false,"_kad_post_footer":false,"_kad_post_classname":""},"product_brand":[901],"product_cat":[246,902,668,611],"product_tag":[],"class_list":{"0":"post-375199","1":"product","2":"type-product","3":"status-publish","4":"has-post-thumbnail","6":"product_brand-yesforlov","7":"product_cat-cosmetice","8":"product_cat-geluri-lubrifiante","9":"product_cat-jucarii-sexy","10":"product_cat-produse-cosmetice-pentru-corp","12":"first","13":"instock","14":"product-type-external","15":"entry","16":"content-bg","17":"loop-entry"},"acf":[],"yoast_head":"<!-- This site is optimized with the Yoast SEO plugin v27.4 - https:\/\/yoast.com\/product\/yoast-seo-wordpress\/ -->\n<title>YESforLOV Gel de stimulare vibrant (Vibrating Orgasmic Gel) 20 ml - SHOPATOA.COM<\/title>\n<meta name=\"robots\" content=\"index, follow, max-snippet:-1, max-image-preview:large, max-video-preview:-1\" \/>\n<link rel=\"canonical\" href=\"https:\/\/shopatoa.com\/ro\/yesforlov-gel-de-stimulare-vibrant-vibrating-orgasmic-gel-20-ml-2\/\" \/>\n<meta property=\"og:locale\" content=\"ro_RO\" \/>\n<meta property=\"og:type\" content=\"article\" \/>\n<meta property=\"og:title\" content=\"YESforLOV Gel de stimulare vibrant (Vibrating Orgasmic Gel) 20 ml - SHOPATOA.COM\" \/>\n<meta property=\"og:description\" content=\"Experimenta\u021bi o pl\u0103cere intens\u0103 cu gelul vibrant revolu\u021bionar care ofer\u0103 vibra\u021bii incitante \u0219i pulsa\u021bii localizate pentru valuri de pl\u0103cere. Acest gel stimulant, realizat din extracte de plante amazoniene, cre\u0219te excita\u021bia sexual\u0103 \u0219i multiplic\u0103 senza\u021bia de pl\u0103cere datorit\u0103 valurilor de vibra\u021bii, furnic\u0103turi surprinz\u0103toare \u0219i efect pl\u0103cut de \u00eenc\u0103lzire.\" \/>\n<meta property=\"og:url\" content=\"https:\/\/shopatoa.com\/ro\/yesforlov-gel-de-stimulare-vibrant-vibrating-orgasmic-gel-20-ml-2\/\" \/>\n<meta property=\"og:site_name\" content=\"SHOPATOA\" \/>\n<meta property=\"article:modified_time\" content=\"2025-12-14T10:53:46+00:00\" \/>\n<meta property=\"og:image\" content=\"https:\/\/storage.googleapis.com\/cz-shopatoa-img\/ro\/a72c9a06-unnamed-file.webp\" \/>\n\t<meta property=\"og:image:width\" content=\"800\" \/>\n\t<meta property=\"og:image:height\" content=\"800\" \/>\n\t<meta property=\"og:image:type\" content=\"image\/webp\" \/>\n<meta name=\"twitter:card\" content=\"summary_large_image\" \/>\n<script type=\"application\/ld+json\" class=\"yoast-schema-graph\">{\"@context\":\"https:\\\/\\\/schema.org\",\"@graph\":[{\"@type\":\"WebPage\",\"@id\":\"https:\\\/\\\/shopatoa.com\\\/ro\\\/yesforlov-gel-de-stimulare-vibrant-vibrating-orgasmic-gel-20-ml-2\\\/\",\"url\":\"https:\\\/\\\/shopatoa.com\\\/ro\\\/yesforlov-gel-de-stimulare-vibrant-vibrating-orgasmic-gel-20-ml-2\\\/\",\"name\":\"YESforLOV Gel de stimulare vibrant (Vibrating Orgasmic Gel) 20 ml - SHOPATOA.COM\",\"isPartOf\":{\"@id\":\"https:\\\/\\\/shopatoa.com\\\/ro\\\/#website\"},\"primaryImageOfPage\":{\"@id\":\"https:\\\/\\\/shopatoa.com\\\/ro\\\/yesforlov-gel-de-stimulare-vibrant-vibrating-orgasmic-gel-20-ml-2\\\/#primaryimage\"},\"image\":{\"@id\":\"https:\\\/\\\/shopatoa.com\\\/ro\\\/yesforlov-gel-de-stimulare-vibrant-vibrating-orgasmic-gel-20-ml-2\\\/#primaryimage\"},\"thumbnailUrl\":\"https:\\\/\\\/storage.googleapis.com\\\/cz-shopatoa-img\\\/ro\\\/a72c9a06-unnamed-file.webp\",\"datePublished\":\"2025-05-22T05:09:34+00:00\",\"dateModified\":\"2025-12-14T10:53:46+00:00\",\"breadcrumb\":{\"@id\":\"https:\\\/\\\/shopatoa.com\\\/ro\\\/yesforlov-gel-de-stimulare-vibrant-vibrating-orgasmic-gel-20-ml-2\\\/#breadcrumb\"},\"inLanguage\":\"ro-RO\",\"potentialAction\":[{\"@type\":\"ReadAction\",\"target\":[\"https:\\\/\\\/shopatoa.com\\\/ro\\\/yesforlov-gel-de-stimulare-vibrant-vibrating-orgasmic-gel-20-ml-2\\\/\"]}]},{\"@type\":\"ImageObject\",\"inLanguage\":\"ro-RO\",\"@id\":\"https:\\\/\\\/shopatoa.com\\\/ro\\\/yesforlov-gel-de-stimulare-vibrant-vibrating-orgasmic-gel-20-ml-2\\\/#primaryimage\",\"url\":\"https:\\\/\\\/storage.googleapis.com\\\/cz-shopatoa-img\\\/ro\\\/a72c9a06-unnamed-file.webp\",\"contentUrl\":\"https:\\\/\\\/storage.googleapis.com\\\/cz-shopatoa-img\\\/ro\\\/a72c9a06-unnamed-file.webp\",\"width\":800,\"height\":800},{\"@type\":\"BreadcrumbList\",\"@id\":\"https:\\\/\\\/shopatoa.com\\\/ro\\\/yesforlov-gel-de-stimulare-vibrant-vibrating-orgasmic-gel-20-ml-2\\\/#breadcrumb\",\"itemListElement\":[{\"@type\":\"ListItem\",\"position\":1,\"name\":\"Dom\u016f\",\"item\":\"https:\\\/\\\/shopatoa.com\\\/ro\\\/\"},{\"@type\":\"ListItem\",\"position\":2,\"name\":\"Shop\",\"item\":\"https:\\\/\\\/shopatoa.com\\\/ro\\\/shop\\\/\"},{\"@type\":\"ListItem\",\"position\":3,\"name\":\"Cosmetice\",\"item\":\"https:\\\/\\\/shopatoa.com\\\/ro\\\/cosmetice\\\/\"},{\"@type\":\"ListItem\",\"position\":4,\"name\":\"Produse cosmetice pentru corp\",\"item\":\"https:\\\/\\\/shopatoa.com\\\/ro\\\/produse-cosmetice-pentru-corp\\\/\"},{\"@type\":\"ListItem\",\"position\":5,\"name\":\"Juc\u0103rii sexy\",\"item\":\"https:\\\/\\\/shopatoa.com\\\/ro\\\/jucarii-sexy\\\/\"},{\"@type\":\"ListItem\",\"position\":6,\"name\":\"Geluri lubrifiante\",\"item\":\"https:\\\/\\\/shopatoa.com\\\/ro\\\/geluri-lubrifiante\\\/\"},{\"@type\":\"ListItem\",\"position\":7,\"name\":\"YESforLOV Gel de stimulare vibrant (Vibrating Orgasmic Gel) 20 ml\"}]},{\"@type\":\"WebSite\",\"@id\":\"https:\\\/\\\/shopatoa.com\\\/ro\\\/#website\",\"url\":\"https:\\\/\\\/shopatoa.com\\\/ro\\\/\",\"name\":\"SHOPATOA\",\"description\":\"\",\"publisher\":{\"@id\":\"https:\\\/\\\/shopatoa.com\\\/ro\\\/#organization\"},\"potentialAction\":[{\"@type\":\"SearchAction\",\"target\":{\"@type\":\"EntryPoint\",\"urlTemplate\":\"https:\\\/\\\/shopatoa.com\\\/ro\\\/?s={search_term_string}\"},\"query-input\":{\"@type\":\"PropertyValueSpecification\",\"valueRequired\":true,\"valueName\":\"search_term_string\"}}],\"inLanguage\":\"ro-RO\"},{\"@type\":\"Organization\",\"@id\":\"https:\\\/\\\/shopatoa.com\\\/ro\\\/#organization\",\"name\":\"SHOPATOA\",\"url\":\"https:\\\/\\\/shopatoa.com\\\/ro\\\/\",\"logo\":{\"@type\":\"ImageObject\",\"inLanguage\":\"ro-RO\",\"@id\":\"https:\\\/\\\/shopatoa.com\\\/ro\\\/#\\\/schema\\\/logo\\\/image\\\/\",\"url\":\"https:\\\/\\\/storage.googleapis.com\\\/cz-shopatoa-img\\\/ro\\\/b4dac915-shopatoa_logo.png\",\"contentUrl\":\"https:\\\/\\\/storage.googleapis.com\\\/cz-shopatoa-img\\\/ro\\\/b4dac915-shopatoa_logo.png\",\"width\":416,\"height\":63,\"caption\":\"SHOPATOA\"},\"image\":{\"@id\":\"https:\\\/\\\/shopatoa.com\\\/ro\\\/#\\\/schema\\\/logo\\\/image\\\/\"}}]}<\/script>\n<!-- \/ Yoast SEO plugin. -->","yoast_head_json":{"title":"YESforLOV Gel de stimulare vibrant (Vibrating Orgasmic Gel) 20 ml - SHOPATOA.COM","robots":{"index":"index","follow":"follow","max-snippet":"max-snippet:-1","max-image-preview":"max-image-preview:large","max-video-preview":"max-video-preview:-1"},"canonical":"https:\/\/shopatoa.com\/ro\/yesforlov-gel-de-stimulare-vibrant-vibrating-orgasmic-gel-20-ml-2\/","og_locale":"ro_RO","og_type":"article","og_title":"YESforLOV Gel de stimulare vibrant (Vibrating Orgasmic Gel) 20 ml - SHOPATOA.COM","og_description":"Experimenta\u021bi o pl\u0103cere intens\u0103 cu gelul vibrant revolu\u021bionar care ofer\u0103 vibra\u021bii incitante \u0219i pulsa\u021bii localizate pentru valuri de pl\u0103cere. Acest gel stimulant, realizat din extracte de plante amazoniene, cre\u0219te excita\u021bia sexual\u0103 \u0219i multiplic\u0103 senza\u021bia de pl\u0103cere datorit\u0103 valurilor de vibra\u021bii, furnic\u0103turi surprinz\u0103toare \u0219i efect pl\u0103cut de \u00eenc\u0103lzire.","og_url":"https:\/\/shopatoa.com\/ro\/yesforlov-gel-de-stimulare-vibrant-vibrating-orgasmic-gel-20-ml-2\/","og_site_name":"SHOPATOA","article_modified_time":"2025-12-14T10:53:46+00:00","og_image":[{"width":800,"height":800,"url":"https:\/\/storage.googleapis.com\/cz-shopatoa-img\/ro\/a72c9a06-unnamed-file.webp","type":"image\/webp"}],"twitter_card":"summary_large_image","schema":{"@context":"https:\/\/schema.org","@graph":[{"@type":"WebPage","@id":"https:\/\/shopatoa.com\/ro\/yesforlov-gel-de-stimulare-vibrant-vibrating-orgasmic-gel-20-ml-2\/","url":"https:\/\/shopatoa.com\/ro\/yesforlov-gel-de-stimulare-vibrant-vibrating-orgasmic-gel-20-ml-2\/","name":"YESforLOV Gel de stimulare vibrant (Vibrating Orgasmic Gel) 20 ml - SHOPATOA.COM","isPartOf":{"@id":"https:\/\/shopatoa.com\/ro\/#website"},"primaryImageOfPage":{"@id":"https:\/\/shopatoa.com\/ro\/yesforlov-gel-de-stimulare-vibrant-vibrating-orgasmic-gel-20-ml-2\/#primaryimage"},"image":{"@id":"https:\/\/shopatoa.com\/ro\/yesforlov-gel-de-stimulare-vibrant-vibrating-orgasmic-gel-20-ml-2\/#primaryimage"},"thumbnailUrl":"https:\/\/storage.googleapis.com\/cz-shopatoa-img\/ro\/a72c9a06-unnamed-file.webp","datePublished":"2025-05-22T05:09:34+00:00","dateModified":"2025-12-14T10:53:46+00:00","breadcrumb":{"@id":"https:\/\/shopatoa.com\/ro\/yesforlov-gel-de-stimulare-vibrant-vibrating-orgasmic-gel-20-ml-2\/#breadcrumb"},"inLanguage":"ro-RO","potentialAction":[{"@type":"ReadAction","target":["https:\/\/shopatoa.com\/ro\/yesforlov-gel-de-stimulare-vibrant-vibrating-orgasmic-gel-20-ml-2\/"]}]},{"@type":"ImageObject","inLanguage":"ro-RO","@id":"https:\/\/shopatoa.com\/ro\/yesforlov-gel-de-stimulare-vibrant-vibrating-orgasmic-gel-20-ml-2\/#primaryimage","url":"https:\/\/storage.googleapis.com\/cz-shopatoa-img\/ro\/a72c9a06-unnamed-file.webp","contentUrl":"https:\/\/storage.googleapis.com\/cz-shopatoa-img\/ro\/a72c9a06-unnamed-file.webp","width":800,"height":800},{"@type":"BreadcrumbList","@id":"https:\/\/shopatoa.com\/ro\/yesforlov-gel-de-stimulare-vibrant-vibrating-orgasmic-gel-20-ml-2\/#breadcrumb","itemListElement":[{"@type":"ListItem","position":1,"name":"Dom\u016f","item":"https:\/\/shopatoa.com\/ro\/"},{"@type":"ListItem","position":2,"name":"Shop","item":"https:\/\/shopatoa.com\/ro\/shop\/"},{"@type":"ListItem","position":3,"name":"Cosmetice","item":"https:\/\/shopatoa.com\/ro\/cosmetice\/"},{"@type":"ListItem","position":4,"name":"Produse cosmetice pentru corp","item":"https:\/\/shopatoa.com\/ro\/produse-cosmetice-pentru-corp\/"},{"@type":"ListItem","position":5,"name":"Juc\u0103rii sexy","item":"https:\/\/shopatoa.com\/ro\/jucarii-sexy\/"},{"@type":"ListItem","position":6,"name":"Geluri lubrifiante","item":"https:\/\/shopatoa.com\/ro\/geluri-lubrifiante\/"},{"@type":"ListItem","position":7,"name":"YESforLOV Gel de stimulare vibrant (Vibrating Orgasmic Gel) 20 ml"}]},{"@type":"WebSite","@id":"https:\/\/shopatoa.com\/ro\/#website","url":"https:\/\/shopatoa.com\/ro\/","name":"SHOPATOA","description":"","publisher":{"@id":"https:\/\/shopatoa.com\/ro\/#organization"},"potentialAction":[{"@type":"SearchAction","target":{"@type":"EntryPoint","urlTemplate":"https:\/\/shopatoa.com\/ro\/?s={search_term_string}"},"query-input":{"@type":"PropertyValueSpecification","valueRequired":true,"valueName":"search_term_string"}}],"inLanguage":"ro-RO"},{"@type":"Organization","@id":"https:\/\/shopatoa.com\/ro\/#organization","name":"SHOPATOA","url":"https:\/\/shopatoa.com\/ro\/","logo":{"@type":"ImageObject","inLanguage":"ro-RO","@id":"https:\/\/shopatoa.com\/ro\/#\/schema\/logo\/image\/","url":"https:\/\/storage.googleapis.com\/cz-shopatoa-img\/ro\/b4dac915-shopatoa_logo.png","contentUrl":"https:\/\/storage.googleapis.com\/cz-shopatoa-img\/ro\/b4dac915-shopatoa_logo.png","width":416,"height":63,"caption":"SHOPATOA"},"image":{"@id":"https:\/\/shopatoa.com\/ro\/#\/schema\/logo\/image\/"}}]}},"_links":{"self":[{"href":"https:\/\/shopatoa.com\/ro\/wp-json\/wp\/v2\/product\/375199","targetHints":{"allow":["GET"]}}],"collection":[{"href":"https:\/\/shopatoa.com\/ro\/wp-json\/wp\/v2\/product"}],"about":[{"href":"https:\/\/shopatoa.com\/ro\/wp-json\/wp\/v2\/types\/product"}],"replies":[{"embeddable":true,"href":"https:\/\/shopatoa.com\/ro\/wp-json\/wp\/v2\/comments?post=375199"}],"wp:featuredmedia":[{"embeddable":true,"href":"https:\/\/shopatoa.com\/ro\/wp-json\/wp\/v2\/media\/375200"}],"wp:attachment":[{"href":"https:\/\/shopatoa.com\/ro\/wp-json\/wp\/v2\/media?parent=375199"}],"wp:term":[{"taxonomy":"product_brand","embeddable":true,"href":"https:\/\/shopatoa.com\/ro\/wp-json\/wp\/v2\/product_brand?post=375199"},{"taxonomy":"product_cat","embeddable":true,"href":"https:\/\/shopatoa.com\/ro\/wp-json\/wp\/v2\/product_cat?post=375199"},{"taxonomy":"product_tag","embeddable":true,"href":"https:\/\/shopatoa.com\/ro\/wp-json\/wp\/v2\/product_tag?post=375199"}],"curies":[{"name":"wp","href":"https:\/\/api.w.org\/{rel}","templated":true}]}}