{"id":375409,"date":"2025-05-22T07:24:49","date_gmt":"2025-05-22T05:24:49","guid":{"rendered":"https:\/\/shopatoa.com\/ro\/pola-cosmetics-burete-de-machiaj-verde-2\/"},"modified":"2025-12-14T10:04:34","modified_gmt":"2025-12-14T09:04:34","slug":"pola-cosmetics-burete-de-machiaj-verde-2","status":"publish","type":"product","link":"https:\/\/shopatoa.com\/ro\/pola-cosmetics-burete-de-machiaj-verde-2\/","title":{"rendered":"Pola Cosmetics Burete de machiaj verde"},"content":{"rendered":"<p>Ob\u021bine\u021bi un aspect impecabil \u00een fiecare zi. Un burete de machiaj va ajut\u0103 s\u0103 aplica\u021bi uniform machiajul sau corectorul. Datorit\u0103 formei sale special concepute, se adapteaz\u0103 perfect contururilor fe\u021bei \u0219i las\u0103 pielea neted\u0103, f\u0103r\u0103 efectul de masc\u0103 nedorit.<\/p>\n","protected":false},"excerpt":{"rendered":"<p>Ob\u021bine\u021bi un aspect impecabil \u00een fiecare zi. Un burete de machiaj va ajut\u0103 s\u0103 aplica\u021bi uniform machiajul sau corectorul. Datorit\u0103 formei sale special concepute, se adapteaz\u0103 perfect contururilor fe\u021bei \u0219i las\u0103 pielea neted\u0103, f\u0103r\u0103 efectul de masc\u0103 nedorit.<\/p>\n","protected":false},"featured_media":375410,"comment_status":"closed","ping_status":"open","template":"","meta":{"_acf_changed":false,"_kadence_starter_templates_imported_post":false,"_kad_post_transparent":"","_kad_post_title":"","_kad_post_layout":"","_kad_post_sidebar_id":"","_kad_post_content_style":"","_kad_post_vertical_padding":"","_kad_post_feature":"","_kad_post_feature_position":"","_kad_post_header":false,"_kad_post_footer":false,"_kad_post_classname":""},"product_brand":[492],"product_cat":[658,729,246,609],"product_tag":[],"class_list":{"0":"post-375409","1":"product","2":"type-product","3":"status-publish","4":"has-post-thumbnail","6":"product_brand-pola-cosmetics","7":"product_cat-accesorii-cosmetice","8":"product_cat-aparate-auditive","9":"product_cat-cosmetice","10":"product_cat-cosmetice-decorative","12":"first","13":"instock","14":"product-type-external","15":"entry","16":"content-bg","17":"loop-entry"},"acf":[],"yoast_head":"<!-- This site is optimized with the Yoast SEO plugin v27.3 - https:\/\/yoast.com\/product\/yoast-seo-wordpress\/ -->\n<title>Pola Cosmetics Burete de machiaj verde - SHOPATOA.COM<\/title>\n<meta name=\"robots\" content=\"index, follow, max-snippet:-1, max-image-preview:large, max-video-preview:-1\" \/>\n<link rel=\"canonical\" href=\"https:\/\/shopatoa.com\/ro\/pola-cosmetics-burete-de-machiaj-verde-2\/\" \/>\n<meta property=\"og:locale\" content=\"ro_RO\" \/>\n<meta property=\"og:type\" content=\"article\" \/>\n<meta property=\"og:title\" content=\"Pola Cosmetics Burete de machiaj verde - SHOPATOA.COM\" \/>\n<meta property=\"og:description\" content=\"Ob\u021bine\u021bi un aspect impecabil \u00een fiecare zi. Un burete de machiaj va ajut\u0103 s\u0103 aplica\u021bi uniform machiajul sau corectorul. Datorit\u0103 formei sale special concepute, se adapteaz\u0103 perfect contururilor fe\u021bei \u0219i las\u0103 pielea neted\u0103, f\u0103r\u0103 efectul de masc\u0103 nedorit.\" \/>\n<meta property=\"og:url\" content=\"https:\/\/shopatoa.com\/ro\/pola-cosmetics-burete-de-machiaj-verde-2\/\" \/>\n<meta property=\"og:site_name\" content=\"SHOPATOA\" \/>\n<meta property=\"article:modified_time\" content=\"2025-12-14T09:04:34+00:00\" \/>\n<meta property=\"og:image\" content=\"https:\/\/storage.googleapis.com\/cz-shopatoa-img\/ro\/d2347b05-unnamed-file.webp\" \/>\n\t<meta property=\"og:image:width\" content=\"800\" \/>\n\t<meta property=\"og:image:height\" content=\"800\" \/>\n\t<meta property=\"og:image:type\" content=\"image\/webp\" \/>\n<meta name=\"twitter:card\" content=\"summary_large_image\" \/>\n<script type=\"application\/ld+json\" class=\"yoast-schema-graph\">{\"@context\":\"https:\\\/\\\/schema.org\",\"@graph\":[{\"@type\":\"WebPage\",\"@id\":\"https:\\\/\\\/shopatoa.com\\\/ro\\\/pola-cosmetics-burete-de-machiaj-verde-2\\\/\",\"url\":\"https:\\\/\\\/shopatoa.com\\\/ro\\\/pola-cosmetics-burete-de-machiaj-verde-2\\\/\",\"name\":\"Pola Cosmetics Burete de machiaj verde - SHOPATOA.COM\",\"isPartOf\":{\"@id\":\"https:\\\/\\\/shopatoa.com\\\/ro\\\/#website\"},\"primaryImageOfPage\":{\"@id\":\"https:\\\/\\\/shopatoa.com\\\/ro\\\/pola-cosmetics-burete-de-machiaj-verde-2\\\/#primaryimage\"},\"image\":{\"@id\":\"https:\\\/\\\/shopatoa.com\\\/ro\\\/pola-cosmetics-burete-de-machiaj-verde-2\\\/#primaryimage\"},\"thumbnailUrl\":\"https:\\\/\\\/storage.googleapis.com\\\/cz-shopatoa-img\\\/ro\\\/d2347b05-unnamed-file.webp\",\"datePublished\":\"2025-05-22T05:24:49+00:00\",\"dateModified\":\"2025-12-14T09:04:34+00:00\",\"breadcrumb\":{\"@id\":\"https:\\\/\\\/shopatoa.com\\\/ro\\\/pola-cosmetics-burete-de-machiaj-verde-2\\\/#breadcrumb\"},\"inLanguage\":\"ro-RO\",\"potentialAction\":[{\"@type\":\"ReadAction\",\"target\":[\"https:\\\/\\\/shopatoa.com\\\/ro\\\/pola-cosmetics-burete-de-machiaj-verde-2\\\/\"]}]},{\"@type\":\"ImageObject\",\"inLanguage\":\"ro-RO\",\"@id\":\"https:\\\/\\\/shopatoa.com\\\/ro\\\/pola-cosmetics-burete-de-machiaj-verde-2\\\/#primaryimage\",\"url\":\"https:\\\/\\\/storage.googleapis.com\\\/cz-shopatoa-img\\\/ro\\\/d2347b05-unnamed-file.webp\",\"contentUrl\":\"https:\\\/\\\/storage.googleapis.com\\\/cz-shopatoa-img\\\/ro\\\/d2347b05-unnamed-file.webp\",\"width\":800,\"height\":800},{\"@type\":\"BreadcrumbList\",\"@id\":\"https:\\\/\\\/shopatoa.com\\\/ro\\\/pola-cosmetics-burete-de-machiaj-verde-2\\\/#breadcrumb\",\"itemListElement\":[{\"@type\":\"ListItem\",\"position\":1,\"name\":\"Dom\u016f\",\"item\":\"https:\\\/\\\/shopatoa.com\\\/ro\\\/\"},{\"@type\":\"ListItem\",\"position\":2,\"name\":\"Shop\",\"item\":\"https:\\\/\\\/shopatoa.com\\\/ro\\\/shop\\\/\"},{\"@type\":\"ListItem\",\"position\":3,\"name\":\"Cosmetice\",\"item\":\"https:\\\/\\\/shopatoa.com\\\/ro\\\/cosmetice\\\/\"},{\"@type\":\"ListItem\",\"position\":4,\"name\":\"Cosmetice decorative\",\"item\":\"https:\\\/\\\/shopatoa.com\\\/ro\\\/cosmetice-decorative\\\/\"},{\"@type\":\"ListItem\",\"position\":5,\"name\":\"Accesorii cosmetice\",\"item\":\"https:\\\/\\\/shopatoa.com\\\/ro\\\/accesorii-cosmetice\\\/\"},{\"@type\":\"ListItem\",\"position\":6,\"name\":\"Aparate auditive\",\"item\":\"https:\\\/\\\/shopatoa.com\\\/ro\\\/aparate-auditive\\\/\"},{\"@type\":\"ListItem\",\"position\":7,\"name\":\"Pola Cosmetics Burete de machiaj verde\"}]},{\"@type\":\"WebSite\",\"@id\":\"https:\\\/\\\/shopatoa.com\\\/ro\\\/#website\",\"url\":\"https:\\\/\\\/shopatoa.com\\\/ro\\\/\",\"name\":\"SHOPATOA\",\"description\":\"\",\"publisher\":{\"@id\":\"https:\\\/\\\/shopatoa.com\\\/ro\\\/#organization\"},\"potentialAction\":[{\"@type\":\"SearchAction\",\"target\":{\"@type\":\"EntryPoint\",\"urlTemplate\":\"https:\\\/\\\/shopatoa.com\\\/ro\\\/?s={search_term_string}\"},\"query-input\":{\"@type\":\"PropertyValueSpecification\",\"valueRequired\":true,\"valueName\":\"search_term_string\"}}],\"inLanguage\":\"ro-RO\"},{\"@type\":\"Organization\",\"@id\":\"https:\\\/\\\/shopatoa.com\\\/ro\\\/#organization\",\"name\":\"SHOPATOA\",\"url\":\"https:\\\/\\\/shopatoa.com\\\/ro\\\/\",\"logo\":{\"@type\":\"ImageObject\",\"inLanguage\":\"ro-RO\",\"@id\":\"https:\\\/\\\/shopatoa.com\\\/ro\\\/#\\\/schema\\\/logo\\\/image\\\/\",\"url\":\"https:\\\/\\\/storage.googleapis.com\\\/cz-shopatoa-img\\\/ro\\\/b4dac915-shopatoa_logo.png\",\"contentUrl\":\"https:\\\/\\\/storage.googleapis.com\\\/cz-shopatoa-img\\\/ro\\\/b4dac915-shopatoa_logo.png\",\"width\":416,\"height\":63,\"caption\":\"SHOPATOA\"},\"image\":{\"@id\":\"https:\\\/\\\/shopatoa.com\\\/ro\\\/#\\\/schema\\\/logo\\\/image\\\/\"}}]}<\/script>\n<!-- \/ Yoast SEO plugin. -->","yoast_head_json":{"title":"Pola Cosmetics Burete de machiaj verde - SHOPATOA.COM","robots":{"index":"index","follow":"follow","max-snippet":"max-snippet:-1","max-image-preview":"max-image-preview:large","max-video-preview":"max-video-preview:-1"},"canonical":"https:\/\/shopatoa.com\/ro\/pola-cosmetics-burete-de-machiaj-verde-2\/","og_locale":"ro_RO","og_type":"article","og_title":"Pola Cosmetics Burete de machiaj verde - SHOPATOA.COM","og_description":"Ob\u021bine\u021bi un aspect impecabil \u00een fiecare zi. Un burete de machiaj va ajut\u0103 s\u0103 aplica\u021bi uniform machiajul sau corectorul. Datorit\u0103 formei sale special concepute, se adapteaz\u0103 perfect contururilor fe\u021bei \u0219i las\u0103 pielea neted\u0103, f\u0103r\u0103 efectul de masc\u0103 nedorit.","og_url":"https:\/\/shopatoa.com\/ro\/pola-cosmetics-burete-de-machiaj-verde-2\/","og_site_name":"SHOPATOA","article_modified_time":"2025-12-14T09:04:34+00:00","og_image":[{"width":800,"height":800,"url":"https:\/\/storage.googleapis.com\/cz-shopatoa-img\/ro\/d2347b05-unnamed-file.webp","type":"image\/webp"}],"twitter_card":"summary_large_image","schema":{"@context":"https:\/\/schema.org","@graph":[{"@type":"WebPage","@id":"https:\/\/shopatoa.com\/ro\/pola-cosmetics-burete-de-machiaj-verde-2\/","url":"https:\/\/shopatoa.com\/ro\/pola-cosmetics-burete-de-machiaj-verde-2\/","name":"Pola Cosmetics Burete de machiaj verde - SHOPATOA.COM","isPartOf":{"@id":"https:\/\/shopatoa.com\/ro\/#website"},"primaryImageOfPage":{"@id":"https:\/\/shopatoa.com\/ro\/pola-cosmetics-burete-de-machiaj-verde-2\/#primaryimage"},"image":{"@id":"https:\/\/shopatoa.com\/ro\/pola-cosmetics-burete-de-machiaj-verde-2\/#primaryimage"},"thumbnailUrl":"https:\/\/storage.googleapis.com\/cz-shopatoa-img\/ro\/d2347b05-unnamed-file.webp","datePublished":"2025-05-22T05:24:49+00:00","dateModified":"2025-12-14T09:04:34+00:00","breadcrumb":{"@id":"https:\/\/shopatoa.com\/ro\/pola-cosmetics-burete-de-machiaj-verde-2\/#breadcrumb"},"inLanguage":"ro-RO","potentialAction":[{"@type":"ReadAction","target":["https:\/\/shopatoa.com\/ro\/pola-cosmetics-burete-de-machiaj-verde-2\/"]}]},{"@type":"ImageObject","inLanguage":"ro-RO","@id":"https:\/\/shopatoa.com\/ro\/pola-cosmetics-burete-de-machiaj-verde-2\/#primaryimage","url":"https:\/\/storage.googleapis.com\/cz-shopatoa-img\/ro\/d2347b05-unnamed-file.webp","contentUrl":"https:\/\/storage.googleapis.com\/cz-shopatoa-img\/ro\/d2347b05-unnamed-file.webp","width":800,"height":800},{"@type":"BreadcrumbList","@id":"https:\/\/shopatoa.com\/ro\/pola-cosmetics-burete-de-machiaj-verde-2\/#breadcrumb","itemListElement":[{"@type":"ListItem","position":1,"name":"Dom\u016f","item":"https:\/\/shopatoa.com\/ro\/"},{"@type":"ListItem","position":2,"name":"Shop","item":"https:\/\/shopatoa.com\/ro\/shop\/"},{"@type":"ListItem","position":3,"name":"Cosmetice","item":"https:\/\/shopatoa.com\/ro\/cosmetice\/"},{"@type":"ListItem","position":4,"name":"Cosmetice decorative","item":"https:\/\/shopatoa.com\/ro\/cosmetice-decorative\/"},{"@type":"ListItem","position":5,"name":"Accesorii cosmetice","item":"https:\/\/shopatoa.com\/ro\/accesorii-cosmetice\/"},{"@type":"ListItem","position":6,"name":"Aparate auditive","item":"https:\/\/shopatoa.com\/ro\/aparate-auditive\/"},{"@type":"ListItem","position":7,"name":"Pola Cosmetics Burete de machiaj verde"}]},{"@type":"WebSite","@id":"https:\/\/shopatoa.com\/ro\/#website","url":"https:\/\/shopatoa.com\/ro\/","name":"SHOPATOA","description":"","publisher":{"@id":"https:\/\/shopatoa.com\/ro\/#organization"},"potentialAction":[{"@type":"SearchAction","target":{"@type":"EntryPoint","urlTemplate":"https:\/\/shopatoa.com\/ro\/?s={search_term_string}"},"query-input":{"@type":"PropertyValueSpecification","valueRequired":true,"valueName":"search_term_string"}}],"inLanguage":"ro-RO"},{"@type":"Organization","@id":"https:\/\/shopatoa.com\/ro\/#organization","name":"SHOPATOA","url":"https:\/\/shopatoa.com\/ro\/","logo":{"@type":"ImageObject","inLanguage":"ro-RO","@id":"https:\/\/shopatoa.com\/ro\/#\/schema\/logo\/image\/","url":"https:\/\/storage.googleapis.com\/cz-shopatoa-img\/ro\/b4dac915-shopatoa_logo.png","contentUrl":"https:\/\/storage.googleapis.com\/cz-shopatoa-img\/ro\/b4dac915-shopatoa_logo.png","width":416,"height":63,"caption":"SHOPATOA"},"image":{"@id":"https:\/\/shopatoa.com\/ro\/#\/schema\/logo\/image\/"}}]}},"_links":{"self":[{"href":"https:\/\/shopatoa.com\/ro\/wp-json\/wp\/v2\/product\/375409","targetHints":{"allow":["GET"]}}],"collection":[{"href":"https:\/\/shopatoa.com\/ro\/wp-json\/wp\/v2\/product"}],"about":[{"href":"https:\/\/shopatoa.com\/ro\/wp-json\/wp\/v2\/types\/product"}],"replies":[{"embeddable":true,"href":"https:\/\/shopatoa.com\/ro\/wp-json\/wp\/v2\/comments?post=375409"}],"wp:featuredmedia":[{"embeddable":true,"href":"https:\/\/shopatoa.com\/ro\/wp-json\/wp\/v2\/media\/375410"}],"wp:attachment":[{"href":"https:\/\/shopatoa.com\/ro\/wp-json\/wp\/v2\/media?parent=375409"}],"wp:term":[{"taxonomy":"product_brand","embeddable":true,"href":"https:\/\/shopatoa.com\/ro\/wp-json\/wp\/v2\/product_brand?post=375409"},{"taxonomy":"product_cat","embeddable":true,"href":"https:\/\/shopatoa.com\/ro\/wp-json\/wp\/v2\/product_cat?post=375409"},{"taxonomy":"product_tag","embeddable":true,"href":"https:\/\/shopatoa.com\/ro\/wp-json\/wp\/v2\/product_tag?post=375409"}],"curies":[{"name":"wp","href":"https:\/\/api.w.org\/{rel}","templated":true}]}}