{"id":375549,"date":"2025-05-22T07:35:25","date_gmt":"2025-05-22T05:35:25","guid":{"rendered":"https:\/\/shopatoa.com\/ro\/concept-pila-electrica-pentru-calcai-perfect-skin-pn3000-2\/"},"modified":"2025-12-14T08:33:36","modified_gmt":"2025-12-14T07:33:36","slug":"concept-pila-electrica-pentru-calcai-perfect-skin-pn3000-2","status":"publish","type":"product","link":"https:\/\/shopatoa.com\/ro\/concept-pila-electrica-pentru-calcai-perfect-skin-pn3000-2\/","title":{"rendered":"Concept Pil\u0103 electric\u0103 pentru c\u0103lc\u00e2i Perfect Skin PN3000"},"content":{"rendered":"<p>Pila electric\u0103 pentru c\u0103lc\u00e2i Concept PN3000 Perfect Skin cu sistem de extrac\u021bie a pielii abrazive ofer\u0103 2 viteze, procesare impermeabil\u0103 de \u00eenalt\u0103 calitate \u0219i 3 ata\u0219amente pentru diferite tipuri de tratament care pot fi \u00eendep\u0103rtate \u0219i cur\u0103\u021bate cu u\u0219urin\u021b\u0103. Roata de \u0219lefuit rotativ\u0103 \u00eendep\u0103rteaz\u0103 \u00een siguran\u021b\u0103 pielea uscat\u0103 \u0219i \u00eent\u0103rit\u0103, care arat\u0103 inestetic \u0219i poate duce la cr\u0103parea pielii, calusuri \u0219i v\u00e2n\u0103t\u0103i. Datorit\u0103 sistemului de aspirare al pielii abrazive, \u00eengrijirea este extrem de confortabil\u0103 \u0219i nu se face mizerie. Prelucrarea rezistent\u0103 la ap\u0103 permite \u00eengrijirea at\u00e2t pe uscat c\u00e2t \u0219i pe umed. Pila este echipat\u0103 cu un grad de protec\u021bie IPX6, datorit\u0103 c\u0103ruia o pute\u021bi folosi \u0219i \u00een du\u0219. Tratamentul rezistent la ap\u0103 faciliteaz\u0103 \u0219i cur\u0103\u021barea acestuia. Pute\u021bi cl\u0103ti dispozitivul pur \u0219i simplu sub jet de ap\u0103. Este echipat cu o func\u021bie de oprire automat\u0103 \u0219i o baterie Li-Ion de \u00eenalt\u0103 calitate, cu o durat\u0103 de p\u00e2n\u0103 la 100 de minute. cu o singur\u0103 \u00eenc\u0103rcare. R\u0103sf\u0103\u021ba\u021bi-v\u0103 picioarele cu \u00eengrijire asem\u0103n\u0103toare unui salon.<\/p>\n","protected":false},"excerpt":{"rendered":"<p>Pila electric\u0103 pentru c\u0103lc\u00e2i Concept PN3000 Perfect Skin cu sistem de extrac\u021bie a pielii abrazive ofer\u0103 2 viteze, procesare impermeabil\u0103 de \u00eenalt\u0103 calitate \u0219i 3 ata\u0219amente pentru diferite tipuri de tratament care pot fi \u00eendep\u0103rtate \u0219i cur\u0103\u021bate cu u\u0219urin\u021b\u0103. Roata de \u0219lefuit rotativ\u0103 \u00eendep\u0103rteaz\u0103 \u00een siguran\u021b\u0103 pielea uscat\u0103 \u0219i \u00eent\u0103rit\u0103, care arat\u0103 inestetic \u0219i poate&#8230;<\/p>\n","protected":false},"featured_media":375550,"comment_status":"closed","ping_status":"open","template":"","meta":{"_acf_changed":false,"_kadence_starter_templates_imported_post":false,"_kad_post_transparent":"","_kad_post_title":"","_kad_post_layout":"","_kad_post_sidebar_id":"","_kad_post_content_style":"","_kad_post_vertical_padding":"","_kad_post_feature":"","_kad_post_feature_position":"","_kad_post_header":false,"_kad_post_footer":false,"_kad_post_classname":""},"product_brand":[427],"product_cat":[246,813,611,730],"product_tag":[],"class_list":{"0":"post-375549","1":"product","2":"type-product","3":"status-publish","4":"has-post-thumbnail","6":"product_brand-concept","7":"product_cat-cosmetice","8":"product_cat-fisiere-si-peelers-picior","9":"product_cat-produse-cosmetice-pentru-corp","10":"product_cat-produse-cosmetice-pentru-ingrijirea-picioarelor","12":"first","13":"instock","14":"sale","15":"product-type-external","16":"entry","17":"content-bg","18":"loop-entry"},"acf":[],"yoast_head":"<!-- This site is optimized with the Yoast SEO plugin v27.4 - https:\/\/yoast.com\/product\/yoast-seo-wordpress\/ -->\n<title>Concept Pil\u0103 electric\u0103 pentru c\u0103lc\u00e2i Perfect Skin PN3000 - SHOPATOA.COM<\/title>\n<meta name=\"robots\" content=\"index, follow, max-snippet:-1, max-image-preview:large, max-video-preview:-1\" \/>\n<link rel=\"canonical\" href=\"https:\/\/shopatoa.com\/ro\/concept-pila-electrica-pentru-calcai-perfect-skin-pn3000-2\/\" \/>\n<meta property=\"og:locale\" content=\"ro_RO\" \/>\n<meta property=\"og:type\" content=\"article\" \/>\n<meta property=\"og:title\" content=\"Concept Pil\u0103 electric\u0103 pentru c\u0103lc\u00e2i Perfect Skin PN3000 - SHOPATOA.COM\" \/>\n<meta property=\"og:description\" content=\"Pila electric\u0103 pentru c\u0103lc\u00e2i Concept PN3000 Perfect Skin cu sistem de extrac\u021bie a pielii abrazive ofer\u0103 2 viteze, procesare impermeabil\u0103 de \u00eenalt\u0103 calitate \u0219i 3 ata\u0219amente pentru diferite tipuri de tratament care pot fi \u00eendep\u0103rtate \u0219i cur\u0103\u021bate cu u\u0219urin\u021b\u0103. Roata de \u0219lefuit rotativ\u0103 \u00eendep\u0103rteaz\u0103 \u00een siguran\u021b\u0103 pielea uscat\u0103 \u0219i \u00eent\u0103rit\u0103, care arat\u0103 inestetic \u0219i poate...\" \/>\n<meta property=\"og:url\" content=\"https:\/\/shopatoa.com\/ro\/concept-pila-electrica-pentru-calcai-perfect-skin-pn3000-2\/\" \/>\n<meta property=\"og:site_name\" content=\"SHOPATOA\" \/>\n<meta property=\"article:modified_time\" content=\"2025-12-14T07:33:36+00:00\" \/>\n<meta property=\"og:image\" content=\"https:\/\/storage.googleapis.com\/cz-shopatoa-img\/ro\/eb312007-unnamed-file.webp\" \/>\n\t<meta property=\"og:image:width\" content=\"800\" \/>\n\t<meta property=\"og:image:height\" content=\"800\" \/>\n\t<meta property=\"og:image:type\" content=\"image\/webp\" \/>\n<meta name=\"twitter:card\" content=\"summary_large_image\" \/>\n<meta name=\"twitter:label1\" content=\"Timp estimat pentru citire\" \/>\n\t<meta name=\"twitter:data1\" content=\"1 minut\" \/>\n<script type=\"application\/ld+json\" class=\"yoast-schema-graph\">{\"@context\":\"https:\\\/\\\/schema.org\",\"@graph\":[{\"@type\":\"WebPage\",\"@id\":\"https:\\\/\\\/shopatoa.com\\\/ro\\\/concept-pila-electrica-pentru-calcai-perfect-skin-pn3000-2\\\/\",\"url\":\"https:\\\/\\\/shopatoa.com\\\/ro\\\/concept-pila-electrica-pentru-calcai-perfect-skin-pn3000-2\\\/\",\"name\":\"Concept Pil\u0103 electric\u0103 pentru c\u0103lc\u00e2i Perfect Skin PN3000 - SHOPATOA.COM\",\"isPartOf\":{\"@id\":\"https:\\\/\\\/shopatoa.com\\\/ro\\\/#website\"},\"primaryImageOfPage\":{\"@id\":\"https:\\\/\\\/shopatoa.com\\\/ro\\\/concept-pila-electrica-pentru-calcai-perfect-skin-pn3000-2\\\/#primaryimage\"},\"image\":{\"@id\":\"https:\\\/\\\/shopatoa.com\\\/ro\\\/concept-pila-electrica-pentru-calcai-perfect-skin-pn3000-2\\\/#primaryimage\"},\"thumbnailUrl\":\"https:\\\/\\\/storage.googleapis.com\\\/cz-shopatoa-img\\\/ro\\\/eb312007-unnamed-file.webp\",\"datePublished\":\"2025-05-22T05:35:25+00:00\",\"dateModified\":\"2025-12-14T07:33:36+00:00\",\"breadcrumb\":{\"@id\":\"https:\\\/\\\/shopatoa.com\\\/ro\\\/concept-pila-electrica-pentru-calcai-perfect-skin-pn3000-2\\\/#breadcrumb\"},\"inLanguage\":\"ro-RO\",\"potentialAction\":[{\"@type\":\"ReadAction\",\"target\":[\"https:\\\/\\\/shopatoa.com\\\/ro\\\/concept-pila-electrica-pentru-calcai-perfect-skin-pn3000-2\\\/\"]}]},{\"@type\":\"ImageObject\",\"inLanguage\":\"ro-RO\",\"@id\":\"https:\\\/\\\/shopatoa.com\\\/ro\\\/concept-pila-electrica-pentru-calcai-perfect-skin-pn3000-2\\\/#primaryimage\",\"url\":\"https:\\\/\\\/storage.googleapis.com\\\/cz-shopatoa-img\\\/ro\\\/eb312007-unnamed-file.webp\",\"contentUrl\":\"https:\\\/\\\/storage.googleapis.com\\\/cz-shopatoa-img\\\/ro\\\/eb312007-unnamed-file.webp\",\"width\":800,\"height\":800},{\"@type\":\"BreadcrumbList\",\"@id\":\"https:\\\/\\\/shopatoa.com\\\/ro\\\/concept-pila-electrica-pentru-calcai-perfect-skin-pn3000-2\\\/#breadcrumb\",\"itemListElement\":[{\"@type\":\"ListItem\",\"position\":1,\"name\":\"Dom\u016f\",\"item\":\"https:\\\/\\\/shopatoa.com\\\/ro\\\/\"},{\"@type\":\"ListItem\",\"position\":2,\"name\":\"Shop\",\"item\":\"https:\\\/\\\/shopatoa.com\\\/ro\\\/shop\\\/\"},{\"@type\":\"ListItem\",\"position\":3,\"name\":\"Cosmetice\",\"item\":\"https:\\\/\\\/shopatoa.com\\\/ro\\\/cosmetice\\\/\"},{\"@type\":\"ListItem\",\"position\":4,\"name\":\"Produse cosmetice pentru corp\",\"item\":\"https:\\\/\\\/shopatoa.com\\\/ro\\\/produse-cosmetice-pentru-corp\\\/\"},{\"@type\":\"ListItem\",\"position\":5,\"name\":\"Produse cosmetice pentru \u00eengrijirea picioarelor\",\"item\":\"https:\\\/\\\/shopatoa.com\\\/ro\\\/produse-cosmetice-pentru-ingrijirea-picioarelor\\\/\"},{\"@type\":\"ListItem\",\"position\":6,\"name\":\"Fi\u0219iere \u0219i peelers picior\",\"item\":\"https:\\\/\\\/shopatoa.com\\\/ro\\\/fisiere-si-peelers-picior\\\/\"},{\"@type\":\"ListItem\",\"position\":7,\"name\":\"Concept Pil\u0103 electric\u0103 pentru c\u0103lc\u00e2i Perfect Skin PN3000\"}]},{\"@type\":\"WebSite\",\"@id\":\"https:\\\/\\\/shopatoa.com\\\/ro\\\/#website\",\"url\":\"https:\\\/\\\/shopatoa.com\\\/ro\\\/\",\"name\":\"SHOPATOA\",\"description\":\"\",\"publisher\":{\"@id\":\"https:\\\/\\\/shopatoa.com\\\/ro\\\/#organization\"},\"potentialAction\":[{\"@type\":\"SearchAction\",\"target\":{\"@type\":\"EntryPoint\",\"urlTemplate\":\"https:\\\/\\\/shopatoa.com\\\/ro\\\/?s={search_term_string}\"},\"query-input\":{\"@type\":\"PropertyValueSpecification\",\"valueRequired\":true,\"valueName\":\"search_term_string\"}}],\"inLanguage\":\"ro-RO\"},{\"@type\":\"Organization\",\"@id\":\"https:\\\/\\\/shopatoa.com\\\/ro\\\/#organization\",\"name\":\"SHOPATOA\",\"url\":\"https:\\\/\\\/shopatoa.com\\\/ro\\\/\",\"logo\":{\"@type\":\"ImageObject\",\"inLanguage\":\"ro-RO\",\"@id\":\"https:\\\/\\\/shopatoa.com\\\/ro\\\/#\\\/schema\\\/logo\\\/image\\\/\",\"url\":\"https:\\\/\\\/storage.googleapis.com\\\/cz-shopatoa-img\\\/ro\\\/b4dac915-shopatoa_logo.png\",\"contentUrl\":\"https:\\\/\\\/storage.googleapis.com\\\/cz-shopatoa-img\\\/ro\\\/b4dac915-shopatoa_logo.png\",\"width\":416,\"height\":63,\"caption\":\"SHOPATOA\"},\"image\":{\"@id\":\"https:\\\/\\\/shopatoa.com\\\/ro\\\/#\\\/schema\\\/logo\\\/image\\\/\"}}]}<\/script>\n<!-- \/ Yoast SEO plugin. -->","yoast_head_json":{"title":"Concept Pil\u0103 electric\u0103 pentru c\u0103lc\u00e2i Perfect Skin PN3000 - SHOPATOA.COM","robots":{"index":"index","follow":"follow","max-snippet":"max-snippet:-1","max-image-preview":"max-image-preview:large","max-video-preview":"max-video-preview:-1"},"canonical":"https:\/\/shopatoa.com\/ro\/concept-pila-electrica-pentru-calcai-perfect-skin-pn3000-2\/","og_locale":"ro_RO","og_type":"article","og_title":"Concept Pil\u0103 electric\u0103 pentru c\u0103lc\u00e2i Perfect Skin PN3000 - SHOPATOA.COM","og_description":"Pila electric\u0103 pentru c\u0103lc\u00e2i Concept PN3000 Perfect Skin cu sistem de extrac\u021bie a pielii abrazive ofer\u0103 2 viteze, procesare impermeabil\u0103 de \u00eenalt\u0103 calitate \u0219i 3 ata\u0219amente pentru diferite tipuri de tratament care pot fi \u00eendep\u0103rtate \u0219i cur\u0103\u021bate cu u\u0219urin\u021b\u0103. Roata de \u0219lefuit rotativ\u0103 \u00eendep\u0103rteaz\u0103 \u00een siguran\u021b\u0103 pielea uscat\u0103 \u0219i \u00eent\u0103rit\u0103, care arat\u0103 inestetic \u0219i poate...","og_url":"https:\/\/shopatoa.com\/ro\/concept-pila-electrica-pentru-calcai-perfect-skin-pn3000-2\/","og_site_name":"SHOPATOA","article_modified_time":"2025-12-14T07:33:36+00:00","og_image":[{"width":800,"height":800,"url":"https:\/\/storage.googleapis.com\/cz-shopatoa-img\/ro\/eb312007-unnamed-file.webp","type":"image\/webp"}],"twitter_card":"summary_large_image","twitter_misc":{"Timp estimat pentru citire":"1 minut"},"schema":{"@context":"https:\/\/schema.org","@graph":[{"@type":"WebPage","@id":"https:\/\/shopatoa.com\/ro\/concept-pila-electrica-pentru-calcai-perfect-skin-pn3000-2\/","url":"https:\/\/shopatoa.com\/ro\/concept-pila-electrica-pentru-calcai-perfect-skin-pn3000-2\/","name":"Concept Pil\u0103 electric\u0103 pentru c\u0103lc\u00e2i Perfect Skin PN3000 - SHOPATOA.COM","isPartOf":{"@id":"https:\/\/shopatoa.com\/ro\/#website"},"primaryImageOfPage":{"@id":"https:\/\/shopatoa.com\/ro\/concept-pila-electrica-pentru-calcai-perfect-skin-pn3000-2\/#primaryimage"},"image":{"@id":"https:\/\/shopatoa.com\/ro\/concept-pila-electrica-pentru-calcai-perfect-skin-pn3000-2\/#primaryimage"},"thumbnailUrl":"https:\/\/storage.googleapis.com\/cz-shopatoa-img\/ro\/eb312007-unnamed-file.webp","datePublished":"2025-05-22T05:35:25+00:00","dateModified":"2025-12-14T07:33:36+00:00","breadcrumb":{"@id":"https:\/\/shopatoa.com\/ro\/concept-pila-electrica-pentru-calcai-perfect-skin-pn3000-2\/#breadcrumb"},"inLanguage":"ro-RO","potentialAction":[{"@type":"ReadAction","target":["https:\/\/shopatoa.com\/ro\/concept-pila-electrica-pentru-calcai-perfect-skin-pn3000-2\/"]}]},{"@type":"ImageObject","inLanguage":"ro-RO","@id":"https:\/\/shopatoa.com\/ro\/concept-pila-electrica-pentru-calcai-perfect-skin-pn3000-2\/#primaryimage","url":"https:\/\/storage.googleapis.com\/cz-shopatoa-img\/ro\/eb312007-unnamed-file.webp","contentUrl":"https:\/\/storage.googleapis.com\/cz-shopatoa-img\/ro\/eb312007-unnamed-file.webp","width":800,"height":800},{"@type":"BreadcrumbList","@id":"https:\/\/shopatoa.com\/ro\/concept-pila-electrica-pentru-calcai-perfect-skin-pn3000-2\/#breadcrumb","itemListElement":[{"@type":"ListItem","position":1,"name":"Dom\u016f","item":"https:\/\/shopatoa.com\/ro\/"},{"@type":"ListItem","position":2,"name":"Shop","item":"https:\/\/shopatoa.com\/ro\/shop\/"},{"@type":"ListItem","position":3,"name":"Cosmetice","item":"https:\/\/shopatoa.com\/ro\/cosmetice\/"},{"@type":"ListItem","position":4,"name":"Produse cosmetice pentru corp","item":"https:\/\/shopatoa.com\/ro\/produse-cosmetice-pentru-corp\/"},{"@type":"ListItem","position":5,"name":"Produse cosmetice pentru \u00eengrijirea picioarelor","item":"https:\/\/shopatoa.com\/ro\/produse-cosmetice-pentru-ingrijirea-picioarelor\/"},{"@type":"ListItem","position":6,"name":"Fi\u0219iere \u0219i peelers picior","item":"https:\/\/shopatoa.com\/ro\/fisiere-si-peelers-picior\/"},{"@type":"ListItem","position":7,"name":"Concept Pil\u0103 electric\u0103 pentru c\u0103lc\u00e2i Perfect Skin PN3000"}]},{"@type":"WebSite","@id":"https:\/\/shopatoa.com\/ro\/#website","url":"https:\/\/shopatoa.com\/ro\/","name":"SHOPATOA","description":"","publisher":{"@id":"https:\/\/shopatoa.com\/ro\/#organization"},"potentialAction":[{"@type":"SearchAction","target":{"@type":"EntryPoint","urlTemplate":"https:\/\/shopatoa.com\/ro\/?s={search_term_string}"},"query-input":{"@type":"PropertyValueSpecification","valueRequired":true,"valueName":"search_term_string"}}],"inLanguage":"ro-RO"},{"@type":"Organization","@id":"https:\/\/shopatoa.com\/ro\/#organization","name":"SHOPATOA","url":"https:\/\/shopatoa.com\/ro\/","logo":{"@type":"ImageObject","inLanguage":"ro-RO","@id":"https:\/\/shopatoa.com\/ro\/#\/schema\/logo\/image\/","url":"https:\/\/storage.googleapis.com\/cz-shopatoa-img\/ro\/b4dac915-shopatoa_logo.png","contentUrl":"https:\/\/storage.googleapis.com\/cz-shopatoa-img\/ro\/b4dac915-shopatoa_logo.png","width":416,"height":63,"caption":"SHOPATOA"},"image":{"@id":"https:\/\/shopatoa.com\/ro\/#\/schema\/logo\/image\/"}}]}},"_links":{"self":[{"href":"https:\/\/shopatoa.com\/ro\/wp-json\/wp\/v2\/product\/375549","targetHints":{"allow":["GET"]}}],"collection":[{"href":"https:\/\/shopatoa.com\/ro\/wp-json\/wp\/v2\/product"}],"about":[{"href":"https:\/\/shopatoa.com\/ro\/wp-json\/wp\/v2\/types\/product"}],"replies":[{"embeddable":true,"href":"https:\/\/shopatoa.com\/ro\/wp-json\/wp\/v2\/comments?post=375549"}],"wp:featuredmedia":[{"embeddable":true,"href":"https:\/\/shopatoa.com\/ro\/wp-json\/wp\/v2\/media\/375550"}],"wp:attachment":[{"href":"https:\/\/shopatoa.com\/ro\/wp-json\/wp\/v2\/media?parent=375549"}],"wp:term":[{"taxonomy":"product_brand","embeddable":true,"href":"https:\/\/shopatoa.com\/ro\/wp-json\/wp\/v2\/product_brand?post=375549"},{"taxonomy":"product_cat","embeddable":true,"href":"https:\/\/shopatoa.com\/ro\/wp-json\/wp\/v2\/product_cat?post=375549"},{"taxonomy":"product_tag","embeddable":true,"href":"https:\/\/shopatoa.com\/ro\/wp-json\/wp\/v2\/product_tag?post=375549"}],"curies":[{"name":"wp","href":"https:\/\/api.w.org\/{rel}","templated":true}]}}