{"id":375741,"date":"2025-05-22T07:51:07","date_gmt":"2025-05-22T05:51:07","guid":{"rendered":"https:\/\/shopatoa.com\/ro\/concept-cap-de-rezerva-soft-clean-zk0052-2\/"},"modified":"2025-12-14T06:54:12","modified_gmt":"2025-12-14T05:54:12","slug":"concept-cap-de-rezerva-soft-clean-zk0052-2","status":"publish","type":"product","link":"https:\/\/shopatoa.com\/ro\/concept-cap-de-rezerva-soft-clean-zk0052-2\/","title":{"rendered":"Concept Cap de rezerv\u0103 Soft Clean ZK0052"},"content":{"rendered":"<p>Capul de periere Soft Clean este potrivit pentru din\u021bii sensibili, gingivit\u0103 \u0219i parodontit\u0103. Acesta este adaptat pentru din\u021bii adul\u021bi \u0219i v\u0103 va ajuta s\u0103 ob\u021bine\u021bi din\u021bi mai s\u0103n\u0103to\u0219i, gingii \u0219i un z\u00e2mbet radiant. Capetele sunt complet compatibile cu modelele Concept ZK500x. Datorit\u0103 sistemului de montare Click-in, capetele se \u00eenlocuiesc u\u0219or \u0219i rapid printr-un simplu clic. Achizi\u021biona\u021bi setul ZK0052 \u0219i ve\u021bi primi 4 capete de perie Soft Clean de schimb, care v\u0103 vor ajunge pentru 1 an de utilizare.<\/p>\n","protected":false},"excerpt":{"rendered":"<p>Capul de periere Soft Clean este potrivit pentru din\u021bii sensibili, gingivit\u0103 \u0219i parodontit\u0103. Acesta este adaptat pentru din\u021bii adul\u021bi \u0219i v\u0103 va ajuta s\u0103 ob\u021bine\u021bi din\u021bi mai s\u0103n\u0103to\u0219i, gingii \u0219i un z\u00e2mbet radiant. Capetele sunt complet compatibile cu modelele Concept ZK500x. Datorit\u0103 sistemului de montare Click-in, capetele se \u00eenlocuiesc u\u0219or \u0219i rapid printr-un simplu clic&#8230;.<\/p>\n","protected":false},"featured_media":375742,"comment_status":"closed","ping_status":"open","template":"","meta":{"_acf_changed":false,"_kadence_starter_templates_imported_post":false,"_kad_post_transparent":"","_kad_post_title":"","_kad_post_layout":"","_kad_post_sidebar_id":"","_kad_post_content_style":"","_kad_post_vertical_padding":"","_kad_post_feature":"","_kad_post_feature_position":"","_kad_post_header":false,"_kad_post_footer":false,"_kad_post_classname":""},"product_brand":[427],"product_cat":[246,709,761],"product_tag":[],"class_list":{"0":"post-375741","1":"product","2":"type-product","3":"status-publish","4":"has-post-thumbnail","6":"product_brand-concept","7":"product_cat-cosmetice","8":"product_cat-ingrijirea-dentara","9":"product_cat-periute-de-dinti-sonice","11":"first","12":"instock","13":"product-type-external","14":"entry","15":"content-bg","16":"loop-entry"},"acf":[],"yoast_head":"<!-- This site is optimized with the Yoast SEO plugin v27.4 - https:\/\/yoast.com\/product\/yoast-seo-wordpress\/ -->\n<title>Concept Cap de rezerv\u0103 Soft Clean ZK0052 - SHOPATOA.COM<\/title>\n<meta name=\"robots\" content=\"index, follow, max-snippet:-1, max-image-preview:large, max-video-preview:-1\" \/>\n<link rel=\"canonical\" href=\"https:\/\/shopatoa.com\/ro\/concept-cap-de-rezerva-soft-clean-zk0052-2\/\" \/>\n<meta property=\"og:locale\" content=\"ro_RO\" \/>\n<meta property=\"og:type\" content=\"article\" \/>\n<meta property=\"og:title\" content=\"Concept Cap de rezerv\u0103 Soft Clean ZK0052 - SHOPATOA.COM\" \/>\n<meta property=\"og:description\" content=\"Capul de periere Soft Clean este potrivit pentru din\u021bii sensibili, gingivit\u0103 \u0219i parodontit\u0103. Acesta este adaptat pentru din\u021bii adul\u021bi \u0219i v\u0103 va ajuta s\u0103 ob\u021bine\u021bi din\u021bi mai s\u0103n\u0103to\u0219i, gingii \u0219i un z\u00e2mbet radiant. Capetele sunt complet compatibile cu modelele Concept ZK500x. Datorit\u0103 sistemului de montare Click-in, capetele se \u00eenlocuiesc u\u0219or \u0219i rapid printr-un simplu clic....\" \/>\n<meta property=\"og:url\" content=\"https:\/\/shopatoa.com\/ro\/concept-cap-de-rezerva-soft-clean-zk0052-2\/\" \/>\n<meta property=\"og:site_name\" content=\"SHOPATOA\" \/>\n<meta property=\"article:modified_time\" content=\"2025-12-14T05:54:12+00:00\" \/>\n<meta property=\"og:image\" content=\"https:\/\/storage.googleapis.com\/cz-shopatoa-img\/ro\/65ac4f7b-unnamed-file.webp\" \/>\n\t<meta property=\"og:image:width\" content=\"800\" \/>\n\t<meta property=\"og:image:height\" content=\"800\" \/>\n\t<meta property=\"og:image:type\" content=\"image\/webp\" \/>\n<meta name=\"twitter:card\" content=\"summary_large_image\" \/>\n<script type=\"application\/ld+json\" class=\"yoast-schema-graph\">{\"@context\":\"https:\\\/\\\/schema.org\",\"@graph\":[{\"@type\":\"WebPage\",\"@id\":\"https:\\\/\\\/shopatoa.com\\\/ro\\\/concept-cap-de-rezerva-soft-clean-zk0052-2\\\/\",\"url\":\"https:\\\/\\\/shopatoa.com\\\/ro\\\/concept-cap-de-rezerva-soft-clean-zk0052-2\\\/\",\"name\":\"Concept Cap de rezerv\u0103 Soft Clean ZK0052 - SHOPATOA.COM\",\"isPartOf\":{\"@id\":\"https:\\\/\\\/shopatoa.com\\\/ro\\\/#website\"},\"primaryImageOfPage\":{\"@id\":\"https:\\\/\\\/shopatoa.com\\\/ro\\\/concept-cap-de-rezerva-soft-clean-zk0052-2\\\/#primaryimage\"},\"image\":{\"@id\":\"https:\\\/\\\/shopatoa.com\\\/ro\\\/concept-cap-de-rezerva-soft-clean-zk0052-2\\\/#primaryimage\"},\"thumbnailUrl\":\"https:\\\/\\\/storage.googleapis.com\\\/cz-shopatoa-img\\\/ro\\\/65ac4f7b-unnamed-file.webp\",\"datePublished\":\"2025-05-22T05:51:07+00:00\",\"dateModified\":\"2025-12-14T05:54:12+00:00\",\"breadcrumb\":{\"@id\":\"https:\\\/\\\/shopatoa.com\\\/ro\\\/concept-cap-de-rezerva-soft-clean-zk0052-2\\\/#breadcrumb\"},\"inLanguage\":\"ro-RO\",\"potentialAction\":[{\"@type\":\"ReadAction\",\"target\":[\"https:\\\/\\\/shopatoa.com\\\/ro\\\/concept-cap-de-rezerva-soft-clean-zk0052-2\\\/\"]}]},{\"@type\":\"ImageObject\",\"inLanguage\":\"ro-RO\",\"@id\":\"https:\\\/\\\/shopatoa.com\\\/ro\\\/concept-cap-de-rezerva-soft-clean-zk0052-2\\\/#primaryimage\",\"url\":\"https:\\\/\\\/storage.googleapis.com\\\/cz-shopatoa-img\\\/ro\\\/65ac4f7b-unnamed-file.webp\",\"contentUrl\":\"https:\\\/\\\/storage.googleapis.com\\\/cz-shopatoa-img\\\/ro\\\/65ac4f7b-unnamed-file.webp\",\"width\":800,\"height\":800},{\"@type\":\"BreadcrumbList\",\"@id\":\"https:\\\/\\\/shopatoa.com\\\/ro\\\/concept-cap-de-rezerva-soft-clean-zk0052-2\\\/#breadcrumb\",\"itemListElement\":[{\"@type\":\"ListItem\",\"position\":1,\"name\":\"Dom\u016f\",\"item\":\"https:\\\/\\\/shopatoa.com\\\/ro\\\/\"},{\"@type\":\"ListItem\",\"position\":2,\"name\":\"Shop\",\"item\":\"https:\\\/\\\/shopatoa.com\\\/ro\\\/shop\\\/\"},{\"@type\":\"ListItem\",\"position\":3,\"name\":\"Cosmetice\",\"item\":\"https:\\\/\\\/shopatoa.com\\\/ro\\\/cosmetice\\\/\"},{\"@type\":\"ListItem\",\"position\":4,\"name\":\"\u00cengrijirea dentar\u0103\",\"item\":\"https:\\\/\\\/shopatoa.com\\\/ro\\\/ingrijirea-dentara\\\/\"},{\"@type\":\"ListItem\",\"position\":5,\"name\":\"Periu\u021be de din\u021bi sonice\",\"item\":\"https:\\\/\\\/shopatoa.com\\\/ro\\\/periute-de-dinti-sonice\\\/\"},{\"@type\":\"ListItem\",\"position\":6,\"name\":\"Concept Cap de rezerv\u0103 Soft Clean ZK0052\"}]},{\"@type\":\"WebSite\",\"@id\":\"https:\\\/\\\/shopatoa.com\\\/ro\\\/#website\",\"url\":\"https:\\\/\\\/shopatoa.com\\\/ro\\\/\",\"name\":\"SHOPATOA\",\"description\":\"\",\"publisher\":{\"@id\":\"https:\\\/\\\/shopatoa.com\\\/ro\\\/#organization\"},\"potentialAction\":[{\"@type\":\"SearchAction\",\"target\":{\"@type\":\"EntryPoint\",\"urlTemplate\":\"https:\\\/\\\/shopatoa.com\\\/ro\\\/?s={search_term_string}\"},\"query-input\":{\"@type\":\"PropertyValueSpecification\",\"valueRequired\":true,\"valueName\":\"search_term_string\"}}],\"inLanguage\":\"ro-RO\"},{\"@type\":\"Organization\",\"@id\":\"https:\\\/\\\/shopatoa.com\\\/ro\\\/#organization\",\"name\":\"SHOPATOA\",\"url\":\"https:\\\/\\\/shopatoa.com\\\/ro\\\/\",\"logo\":{\"@type\":\"ImageObject\",\"inLanguage\":\"ro-RO\",\"@id\":\"https:\\\/\\\/shopatoa.com\\\/ro\\\/#\\\/schema\\\/logo\\\/image\\\/\",\"url\":\"https:\\\/\\\/storage.googleapis.com\\\/cz-shopatoa-img\\\/ro\\\/b4dac915-shopatoa_logo.png\",\"contentUrl\":\"https:\\\/\\\/storage.googleapis.com\\\/cz-shopatoa-img\\\/ro\\\/b4dac915-shopatoa_logo.png\",\"width\":416,\"height\":63,\"caption\":\"SHOPATOA\"},\"image\":{\"@id\":\"https:\\\/\\\/shopatoa.com\\\/ro\\\/#\\\/schema\\\/logo\\\/image\\\/\"}}]}<\/script>\n<!-- \/ Yoast SEO plugin. -->","yoast_head_json":{"title":"Concept Cap de rezerv\u0103 Soft Clean ZK0052 - SHOPATOA.COM","robots":{"index":"index","follow":"follow","max-snippet":"max-snippet:-1","max-image-preview":"max-image-preview:large","max-video-preview":"max-video-preview:-1"},"canonical":"https:\/\/shopatoa.com\/ro\/concept-cap-de-rezerva-soft-clean-zk0052-2\/","og_locale":"ro_RO","og_type":"article","og_title":"Concept Cap de rezerv\u0103 Soft Clean ZK0052 - SHOPATOA.COM","og_description":"Capul de periere Soft Clean este potrivit pentru din\u021bii sensibili, gingivit\u0103 \u0219i parodontit\u0103. Acesta este adaptat pentru din\u021bii adul\u021bi \u0219i v\u0103 va ajuta s\u0103 ob\u021bine\u021bi din\u021bi mai s\u0103n\u0103to\u0219i, gingii \u0219i un z\u00e2mbet radiant. Capetele sunt complet compatibile cu modelele Concept ZK500x. Datorit\u0103 sistemului de montare Click-in, capetele se \u00eenlocuiesc u\u0219or \u0219i rapid printr-un simplu clic....","og_url":"https:\/\/shopatoa.com\/ro\/concept-cap-de-rezerva-soft-clean-zk0052-2\/","og_site_name":"SHOPATOA","article_modified_time":"2025-12-14T05:54:12+00:00","og_image":[{"width":800,"height":800,"url":"https:\/\/storage.googleapis.com\/cz-shopatoa-img\/ro\/65ac4f7b-unnamed-file.webp","type":"image\/webp"}],"twitter_card":"summary_large_image","schema":{"@context":"https:\/\/schema.org","@graph":[{"@type":"WebPage","@id":"https:\/\/shopatoa.com\/ro\/concept-cap-de-rezerva-soft-clean-zk0052-2\/","url":"https:\/\/shopatoa.com\/ro\/concept-cap-de-rezerva-soft-clean-zk0052-2\/","name":"Concept Cap de rezerv\u0103 Soft Clean ZK0052 - SHOPATOA.COM","isPartOf":{"@id":"https:\/\/shopatoa.com\/ro\/#website"},"primaryImageOfPage":{"@id":"https:\/\/shopatoa.com\/ro\/concept-cap-de-rezerva-soft-clean-zk0052-2\/#primaryimage"},"image":{"@id":"https:\/\/shopatoa.com\/ro\/concept-cap-de-rezerva-soft-clean-zk0052-2\/#primaryimage"},"thumbnailUrl":"https:\/\/storage.googleapis.com\/cz-shopatoa-img\/ro\/65ac4f7b-unnamed-file.webp","datePublished":"2025-05-22T05:51:07+00:00","dateModified":"2025-12-14T05:54:12+00:00","breadcrumb":{"@id":"https:\/\/shopatoa.com\/ro\/concept-cap-de-rezerva-soft-clean-zk0052-2\/#breadcrumb"},"inLanguage":"ro-RO","potentialAction":[{"@type":"ReadAction","target":["https:\/\/shopatoa.com\/ro\/concept-cap-de-rezerva-soft-clean-zk0052-2\/"]}]},{"@type":"ImageObject","inLanguage":"ro-RO","@id":"https:\/\/shopatoa.com\/ro\/concept-cap-de-rezerva-soft-clean-zk0052-2\/#primaryimage","url":"https:\/\/storage.googleapis.com\/cz-shopatoa-img\/ro\/65ac4f7b-unnamed-file.webp","contentUrl":"https:\/\/storage.googleapis.com\/cz-shopatoa-img\/ro\/65ac4f7b-unnamed-file.webp","width":800,"height":800},{"@type":"BreadcrumbList","@id":"https:\/\/shopatoa.com\/ro\/concept-cap-de-rezerva-soft-clean-zk0052-2\/#breadcrumb","itemListElement":[{"@type":"ListItem","position":1,"name":"Dom\u016f","item":"https:\/\/shopatoa.com\/ro\/"},{"@type":"ListItem","position":2,"name":"Shop","item":"https:\/\/shopatoa.com\/ro\/shop\/"},{"@type":"ListItem","position":3,"name":"Cosmetice","item":"https:\/\/shopatoa.com\/ro\/cosmetice\/"},{"@type":"ListItem","position":4,"name":"\u00cengrijirea dentar\u0103","item":"https:\/\/shopatoa.com\/ro\/ingrijirea-dentara\/"},{"@type":"ListItem","position":5,"name":"Periu\u021be de din\u021bi sonice","item":"https:\/\/shopatoa.com\/ro\/periute-de-dinti-sonice\/"},{"@type":"ListItem","position":6,"name":"Concept Cap de rezerv\u0103 Soft Clean ZK0052"}]},{"@type":"WebSite","@id":"https:\/\/shopatoa.com\/ro\/#website","url":"https:\/\/shopatoa.com\/ro\/","name":"SHOPATOA","description":"","publisher":{"@id":"https:\/\/shopatoa.com\/ro\/#organization"},"potentialAction":[{"@type":"SearchAction","target":{"@type":"EntryPoint","urlTemplate":"https:\/\/shopatoa.com\/ro\/?s={search_term_string}"},"query-input":{"@type":"PropertyValueSpecification","valueRequired":true,"valueName":"search_term_string"}}],"inLanguage":"ro-RO"},{"@type":"Organization","@id":"https:\/\/shopatoa.com\/ro\/#organization","name":"SHOPATOA","url":"https:\/\/shopatoa.com\/ro\/","logo":{"@type":"ImageObject","inLanguage":"ro-RO","@id":"https:\/\/shopatoa.com\/ro\/#\/schema\/logo\/image\/","url":"https:\/\/storage.googleapis.com\/cz-shopatoa-img\/ro\/b4dac915-shopatoa_logo.png","contentUrl":"https:\/\/storage.googleapis.com\/cz-shopatoa-img\/ro\/b4dac915-shopatoa_logo.png","width":416,"height":63,"caption":"SHOPATOA"},"image":{"@id":"https:\/\/shopatoa.com\/ro\/#\/schema\/logo\/image\/"}}]}},"_links":{"self":[{"href":"https:\/\/shopatoa.com\/ro\/wp-json\/wp\/v2\/product\/375741","targetHints":{"allow":["GET"]}}],"collection":[{"href":"https:\/\/shopatoa.com\/ro\/wp-json\/wp\/v2\/product"}],"about":[{"href":"https:\/\/shopatoa.com\/ro\/wp-json\/wp\/v2\/types\/product"}],"replies":[{"embeddable":true,"href":"https:\/\/shopatoa.com\/ro\/wp-json\/wp\/v2\/comments?post=375741"}],"wp:featuredmedia":[{"embeddable":true,"href":"https:\/\/shopatoa.com\/ro\/wp-json\/wp\/v2\/media\/375742"}],"wp:attachment":[{"href":"https:\/\/shopatoa.com\/ro\/wp-json\/wp\/v2\/media?parent=375741"}],"wp:term":[{"taxonomy":"product_brand","embeddable":true,"href":"https:\/\/shopatoa.com\/ro\/wp-json\/wp\/v2\/product_brand?post=375741"},{"taxonomy":"product_cat","embeddable":true,"href":"https:\/\/shopatoa.com\/ro\/wp-json\/wp\/v2\/product_cat?post=375741"},{"taxonomy":"product_tag","embeddable":true,"href":"https:\/\/shopatoa.com\/ro\/wp-json\/wp\/v2\/product_tag?post=375741"}],"curies":[{"name":"wp","href":"https:\/\/api.w.org\/{rel}","templated":true}]}}