{"id":375743,"date":"2025-05-22T07:51:07","date_gmt":"2025-05-22T05:51:07","guid":{"rendered":"https:\/\/shopatoa.com\/ro\/concept-capete-de-rezerva-soft-clean-zk0053-2\/"},"modified":"2025-12-14T06:54:08","modified_gmt":"2025-12-14T05:54:08","slug":"concept-capete-de-rezerva-soft-clean-zk0053-2","status":"publish","type":"product","link":"https:\/\/shopatoa.com\/ro\/concept-capete-de-rezerva-soft-clean-zk0053-2\/","title":{"rendered":"Concept Capete de rezerv\u0103 Soft Clean ZK0053"},"content":{"rendered":"<p>Capul de periere Soft Clean este potrivit pentru din\u021bii sensibili, gingivit\u0103 \u0219i parodontit\u0103. Sunt adaptate pentru dantura adul\u021bilor \u0219i v\u0103 ajut\u0103 s\u0103 ob\u021bine\u021bi gingii \u0219i din\u021bi mai s\u0103n\u0103to\u0219i \u0219i un z\u00e2mbet str\u0103lucitor. Capetele sunt complet compatibile cu modelele Concept ZK500x. Datorit\u0103 sistemului click-in, capetele pot fi schimbate rapid \u0219i u\u0219or cu un simplu clic. Achizi\u021biona\u021bi setul ZK0053 \u0219i ve\u021bi primi 4 capete de perie Soft Clean de schimb, care v\u0103 vor ajunge pentru 1 an de utilizare.<\/p>\n","protected":false},"excerpt":{"rendered":"<p>Capul de periere Soft Clean este potrivit pentru din\u021bii sensibili, gingivit\u0103 \u0219i parodontit\u0103. Sunt adaptate pentru dantura adul\u021bilor \u0219i v\u0103 ajut\u0103 s\u0103 ob\u021bine\u021bi gingii \u0219i din\u021bi mai s\u0103n\u0103to\u0219i \u0219i un z\u00e2mbet str\u0103lucitor. Capetele sunt complet compatibile cu modelele Concept ZK500x. Datorit\u0103 sistemului click-in, capetele pot fi schimbate rapid \u0219i u\u0219or cu un simplu clic. Achizi\u021biona\u021bi&#8230;<\/p>\n","protected":false},"featured_media":375744,"comment_status":"closed","ping_status":"open","template":"","meta":{"_acf_changed":false,"_kadence_starter_templates_imported_post":false,"_kad_post_transparent":"","_kad_post_title":"","_kad_post_layout":"","_kad_post_sidebar_id":"","_kad_post_content_style":"","_kad_post_vertical_padding":"","_kad_post_feature":"","_kad_post_feature_position":"","_kad_post_header":false,"_kad_post_footer":false,"_kad_post_classname":""},"product_brand":[427],"product_cat":[246,709,761],"product_tag":[],"class_list":{"0":"post-375743","1":"product","2":"type-product","3":"status-publish","4":"has-post-thumbnail","6":"product_brand-concept","7":"product_cat-cosmetice","8":"product_cat-ingrijirea-dentara","9":"product_cat-periute-de-dinti-sonice","11":"first","12":"instock","13":"sale","14":"product-type-external","15":"entry","16":"content-bg","17":"loop-entry"},"acf":[],"yoast_head":"<!-- This site is optimized with the Yoast SEO plugin v27.4 - https:\/\/yoast.com\/product\/yoast-seo-wordpress\/ -->\n<title>Concept Capete de rezerv\u0103 Soft Clean ZK0053 - SHOPATOA.COM<\/title>\n<meta name=\"robots\" content=\"index, follow, max-snippet:-1, max-image-preview:large, max-video-preview:-1\" \/>\n<link rel=\"canonical\" href=\"https:\/\/shopatoa.com\/ro\/concept-capete-de-rezerva-soft-clean-zk0053-2\/\" \/>\n<meta property=\"og:locale\" content=\"ro_RO\" \/>\n<meta property=\"og:type\" content=\"article\" \/>\n<meta property=\"og:title\" content=\"Concept Capete de rezerv\u0103 Soft Clean ZK0053 - SHOPATOA.COM\" \/>\n<meta property=\"og:description\" content=\"Capul de periere Soft Clean este potrivit pentru din\u021bii sensibili, gingivit\u0103 \u0219i parodontit\u0103. Sunt adaptate pentru dantura adul\u021bilor \u0219i v\u0103 ajut\u0103 s\u0103 ob\u021bine\u021bi gingii \u0219i din\u021bi mai s\u0103n\u0103to\u0219i \u0219i un z\u00e2mbet str\u0103lucitor. Capetele sunt complet compatibile cu modelele Concept ZK500x. Datorit\u0103 sistemului click-in, capetele pot fi schimbate rapid \u0219i u\u0219or cu un simplu clic. Achizi\u021biona\u021bi...\" \/>\n<meta property=\"og:url\" content=\"https:\/\/shopatoa.com\/ro\/concept-capete-de-rezerva-soft-clean-zk0053-2\/\" \/>\n<meta property=\"og:site_name\" content=\"SHOPATOA\" \/>\n<meta property=\"article:modified_time\" content=\"2025-12-14T05:54:08+00:00\" \/>\n<meta property=\"og:image\" content=\"https:\/\/storage.googleapis.com\/cz-shopatoa-img\/ro\/64890523-unnamed-file.webp\" \/>\n\t<meta property=\"og:image:width\" content=\"800\" \/>\n\t<meta property=\"og:image:height\" content=\"800\" \/>\n\t<meta property=\"og:image:type\" content=\"image\/webp\" \/>\n<meta name=\"twitter:card\" content=\"summary_large_image\" \/>\n<script type=\"application\/ld+json\" class=\"yoast-schema-graph\">{\"@context\":\"https:\\\/\\\/schema.org\",\"@graph\":[{\"@type\":\"WebPage\",\"@id\":\"https:\\\/\\\/shopatoa.com\\\/ro\\\/concept-capete-de-rezerva-soft-clean-zk0053-2\\\/\",\"url\":\"https:\\\/\\\/shopatoa.com\\\/ro\\\/concept-capete-de-rezerva-soft-clean-zk0053-2\\\/\",\"name\":\"Concept Capete de rezerv\u0103 Soft Clean ZK0053 - SHOPATOA.COM\",\"isPartOf\":{\"@id\":\"https:\\\/\\\/shopatoa.com\\\/ro\\\/#website\"},\"primaryImageOfPage\":{\"@id\":\"https:\\\/\\\/shopatoa.com\\\/ro\\\/concept-capete-de-rezerva-soft-clean-zk0053-2\\\/#primaryimage\"},\"image\":{\"@id\":\"https:\\\/\\\/shopatoa.com\\\/ro\\\/concept-capete-de-rezerva-soft-clean-zk0053-2\\\/#primaryimage\"},\"thumbnailUrl\":\"https:\\\/\\\/storage.googleapis.com\\\/cz-shopatoa-img\\\/ro\\\/64890523-unnamed-file.webp\",\"datePublished\":\"2025-05-22T05:51:07+00:00\",\"dateModified\":\"2025-12-14T05:54:08+00:00\",\"breadcrumb\":{\"@id\":\"https:\\\/\\\/shopatoa.com\\\/ro\\\/concept-capete-de-rezerva-soft-clean-zk0053-2\\\/#breadcrumb\"},\"inLanguage\":\"ro-RO\",\"potentialAction\":[{\"@type\":\"ReadAction\",\"target\":[\"https:\\\/\\\/shopatoa.com\\\/ro\\\/concept-capete-de-rezerva-soft-clean-zk0053-2\\\/\"]}]},{\"@type\":\"ImageObject\",\"inLanguage\":\"ro-RO\",\"@id\":\"https:\\\/\\\/shopatoa.com\\\/ro\\\/concept-capete-de-rezerva-soft-clean-zk0053-2\\\/#primaryimage\",\"url\":\"https:\\\/\\\/storage.googleapis.com\\\/cz-shopatoa-img\\\/ro\\\/64890523-unnamed-file.webp\",\"contentUrl\":\"https:\\\/\\\/storage.googleapis.com\\\/cz-shopatoa-img\\\/ro\\\/64890523-unnamed-file.webp\",\"width\":800,\"height\":800},{\"@type\":\"BreadcrumbList\",\"@id\":\"https:\\\/\\\/shopatoa.com\\\/ro\\\/concept-capete-de-rezerva-soft-clean-zk0053-2\\\/#breadcrumb\",\"itemListElement\":[{\"@type\":\"ListItem\",\"position\":1,\"name\":\"Dom\u016f\",\"item\":\"https:\\\/\\\/shopatoa.com\\\/ro\\\/\"},{\"@type\":\"ListItem\",\"position\":2,\"name\":\"Shop\",\"item\":\"https:\\\/\\\/shopatoa.com\\\/ro\\\/shop\\\/\"},{\"@type\":\"ListItem\",\"position\":3,\"name\":\"Cosmetice\",\"item\":\"https:\\\/\\\/shopatoa.com\\\/ro\\\/cosmetice\\\/\"},{\"@type\":\"ListItem\",\"position\":4,\"name\":\"\u00cengrijirea dentar\u0103\",\"item\":\"https:\\\/\\\/shopatoa.com\\\/ro\\\/ingrijirea-dentara\\\/\"},{\"@type\":\"ListItem\",\"position\":5,\"name\":\"Periu\u021be de din\u021bi sonice\",\"item\":\"https:\\\/\\\/shopatoa.com\\\/ro\\\/periute-de-dinti-sonice\\\/\"},{\"@type\":\"ListItem\",\"position\":6,\"name\":\"Concept Capete de rezerv\u0103 Soft Clean ZK0053\"}]},{\"@type\":\"WebSite\",\"@id\":\"https:\\\/\\\/shopatoa.com\\\/ro\\\/#website\",\"url\":\"https:\\\/\\\/shopatoa.com\\\/ro\\\/\",\"name\":\"SHOPATOA\",\"description\":\"\",\"publisher\":{\"@id\":\"https:\\\/\\\/shopatoa.com\\\/ro\\\/#organization\"},\"potentialAction\":[{\"@type\":\"SearchAction\",\"target\":{\"@type\":\"EntryPoint\",\"urlTemplate\":\"https:\\\/\\\/shopatoa.com\\\/ro\\\/?s={search_term_string}\"},\"query-input\":{\"@type\":\"PropertyValueSpecification\",\"valueRequired\":true,\"valueName\":\"search_term_string\"}}],\"inLanguage\":\"ro-RO\"},{\"@type\":\"Organization\",\"@id\":\"https:\\\/\\\/shopatoa.com\\\/ro\\\/#organization\",\"name\":\"SHOPATOA\",\"url\":\"https:\\\/\\\/shopatoa.com\\\/ro\\\/\",\"logo\":{\"@type\":\"ImageObject\",\"inLanguage\":\"ro-RO\",\"@id\":\"https:\\\/\\\/shopatoa.com\\\/ro\\\/#\\\/schema\\\/logo\\\/image\\\/\",\"url\":\"https:\\\/\\\/storage.googleapis.com\\\/cz-shopatoa-img\\\/ro\\\/b4dac915-shopatoa_logo.png\",\"contentUrl\":\"https:\\\/\\\/storage.googleapis.com\\\/cz-shopatoa-img\\\/ro\\\/b4dac915-shopatoa_logo.png\",\"width\":416,\"height\":63,\"caption\":\"SHOPATOA\"},\"image\":{\"@id\":\"https:\\\/\\\/shopatoa.com\\\/ro\\\/#\\\/schema\\\/logo\\\/image\\\/\"}}]}<\/script>\n<!-- \/ Yoast SEO plugin. -->","yoast_head_json":{"title":"Concept Capete de rezerv\u0103 Soft Clean ZK0053 - SHOPATOA.COM","robots":{"index":"index","follow":"follow","max-snippet":"max-snippet:-1","max-image-preview":"max-image-preview:large","max-video-preview":"max-video-preview:-1"},"canonical":"https:\/\/shopatoa.com\/ro\/concept-capete-de-rezerva-soft-clean-zk0053-2\/","og_locale":"ro_RO","og_type":"article","og_title":"Concept Capete de rezerv\u0103 Soft Clean ZK0053 - SHOPATOA.COM","og_description":"Capul de periere Soft Clean este potrivit pentru din\u021bii sensibili, gingivit\u0103 \u0219i parodontit\u0103. Sunt adaptate pentru dantura adul\u021bilor \u0219i v\u0103 ajut\u0103 s\u0103 ob\u021bine\u021bi gingii \u0219i din\u021bi mai s\u0103n\u0103to\u0219i \u0219i un z\u00e2mbet str\u0103lucitor. Capetele sunt complet compatibile cu modelele Concept ZK500x. Datorit\u0103 sistemului click-in, capetele pot fi schimbate rapid \u0219i u\u0219or cu un simplu clic. Achizi\u021biona\u021bi...","og_url":"https:\/\/shopatoa.com\/ro\/concept-capete-de-rezerva-soft-clean-zk0053-2\/","og_site_name":"SHOPATOA","article_modified_time":"2025-12-14T05:54:08+00:00","og_image":[{"width":800,"height":800,"url":"https:\/\/storage.googleapis.com\/cz-shopatoa-img\/ro\/64890523-unnamed-file.webp","type":"image\/webp"}],"twitter_card":"summary_large_image","schema":{"@context":"https:\/\/schema.org","@graph":[{"@type":"WebPage","@id":"https:\/\/shopatoa.com\/ro\/concept-capete-de-rezerva-soft-clean-zk0053-2\/","url":"https:\/\/shopatoa.com\/ro\/concept-capete-de-rezerva-soft-clean-zk0053-2\/","name":"Concept Capete de rezerv\u0103 Soft Clean ZK0053 - SHOPATOA.COM","isPartOf":{"@id":"https:\/\/shopatoa.com\/ro\/#website"},"primaryImageOfPage":{"@id":"https:\/\/shopatoa.com\/ro\/concept-capete-de-rezerva-soft-clean-zk0053-2\/#primaryimage"},"image":{"@id":"https:\/\/shopatoa.com\/ro\/concept-capete-de-rezerva-soft-clean-zk0053-2\/#primaryimage"},"thumbnailUrl":"https:\/\/storage.googleapis.com\/cz-shopatoa-img\/ro\/64890523-unnamed-file.webp","datePublished":"2025-05-22T05:51:07+00:00","dateModified":"2025-12-14T05:54:08+00:00","breadcrumb":{"@id":"https:\/\/shopatoa.com\/ro\/concept-capete-de-rezerva-soft-clean-zk0053-2\/#breadcrumb"},"inLanguage":"ro-RO","potentialAction":[{"@type":"ReadAction","target":["https:\/\/shopatoa.com\/ro\/concept-capete-de-rezerva-soft-clean-zk0053-2\/"]}]},{"@type":"ImageObject","inLanguage":"ro-RO","@id":"https:\/\/shopatoa.com\/ro\/concept-capete-de-rezerva-soft-clean-zk0053-2\/#primaryimage","url":"https:\/\/storage.googleapis.com\/cz-shopatoa-img\/ro\/64890523-unnamed-file.webp","contentUrl":"https:\/\/storage.googleapis.com\/cz-shopatoa-img\/ro\/64890523-unnamed-file.webp","width":800,"height":800},{"@type":"BreadcrumbList","@id":"https:\/\/shopatoa.com\/ro\/concept-capete-de-rezerva-soft-clean-zk0053-2\/#breadcrumb","itemListElement":[{"@type":"ListItem","position":1,"name":"Dom\u016f","item":"https:\/\/shopatoa.com\/ro\/"},{"@type":"ListItem","position":2,"name":"Shop","item":"https:\/\/shopatoa.com\/ro\/shop\/"},{"@type":"ListItem","position":3,"name":"Cosmetice","item":"https:\/\/shopatoa.com\/ro\/cosmetice\/"},{"@type":"ListItem","position":4,"name":"\u00cengrijirea dentar\u0103","item":"https:\/\/shopatoa.com\/ro\/ingrijirea-dentara\/"},{"@type":"ListItem","position":5,"name":"Periu\u021be de din\u021bi sonice","item":"https:\/\/shopatoa.com\/ro\/periute-de-dinti-sonice\/"},{"@type":"ListItem","position":6,"name":"Concept Capete de rezerv\u0103 Soft Clean ZK0053"}]},{"@type":"WebSite","@id":"https:\/\/shopatoa.com\/ro\/#website","url":"https:\/\/shopatoa.com\/ro\/","name":"SHOPATOA","description":"","publisher":{"@id":"https:\/\/shopatoa.com\/ro\/#organization"},"potentialAction":[{"@type":"SearchAction","target":{"@type":"EntryPoint","urlTemplate":"https:\/\/shopatoa.com\/ro\/?s={search_term_string}"},"query-input":{"@type":"PropertyValueSpecification","valueRequired":true,"valueName":"search_term_string"}}],"inLanguage":"ro-RO"},{"@type":"Organization","@id":"https:\/\/shopatoa.com\/ro\/#organization","name":"SHOPATOA","url":"https:\/\/shopatoa.com\/ro\/","logo":{"@type":"ImageObject","inLanguage":"ro-RO","@id":"https:\/\/shopatoa.com\/ro\/#\/schema\/logo\/image\/","url":"https:\/\/storage.googleapis.com\/cz-shopatoa-img\/ro\/b4dac915-shopatoa_logo.png","contentUrl":"https:\/\/storage.googleapis.com\/cz-shopatoa-img\/ro\/b4dac915-shopatoa_logo.png","width":416,"height":63,"caption":"SHOPATOA"},"image":{"@id":"https:\/\/shopatoa.com\/ro\/#\/schema\/logo\/image\/"}}]}},"_links":{"self":[{"href":"https:\/\/shopatoa.com\/ro\/wp-json\/wp\/v2\/product\/375743","targetHints":{"allow":["GET"]}}],"collection":[{"href":"https:\/\/shopatoa.com\/ro\/wp-json\/wp\/v2\/product"}],"about":[{"href":"https:\/\/shopatoa.com\/ro\/wp-json\/wp\/v2\/types\/product"}],"replies":[{"embeddable":true,"href":"https:\/\/shopatoa.com\/ro\/wp-json\/wp\/v2\/comments?post=375743"}],"wp:featuredmedia":[{"embeddable":true,"href":"https:\/\/shopatoa.com\/ro\/wp-json\/wp\/v2\/media\/375744"}],"wp:attachment":[{"href":"https:\/\/shopatoa.com\/ro\/wp-json\/wp\/v2\/media?parent=375743"}],"wp:term":[{"taxonomy":"product_brand","embeddable":true,"href":"https:\/\/shopatoa.com\/ro\/wp-json\/wp\/v2\/product_brand?post=375743"},{"taxonomy":"product_cat","embeddable":true,"href":"https:\/\/shopatoa.com\/ro\/wp-json\/wp\/v2\/product_cat?post=375743"},{"taxonomy":"product_tag","embeddable":true,"href":"https:\/\/shopatoa.com\/ro\/wp-json\/wp\/v2\/product_tag?post=375743"}],"curies":[{"name":"wp","href":"https:\/\/api.w.org\/{rel}","templated":true}]}}