{"id":375745,"date":"2025-05-22T07:51:07","date_gmt":"2025-05-22T05:51:07","guid":{"rendered":"https:\/\/shopatoa.com\/ro\/concept-dispozitiv-pentru-igiena-interdentara-zk4021-2\/"},"modified":"2025-12-14T06:45:30","modified_gmt":"2025-12-14T05:45:30","slug":"concept-dispozitiv-pentru-igiena-interdentara-zk4021-2","status":"publish","type":"product","link":"https:\/\/shopatoa.com\/ro\/concept-dispozitiv-pentru-igiena-interdentara-zk4021-2\/","title":{"rendered":"Concept Dispozitiv pentru igiena interdentar\u0103 ZK4021"},"content":{"rendered":"<p>Dispozitivul de igien\u0103 interdentar\u0103 ZK4021 v\u0103 va completa perfect \u00eengrijirea zilnic\u0103 a din\u021bilor \u0219i gingiilor. Datorit\u0103 presiunii ridicate a apei, este semnificativ mai eficient dec\u00e2t periu\u021bele interdentare obi\u0219nuite \u0219i a\u021ba dentar\u0103. Cur\u0103\u021b\u0103 perfect spa\u021biile interdentare, \u00eendep\u0103rteaz\u0103 placa dentar\u0103 \u0219i maseaz\u0103 gingiile. Cu utilizarea regulat\u0103, reduce semnificativ riscul cariilor dentare \u0219i form\u0103rii de pietre, \u00eembun\u0103t\u0103\u021be\u0219te starea general\u0103 a gingiilor \u0219i previne inflama\u021bia. Cu el pute\u021bi cur\u0103\u021ba cu u\u0219urin\u021b\u0103 chiar \u0219i locurile greu accesibile. Este potrivit pentru \u00eengrijirea coroanelor dentare, implanturilor, pun\u021bilor \u0219i aparatelor dentare fixe. Moduri de cur\u0103\u021bare Modelul ZK4021 ofer\u0103 3 moduri de cur\u0103\u021bare: NORMAL pentru \u00eengrijirea oral\u0103 de rutin\u0103; SOFT pentru cur\u0103\u021barea delicat\u0103 a din\u021bilor \u0219i gingiilor \u0219i PULSE pentru \u00eendep\u0103rtarea eficient\u0103 a reziduurilor alimentare \u0219i a pl\u0103cii. Datorit\u0103 afi\u0219ajului LCD, ve\u021bi \u0219ti \u00eentotdeauna ce mod a\u021bi selectat \u00een prezent. Duze interschimbabile Pachetul de baz\u0103 include 3 duze \u00eenlocuibile: NORMAL va ajuta la \u00eendep\u0103rtarea reziduurilor alimentare \u0219i a pl\u0103cii din gur\u0103; ORTHODONTICS va ajuta la \u00eendep\u0103rtarea resturilor din locurile greu accesibile din jurul aparatului dentar, iar TONGUE este o duz\u0103 special\u0103 pentru cur\u0103\u021barea limbii care ajut\u0103 la men\u021binerea respira\u021biei proaspete. Pentru a men\u021bine un nivel ridicat de eficien\u021b\u0103 de cur\u0103\u021bare, recomand\u0103m schimbarea capetelor la fiecare 6 luni. Manopera de calitate Modelul ZK4021 se remarc\u0103 prin designul modern \u0219i forma compact\u0103, datorit\u0103 c\u0103rora se potrive\u0219te perfect \u00een m\u00e2n\u0103. Ofer\u0103 un grad de protec\u021bie IPX7, astfel \u00eenc\u00e2t s\u0103 \u00eel pute\u021bi cl\u0103ti sub jet de ap\u0103. Modelul ZK4020 este echipat cu o baterie Li-Ion de \u00eenalt\u0103 calitate, care se re\u00eencarc\u0103 folosind un \u00eenc\u0103rc\u0103tor cu induc\u021bie.<\/p>\n","protected":false},"excerpt":{"rendered":"<p>Dispozitivul de igien\u0103 interdentar\u0103 ZK4021 v\u0103 va completa perfect \u00eengrijirea zilnic\u0103 a din\u021bilor \u0219i gingiilor. Datorit\u0103 presiunii ridicate a apei, este semnificativ mai eficient dec\u00e2t periu\u021bele interdentare obi\u0219nuite \u0219i a\u021ba dentar\u0103. Cur\u0103\u021b\u0103 perfect spa\u021biile interdentare, \u00eendep\u0103rteaz\u0103 placa dentar\u0103 \u0219i maseaz\u0103 gingiile. Cu utilizarea regulat\u0103, reduce semnificativ riscul cariilor dentare \u0219i form\u0103rii de pietre, \u00eembun\u0103t\u0103\u021be\u0219te starea&#8230;<\/p>\n","protected":false},"featured_media":375746,"comment_status":"closed","ping_status":"open","template":"","meta":{"_acf_changed":false,"_kadence_starter_templates_imported_post":false,"_kad_post_transparent":"","_kad_post_title":"","_kad_post_layout":"","_kad_post_sidebar_id":"","_kad_post_content_style":"","_kad_post_vertical_padding":"","_kad_post_feature":"","_kad_post_feature_position":"","_kad_post_header":false,"_kad_post_footer":false,"_kad_post_classname":""},"product_brand":[427],"product_cat":[246,709,865],"product_tag":[],"class_list":{"0":"post-375745","1":"product","2":"type-product","3":"status-publish","4":"has-post-thumbnail","6":"product_brand-concept","7":"product_cat-cosmetice","8":"product_cat-ingrijirea-dentara","9":"product_cat-ingrijirea-interdentala","11":"first","12":"instock","13":"sale","14":"product-type-external","15":"entry","16":"content-bg","17":"loop-entry"},"acf":[],"yoast_head":"<!-- This site is optimized with the Yoast SEO plugin v27.4 - https:\/\/yoast.com\/product\/yoast-seo-wordpress\/ -->\n<title>Concept Dispozitiv pentru igiena interdentar\u0103 ZK4021 - SHOPATOA.COM<\/title>\n<meta name=\"robots\" content=\"index, follow, max-snippet:-1, max-image-preview:large, max-video-preview:-1\" \/>\n<link rel=\"canonical\" href=\"https:\/\/shopatoa.com\/ro\/concept-dispozitiv-pentru-igiena-interdentara-zk4021-2\/\" \/>\n<meta property=\"og:locale\" content=\"ro_RO\" \/>\n<meta property=\"og:type\" content=\"article\" \/>\n<meta property=\"og:title\" content=\"Concept Dispozitiv pentru igiena interdentar\u0103 ZK4021 - SHOPATOA.COM\" \/>\n<meta property=\"og:description\" content=\"Dispozitivul de igien\u0103 interdentar\u0103 ZK4021 v\u0103 va completa perfect \u00eengrijirea zilnic\u0103 a din\u021bilor \u0219i gingiilor. Datorit\u0103 presiunii ridicate a apei, este semnificativ mai eficient dec\u00e2t periu\u021bele interdentare obi\u0219nuite \u0219i a\u021ba dentar\u0103. Cur\u0103\u021b\u0103 perfect spa\u021biile interdentare, \u00eendep\u0103rteaz\u0103 placa dentar\u0103 \u0219i maseaz\u0103 gingiile. Cu utilizarea regulat\u0103, reduce semnificativ riscul cariilor dentare \u0219i form\u0103rii de pietre, \u00eembun\u0103t\u0103\u021be\u0219te starea...\" \/>\n<meta property=\"og:url\" content=\"https:\/\/shopatoa.com\/ro\/concept-dispozitiv-pentru-igiena-interdentara-zk4021-2\/\" \/>\n<meta property=\"og:site_name\" content=\"SHOPATOA\" \/>\n<meta property=\"article:modified_time\" content=\"2025-12-14T05:45:30+00:00\" \/>\n<meta property=\"og:image\" content=\"https:\/\/storage.googleapis.com\/cz-shopatoa-img\/ro\/fb32218a-unnamed-file.webp\" \/>\n\t<meta property=\"og:image:width\" content=\"800\" \/>\n\t<meta property=\"og:image:height\" content=\"800\" \/>\n\t<meta property=\"og:image:type\" content=\"image\/webp\" \/>\n<meta name=\"twitter:card\" content=\"summary_large_image\" \/>\n<meta name=\"twitter:label1\" content=\"Timp estimat pentru citire\" \/>\n\t<meta name=\"twitter:data1\" content=\"1 minut\" \/>\n<script type=\"application\/ld+json\" class=\"yoast-schema-graph\">{\"@context\":\"https:\\\/\\\/schema.org\",\"@graph\":[{\"@type\":\"WebPage\",\"@id\":\"https:\\\/\\\/shopatoa.com\\\/ro\\\/concept-dispozitiv-pentru-igiena-interdentara-zk4021-2\\\/\",\"url\":\"https:\\\/\\\/shopatoa.com\\\/ro\\\/concept-dispozitiv-pentru-igiena-interdentara-zk4021-2\\\/\",\"name\":\"Concept Dispozitiv pentru igiena interdentar\u0103 ZK4021 - SHOPATOA.COM\",\"isPartOf\":{\"@id\":\"https:\\\/\\\/shopatoa.com\\\/ro\\\/#website\"},\"primaryImageOfPage\":{\"@id\":\"https:\\\/\\\/shopatoa.com\\\/ro\\\/concept-dispozitiv-pentru-igiena-interdentara-zk4021-2\\\/#primaryimage\"},\"image\":{\"@id\":\"https:\\\/\\\/shopatoa.com\\\/ro\\\/concept-dispozitiv-pentru-igiena-interdentara-zk4021-2\\\/#primaryimage\"},\"thumbnailUrl\":\"https:\\\/\\\/storage.googleapis.com\\\/cz-shopatoa-img\\\/ro\\\/fb32218a-unnamed-file.webp\",\"datePublished\":\"2025-05-22T05:51:07+00:00\",\"dateModified\":\"2025-12-14T05:45:30+00:00\",\"breadcrumb\":{\"@id\":\"https:\\\/\\\/shopatoa.com\\\/ro\\\/concept-dispozitiv-pentru-igiena-interdentara-zk4021-2\\\/#breadcrumb\"},\"inLanguage\":\"ro-RO\",\"potentialAction\":[{\"@type\":\"ReadAction\",\"target\":[\"https:\\\/\\\/shopatoa.com\\\/ro\\\/concept-dispozitiv-pentru-igiena-interdentara-zk4021-2\\\/\"]}]},{\"@type\":\"ImageObject\",\"inLanguage\":\"ro-RO\",\"@id\":\"https:\\\/\\\/shopatoa.com\\\/ro\\\/concept-dispozitiv-pentru-igiena-interdentara-zk4021-2\\\/#primaryimage\",\"url\":\"https:\\\/\\\/storage.googleapis.com\\\/cz-shopatoa-img\\\/ro\\\/fb32218a-unnamed-file.webp\",\"contentUrl\":\"https:\\\/\\\/storage.googleapis.com\\\/cz-shopatoa-img\\\/ro\\\/fb32218a-unnamed-file.webp\",\"width\":800,\"height\":800},{\"@type\":\"BreadcrumbList\",\"@id\":\"https:\\\/\\\/shopatoa.com\\\/ro\\\/concept-dispozitiv-pentru-igiena-interdentara-zk4021-2\\\/#breadcrumb\",\"itemListElement\":[{\"@type\":\"ListItem\",\"position\":1,\"name\":\"Dom\u016f\",\"item\":\"https:\\\/\\\/shopatoa.com\\\/ro\\\/\"},{\"@type\":\"ListItem\",\"position\":2,\"name\":\"Shop\",\"item\":\"https:\\\/\\\/shopatoa.com\\\/ro\\\/shop\\\/\"},{\"@type\":\"ListItem\",\"position\":3,\"name\":\"Cosmetice\",\"item\":\"https:\\\/\\\/shopatoa.com\\\/ro\\\/cosmetice\\\/\"},{\"@type\":\"ListItem\",\"position\":4,\"name\":\"\u00cengrijirea dentar\u0103\",\"item\":\"https:\\\/\\\/shopatoa.com\\\/ro\\\/ingrijirea-dentara\\\/\"},{\"@type\":\"ListItem\",\"position\":5,\"name\":\"\u00cengrijirea interdental\u0103\",\"item\":\"https:\\\/\\\/shopatoa.com\\\/ro\\\/ingrijirea-interdentala\\\/\"},{\"@type\":\"ListItem\",\"position\":6,\"name\":\"Concept Dispozitiv pentru igiena interdentar\u0103 ZK4021\"}]},{\"@type\":\"WebSite\",\"@id\":\"https:\\\/\\\/shopatoa.com\\\/ro\\\/#website\",\"url\":\"https:\\\/\\\/shopatoa.com\\\/ro\\\/\",\"name\":\"SHOPATOA\",\"description\":\"\",\"publisher\":{\"@id\":\"https:\\\/\\\/shopatoa.com\\\/ro\\\/#organization\"},\"potentialAction\":[{\"@type\":\"SearchAction\",\"target\":{\"@type\":\"EntryPoint\",\"urlTemplate\":\"https:\\\/\\\/shopatoa.com\\\/ro\\\/?s={search_term_string}\"},\"query-input\":{\"@type\":\"PropertyValueSpecification\",\"valueRequired\":true,\"valueName\":\"search_term_string\"}}],\"inLanguage\":\"ro-RO\"},{\"@type\":\"Organization\",\"@id\":\"https:\\\/\\\/shopatoa.com\\\/ro\\\/#organization\",\"name\":\"SHOPATOA\",\"url\":\"https:\\\/\\\/shopatoa.com\\\/ro\\\/\",\"logo\":{\"@type\":\"ImageObject\",\"inLanguage\":\"ro-RO\",\"@id\":\"https:\\\/\\\/shopatoa.com\\\/ro\\\/#\\\/schema\\\/logo\\\/image\\\/\",\"url\":\"https:\\\/\\\/storage.googleapis.com\\\/cz-shopatoa-img\\\/ro\\\/b4dac915-shopatoa_logo.png\",\"contentUrl\":\"https:\\\/\\\/storage.googleapis.com\\\/cz-shopatoa-img\\\/ro\\\/b4dac915-shopatoa_logo.png\",\"width\":416,\"height\":63,\"caption\":\"SHOPATOA\"},\"image\":{\"@id\":\"https:\\\/\\\/shopatoa.com\\\/ro\\\/#\\\/schema\\\/logo\\\/image\\\/\"}}]}<\/script>\n<!-- \/ Yoast SEO plugin. -->","yoast_head_json":{"title":"Concept Dispozitiv pentru igiena interdentar\u0103 ZK4021 - SHOPATOA.COM","robots":{"index":"index","follow":"follow","max-snippet":"max-snippet:-1","max-image-preview":"max-image-preview:large","max-video-preview":"max-video-preview:-1"},"canonical":"https:\/\/shopatoa.com\/ro\/concept-dispozitiv-pentru-igiena-interdentara-zk4021-2\/","og_locale":"ro_RO","og_type":"article","og_title":"Concept Dispozitiv pentru igiena interdentar\u0103 ZK4021 - SHOPATOA.COM","og_description":"Dispozitivul de igien\u0103 interdentar\u0103 ZK4021 v\u0103 va completa perfect \u00eengrijirea zilnic\u0103 a din\u021bilor \u0219i gingiilor. Datorit\u0103 presiunii ridicate a apei, este semnificativ mai eficient dec\u00e2t periu\u021bele interdentare obi\u0219nuite \u0219i a\u021ba dentar\u0103. Cur\u0103\u021b\u0103 perfect spa\u021biile interdentare, \u00eendep\u0103rteaz\u0103 placa dentar\u0103 \u0219i maseaz\u0103 gingiile. Cu utilizarea regulat\u0103, reduce semnificativ riscul cariilor dentare \u0219i form\u0103rii de pietre, \u00eembun\u0103t\u0103\u021be\u0219te starea...","og_url":"https:\/\/shopatoa.com\/ro\/concept-dispozitiv-pentru-igiena-interdentara-zk4021-2\/","og_site_name":"SHOPATOA","article_modified_time":"2025-12-14T05:45:30+00:00","og_image":[{"width":800,"height":800,"url":"https:\/\/storage.googleapis.com\/cz-shopatoa-img\/ro\/fb32218a-unnamed-file.webp","type":"image\/webp"}],"twitter_card":"summary_large_image","twitter_misc":{"Timp estimat pentru citire":"1 minut"},"schema":{"@context":"https:\/\/schema.org","@graph":[{"@type":"WebPage","@id":"https:\/\/shopatoa.com\/ro\/concept-dispozitiv-pentru-igiena-interdentara-zk4021-2\/","url":"https:\/\/shopatoa.com\/ro\/concept-dispozitiv-pentru-igiena-interdentara-zk4021-2\/","name":"Concept Dispozitiv pentru igiena interdentar\u0103 ZK4021 - SHOPATOA.COM","isPartOf":{"@id":"https:\/\/shopatoa.com\/ro\/#website"},"primaryImageOfPage":{"@id":"https:\/\/shopatoa.com\/ro\/concept-dispozitiv-pentru-igiena-interdentara-zk4021-2\/#primaryimage"},"image":{"@id":"https:\/\/shopatoa.com\/ro\/concept-dispozitiv-pentru-igiena-interdentara-zk4021-2\/#primaryimage"},"thumbnailUrl":"https:\/\/storage.googleapis.com\/cz-shopatoa-img\/ro\/fb32218a-unnamed-file.webp","datePublished":"2025-05-22T05:51:07+00:00","dateModified":"2025-12-14T05:45:30+00:00","breadcrumb":{"@id":"https:\/\/shopatoa.com\/ro\/concept-dispozitiv-pentru-igiena-interdentara-zk4021-2\/#breadcrumb"},"inLanguage":"ro-RO","potentialAction":[{"@type":"ReadAction","target":["https:\/\/shopatoa.com\/ro\/concept-dispozitiv-pentru-igiena-interdentara-zk4021-2\/"]}]},{"@type":"ImageObject","inLanguage":"ro-RO","@id":"https:\/\/shopatoa.com\/ro\/concept-dispozitiv-pentru-igiena-interdentara-zk4021-2\/#primaryimage","url":"https:\/\/storage.googleapis.com\/cz-shopatoa-img\/ro\/fb32218a-unnamed-file.webp","contentUrl":"https:\/\/storage.googleapis.com\/cz-shopatoa-img\/ro\/fb32218a-unnamed-file.webp","width":800,"height":800},{"@type":"BreadcrumbList","@id":"https:\/\/shopatoa.com\/ro\/concept-dispozitiv-pentru-igiena-interdentara-zk4021-2\/#breadcrumb","itemListElement":[{"@type":"ListItem","position":1,"name":"Dom\u016f","item":"https:\/\/shopatoa.com\/ro\/"},{"@type":"ListItem","position":2,"name":"Shop","item":"https:\/\/shopatoa.com\/ro\/shop\/"},{"@type":"ListItem","position":3,"name":"Cosmetice","item":"https:\/\/shopatoa.com\/ro\/cosmetice\/"},{"@type":"ListItem","position":4,"name":"\u00cengrijirea dentar\u0103","item":"https:\/\/shopatoa.com\/ro\/ingrijirea-dentara\/"},{"@type":"ListItem","position":5,"name":"\u00cengrijirea interdental\u0103","item":"https:\/\/shopatoa.com\/ro\/ingrijirea-interdentala\/"},{"@type":"ListItem","position":6,"name":"Concept Dispozitiv pentru igiena interdentar\u0103 ZK4021"}]},{"@type":"WebSite","@id":"https:\/\/shopatoa.com\/ro\/#website","url":"https:\/\/shopatoa.com\/ro\/","name":"SHOPATOA","description":"","publisher":{"@id":"https:\/\/shopatoa.com\/ro\/#organization"},"potentialAction":[{"@type":"SearchAction","target":{"@type":"EntryPoint","urlTemplate":"https:\/\/shopatoa.com\/ro\/?s={search_term_string}"},"query-input":{"@type":"PropertyValueSpecification","valueRequired":true,"valueName":"search_term_string"}}],"inLanguage":"ro-RO"},{"@type":"Organization","@id":"https:\/\/shopatoa.com\/ro\/#organization","name":"SHOPATOA","url":"https:\/\/shopatoa.com\/ro\/","logo":{"@type":"ImageObject","inLanguage":"ro-RO","@id":"https:\/\/shopatoa.com\/ro\/#\/schema\/logo\/image\/","url":"https:\/\/storage.googleapis.com\/cz-shopatoa-img\/ro\/b4dac915-shopatoa_logo.png","contentUrl":"https:\/\/storage.googleapis.com\/cz-shopatoa-img\/ro\/b4dac915-shopatoa_logo.png","width":416,"height":63,"caption":"SHOPATOA"},"image":{"@id":"https:\/\/shopatoa.com\/ro\/#\/schema\/logo\/image\/"}}]}},"_links":{"self":[{"href":"https:\/\/shopatoa.com\/ro\/wp-json\/wp\/v2\/product\/375745","targetHints":{"allow":["GET"]}}],"collection":[{"href":"https:\/\/shopatoa.com\/ro\/wp-json\/wp\/v2\/product"}],"about":[{"href":"https:\/\/shopatoa.com\/ro\/wp-json\/wp\/v2\/types\/product"}],"replies":[{"embeddable":true,"href":"https:\/\/shopatoa.com\/ro\/wp-json\/wp\/v2\/comments?post=375745"}],"wp:featuredmedia":[{"embeddable":true,"href":"https:\/\/shopatoa.com\/ro\/wp-json\/wp\/v2\/media\/375746"}],"wp:attachment":[{"href":"https:\/\/shopatoa.com\/ro\/wp-json\/wp\/v2\/media?parent=375745"}],"wp:term":[{"taxonomy":"product_brand","embeddable":true,"href":"https:\/\/shopatoa.com\/ro\/wp-json\/wp\/v2\/product_brand?post=375745"},{"taxonomy":"product_cat","embeddable":true,"href":"https:\/\/shopatoa.com\/ro\/wp-json\/wp\/v2\/product_cat?post=375745"},{"taxonomy":"product_tag","embeddable":true,"href":"https:\/\/shopatoa.com\/ro\/wp-json\/wp\/v2\/product_tag?post=375745"}],"curies":[{"name":"wp","href":"https:\/\/api.w.org\/{rel}","templated":true}]}}