{"id":376093,"date":"2025-05-22T08:08:31","date_gmt":"2025-05-22T06:08:31","guid":{"rendered":"https:\/\/shopatoa.com\/ro\/staleks-smirghel-de-rezerva-expert-20-rigiditate-100-white-disposable-papmam-files-30-buc-2\/"},"modified":"2025-12-14T03:55:56","modified_gmt":"2025-12-14T02:55:56","slug":"staleks-smirghel-de-rezerva-expert-20-rigiditate-100-white-disposable-papmam-files-30-buc-2","status":"publish","type":"product","link":"https:\/\/shopatoa.com\/ro\/staleks-smirghel-de-rezerva-expert-20-rigiditate-100-white-disposable-papmam-files-30-buc-2\/","title":{"rendered":"STALEKS \u0218mirghel de rezerv\u0103 Expert 20 rigiditate 100 (White Disposable PapmAm Files) 30 buc"},"content":{"rendered":"<p>Pilele adezive de unic\u0103 folosin\u021b\u0103 Expert White sunt alegerea ideal\u0103 pentru tratamentul profesional al unghiilor artificiale \u00een timpul manichiurii \u0219i pedichiurii. Datorit\u0103 stratului lor adeziv puternic, ele ader\u0103 cu u\u0219urin\u021b\u0103 la un m\u00e2ner drept \u0219i ofer\u0103 performan\u021be de lung\u0103 durat\u0103. Suprafa\u021ba abraziv\u0103 alb\u0103 de \u00eenalt\u0103 calitate \u00ee\u0219i p\u0103streaz\u0103 propriet\u0103\u021bile pe toat\u0103 durata utiliz\u0103rii, iar un tratament special al suprafe\u021bei previne \u00eenfundarea pilei cu praf organic. Culoarea alb\u0103 a pilei confer\u0103 un aspect estetic la lucru.<\/p>\n","protected":false},"excerpt":{"rendered":"<p>Pilele adezive de unic\u0103 folosin\u021b\u0103 Expert White sunt alegerea ideal\u0103 pentru tratamentul profesional al unghiilor artificiale \u00een timpul manichiurii \u0219i pedichiurii. Datorit\u0103 stratului lor adeziv puternic, ele ader\u0103 cu u\u0219urin\u021b\u0103 la un m\u00e2ner drept \u0219i ofer\u0103 performan\u021be de lung\u0103 durat\u0103. Suprafa\u021ba abraziv\u0103 alb\u0103 de \u00eenalt\u0103 calitate \u00ee\u0219i p\u0103streaz\u0103 propriet\u0103\u021bile pe toat\u0103 durata utiliz\u0103rii, iar un&#8230;<\/p>\n","protected":false},"featured_media":376094,"comment_status":"closed","ping_status":"open","template":"","meta":{"_acf_changed":false,"_kadence_starter_templates_imported_post":false,"_kad_post_transparent":"","_kad_post_title":"","_kad_post_layout":"","_kad_post_sidebar_id":"","_kad_post_content_style":"","_kad_post_vertical_padding":"","_kad_post_feature":"","_kad_post_feature_position":"","_kad_post_header":false,"_kad_post_footer":false,"_kad_post_classname":""},"product_brand":[529],"product_cat":[246,697,862,611],"product_tag":[],"class_list":{"0":"post-376093","1":"product","2":"type-product","3":"status-publish","4":"has-post-thumbnail","6":"product_brand-staleks","7":"product_cat-cosmetice","8":"product_cat-manichiura-si-pedichiura","9":"product_cat-pedichiura","10":"product_cat-produse-cosmetice-pentru-corp","12":"first","13":"instock","14":"sale","15":"product-type-external","16":"entry","17":"content-bg","18":"loop-entry"},"acf":[],"yoast_head":"<!-- This site is optimized with the Yoast SEO plugin v27.4 - https:\/\/yoast.com\/product\/yoast-seo-wordpress\/ -->\n<title>STALEKS \u0218mirghel de rezerv\u0103 Expert 20 rigiditate 100 (White Disposable PapmAm Files) 30 buc - SHOPATOA.COM<\/title>\n<meta name=\"robots\" content=\"index, follow, max-snippet:-1, max-image-preview:large, max-video-preview:-1\" \/>\n<link rel=\"canonical\" href=\"https:\/\/shopatoa.com\/ro\/staleks-smirghel-de-rezerva-expert-20-rigiditate-100-white-disposable-papmam-files-30-buc-2\/\" \/>\n<meta property=\"og:locale\" content=\"ro_RO\" \/>\n<meta property=\"og:type\" content=\"article\" \/>\n<meta property=\"og:title\" content=\"STALEKS \u0218mirghel de rezerv\u0103 Expert 20 rigiditate 100 (White Disposable PapmAm Files) 30 buc - SHOPATOA.COM\" \/>\n<meta property=\"og:description\" content=\"Pilele adezive de unic\u0103 folosin\u021b\u0103 Expert White sunt alegerea ideal\u0103 pentru tratamentul profesional al unghiilor artificiale \u00een timpul manichiurii \u0219i pedichiurii. Datorit\u0103 stratului lor adeziv puternic, ele ader\u0103 cu u\u0219urin\u021b\u0103 la un m\u00e2ner drept \u0219i ofer\u0103 performan\u021be de lung\u0103 durat\u0103. Suprafa\u021ba abraziv\u0103 alb\u0103 de \u00eenalt\u0103 calitate \u00ee\u0219i p\u0103streaz\u0103 propriet\u0103\u021bile pe toat\u0103 durata utiliz\u0103rii, iar un...\" \/>\n<meta property=\"og:url\" content=\"https:\/\/shopatoa.com\/ro\/staleks-smirghel-de-rezerva-expert-20-rigiditate-100-white-disposable-papmam-files-30-buc-2\/\" \/>\n<meta property=\"og:site_name\" content=\"SHOPATOA\" \/>\n<meta property=\"article:modified_time\" content=\"2025-12-14T02:55:56+00:00\" \/>\n<meta property=\"og:image\" content=\"https:\/\/storage.googleapis.com\/cz-shopatoa-img\/ro\/08f59706-unnamed-file.webp\" \/>\n\t<meta property=\"og:image:width\" content=\"800\" \/>\n\t<meta property=\"og:image:height\" content=\"800\" \/>\n\t<meta property=\"og:image:type\" content=\"image\/webp\" \/>\n<meta name=\"twitter:card\" content=\"summary_large_image\" \/>\n<script type=\"application\/ld+json\" class=\"yoast-schema-graph\">{\"@context\":\"https:\\\/\\\/schema.org\",\"@graph\":[{\"@type\":\"WebPage\",\"@id\":\"https:\\\/\\\/shopatoa.com\\\/ro\\\/staleks-smirghel-de-rezerva-expert-20-rigiditate-100-white-disposable-papmam-files-30-buc-2\\\/\",\"url\":\"https:\\\/\\\/shopatoa.com\\\/ro\\\/staleks-smirghel-de-rezerva-expert-20-rigiditate-100-white-disposable-papmam-files-30-buc-2\\\/\",\"name\":\"STALEKS \u0218mirghel de rezerv\u0103 Expert 20 rigiditate 100 (White Disposable PapmAm Files) 30 buc - SHOPATOA.COM\",\"isPartOf\":{\"@id\":\"https:\\\/\\\/shopatoa.com\\\/ro\\\/#website\"},\"primaryImageOfPage\":{\"@id\":\"https:\\\/\\\/shopatoa.com\\\/ro\\\/staleks-smirghel-de-rezerva-expert-20-rigiditate-100-white-disposable-papmam-files-30-buc-2\\\/#primaryimage\"},\"image\":{\"@id\":\"https:\\\/\\\/shopatoa.com\\\/ro\\\/staleks-smirghel-de-rezerva-expert-20-rigiditate-100-white-disposable-papmam-files-30-buc-2\\\/#primaryimage\"},\"thumbnailUrl\":\"https:\\\/\\\/storage.googleapis.com\\\/cz-shopatoa-img\\\/ro\\\/08f59706-unnamed-file.webp\",\"datePublished\":\"2025-05-22T06:08:31+00:00\",\"dateModified\":\"2025-12-14T02:55:56+00:00\",\"breadcrumb\":{\"@id\":\"https:\\\/\\\/shopatoa.com\\\/ro\\\/staleks-smirghel-de-rezerva-expert-20-rigiditate-100-white-disposable-papmam-files-30-buc-2\\\/#breadcrumb\"},\"inLanguage\":\"ro-RO\",\"potentialAction\":[{\"@type\":\"ReadAction\",\"target\":[\"https:\\\/\\\/shopatoa.com\\\/ro\\\/staleks-smirghel-de-rezerva-expert-20-rigiditate-100-white-disposable-papmam-files-30-buc-2\\\/\"]}]},{\"@type\":\"ImageObject\",\"inLanguage\":\"ro-RO\",\"@id\":\"https:\\\/\\\/shopatoa.com\\\/ro\\\/staleks-smirghel-de-rezerva-expert-20-rigiditate-100-white-disposable-papmam-files-30-buc-2\\\/#primaryimage\",\"url\":\"https:\\\/\\\/storage.googleapis.com\\\/cz-shopatoa-img\\\/ro\\\/08f59706-unnamed-file.webp\",\"contentUrl\":\"https:\\\/\\\/storage.googleapis.com\\\/cz-shopatoa-img\\\/ro\\\/08f59706-unnamed-file.webp\",\"width\":800,\"height\":800},{\"@type\":\"BreadcrumbList\",\"@id\":\"https:\\\/\\\/shopatoa.com\\\/ro\\\/staleks-smirghel-de-rezerva-expert-20-rigiditate-100-white-disposable-papmam-files-30-buc-2\\\/#breadcrumb\",\"itemListElement\":[{\"@type\":\"ListItem\",\"position\":1,\"name\":\"Dom\u016f\",\"item\":\"https:\\\/\\\/shopatoa.com\\\/ro\\\/\"},{\"@type\":\"ListItem\",\"position\":2,\"name\":\"Shop\",\"item\":\"https:\\\/\\\/shopatoa.com\\\/ro\\\/shop\\\/\"},{\"@type\":\"ListItem\",\"position\":3,\"name\":\"Cosmetice\",\"item\":\"https:\\\/\\\/shopatoa.com\\\/ro\\\/cosmetice\\\/\"},{\"@type\":\"ListItem\",\"position\":4,\"name\":\"Produse cosmetice pentru corp\",\"item\":\"https:\\\/\\\/shopatoa.com\\\/ro\\\/produse-cosmetice-pentru-corp\\\/\"},{\"@type\":\"ListItem\",\"position\":5,\"name\":\"Manichiura si pedichiura\",\"item\":\"https:\\\/\\\/shopatoa.com\\\/ro\\\/manichiura-si-pedichiura\\\/\"},{\"@type\":\"ListItem\",\"position\":6,\"name\":\"Pedichiur\u0103\",\"item\":\"https:\\\/\\\/shopatoa.com\\\/ro\\\/pedichiura\\\/\"},{\"@type\":\"ListItem\",\"position\":7,\"name\":\"STALEKS \u0218mirghel de rezerv\u0103 Expert 20 rigiditate 100 (White Disposable PapmAm Files) 30 buc\"}]},{\"@type\":\"WebSite\",\"@id\":\"https:\\\/\\\/shopatoa.com\\\/ro\\\/#website\",\"url\":\"https:\\\/\\\/shopatoa.com\\\/ro\\\/\",\"name\":\"SHOPATOA\",\"description\":\"\",\"publisher\":{\"@id\":\"https:\\\/\\\/shopatoa.com\\\/ro\\\/#organization\"},\"potentialAction\":[{\"@type\":\"SearchAction\",\"target\":{\"@type\":\"EntryPoint\",\"urlTemplate\":\"https:\\\/\\\/shopatoa.com\\\/ro\\\/?s={search_term_string}\"},\"query-input\":{\"@type\":\"PropertyValueSpecification\",\"valueRequired\":true,\"valueName\":\"search_term_string\"}}],\"inLanguage\":\"ro-RO\"},{\"@type\":\"Organization\",\"@id\":\"https:\\\/\\\/shopatoa.com\\\/ro\\\/#organization\",\"name\":\"SHOPATOA\",\"url\":\"https:\\\/\\\/shopatoa.com\\\/ro\\\/\",\"logo\":{\"@type\":\"ImageObject\",\"inLanguage\":\"ro-RO\",\"@id\":\"https:\\\/\\\/shopatoa.com\\\/ro\\\/#\\\/schema\\\/logo\\\/image\\\/\",\"url\":\"https:\\\/\\\/storage.googleapis.com\\\/cz-shopatoa-img\\\/ro\\\/b4dac915-shopatoa_logo.png\",\"contentUrl\":\"https:\\\/\\\/storage.googleapis.com\\\/cz-shopatoa-img\\\/ro\\\/b4dac915-shopatoa_logo.png\",\"width\":416,\"height\":63,\"caption\":\"SHOPATOA\"},\"image\":{\"@id\":\"https:\\\/\\\/shopatoa.com\\\/ro\\\/#\\\/schema\\\/logo\\\/image\\\/\"}}]}<\/script>\n<!-- \/ Yoast SEO plugin. -->","yoast_head_json":{"title":"STALEKS \u0218mirghel de rezerv\u0103 Expert 20 rigiditate 100 (White Disposable PapmAm Files) 30 buc - SHOPATOA.COM","robots":{"index":"index","follow":"follow","max-snippet":"max-snippet:-1","max-image-preview":"max-image-preview:large","max-video-preview":"max-video-preview:-1"},"canonical":"https:\/\/shopatoa.com\/ro\/staleks-smirghel-de-rezerva-expert-20-rigiditate-100-white-disposable-papmam-files-30-buc-2\/","og_locale":"ro_RO","og_type":"article","og_title":"STALEKS \u0218mirghel de rezerv\u0103 Expert 20 rigiditate 100 (White Disposable PapmAm Files) 30 buc - SHOPATOA.COM","og_description":"Pilele adezive de unic\u0103 folosin\u021b\u0103 Expert White sunt alegerea ideal\u0103 pentru tratamentul profesional al unghiilor artificiale \u00een timpul manichiurii \u0219i pedichiurii. Datorit\u0103 stratului lor adeziv puternic, ele ader\u0103 cu u\u0219urin\u021b\u0103 la un m\u00e2ner drept \u0219i ofer\u0103 performan\u021be de lung\u0103 durat\u0103. Suprafa\u021ba abraziv\u0103 alb\u0103 de \u00eenalt\u0103 calitate \u00ee\u0219i p\u0103streaz\u0103 propriet\u0103\u021bile pe toat\u0103 durata utiliz\u0103rii, iar un...","og_url":"https:\/\/shopatoa.com\/ro\/staleks-smirghel-de-rezerva-expert-20-rigiditate-100-white-disposable-papmam-files-30-buc-2\/","og_site_name":"SHOPATOA","article_modified_time":"2025-12-14T02:55:56+00:00","og_image":[{"width":800,"height":800,"url":"https:\/\/storage.googleapis.com\/cz-shopatoa-img\/ro\/08f59706-unnamed-file.webp","type":"image\/webp"}],"twitter_card":"summary_large_image","schema":{"@context":"https:\/\/schema.org","@graph":[{"@type":"WebPage","@id":"https:\/\/shopatoa.com\/ro\/staleks-smirghel-de-rezerva-expert-20-rigiditate-100-white-disposable-papmam-files-30-buc-2\/","url":"https:\/\/shopatoa.com\/ro\/staleks-smirghel-de-rezerva-expert-20-rigiditate-100-white-disposable-papmam-files-30-buc-2\/","name":"STALEKS \u0218mirghel de rezerv\u0103 Expert 20 rigiditate 100 (White Disposable PapmAm Files) 30 buc - SHOPATOA.COM","isPartOf":{"@id":"https:\/\/shopatoa.com\/ro\/#website"},"primaryImageOfPage":{"@id":"https:\/\/shopatoa.com\/ro\/staleks-smirghel-de-rezerva-expert-20-rigiditate-100-white-disposable-papmam-files-30-buc-2\/#primaryimage"},"image":{"@id":"https:\/\/shopatoa.com\/ro\/staleks-smirghel-de-rezerva-expert-20-rigiditate-100-white-disposable-papmam-files-30-buc-2\/#primaryimage"},"thumbnailUrl":"https:\/\/storage.googleapis.com\/cz-shopatoa-img\/ro\/08f59706-unnamed-file.webp","datePublished":"2025-05-22T06:08:31+00:00","dateModified":"2025-12-14T02:55:56+00:00","breadcrumb":{"@id":"https:\/\/shopatoa.com\/ro\/staleks-smirghel-de-rezerva-expert-20-rigiditate-100-white-disposable-papmam-files-30-buc-2\/#breadcrumb"},"inLanguage":"ro-RO","potentialAction":[{"@type":"ReadAction","target":["https:\/\/shopatoa.com\/ro\/staleks-smirghel-de-rezerva-expert-20-rigiditate-100-white-disposable-papmam-files-30-buc-2\/"]}]},{"@type":"ImageObject","inLanguage":"ro-RO","@id":"https:\/\/shopatoa.com\/ro\/staleks-smirghel-de-rezerva-expert-20-rigiditate-100-white-disposable-papmam-files-30-buc-2\/#primaryimage","url":"https:\/\/storage.googleapis.com\/cz-shopatoa-img\/ro\/08f59706-unnamed-file.webp","contentUrl":"https:\/\/storage.googleapis.com\/cz-shopatoa-img\/ro\/08f59706-unnamed-file.webp","width":800,"height":800},{"@type":"BreadcrumbList","@id":"https:\/\/shopatoa.com\/ro\/staleks-smirghel-de-rezerva-expert-20-rigiditate-100-white-disposable-papmam-files-30-buc-2\/#breadcrumb","itemListElement":[{"@type":"ListItem","position":1,"name":"Dom\u016f","item":"https:\/\/shopatoa.com\/ro\/"},{"@type":"ListItem","position":2,"name":"Shop","item":"https:\/\/shopatoa.com\/ro\/shop\/"},{"@type":"ListItem","position":3,"name":"Cosmetice","item":"https:\/\/shopatoa.com\/ro\/cosmetice\/"},{"@type":"ListItem","position":4,"name":"Produse cosmetice pentru corp","item":"https:\/\/shopatoa.com\/ro\/produse-cosmetice-pentru-corp\/"},{"@type":"ListItem","position":5,"name":"Manichiura si pedichiura","item":"https:\/\/shopatoa.com\/ro\/manichiura-si-pedichiura\/"},{"@type":"ListItem","position":6,"name":"Pedichiur\u0103","item":"https:\/\/shopatoa.com\/ro\/pedichiura\/"},{"@type":"ListItem","position":7,"name":"STALEKS \u0218mirghel de rezerv\u0103 Expert 20 rigiditate 100 (White Disposable PapmAm Files) 30 buc"}]},{"@type":"WebSite","@id":"https:\/\/shopatoa.com\/ro\/#website","url":"https:\/\/shopatoa.com\/ro\/","name":"SHOPATOA","description":"","publisher":{"@id":"https:\/\/shopatoa.com\/ro\/#organization"},"potentialAction":[{"@type":"SearchAction","target":{"@type":"EntryPoint","urlTemplate":"https:\/\/shopatoa.com\/ro\/?s={search_term_string}"},"query-input":{"@type":"PropertyValueSpecification","valueRequired":true,"valueName":"search_term_string"}}],"inLanguage":"ro-RO"},{"@type":"Organization","@id":"https:\/\/shopatoa.com\/ro\/#organization","name":"SHOPATOA","url":"https:\/\/shopatoa.com\/ro\/","logo":{"@type":"ImageObject","inLanguage":"ro-RO","@id":"https:\/\/shopatoa.com\/ro\/#\/schema\/logo\/image\/","url":"https:\/\/storage.googleapis.com\/cz-shopatoa-img\/ro\/b4dac915-shopatoa_logo.png","contentUrl":"https:\/\/storage.googleapis.com\/cz-shopatoa-img\/ro\/b4dac915-shopatoa_logo.png","width":416,"height":63,"caption":"SHOPATOA"},"image":{"@id":"https:\/\/shopatoa.com\/ro\/#\/schema\/logo\/image\/"}}]}},"_links":{"self":[{"href":"https:\/\/shopatoa.com\/ro\/wp-json\/wp\/v2\/product\/376093","targetHints":{"allow":["GET"]}}],"collection":[{"href":"https:\/\/shopatoa.com\/ro\/wp-json\/wp\/v2\/product"}],"about":[{"href":"https:\/\/shopatoa.com\/ro\/wp-json\/wp\/v2\/types\/product"}],"replies":[{"embeddable":true,"href":"https:\/\/shopatoa.com\/ro\/wp-json\/wp\/v2\/comments?post=376093"}],"wp:featuredmedia":[{"embeddable":true,"href":"https:\/\/shopatoa.com\/ro\/wp-json\/wp\/v2\/media\/376094"}],"wp:attachment":[{"href":"https:\/\/shopatoa.com\/ro\/wp-json\/wp\/v2\/media?parent=376093"}],"wp:term":[{"taxonomy":"product_brand","embeddable":true,"href":"https:\/\/shopatoa.com\/ro\/wp-json\/wp\/v2\/product_brand?post=376093"},{"taxonomy":"product_cat","embeddable":true,"href":"https:\/\/shopatoa.com\/ro\/wp-json\/wp\/v2\/product_cat?post=376093"},{"taxonomy":"product_tag","embeddable":true,"href":"https:\/\/shopatoa.com\/ro\/wp-json\/wp\/v2\/product_tag?post=376093"}],"curies":[{"name":"wp","href":"https:\/\/api.w.org\/{rel}","templated":true}]}}