{"id":376114,"date":"2025-05-22T08:10:07","date_gmt":"2025-05-22T06:10:07","guid":{"rendered":"https:\/\/shopatoa.com\/ro\/staleks-smirghel-de-rezerva-cu-spuma-smart-30-rigiditatea-240-disposable-files-papmam-30-buc-2\/"},"modified":"2025-12-14T03:45:16","modified_gmt":"2025-12-14T02:45:16","slug":"staleks-smirghel-de-rezerva-cu-spuma-smart-30-rigiditatea-240-disposable-files-papmam-30-buc-2","status":"publish","type":"product","link":"https:\/\/shopatoa.com\/ro\/staleks-smirghel-de-rezerva-cu-spuma-smart-30-rigiditatea-240-disposable-files-papmam-30-buc-2\/","title":{"rendered":"STALEKS \u0218mirghel de rezerv\u0103 cu spum\u0103 Smart 30 rigiditatea 240 (Disposable Files PapmAm) 30 buc"},"content":{"rendered":"<p>Accesorii abrazive de unic\u0103 folosin\u021b\u0103 cu un strat de spum\u0103 moale care sunt ata\u0219ate la fi\u0219ierul de baz\u0103. Datorit\u0103 construc\u021biei drepte \u0219i stratului sub\u021bire de spum\u0103, presiunea pe placa unghiei este redus\u0103, ceea ce asigur\u0103 o pilire confortabil\u0103 \u0219i eficient\u0103. Ata\u0219amentele PapmAm Soft se potrivesc perfect pe pil\u0103, iar marginile moi sigure din h\u00e2rtie kraft ecologic\u0103 elimin\u0103 riscul de r\u0103nire a clientului \u00een timpul utiliz\u0103rii.<\/p>\n","protected":false},"excerpt":{"rendered":"<p>Accesorii abrazive de unic\u0103 folosin\u021b\u0103 cu un strat de spum\u0103 moale care sunt ata\u0219ate la fi\u0219ierul de baz\u0103. Datorit\u0103 construc\u021biei drepte \u0219i stratului sub\u021bire de spum\u0103, presiunea pe placa unghiei este redus\u0103, ceea ce asigur\u0103 o pilire confortabil\u0103 \u0219i eficient\u0103. Ata\u0219amentele PapmAm Soft se potrivesc perfect pe pil\u0103, iar marginile moi sigure din h\u00e2rtie kraft&#8230;<\/p>\n","protected":false},"featured_media":376116,"comment_status":"closed","ping_status":"open","template":"","meta":{"_acf_changed":false,"_kadence_starter_templates_imported_post":false,"_kad_post_transparent":"","_kad_post_title":"","_kad_post_layout":"","_kad_post_sidebar_id":"","_kad_post_content_style":"","_kad_post_vertical_padding":"","_kad_post_feature":"","_kad_post_feature_position":"","_kad_post_header":false,"_kad_post_footer":false,"_kad_post_classname":""},"product_brand":[529],"product_cat":[246,697,862,611],"product_tag":[],"class_list":{"0":"post-376114","1":"product","2":"type-product","3":"status-publish","4":"has-post-thumbnail","6":"product_brand-staleks","7":"product_cat-cosmetice","8":"product_cat-manichiura-si-pedichiura","9":"product_cat-pedichiura","10":"product_cat-produse-cosmetice-pentru-corp","12":"first","13":"instock","14":"sale","15":"product-type-external","16":"entry","17":"content-bg","18":"loop-entry"},"acf":[],"yoast_head":"<!-- This site is optimized with the Yoast SEO plugin v27.4 - https:\/\/yoast.com\/product\/yoast-seo-wordpress\/ -->\n<title>STALEKS \u0218mirghel de rezerv\u0103 cu spum\u0103 Smart 30 rigiditatea 240 (Disposable Files PapmAm) 30 buc - SHOPATOA.COM<\/title>\n<meta name=\"robots\" content=\"index, follow, max-snippet:-1, max-image-preview:large, max-video-preview:-1\" \/>\n<link rel=\"canonical\" href=\"https:\/\/shopatoa.com\/ro\/staleks-smirghel-de-rezerva-cu-spuma-smart-30-rigiditatea-240-disposable-files-papmam-30-buc-2\/\" \/>\n<meta property=\"og:locale\" content=\"ro_RO\" \/>\n<meta property=\"og:type\" content=\"article\" \/>\n<meta property=\"og:title\" content=\"STALEKS \u0218mirghel de rezerv\u0103 cu spum\u0103 Smart 30 rigiditatea 240 (Disposable Files PapmAm) 30 buc - SHOPATOA.COM\" \/>\n<meta property=\"og:description\" content=\"Accesorii abrazive de unic\u0103 folosin\u021b\u0103 cu un strat de spum\u0103 moale care sunt ata\u0219ate la fi\u0219ierul de baz\u0103. Datorit\u0103 construc\u021biei drepte \u0219i stratului sub\u021bire de spum\u0103, presiunea pe placa unghiei este redus\u0103, ceea ce asigur\u0103 o pilire confortabil\u0103 \u0219i eficient\u0103. Ata\u0219amentele PapmAm Soft se potrivesc perfect pe pil\u0103, iar marginile moi sigure din h\u00e2rtie kraft...\" \/>\n<meta property=\"og:url\" content=\"https:\/\/shopatoa.com\/ro\/staleks-smirghel-de-rezerva-cu-spuma-smart-30-rigiditatea-240-disposable-files-papmam-30-buc-2\/\" \/>\n<meta property=\"og:site_name\" content=\"SHOPATOA\" \/>\n<meta property=\"article:modified_time\" content=\"2025-12-14T02:45:16+00:00\" \/>\n<meta property=\"og:image\" content=\"https:\/\/storage.googleapis.com\/cz-shopatoa-img\/ro\/9a8c637c-.webp\" \/>\n\t<meta property=\"og:image:width\" content=\"800\" \/>\n\t<meta property=\"og:image:height\" content=\"800\" \/>\n\t<meta property=\"og:image:type\" content=\"image\/webp\" \/>\n<meta name=\"twitter:card\" content=\"summary_large_image\" \/>\n<script type=\"application\/ld+json\" class=\"yoast-schema-graph\">{\"@context\":\"https:\\\/\\\/schema.org\",\"@graph\":[{\"@type\":\"WebPage\",\"@id\":\"https:\\\/\\\/shopatoa.com\\\/ro\\\/staleks-smirghel-de-rezerva-cu-spuma-smart-30-rigiditatea-240-disposable-files-papmam-30-buc-2\\\/\",\"url\":\"https:\\\/\\\/shopatoa.com\\\/ro\\\/staleks-smirghel-de-rezerva-cu-spuma-smart-30-rigiditatea-240-disposable-files-papmam-30-buc-2\\\/\",\"name\":\"STALEKS \u0218mirghel de rezerv\u0103 cu spum\u0103 Smart 30 rigiditatea 240 (Disposable Files PapmAm) 30 buc - SHOPATOA.COM\",\"isPartOf\":{\"@id\":\"https:\\\/\\\/shopatoa.com\\\/ro\\\/#website\"},\"primaryImageOfPage\":{\"@id\":\"https:\\\/\\\/shopatoa.com\\\/ro\\\/staleks-smirghel-de-rezerva-cu-spuma-smart-30-rigiditatea-240-disposable-files-papmam-30-buc-2\\\/#primaryimage\"},\"image\":{\"@id\":\"https:\\\/\\\/shopatoa.com\\\/ro\\\/staleks-smirghel-de-rezerva-cu-spuma-smart-30-rigiditatea-240-disposable-files-papmam-30-buc-2\\\/#primaryimage\"},\"thumbnailUrl\":\"https:\\\/\\\/storage.googleapis.com\\\/cz-shopatoa-img\\\/ro\\\/9a8c637c-.webp\",\"datePublished\":\"2025-05-22T06:10:07+00:00\",\"dateModified\":\"2025-12-14T02:45:16+00:00\",\"breadcrumb\":{\"@id\":\"https:\\\/\\\/shopatoa.com\\\/ro\\\/staleks-smirghel-de-rezerva-cu-spuma-smart-30-rigiditatea-240-disposable-files-papmam-30-buc-2\\\/#breadcrumb\"},\"inLanguage\":\"ro-RO\",\"potentialAction\":[{\"@type\":\"ReadAction\",\"target\":[\"https:\\\/\\\/shopatoa.com\\\/ro\\\/staleks-smirghel-de-rezerva-cu-spuma-smart-30-rigiditatea-240-disposable-files-papmam-30-buc-2\\\/\"]}]},{\"@type\":\"ImageObject\",\"inLanguage\":\"ro-RO\",\"@id\":\"https:\\\/\\\/shopatoa.com\\\/ro\\\/staleks-smirghel-de-rezerva-cu-spuma-smart-30-rigiditatea-240-disposable-files-papmam-30-buc-2\\\/#primaryimage\",\"url\":\"https:\\\/\\\/storage.googleapis.com\\\/cz-shopatoa-img\\\/ro\\\/9a8c637c-.webp\",\"contentUrl\":\"https:\\\/\\\/storage.googleapis.com\\\/cz-shopatoa-img\\\/ro\\\/9a8c637c-.webp\",\"width\":800,\"height\":800},{\"@type\":\"BreadcrumbList\",\"@id\":\"https:\\\/\\\/shopatoa.com\\\/ro\\\/staleks-smirghel-de-rezerva-cu-spuma-smart-30-rigiditatea-240-disposable-files-papmam-30-buc-2\\\/#breadcrumb\",\"itemListElement\":[{\"@type\":\"ListItem\",\"position\":1,\"name\":\"Dom\u016f\",\"item\":\"https:\\\/\\\/shopatoa.com\\\/ro\\\/\"},{\"@type\":\"ListItem\",\"position\":2,\"name\":\"Shop\",\"item\":\"https:\\\/\\\/shopatoa.com\\\/ro\\\/shop\\\/\"},{\"@type\":\"ListItem\",\"position\":3,\"name\":\"Cosmetice\",\"item\":\"https:\\\/\\\/shopatoa.com\\\/ro\\\/cosmetice\\\/\"},{\"@type\":\"ListItem\",\"position\":4,\"name\":\"Produse cosmetice pentru corp\",\"item\":\"https:\\\/\\\/shopatoa.com\\\/ro\\\/produse-cosmetice-pentru-corp\\\/\"},{\"@type\":\"ListItem\",\"position\":5,\"name\":\"Manichiura si pedichiura\",\"item\":\"https:\\\/\\\/shopatoa.com\\\/ro\\\/manichiura-si-pedichiura\\\/\"},{\"@type\":\"ListItem\",\"position\":6,\"name\":\"Pedichiur\u0103\",\"item\":\"https:\\\/\\\/shopatoa.com\\\/ro\\\/pedichiura\\\/\"},{\"@type\":\"ListItem\",\"position\":7,\"name\":\"STALEKS \u0218mirghel de rezerv\u0103 cu spum\u0103 Smart 30 rigiditatea 240 (Disposable Files PapmAm) 30 buc\"}]},{\"@type\":\"WebSite\",\"@id\":\"https:\\\/\\\/shopatoa.com\\\/ro\\\/#website\",\"url\":\"https:\\\/\\\/shopatoa.com\\\/ro\\\/\",\"name\":\"SHOPATOA\",\"description\":\"\",\"publisher\":{\"@id\":\"https:\\\/\\\/shopatoa.com\\\/ro\\\/#organization\"},\"potentialAction\":[{\"@type\":\"SearchAction\",\"target\":{\"@type\":\"EntryPoint\",\"urlTemplate\":\"https:\\\/\\\/shopatoa.com\\\/ro\\\/?s={search_term_string}\"},\"query-input\":{\"@type\":\"PropertyValueSpecification\",\"valueRequired\":true,\"valueName\":\"search_term_string\"}}],\"inLanguage\":\"ro-RO\"},{\"@type\":\"Organization\",\"@id\":\"https:\\\/\\\/shopatoa.com\\\/ro\\\/#organization\",\"name\":\"SHOPATOA\",\"url\":\"https:\\\/\\\/shopatoa.com\\\/ro\\\/\",\"logo\":{\"@type\":\"ImageObject\",\"inLanguage\":\"ro-RO\",\"@id\":\"https:\\\/\\\/shopatoa.com\\\/ro\\\/#\\\/schema\\\/logo\\\/image\\\/\",\"url\":\"https:\\\/\\\/storage.googleapis.com\\\/cz-shopatoa-img\\\/ro\\\/b4dac915-shopatoa_logo.png\",\"contentUrl\":\"https:\\\/\\\/storage.googleapis.com\\\/cz-shopatoa-img\\\/ro\\\/b4dac915-shopatoa_logo.png\",\"width\":416,\"height\":63,\"caption\":\"SHOPATOA\"},\"image\":{\"@id\":\"https:\\\/\\\/shopatoa.com\\\/ro\\\/#\\\/schema\\\/logo\\\/image\\\/\"}}]}<\/script>\n<!-- \/ Yoast SEO plugin. -->","yoast_head_json":{"title":"STALEKS \u0218mirghel de rezerv\u0103 cu spum\u0103 Smart 30 rigiditatea 240 (Disposable Files PapmAm) 30 buc - SHOPATOA.COM","robots":{"index":"index","follow":"follow","max-snippet":"max-snippet:-1","max-image-preview":"max-image-preview:large","max-video-preview":"max-video-preview:-1"},"canonical":"https:\/\/shopatoa.com\/ro\/staleks-smirghel-de-rezerva-cu-spuma-smart-30-rigiditatea-240-disposable-files-papmam-30-buc-2\/","og_locale":"ro_RO","og_type":"article","og_title":"STALEKS \u0218mirghel de rezerv\u0103 cu spum\u0103 Smart 30 rigiditatea 240 (Disposable Files PapmAm) 30 buc - SHOPATOA.COM","og_description":"Accesorii abrazive de unic\u0103 folosin\u021b\u0103 cu un strat de spum\u0103 moale care sunt ata\u0219ate la fi\u0219ierul de baz\u0103. Datorit\u0103 construc\u021biei drepte \u0219i stratului sub\u021bire de spum\u0103, presiunea pe placa unghiei este redus\u0103, ceea ce asigur\u0103 o pilire confortabil\u0103 \u0219i eficient\u0103. Ata\u0219amentele PapmAm Soft se potrivesc perfect pe pil\u0103, iar marginile moi sigure din h\u00e2rtie kraft...","og_url":"https:\/\/shopatoa.com\/ro\/staleks-smirghel-de-rezerva-cu-spuma-smart-30-rigiditatea-240-disposable-files-papmam-30-buc-2\/","og_site_name":"SHOPATOA","article_modified_time":"2025-12-14T02:45:16+00:00","og_image":[{"width":800,"height":800,"url":"https:\/\/storage.googleapis.com\/cz-shopatoa-img\/ro\/9a8c637c-.webp","type":"image\/webp"}],"twitter_card":"summary_large_image","schema":{"@context":"https:\/\/schema.org","@graph":[{"@type":"WebPage","@id":"https:\/\/shopatoa.com\/ro\/staleks-smirghel-de-rezerva-cu-spuma-smart-30-rigiditatea-240-disposable-files-papmam-30-buc-2\/","url":"https:\/\/shopatoa.com\/ro\/staleks-smirghel-de-rezerva-cu-spuma-smart-30-rigiditatea-240-disposable-files-papmam-30-buc-2\/","name":"STALEKS \u0218mirghel de rezerv\u0103 cu spum\u0103 Smart 30 rigiditatea 240 (Disposable Files PapmAm) 30 buc - SHOPATOA.COM","isPartOf":{"@id":"https:\/\/shopatoa.com\/ro\/#website"},"primaryImageOfPage":{"@id":"https:\/\/shopatoa.com\/ro\/staleks-smirghel-de-rezerva-cu-spuma-smart-30-rigiditatea-240-disposable-files-papmam-30-buc-2\/#primaryimage"},"image":{"@id":"https:\/\/shopatoa.com\/ro\/staleks-smirghel-de-rezerva-cu-spuma-smart-30-rigiditatea-240-disposable-files-papmam-30-buc-2\/#primaryimage"},"thumbnailUrl":"https:\/\/storage.googleapis.com\/cz-shopatoa-img\/ro\/9a8c637c-.webp","datePublished":"2025-05-22T06:10:07+00:00","dateModified":"2025-12-14T02:45:16+00:00","breadcrumb":{"@id":"https:\/\/shopatoa.com\/ro\/staleks-smirghel-de-rezerva-cu-spuma-smart-30-rigiditatea-240-disposable-files-papmam-30-buc-2\/#breadcrumb"},"inLanguage":"ro-RO","potentialAction":[{"@type":"ReadAction","target":["https:\/\/shopatoa.com\/ro\/staleks-smirghel-de-rezerva-cu-spuma-smart-30-rigiditatea-240-disposable-files-papmam-30-buc-2\/"]}]},{"@type":"ImageObject","inLanguage":"ro-RO","@id":"https:\/\/shopatoa.com\/ro\/staleks-smirghel-de-rezerva-cu-spuma-smart-30-rigiditatea-240-disposable-files-papmam-30-buc-2\/#primaryimage","url":"https:\/\/storage.googleapis.com\/cz-shopatoa-img\/ro\/9a8c637c-.webp","contentUrl":"https:\/\/storage.googleapis.com\/cz-shopatoa-img\/ro\/9a8c637c-.webp","width":800,"height":800},{"@type":"BreadcrumbList","@id":"https:\/\/shopatoa.com\/ro\/staleks-smirghel-de-rezerva-cu-spuma-smart-30-rigiditatea-240-disposable-files-papmam-30-buc-2\/#breadcrumb","itemListElement":[{"@type":"ListItem","position":1,"name":"Dom\u016f","item":"https:\/\/shopatoa.com\/ro\/"},{"@type":"ListItem","position":2,"name":"Shop","item":"https:\/\/shopatoa.com\/ro\/shop\/"},{"@type":"ListItem","position":3,"name":"Cosmetice","item":"https:\/\/shopatoa.com\/ro\/cosmetice\/"},{"@type":"ListItem","position":4,"name":"Produse cosmetice pentru corp","item":"https:\/\/shopatoa.com\/ro\/produse-cosmetice-pentru-corp\/"},{"@type":"ListItem","position":5,"name":"Manichiura si pedichiura","item":"https:\/\/shopatoa.com\/ro\/manichiura-si-pedichiura\/"},{"@type":"ListItem","position":6,"name":"Pedichiur\u0103","item":"https:\/\/shopatoa.com\/ro\/pedichiura\/"},{"@type":"ListItem","position":7,"name":"STALEKS \u0218mirghel de rezerv\u0103 cu spum\u0103 Smart 30 rigiditatea 240 (Disposable Files PapmAm) 30 buc"}]},{"@type":"WebSite","@id":"https:\/\/shopatoa.com\/ro\/#website","url":"https:\/\/shopatoa.com\/ro\/","name":"SHOPATOA","description":"","publisher":{"@id":"https:\/\/shopatoa.com\/ro\/#organization"},"potentialAction":[{"@type":"SearchAction","target":{"@type":"EntryPoint","urlTemplate":"https:\/\/shopatoa.com\/ro\/?s={search_term_string}"},"query-input":{"@type":"PropertyValueSpecification","valueRequired":true,"valueName":"search_term_string"}}],"inLanguage":"ro-RO"},{"@type":"Organization","@id":"https:\/\/shopatoa.com\/ro\/#organization","name":"SHOPATOA","url":"https:\/\/shopatoa.com\/ro\/","logo":{"@type":"ImageObject","inLanguage":"ro-RO","@id":"https:\/\/shopatoa.com\/ro\/#\/schema\/logo\/image\/","url":"https:\/\/storage.googleapis.com\/cz-shopatoa-img\/ro\/b4dac915-shopatoa_logo.png","contentUrl":"https:\/\/storage.googleapis.com\/cz-shopatoa-img\/ro\/b4dac915-shopatoa_logo.png","width":416,"height":63,"caption":"SHOPATOA"},"image":{"@id":"https:\/\/shopatoa.com\/ro\/#\/schema\/logo\/image\/"}}]}},"_links":{"self":[{"href":"https:\/\/shopatoa.com\/ro\/wp-json\/wp\/v2\/product\/376114","targetHints":{"allow":["GET"]}}],"collection":[{"href":"https:\/\/shopatoa.com\/ro\/wp-json\/wp\/v2\/product"}],"about":[{"href":"https:\/\/shopatoa.com\/ro\/wp-json\/wp\/v2\/types\/product"}],"replies":[{"embeddable":true,"href":"https:\/\/shopatoa.com\/ro\/wp-json\/wp\/v2\/comments?post=376114"}],"wp:featuredmedia":[{"embeddable":true,"href":"https:\/\/shopatoa.com\/ro\/wp-json\/wp\/v2\/media\/376116"}],"wp:attachment":[{"href":"https:\/\/shopatoa.com\/ro\/wp-json\/wp\/v2\/media?parent=376114"}],"wp:term":[{"taxonomy":"product_brand","embeddable":true,"href":"https:\/\/shopatoa.com\/ro\/wp-json\/wp\/v2\/product_brand?post=376114"},{"taxonomy":"product_cat","embeddable":true,"href":"https:\/\/shopatoa.com\/ro\/wp-json\/wp\/v2\/product_cat?post=376114"},{"taxonomy":"product_tag","embeddable":true,"href":"https:\/\/shopatoa.com\/ro\/wp-json\/wp\/v2\/product_tag?post=376114"}],"curies":[{"name":"wp","href":"https:\/\/api.w.org\/{rel}","templated":true}]}}