{"id":376281,"date":"2025-05-22T08:16:28","date_gmt":"2025-05-22T06:16:28","guid":{"rendered":"https:\/\/shopatoa.com\/ro\/britney-spears-prerogative-edp-30-ml-2\/"},"modified":"2025-12-14T01:54:49","modified_gmt":"2025-12-14T00:54:49","slug":"britney-spears-prerogative-edp-30-ml-2","status":"publish","type":"product","link":"https:\/\/shopatoa.com\/ro\/britney-spears-prerogative-edp-30-ml-2\/","title":{"rendered":"Britney Spears Prerogative &#8211; EDP 30 ml"},"content":{"rendered":"<p>Britney Spears Prerogative este o ap\u0103 de parfum unisex \u00eendr\u0103znea\u021b\u0103 \u0219i senzual\u0103, care dep\u0103\u0219e\u0219te limitele \u0219i celebreaz\u0103 independen\u021ba. Aceast\u0103 compozi\u021bie picant\u0103 \u0219i gurmand\u0103 este un manifest \u00eencrez\u0103tor al individualit\u0103\u021bii \u0219i libert\u0103\u021bii &#8211; ideal pentru cei care \u00eendr\u0103znesc s\u0103 fie ei \u00een\u0219i\u0219i f\u0103r\u0103 compromisuri. \u00cen deschidere ve\u021bi fi \u00eent\u00e2mpina\u021bi de tonuri suculente de cais\u0103 \u0219i fructe exotice de goji, condimentate cu un strop de piper roz, care adaug\u0103 o not\u0103 picant\u0103 \u0219i plin\u0103 de via\u021b\u0103. \u00cen miezul parfumului se deschide o combina\u021bie captivant\u0103 de cafea intens\u0103, \u0219ofran rar \u0219i crin ro\u0219u senzual, care aduce o feminitate subtil\u0103, dar dramatic\u0103. Baza joac\u0103 apoi o armonie de lemn de santal cald \u0219i ambergris, l\u0103s\u00e2nd o urm\u0103 de neuitat plin\u0103 de profunzime \u0219i elegan\u021b\u0103. Prerogative este un parfum pentru sufletele curajoase care nu se tem s\u0103 dep\u0103\u0219easc\u0103 a\u0219tept\u0103rile \u0219i s\u0103 \u00ee\u0219i defineasc\u0103 propriile reguli. Este rebeliune \u00eentr-o sticl\u0103 &#8211; elegant, provocator \u0219i irezistibil. Parfumul a fost lansat pe pia\u021b\u0103 \u00een anul 2018.<\/p>\n","protected":false},"excerpt":{"rendered":"<p>Britney Spears Prerogative este o ap\u0103 de parfum unisex \u00eendr\u0103znea\u021b\u0103 \u0219i senzual\u0103, care dep\u0103\u0219e\u0219te limitele \u0219i celebreaz\u0103 independen\u021ba. Aceast\u0103 compozi\u021bie picant\u0103 \u0219i gurmand\u0103 este un manifest \u00eencrez\u0103tor al individualit\u0103\u021bii \u0219i libert\u0103\u021bii &#8211; ideal pentru cei care \u00eendr\u0103znesc s\u0103 fie ei \u00een\u0219i\u0219i f\u0103r\u0103 compromisuri. \u00cen deschidere ve\u021bi fi \u00eent\u00e2mpina\u021bi de tonuri suculente de cais\u0103 \u0219i fructe&#8230;<\/p>\n","protected":false},"featured_media":376282,"comment_status":"closed","ping_status":"open","template":"","meta":{"_acf_changed":false,"_kadence_starter_templates_imported_post":false,"_kad_post_transparent":"","_kad_post_title":"","_kad_post_layout":"","_kad_post_sidebar_id":"","_kad_post_content_style":"","_kad_post_vertical_padding":"","_kad_post_feature":"","_kad_post_feature_position":"","_kad_post_header":false,"_kad_post_footer":false,"_kad_post_classname":""},"product_brand":[550],"product_cat":[619,614],"product_tag":[],"class_list":{"0":"post-376281","1":"product","2":"type-product","3":"status-publish","4":"has-post-thumbnail","6":"product_brand-britney-spears","7":"product_cat-ape-de-parfum-edp","8":"product_cat-parfumuri","10":"first","11":"instock","12":"product-type-external","13":"entry","14":"content-bg","15":"loop-entry"},"acf":[],"yoast_head":"<!-- This site is optimized with the Yoast SEO plugin v27.4 - https:\/\/yoast.com\/product\/yoast-seo-wordpress\/ -->\n<title>Britney Spears Prerogative - EDP 30 ml - SHOPATOA.COM<\/title>\n<meta name=\"robots\" content=\"index, follow, max-snippet:-1, max-image-preview:large, max-video-preview:-1\" \/>\n<link rel=\"canonical\" href=\"https:\/\/shopatoa.com\/ro\/britney-spears-prerogative-edp-30-ml-2\/\" \/>\n<meta property=\"og:locale\" content=\"ro_RO\" \/>\n<meta property=\"og:type\" content=\"article\" \/>\n<meta property=\"og:title\" content=\"Britney Spears Prerogative - EDP 30 ml - SHOPATOA.COM\" \/>\n<meta property=\"og:description\" content=\"Britney Spears Prerogative este o ap\u0103 de parfum unisex \u00eendr\u0103znea\u021b\u0103 \u0219i senzual\u0103, care dep\u0103\u0219e\u0219te limitele \u0219i celebreaz\u0103 independen\u021ba. Aceast\u0103 compozi\u021bie picant\u0103 \u0219i gurmand\u0103 este un manifest \u00eencrez\u0103tor al individualit\u0103\u021bii \u0219i libert\u0103\u021bii &#8211; ideal pentru cei care \u00eendr\u0103znesc s\u0103 fie ei \u00een\u0219i\u0219i f\u0103r\u0103 compromisuri. \u00cen deschidere ve\u021bi fi \u00eent\u00e2mpina\u021bi de tonuri suculente de cais\u0103 \u0219i fructe...\" \/>\n<meta property=\"og:url\" content=\"https:\/\/shopatoa.com\/ro\/britney-spears-prerogative-edp-30-ml-2\/\" \/>\n<meta property=\"og:site_name\" content=\"SHOPATOA\" \/>\n<meta property=\"article:modified_time\" content=\"2025-12-14T00:54:49+00:00\" \/>\n<meta property=\"og:image\" content=\"https:\/\/storage.googleapis.com\/cz-shopatoa-img\/ro\/dd7cf5af-unnamed-file.webp\" \/>\n\t<meta property=\"og:image:width\" content=\"800\" \/>\n\t<meta property=\"og:image:height\" content=\"800\" \/>\n\t<meta property=\"og:image:type\" content=\"image\/webp\" \/>\n<meta name=\"twitter:card\" content=\"summary_large_image\" \/>\n<meta name=\"twitter:label1\" content=\"Timp estimat pentru citire\" \/>\n\t<meta name=\"twitter:data1\" content=\"1 minut\" \/>\n<script type=\"application\/ld+json\" class=\"yoast-schema-graph\">{\"@context\":\"https:\\\/\\\/schema.org\",\"@graph\":[{\"@type\":\"WebPage\",\"@id\":\"https:\\\/\\\/shopatoa.com\\\/ro\\\/britney-spears-prerogative-edp-30-ml-2\\\/\",\"url\":\"https:\\\/\\\/shopatoa.com\\\/ro\\\/britney-spears-prerogative-edp-30-ml-2\\\/\",\"name\":\"Britney Spears Prerogative - EDP 30 ml - SHOPATOA.COM\",\"isPartOf\":{\"@id\":\"https:\\\/\\\/shopatoa.com\\\/ro\\\/#website\"},\"primaryImageOfPage\":{\"@id\":\"https:\\\/\\\/shopatoa.com\\\/ro\\\/britney-spears-prerogative-edp-30-ml-2\\\/#primaryimage\"},\"image\":{\"@id\":\"https:\\\/\\\/shopatoa.com\\\/ro\\\/britney-spears-prerogative-edp-30-ml-2\\\/#primaryimage\"},\"thumbnailUrl\":\"https:\\\/\\\/storage.googleapis.com\\\/cz-shopatoa-img\\\/ro\\\/dd7cf5af-unnamed-file.webp\",\"datePublished\":\"2025-05-22T06:16:28+00:00\",\"dateModified\":\"2025-12-14T00:54:49+00:00\",\"breadcrumb\":{\"@id\":\"https:\\\/\\\/shopatoa.com\\\/ro\\\/britney-spears-prerogative-edp-30-ml-2\\\/#breadcrumb\"},\"inLanguage\":\"ro-RO\",\"potentialAction\":[{\"@type\":\"ReadAction\",\"target\":[\"https:\\\/\\\/shopatoa.com\\\/ro\\\/britney-spears-prerogative-edp-30-ml-2\\\/\"]}]},{\"@type\":\"ImageObject\",\"inLanguage\":\"ro-RO\",\"@id\":\"https:\\\/\\\/shopatoa.com\\\/ro\\\/britney-spears-prerogative-edp-30-ml-2\\\/#primaryimage\",\"url\":\"https:\\\/\\\/storage.googleapis.com\\\/cz-shopatoa-img\\\/ro\\\/dd7cf5af-unnamed-file.webp\",\"contentUrl\":\"https:\\\/\\\/storage.googleapis.com\\\/cz-shopatoa-img\\\/ro\\\/dd7cf5af-unnamed-file.webp\",\"width\":800,\"height\":800},{\"@type\":\"BreadcrumbList\",\"@id\":\"https:\\\/\\\/shopatoa.com\\\/ro\\\/britney-spears-prerogative-edp-30-ml-2\\\/#breadcrumb\",\"itemListElement\":[{\"@type\":\"ListItem\",\"position\":1,\"name\":\"Dom\u016f\",\"item\":\"https:\\\/\\\/shopatoa.com\\\/ro\\\/\"},{\"@type\":\"ListItem\",\"position\":2,\"name\":\"Shop\",\"item\":\"https:\\\/\\\/shopatoa.com\\\/ro\\\/shop\\\/\"},{\"@type\":\"ListItem\",\"position\":3,\"name\":\"Parfumuri\",\"item\":\"https:\\\/\\\/shopatoa.com\\\/ro\\\/parfumuri\\\/\"},{\"@type\":\"ListItem\",\"position\":4,\"name\":\"Ape de parfum (EDP)\",\"item\":\"https:\\\/\\\/shopatoa.com\\\/ro\\\/ape-de-parfum-edp\\\/\"},{\"@type\":\"ListItem\",\"position\":5,\"name\":\"Britney Spears Prerogative &#8211; EDP 30 ml\"}]},{\"@type\":\"WebSite\",\"@id\":\"https:\\\/\\\/shopatoa.com\\\/ro\\\/#website\",\"url\":\"https:\\\/\\\/shopatoa.com\\\/ro\\\/\",\"name\":\"SHOPATOA\",\"description\":\"\",\"publisher\":{\"@id\":\"https:\\\/\\\/shopatoa.com\\\/ro\\\/#organization\"},\"potentialAction\":[{\"@type\":\"SearchAction\",\"target\":{\"@type\":\"EntryPoint\",\"urlTemplate\":\"https:\\\/\\\/shopatoa.com\\\/ro\\\/?s={search_term_string}\"},\"query-input\":{\"@type\":\"PropertyValueSpecification\",\"valueRequired\":true,\"valueName\":\"search_term_string\"}}],\"inLanguage\":\"ro-RO\"},{\"@type\":\"Organization\",\"@id\":\"https:\\\/\\\/shopatoa.com\\\/ro\\\/#organization\",\"name\":\"SHOPATOA\",\"url\":\"https:\\\/\\\/shopatoa.com\\\/ro\\\/\",\"logo\":{\"@type\":\"ImageObject\",\"inLanguage\":\"ro-RO\",\"@id\":\"https:\\\/\\\/shopatoa.com\\\/ro\\\/#\\\/schema\\\/logo\\\/image\\\/\",\"url\":\"https:\\\/\\\/storage.googleapis.com\\\/cz-shopatoa-img\\\/ro\\\/b4dac915-shopatoa_logo.png\",\"contentUrl\":\"https:\\\/\\\/storage.googleapis.com\\\/cz-shopatoa-img\\\/ro\\\/b4dac915-shopatoa_logo.png\",\"width\":416,\"height\":63,\"caption\":\"SHOPATOA\"},\"image\":{\"@id\":\"https:\\\/\\\/shopatoa.com\\\/ro\\\/#\\\/schema\\\/logo\\\/image\\\/\"}}]}<\/script>\n<!-- \/ Yoast SEO plugin. -->","yoast_head_json":{"title":"Britney Spears Prerogative - EDP 30 ml - SHOPATOA.COM","robots":{"index":"index","follow":"follow","max-snippet":"max-snippet:-1","max-image-preview":"max-image-preview:large","max-video-preview":"max-video-preview:-1"},"canonical":"https:\/\/shopatoa.com\/ro\/britney-spears-prerogative-edp-30-ml-2\/","og_locale":"ro_RO","og_type":"article","og_title":"Britney Spears Prerogative - EDP 30 ml - SHOPATOA.COM","og_description":"Britney Spears Prerogative este o ap\u0103 de parfum unisex \u00eendr\u0103znea\u021b\u0103 \u0219i senzual\u0103, care dep\u0103\u0219e\u0219te limitele \u0219i celebreaz\u0103 independen\u021ba. Aceast\u0103 compozi\u021bie picant\u0103 \u0219i gurmand\u0103 este un manifest \u00eencrez\u0103tor al individualit\u0103\u021bii \u0219i libert\u0103\u021bii &#8211; ideal pentru cei care \u00eendr\u0103znesc s\u0103 fie ei \u00een\u0219i\u0219i f\u0103r\u0103 compromisuri. \u00cen deschidere ve\u021bi fi \u00eent\u00e2mpina\u021bi de tonuri suculente de cais\u0103 \u0219i fructe...","og_url":"https:\/\/shopatoa.com\/ro\/britney-spears-prerogative-edp-30-ml-2\/","og_site_name":"SHOPATOA","article_modified_time":"2025-12-14T00:54:49+00:00","og_image":[{"width":800,"height":800,"url":"https:\/\/storage.googleapis.com\/cz-shopatoa-img\/ro\/dd7cf5af-unnamed-file.webp","type":"image\/webp"}],"twitter_card":"summary_large_image","twitter_misc":{"Timp estimat pentru citire":"1 minut"},"schema":{"@context":"https:\/\/schema.org","@graph":[{"@type":"WebPage","@id":"https:\/\/shopatoa.com\/ro\/britney-spears-prerogative-edp-30-ml-2\/","url":"https:\/\/shopatoa.com\/ro\/britney-spears-prerogative-edp-30-ml-2\/","name":"Britney Spears Prerogative - EDP 30 ml - SHOPATOA.COM","isPartOf":{"@id":"https:\/\/shopatoa.com\/ro\/#website"},"primaryImageOfPage":{"@id":"https:\/\/shopatoa.com\/ro\/britney-spears-prerogative-edp-30-ml-2\/#primaryimage"},"image":{"@id":"https:\/\/shopatoa.com\/ro\/britney-spears-prerogative-edp-30-ml-2\/#primaryimage"},"thumbnailUrl":"https:\/\/storage.googleapis.com\/cz-shopatoa-img\/ro\/dd7cf5af-unnamed-file.webp","datePublished":"2025-05-22T06:16:28+00:00","dateModified":"2025-12-14T00:54:49+00:00","breadcrumb":{"@id":"https:\/\/shopatoa.com\/ro\/britney-spears-prerogative-edp-30-ml-2\/#breadcrumb"},"inLanguage":"ro-RO","potentialAction":[{"@type":"ReadAction","target":["https:\/\/shopatoa.com\/ro\/britney-spears-prerogative-edp-30-ml-2\/"]}]},{"@type":"ImageObject","inLanguage":"ro-RO","@id":"https:\/\/shopatoa.com\/ro\/britney-spears-prerogative-edp-30-ml-2\/#primaryimage","url":"https:\/\/storage.googleapis.com\/cz-shopatoa-img\/ro\/dd7cf5af-unnamed-file.webp","contentUrl":"https:\/\/storage.googleapis.com\/cz-shopatoa-img\/ro\/dd7cf5af-unnamed-file.webp","width":800,"height":800},{"@type":"BreadcrumbList","@id":"https:\/\/shopatoa.com\/ro\/britney-spears-prerogative-edp-30-ml-2\/#breadcrumb","itemListElement":[{"@type":"ListItem","position":1,"name":"Dom\u016f","item":"https:\/\/shopatoa.com\/ro\/"},{"@type":"ListItem","position":2,"name":"Shop","item":"https:\/\/shopatoa.com\/ro\/shop\/"},{"@type":"ListItem","position":3,"name":"Parfumuri","item":"https:\/\/shopatoa.com\/ro\/parfumuri\/"},{"@type":"ListItem","position":4,"name":"Ape de parfum (EDP)","item":"https:\/\/shopatoa.com\/ro\/ape-de-parfum-edp\/"},{"@type":"ListItem","position":5,"name":"Britney Spears Prerogative &#8211; EDP 30 ml"}]},{"@type":"WebSite","@id":"https:\/\/shopatoa.com\/ro\/#website","url":"https:\/\/shopatoa.com\/ro\/","name":"SHOPATOA","description":"","publisher":{"@id":"https:\/\/shopatoa.com\/ro\/#organization"},"potentialAction":[{"@type":"SearchAction","target":{"@type":"EntryPoint","urlTemplate":"https:\/\/shopatoa.com\/ro\/?s={search_term_string}"},"query-input":{"@type":"PropertyValueSpecification","valueRequired":true,"valueName":"search_term_string"}}],"inLanguage":"ro-RO"},{"@type":"Organization","@id":"https:\/\/shopatoa.com\/ro\/#organization","name":"SHOPATOA","url":"https:\/\/shopatoa.com\/ro\/","logo":{"@type":"ImageObject","inLanguage":"ro-RO","@id":"https:\/\/shopatoa.com\/ro\/#\/schema\/logo\/image\/","url":"https:\/\/storage.googleapis.com\/cz-shopatoa-img\/ro\/b4dac915-shopatoa_logo.png","contentUrl":"https:\/\/storage.googleapis.com\/cz-shopatoa-img\/ro\/b4dac915-shopatoa_logo.png","width":416,"height":63,"caption":"SHOPATOA"},"image":{"@id":"https:\/\/shopatoa.com\/ro\/#\/schema\/logo\/image\/"}}]}},"_links":{"self":[{"href":"https:\/\/shopatoa.com\/ro\/wp-json\/wp\/v2\/product\/376281","targetHints":{"allow":["GET"]}}],"collection":[{"href":"https:\/\/shopatoa.com\/ro\/wp-json\/wp\/v2\/product"}],"about":[{"href":"https:\/\/shopatoa.com\/ro\/wp-json\/wp\/v2\/types\/product"}],"replies":[{"embeddable":true,"href":"https:\/\/shopatoa.com\/ro\/wp-json\/wp\/v2\/comments?post=376281"}],"wp:featuredmedia":[{"embeddable":true,"href":"https:\/\/shopatoa.com\/ro\/wp-json\/wp\/v2\/media\/376282"}],"wp:attachment":[{"href":"https:\/\/shopatoa.com\/ro\/wp-json\/wp\/v2\/media?parent=376281"}],"wp:term":[{"taxonomy":"product_brand","embeddable":true,"href":"https:\/\/shopatoa.com\/ro\/wp-json\/wp\/v2\/product_brand?post=376281"},{"taxonomy":"product_cat","embeddable":true,"href":"https:\/\/shopatoa.com\/ro\/wp-json\/wp\/v2\/product_cat?post=376281"},{"taxonomy":"product_tag","embeddable":true,"href":"https:\/\/shopatoa.com\/ro\/wp-json\/wp\/v2\/product_tag?post=376281"}],"curies":[{"name":"wp","href":"https:\/\/api.w.org\/{rel}","templated":true}]}}