{"id":376563,"date":"2025-05-22T08:26:55","date_gmt":"2025-05-22T06:26:55","guid":{"rendered":"https:\/\/shopatoa.com\/ro\/ionic-care-purificator-de-aer-ionic-care-triton-x6-decor-lemn-1-buc-2\/"},"modified":"2025-09-23T16:30:22","modified_gmt":"2025-09-23T14:30:22","slug":"ionic-care-purificator-de-aer-ionic-care-triton-x6-decor-lemn-1-buc-2","status":"publish","type":"product","link":"https:\/\/shopatoa.com\/ro\/ionic-care-purificator-de-aer-ionic-care-triton-x6-decor-lemn-1-buc-2\/","title":{"rendered":"Ionic-CARE Purificator de aer Ionic-CARE Triton X6 decor lemn 1 buc"},"content":{"rendered":"<p>Purificatorul de aer eficient Ionic-CARE Triton X6 cu ionizator \u00eencorporat este produsul anilor 2015-2021. Cur\u0103\u021barea atinge o eficien\u021b\u0103 de 90-96%. Acesta func\u021bioneaz\u0103 pe principiul v\u00e2ntului de electroni \u0219i capteaz\u0103 impurit\u0103\u021bile pe un filtru electrostatic pe care \u00eel folosi\u021bi \u00een mod repetat, f\u0103r\u0103 a fi nevoie s\u0103 \u00eel schimba\u021bi. Trebuie doar s\u0103 \u0219terge\u021bi sau s\u0103 sp\u0103la\u021bi filtrul. Purificatorul de aer Ionic-Care cur\u0103\u021b\u0103 o suprafa\u021b\u0103 de p\u00e2n\u0103 la 75 m 2 cu o \u00een\u0103l\u021bime standard a tavanului de 2,5 m (= 187,5 m 3 ). Un mare avantaj al dispozitivului este faptul c\u0103 func\u021bioneaz\u0103 complet f\u0103r\u0103 zgomot, cu costuri de operare minime. Purificator de aer Ionic-CARE Triton X6: ajut\u0103 la eliminarea alergenilor, polenului, mucegaiului, microprafului, fumului de \u021bigar\u0103, reduce apari\u021bia bacteriilor \u0219i ciupercilor, absolut silen\u021bios, nu este nevoie s\u0103 cump\u0103ra\u021bi filtre de schimb, are costuri de operare minime, func\u021bioneaz\u0103 \u00een acela\u0219i timp ca un ionizator, are 3 niveluri de putere pentru diferite dimensiuni ale camerei, \u00eentre\u021binere, operare \u0219i cur\u0103\u021bare u\u0219oar\u0103. Func\u021biile de cur\u0103\u021bare ale dispozitivului: Purificarea aerului func\u021bioneaz\u0103 pe dou\u0103 principii. Prima este filtrarea direct\u0103 a aerului printr-un filtru electrostatic care capteaz\u0103 impurit\u0103\u021bile cu eficien\u021b\u0103 ridicat\u0103. Al doilea este ionizarea, datorit\u0103 c\u0103reia se creeaz\u0103 a\u0219a-numitele clustere. Toate impurit\u0103\u021bile sunt \u00eenc\u0103rcate pozitiv, iar anionii produ\u0219i de Ionic-CARE le leag\u0103 \u00eempreun\u0103 \u00een particule mai mari, adic\u0103 grupuri. Aceste bulg\u0103ri cad mai repede pe p\u0103m\u00e2nt, unde le m\u0103tura\u021bi sau le aspira\u021bi. Purificatorul de aer v\u0103 \u00eempiedic\u0103 s\u0103 inhala\u021bi contaminan\u021bi din aer. Ce este mai exact ionizarea aerului? Cu ioni ne \u00eent\u00e2lnim de la prima respira\u021bie, fiecare mediu este ionizat. Cu toate acestea, faptul c\u0103 exist\u0103 sau nu un echilibru ionic \u00een aer are o influen\u021b\u0103 fundamental\u0103 asupra s\u0103n\u0103t\u0103\u021bii noastre. \u00cen natur\u0103, ionii pozitivi \u0219i negativi sunt \u00een mare parte \u00een echilibru \u0219i respir\u0103m cel mai bine \u00een locurile cu o concentra\u021bie mai mare de ioni negativi (anioni). Anionii predomin\u0103 \u00een apropierea apei curg\u0103toare, diminea\u021ba \u00een p\u0103dure, pe malul m\u0103rii etc. Dimpotriv\u0103, civiliza\u021bia face ca aerul s\u0103 fie \u00eenc\u0103rcat \u00een principal cu ioni pozitivi. Lipsa de anioni face ca aerul s\u0103 fie greu de respirat. Dar nu merge vorba doar de ora\u0219ele mari aglomerate. Aerul nes\u0103n\u0103tos este \u00een aproape fiecare cas\u0103 \u0219i birou ast\u0103zi &#8211; copiatoare, computere, televizoare, ferestre artificiale, fum chimici de la produsele de cur\u0103\u021bare, covoare sintetice, aparate de aer condi\u021bionat &#8211; toate acestea duc la aer pentru care corpul nostru nu este construit. Prin urmare, pentru a fi s\u0103n\u0103to\u0219i \u0219i a ne sim\u021bi proasp\u0103t, avem nevoie de ioni negativi. Acestea sunt create de ionizatorul \u00eencorporat \u00een purificatorul de aer Ionic-CARE.<\/p>\n","protected":false},"excerpt":{"rendered":"<p>Purificatorul de aer eficient Ionic-CARE Triton X6 cu ionizator \u00eencorporat este produsul anilor 2015-2021. Cur\u0103\u021barea atinge o eficien\u021b\u0103 de 90-96%. Acesta func\u021bioneaz\u0103 pe principiul v\u00e2ntului de electroni \u0219i capteaz\u0103 impurit\u0103\u021bile pe un filtru electrostatic pe care \u00eel folosi\u021bi \u00een mod repetat, f\u0103r\u0103 a fi nevoie s\u0103 \u00eel schimba\u021bi. Trebuie doar s\u0103 \u0219terge\u021bi sau s\u0103 sp\u0103la\u021bi&#8230;<\/p>\n","protected":false},"featured_media":376564,"comment_status":"closed","ping_status":"open","template":"","meta":{"_acf_changed":false,"_kadence_starter_templates_imported_post":false,"_kad_post_transparent":"","_kad_post_title":"","_kad_post_layout":"","_kad_post_sidebar_id":"","_kad_post_content_style":"","_kad_post_vertical_padding":"","_kad_post_feature":"","_kad_post_feature_position":"","_kad_post_header":false,"_kad_post_footer":false,"_kad_post_classname":""},"product_brand":[1150],"product_cat":[733,1100,353],"product_tag":[],"class_list":{"0":"post-376563","1":"product","2":"type-product","3":"status-publish","4":"has-post-thumbnail","6":"product_brand-ionic-care","7":"product_cat-aparate-si-ajutoare-de-sanatate","8":"product_cat-respiratie-sanatoasa","9":"product_cat-sanatate","11":"first","12":"instock","13":"product-type-external","14":"entry","15":"content-bg","16":"loop-entry"},"acf":[],"yoast_head":"<!-- This site is optimized with the Yoast SEO plugin v27.4 - https:\/\/yoast.com\/product\/yoast-seo-wordpress\/ -->\n<title>Ionic-CARE Purificator de aer Ionic-CARE Triton X6 decor lemn 1 buc - SHOPATOA.COM<\/title>\n<meta name=\"robots\" content=\"index, follow, max-snippet:-1, max-image-preview:large, max-video-preview:-1\" \/>\n<link rel=\"canonical\" href=\"https:\/\/shopatoa.com\/ro\/ionic-care-purificator-de-aer-ionic-care-triton-x6-decor-lemn-1-buc-2\/\" \/>\n<meta property=\"og:locale\" content=\"ro_RO\" \/>\n<meta property=\"og:type\" content=\"article\" \/>\n<meta property=\"og:title\" content=\"Ionic-CARE Purificator de aer Ionic-CARE Triton X6 decor lemn 1 buc - SHOPATOA.COM\" \/>\n<meta property=\"og:description\" content=\"Purificatorul de aer eficient Ionic-CARE Triton X6 cu ionizator \u00eencorporat este produsul anilor 2015-2021. Cur\u0103\u021barea atinge o eficien\u021b\u0103 de 90-96%. Acesta func\u021bioneaz\u0103 pe principiul v\u00e2ntului de electroni \u0219i capteaz\u0103 impurit\u0103\u021bile pe un filtru electrostatic pe care \u00eel folosi\u021bi \u00een mod repetat, f\u0103r\u0103 a fi nevoie s\u0103 \u00eel schimba\u021bi. Trebuie doar s\u0103 \u0219terge\u021bi sau s\u0103 sp\u0103la\u021bi...\" \/>\n<meta property=\"og:url\" content=\"https:\/\/shopatoa.com\/ro\/ionic-care-purificator-de-aer-ionic-care-triton-x6-decor-lemn-1-buc-2\/\" \/>\n<meta property=\"og:site_name\" content=\"SHOPATOA\" \/>\n<meta property=\"article:modified_time\" content=\"2025-09-23T14:30:22+00:00\" \/>\n<meta property=\"og:image\" content=\"https:\/\/storage.googleapis.com\/cz-shopatoa-img\/ro\/2ba551f1-unnamed-file.webp\" \/>\n\t<meta property=\"og:image:width\" content=\"800\" \/>\n\t<meta property=\"og:image:height\" content=\"800\" \/>\n\t<meta property=\"og:image:type\" content=\"image\/webp\" \/>\n<meta name=\"twitter:card\" content=\"summary_large_image\" \/>\n<meta name=\"twitter:label1\" content=\"Timp estimat pentru citire\" \/>\n\t<meta name=\"twitter:data1\" content=\"2 minute\" \/>\n<script type=\"application\/ld+json\" class=\"yoast-schema-graph\">{\"@context\":\"https:\\\/\\\/schema.org\",\"@graph\":[{\"@type\":\"WebPage\",\"@id\":\"https:\\\/\\\/shopatoa.com\\\/ro\\\/ionic-care-purificator-de-aer-ionic-care-triton-x6-decor-lemn-1-buc-2\\\/\",\"url\":\"https:\\\/\\\/shopatoa.com\\\/ro\\\/ionic-care-purificator-de-aer-ionic-care-triton-x6-decor-lemn-1-buc-2\\\/\",\"name\":\"Ionic-CARE Purificator de aer Ionic-CARE Triton X6 decor lemn 1 buc - SHOPATOA.COM\",\"isPartOf\":{\"@id\":\"https:\\\/\\\/shopatoa.com\\\/ro\\\/#website\"},\"primaryImageOfPage\":{\"@id\":\"https:\\\/\\\/shopatoa.com\\\/ro\\\/ionic-care-purificator-de-aer-ionic-care-triton-x6-decor-lemn-1-buc-2\\\/#primaryimage\"},\"image\":{\"@id\":\"https:\\\/\\\/shopatoa.com\\\/ro\\\/ionic-care-purificator-de-aer-ionic-care-triton-x6-decor-lemn-1-buc-2\\\/#primaryimage\"},\"thumbnailUrl\":\"https:\\\/\\\/storage.googleapis.com\\\/cz-shopatoa-img\\\/ro\\\/2ba551f1-unnamed-file.webp\",\"datePublished\":\"2025-05-22T06:26:55+00:00\",\"dateModified\":\"2025-09-23T14:30:22+00:00\",\"breadcrumb\":{\"@id\":\"https:\\\/\\\/shopatoa.com\\\/ro\\\/ionic-care-purificator-de-aer-ionic-care-triton-x6-decor-lemn-1-buc-2\\\/#breadcrumb\"},\"inLanguage\":\"ro-RO\",\"potentialAction\":[{\"@type\":\"ReadAction\",\"target\":[\"https:\\\/\\\/shopatoa.com\\\/ro\\\/ionic-care-purificator-de-aer-ionic-care-triton-x6-decor-lemn-1-buc-2\\\/\"]}]},{\"@type\":\"ImageObject\",\"inLanguage\":\"ro-RO\",\"@id\":\"https:\\\/\\\/shopatoa.com\\\/ro\\\/ionic-care-purificator-de-aer-ionic-care-triton-x6-decor-lemn-1-buc-2\\\/#primaryimage\",\"url\":\"https:\\\/\\\/storage.googleapis.com\\\/cz-shopatoa-img\\\/ro\\\/2ba551f1-unnamed-file.webp\",\"contentUrl\":\"https:\\\/\\\/storage.googleapis.com\\\/cz-shopatoa-img\\\/ro\\\/2ba551f1-unnamed-file.webp\",\"width\":800,\"height\":800},{\"@type\":\"BreadcrumbList\",\"@id\":\"https:\\\/\\\/shopatoa.com\\\/ro\\\/ionic-care-purificator-de-aer-ionic-care-triton-x6-decor-lemn-1-buc-2\\\/#breadcrumb\",\"itemListElement\":[{\"@type\":\"ListItem\",\"position\":1,\"name\":\"Dom\u016f\",\"item\":\"https:\\\/\\\/shopatoa.com\\\/ro\\\/\"},{\"@type\":\"ListItem\",\"position\":2,\"name\":\"Shop\",\"item\":\"https:\\\/\\\/shopatoa.com\\\/ro\\\/shop\\\/\"},{\"@type\":\"ListItem\",\"position\":3,\"name\":\"S\u0103n\u0103tate\",\"item\":\"https:\\\/\\\/shopatoa.com\\\/ro\\\/sanatate\\\/\"},{\"@type\":\"ListItem\",\"position\":4,\"name\":\"Aparate \u0219i ajutoare de s\u0103n\u0103tate\",\"item\":\"https:\\\/\\\/shopatoa.com\\\/ro\\\/aparate-si-ajutoare-de-sanatate\\\/\"},{\"@type\":\"ListItem\",\"position\":5,\"name\":\"Respira\u021bie s\u0103n\u0103toas\u0103\",\"item\":\"https:\\\/\\\/shopatoa.com\\\/ro\\\/respiratie-sanatoasa\\\/\"},{\"@type\":\"ListItem\",\"position\":6,\"name\":\"Ionic-CARE Purificator de aer Ionic-CARE Triton X6 decor lemn 1 buc\"}]},{\"@type\":\"WebSite\",\"@id\":\"https:\\\/\\\/shopatoa.com\\\/ro\\\/#website\",\"url\":\"https:\\\/\\\/shopatoa.com\\\/ro\\\/\",\"name\":\"SHOPATOA\",\"description\":\"\",\"publisher\":{\"@id\":\"https:\\\/\\\/shopatoa.com\\\/ro\\\/#organization\"},\"potentialAction\":[{\"@type\":\"SearchAction\",\"target\":{\"@type\":\"EntryPoint\",\"urlTemplate\":\"https:\\\/\\\/shopatoa.com\\\/ro\\\/?s={search_term_string}\"},\"query-input\":{\"@type\":\"PropertyValueSpecification\",\"valueRequired\":true,\"valueName\":\"search_term_string\"}}],\"inLanguage\":\"ro-RO\"},{\"@type\":\"Organization\",\"@id\":\"https:\\\/\\\/shopatoa.com\\\/ro\\\/#organization\",\"name\":\"SHOPATOA\",\"url\":\"https:\\\/\\\/shopatoa.com\\\/ro\\\/\",\"logo\":{\"@type\":\"ImageObject\",\"inLanguage\":\"ro-RO\",\"@id\":\"https:\\\/\\\/shopatoa.com\\\/ro\\\/#\\\/schema\\\/logo\\\/image\\\/\",\"url\":\"https:\\\/\\\/storage.googleapis.com\\\/cz-shopatoa-img\\\/ro\\\/b4dac915-shopatoa_logo.png\",\"contentUrl\":\"https:\\\/\\\/storage.googleapis.com\\\/cz-shopatoa-img\\\/ro\\\/b4dac915-shopatoa_logo.png\",\"width\":416,\"height\":63,\"caption\":\"SHOPATOA\"},\"image\":{\"@id\":\"https:\\\/\\\/shopatoa.com\\\/ro\\\/#\\\/schema\\\/logo\\\/image\\\/\"}}]}<\/script>\n<!-- \/ Yoast SEO plugin. -->","yoast_head_json":{"title":"Ionic-CARE Purificator de aer Ionic-CARE Triton X6 decor lemn 1 buc - SHOPATOA.COM","robots":{"index":"index","follow":"follow","max-snippet":"max-snippet:-1","max-image-preview":"max-image-preview:large","max-video-preview":"max-video-preview:-1"},"canonical":"https:\/\/shopatoa.com\/ro\/ionic-care-purificator-de-aer-ionic-care-triton-x6-decor-lemn-1-buc-2\/","og_locale":"ro_RO","og_type":"article","og_title":"Ionic-CARE Purificator de aer Ionic-CARE Triton X6 decor lemn 1 buc - SHOPATOA.COM","og_description":"Purificatorul de aer eficient Ionic-CARE Triton X6 cu ionizator \u00eencorporat este produsul anilor 2015-2021. Cur\u0103\u021barea atinge o eficien\u021b\u0103 de 90-96%. Acesta func\u021bioneaz\u0103 pe principiul v\u00e2ntului de electroni \u0219i capteaz\u0103 impurit\u0103\u021bile pe un filtru electrostatic pe care \u00eel folosi\u021bi \u00een mod repetat, f\u0103r\u0103 a fi nevoie s\u0103 \u00eel schimba\u021bi. Trebuie doar s\u0103 \u0219terge\u021bi sau s\u0103 sp\u0103la\u021bi...","og_url":"https:\/\/shopatoa.com\/ro\/ionic-care-purificator-de-aer-ionic-care-triton-x6-decor-lemn-1-buc-2\/","og_site_name":"SHOPATOA","article_modified_time":"2025-09-23T14:30:22+00:00","og_image":[{"width":800,"height":800,"url":"https:\/\/storage.googleapis.com\/cz-shopatoa-img\/ro\/2ba551f1-unnamed-file.webp","type":"image\/webp"}],"twitter_card":"summary_large_image","twitter_misc":{"Timp estimat pentru citire":"2 minute"},"schema":{"@context":"https:\/\/schema.org","@graph":[{"@type":"WebPage","@id":"https:\/\/shopatoa.com\/ro\/ionic-care-purificator-de-aer-ionic-care-triton-x6-decor-lemn-1-buc-2\/","url":"https:\/\/shopatoa.com\/ro\/ionic-care-purificator-de-aer-ionic-care-triton-x6-decor-lemn-1-buc-2\/","name":"Ionic-CARE Purificator de aer Ionic-CARE Triton X6 decor lemn 1 buc - SHOPATOA.COM","isPartOf":{"@id":"https:\/\/shopatoa.com\/ro\/#website"},"primaryImageOfPage":{"@id":"https:\/\/shopatoa.com\/ro\/ionic-care-purificator-de-aer-ionic-care-triton-x6-decor-lemn-1-buc-2\/#primaryimage"},"image":{"@id":"https:\/\/shopatoa.com\/ro\/ionic-care-purificator-de-aer-ionic-care-triton-x6-decor-lemn-1-buc-2\/#primaryimage"},"thumbnailUrl":"https:\/\/storage.googleapis.com\/cz-shopatoa-img\/ro\/2ba551f1-unnamed-file.webp","datePublished":"2025-05-22T06:26:55+00:00","dateModified":"2025-09-23T14:30:22+00:00","breadcrumb":{"@id":"https:\/\/shopatoa.com\/ro\/ionic-care-purificator-de-aer-ionic-care-triton-x6-decor-lemn-1-buc-2\/#breadcrumb"},"inLanguage":"ro-RO","potentialAction":[{"@type":"ReadAction","target":["https:\/\/shopatoa.com\/ro\/ionic-care-purificator-de-aer-ionic-care-triton-x6-decor-lemn-1-buc-2\/"]}]},{"@type":"ImageObject","inLanguage":"ro-RO","@id":"https:\/\/shopatoa.com\/ro\/ionic-care-purificator-de-aer-ionic-care-triton-x6-decor-lemn-1-buc-2\/#primaryimage","url":"https:\/\/storage.googleapis.com\/cz-shopatoa-img\/ro\/2ba551f1-unnamed-file.webp","contentUrl":"https:\/\/storage.googleapis.com\/cz-shopatoa-img\/ro\/2ba551f1-unnamed-file.webp","width":800,"height":800},{"@type":"BreadcrumbList","@id":"https:\/\/shopatoa.com\/ro\/ionic-care-purificator-de-aer-ionic-care-triton-x6-decor-lemn-1-buc-2\/#breadcrumb","itemListElement":[{"@type":"ListItem","position":1,"name":"Dom\u016f","item":"https:\/\/shopatoa.com\/ro\/"},{"@type":"ListItem","position":2,"name":"Shop","item":"https:\/\/shopatoa.com\/ro\/shop\/"},{"@type":"ListItem","position":3,"name":"S\u0103n\u0103tate","item":"https:\/\/shopatoa.com\/ro\/sanatate\/"},{"@type":"ListItem","position":4,"name":"Aparate \u0219i ajutoare de s\u0103n\u0103tate","item":"https:\/\/shopatoa.com\/ro\/aparate-si-ajutoare-de-sanatate\/"},{"@type":"ListItem","position":5,"name":"Respira\u021bie s\u0103n\u0103toas\u0103","item":"https:\/\/shopatoa.com\/ro\/respiratie-sanatoasa\/"},{"@type":"ListItem","position":6,"name":"Ionic-CARE Purificator de aer Ionic-CARE Triton X6 decor lemn 1 buc"}]},{"@type":"WebSite","@id":"https:\/\/shopatoa.com\/ro\/#website","url":"https:\/\/shopatoa.com\/ro\/","name":"SHOPATOA","description":"","publisher":{"@id":"https:\/\/shopatoa.com\/ro\/#organization"},"potentialAction":[{"@type":"SearchAction","target":{"@type":"EntryPoint","urlTemplate":"https:\/\/shopatoa.com\/ro\/?s={search_term_string}"},"query-input":{"@type":"PropertyValueSpecification","valueRequired":true,"valueName":"search_term_string"}}],"inLanguage":"ro-RO"},{"@type":"Organization","@id":"https:\/\/shopatoa.com\/ro\/#organization","name":"SHOPATOA","url":"https:\/\/shopatoa.com\/ro\/","logo":{"@type":"ImageObject","inLanguage":"ro-RO","@id":"https:\/\/shopatoa.com\/ro\/#\/schema\/logo\/image\/","url":"https:\/\/storage.googleapis.com\/cz-shopatoa-img\/ro\/b4dac915-shopatoa_logo.png","contentUrl":"https:\/\/storage.googleapis.com\/cz-shopatoa-img\/ro\/b4dac915-shopatoa_logo.png","width":416,"height":63,"caption":"SHOPATOA"},"image":{"@id":"https:\/\/shopatoa.com\/ro\/#\/schema\/logo\/image\/"}}]}},"_links":{"self":[{"href":"https:\/\/shopatoa.com\/ro\/wp-json\/wp\/v2\/product\/376563","targetHints":{"allow":["GET"]}}],"collection":[{"href":"https:\/\/shopatoa.com\/ro\/wp-json\/wp\/v2\/product"}],"about":[{"href":"https:\/\/shopatoa.com\/ro\/wp-json\/wp\/v2\/types\/product"}],"replies":[{"embeddable":true,"href":"https:\/\/shopatoa.com\/ro\/wp-json\/wp\/v2\/comments?post=376563"}],"wp:featuredmedia":[{"embeddable":true,"href":"https:\/\/shopatoa.com\/ro\/wp-json\/wp\/v2\/media\/376564"}],"wp:attachment":[{"href":"https:\/\/shopatoa.com\/ro\/wp-json\/wp\/v2\/media?parent=376563"}],"wp:term":[{"taxonomy":"product_brand","embeddable":true,"href":"https:\/\/shopatoa.com\/ro\/wp-json\/wp\/v2\/product_brand?post=376563"},{"taxonomy":"product_cat","embeddable":true,"href":"https:\/\/shopatoa.com\/ro\/wp-json\/wp\/v2\/product_cat?post=376563"},{"taxonomy":"product_tag","embeddable":true,"href":"https:\/\/shopatoa.com\/ro\/wp-json\/wp\/v2\/product_tag?post=376563"}],"curies":[{"name":"wp","href":"https:\/\/api.w.org\/{rel}","templated":true}]}}