{"id":376603,"date":"2025-05-22T08:28:28","date_gmt":"2025-05-22T06:28:28","guid":{"rendered":"https:\/\/shopatoa.com\/ro\/beurer-aparat-de-tuns-barba-mn4x-2\/"},"modified":"2025-12-13T16:12:55","modified_gmt":"2025-12-13T15:12:55","slug":"beurer-aparat-de-tuns-barba-mn4x-2","status":"publish","type":"product","link":"https:\/\/shopatoa.com\/ro\/beurer-aparat-de-tuns-barba-mn4x-2\/","title":{"rendered":"Beurer Aparat de tuns barba MN4X"},"content":{"rendered":"<p>Aparat de tuns barb\u0103, datorit\u0103 lamei sale din o\u021bel de \u00eenalt\u0103 calitate, cu un strat de titan, asigur\u0103 aranjarea u\u0219oar\u0103 \u0219i rapid\u0103 a b\u0103rbii. Datorit\u0103 celor 10 op\u021biuni de lungime de t\u0103iere, barba dvs. va fi \u00eentotdeauna tuns\u0103 cu precizie. Cu dou\u0103 ata\u0219amente de pieptene reglabile pe lungime, pute\u021bi tunde barba de la 3 la 12 mm, iar reglarea fin\u0103 permite tunderea precis\u0103 la 0,8 sau 1,2 mm. Aparatul poate func\u021biona pe baterii sau la re\u021bea, iar datorit\u0103 bateriei puternice cu litiu, pute\u021bi utiliza aparatul de tuns p\u00e2n\u0103 la 90 de minute.<\/p>\n","protected":false},"excerpt":{"rendered":"<p>Aparat de tuns barb\u0103, datorit\u0103 lamei sale din o\u021bel de \u00eenalt\u0103 calitate, cu un strat de titan, asigur\u0103 aranjarea u\u0219oar\u0103 \u0219i rapid\u0103 a b\u0103rbii. Datorit\u0103 celor 10 op\u021biuni de lungime de t\u0103iere, barba dvs. va fi \u00eentotdeauna tuns\u0103 cu precizie. Cu dou\u0103 ata\u0219amente de pieptene reglabile pe lungime, pute\u021bi tunde barba de la 3 la&#8230;<\/p>\n","protected":false},"featured_media":376604,"comment_status":"closed","ping_status":"open","template":"","meta":{"_acf_changed":false,"_kadence_starter_templates_imported_post":false,"_kad_post_transparent":"","_kad_post_title":"","_kad_post_layout":"","_kad_post_sidebar_id":"","_kad_post_content_style":"","_kad_post_vertical_padding":"","_kad_post_feature":"","_kad_post_feature_position":"","_kad_post_header":false,"_kad_post_footer":false,"_kad_post_classname":""},"product_brand":[352],"product_cat":[670,765,246],"product_tag":[],"class_list":{"0":"post-376603","1":"product","2":"type-product","3":"status-publish","4":"has-post-thumbnail","6":"product_brand-beurer","7":"product_cat-barber-shop","8":"product_cat-barber-shop-taiat","9":"product_cat-cosmetice","11":"first","12":"instock","13":"product-type-external","14":"entry","15":"content-bg","16":"loop-entry"},"acf":[],"yoast_head":"<!-- This site is optimized with the Yoast SEO plugin v27.4 - https:\/\/yoast.com\/product\/yoast-seo-wordpress\/ -->\n<title>Beurer Aparat de tuns barba MN4X - SHOPATOA.COM<\/title>\n<meta name=\"robots\" content=\"index, follow, max-snippet:-1, max-image-preview:large, max-video-preview:-1\" \/>\n<link rel=\"canonical\" href=\"https:\/\/shopatoa.com\/ro\/beurer-aparat-de-tuns-barba-mn4x-2\/\" \/>\n<meta property=\"og:locale\" content=\"ro_RO\" \/>\n<meta property=\"og:type\" content=\"article\" \/>\n<meta property=\"og:title\" content=\"Beurer Aparat de tuns barba MN4X - SHOPATOA.COM\" \/>\n<meta property=\"og:description\" content=\"Aparat de tuns barb\u0103, datorit\u0103 lamei sale din o\u021bel de \u00eenalt\u0103 calitate, cu un strat de titan, asigur\u0103 aranjarea u\u0219oar\u0103 \u0219i rapid\u0103 a b\u0103rbii. Datorit\u0103 celor 10 op\u021biuni de lungime de t\u0103iere, barba dvs. va fi \u00eentotdeauna tuns\u0103 cu precizie. Cu dou\u0103 ata\u0219amente de pieptene reglabile pe lungime, pute\u021bi tunde barba de la 3 la...\" \/>\n<meta property=\"og:url\" content=\"https:\/\/shopatoa.com\/ro\/beurer-aparat-de-tuns-barba-mn4x-2\/\" \/>\n<meta property=\"og:site_name\" content=\"SHOPATOA\" \/>\n<meta property=\"article:modified_time\" content=\"2025-12-13T15:12:55+00:00\" \/>\n<meta property=\"og:image\" content=\"https:\/\/storage.googleapis.com\/cz-shopatoa-img\/ro\/f3aeb2b3-unnamed-file.webp\" \/>\n\t<meta property=\"og:image:width\" content=\"800\" \/>\n\t<meta property=\"og:image:height\" content=\"800\" \/>\n\t<meta property=\"og:image:type\" content=\"image\/webp\" \/>\n<meta name=\"twitter:card\" content=\"summary_large_image\" \/>\n<script type=\"application\/ld+json\" class=\"yoast-schema-graph\">{\"@context\":\"https:\\\/\\\/schema.org\",\"@graph\":[{\"@type\":\"WebPage\",\"@id\":\"https:\\\/\\\/shopatoa.com\\\/ro\\\/beurer-aparat-de-tuns-barba-mn4x-2\\\/\",\"url\":\"https:\\\/\\\/shopatoa.com\\\/ro\\\/beurer-aparat-de-tuns-barba-mn4x-2\\\/\",\"name\":\"Beurer Aparat de tuns barba MN4X - SHOPATOA.COM\",\"isPartOf\":{\"@id\":\"https:\\\/\\\/shopatoa.com\\\/ro\\\/#website\"},\"primaryImageOfPage\":{\"@id\":\"https:\\\/\\\/shopatoa.com\\\/ro\\\/beurer-aparat-de-tuns-barba-mn4x-2\\\/#primaryimage\"},\"image\":{\"@id\":\"https:\\\/\\\/shopatoa.com\\\/ro\\\/beurer-aparat-de-tuns-barba-mn4x-2\\\/#primaryimage\"},\"thumbnailUrl\":\"https:\\\/\\\/storage.googleapis.com\\\/cz-shopatoa-img\\\/ro\\\/f3aeb2b3-unnamed-file.webp\",\"datePublished\":\"2025-05-22T06:28:28+00:00\",\"dateModified\":\"2025-12-13T15:12:55+00:00\",\"breadcrumb\":{\"@id\":\"https:\\\/\\\/shopatoa.com\\\/ro\\\/beurer-aparat-de-tuns-barba-mn4x-2\\\/#breadcrumb\"},\"inLanguage\":\"ro-RO\",\"potentialAction\":[{\"@type\":\"ReadAction\",\"target\":[\"https:\\\/\\\/shopatoa.com\\\/ro\\\/beurer-aparat-de-tuns-barba-mn4x-2\\\/\"]}]},{\"@type\":\"ImageObject\",\"inLanguage\":\"ro-RO\",\"@id\":\"https:\\\/\\\/shopatoa.com\\\/ro\\\/beurer-aparat-de-tuns-barba-mn4x-2\\\/#primaryimage\",\"url\":\"https:\\\/\\\/storage.googleapis.com\\\/cz-shopatoa-img\\\/ro\\\/f3aeb2b3-unnamed-file.webp\",\"contentUrl\":\"https:\\\/\\\/storage.googleapis.com\\\/cz-shopatoa-img\\\/ro\\\/f3aeb2b3-unnamed-file.webp\",\"width\":800,\"height\":800},{\"@type\":\"BreadcrumbList\",\"@id\":\"https:\\\/\\\/shopatoa.com\\\/ro\\\/beurer-aparat-de-tuns-barba-mn4x-2\\\/#breadcrumb\",\"itemListElement\":[{\"@type\":\"ListItem\",\"position\":1,\"name\":\"Dom\u016f\",\"item\":\"https:\\\/\\\/shopatoa.com\\\/ro\\\/\"},{\"@type\":\"ListItem\",\"position\":2,\"name\":\"Shop\",\"item\":\"https:\\\/\\\/shopatoa.com\\\/ro\\\/shop\\\/\"},{\"@type\":\"ListItem\",\"position\":3,\"name\":\"Cosmetice\",\"item\":\"https:\\\/\\\/shopatoa.com\\\/ro\\\/cosmetice\\\/\"},{\"@type\":\"ListItem\",\"position\":4,\"name\":\"Barber Shop\",\"item\":\"https:\\\/\\\/shopatoa.com\\\/ro\\\/barber-shop\\\/\"},{\"@type\":\"ListItem\",\"position\":5,\"name\":\"Barber Shop \u2013 t\u0103iat\",\"item\":\"https:\\\/\\\/shopatoa.com\\\/ro\\\/barber-shop-taiat\\\/\"},{\"@type\":\"ListItem\",\"position\":6,\"name\":\"Beurer Aparat de tuns barba MN4X\"}]},{\"@type\":\"WebSite\",\"@id\":\"https:\\\/\\\/shopatoa.com\\\/ro\\\/#website\",\"url\":\"https:\\\/\\\/shopatoa.com\\\/ro\\\/\",\"name\":\"SHOPATOA\",\"description\":\"\",\"publisher\":{\"@id\":\"https:\\\/\\\/shopatoa.com\\\/ro\\\/#organization\"},\"potentialAction\":[{\"@type\":\"SearchAction\",\"target\":{\"@type\":\"EntryPoint\",\"urlTemplate\":\"https:\\\/\\\/shopatoa.com\\\/ro\\\/?s={search_term_string}\"},\"query-input\":{\"@type\":\"PropertyValueSpecification\",\"valueRequired\":true,\"valueName\":\"search_term_string\"}}],\"inLanguage\":\"ro-RO\"},{\"@type\":\"Organization\",\"@id\":\"https:\\\/\\\/shopatoa.com\\\/ro\\\/#organization\",\"name\":\"SHOPATOA\",\"url\":\"https:\\\/\\\/shopatoa.com\\\/ro\\\/\",\"logo\":{\"@type\":\"ImageObject\",\"inLanguage\":\"ro-RO\",\"@id\":\"https:\\\/\\\/shopatoa.com\\\/ro\\\/#\\\/schema\\\/logo\\\/image\\\/\",\"url\":\"https:\\\/\\\/storage.googleapis.com\\\/cz-shopatoa-img\\\/ro\\\/b4dac915-shopatoa_logo.png\",\"contentUrl\":\"https:\\\/\\\/storage.googleapis.com\\\/cz-shopatoa-img\\\/ro\\\/b4dac915-shopatoa_logo.png\",\"width\":416,\"height\":63,\"caption\":\"SHOPATOA\"},\"image\":{\"@id\":\"https:\\\/\\\/shopatoa.com\\\/ro\\\/#\\\/schema\\\/logo\\\/image\\\/\"}}]}<\/script>\n<!-- \/ Yoast SEO plugin. -->","yoast_head_json":{"title":"Beurer Aparat de tuns barba MN4X - SHOPATOA.COM","robots":{"index":"index","follow":"follow","max-snippet":"max-snippet:-1","max-image-preview":"max-image-preview:large","max-video-preview":"max-video-preview:-1"},"canonical":"https:\/\/shopatoa.com\/ro\/beurer-aparat-de-tuns-barba-mn4x-2\/","og_locale":"ro_RO","og_type":"article","og_title":"Beurer Aparat de tuns barba MN4X - SHOPATOA.COM","og_description":"Aparat de tuns barb\u0103, datorit\u0103 lamei sale din o\u021bel de \u00eenalt\u0103 calitate, cu un strat de titan, asigur\u0103 aranjarea u\u0219oar\u0103 \u0219i rapid\u0103 a b\u0103rbii. Datorit\u0103 celor 10 op\u021biuni de lungime de t\u0103iere, barba dvs. va fi \u00eentotdeauna tuns\u0103 cu precizie. Cu dou\u0103 ata\u0219amente de pieptene reglabile pe lungime, pute\u021bi tunde barba de la 3 la...","og_url":"https:\/\/shopatoa.com\/ro\/beurer-aparat-de-tuns-barba-mn4x-2\/","og_site_name":"SHOPATOA","article_modified_time":"2025-12-13T15:12:55+00:00","og_image":[{"width":800,"height":800,"url":"https:\/\/storage.googleapis.com\/cz-shopatoa-img\/ro\/f3aeb2b3-unnamed-file.webp","type":"image\/webp"}],"twitter_card":"summary_large_image","schema":{"@context":"https:\/\/schema.org","@graph":[{"@type":"WebPage","@id":"https:\/\/shopatoa.com\/ro\/beurer-aparat-de-tuns-barba-mn4x-2\/","url":"https:\/\/shopatoa.com\/ro\/beurer-aparat-de-tuns-barba-mn4x-2\/","name":"Beurer Aparat de tuns barba MN4X - SHOPATOA.COM","isPartOf":{"@id":"https:\/\/shopatoa.com\/ro\/#website"},"primaryImageOfPage":{"@id":"https:\/\/shopatoa.com\/ro\/beurer-aparat-de-tuns-barba-mn4x-2\/#primaryimage"},"image":{"@id":"https:\/\/shopatoa.com\/ro\/beurer-aparat-de-tuns-barba-mn4x-2\/#primaryimage"},"thumbnailUrl":"https:\/\/storage.googleapis.com\/cz-shopatoa-img\/ro\/f3aeb2b3-unnamed-file.webp","datePublished":"2025-05-22T06:28:28+00:00","dateModified":"2025-12-13T15:12:55+00:00","breadcrumb":{"@id":"https:\/\/shopatoa.com\/ro\/beurer-aparat-de-tuns-barba-mn4x-2\/#breadcrumb"},"inLanguage":"ro-RO","potentialAction":[{"@type":"ReadAction","target":["https:\/\/shopatoa.com\/ro\/beurer-aparat-de-tuns-barba-mn4x-2\/"]}]},{"@type":"ImageObject","inLanguage":"ro-RO","@id":"https:\/\/shopatoa.com\/ro\/beurer-aparat-de-tuns-barba-mn4x-2\/#primaryimage","url":"https:\/\/storage.googleapis.com\/cz-shopatoa-img\/ro\/f3aeb2b3-unnamed-file.webp","contentUrl":"https:\/\/storage.googleapis.com\/cz-shopatoa-img\/ro\/f3aeb2b3-unnamed-file.webp","width":800,"height":800},{"@type":"BreadcrumbList","@id":"https:\/\/shopatoa.com\/ro\/beurer-aparat-de-tuns-barba-mn4x-2\/#breadcrumb","itemListElement":[{"@type":"ListItem","position":1,"name":"Dom\u016f","item":"https:\/\/shopatoa.com\/ro\/"},{"@type":"ListItem","position":2,"name":"Shop","item":"https:\/\/shopatoa.com\/ro\/shop\/"},{"@type":"ListItem","position":3,"name":"Cosmetice","item":"https:\/\/shopatoa.com\/ro\/cosmetice\/"},{"@type":"ListItem","position":4,"name":"Barber Shop","item":"https:\/\/shopatoa.com\/ro\/barber-shop\/"},{"@type":"ListItem","position":5,"name":"Barber Shop \u2013 t\u0103iat","item":"https:\/\/shopatoa.com\/ro\/barber-shop-taiat\/"},{"@type":"ListItem","position":6,"name":"Beurer Aparat de tuns barba MN4X"}]},{"@type":"WebSite","@id":"https:\/\/shopatoa.com\/ro\/#website","url":"https:\/\/shopatoa.com\/ro\/","name":"SHOPATOA","description":"","publisher":{"@id":"https:\/\/shopatoa.com\/ro\/#organization"},"potentialAction":[{"@type":"SearchAction","target":{"@type":"EntryPoint","urlTemplate":"https:\/\/shopatoa.com\/ro\/?s={search_term_string}"},"query-input":{"@type":"PropertyValueSpecification","valueRequired":true,"valueName":"search_term_string"}}],"inLanguage":"ro-RO"},{"@type":"Organization","@id":"https:\/\/shopatoa.com\/ro\/#organization","name":"SHOPATOA","url":"https:\/\/shopatoa.com\/ro\/","logo":{"@type":"ImageObject","inLanguage":"ro-RO","@id":"https:\/\/shopatoa.com\/ro\/#\/schema\/logo\/image\/","url":"https:\/\/storage.googleapis.com\/cz-shopatoa-img\/ro\/b4dac915-shopatoa_logo.png","contentUrl":"https:\/\/storage.googleapis.com\/cz-shopatoa-img\/ro\/b4dac915-shopatoa_logo.png","width":416,"height":63,"caption":"SHOPATOA"},"image":{"@id":"https:\/\/shopatoa.com\/ro\/#\/schema\/logo\/image\/"}}]}},"_links":{"self":[{"href":"https:\/\/shopatoa.com\/ro\/wp-json\/wp\/v2\/product\/376603","targetHints":{"allow":["GET"]}}],"collection":[{"href":"https:\/\/shopatoa.com\/ro\/wp-json\/wp\/v2\/product"}],"about":[{"href":"https:\/\/shopatoa.com\/ro\/wp-json\/wp\/v2\/types\/product"}],"replies":[{"embeddable":true,"href":"https:\/\/shopatoa.com\/ro\/wp-json\/wp\/v2\/comments?post=376603"}],"wp:featuredmedia":[{"embeddable":true,"href":"https:\/\/shopatoa.com\/ro\/wp-json\/wp\/v2\/media\/376604"}],"wp:attachment":[{"href":"https:\/\/shopatoa.com\/ro\/wp-json\/wp\/v2\/media?parent=376603"}],"wp:term":[{"taxonomy":"product_brand","embeddable":true,"href":"https:\/\/shopatoa.com\/ro\/wp-json\/wp\/v2\/product_brand?post=376603"},{"taxonomy":"product_cat","embeddable":true,"href":"https:\/\/shopatoa.com\/ro\/wp-json\/wp\/v2\/product_cat?post=376603"},{"taxonomy":"product_tag","embeddable":true,"href":"https:\/\/shopatoa.com\/ro\/wp-json\/wp\/v2\/product_tag?post=376603"}],"curies":[{"name":"wp","href":"https:\/\/api.w.org\/{rel}","templated":true}]}}