{"id":377068,"date":"2025-05-22T08:46:48","date_gmt":"2025-05-22T06:46:48","guid":{"rendered":"https:\/\/shopatoa.com\/ro\/beurer-aparat-pentru-masaj-limfatic-fm150-2\/"},"modified":"2025-12-13T13:05:59","modified_gmt":"2025-12-13T12:05:59","slug":"beurer-aparat-pentru-masaj-limfatic-fm150-2","status":"publish","type":"product","link":"https:\/\/shopatoa.com\/ro\/beurer-aparat-pentru-masaj-limfatic-fm150-2\/","title":{"rendered":"Beurer Aparat pentru masaj limfatic FM150"},"content":{"rendered":"<p>Masajul limfatic FM150 este un aparat de masaj pentru picioare sub presiune care \u00eembun\u0103t\u0103\u021be\u0219te circula\u021bia s\u00e2ngelui \u0219i amelioreaz\u0103 senza\u021bia de picioare grele \u0219i obosite. \u00cen acela\u0219i timp, previne venele varicoase \u0219i dilatate \u0219i amelioreaz\u0103 perfect tensiunea muscular\u0103. Este u\u0219or de manevrat prin control manual. Pute\u021bi ajusta man\u0219eta piciorului exact \u00een func\u021bie de nevoile dvs. folosind Velcro.<\/p>\n","protected":false},"excerpt":{"rendered":"<p>Masajul limfatic FM150 este un aparat de masaj pentru picioare sub presiune care \u00eembun\u0103t\u0103\u021be\u0219te circula\u021bia s\u00e2ngelui \u0219i amelioreaz\u0103 senza\u021bia de picioare grele \u0219i obosite. \u00cen acela\u0219i timp, previne venele varicoase \u0219i dilatate \u0219i amelioreaz\u0103 perfect tensiunea muscular\u0103. Este u\u0219or de manevrat prin control manual. Pute\u021bi ajusta man\u0219eta piciorului exact \u00een func\u021bie de nevoile dvs. folosind&#8230;<\/p>\n","protected":false},"featured_media":377070,"comment_status":"closed","ping_status":"open","template":"","meta":{"_acf_changed":false,"_kadence_starter_templates_imported_post":false,"_kad_post_transparent":"","_kad_post_title":"","_kad_post_layout":"","_kad_post_sidebar_id":"","_kad_post_content_style":"","_kad_post_vertical_padding":"","_kad_post_feature":"","_kad_post_feature_position":"","_kad_post_header":false,"_kad_post_footer":false,"_kad_post_classname":""},"product_brand":[352],"product_cat":[246,676,726,611],"product_tag":[],"class_list":{"0":"post-377068","1":"product","2":"type-product","3":"status-publish","4":"has-post-thumbnail","6":"product_brand-beurer","7":"product_cat-cosmetice","8":"product_cat-dispozitive-si-preparate-pentru-masaj","9":"product_cat-echipament-pentru-masaj","10":"product_cat-produse-cosmetice-pentru-corp","12":"first","13":"instock","14":"product-type-external","15":"entry","16":"content-bg","17":"loop-entry"},"acf":[],"yoast_head":"<!-- This site is optimized with the Yoast SEO plugin v27.4 - https:\/\/yoast.com\/product\/yoast-seo-wordpress\/ -->\n<title>Beurer Aparat pentru masaj limfatic FM150 - SHOPATOA.COM<\/title>\n<meta name=\"robots\" content=\"index, follow, max-snippet:-1, max-image-preview:large, max-video-preview:-1\" \/>\n<link rel=\"canonical\" href=\"https:\/\/shopatoa.com\/ro\/beurer-aparat-pentru-masaj-limfatic-fm150-2\/\" \/>\n<meta property=\"og:locale\" content=\"ro_RO\" \/>\n<meta property=\"og:type\" content=\"article\" \/>\n<meta property=\"og:title\" content=\"Beurer Aparat pentru masaj limfatic FM150 - SHOPATOA.COM\" \/>\n<meta property=\"og:description\" content=\"Masajul limfatic FM150 este un aparat de masaj pentru picioare sub presiune care \u00eembun\u0103t\u0103\u021be\u0219te circula\u021bia s\u00e2ngelui \u0219i amelioreaz\u0103 senza\u021bia de picioare grele \u0219i obosite. \u00cen acela\u0219i timp, previne venele varicoase \u0219i dilatate \u0219i amelioreaz\u0103 perfect tensiunea muscular\u0103. Este u\u0219or de manevrat prin control manual. Pute\u021bi ajusta man\u0219eta piciorului exact \u00een func\u021bie de nevoile dvs. folosind...\" \/>\n<meta property=\"og:url\" content=\"https:\/\/shopatoa.com\/ro\/beurer-aparat-pentru-masaj-limfatic-fm150-2\/\" \/>\n<meta property=\"og:site_name\" content=\"SHOPATOA\" \/>\n<meta property=\"article:modified_time\" content=\"2025-12-13T12:05:59+00:00\" \/>\n<meta property=\"og:image\" content=\"https:\/\/storage.googleapis.com\/cz-shopatoa-img\/ro\/dac1278e-unnamed-file.webp\" \/>\n\t<meta property=\"og:image:width\" content=\"800\" \/>\n\t<meta property=\"og:image:height\" content=\"800\" \/>\n\t<meta property=\"og:image:type\" content=\"image\/webp\" \/>\n<meta name=\"twitter:card\" content=\"summary_large_image\" \/>\n<script type=\"application\/ld+json\" class=\"yoast-schema-graph\">{\"@context\":\"https:\\\/\\\/schema.org\",\"@graph\":[{\"@type\":\"WebPage\",\"@id\":\"https:\\\/\\\/shopatoa.com\\\/ro\\\/beurer-aparat-pentru-masaj-limfatic-fm150-2\\\/\",\"url\":\"https:\\\/\\\/shopatoa.com\\\/ro\\\/beurer-aparat-pentru-masaj-limfatic-fm150-2\\\/\",\"name\":\"Beurer Aparat pentru masaj limfatic FM150 - SHOPATOA.COM\",\"isPartOf\":{\"@id\":\"https:\\\/\\\/shopatoa.com\\\/ro\\\/#website\"},\"primaryImageOfPage\":{\"@id\":\"https:\\\/\\\/shopatoa.com\\\/ro\\\/beurer-aparat-pentru-masaj-limfatic-fm150-2\\\/#primaryimage\"},\"image\":{\"@id\":\"https:\\\/\\\/shopatoa.com\\\/ro\\\/beurer-aparat-pentru-masaj-limfatic-fm150-2\\\/#primaryimage\"},\"thumbnailUrl\":\"https:\\\/\\\/storage.googleapis.com\\\/cz-shopatoa-img\\\/ro\\\/dac1278e-unnamed-file.webp\",\"datePublished\":\"2025-05-22T06:46:48+00:00\",\"dateModified\":\"2025-12-13T12:05:59+00:00\",\"breadcrumb\":{\"@id\":\"https:\\\/\\\/shopatoa.com\\\/ro\\\/beurer-aparat-pentru-masaj-limfatic-fm150-2\\\/#breadcrumb\"},\"inLanguage\":\"ro-RO\",\"potentialAction\":[{\"@type\":\"ReadAction\",\"target\":[\"https:\\\/\\\/shopatoa.com\\\/ro\\\/beurer-aparat-pentru-masaj-limfatic-fm150-2\\\/\"]}]},{\"@type\":\"ImageObject\",\"inLanguage\":\"ro-RO\",\"@id\":\"https:\\\/\\\/shopatoa.com\\\/ro\\\/beurer-aparat-pentru-masaj-limfatic-fm150-2\\\/#primaryimage\",\"url\":\"https:\\\/\\\/storage.googleapis.com\\\/cz-shopatoa-img\\\/ro\\\/dac1278e-unnamed-file.webp\",\"contentUrl\":\"https:\\\/\\\/storage.googleapis.com\\\/cz-shopatoa-img\\\/ro\\\/dac1278e-unnamed-file.webp\",\"width\":800,\"height\":800},{\"@type\":\"BreadcrumbList\",\"@id\":\"https:\\\/\\\/shopatoa.com\\\/ro\\\/beurer-aparat-pentru-masaj-limfatic-fm150-2\\\/#breadcrumb\",\"itemListElement\":[{\"@type\":\"ListItem\",\"position\":1,\"name\":\"Dom\u016f\",\"item\":\"https:\\\/\\\/shopatoa.com\\\/ro\\\/\"},{\"@type\":\"ListItem\",\"position\":2,\"name\":\"Shop\",\"item\":\"https:\\\/\\\/shopatoa.com\\\/ro\\\/shop\\\/\"},{\"@type\":\"ListItem\",\"position\":3,\"name\":\"Cosmetice\",\"item\":\"https:\\\/\\\/shopatoa.com\\\/ro\\\/cosmetice\\\/\"},{\"@type\":\"ListItem\",\"position\":4,\"name\":\"Produse cosmetice pentru corp\",\"item\":\"https:\\\/\\\/shopatoa.com\\\/ro\\\/produse-cosmetice-pentru-corp\\\/\"},{\"@type\":\"ListItem\",\"position\":5,\"name\":\"Dispozitive \u0219i preparate pentru masaj\",\"item\":\"https:\\\/\\\/shopatoa.com\\\/ro\\\/dispozitive-si-preparate-pentru-masaj\\\/\"},{\"@type\":\"ListItem\",\"position\":6,\"name\":\"Echipament pentru masaj\",\"item\":\"https:\\\/\\\/shopatoa.com\\\/ro\\\/echipament-pentru-masaj\\\/\"},{\"@type\":\"ListItem\",\"position\":7,\"name\":\"Beurer Aparat pentru masaj limfatic FM150\"}]},{\"@type\":\"WebSite\",\"@id\":\"https:\\\/\\\/shopatoa.com\\\/ro\\\/#website\",\"url\":\"https:\\\/\\\/shopatoa.com\\\/ro\\\/\",\"name\":\"SHOPATOA\",\"description\":\"\",\"publisher\":{\"@id\":\"https:\\\/\\\/shopatoa.com\\\/ro\\\/#organization\"},\"potentialAction\":[{\"@type\":\"SearchAction\",\"target\":{\"@type\":\"EntryPoint\",\"urlTemplate\":\"https:\\\/\\\/shopatoa.com\\\/ro\\\/?s={search_term_string}\"},\"query-input\":{\"@type\":\"PropertyValueSpecification\",\"valueRequired\":true,\"valueName\":\"search_term_string\"}}],\"inLanguage\":\"ro-RO\"},{\"@type\":\"Organization\",\"@id\":\"https:\\\/\\\/shopatoa.com\\\/ro\\\/#organization\",\"name\":\"SHOPATOA\",\"url\":\"https:\\\/\\\/shopatoa.com\\\/ro\\\/\",\"logo\":{\"@type\":\"ImageObject\",\"inLanguage\":\"ro-RO\",\"@id\":\"https:\\\/\\\/shopatoa.com\\\/ro\\\/#\\\/schema\\\/logo\\\/image\\\/\",\"url\":\"https:\\\/\\\/storage.googleapis.com\\\/cz-shopatoa-img\\\/ro\\\/b4dac915-shopatoa_logo.png\",\"contentUrl\":\"https:\\\/\\\/storage.googleapis.com\\\/cz-shopatoa-img\\\/ro\\\/b4dac915-shopatoa_logo.png\",\"width\":416,\"height\":63,\"caption\":\"SHOPATOA\"},\"image\":{\"@id\":\"https:\\\/\\\/shopatoa.com\\\/ro\\\/#\\\/schema\\\/logo\\\/image\\\/\"}}]}<\/script>\n<!-- \/ Yoast SEO plugin. -->","yoast_head_json":{"title":"Beurer Aparat pentru masaj limfatic FM150 - SHOPATOA.COM","robots":{"index":"index","follow":"follow","max-snippet":"max-snippet:-1","max-image-preview":"max-image-preview:large","max-video-preview":"max-video-preview:-1"},"canonical":"https:\/\/shopatoa.com\/ro\/beurer-aparat-pentru-masaj-limfatic-fm150-2\/","og_locale":"ro_RO","og_type":"article","og_title":"Beurer Aparat pentru masaj limfatic FM150 - SHOPATOA.COM","og_description":"Masajul limfatic FM150 este un aparat de masaj pentru picioare sub presiune care \u00eembun\u0103t\u0103\u021be\u0219te circula\u021bia s\u00e2ngelui \u0219i amelioreaz\u0103 senza\u021bia de picioare grele \u0219i obosite. \u00cen acela\u0219i timp, previne venele varicoase \u0219i dilatate \u0219i amelioreaz\u0103 perfect tensiunea muscular\u0103. Este u\u0219or de manevrat prin control manual. Pute\u021bi ajusta man\u0219eta piciorului exact \u00een func\u021bie de nevoile dvs. folosind...","og_url":"https:\/\/shopatoa.com\/ro\/beurer-aparat-pentru-masaj-limfatic-fm150-2\/","og_site_name":"SHOPATOA","article_modified_time":"2025-12-13T12:05:59+00:00","og_image":[{"width":800,"height":800,"url":"https:\/\/storage.googleapis.com\/cz-shopatoa-img\/ro\/dac1278e-unnamed-file.webp","type":"image\/webp"}],"twitter_card":"summary_large_image","schema":{"@context":"https:\/\/schema.org","@graph":[{"@type":"WebPage","@id":"https:\/\/shopatoa.com\/ro\/beurer-aparat-pentru-masaj-limfatic-fm150-2\/","url":"https:\/\/shopatoa.com\/ro\/beurer-aparat-pentru-masaj-limfatic-fm150-2\/","name":"Beurer Aparat pentru masaj limfatic FM150 - SHOPATOA.COM","isPartOf":{"@id":"https:\/\/shopatoa.com\/ro\/#website"},"primaryImageOfPage":{"@id":"https:\/\/shopatoa.com\/ro\/beurer-aparat-pentru-masaj-limfatic-fm150-2\/#primaryimage"},"image":{"@id":"https:\/\/shopatoa.com\/ro\/beurer-aparat-pentru-masaj-limfatic-fm150-2\/#primaryimage"},"thumbnailUrl":"https:\/\/storage.googleapis.com\/cz-shopatoa-img\/ro\/dac1278e-unnamed-file.webp","datePublished":"2025-05-22T06:46:48+00:00","dateModified":"2025-12-13T12:05:59+00:00","breadcrumb":{"@id":"https:\/\/shopatoa.com\/ro\/beurer-aparat-pentru-masaj-limfatic-fm150-2\/#breadcrumb"},"inLanguage":"ro-RO","potentialAction":[{"@type":"ReadAction","target":["https:\/\/shopatoa.com\/ro\/beurer-aparat-pentru-masaj-limfatic-fm150-2\/"]}]},{"@type":"ImageObject","inLanguage":"ro-RO","@id":"https:\/\/shopatoa.com\/ro\/beurer-aparat-pentru-masaj-limfatic-fm150-2\/#primaryimage","url":"https:\/\/storage.googleapis.com\/cz-shopatoa-img\/ro\/dac1278e-unnamed-file.webp","contentUrl":"https:\/\/storage.googleapis.com\/cz-shopatoa-img\/ro\/dac1278e-unnamed-file.webp","width":800,"height":800},{"@type":"BreadcrumbList","@id":"https:\/\/shopatoa.com\/ro\/beurer-aparat-pentru-masaj-limfatic-fm150-2\/#breadcrumb","itemListElement":[{"@type":"ListItem","position":1,"name":"Dom\u016f","item":"https:\/\/shopatoa.com\/ro\/"},{"@type":"ListItem","position":2,"name":"Shop","item":"https:\/\/shopatoa.com\/ro\/shop\/"},{"@type":"ListItem","position":3,"name":"Cosmetice","item":"https:\/\/shopatoa.com\/ro\/cosmetice\/"},{"@type":"ListItem","position":4,"name":"Produse cosmetice pentru corp","item":"https:\/\/shopatoa.com\/ro\/produse-cosmetice-pentru-corp\/"},{"@type":"ListItem","position":5,"name":"Dispozitive \u0219i preparate pentru masaj","item":"https:\/\/shopatoa.com\/ro\/dispozitive-si-preparate-pentru-masaj\/"},{"@type":"ListItem","position":6,"name":"Echipament pentru masaj","item":"https:\/\/shopatoa.com\/ro\/echipament-pentru-masaj\/"},{"@type":"ListItem","position":7,"name":"Beurer Aparat pentru masaj limfatic FM150"}]},{"@type":"WebSite","@id":"https:\/\/shopatoa.com\/ro\/#website","url":"https:\/\/shopatoa.com\/ro\/","name":"SHOPATOA","description":"","publisher":{"@id":"https:\/\/shopatoa.com\/ro\/#organization"},"potentialAction":[{"@type":"SearchAction","target":{"@type":"EntryPoint","urlTemplate":"https:\/\/shopatoa.com\/ro\/?s={search_term_string}"},"query-input":{"@type":"PropertyValueSpecification","valueRequired":true,"valueName":"search_term_string"}}],"inLanguage":"ro-RO"},{"@type":"Organization","@id":"https:\/\/shopatoa.com\/ro\/#organization","name":"SHOPATOA","url":"https:\/\/shopatoa.com\/ro\/","logo":{"@type":"ImageObject","inLanguage":"ro-RO","@id":"https:\/\/shopatoa.com\/ro\/#\/schema\/logo\/image\/","url":"https:\/\/storage.googleapis.com\/cz-shopatoa-img\/ro\/b4dac915-shopatoa_logo.png","contentUrl":"https:\/\/storage.googleapis.com\/cz-shopatoa-img\/ro\/b4dac915-shopatoa_logo.png","width":416,"height":63,"caption":"SHOPATOA"},"image":{"@id":"https:\/\/shopatoa.com\/ro\/#\/schema\/logo\/image\/"}}]}},"_links":{"self":[{"href":"https:\/\/shopatoa.com\/ro\/wp-json\/wp\/v2\/product\/377068","targetHints":{"allow":["GET"]}}],"collection":[{"href":"https:\/\/shopatoa.com\/ro\/wp-json\/wp\/v2\/product"}],"about":[{"href":"https:\/\/shopatoa.com\/ro\/wp-json\/wp\/v2\/types\/product"}],"replies":[{"embeddable":true,"href":"https:\/\/shopatoa.com\/ro\/wp-json\/wp\/v2\/comments?post=377068"}],"wp:featuredmedia":[{"embeddable":true,"href":"https:\/\/shopatoa.com\/ro\/wp-json\/wp\/v2\/media\/377070"}],"wp:attachment":[{"href":"https:\/\/shopatoa.com\/ro\/wp-json\/wp\/v2\/media?parent=377068"}],"wp:term":[{"taxonomy":"product_brand","embeddable":true,"href":"https:\/\/shopatoa.com\/ro\/wp-json\/wp\/v2\/product_brand?post=377068"},{"taxonomy":"product_cat","embeddable":true,"href":"https:\/\/shopatoa.com\/ro\/wp-json\/wp\/v2\/product_cat?post=377068"},{"taxonomy":"product_tag","embeddable":true,"href":"https:\/\/shopatoa.com\/ro\/wp-json\/wp\/v2\/product_tag?post=377068"}],"curies":[{"name":"wp","href":"https:\/\/api.w.org\/{rel}","templated":true}]}}