{"id":377235,"date":"2025-05-22T08:52:49","date_gmt":"2025-05-22T06:52:49","guid":{"rendered":"https:\/\/shopatoa.com\/ro\/magnetifico-power-of-pheromones-parfum-cu-feromoni-pentru-barbati-pheromone-secret-scent-20-ml-2\/"},"modified":"2025-12-13T12:56:54","modified_gmt":"2025-12-13T11:56:54","slug":"magnetifico-power-of-pheromones-parfum-cu-feromoni-pentru-barbati-pheromone-secret-scent-20-ml-2","status":"publish","type":"product","link":"https:\/\/shopatoa.com\/ro\/magnetifico-power-of-pheromones-parfum-cu-feromoni-pentru-barbati-pheromone-secret-scent-20-ml-2\/","title":{"rendered":"Magnetifico Power Of Pheromones Parfum cu feromoni pentru b\u0103rba\u021bi Pheromone Secret Scent 20 ml"},"content":{"rendered":"<p>Parfum pentru cre\u0219terea atractivit\u0103\u021bii sexuale din seria Magnetifico power of pheromons. Calitate superioar\u0103. Parfum unic pentru cre\u0219terea atractivit\u0103\u021bii sexuale, a \u00eencrederii \u00een sine \u0219i a respectului fa\u021b\u0103 de b\u0103rba\u021bi bazat pe formula AT-SC-R for man. Compozi\u021bia unic\u0103 a seriei Magnetifico power of pheromons pentru b\u0103rba\u021bi a fost reunit\u0103 astfel \u00eenc\u00e2t s\u0103 creasc\u0103 drastic atractivitatea sexual\u0103 a b\u0103rba\u021bilor din perspectiva femeilor. Con\u021bine ingrediente concepute pentru a cre\u0219te subcon\u0219tient \u201echimia sexual\u0103\u201d. Ele v\u0103 vor ajuta nu numai \u00een cre\u0219terea atractivit\u0103\u021bii sexuale, ci \u0219i \u00een timpul unui interviu de angajare, la \u0219coal\u0103 \u00een timpul examenelor sau la o \u00eent\u00e2lnire de afaceri. Acestea v\u0103 pot ajuta, de asemenea, s\u0103 v\u0103 c\u00e2\u0219tiga\u021bi respectul partenerilor dumneavoastr\u0103 \u00een dragoste. Seria Magnetifico &#8211; power of pheromones are o compozi\u021bie unic\u0103 care a fost dezvoltat\u0103 pe baza FORMULA AT-SC-R. AT-SC-R FORMULA for man este o combina\u021bie unic\u0103 de substan\u021be care m\u0103resc atractivitatea sexual\u0103 a b\u0103rba\u021bilor din punctul de vedere al femeilor care \u00ee\u0219i folosesc subcon\u0219tientul \u0219i sim\u021burile. Ele sporesc \u00eencrederea \u00een sine a b\u0103rba\u021bilor \u0219i au ca efect c\u00e2\u0219tigarea respectului at\u00e2t de la b\u0103rba\u021bi, c\u00e2t \u0219i de la femei. Produsele din linia Magnetifico \u2013 power of pheromones sunt adev\u0103rate parfumuri. Aceasta \u00eenseamn\u0103 c\u0103 con\u021bin mai mult de 15% din ingredientele de parfum. Durabilitatea lor este cu adev\u0103rat incredibil\u0103. Compozi\u021bie de parfum citrice-lemn pentru b\u0103rba\u021bi. Este o explozie de tonuri captivante, care exprim\u0103 perfec\u021biunea, elegan\u021ba \u0219i luxul. Un parfum modern pentru b\u0103rba\u021bi, bazat pe un clasic dovedit, de care nu numai dumneavoastr\u0103, ci \u0219i femeile din jurul dumneavoastr\u0103 vor deveni dependente. Tip: citrice &#8211; lemnos Cap: bergamot\u0103, l\u0103m\u00e2ie, mandarin\u0103, m\u0103r verde, lavand\u0103, coriandru, Inima: iasomie, trandafir, paciuli, piper, lemn, Baza: lichen, piele, chihlimbar, vetiver, mosc.<\/p>\n","protected":false},"excerpt":{"rendered":"<p>Parfum pentru cre\u0219terea atractivit\u0103\u021bii sexuale din seria Magnetifico power of pheromons. Calitate superioar\u0103. Parfum unic pentru cre\u0219terea atractivit\u0103\u021bii sexuale, a \u00eencrederii \u00een sine \u0219i a respectului fa\u021b\u0103 de b\u0103rba\u021bi bazat pe formula AT-SC-R for man. Compozi\u021bia unic\u0103 a seriei Magnetifico power of pheromons pentru b\u0103rba\u021bi a fost reunit\u0103 astfel \u00eenc\u00e2t s\u0103 creasc\u0103 drastic atractivitatea sexual\u0103&#8230;<\/p>\n","protected":false},"featured_media":377236,"comment_status":"closed","ping_status":"open","template":"","meta":{"_acf_changed":false,"_kadence_starter_templates_imported_post":false,"_kad_post_transparent":"","_kad_post_title":"","_kad_post_layout":"","_kad_post_sidebar_id":"","_kad_post_content_style":"","_kad_post_vertical_padding":"","_kad_post_feature":"","_kad_post_feature_position":"","_kad_post_header":false,"_kad_post_footer":false,"_kad_post_classname":""},"product_brand":[978],"product_cat":[612,246,611],"product_tag":[],"class_list":{"0":"post-377235","1":"product","2":"type-product","3":"status-publish","4":"has-post-thumbnail","6":"product_brand-magnetifico-power-of-pheromones","7":"product_cat-cosmetica-pentru-ingrijirea-corpului","8":"product_cat-cosmetice","9":"product_cat-produse-cosmetice-pentru-corp","11":"first","12":"instock","13":"product-type-external","14":"entry","15":"content-bg","16":"loop-entry"},"acf":[],"yoast_head":"<!-- This site is optimized with the Yoast SEO plugin v27.4 - https:\/\/yoast.com\/product\/yoast-seo-wordpress\/ -->\n<title>Magnetifico Power Of Pheromones Parfum cu feromoni pentru b\u0103rba\u021bi Pheromone Secret Scent 20 ml - SHOPATOA.COM<\/title>\n<meta name=\"robots\" content=\"index, follow, max-snippet:-1, max-image-preview:large, max-video-preview:-1\" \/>\n<link rel=\"canonical\" href=\"https:\/\/shopatoa.com\/ro\/magnetifico-power-of-pheromones-parfum-cu-feromoni-pentru-barbati-pheromone-secret-scent-20-ml-2\/\" \/>\n<meta property=\"og:locale\" content=\"ro_RO\" \/>\n<meta property=\"og:type\" content=\"article\" \/>\n<meta property=\"og:title\" content=\"Magnetifico Power Of Pheromones Parfum cu feromoni pentru b\u0103rba\u021bi Pheromone Secret Scent 20 ml - SHOPATOA.COM\" \/>\n<meta property=\"og:description\" content=\"Parfum pentru cre\u0219terea atractivit\u0103\u021bii sexuale din seria Magnetifico power of pheromons. Calitate superioar\u0103. Parfum unic pentru cre\u0219terea atractivit\u0103\u021bii sexuale, a \u00eencrederii \u00een sine \u0219i a respectului fa\u021b\u0103 de b\u0103rba\u021bi bazat pe formula AT-SC-R for man. Compozi\u021bia unic\u0103 a seriei Magnetifico power of pheromons pentru b\u0103rba\u021bi a fost reunit\u0103 astfel \u00eenc\u00e2t s\u0103 creasc\u0103 drastic atractivitatea sexual\u0103...\" \/>\n<meta property=\"og:url\" content=\"https:\/\/shopatoa.com\/ro\/magnetifico-power-of-pheromones-parfum-cu-feromoni-pentru-barbati-pheromone-secret-scent-20-ml-2\/\" \/>\n<meta property=\"og:site_name\" content=\"SHOPATOA\" \/>\n<meta property=\"article:modified_time\" content=\"2025-12-13T11:56:54+00:00\" \/>\n<meta property=\"og:image\" content=\"https:\/\/storage.googleapis.com\/cz-shopatoa-img\/ro\/c04f93ef-unnamed-file.webp\" \/>\n\t<meta property=\"og:image:width\" content=\"800\" \/>\n\t<meta property=\"og:image:height\" content=\"800\" \/>\n\t<meta property=\"og:image:type\" content=\"image\/webp\" \/>\n<meta name=\"twitter:card\" content=\"summary_large_image\" \/>\n<meta name=\"twitter:label1\" content=\"Timp estimat pentru citire\" \/>\n\t<meta name=\"twitter:data1\" content=\"2 minute\" \/>\n<script type=\"application\/ld+json\" class=\"yoast-schema-graph\">{\"@context\":\"https:\\\/\\\/schema.org\",\"@graph\":[{\"@type\":\"WebPage\",\"@id\":\"https:\\\/\\\/shopatoa.com\\\/ro\\\/magnetifico-power-of-pheromones-parfum-cu-feromoni-pentru-barbati-pheromone-secret-scent-20-ml-2\\\/\",\"url\":\"https:\\\/\\\/shopatoa.com\\\/ro\\\/magnetifico-power-of-pheromones-parfum-cu-feromoni-pentru-barbati-pheromone-secret-scent-20-ml-2\\\/\",\"name\":\"Magnetifico Power Of Pheromones Parfum cu feromoni pentru b\u0103rba\u021bi Pheromone Secret Scent 20 ml - SHOPATOA.COM\",\"isPartOf\":{\"@id\":\"https:\\\/\\\/shopatoa.com\\\/ro\\\/#website\"},\"primaryImageOfPage\":{\"@id\":\"https:\\\/\\\/shopatoa.com\\\/ro\\\/magnetifico-power-of-pheromones-parfum-cu-feromoni-pentru-barbati-pheromone-secret-scent-20-ml-2\\\/#primaryimage\"},\"image\":{\"@id\":\"https:\\\/\\\/shopatoa.com\\\/ro\\\/magnetifico-power-of-pheromones-parfum-cu-feromoni-pentru-barbati-pheromone-secret-scent-20-ml-2\\\/#primaryimage\"},\"thumbnailUrl\":\"https:\\\/\\\/storage.googleapis.com\\\/cz-shopatoa-img\\\/ro\\\/c04f93ef-unnamed-file.webp\",\"datePublished\":\"2025-05-22T06:52:49+00:00\",\"dateModified\":\"2025-12-13T11:56:54+00:00\",\"breadcrumb\":{\"@id\":\"https:\\\/\\\/shopatoa.com\\\/ro\\\/magnetifico-power-of-pheromones-parfum-cu-feromoni-pentru-barbati-pheromone-secret-scent-20-ml-2\\\/#breadcrumb\"},\"inLanguage\":\"ro-RO\",\"potentialAction\":[{\"@type\":\"ReadAction\",\"target\":[\"https:\\\/\\\/shopatoa.com\\\/ro\\\/magnetifico-power-of-pheromones-parfum-cu-feromoni-pentru-barbati-pheromone-secret-scent-20-ml-2\\\/\"]}]},{\"@type\":\"ImageObject\",\"inLanguage\":\"ro-RO\",\"@id\":\"https:\\\/\\\/shopatoa.com\\\/ro\\\/magnetifico-power-of-pheromones-parfum-cu-feromoni-pentru-barbati-pheromone-secret-scent-20-ml-2\\\/#primaryimage\",\"url\":\"https:\\\/\\\/storage.googleapis.com\\\/cz-shopatoa-img\\\/ro\\\/c04f93ef-unnamed-file.webp\",\"contentUrl\":\"https:\\\/\\\/storage.googleapis.com\\\/cz-shopatoa-img\\\/ro\\\/c04f93ef-unnamed-file.webp\",\"width\":800,\"height\":800},{\"@type\":\"BreadcrumbList\",\"@id\":\"https:\\\/\\\/shopatoa.com\\\/ro\\\/magnetifico-power-of-pheromones-parfum-cu-feromoni-pentru-barbati-pheromone-secret-scent-20-ml-2\\\/#breadcrumb\",\"itemListElement\":[{\"@type\":\"ListItem\",\"position\":1,\"name\":\"Dom\u016f\",\"item\":\"https:\\\/\\\/shopatoa.com\\\/ro\\\/\"},{\"@type\":\"ListItem\",\"position\":2,\"name\":\"Shop\",\"item\":\"https:\\\/\\\/shopatoa.com\\\/ro\\\/shop\\\/\"},{\"@type\":\"ListItem\",\"position\":3,\"name\":\"Cosmetice\",\"item\":\"https:\\\/\\\/shopatoa.com\\\/ro\\\/cosmetice\\\/\"},{\"@type\":\"ListItem\",\"position\":4,\"name\":\"Produse cosmetice pentru corp\",\"item\":\"https:\\\/\\\/shopatoa.com\\\/ro\\\/produse-cosmetice-pentru-corp\\\/\"},{\"@type\":\"ListItem\",\"position\":5,\"name\":\"Cosmetica pentru \u00eengrijirea corpului\",\"item\":\"https:\\\/\\\/shopatoa.com\\\/ro\\\/cosmetica-pentru-ingrijirea-corpului\\\/\"},{\"@type\":\"ListItem\",\"position\":6,\"name\":\"Magnetifico Power Of Pheromones Parfum cu feromoni pentru b\u0103rba\u021bi Pheromone Secret Scent 20 ml\"}]},{\"@type\":\"WebSite\",\"@id\":\"https:\\\/\\\/shopatoa.com\\\/ro\\\/#website\",\"url\":\"https:\\\/\\\/shopatoa.com\\\/ro\\\/\",\"name\":\"SHOPATOA\",\"description\":\"\",\"publisher\":{\"@id\":\"https:\\\/\\\/shopatoa.com\\\/ro\\\/#organization\"},\"potentialAction\":[{\"@type\":\"SearchAction\",\"target\":{\"@type\":\"EntryPoint\",\"urlTemplate\":\"https:\\\/\\\/shopatoa.com\\\/ro\\\/?s={search_term_string}\"},\"query-input\":{\"@type\":\"PropertyValueSpecification\",\"valueRequired\":true,\"valueName\":\"search_term_string\"}}],\"inLanguage\":\"ro-RO\"},{\"@type\":\"Organization\",\"@id\":\"https:\\\/\\\/shopatoa.com\\\/ro\\\/#organization\",\"name\":\"SHOPATOA\",\"url\":\"https:\\\/\\\/shopatoa.com\\\/ro\\\/\",\"logo\":{\"@type\":\"ImageObject\",\"inLanguage\":\"ro-RO\",\"@id\":\"https:\\\/\\\/shopatoa.com\\\/ro\\\/#\\\/schema\\\/logo\\\/image\\\/\",\"url\":\"https:\\\/\\\/storage.googleapis.com\\\/cz-shopatoa-img\\\/ro\\\/b4dac915-shopatoa_logo.png\",\"contentUrl\":\"https:\\\/\\\/storage.googleapis.com\\\/cz-shopatoa-img\\\/ro\\\/b4dac915-shopatoa_logo.png\",\"width\":416,\"height\":63,\"caption\":\"SHOPATOA\"},\"image\":{\"@id\":\"https:\\\/\\\/shopatoa.com\\\/ro\\\/#\\\/schema\\\/logo\\\/image\\\/\"}}]}<\/script>\n<!-- \/ Yoast SEO plugin. -->","yoast_head_json":{"title":"Magnetifico Power Of Pheromones Parfum cu feromoni pentru b\u0103rba\u021bi Pheromone Secret Scent 20 ml - SHOPATOA.COM","robots":{"index":"index","follow":"follow","max-snippet":"max-snippet:-1","max-image-preview":"max-image-preview:large","max-video-preview":"max-video-preview:-1"},"canonical":"https:\/\/shopatoa.com\/ro\/magnetifico-power-of-pheromones-parfum-cu-feromoni-pentru-barbati-pheromone-secret-scent-20-ml-2\/","og_locale":"ro_RO","og_type":"article","og_title":"Magnetifico Power Of Pheromones Parfum cu feromoni pentru b\u0103rba\u021bi Pheromone Secret Scent 20 ml - SHOPATOA.COM","og_description":"Parfum pentru cre\u0219terea atractivit\u0103\u021bii sexuale din seria Magnetifico power of pheromons. Calitate superioar\u0103. Parfum unic pentru cre\u0219terea atractivit\u0103\u021bii sexuale, a \u00eencrederii \u00een sine \u0219i a respectului fa\u021b\u0103 de b\u0103rba\u021bi bazat pe formula AT-SC-R for man. Compozi\u021bia unic\u0103 a seriei Magnetifico power of pheromons pentru b\u0103rba\u021bi a fost reunit\u0103 astfel \u00eenc\u00e2t s\u0103 creasc\u0103 drastic atractivitatea sexual\u0103...","og_url":"https:\/\/shopatoa.com\/ro\/magnetifico-power-of-pheromones-parfum-cu-feromoni-pentru-barbati-pheromone-secret-scent-20-ml-2\/","og_site_name":"SHOPATOA","article_modified_time":"2025-12-13T11:56:54+00:00","og_image":[{"width":800,"height":800,"url":"https:\/\/storage.googleapis.com\/cz-shopatoa-img\/ro\/c04f93ef-unnamed-file.webp","type":"image\/webp"}],"twitter_card":"summary_large_image","twitter_misc":{"Timp estimat pentru citire":"2 minute"},"schema":{"@context":"https:\/\/schema.org","@graph":[{"@type":"WebPage","@id":"https:\/\/shopatoa.com\/ro\/magnetifico-power-of-pheromones-parfum-cu-feromoni-pentru-barbati-pheromone-secret-scent-20-ml-2\/","url":"https:\/\/shopatoa.com\/ro\/magnetifico-power-of-pheromones-parfum-cu-feromoni-pentru-barbati-pheromone-secret-scent-20-ml-2\/","name":"Magnetifico Power Of Pheromones Parfum cu feromoni pentru b\u0103rba\u021bi Pheromone Secret Scent 20 ml - SHOPATOA.COM","isPartOf":{"@id":"https:\/\/shopatoa.com\/ro\/#website"},"primaryImageOfPage":{"@id":"https:\/\/shopatoa.com\/ro\/magnetifico-power-of-pheromones-parfum-cu-feromoni-pentru-barbati-pheromone-secret-scent-20-ml-2\/#primaryimage"},"image":{"@id":"https:\/\/shopatoa.com\/ro\/magnetifico-power-of-pheromones-parfum-cu-feromoni-pentru-barbati-pheromone-secret-scent-20-ml-2\/#primaryimage"},"thumbnailUrl":"https:\/\/storage.googleapis.com\/cz-shopatoa-img\/ro\/c04f93ef-unnamed-file.webp","datePublished":"2025-05-22T06:52:49+00:00","dateModified":"2025-12-13T11:56:54+00:00","breadcrumb":{"@id":"https:\/\/shopatoa.com\/ro\/magnetifico-power-of-pheromones-parfum-cu-feromoni-pentru-barbati-pheromone-secret-scent-20-ml-2\/#breadcrumb"},"inLanguage":"ro-RO","potentialAction":[{"@type":"ReadAction","target":["https:\/\/shopatoa.com\/ro\/magnetifico-power-of-pheromones-parfum-cu-feromoni-pentru-barbati-pheromone-secret-scent-20-ml-2\/"]}]},{"@type":"ImageObject","inLanguage":"ro-RO","@id":"https:\/\/shopatoa.com\/ro\/magnetifico-power-of-pheromones-parfum-cu-feromoni-pentru-barbati-pheromone-secret-scent-20-ml-2\/#primaryimage","url":"https:\/\/storage.googleapis.com\/cz-shopatoa-img\/ro\/c04f93ef-unnamed-file.webp","contentUrl":"https:\/\/storage.googleapis.com\/cz-shopatoa-img\/ro\/c04f93ef-unnamed-file.webp","width":800,"height":800},{"@type":"BreadcrumbList","@id":"https:\/\/shopatoa.com\/ro\/magnetifico-power-of-pheromones-parfum-cu-feromoni-pentru-barbati-pheromone-secret-scent-20-ml-2\/#breadcrumb","itemListElement":[{"@type":"ListItem","position":1,"name":"Dom\u016f","item":"https:\/\/shopatoa.com\/ro\/"},{"@type":"ListItem","position":2,"name":"Shop","item":"https:\/\/shopatoa.com\/ro\/shop\/"},{"@type":"ListItem","position":3,"name":"Cosmetice","item":"https:\/\/shopatoa.com\/ro\/cosmetice\/"},{"@type":"ListItem","position":4,"name":"Produse cosmetice pentru corp","item":"https:\/\/shopatoa.com\/ro\/produse-cosmetice-pentru-corp\/"},{"@type":"ListItem","position":5,"name":"Cosmetica pentru \u00eengrijirea corpului","item":"https:\/\/shopatoa.com\/ro\/cosmetica-pentru-ingrijirea-corpului\/"},{"@type":"ListItem","position":6,"name":"Magnetifico Power Of Pheromones Parfum cu feromoni pentru b\u0103rba\u021bi Pheromone Secret Scent 20 ml"}]},{"@type":"WebSite","@id":"https:\/\/shopatoa.com\/ro\/#website","url":"https:\/\/shopatoa.com\/ro\/","name":"SHOPATOA","description":"","publisher":{"@id":"https:\/\/shopatoa.com\/ro\/#organization"},"potentialAction":[{"@type":"SearchAction","target":{"@type":"EntryPoint","urlTemplate":"https:\/\/shopatoa.com\/ro\/?s={search_term_string}"},"query-input":{"@type":"PropertyValueSpecification","valueRequired":true,"valueName":"search_term_string"}}],"inLanguage":"ro-RO"},{"@type":"Organization","@id":"https:\/\/shopatoa.com\/ro\/#organization","name":"SHOPATOA","url":"https:\/\/shopatoa.com\/ro\/","logo":{"@type":"ImageObject","inLanguage":"ro-RO","@id":"https:\/\/shopatoa.com\/ro\/#\/schema\/logo\/image\/","url":"https:\/\/storage.googleapis.com\/cz-shopatoa-img\/ro\/b4dac915-shopatoa_logo.png","contentUrl":"https:\/\/storage.googleapis.com\/cz-shopatoa-img\/ro\/b4dac915-shopatoa_logo.png","width":416,"height":63,"caption":"SHOPATOA"},"image":{"@id":"https:\/\/shopatoa.com\/ro\/#\/schema\/logo\/image\/"}}]}},"_links":{"self":[{"href":"https:\/\/shopatoa.com\/ro\/wp-json\/wp\/v2\/product\/377235","targetHints":{"allow":["GET"]}}],"collection":[{"href":"https:\/\/shopatoa.com\/ro\/wp-json\/wp\/v2\/product"}],"about":[{"href":"https:\/\/shopatoa.com\/ro\/wp-json\/wp\/v2\/types\/product"}],"replies":[{"embeddable":true,"href":"https:\/\/shopatoa.com\/ro\/wp-json\/wp\/v2\/comments?post=377235"}],"wp:featuredmedia":[{"embeddable":true,"href":"https:\/\/shopatoa.com\/ro\/wp-json\/wp\/v2\/media\/377236"}],"wp:attachment":[{"href":"https:\/\/shopatoa.com\/ro\/wp-json\/wp\/v2\/media?parent=377235"}],"wp:term":[{"taxonomy":"product_brand","embeddable":true,"href":"https:\/\/shopatoa.com\/ro\/wp-json\/wp\/v2\/product_brand?post=377235"},{"taxonomy":"product_cat","embeddable":true,"href":"https:\/\/shopatoa.com\/ro\/wp-json\/wp\/v2\/product_cat?post=377235"},{"taxonomy":"product_tag","embeddable":true,"href":"https:\/\/shopatoa.com\/ro\/wp-json\/wp\/v2\/product_tag?post=377235"}],"curies":[{"name":"wp","href":"https:\/\/api.w.org\/{rel}","templated":true}]}}