{"id":377255,"date":"2025-05-22T08:52:49","date_gmt":"2025-05-22T06:52:49","guid":{"rendered":"https:\/\/shopatoa.com\/ro\/lr-health-beauty-apa-parfumata-pure-tenderness-by-guido-maria-kretschmer-edp-50-ml-2\/"},"modified":"2025-12-06T08:34:27","modified_gmt":"2025-12-06T07:34:27","slug":"lr-health-beauty-apa-parfumata-pure-tenderness-by-guido-maria-kretschmer-edp-50-ml-2","status":"publish","type":"product","link":"https:\/\/shopatoa.com\/ro\/lr-health-beauty-apa-parfumata-pure-tenderness-by-guido-maria-kretschmer-edp-50-ml-2\/","title":{"rendered":"LR health &amp; beauty Apa parfumat\u0103 Pure Tenderness by Guido Maria Kretschmer EDP 50 ml"},"content":{"rendered":"<p>\u00cen calitate de stilist de mod\u0103 recunoscut interna\u021bional, Guido Maria Kretschmer creeaz\u0103 de ani de zile moda pentru femei \u0219i b\u0103rba\u021bi. Modelele lui se adapteaz\u0103 complet persoanelor care le poart\u0103. \u00cens\u0103 stilul perfect include \u0219i un parfum care s\u0103 eviden\u021bieze personalitatea. Cap: cardamom, frezie Inim\u0103: flori albe, l\u0103cr\u0103mioare Baza: lemn de cedru, boabe de tonka<\/p>\n","protected":false},"excerpt":{"rendered":"<p>\u00cen calitate de stilist de mod\u0103 recunoscut interna\u021bional, Guido Maria Kretschmer creeaz\u0103 de ani de zile moda pentru femei \u0219i b\u0103rba\u021bi. Modelele lui se adapteaz\u0103 complet persoanelor care le poart\u0103. \u00cens\u0103 stilul perfect include \u0219i un parfum care s\u0103 eviden\u021bieze personalitatea. Cap: cardamom, frezie Inim\u0103: flori albe, l\u0103cr\u0103mioare Baza: lemn de cedru, boabe de tonka<\/p>\n","protected":false},"featured_media":377257,"comment_status":"closed","ping_status":"open","template":"","meta":{"_acf_changed":false,"_kadence_starter_templates_imported_post":false,"_kad_post_transparent":"","_kad_post_title":"","_kad_post_layout":"","_kad_post_sidebar_id":"","_kad_post_content_style":"","_kad_post_vertical_padding":"","_kad_post_feature":"","_kad_post_feature_position":"","_kad_post_header":false,"_kad_post_footer":false,"_kad_post_classname":""},"product_brand":[596],"product_cat":[246,611],"product_tag":[],"class_list":{"0":"post-377255","1":"product","2":"type-product","3":"status-publish","4":"has-post-thumbnail","6":"product_brand-lr-health-beauty","7":"product_cat-cosmetice","8":"product_cat-produse-cosmetice-pentru-corp","10":"first","11":"instock","12":"sale","13":"product-type-external","14":"entry","15":"content-bg","16":"loop-entry"},"acf":[],"yoast_head":"<!-- This site is optimized with the Yoast SEO plugin v27.4 - https:\/\/yoast.com\/product\/yoast-seo-wordpress\/ -->\n<title>LR health &amp; beauty Apa parfumat\u0103 Pure Tenderness by Guido Maria Kretschmer EDP 50 ml - SHOPATOA.COM<\/title>\n<meta name=\"robots\" content=\"index, follow, max-snippet:-1, max-image-preview:large, max-video-preview:-1\" \/>\n<link rel=\"canonical\" href=\"https:\/\/shopatoa.com\/ro\/lr-health-beauty-apa-parfumata-pure-tenderness-by-guido-maria-kretschmer-edp-50-ml-2\/\" \/>\n<meta property=\"og:locale\" content=\"ro_RO\" \/>\n<meta property=\"og:type\" content=\"article\" \/>\n<meta property=\"og:title\" content=\"LR health &amp; beauty Apa parfumat\u0103 Pure Tenderness by Guido Maria Kretschmer EDP 50 ml - SHOPATOA.COM\" \/>\n<meta property=\"og:description\" content=\"\u00cen calitate de stilist de mod\u0103 recunoscut interna\u021bional, Guido Maria Kretschmer creeaz\u0103 de ani de zile moda pentru femei \u0219i b\u0103rba\u021bi. Modelele lui se adapteaz\u0103 complet persoanelor care le poart\u0103. \u00cens\u0103 stilul perfect include \u0219i un parfum care s\u0103 eviden\u021bieze personalitatea. Cap: cardamom, frezie Inim\u0103: flori albe, l\u0103cr\u0103mioare Baza: lemn de cedru, boabe de tonka\" \/>\n<meta property=\"og:url\" content=\"https:\/\/shopatoa.com\/ro\/lr-health-beauty-apa-parfumata-pure-tenderness-by-guido-maria-kretschmer-edp-50-ml-2\/\" \/>\n<meta property=\"og:site_name\" content=\"SHOPATOA\" \/>\n<meta property=\"article:modified_time\" content=\"2025-12-06T07:34:27+00:00\" \/>\n<meta property=\"og:image\" content=\"https:\/\/storage.googleapis.com\/cz-shopatoa-img\/ro\/23fff3b3-unnamed-file.webp\" \/>\n\t<meta property=\"og:image:width\" content=\"800\" \/>\n\t<meta property=\"og:image:height\" content=\"800\" \/>\n\t<meta property=\"og:image:type\" content=\"image\/webp\" \/>\n<meta name=\"twitter:card\" content=\"summary_large_image\" \/>\n<script type=\"application\/ld+json\" class=\"yoast-schema-graph\">{\"@context\":\"https:\\\/\\\/schema.org\",\"@graph\":[{\"@type\":\"WebPage\",\"@id\":\"https:\\\/\\\/shopatoa.com\\\/ro\\\/lr-health-beauty-apa-parfumata-pure-tenderness-by-guido-maria-kretschmer-edp-50-ml-2\\\/\",\"url\":\"https:\\\/\\\/shopatoa.com\\\/ro\\\/lr-health-beauty-apa-parfumata-pure-tenderness-by-guido-maria-kretschmer-edp-50-ml-2\\\/\",\"name\":\"LR health & beauty Apa parfumat\u0103 Pure Tenderness by Guido Maria Kretschmer EDP 50 ml - SHOPATOA.COM\",\"isPartOf\":{\"@id\":\"https:\\\/\\\/shopatoa.com\\\/ro\\\/#website\"},\"primaryImageOfPage\":{\"@id\":\"https:\\\/\\\/shopatoa.com\\\/ro\\\/lr-health-beauty-apa-parfumata-pure-tenderness-by-guido-maria-kretschmer-edp-50-ml-2\\\/#primaryimage\"},\"image\":{\"@id\":\"https:\\\/\\\/shopatoa.com\\\/ro\\\/lr-health-beauty-apa-parfumata-pure-tenderness-by-guido-maria-kretschmer-edp-50-ml-2\\\/#primaryimage\"},\"thumbnailUrl\":\"https:\\\/\\\/storage.googleapis.com\\\/cz-shopatoa-img\\\/ro\\\/23fff3b3-unnamed-file.webp\",\"datePublished\":\"2025-05-22T06:52:49+00:00\",\"dateModified\":\"2025-12-06T07:34:27+00:00\",\"breadcrumb\":{\"@id\":\"https:\\\/\\\/shopatoa.com\\\/ro\\\/lr-health-beauty-apa-parfumata-pure-tenderness-by-guido-maria-kretschmer-edp-50-ml-2\\\/#breadcrumb\"},\"inLanguage\":\"ro-RO\",\"potentialAction\":[{\"@type\":\"ReadAction\",\"target\":[\"https:\\\/\\\/shopatoa.com\\\/ro\\\/lr-health-beauty-apa-parfumata-pure-tenderness-by-guido-maria-kretschmer-edp-50-ml-2\\\/\"]}]},{\"@type\":\"ImageObject\",\"inLanguage\":\"ro-RO\",\"@id\":\"https:\\\/\\\/shopatoa.com\\\/ro\\\/lr-health-beauty-apa-parfumata-pure-tenderness-by-guido-maria-kretschmer-edp-50-ml-2\\\/#primaryimage\",\"url\":\"https:\\\/\\\/storage.googleapis.com\\\/cz-shopatoa-img\\\/ro\\\/23fff3b3-unnamed-file.webp\",\"contentUrl\":\"https:\\\/\\\/storage.googleapis.com\\\/cz-shopatoa-img\\\/ro\\\/23fff3b3-unnamed-file.webp\",\"width\":800,\"height\":800},{\"@type\":\"BreadcrumbList\",\"@id\":\"https:\\\/\\\/shopatoa.com\\\/ro\\\/lr-health-beauty-apa-parfumata-pure-tenderness-by-guido-maria-kretschmer-edp-50-ml-2\\\/#breadcrumb\",\"itemListElement\":[{\"@type\":\"ListItem\",\"position\":1,\"name\":\"Dom\u016f\",\"item\":\"https:\\\/\\\/shopatoa.com\\\/ro\\\/\"},{\"@type\":\"ListItem\",\"position\":2,\"name\":\"Shop\",\"item\":\"https:\\\/\\\/shopatoa.com\\\/ro\\\/shop\\\/\"},{\"@type\":\"ListItem\",\"position\":3,\"name\":\"Cosmetice\",\"item\":\"https:\\\/\\\/shopatoa.com\\\/ro\\\/cosmetice\\\/\"},{\"@type\":\"ListItem\",\"position\":4,\"name\":\"Produse cosmetice pentru corp\",\"item\":\"https:\\\/\\\/shopatoa.com\\\/ro\\\/produse-cosmetice-pentru-corp\\\/\"},{\"@type\":\"ListItem\",\"position\":5,\"name\":\"LR health &amp; beauty Apa parfumat\u0103 Pure Tenderness by Guido Maria Kretschmer EDP 50 ml\"}]},{\"@type\":\"WebSite\",\"@id\":\"https:\\\/\\\/shopatoa.com\\\/ro\\\/#website\",\"url\":\"https:\\\/\\\/shopatoa.com\\\/ro\\\/\",\"name\":\"SHOPATOA\",\"description\":\"\",\"publisher\":{\"@id\":\"https:\\\/\\\/shopatoa.com\\\/ro\\\/#organization\"},\"potentialAction\":[{\"@type\":\"SearchAction\",\"target\":{\"@type\":\"EntryPoint\",\"urlTemplate\":\"https:\\\/\\\/shopatoa.com\\\/ro\\\/?s={search_term_string}\"},\"query-input\":{\"@type\":\"PropertyValueSpecification\",\"valueRequired\":true,\"valueName\":\"search_term_string\"}}],\"inLanguage\":\"ro-RO\"},{\"@type\":\"Organization\",\"@id\":\"https:\\\/\\\/shopatoa.com\\\/ro\\\/#organization\",\"name\":\"SHOPATOA\",\"url\":\"https:\\\/\\\/shopatoa.com\\\/ro\\\/\",\"logo\":{\"@type\":\"ImageObject\",\"inLanguage\":\"ro-RO\",\"@id\":\"https:\\\/\\\/shopatoa.com\\\/ro\\\/#\\\/schema\\\/logo\\\/image\\\/\",\"url\":\"https:\\\/\\\/storage.googleapis.com\\\/cz-shopatoa-img\\\/ro\\\/b4dac915-shopatoa_logo.png\",\"contentUrl\":\"https:\\\/\\\/storage.googleapis.com\\\/cz-shopatoa-img\\\/ro\\\/b4dac915-shopatoa_logo.png\",\"width\":416,\"height\":63,\"caption\":\"SHOPATOA\"},\"image\":{\"@id\":\"https:\\\/\\\/shopatoa.com\\\/ro\\\/#\\\/schema\\\/logo\\\/image\\\/\"}}]}<\/script>\n<!-- \/ Yoast SEO plugin. -->","yoast_head_json":{"title":"LR health & beauty Apa parfumat\u0103 Pure Tenderness by Guido Maria Kretschmer EDP 50 ml - SHOPATOA.COM","robots":{"index":"index","follow":"follow","max-snippet":"max-snippet:-1","max-image-preview":"max-image-preview:large","max-video-preview":"max-video-preview:-1"},"canonical":"https:\/\/shopatoa.com\/ro\/lr-health-beauty-apa-parfumata-pure-tenderness-by-guido-maria-kretschmer-edp-50-ml-2\/","og_locale":"ro_RO","og_type":"article","og_title":"LR health & beauty Apa parfumat\u0103 Pure Tenderness by Guido Maria Kretschmer EDP 50 ml - SHOPATOA.COM","og_description":"\u00cen calitate de stilist de mod\u0103 recunoscut interna\u021bional, Guido Maria Kretschmer creeaz\u0103 de ani de zile moda pentru femei \u0219i b\u0103rba\u021bi. Modelele lui se adapteaz\u0103 complet persoanelor care le poart\u0103. \u00cens\u0103 stilul perfect include \u0219i un parfum care s\u0103 eviden\u021bieze personalitatea. Cap: cardamom, frezie Inim\u0103: flori albe, l\u0103cr\u0103mioare Baza: lemn de cedru, boabe de tonka","og_url":"https:\/\/shopatoa.com\/ro\/lr-health-beauty-apa-parfumata-pure-tenderness-by-guido-maria-kretschmer-edp-50-ml-2\/","og_site_name":"SHOPATOA","article_modified_time":"2025-12-06T07:34:27+00:00","og_image":[{"width":800,"height":800,"url":"https:\/\/storage.googleapis.com\/cz-shopatoa-img\/ro\/23fff3b3-unnamed-file.webp","type":"image\/webp"}],"twitter_card":"summary_large_image","schema":{"@context":"https:\/\/schema.org","@graph":[{"@type":"WebPage","@id":"https:\/\/shopatoa.com\/ro\/lr-health-beauty-apa-parfumata-pure-tenderness-by-guido-maria-kretschmer-edp-50-ml-2\/","url":"https:\/\/shopatoa.com\/ro\/lr-health-beauty-apa-parfumata-pure-tenderness-by-guido-maria-kretschmer-edp-50-ml-2\/","name":"LR health & beauty Apa parfumat\u0103 Pure Tenderness by Guido Maria Kretschmer EDP 50 ml - SHOPATOA.COM","isPartOf":{"@id":"https:\/\/shopatoa.com\/ro\/#website"},"primaryImageOfPage":{"@id":"https:\/\/shopatoa.com\/ro\/lr-health-beauty-apa-parfumata-pure-tenderness-by-guido-maria-kretschmer-edp-50-ml-2\/#primaryimage"},"image":{"@id":"https:\/\/shopatoa.com\/ro\/lr-health-beauty-apa-parfumata-pure-tenderness-by-guido-maria-kretschmer-edp-50-ml-2\/#primaryimage"},"thumbnailUrl":"https:\/\/storage.googleapis.com\/cz-shopatoa-img\/ro\/23fff3b3-unnamed-file.webp","datePublished":"2025-05-22T06:52:49+00:00","dateModified":"2025-12-06T07:34:27+00:00","breadcrumb":{"@id":"https:\/\/shopatoa.com\/ro\/lr-health-beauty-apa-parfumata-pure-tenderness-by-guido-maria-kretschmer-edp-50-ml-2\/#breadcrumb"},"inLanguage":"ro-RO","potentialAction":[{"@type":"ReadAction","target":["https:\/\/shopatoa.com\/ro\/lr-health-beauty-apa-parfumata-pure-tenderness-by-guido-maria-kretschmer-edp-50-ml-2\/"]}]},{"@type":"ImageObject","inLanguage":"ro-RO","@id":"https:\/\/shopatoa.com\/ro\/lr-health-beauty-apa-parfumata-pure-tenderness-by-guido-maria-kretschmer-edp-50-ml-2\/#primaryimage","url":"https:\/\/storage.googleapis.com\/cz-shopatoa-img\/ro\/23fff3b3-unnamed-file.webp","contentUrl":"https:\/\/storage.googleapis.com\/cz-shopatoa-img\/ro\/23fff3b3-unnamed-file.webp","width":800,"height":800},{"@type":"BreadcrumbList","@id":"https:\/\/shopatoa.com\/ro\/lr-health-beauty-apa-parfumata-pure-tenderness-by-guido-maria-kretschmer-edp-50-ml-2\/#breadcrumb","itemListElement":[{"@type":"ListItem","position":1,"name":"Dom\u016f","item":"https:\/\/shopatoa.com\/ro\/"},{"@type":"ListItem","position":2,"name":"Shop","item":"https:\/\/shopatoa.com\/ro\/shop\/"},{"@type":"ListItem","position":3,"name":"Cosmetice","item":"https:\/\/shopatoa.com\/ro\/cosmetice\/"},{"@type":"ListItem","position":4,"name":"Produse cosmetice pentru corp","item":"https:\/\/shopatoa.com\/ro\/produse-cosmetice-pentru-corp\/"},{"@type":"ListItem","position":5,"name":"LR health &amp; beauty Apa parfumat\u0103 Pure Tenderness by Guido Maria Kretschmer EDP 50 ml"}]},{"@type":"WebSite","@id":"https:\/\/shopatoa.com\/ro\/#website","url":"https:\/\/shopatoa.com\/ro\/","name":"SHOPATOA","description":"","publisher":{"@id":"https:\/\/shopatoa.com\/ro\/#organization"},"potentialAction":[{"@type":"SearchAction","target":{"@type":"EntryPoint","urlTemplate":"https:\/\/shopatoa.com\/ro\/?s={search_term_string}"},"query-input":{"@type":"PropertyValueSpecification","valueRequired":true,"valueName":"search_term_string"}}],"inLanguage":"ro-RO"},{"@type":"Organization","@id":"https:\/\/shopatoa.com\/ro\/#organization","name":"SHOPATOA","url":"https:\/\/shopatoa.com\/ro\/","logo":{"@type":"ImageObject","inLanguage":"ro-RO","@id":"https:\/\/shopatoa.com\/ro\/#\/schema\/logo\/image\/","url":"https:\/\/storage.googleapis.com\/cz-shopatoa-img\/ro\/b4dac915-shopatoa_logo.png","contentUrl":"https:\/\/storage.googleapis.com\/cz-shopatoa-img\/ro\/b4dac915-shopatoa_logo.png","width":416,"height":63,"caption":"SHOPATOA"},"image":{"@id":"https:\/\/shopatoa.com\/ro\/#\/schema\/logo\/image\/"}}]}},"_links":{"self":[{"href":"https:\/\/shopatoa.com\/ro\/wp-json\/wp\/v2\/product\/377255","targetHints":{"allow":["GET"]}}],"collection":[{"href":"https:\/\/shopatoa.com\/ro\/wp-json\/wp\/v2\/product"}],"about":[{"href":"https:\/\/shopatoa.com\/ro\/wp-json\/wp\/v2\/types\/product"}],"replies":[{"embeddable":true,"href":"https:\/\/shopatoa.com\/ro\/wp-json\/wp\/v2\/comments?post=377255"}],"wp:featuredmedia":[{"embeddable":true,"href":"https:\/\/shopatoa.com\/ro\/wp-json\/wp\/v2\/media\/377257"}],"wp:attachment":[{"href":"https:\/\/shopatoa.com\/ro\/wp-json\/wp\/v2\/media?parent=377255"}],"wp:term":[{"taxonomy":"product_brand","embeddable":true,"href":"https:\/\/shopatoa.com\/ro\/wp-json\/wp\/v2\/product_brand?post=377255"},{"taxonomy":"product_cat","embeddable":true,"href":"https:\/\/shopatoa.com\/ro\/wp-json\/wp\/v2\/product_cat?post=377255"},{"taxonomy":"product_tag","embeddable":true,"href":"https:\/\/shopatoa.com\/ro\/wp-json\/wp\/v2\/product_tag?post=377255"}],"curies":[{"name":"wp","href":"https:\/\/api.w.org\/{rel}","templated":true}]}}