{"id":377752,"date":"2025-05-22T09:14:15","date_gmt":"2025-05-22T07:14:15","guid":{"rendered":"https:\/\/shopatoa.com\/ro\/plusone-stimulator-de-masaj-si-vibratii-2\/"},"modified":"2025-12-13T12:15:56","modified_gmt":"2025-12-13T11:15:56","slug":"plusone-stimulator-de-masaj-si-vibratii-2","status":"publish","type":"product","link":"https:\/\/shopatoa.com\/ro\/plusone-stimulator-de-masaj-si-vibratii-2\/","title":{"rendered":"PlusOne Stimulator de masaj \u0219i vibra\u021bii"},"content":{"rendered":"<p>Stimulatorul de masaj \u0219i vibra\u021bii dispune de un motor \u0219i 10 moduri de vibra\u021bie \u0219i pulsa\u021bie, care v\u0103 vor surprinde cu vibra\u021bii intense pentru o experien\u021b\u0103 profund\u0103. Capul de masaj v\u0103 va r\u0103sf\u0103\u021ba cu un masaj pl\u0103cut pentru toate zonele erogene. U\u0219or de \u00eentre\u021binut, rezistent la ap\u0103 \u0219i potrivit pentru utilizarea \u00een cad\u0103 sau sub du\u0219. Are o form\u0103 ergonomic\u0103 \u0219i o suprafa\u021b\u0103 pl\u0103cut\u0103 la atingere. Experimenta\u021bi pl\u0103cerea intens\u0103 \u0219i opta\u021bi pentru stimulatorul cu vibra\u021bii pentru a atinge apogeul. Cu o \u00eenc\u0103rcare complet\u0103, poate dura p\u00e2n\u0103 la 1,5 ore de distrac\u021bie. Lungimea total\u0103 este de 19 cm. Fabricat din silicon de \u00eenalt\u0103 calitate, complet sigur pentru corpul uman. \u00cenc\u0103rcare prin cablu USB.<\/p>\n","protected":false},"excerpt":{"rendered":"<p>Stimulatorul de masaj \u0219i vibra\u021bii dispune de un motor \u0219i 10 moduri de vibra\u021bie \u0219i pulsa\u021bie, care v\u0103 vor surprinde cu vibra\u021bii intense pentru o experien\u021b\u0103 profund\u0103. Capul de masaj v\u0103 va r\u0103sf\u0103\u021ba cu un masaj pl\u0103cut pentru toate zonele erogene. U\u0219or de \u00eentre\u021binut, rezistent la ap\u0103 \u0219i potrivit pentru utilizarea \u00een cad\u0103 sau sub&#8230;<\/p>\n","protected":false},"featured_media":377754,"comment_status":"closed","ping_status":"open","template":"","meta":{"_acf_changed":false,"_kadence_starter_templates_imported_post":false,"_kad_post_transparent":"","_kad_post_title":"","_kad_post_layout":"","_kad_post_sidebar_id":"","_kad_post_content_style":"","_kad_post_vertical_padding":"","_kad_post_feature":"","_kad_post_feature_position":"","_kad_post_header":false,"_kad_post_footer":false,"_kad_post_classname":""},"product_brand":[520],"product_cat":[246,668,669,611],"product_tag":[],"class_list":{"0":"post-377752","1":"product","2":"type-product","3":"status-publish","4":"has-post-thumbnail","6":"product_brand-plusone","7":"product_cat-cosmetice","8":"product_cat-jucarii-sexy","9":"product_cat-jucarii-si-produse-erotice","10":"product_cat-produse-cosmetice-pentru-corp","12":"first","13":"instock","14":"product-type-external","15":"entry","16":"content-bg","17":"loop-entry"},"acf":[],"yoast_head":"<!-- This site is optimized with the Yoast SEO plugin v27.4 - https:\/\/yoast.com\/product\/yoast-seo-wordpress\/ -->\n<title>PlusOne Stimulator de masaj \u0219i vibra\u021bii - SHOPATOA.COM<\/title>\n<meta name=\"robots\" content=\"index, follow, max-snippet:-1, max-image-preview:large, max-video-preview:-1\" \/>\n<link rel=\"canonical\" href=\"https:\/\/shopatoa.com\/ro\/plusone-stimulator-de-masaj-si-vibratii-2\/\" \/>\n<meta property=\"og:locale\" content=\"ro_RO\" \/>\n<meta property=\"og:type\" content=\"article\" \/>\n<meta property=\"og:title\" content=\"PlusOne Stimulator de masaj \u0219i vibra\u021bii - SHOPATOA.COM\" \/>\n<meta property=\"og:description\" content=\"Stimulatorul de masaj \u0219i vibra\u021bii dispune de un motor \u0219i 10 moduri de vibra\u021bie \u0219i pulsa\u021bie, care v\u0103 vor surprinde cu vibra\u021bii intense pentru o experien\u021b\u0103 profund\u0103. Capul de masaj v\u0103 va r\u0103sf\u0103\u021ba cu un masaj pl\u0103cut pentru toate zonele erogene. U\u0219or de \u00eentre\u021binut, rezistent la ap\u0103 \u0219i potrivit pentru utilizarea \u00een cad\u0103 sau sub...\" \/>\n<meta property=\"og:url\" content=\"https:\/\/shopatoa.com\/ro\/plusone-stimulator-de-masaj-si-vibratii-2\/\" \/>\n<meta property=\"og:site_name\" content=\"SHOPATOA\" \/>\n<meta property=\"article:modified_time\" content=\"2025-12-13T11:15:56+00:00\" \/>\n<meta property=\"og:image\" content=\"https:\/\/storage.googleapis.com\/cz-shopatoa-img\/ro\/f5b966c2-unnamed-file.webp\" \/>\n\t<meta property=\"og:image:width\" content=\"800\" \/>\n\t<meta property=\"og:image:height\" content=\"800\" \/>\n\t<meta property=\"og:image:type\" content=\"image\/webp\" \/>\n<meta name=\"twitter:card\" content=\"summary_large_image\" \/>\n<meta name=\"twitter:label1\" content=\"Timp estimat pentru citire\" \/>\n\t<meta name=\"twitter:data1\" content=\"1 minut\" \/>\n<script type=\"application\/ld+json\" class=\"yoast-schema-graph\">{\"@context\":\"https:\\\/\\\/schema.org\",\"@graph\":[{\"@type\":\"WebPage\",\"@id\":\"https:\\\/\\\/shopatoa.com\\\/ro\\\/plusone-stimulator-de-masaj-si-vibratii-2\\\/\",\"url\":\"https:\\\/\\\/shopatoa.com\\\/ro\\\/plusone-stimulator-de-masaj-si-vibratii-2\\\/\",\"name\":\"PlusOne Stimulator de masaj \u0219i vibra\u021bii - SHOPATOA.COM\",\"isPartOf\":{\"@id\":\"https:\\\/\\\/shopatoa.com\\\/ro\\\/#website\"},\"primaryImageOfPage\":{\"@id\":\"https:\\\/\\\/shopatoa.com\\\/ro\\\/plusone-stimulator-de-masaj-si-vibratii-2\\\/#primaryimage\"},\"image\":{\"@id\":\"https:\\\/\\\/shopatoa.com\\\/ro\\\/plusone-stimulator-de-masaj-si-vibratii-2\\\/#primaryimage\"},\"thumbnailUrl\":\"https:\\\/\\\/storage.googleapis.com\\\/cz-shopatoa-img\\\/ro\\\/f5b966c2-unnamed-file.webp\",\"datePublished\":\"2025-05-22T07:14:15+00:00\",\"dateModified\":\"2025-12-13T11:15:56+00:00\",\"breadcrumb\":{\"@id\":\"https:\\\/\\\/shopatoa.com\\\/ro\\\/plusone-stimulator-de-masaj-si-vibratii-2\\\/#breadcrumb\"},\"inLanguage\":\"ro-RO\",\"potentialAction\":[{\"@type\":\"ReadAction\",\"target\":[\"https:\\\/\\\/shopatoa.com\\\/ro\\\/plusone-stimulator-de-masaj-si-vibratii-2\\\/\"]}]},{\"@type\":\"ImageObject\",\"inLanguage\":\"ro-RO\",\"@id\":\"https:\\\/\\\/shopatoa.com\\\/ro\\\/plusone-stimulator-de-masaj-si-vibratii-2\\\/#primaryimage\",\"url\":\"https:\\\/\\\/storage.googleapis.com\\\/cz-shopatoa-img\\\/ro\\\/f5b966c2-unnamed-file.webp\",\"contentUrl\":\"https:\\\/\\\/storage.googleapis.com\\\/cz-shopatoa-img\\\/ro\\\/f5b966c2-unnamed-file.webp\",\"width\":800,\"height\":800},{\"@type\":\"BreadcrumbList\",\"@id\":\"https:\\\/\\\/shopatoa.com\\\/ro\\\/plusone-stimulator-de-masaj-si-vibratii-2\\\/#breadcrumb\",\"itemListElement\":[{\"@type\":\"ListItem\",\"position\":1,\"name\":\"Dom\u016f\",\"item\":\"https:\\\/\\\/shopatoa.com\\\/ro\\\/\"},{\"@type\":\"ListItem\",\"position\":2,\"name\":\"Shop\",\"item\":\"https:\\\/\\\/shopatoa.com\\\/ro\\\/shop\\\/\"},{\"@type\":\"ListItem\",\"position\":3,\"name\":\"Cosmetice\",\"item\":\"https:\\\/\\\/shopatoa.com\\\/ro\\\/cosmetice\\\/\"},{\"@type\":\"ListItem\",\"position\":4,\"name\":\"Produse cosmetice pentru corp\",\"item\":\"https:\\\/\\\/shopatoa.com\\\/ro\\\/produse-cosmetice-pentru-corp\\\/\"},{\"@type\":\"ListItem\",\"position\":5,\"name\":\"Juc\u0103rii sexy\",\"item\":\"https:\\\/\\\/shopatoa.com\\\/ro\\\/jucarii-sexy\\\/\"},{\"@type\":\"ListItem\",\"position\":6,\"name\":\"Juc\u0103rii si produse erotice\",\"item\":\"https:\\\/\\\/shopatoa.com\\\/ro\\\/jucarii-si-produse-erotice\\\/\"},{\"@type\":\"ListItem\",\"position\":7,\"name\":\"PlusOne Stimulator de masaj \u0219i vibra\u021bii\"}]},{\"@type\":\"WebSite\",\"@id\":\"https:\\\/\\\/shopatoa.com\\\/ro\\\/#website\",\"url\":\"https:\\\/\\\/shopatoa.com\\\/ro\\\/\",\"name\":\"SHOPATOA\",\"description\":\"\",\"publisher\":{\"@id\":\"https:\\\/\\\/shopatoa.com\\\/ro\\\/#organization\"},\"potentialAction\":[{\"@type\":\"SearchAction\",\"target\":{\"@type\":\"EntryPoint\",\"urlTemplate\":\"https:\\\/\\\/shopatoa.com\\\/ro\\\/?s={search_term_string}\"},\"query-input\":{\"@type\":\"PropertyValueSpecification\",\"valueRequired\":true,\"valueName\":\"search_term_string\"}}],\"inLanguage\":\"ro-RO\"},{\"@type\":\"Organization\",\"@id\":\"https:\\\/\\\/shopatoa.com\\\/ro\\\/#organization\",\"name\":\"SHOPATOA\",\"url\":\"https:\\\/\\\/shopatoa.com\\\/ro\\\/\",\"logo\":{\"@type\":\"ImageObject\",\"inLanguage\":\"ro-RO\",\"@id\":\"https:\\\/\\\/shopatoa.com\\\/ro\\\/#\\\/schema\\\/logo\\\/image\\\/\",\"url\":\"https:\\\/\\\/storage.googleapis.com\\\/cz-shopatoa-img\\\/ro\\\/b4dac915-shopatoa_logo.png\",\"contentUrl\":\"https:\\\/\\\/storage.googleapis.com\\\/cz-shopatoa-img\\\/ro\\\/b4dac915-shopatoa_logo.png\",\"width\":416,\"height\":63,\"caption\":\"SHOPATOA\"},\"image\":{\"@id\":\"https:\\\/\\\/shopatoa.com\\\/ro\\\/#\\\/schema\\\/logo\\\/image\\\/\"}}]}<\/script>\n<!-- \/ Yoast SEO plugin. -->","yoast_head_json":{"title":"PlusOne Stimulator de masaj \u0219i vibra\u021bii - SHOPATOA.COM","robots":{"index":"index","follow":"follow","max-snippet":"max-snippet:-1","max-image-preview":"max-image-preview:large","max-video-preview":"max-video-preview:-1"},"canonical":"https:\/\/shopatoa.com\/ro\/plusone-stimulator-de-masaj-si-vibratii-2\/","og_locale":"ro_RO","og_type":"article","og_title":"PlusOne Stimulator de masaj \u0219i vibra\u021bii - SHOPATOA.COM","og_description":"Stimulatorul de masaj \u0219i vibra\u021bii dispune de un motor \u0219i 10 moduri de vibra\u021bie \u0219i pulsa\u021bie, care v\u0103 vor surprinde cu vibra\u021bii intense pentru o experien\u021b\u0103 profund\u0103. Capul de masaj v\u0103 va r\u0103sf\u0103\u021ba cu un masaj pl\u0103cut pentru toate zonele erogene. U\u0219or de \u00eentre\u021binut, rezistent la ap\u0103 \u0219i potrivit pentru utilizarea \u00een cad\u0103 sau sub...","og_url":"https:\/\/shopatoa.com\/ro\/plusone-stimulator-de-masaj-si-vibratii-2\/","og_site_name":"SHOPATOA","article_modified_time":"2025-12-13T11:15:56+00:00","og_image":[{"width":800,"height":800,"url":"https:\/\/storage.googleapis.com\/cz-shopatoa-img\/ro\/f5b966c2-unnamed-file.webp","type":"image\/webp"}],"twitter_card":"summary_large_image","twitter_misc":{"Timp estimat pentru citire":"1 minut"},"schema":{"@context":"https:\/\/schema.org","@graph":[{"@type":"WebPage","@id":"https:\/\/shopatoa.com\/ro\/plusone-stimulator-de-masaj-si-vibratii-2\/","url":"https:\/\/shopatoa.com\/ro\/plusone-stimulator-de-masaj-si-vibratii-2\/","name":"PlusOne Stimulator de masaj \u0219i vibra\u021bii - SHOPATOA.COM","isPartOf":{"@id":"https:\/\/shopatoa.com\/ro\/#website"},"primaryImageOfPage":{"@id":"https:\/\/shopatoa.com\/ro\/plusone-stimulator-de-masaj-si-vibratii-2\/#primaryimage"},"image":{"@id":"https:\/\/shopatoa.com\/ro\/plusone-stimulator-de-masaj-si-vibratii-2\/#primaryimage"},"thumbnailUrl":"https:\/\/storage.googleapis.com\/cz-shopatoa-img\/ro\/f5b966c2-unnamed-file.webp","datePublished":"2025-05-22T07:14:15+00:00","dateModified":"2025-12-13T11:15:56+00:00","breadcrumb":{"@id":"https:\/\/shopatoa.com\/ro\/plusone-stimulator-de-masaj-si-vibratii-2\/#breadcrumb"},"inLanguage":"ro-RO","potentialAction":[{"@type":"ReadAction","target":["https:\/\/shopatoa.com\/ro\/plusone-stimulator-de-masaj-si-vibratii-2\/"]}]},{"@type":"ImageObject","inLanguage":"ro-RO","@id":"https:\/\/shopatoa.com\/ro\/plusone-stimulator-de-masaj-si-vibratii-2\/#primaryimage","url":"https:\/\/storage.googleapis.com\/cz-shopatoa-img\/ro\/f5b966c2-unnamed-file.webp","contentUrl":"https:\/\/storage.googleapis.com\/cz-shopatoa-img\/ro\/f5b966c2-unnamed-file.webp","width":800,"height":800},{"@type":"BreadcrumbList","@id":"https:\/\/shopatoa.com\/ro\/plusone-stimulator-de-masaj-si-vibratii-2\/#breadcrumb","itemListElement":[{"@type":"ListItem","position":1,"name":"Dom\u016f","item":"https:\/\/shopatoa.com\/ro\/"},{"@type":"ListItem","position":2,"name":"Shop","item":"https:\/\/shopatoa.com\/ro\/shop\/"},{"@type":"ListItem","position":3,"name":"Cosmetice","item":"https:\/\/shopatoa.com\/ro\/cosmetice\/"},{"@type":"ListItem","position":4,"name":"Produse cosmetice pentru corp","item":"https:\/\/shopatoa.com\/ro\/produse-cosmetice-pentru-corp\/"},{"@type":"ListItem","position":5,"name":"Juc\u0103rii sexy","item":"https:\/\/shopatoa.com\/ro\/jucarii-sexy\/"},{"@type":"ListItem","position":6,"name":"Juc\u0103rii si produse erotice","item":"https:\/\/shopatoa.com\/ro\/jucarii-si-produse-erotice\/"},{"@type":"ListItem","position":7,"name":"PlusOne Stimulator de masaj \u0219i vibra\u021bii"}]},{"@type":"WebSite","@id":"https:\/\/shopatoa.com\/ro\/#website","url":"https:\/\/shopatoa.com\/ro\/","name":"SHOPATOA","description":"","publisher":{"@id":"https:\/\/shopatoa.com\/ro\/#organization"},"potentialAction":[{"@type":"SearchAction","target":{"@type":"EntryPoint","urlTemplate":"https:\/\/shopatoa.com\/ro\/?s={search_term_string}"},"query-input":{"@type":"PropertyValueSpecification","valueRequired":true,"valueName":"search_term_string"}}],"inLanguage":"ro-RO"},{"@type":"Organization","@id":"https:\/\/shopatoa.com\/ro\/#organization","name":"SHOPATOA","url":"https:\/\/shopatoa.com\/ro\/","logo":{"@type":"ImageObject","inLanguage":"ro-RO","@id":"https:\/\/shopatoa.com\/ro\/#\/schema\/logo\/image\/","url":"https:\/\/storage.googleapis.com\/cz-shopatoa-img\/ro\/b4dac915-shopatoa_logo.png","contentUrl":"https:\/\/storage.googleapis.com\/cz-shopatoa-img\/ro\/b4dac915-shopatoa_logo.png","width":416,"height":63,"caption":"SHOPATOA"},"image":{"@id":"https:\/\/shopatoa.com\/ro\/#\/schema\/logo\/image\/"}}]}},"_links":{"self":[{"href":"https:\/\/shopatoa.com\/ro\/wp-json\/wp\/v2\/product\/377752","targetHints":{"allow":["GET"]}}],"collection":[{"href":"https:\/\/shopatoa.com\/ro\/wp-json\/wp\/v2\/product"}],"about":[{"href":"https:\/\/shopatoa.com\/ro\/wp-json\/wp\/v2\/types\/product"}],"replies":[{"embeddable":true,"href":"https:\/\/shopatoa.com\/ro\/wp-json\/wp\/v2\/comments?post=377752"}],"wp:featuredmedia":[{"embeddable":true,"href":"https:\/\/shopatoa.com\/ro\/wp-json\/wp\/v2\/media\/377754"}],"wp:attachment":[{"href":"https:\/\/shopatoa.com\/ro\/wp-json\/wp\/v2\/media?parent=377752"}],"wp:term":[{"taxonomy":"product_brand","embeddable":true,"href":"https:\/\/shopatoa.com\/ro\/wp-json\/wp\/v2\/product_brand?post=377752"},{"taxonomy":"product_cat","embeddable":true,"href":"https:\/\/shopatoa.com\/ro\/wp-json\/wp\/v2\/product_cat?post=377752"},{"taxonomy":"product_tag","embeddable":true,"href":"https:\/\/shopatoa.com\/ro\/wp-json\/wp\/v2\/product_tag?post=377752"}],"curies":[{"name":"wp","href":"https:\/\/api.w.org\/{rel}","templated":true}]}}