{"id":377757,"date":"2025-05-22T09:14:15","date_gmt":"2025-05-22T07:14:15","guid":{"rendered":"https:\/\/shopatoa.com\/ro\/plusone-ou-vibrator-2\/"},"modified":"2025-12-13T12:15:52","modified_gmt":"2025-12-13T11:15:52","slug":"plusone-ou-vibrator-2","status":"publish","type":"product","link":"https:\/\/shopatoa.com\/ro\/plusone-ou-vibrator-2\/","title":{"rendered":"PlusOne Ou vibrator"},"content":{"rendered":"<p>Mu\u0219chii pe care \u00eei utiliza\u021bi pentru a opri fluxul central de urin\u0103 sunt mu\u0219chii podelei pelviene. Prin introducerea unui ou care vibreaz\u0103 \u00een vagin, activa\u021bi aceia\u0219i mu\u0219chi \u00een acela\u0219i mod. Podeaua pelvian\u0103 este un grup de mu\u0219chi care se \u00eentinde ca o plas\u0103 de la osul pubian p\u00e2n\u0103 la coad\u0103. Sus\u021bine organele interne, cum ar fi uterul, colonul \u0219i vezica urinar\u0103. Dac\u0103 podeaua pelvian\u0103 este sl\u0103bit\u0103, v\u0103 pute\u021bi confrunta cu drumuri mai frecvente la toalet\u0103, dureri lombare, scurgeri de urin\u0103 \u0219i \u00eenr\u0103ut\u0103\u021birea senza\u021biilor intime. Folosind oul vibrator PlusOne, pute\u021bi ajunge la un plan\u0219eu pelvian puternic \u0219i s\u0103n\u0103tos. Oul vibrant poate fi folosit \u0219i pentru jocuri sexuale cu partenerul dvs. Este u\u0219or de \u00eentre\u021binut, impermeabil, potrivit pentru utilizare \u00een baie \u0219i du\u0219. Fabricat din silicon de \u00eenalt\u0103 calitate, care este complet inofensiv pentru corpul uman. \u00eenc\u0103rcare prin USB.<\/p>\n","protected":false},"excerpt":{"rendered":"<p>Mu\u0219chii pe care \u00eei utiliza\u021bi pentru a opri fluxul central de urin\u0103 sunt mu\u0219chii podelei pelviene. Prin introducerea unui ou care vibreaz\u0103 \u00een vagin, activa\u021bi aceia\u0219i mu\u0219chi \u00een acela\u0219i mod. Podeaua pelvian\u0103 este un grup de mu\u0219chi care se \u00eentinde ca o plas\u0103 de la osul pubian p\u00e2n\u0103 la coad\u0103. Sus\u021bine organele interne, cum ar&#8230;<\/p>\n","protected":false},"featured_media":377758,"comment_status":"closed","ping_status":"open","template":"","meta":{"_acf_changed":false,"_kadence_starter_templates_imported_post":false,"_kad_post_transparent":"","_kad_post_title":"","_kad_post_layout":"","_kad_post_sidebar_id":"","_kad_post_content_style":"","_kad_post_vertical_padding":"","_kad_post_feature":"","_kad_post_feature_position":"","_kad_post_header":false,"_kad_post_footer":false,"_kad_post_classname":""},"product_brand":[520],"product_cat":[246,668,669,611],"product_tag":[],"class_list":{"0":"post-377757","1":"product","2":"type-product","3":"status-publish","4":"has-post-thumbnail","6":"product_brand-plusone","7":"product_cat-cosmetice","8":"product_cat-jucarii-sexy","9":"product_cat-jucarii-si-produse-erotice","10":"product_cat-produse-cosmetice-pentru-corp","12":"first","13":"instock","14":"product-type-external","15":"entry","16":"content-bg","17":"loop-entry"},"acf":[],"yoast_head":"<!-- This site is optimized with the Yoast SEO plugin v27.4 - https:\/\/yoast.com\/product\/yoast-seo-wordpress\/ -->\n<title>PlusOne Ou vibrator - SHOPATOA.COM<\/title>\n<meta name=\"robots\" content=\"index, follow, max-snippet:-1, max-image-preview:large, max-video-preview:-1\" \/>\n<link rel=\"canonical\" href=\"https:\/\/shopatoa.com\/ro\/plusone-ou-vibrator-2\/\" \/>\n<meta property=\"og:locale\" content=\"ro_RO\" \/>\n<meta property=\"og:type\" content=\"article\" \/>\n<meta property=\"og:title\" content=\"PlusOne Ou vibrator - SHOPATOA.COM\" \/>\n<meta property=\"og:description\" content=\"Mu\u0219chii pe care \u00eei utiliza\u021bi pentru a opri fluxul central de urin\u0103 sunt mu\u0219chii podelei pelviene. Prin introducerea unui ou care vibreaz\u0103 \u00een vagin, activa\u021bi aceia\u0219i mu\u0219chi \u00een acela\u0219i mod. Podeaua pelvian\u0103 este un grup de mu\u0219chi care se \u00eentinde ca o plas\u0103 de la osul pubian p\u00e2n\u0103 la coad\u0103. Sus\u021bine organele interne, cum ar...\" \/>\n<meta property=\"og:url\" content=\"https:\/\/shopatoa.com\/ro\/plusone-ou-vibrator-2\/\" \/>\n<meta property=\"og:site_name\" content=\"SHOPATOA\" \/>\n<meta property=\"article:modified_time\" content=\"2025-12-13T11:15:52+00:00\" \/>\n<meta property=\"og:image\" content=\"https:\/\/storage.googleapis.com\/cz-shopatoa-img\/ro\/9d6aba44-unnamed-file.webp\" \/>\n\t<meta property=\"og:image:width\" content=\"800\" \/>\n\t<meta property=\"og:image:height\" content=\"800\" \/>\n\t<meta property=\"og:image:type\" content=\"image\/webp\" \/>\n<meta name=\"twitter:card\" content=\"summary_large_image\" \/>\n<meta name=\"twitter:label1\" content=\"Timp estimat pentru citire\" \/>\n\t<meta name=\"twitter:data1\" content=\"1 minut\" \/>\n<script type=\"application\/ld+json\" class=\"yoast-schema-graph\">{\"@context\":\"https:\\\/\\\/schema.org\",\"@graph\":[{\"@type\":\"WebPage\",\"@id\":\"https:\\\/\\\/shopatoa.com\\\/ro\\\/plusone-ou-vibrator-2\\\/\",\"url\":\"https:\\\/\\\/shopatoa.com\\\/ro\\\/plusone-ou-vibrator-2\\\/\",\"name\":\"PlusOne Ou vibrator - SHOPATOA.COM\",\"isPartOf\":{\"@id\":\"https:\\\/\\\/shopatoa.com\\\/ro\\\/#website\"},\"primaryImageOfPage\":{\"@id\":\"https:\\\/\\\/shopatoa.com\\\/ro\\\/plusone-ou-vibrator-2\\\/#primaryimage\"},\"image\":{\"@id\":\"https:\\\/\\\/shopatoa.com\\\/ro\\\/plusone-ou-vibrator-2\\\/#primaryimage\"},\"thumbnailUrl\":\"https:\\\/\\\/storage.googleapis.com\\\/cz-shopatoa-img\\\/ro\\\/9d6aba44-unnamed-file.webp\",\"datePublished\":\"2025-05-22T07:14:15+00:00\",\"dateModified\":\"2025-12-13T11:15:52+00:00\",\"breadcrumb\":{\"@id\":\"https:\\\/\\\/shopatoa.com\\\/ro\\\/plusone-ou-vibrator-2\\\/#breadcrumb\"},\"inLanguage\":\"ro-RO\",\"potentialAction\":[{\"@type\":\"ReadAction\",\"target\":[\"https:\\\/\\\/shopatoa.com\\\/ro\\\/plusone-ou-vibrator-2\\\/\"]}]},{\"@type\":\"ImageObject\",\"inLanguage\":\"ro-RO\",\"@id\":\"https:\\\/\\\/shopatoa.com\\\/ro\\\/plusone-ou-vibrator-2\\\/#primaryimage\",\"url\":\"https:\\\/\\\/storage.googleapis.com\\\/cz-shopatoa-img\\\/ro\\\/9d6aba44-unnamed-file.webp\",\"contentUrl\":\"https:\\\/\\\/storage.googleapis.com\\\/cz-shopatoa-img\\\/ro\\\/9d6aba44-unnamed-file.webp\",\"width\":800,\"height\":800},{\"@type\":\"BreadcrumbList\",\"@id\":\"https:\\\/\\\/shopatoa.com\\\/ro\\\/plusone-ou-vibrator-2\\\/#breadcrumb\",\"itemListElement\":[{\"@type\":\"ListItem\",\"position\":1,\"name\":\"Dom\u016f\",\"item\":\"https:\\\/\\\/shopatoa.com\\\/ro\\\/\"},{\"@type\":\"ListItem\",\"position\":2,\"name\":\"Shop\",\"item\":\"https:\\\/\\\/shopatoa.com\\\/ro\\\/shop\\\/\"},{\"@type\":\"ListItem\",\"position\":3,\"name\":\"Cosmetice\",\"item\":\"https:\\\/\\\/shopatoa.com\\\/ro\\\/cosmetice\\\/\"},{\"@type\":\"ListItem\",\"position\":4,\"name\":\"Produse cosmetice pentru corp\",\"item\":\"https:\\\/\\\/shopatoa.com\\\/ro\\\/produse-cosmetice-pentru-corp\\\/\"},{\"@type\":\"ListItem\",\"position\":5,\"name\":\"Juc\u0103rii sexy\",\"item\":\"https:\\\/\\\/shopatoa.com\\\/ro\\\/jucarii-sexy\\\/\"},{\"@type\":\"ListItem\",\"position\":6,\"name\":\"Juc\u0103rii si produse erotice\",\"item\":\"https:\\\/\\\/shopatoa.com\\\/ro\\\/jucarii-si-produse-erotice\\\/\"},{\"@type\":\"ListItem\",\"position\":7,\"name\":\"PlusOne Ou vibrator\"}]},{\"@type\":\"WebSite\",\"@id\":\"https:\\\/\\\/shopatoa.com\\\/ro\\\/#website\",\"url\":\"https:\\\/\\\/shopatoa.com\\\/ro\\\/\",\"name\":\"SHOPATOA\",\"description\":\"\",\"publisher\":{\"@id\":\"https:\\\/\\\/shopatoa.com\\\/ro\\\/#organization\"},\"potentialAction\":[{\"@type\":\"SearchAction\",\"target\":{\"@type\":\"EntryPoint\",\"urlTemplate\":\"https:\\\/\\\/shopatoa.com\\\/ro\\\/?s={search_term_string}\"},\"query-input\":{\"@type\":\"PropertyValueSpecification\",\"valueRequired\":true,\"valueName\":\"search_term_string\"}}],\"inLanguage\":\"ro-RO\"},{\"@type\":\"Organization\",\"@id\":\"https:\\\/\\\/shopatoa.com\\\/ro\\\/#organization\",\"name\":\"SHOPATOA\",\"url\":\"https:\\\/\\\/shopatoa.com\\\/ro\\\/\",\"logo\":{\"@type\":\"ImageObject\",\"inLanguage\":\"ro-RO\",\"@id\":\"https:\\\/\\\/shopatoa.com\\\/ro\\\/#\\\/schema\\\/logo\\\/image\\\/\",\"url\":\"https:\\\/\\\/storage.googleapis.com\\\/cz-shopatoa-img\\\/ro\\\/b4dac915-shopatoa_logo.png\",\"contentUrl\":\"https:\\\/\\\/storage.googleapis.com\\\/cz-shopatoa-img\\\/ro\\\/b4dac915-shopatoa_logo.png\",\"width\":416,\"height\":63,\"caption\":\"SHOPATOA\"},\"image\":{\"@id\":\"https:\\\/\\\/shopatoa.com\\\/ro\\\/#\\\/schema\\\/logo\\\/image\\\/\"}}]}<\/script>\n<!-- \/ Yoast SEO plugin. -->","yoast_head_json":{"title":"PlusOne Ou vibrator - SHOPATOA.COM","robots":{"index":"index","follow":"follow","max-snippet":"max-snippet:-1","max-image-preview":"max-image-preview:large","max-video-preview":"max-video-preview:-1"},"canonical":"https:\/\/shopatoa.com\/ro\/plusone-ou-vibrator-2\/","og_locale":"ro_RO","og_type":"article","og_title":"PlusOne Ou vibrator - SHOPATOA.COM","og_description":"Mu\u0219chii pe care \u00eei utiliza\u021bi pentru a opri fluxul central de urin\u0103 sunt mu\u0219chii podelei pelviene. Prin introducerea unui ou care vibreaz\u0103 \u00een vagin, activa\u021bi aceia\u0219i mu\u0219chi \u00een acela\u0219i mod. Podeaua pelvian\u0103 este un grup de mu\u0219chi care se \u00eentinde ca o plas\u0103 de la osul pubian p\u00e2n\u0103 la coad\u0103. Sus\u021bine organele interne, cum ar...","og_url":"https:\/\/shopatoa.com\/ro\/plusone-ou-vibrator-2\/","og_site_name":"SHOPATOA","article_modified_time":"2025-12-13T11:15:52+00:00","og_image":[{"width":800,"height":800,"url":"https:\/\/storage.googleapis.com\/cz-shopatoa-img\/ro\/9d6aba44-unnamed-file.webp","type":"image\/webp"}],"twitter_card":"summary_large_image","twitter_misc":{"Timp estimat pentru citire":"1 minut"},"schema":{"@context":"https:\/\/schema.org","@graph":[{"@type":"WebPage","@id":"https:\/\/shopatoa.com\/ro\/plusone-ou-vibrator-2\/","url":"https:\/\/shopatoa.com\/ro\/plusone-ou-vibrator-2\/","name":"PlusOne Ou vibrator - SHOPATOA.COM","isPartOf":{"@id":"https:\/\/shopatoa.com\/ro\/#website"},"primaryImageOfPage":{"@id":"https:\/\/shopatoa.com\/ro\/plusone-ou-vibrator-2\/#primaryimage"},"image":{"@id":"https:\/\/shopatoa.com\/ro\/plusone-ou-vibrator-2\/#primaryimage"},"thumbnailUrl":"https:\/\/storage.googleapis.com\/cz-shopatoa-img\/ro\/9d6aba44-unnamed-file.webp","datePublished":"2025-05-22T07:14:15+00:00","dateModified":"2025-12-13T11:15:52+00:00","breadcrumb":{"@id":"https:\/\/shopatoa.com\/ro\/plusone-ou-vibrator-2\/#breadcrumb"},"inLanguage":"ro-RO","potentialAction":[{"@type":"ReadAction","target":["https:\/\/shopatoa.com\/ro\/plusone-ou-vibrator-2\/"]}]},{"@type":"ImageObject","inLanguage":"ro-RO","@id":"https:\/\/shopatoa.com\/ro\/plusone-ou-vibrator-2\/#primaryimage","url":"https:\/\/storage.googleapis.com\/cz-shopatoa-img\/ro\/9d6aba44-unnamed-file.webp","contentUrl":"https:\/\/storage.googleapis.com\/cz-shopatoa-img\/ro\/9d6aba44-unnamed-file.webp","width":800,"height":800},{"@type":"BreadcrumbList","@id":"https:\/\/shopatoa.com\/ro\/plusone-ou-vibrator-2\/#breadcrumb","itemListElement":[{"@type":"ListItem","position":1,"name":"Dom\u016f","item":"https:\/\/shopatoa.com\/ro\/"},{"@type":"ListItem","position":2,"name":"Shop","item":"https:\/\/shopatoa.com\/ro\/shop\/"},{"@type":"ListItem","position":3,"name":"Cosmetice","item":"https:\/\/shopatoa.com\/ro\/cosmetice\/"},{"@type":"ListItem","position":4,"name":"Produse cosmetice pentru corp","item":"https:\/\/shopatoa.com\/ro\/produse-cosmetice-pentru-corp\/"},{"@type":"ListItem","position":5,"name":"Juc\u0103rii sexy","item":"https:\/\/shopatoa.com\/ro\/jucarii-sexy\/"},{"@type":"ListItem","position":6,"name":"Juc\u0103rii si produse erotice","item":"https:\/\/shopatoa.com\/ro\/jucarii-si-produse-erotice\/"},{"@type":"ListItem","position":7,"name":"PlusOne Ou vibrator"}]},{"@type":"WebSite","@id":"https:\/\/shopatoa.com\/ro\/#website","url":"https:\/\/shopatoa.com\/ro\/","name":"SHOPATOA","description":"","publisher":{"@id":"https:\/\/shopatoa.com\/ro\/#organization"},"potentialAction":[{"@type":"SearchAction","target":{"@type":"EntryPoint","urlTemplate":"https:\/\/shopatoa.com\/ro\/?s={search_term_string}"},"query-input":{"@type":"PropertyValueSpecification","valueRequired":true,"valueName":"search_term_string"}}],"inLanguage":"ro-RO"},{"@type":"Organization","@id":"https:\/\/shopatoa.com\/ro\/#organization","name":"SHOPATOA","url":"https:\/\/shopatoa.com\/ro\/","logo":{"@type":"ImageObject","inLanguage":"ro-RO","@id":"https:\/\/shopatoa.com\/ro\/#\/schema\/logo\/image\/","url":"https:\/\/storage.googleapis.com\/cz-shopatoa-img\/ro\/b4dac915-shopatoa_logo.png","contentUrl":"https:\/\/storage.googleapis.com\/cz-shopatoa-img\/ro\/b4dac915-shopatoa_logo.png","width":416,"height":63,"caption":"SHOPATOA"},"image":{"@id":"https:\/\/shopatoa.com\/ro\/#\/schema\/logo\/image\/"}}]}},"_links":{"self":[{"href":"https:\/\/shopatoa.com\/ro\/wp-json\/wp\/v2\/product\/377757","targetHints":{"allow":["GET"]}}],"collection":[{"href":"https:\/\/shopatoa.com\/ro\/wp-json\/wp\/v2\/product"}],"about":[{"href":"https:\/\/shopatoa.com\/ro\/wp-json\/wp\/v2\/types\/product"}],"replies":[{"embeddable":true,"href":"https:\/\/shopatoa.com\/ro\/wp-json\/wp\/v2\/comments?post=377757"}],"wp:featuredmedia":[{"embeddable":true,"href":"https:\/\/shopatoa.com\/ro\/wp-json\/wp\/v2\/media\/377758"}],"wp:attachment":[{"href":"https:\/\/shopatoa.com\/ro\/wp-json\/wp\/v2\/media?parent=377757"}],"wp:term":[{"taxonomy":"product_brand","embeddable":true,"href":"https:\/\/shopatoa.com\/ro\/wp-json\/wp\/v2\/product_brand?post=377757"},{"taxonomy":"product_cat","embeddable":true,"href":"https:\/\/shopatoa.com\/ro\/wp-json\/wp\/v2\/product_cat?post=377757"},{"taxonomy":"product_tag","embeddable":true,"href":"https:\/\/shopatoa.com\/ro\/wp-json\/wp\/v2\/product_tag?post=377757"}],"curies":[{"name":"wp","href":"https:\/\/api.w.org\/{rel}","templated":true}]}}